{"id":502776,"date":"2023-11-23T09:58:19","date_gmt":"2023-11-23T08:58:19","guid":{"rendered":"https:\/\/locabarcelona.egluu.com\/?page_id=502776"},"modified":"2023-12-06T13:51:46","modified_gmt":"2023-12-06T12:51:46","slug":"eixample","status":"publish","type":"page","link":"https:\/\/locabarcelona.egluu.com\/ca\/lloguer-pisos\/eixample\/","title":{"rendered":"Lloguer De Pisos a l\u2019Eixample"},"content":{"rendered":"\t\t<div data-elementor-type=\"wp-page\" data-elementor-id=\"502776\" class=\"elementor elementor-502776 elementor-446681\" data-elementor-post-type=\"page\">\n\t\t\t\t\t\t<section class=\"elementor-section elementor-top-section elementor-element elementor-element-2fd2862a elementor-section-boxed elementor-section-height-default elementor-section-height-default\" data-id=\"2fd2862a\" data-element_type=\"section\">\n\t\t\t\t\t\t<div class=\"elementor-container elementor-column-gap-default\">\n\t\t\t\t\t<div class=\"elementor-column elementor-col-100 elementor-top-column elementor-element elementor-element-a3df5d7\" data-id=\"a3df5d7\" data-element_type=\"column\">\n\t\t\t<div class=\"elementor-widget-wrap elementor-element-populated\">\n\t\t\t\t\t\t<div class=\"elementor-element elementor-element-398c8d46 elementor-widget elementor-widget-text-editor\" data-id=\"398c8d46\" data-element_type=\"widget\" data-widget_type=\"text-editor.default\">\n\t\t\t\t<div class=\"elementor-widget-container\">\n\t\t\t\t\t\t\t<h2>Per qu\u00e8 hauries de llogar un pis a l&#8217;Eixample?<\/h2><p><a href=\"https:\/\/locabarcelona.egluu.com\/ca\/\">Loca Barcelona<\/a> ofereix una gamma \u00fanica de <strong>pisos en lloguer a l&#8217;Eixample<\/strong>, com apartaments moderns i espaiosos de lloguer de 2 habitacions, en els quals s&#8217;han mantingut caracter\u00edstiques aut\u00e8ntiques, com els taulells de mosaic. Els edificis de l&#8217;Eixample s\u00f3n famosos per les seves belles fa\u00e7anes i els seus luxosos pisos amb sostres alts. En aquesta zona es poden trobar propietats molt sol\u00b7licitades, com <strong>pisos renovats amb terrasses i pisos amb balcons<\/strong>.<\/p><p>L&#8217;Eixample \u00e9s una de les millors zones per a viure a Barcelona, per la seva c\u00e8ntrica ubicaci\u00f3 i les seves comoditats. Aquest districte tamb\u00e9 \u00e9s conegut per la seva excel\u00b7lent escena culin\u00e0ria local, amb restaurants guardonats i bars extravagants com Hemingway Gin &amp; Cocktail Bar i Dry Martini. A l&#8217;Eixample tamb\u00e9 es troba l&#8217;elegant avinguda comercial <strong>Passeig de Gr\u00e0cia<\/strong>, on hi ha nombroses botigues de disseny com Max Mara, Versace o Maje.<\/p><p>El barri \u00e9s ideal si desitges viure en una zona plena de meravelles arquitect\u00f2niques. De fet, la zona de l&#8217;Eixample \u00e9s coneguda mundialment pels seus monuments modernistes com la <strong>Casa Batll\u00f3, la Pedrera o la Casa Cavalet i la Sagrada Fam\u00edlia<\/strong>, dissenyats per Gaud\u00ed.<\/p><p>Encara que \u00e9s rica en atraccions tur\u00edstiques i restaurants, l&#8217;Eixample \u00e9s una de les zones m\u00e9s tranquil\u00b7les de Barcelona. Tamb\u00e9 est\u00e0 molt ben comunicada per transport p\u00fablic, i es pot arribar a l&#8217;aeroport de Barcelona en 20 minuts aproximadament. A m\u00e9s, es troba prop de la principal estaci\u00f3 de tren de Barcelona, l&#8217;estaci\u00f3 de Sants, no gaire lluny d&#8217;aquesta zona. Els barris ve\u00efns de <strong>Ciutat Vella<\/strong>, <strong>Gr\u00e0cia i Horta Guinard\u00f3<\/strong> tamb\u00e9 s\u00f3n f\u00e0cilment accessibles.<\/p><h2>Quins s\u00f3n els avantatges de llogar un pis a l&#8217;Eixample?<\/h2><p>Dissenyat en 1859 per Ildefons Cerd\u00e0 com una extensi\u00f3 de la ciutat original de Barcelona, l&#8217;Eixample \u00e9s un gran barri estructurat per una quadr\u00edcula de grans avingudes verdes i assolellades, que ofereix una sensaci\u00f3 de llibertat molt agradable. La zona es diferencia de la resta de la ciutat, no solament per la seva singular estructura quadriculada, sin\u00f3 tamb\u00e9 per les seves espectaculars fa\u00e7anes modernistes i el seu singular encant. Pots trobar una \u00e0mplia gamma de pisos d\u00faplexs i de <strong>3 habitacions en lloguer<\/strong> a l&#8217;Eixample.<\/p><p>L&#8217;\u00e0rea est\u00e0 dividida en 4 zones:<\/p><h3>Eixample Dreta<\/h3><p>Aquesta exclusiva zona consta de molts col\u00b7legis internacionals, aix\u00ed com el fam\u00f3s Passeig de Gr\u00e0cia, l&#8217;avinguda comercial de luxe de la ciutat. Tamb\u00e9 trobar\u00e0s molts tipus de restaurants per a tots els gustos i pressupostos. Aquest \u00e9s un bon lloc per a buscar si vols llogar un pis amb terrassa.<\/p><h3>L\u2019Antiga Esquerra<\/h3><p>L\u2019antiga Esquerra \u00e9s la part m\u00e9s antiga de la zona, i \u00e9s especialment coneguda per les seves nombroses botigues i la seva vida nocturna. Tamb\u00e9 cont\u00e9 el barri LGTBI de Barcelona.<\/p><h3>Sagrada Fam\u00edlia<\/h3><p>En aquesta zona es troba el fam\u00f3s monument de la Sagrada Fam\u00edlia. Aqu\u00ed trobar\u00e0s una gran varietat de pisos en lloguer a l&#8217;Eixample al costat d\u2019aquesta gran obra arquitect\u00f3nica.<\/p><h3>Nova Esquerra<\/h3><p>La zona \u00e9s ideal per a trobar un <strong>pis de lloguer a Barcelona<\/strong>, ja sigui a curt o <a href=\"https:\/\/locabarcelona.egluu.com\/ca\/property-status\/lloguer-de-llarga-estada\/\">llarg termini<\/a>.<\/p><p>La Nova Esquerra tamb\u00e9 es troba a poca dist\u00e0ncia de l&#8217;estaci\u00f3 de tren de Sants, la qual cosa \u00e9s molt convenient per a viatjar dins d&#8217;Espanya o a l&#8217;estranger.<\/p><h3>Sant Antoni<\/h3><p>Sant Antoni \u00e9s la zona m\u00e9s moderna de la ciutat. Aqu\u00ed trobar\u00e0s molts pisos barats en lloguer, aix\u00ed com lloguers moblats a llarg termini i <a href=\"https:\/\/locabarcelona.egluu.com\/ca\/property-status\/lloguer-de-temporada\/\">lloguers de temporada.<\/a><\/p><h3>El Fort Pienc<\/h3><p>Aquesta zona \u00e9s probablement la m\u00e9s petita de l&#8217;Eixample i \u00e9s coneguda per albergar molts dels llocs emblem\u00e0tics de la ciutat. Aquesta zona est\u00e0 a pocs passos del fam\u00f3s Arc de Triomf, perfecte si vols viure entre la platja i el centre de la ciutat.<\/p><p>Troba ara el teu pis de lloguer a l&#8217;Eixample!<\/p>\t\t\t\t\t\t<\/div>\n\t\t\t\t<\/div>\n\t\t\t\t\t<\/div>\n\t\t<\/div>\n\t\t\t\t\t<\/div>\n\t\t<\/section>\n\t\t<div class=\"elementor-element elementor-element-2a9a4cc e-flex e-con-boxed e-con e-parent\" data-id=\"2a9a4cc\" data-element_type=\"container\">\n\t\t\t\t\t<div class=\"e-con-inner\">\n\t\t\t\t<div class=\"elementor-element elementor-element-d894a79 elementor-widget elementor-widget-template\" data-id=\"d894a79\" data-element_type=\"widget\" data-widget_type=\"template.default\">\n\t\t\t\t<div class=\"elementor-widget-container\">\n\t\t\t\t\t<div class=\"elementor-template\">\n\t\t\t\t\t<div data-elementor-type=\"section\" data-elementor-id=\"505205\" class=\"elementor elementor-505205\" data-elementor-post-type=\"elementor_library\">\n\t\t\t\t\t<section class=\"elementor-section elementor-top-section elementor-element elementor-element-4110c1e8 elementor-section-boxed elementor-section-height-default elementor-section-height-default\" data-id=\"4110c1e8\" data-element_type=\"section\">\n\t\t\t\t\t\t<div class=\"elementor-container elementor-column-gap-default\">\n\t\t\t\t\t<div class=\"elementor-column elementor-col-100 elementor-top-column elementor-element elementor-element-13193eda\" data-id=\"13193eda\" data-element_type=\"column\">\n\t\t\t<div class=\"elementor-widget-wrap elementor-element-populated\">\n\t\t\t\t\t\t<div class=\"elementor-element elementor-element-7a37c6cb elementor-widget elementor-widget-heading\" data-id=\"7a37c6cb\" data-element_type=\"widget\" data-widget_type=\"heading.default\">\n\t\t\t\t<div class=\"elementor-widget-container\">\n\t\t\t<h2 class=\"elementor-heading-title elementor-size-default\">Cerques freq\u00fcents<\/h2>\t\t<\/div>\n\t\t\t\t<\/div>\n\t\t\t\t\t<\/div>\n\t\t<\/div>\n\t\t\t\t\t<\/div>\n\t\t<\/section>\n\t\t\t\t<\/div>\n\t\t\t\t<\/div>\n\t\t\t\t<\/div>\n\t\t\t\t<\/div>\n\t\t\t\t\t<\/div>\n\t\t\t\t<\/div>\n\t\t<div class=\"elementor-element elementor-element-1adc049 e-flex e-con-boxed e-con e-parent\" data-id=\"1adc049\" data-element_type=\"container\">\n\t\t\t\t\t<div class=\"e-con-inner\">\n\t\t\t\t<div class=\"elementor-element elementor-element-37aacda elementor-widget elementor-widget-template\" data-id=\"37aacda\" data-element_type=\"widget\" data-widget_type=\"template.default\">\n\t\t\t\t<div class=\"elementor-widget-container\">\n\t\t\t\t\t<div class=\"elementor-template\">\n\t\t\t\t\t<div data-elementor-type=\"section\" data-elementor-id=\"505202\" class=\"elementor elementor-505202\" data-elementor-post-type=\"elementor_library\">\n\t\t\t\t\t<section class=\"elementor-section elementor-top-section elementor-element elementor-element-32ed3dff elementor-section-boxed elementor-section-height-default elementor-section-height-default\" data-id=\"32ed3dff\" data-element_type=\"section\">\n\t\t\t\t\t\t<div class=\"elementor-container elementor-column-gap-default\">\n\t\t\t\t\t<div class=\"elementor-column elementor-col-50 elementor-top-column elementor-element elementor-element-5ebef740\" data-id=\"5ebef740\" data-element_type=\"column\">\n\t\t\t<div class=\"elementor-widget-wrap elementor-element-populated\">\n\t\t\t\t\t\t<div class=\"elementor-element elementor-element-1d7c6e8d elementor-widget elementor-widget-text-editor\" data-id=\"1d7c6e8d\" data-element_type=\"widget\" data-widget_type=\"text-editor.default\">\n\t\t\t\t<div class=\"elementor-widget-container\">\n\t\t\t\t\t\t\t<p>Pisos d&#8217;estudiants<\/p><p>Pisos per compartir<\/p><p>Pisos de lloguer moblats<\/p><p>Estudi de lloguer<\/p>\t\t\t\t\t\t<\/div>\n\t\t\t\t<\/div>\n\t\t\t\t\t<\/div>\n\t\t<\/div>\n\t\t\t\t<div class=\"elementor-column elementor-col-50 elementor-top-column elementor-element elementor-element-1348ec33\" data-id=\"1348ec33\" data-element_type=\"column\">\n\t\t\t<div class=\"elementor-widget-wrap elementor-element-populated\">\n\t\t\t\t\t\t<div class=\"elementor-element elementor-element-293c3717 elementor-widget elementor-widget-text-editor\" data-id=\"293c3717\" data-element_type=\"widget\" data-widget_type=\"text-editor.default\">\n\t\t\t\t<div class=\"elementor-widget-container\">\n\t\t\t\t\t\t\t<p>Pis amb terrassa<\/p><p>Pis amb \u00e1tic<\/p><p>Pisos de 2 habitacions<\/p><p>Pisos de 3 habitacions<\/p>\t\t\t\t\t\t<\/div>\n\t\t\t\t<\/div>\n\t\t\t\t\t<\/div>\n\t\t<\/div>\n\t\t\t\t\t<\/div>\n\t\t<\/section>\n\t\t\t\t<\/div>\n\t\t\t\t<\/div>\n\t\t\t\t<\/div>\n\t\t\t\t<\/div>\n\t\t\t\t\t<\/div>\n\t\t\t\t<\/div>\n\t\t<div class=\"elementor-element elementor-element-033af5f e-flex e-con-boxed e-con e-parent\" data-id=\"033af5f\" data-element_type=\"container\">\n\t\t\t\t\t<div class=\"e-con-inner\">\n\t\t\t\t<div class=\"elementor-element elementor-element-60b8ba8 elementor-widget elementor-widget-template\" data-id=\"60b8ba8\" data-element_type=\"widget\" data-widget_type=\"template.default\">\n\t\t\t\t<div class=\"elementor-widget-container\">\n\t\t\t\t\t<div class=\"elementor-template\">\n\t\t\t\t\t<div data-elementor-type=\"section\" data-elementor-id=\"503025\" class=\"elementor elementor-503025\" data-elementor-post-type=\"elementor_library\">\n\t\t\t\t\t<section class=\"elementor-section elementor-top-section elementor-element elementor-element-20934a28 elementor-section-boxed elementor-section-height-default elementor-section-height-default\" data-id=\"20934a28\" data-element_type=\"section\">\n\t\t\t\t\t\t<div class=\"elementor-container elementor-column-gap-default\">\n\t\t\t\t\t<div class=\"elementor-column elementor-col-100 elementor-top-column elementor-element elementor-element-491e3794\" data-id=\"491e3794\" data-element_type=\"column\">\n\t\t\t<div class=\"elementor-widget-wrap elementor-element-populated\">\n\t\t\t\t\t\t<div class=\"elementor-element elementor-element-42f3eb2e elementor-widget elementor-widget-heading\" data-id=\"42f3eb2e\" data-element_type=\"widget\" data-widget_type=\"heading.default\">\n\t\t\t\t<div class=\"elementor-widget-container\">\n\t\t\t<h2 class=\"elementor-heading-title elementor-size-default\">Pisos de lloguer per districte\n<\/h2>\t\t<\/div>\n\t\t\t\t<\/div>\n\t\t\t\t\t<\/div>\n\t\t<\/div>\n\t\t\t\t\t<\/div>\n\t\t<\/section>\n\t\t\t\t<\/div>\n\t\t\t\t<\/div>\n\t\t\t\t<\/div>\n\t\t\t\t<\/div>\n\t\t\t\t\t<\/div>\n\t\t\t\t<\/div>\n\t\t<div class=\"elementor-element elementor-element-263d765 e-flex e-con-boxed e-con e-parent\" data-id=\"263d765\" data-element_type=\"container\">\n\t\t\t\t\t<div class=\"e-con-inner\">\n\t\t\t\t<div class=\"elementor-element elementor-element-a79527c elementor-widget elementor-widget-template\" data-id=\"a79527c\" data-element_type=\"widget\" data-widget_type=\"template.default\">\n\t\t\t\t<div class=\"elementor-widget-container\">\n\t\t\t\t\t<div class=\"elementor-template\">\n\t\t\t\t\t<div data-elementor-type=\"section\" data-elementor-id=\"503028\" class=\"elementor elementor-503028\" data-elementor-post-type=\"elementor_library\">\n\t\t\t\t\t<section class=\"elementor-section elementor-top-section elementor-element elementor-element-23b61a6e elementor-section-boxed elementor-section-height-default elementor-section-height-default\" data-id=\"23b61a6e\" data-element_type=\"section\">\n\t\t\t\t\t\t<div class=\"elementor-container elementor-column-gap-default\">\n\t\t\t\t\t<div class=\"elementor-column elementor-col-50 elementor-top-column elementor-element elementor-element-7d34eead\" data-id=\"7d34eead\" data-element_type=\"column\">\n\t\t\t<div class=\"elementor-widget-wrap elementor-element-populated\">\n\t\t\t\t\t\t<div class=\"elementor-element elementor-element-2077e878 elementor-widget elementor-widget-text-editor\" data-id=\"2077e878\" data-element_type=\"widget\" data-widget_type=\"text-editor.default\">\n\t\t\t\t<div class=\"elementor-widget-container\">\n\t\t\t\t\t\t\t<p><a href=\"https:\/\/locabarcelona.egluu.com\/ca\/lloguer-pisos\/eixample\/\">Pisos de lloguer a l&#8217;Eixample<\/a><br \/>Pisos de lloguer a Eixample Dreta<br \/>Pisos de lloguer a l&#8217;Antiga Esquerra de l&#8217;Eixample<br \/>Pisos de lloguer Nova Esquerra de l&#8217;Eixample<br \/>Pisos de lloguer a Fort Pienc<br \/><a href=\"https:\/\/locabarcelona.egluu.com\/ca\/lloguer-pisos\/sagrada-familia\/\">Pisos de lloguer a la Sagrada Fam\u00edlia<\/a><br \/><a href=\"https:\/\/locabarcelona.egluu.com\/ca\/lloguer-pisos\/sant-antoni\/\">Pisos de lloguer a Sant antoni<\/a><br \/><a href=\"https:\/\/locabarcelona.egluu.com\/ca\/lloguer-pisos\/ciutat-vella\/\">Pisos de lloguer a Ciutat Vella<\/a><br \/><a href=\"https:\/\/locabarcelona.egluu.com\/ca\/lloguer-pisos\/barri-gotic\/\">Pisos de lloguer en el G\u00f3tic<\/a><br \/><a href=\"https:\/\/locabarcelona.egluu.com\/ca\/lloguer-pisos\/el-raval\/\">Pisos de lloguer en el Raval<\/a><br \/><a href=\"https:\/\/locabarcelona.egluu.com\/ca\/lloguer-pisos\/el-born\/\">Pisos de lloguer en el Born<\/a><br \/><a href=\"https:\/\/locabarcelona.egluu.com\/ca\/lloguer-pisos\/la-barceloneta\/\">Pisos de lloguer a Barceloneta<\/a><br \/><a href=\"https:\/\/locabarcelona.egluu.com\/ca\/lloguer-pisos\/sants-montjuic\/\">Pisos de lloguer a Sants-Montju\u00efc<\/a><br \/><a href=\"https:\/\/locabarcelona.egluu.com\/ca\/lloguer-pisos\/poble-sec\/\">Pisos de lloguer a Poble Sec<\/a><br \/>Pisos de lloguer a Sants<br \/>Pisos de lloguer en El Putxet i Farr\u00f3<br \/>Pisos de lloguer en Les Tres Torres<br \/>Pisos de lloguer a Montju\u00efc<\/p>\t\t\t\t\t\t<\/div>\n\t\t\t\t<\/div>\n\t\t\t\t\t<\/div>\n\t\t<\/div>\n\t\t\t\t<div class=\"elementor-column elementor-col-50 elementor-top-column elementor-element elementor-element-2440c647\" data-id=\"2440c647\" data-element_type=\"column\">\n\t\t\t<div class=\"elementor-widget-wrap elementor-element-populated\">\n\t\t\t\t\t\t<div class=\"elementor-element elementor-element-7395001f elementor-widget elementor-widget-text-editor\" data-id=\"7395001f\" data-element_type=\"widget\" data-widget_type=\"text-editor.default\">\n\t\t\t\t<div class=\"elementor-widget-container\">\n\t\t\t\t\t\t\t<p><a href=\"https:\/\/locabarcelona.egluu.com\/ca\/lloguer-pisos\/les-corts\/\">Pisos de lloguer a les Corts<\/a><br \/><a href=\"https:\/\/locabarcelona.egluu.com\/ca\/lloguer-pisos\/pedralbes\/\">Pisos de lloguer a Pedralbes<\/a><br \/><a href=\"https:\/\/locabarcelona.egluu.com\/ca\/lloguer-pisos\/sarria-sant-gervasi\/\">Pisos de lloguer a Sarri\u00e0 Sant Gervasi<\/a><br \/><a href=\"https:\/\/locabarcelona.egluu.com\/ca\/lloguer-pisos\/sarria\/\">Pisos de lloguer a Sarri\u00e0<\/a><br \/><a href=\"https:\/\/locabarcelona.egluu.com\/ca\/lloguer-pisos\/gracia\/\">Pisos de lloguer a Gr\u00e0cia<\/a><br \/>Pisos de lloguer a Vila de Gr\u00e0cia<br \/><a href=\"https:\/\/locabarcelona.egluu.com\/ca\/lloguer-pisos\/horta-guinardo\/\">Pisos de lloguer a Horta Guinard\u00f3<\/a><br \/><a href=\"https:\/\/locabarcelona.egluu.com\/ca\/lloguer-pisos\/nou-barris\/\">Pisos de lloguer a Nou Barris<\/a><br \/>Pisos de lloguer a Sant Andreu<br \/><a href=\"https:\/\/locabarcelona.egluu.com\/ca\/lloguer-pisos\/sant-marti\/\">Pisos de lloguer a Sant Mart\u00ed<\/a><br \/><a href=\"https:\/\/locabarcelona.egluu.com\/ca\/lloguer-pisos\/el-clot\/\">Pisos de lloguer en el Clot<\/a><br \/>Pisos de lloguer a La Vila Ol\u00edmpica del Poblenou<br \/><a href=\"https:\/\/locabarcelona.egluu.com\/ca\/lloguer-pisos\/poblenou\/\">Pisos de lloguer a Poblenou<\/a><br \/><a href=\"https:\/\/locabarcelona.egluu.com\/ca\/lloguer-pisos\/diagonal-mar\/\">Pisos de lloguer a Diagonal Mar<\/a><br \/>Pisos de lloguer a Sant Gervasi \u2013 la Bonanova<br \/>Pisos de lloguer a Sant Gervasi Galvany<br \/><a href=\"https:\/\/locabarcelona.egluu.com\/ca\/lloguer-pisos\/zona-franca\/\">Pisos de lloguer a Zona Franca<\/a><br \/>Pisos de lloguer a Sants Badal<\/p>\t\t\t\t\t\t<\/div>\n\t\t\t\t<\/div>\n\t\t\t\t\t<\/div>\n\t\t<\/div>\n\t\t\t\t\t<\/div>\n\t\t<\/section>\n\t\t\t\t<\/div>\n\t\t\t\t<\/div>\n\t\t\t\t<\/div>\n\t\t\t\t<\/div>\n\t\t\t\t\t<\/div>\n\t\t\t\t<\/div>\n\t\t\t\t<\/div>\n\t\t","protected":false},"excerpt":{"rendered":"<p>Per qu\u00e8 hauries de llogar un pis a l&#8217;Eixample? Loca Barcelona ofereix una gamma \u00fanica de pisos en lloguer a l&#8217;Eixample, com apartaments moderns i espaiosos de lloguer de 2 habitacions, en els quals s&#8217;han mantingut caracter\u00edstiques aut\u00e8ntiques, com els taulells de mosaic. Els edificis de l&#8217;Eixample s\u00f3n famosos per les seves belles fa\u00e7anes i&#8230;<\/p>\n","protected":false},"author":344,"featured_media":0,"parent":502792,"menu_order":0,"comment_status":"closed","ping_status":"closed","template":"templates\/list-layout.php","meta":{"inline_featured_image":false,"footnotes":""},"yoast_head":"<!-- This site is optimized with the Yoast SEO Premium plugin v22.6 (Yoast SEO v22.6) - https:\/\/yoast.com\/wordpress\/plugins\/seo\/ -->\n<title>Lloguer De Pisos a l\u2019Eixample Barcelona | Loca Barcelona<\/title>\n<meta name=\"description\" content=\"Cerques un lloguer de pisos a l&#039;Eixample? Descobreix tot el que necessites saber sobre el lloguer a l&#039;Eixample amb Loca Barcelona. Escull ja el teu allotjament!\" \/>\n<meta name=\"robots\" content=\"noindex, follow, max-snippet:-1, max-image-preview:large, max-video-preview:-1\" \/>\n<meta property=\"og:locale\" content=\"ca_ES\" \/>\n<meta property=\"og:type\" content=\"article\" \/>\n<meta property=\"og:title\" content=\"Lloguer De Pisos a l\u2019Eixample Barcelona | Loca Barcelona\" \/>\n<meta property=\"og:description\" content=\"Cerques un lloguer de pisos a l&#039;Eixample? Descobreix tot el que necessites saber sobre el lloguer a l&#039;Eixample amb Loca Barcelona. Escull ja el teu allotjament!\" \/>\n<meta property=\"og:url\" content=\"https:\/\/locabarcelona.egluu.com\/ca\/lloguer-pisos\/eixample\/\" \/>\n<meta property=\"og:site_name\" content=\"Locabarcelona\" \/>\n<meta property=\"article:modified_time\" content=\"2023-12-06T12:51:46+00:00\" \/>\n<meta name=\"twitter:card\" content=\"summary_large_image\" \/>\n<meta name=\"twitter:label1\" content=\"Est. reading time\" \/>\n\t<meta name=\"twitter:data1\" content=\"7 minuts\" \/>\n<script type=\"application\/ld+json\" class=\"yoast-schema-graph\">{\"@context\":\"https:\/\/schema.org\",\"@graph\":[{\"@type\":\"WebPage\",\"@id\":\"https:\/\/locabarcelona.egluu.com\/ca\/lloguer-pisos\/eixample\/\",\"url\":\"https:\/\/locabarcelona.egluu.com\/ca\/lloguer-pisos\/eixample\/\",\"name\":\"Lloguer De Pisos a l\u2019Eixample Barcelona | Loca Barcelona\",\"isPartOf\":{\"@id\":\"https:\/\/locabarcelona.egluu.com\/ca\/#website\"},\"datePublished\":\"2023-11-23T08:58:19+00:00\",\"dateModified\":\"2023-12-06T12:51:46+00:00\",\"description\":\"Cerques un lloguer de pisos a l'Eixample? Descobreix tot el que necessites saber sobre el lloguer a l'Eixample amb Loca Barcelona. Escull ja el teu allotjament!\",\"breadcrumb\":{\"@id\":\"https:\/\/locabarcelona.egluu.com\/ca\/lloguer-pisos\/eixample\/#breadcrumb\"},\"inLanguage\":\"ca\",\"potentialAction\":[{\"@type\":\"ReadAction\",\"target\":[\"https:\/\/locabarcelona.egluu.com\/ca\/lloguer-pisos\/eixample\/\"]}]},{\"@type\":\"BreadcrumbList\",\"@id\":\"https:\/\/locabarcelona.egluu.com\/ca\/lloguer-pisos\/eixample\/#breadcrumb\",\"itemListElement\":[{\"@type\":\"ListItem\",\"position\":1,\"name\":\"Inicio\",\"item\":\"https:\/\/www.locabarcelona.com\/ca\/home\/\"},{\"@type\":\"ListItem\",\"position\":2,\"name\":\"Ag\u00e8ncia De Lloguer De Pisos A Barcelona\",\"item\":\"https:\/\/www.locabarcelona.com\/ca\/lloguer-pisos\/\"},{\"@type\":\"ListItem\",\"position\":3,\"name\":\"Lloguer De Pisos a l\u2019Eixample\"}]},{\"@type\":\"WebSite\",\"@id\":\"https:\/\/locabarcelona.egluu.com\/ca\/#website\",\"url\":\"https:\/\/locabarcelona.egluu.com\/ca\/\",\"name\":\"Loca Barcelona\",\"description\":\"Real Estate Services\",\"publisher\":{\"@id\":\"https:\/\/locabarcelona.egluu.com\/ca\/#organization\"},\"potentialAction\":[{\"@type\":\"SearchAction\",\"target\":{\"@type\":\"EntryPoint\",\"urlTemplate\":\"https:\/\/locabarcelona.egluu.com\/ca\/?s={search_term_string}\"},\"query-input\":\"required name=search_term_string\"}],\"inLanguage\":\"ca\"},{\"@type\":\"Organization\",\"@id\":\"https:\/\/locabarcelona.egluu.com\/ca\/#organization\",\"name\":\"Loca Barcelona\",\"url\":\"https:\/\/locabarcelona.egluu.com\/ca\/\",\"logo\":{\"@type\":\"ImageObject\",\"inLanguage\":\"ca\",\"@id\":\"https:\/\/locabarcelona.egluu.com\/ca\/#\/schema\/logo\/image\/\",\"url\":\"https:\/\/locabarcelona.egluu.com\/wp-content\/uploads\/2021\/10\/logo_locabarcelona_small.png\",\"contentUrl\":\"https:\/\/locabarcelona.egluu.com\/wp-content\/uploads\/2021\/10\/logo_locabarcelona_small.png\",\"width\":250,\"height\":149,\"caption\":\"Loca Barcelona\"},\"image\":{\"@id\":\"https:\/\/locabarcelona.egluu.com\/ca\/#\/schema\/logo\/image\/\"}}]}<\/script>\n<!-- \/ Yoast SEO Premium plugin. -->","yoast_head_json":{"title":"Lloguer De Pisos a l\u2019Eixample Barcelona | Loca Barcelona","description":"Cerques un lloguer de pisos a l'Eixample? Descobreix tot el que necessites saber sobre el lloguer a l'Eixample amb Loca Barcelona. Escull ja el teu allotjament!","robots":{"index":"noindex","follow":"follow","max-snippet":"max-snippet:-1","max-image-preview":"max-image-preview:large","max-video-preview":"max-video-preview:-1"},"og_locale":"ca_ES","og_type":"article","og_title":"Lloguer De Pisos a l\u2019Eixample Barcelona | Loca Barcelona","og_description":"Cerques un lloguer de pisos a l'Eixample? Descobreix tot el que necessites saber sobre el lloguer a l'Eixample amb Loca Barcelona. Escull ja el teu allotjament!","og_url":"https:\/\/locabarcelona.egluu.com\/ca\/lloguer-pisos\/eixample\/","og_site_name":"Locabarcelona","article_modified_time":"2023-12-06T12:51:46+00:00","twitter_card":"summary_large_image","twitter_misc":{"Est. reading time":"7 minuts"},"schema":{"@context":"https:\/\/schema.org","@graph":[{"@type":"WebPage","@id":"https:\/\/locabarcelona.egluu.com\/ca\/lloguer-pisos\/eixample\/","url":"https:\/\/locabarcelona.egluu.com\/ca\/lloguer-pisos\/eixample\/","name":"Lloguer De Pisos a l\u2019Eixample Barcelona | Loca Barcelona","isPartOf":{"@id":"https:\/\/locabarcelona.egluu.com\/ca\/#website"},"datePublished":"2023-11-23T08:58:19+00:00","dateModified":"2023-12-06T12:51:46+00:00","description":"Cerques un lloguer de pisos a l'Eixample? Descobreix tot el que necessites saber sobre el lloguer a l'Eixample amb Loca Barcelona. Escull ja el teu allotjament!","breadcrumb":{"@id":"https:\/\/locabarcelona.egluu.com\/ca\/lloguer-pisos\/eixample\/#breadcrumb"},"inLanguage":"ca","potentialAction":[{"@type":"ReadAction","target":["https:\/\/locabarcelona.egluu.com\/ca\/lloguer-pisos\/eixample\/"]}]},{"@type":"BreadcrumbList","@id":"https:\/\/locabarcelona.egluu.com\/ca\/lloguer-pisos\/eixample\/#breadcrumb","itemListElement":[{"@type":"ListItem","position":1,"name":"Inicio","item":"https:\/\/www.locabarcelona.com\/ca\/home\/"},{"@type":"ListItem","position":2,"name":"Ag\u00e8ncia De Lloguer De Pisos A Barcelona","item":"https:\/\/www.locabarcelona.com\/ca\/lloguer-pisos\/"},{"@type":"ListItem","position":3,"name":"Lloguer De Pisos a l\u2019Eixample"}]},{"@type":"WebSite","@id":"https:\/\/locabarcelona.egluu.com\/ca\/#website","url":"https:\/\/locabarcelona.egluu.com\/ca\/","name":"Loca Barcelona","description":"Real Estate Services","publisher":{"@id":"https:\/\/locabarcelona.egluu.com\/ca\/#organization"},"potentialAction":[{"@type":"SearchAction","target":{"@type":"EntryPoint","urlTemplate":"https:\/\/locabarcelona.egluu.com\/ca\/?s={search_term_string}"},"query-input":"required name=search_term_string"}],"inLanguage":"ca"},{"@type":"Organization","@id":"https:\/\/locabarcelona.egluu.com\/ca\/#organization","name":"Loca Barcelona","url":"https:\/\/locabarcelona.egluu.com\/ca\/","logo":{"@type":"ImageObject","inLanguage":"ca","@id":"https:\/\/locabarcelona.egluu.com\/ca\/#\/schema\/logo\/image\/","url":"https:\/\/locabarcelona.egluu.com\/wp-content\/uploads\/2021\/10\/logo_locabarcelona_small.png","contentUrl":"https:\/\/locabarcelona.egluu.com\/wp-content\/uploads\/2021\/10\/logo_locabarcelona_small.png","width":250,"height":149,"caption":"Loca Barcelona"},"image":{"@id":"https:\/\/locabarcelona.egluu.com\/ca\/#\/schema\/logo\/image\/"}}]}},"_links":{"self":[{"href":"https:\/\/locabarcelona.egluu.com\/ca\/wp-json\/wp\/v2\/pages\/502776"}],"collection":[{"href":"https:\/\/locabarcelona.egluu.com\/ca\/wp-json\/wp\/v2\/pages"}],"about":[{"href":"https:\/\/locabarcelona.egluu.com\/ca\/wp-json\/wp\/v2\/types\/page"}],"author":[{"embeddable":true,"href":"https:\/\/locabarcelona.egluu.com\/ca\/wp-json\/wp\/v2\/users\/344"}],"replies":[{"embeddable":true,"href":"https:\/\/locabarcelona.egluu.com\/ca\/wp-json\/wp\/v2\/comments?post=502776"}],"version-history":[{"count":0,"href":"https:\/\/locabarcelona.egluu.com\/ca\/wp-json\/wp\/v2\/pages\/502776\/revisions"}],"up":[{"embeddable":true,"href":"https:\/\/locabarcelona.egluu.com\/ca\/wp-json\/wp\/v2\/pages\/502792"}],"wp:attachment":[{"href":"https:\/\/locabarcelona.egluu.com\/ca\/wp-json\/wp\/v2\/media?parent=502776"}],"curies":[{"name":"wp","href":"https:\/\/api.w.org\/{rel}","templated":true}]}}