{"id":502786,"date":"2023-11-23T10:36:07","date_gmt":"2023-11-23T09:36:07","guid":{"rendered":"https:\/\/locabarcelona.egluu.com\/?page_id=502786"},"modified":"2023-11-23T10:58:00","modified_gmt":"2023-11-23T09:58:00","slug":"ciutat-vella","status":"publish","type":"page","link":"https:\/\/locabarcelona.egluu.com\/ca\/lloguer-pisos\/ciutat-vella\/","title":{"rendered":"Lloguer De Pisos A Ciutat Vella"},"content":{"rendered":"\t\t<div data-elementor-type=\"wp-page\" data-elementor-id=\"502786\" class=\"elementor elementor-502786 elementor-447633\" data-elementor-post-type=\"page\">\n\t\t\t\t\t\t<section class=\"elementor-section elementor-top-section elementor-element elementor-element-20b5b00c elementor-section-boxed elementor-section-height-default elementor-section-height-default\" data-id=\"20b5b00c\" data-element_type=\"section\">\n\t\t\t\t\t\t<div class=\"elementor-container elementor-column-gap-default\">\n\t\t\t\t\t<div class=\"elementor-column elementor-col-100 elementor-top-column elementor-element elementor-element-555aaf34\" data-id=\"555aaf34\" data-element_type=\"column\">\n\t\t\t<div class=\"elementor-widget-wrap elementor-element-populated\">\n\t\t\t\t\t\t<div class=\"elementor-element elementor-element-69bbfc21 elementor-widget elementor-widget-text-editor\" data-id=\"69bbfc21\" data-element_type=\"widget\" data-widget_type=\"text-editor.default\">\n\t\t\t\t<div class=\"elementor-widget-container\">\n\t\t\t\t\t\t\t<h2>Per qu\u00e8 hauries de llogar un pis a Ciutat Vella?<\/h2><p>A <a href=\"https:\/\/locabarcelona.egluu.com\/ca\/\">Loca Barcelona<\/a> brindem pisos en lloguer a Barcelona, especialment a Ciutat Vella <a href=\"https:\/\/locabarcelona.egluu.com\/ca\/property-status\/lloguer-de-temporada\/\">tant a curt<\/a> com a <a href=\"https:\/\/locabarcelona.egluu.com\/ca\/property-status\/lloguer-de-llarga-estada\/\">llarg termini<\/a>, rigorosament seleccionats per a satisfer les exig\u00e8ncies dels nostres clients. En aquest l&#8217;emblem\u00e0tic districte encara es percep l&#8217;ambient medieval de l&#8217;antiga Ciutat Comtal. Les propietats que oferim estan situades en el centre hist\u00f2ric de la ciutat, com ho s\u00f3n els barris <strong>El Raval, Barri G\u00f2tic, Sant Pere-Santa Caterina i la Ribera, i la mar\u00edtima Barceloneta<\/strong>.<\/p><p><strong>Els pisos en lloguer a Ciutat Vella<\/strong> estan moblats i completament equipats amb cuines i tots els seus accessoris. D&#8217;igual manera, pots triar pisos totalment buits o parcialment equipats: tots amb senyal de Wifi i amb l&#8217;atenci\u00f3 i servei de gesti\u00f3 de la millor ag\u00e8ncia immobili\u00e0ria de Ciutat Vella.<\/p><p>No dubtis <a href=\"https:\/\/locabarcelona.egluu.com\/ca\/sobre-nosaltres\/contactans\/\">en contactar<\/a> amb la nostra ag\u00e8ncia immobili\u00e0ria de Ciutat Vella. Tens la possibilitat de triar la propietat que m\u00e9s et convingui: oferim estudis, pisos, \u00e0tics i altres propietats. A m\u00e9s, dediquem tot el suport i assessorament necessari perqu\u00e8 mai et sentis sol en les teves decisions.<\/p><h3>Hist\u00f2ria, cultura, encant i diversitat cosmopolita en una zona exclusiva<\/h3><p>Un lloguer a Ciutat Vella et col\u00b7loca en l&#8217;epicentre dels moviments avantguardistes de Barcelona. Si ets dels que els hi ve de gust la conviv\u00e8ncia amb les persones m\u00e9s heterog\u00e8nies del planeta, <strong>els pisos en lloguer a Ciutat Vella<\/strong> et concediran tal privilegi.<\/p><h3>Lloguer de pisos a Ciutat Vella, equilibri perfecte entre vida tranquil\u00b7la i efervesc\u00e8ncia tur\u00edstica<\/h3><p>Els barris que conformen aquest districte es troben constantment plens de turistes; no obstant, els lloguers de pisos a Ciutat Vella destaquen per lo tranquil\u00b7les i acollidores que solen ser els edificis. Els apartaments han estat reformats per a adaptar-los a les exig\u00e8ncies actuals.<\/p><h2>Els avantatges d&#8217;un lloguer a Ciutat Vella<\/h2><p>Els beneficis que obtens en un lloguer a Ciutat Vella son bastant variats; la Ciutat Comtal va n\u00e9ixer just en aquesta zona i, per tant, s&#8217;ha conservat com el centre hist\u00f2ric de Barcelona. Aquests son alguns aspectes que has de tenir en compte si contactes amb la nostra <strong>agencia inmobiliaria a Ciutat Vella<\/strong> per llogar un pis:<\/p><ul><li><strong>Viure en el cor de Barcelona:<\/strong> Un lloguer a Ciutat Vella, et col\u00b7locar\u00e0 en el centre de tot. Cada zona de la ciutat estar\u00e0 al teu abast, gr\u00e0cies a un sistema de comunicacions eficient, les xarxes de les quals conflueixen en aquest c\u00e8ntric districte.\u2063<\/li><li><strong>Trobar racons afables:<\/strong> No tots els llocs on es troben els pisos en lloguer a Ciutat Vella estan plens de turistes; sempre aconseguir\u00e0s un lloguer en llocs m\u00e9s tranquils i impregnats d&#8217;hist\u00f2ria.<\/li><li><strong>Gaudir de moments culturals i d&#8217;oci:<\/strong> Amb el lloguer de pisos a Ciutat Vella tindr\u00e0s el privilegi de visitar museus, llocs hist\u00f2rics i monuments emblem\u00e0tics, restaurants, terrasses o anar de tapes a qualsevol bar amb aires medievals.<\/li><li><strong>Tenir el Mediterrani a un pas:<\/strong> Amb la nostra ag\u00e8ncia immobili\u00e0ria a Ciutat Vella pots triar un pis en el barri de <strong>La Barceloneta<\/strong>; en aquest cas, estaries, pr\u00e0cticament, al costat del mar. Una caminada de pocs minuts et conduir\u00e0 a l&#8217;acollidora platja de Sant Sebasti\u00e0, plena de quiosquets i una vida nocturna incre\u00efble.<\/li><\/ul>\t\t\t\t\t\t<\/div>\n\t\t\t\t<\/div>\n\t\t\t\t<div class=\"elementor-element elementor-element-3a6eeb5 elementor-widget elementor-widget-spacer\" data-id=\"3a6eeb5\" data-element_type=\"widget\" data-widget_type=\"spacer.default\">\n\t\t\t\t<div class=\"elementor-widget-container\">\n\t\t\t\t\t<div class=\"elementor-spacer\">\n\t\t\t<div class=\"elementor-spacer-inner\"><\/div>\n\t\t<\/div>\n\t\t\t\t<\/div>\n\t\t\t\t<\/div>\n\t\t\t\t\t<\/div>\n\t\t<\/div>\n\t\t\t\t\t<\/div>\n\t\t<\/section>\n\t\t\t\t<section class=\"elementor-section elementor-top-section elementor-element elementor-element-8d8601a elementor-section-boxed elementor-section-height-default elementor-section-height-default\" data-id=\"8d8601a\" data-element_type=\"section\">\n\t\t\t\t\t\t<div class=\"elementor-container elementor-column-gap-default\">\n\t\t\t\t\t<div class=\"elementor-column elementor-col-100 elementor-top-column elementor-element elementor-element-42f2d3e\" data-id=\"42f2d3e\" data-element_type=\"column\">\n\t\t\t<div class=\"elementor-widget-wrap elementor-element-populated\">\n\t\t\t\t\t\t<div class=\"elementor-element elementor-element-eca545a elementor-widget elementor-widget-heading\" data-id=\"eca545a\" data-element_type=\"widget\" data-widget_type=\"heading.default\">\n\t\t\t\t<div class=\"elementor-widget-container\">\n\t\t\t<h2 class=\"elementor-heading-title elementor-size-default\">B\u00fasquedas frecuentes :<\/h2>\t\t<\/div>\n\t\t\t\t<\/div>\n\t\t\t\t\t<\/div>\n\t\t<\/div>\n\t\t\t\t\t<\/div>\n\t\t<\/section>\n\t\t\t\t<section class=\"elementor-section elementor-top-section elementor-element elementor-element-2ee7f456 elementor-section-boxed elementor-section-height-default elementor-section-height-default\" data-id=\"2ee7f456\" data-element_type=\"section\">\n\t\t\t\t\t\t<div class=\"elementor-container elementor-column-gap-default\">\n\t\t\t\t\t<div class=\"elementor-column elementor-col-50 elementor-top-column elementor-element elementor-element-1f08f8b\" data-id=\"1f08f8b\" data-element_type=\"column\">\n\t\t\t<div class=\"elementor-widget-wrap elementor-element-populated\">\n\t\t\t\t\t\t<div class=\"elementor-element elementor-element-599cd567 elementor-widget elementor-widget-text-editor\" data-id=\"599cd567\" data-element_type=\"widget\" data-widget_type=\"text-editor.default\">\n\t\t\t\t<div class=\"elementor-widget-container\">\n\t\t\t\t\t\t\t<p><a href=\"https:\/\/locabarcelona.egluu.com\/es\/alquiler-viviendas\/pisos-estudiantes-barcelona\/\" target=\"_blank\" rel=\"noopener\">Pisos estudiantes<\/a><\/p><p><a href=\"https:\/\/locabarcelona.egluu.com\/es\/tipo-de-servicio\/compartir-piso-barcelona\/\" target=\"_blank\" rel=\"noopener\">Piso para compartir<\/a><\/p><p><a href=\"https:\/\/locabarcelona.egluu.com\/es\/property-feature\/caracteristicas\/pisos-amueblados\/\">Pisos alquiler amueblados<\/a><\/p><p><a href=\"https:\/\/locabarcelona.egluu.com\/es\/alquiler-viviendas\/estudio-barcelona\/\">Estudio alquiler<\/a><\/p>\t\t\t\t\t\t<\/div>\n\t\t\t\t<\/div>\n\t\t\t\t\t<\/div>\n\t\t<\/div>\n\t\t\t\t<div class=\"elementor-column elementor-col-50 elementor-top-column elementor-element elementor-element-75f5642d\" data-id=\"75f5642d\" data-element_type=\"column\">\n\t\t\t<div class=\"elementor-widget-wrap elementor-element-populated\">\n\t\t\t\t\t\t<div class=\"elementor-element elementor-element-4a82dd37 elementor-widget elementor-widget-text-editor\" data-id=\"4a82dd37\" data-element_type=\"widget\" data-widget_type=\"text-editor.default\">\n\t\t\t\t<div class=\"elementor-widget-container\">\n\t\t\t\t\t\t\t<p><a href=\"https:\/\/locabarcelona.egluu.com\/es\/alquiler-viviendas\/piso-con-terraza-barcelona\/\">Piso con terraza<\/a><\/p><p><a href=\"https:\/\/locabarcelona.egluu.com\/es\/alquiler-viviendas\/atico-en-barcelona\/\">Piso \u00e1tico<\/a><\/p><p><a href=\"https:\/\/locabarcelona.egluu.com\/es\/alquiler-viviendas\/pisos-de-2-habitaciones-en-barcelona\/\">Pisos de 2 habitaciones<\/a><\/p><p><a href=\"https:\/\/locabarcelona.egluu.com\/es\/alquiler-viviendas\/pisos-de-3-habitaciones-en-barcelona\/\">Pisos de 3 habitaciones<\/a><\/p>\t\t\t\t\t\t<\/div>\n\t\t\t\t<\/div>\n\t\t\t\t\t<\/div>\n\t\t<\/div>\n\t\t\t\t\t<\/div>\n\t\t<\/section>\n\t\t\t\t<section class=\"elementor-section elementor-top-section elementor-element elementor-element-18fa9365 elementor-section-boxed elementor-section-height-default elementor-section-height-default\" data-id=\"18fa9365\" data-element_type=\"section\">\n\t\t\t\t\t\t<div class=\"elementor-container elementor-column-gap-default\">\n\t\t\t\t\t<div class=\"elementor-column elementor-col-100 elementor-top-column elementor-element elementor-element-31deeb36\" data-id=\"31deeb36\" data-element_type=\"column\">\n\t\t\t<div class=\"elementor-widget-wrap elementor-element-populated\">\n\t\t\t\t\t\t<div class=\"elementor-element elementor-element-7654eba5 elementor-widget elementor-widget-heading\" data-id=\"7654eba5\" data-element_type=\"widget\" data-widget_type=\"heading.default\">\n\t\t\t\t<div class=\"elementor-widget-container\">\n\t\t\t<h2 class=\"elementor-heading-title elementor-size-default\">Pisos en alquiler por distritos <\/h2>\t\t<\/div>\n\t\t\t\t<\/div>\n\t\t\t\t\t<\/div>\n\t\t<\/div>\n\t\t\t\t\t<\/div>\n\t\t<\/section>\n\t\t\t\t<section class=\"elementor-section elementor-top-section elementor-element elementor-element-4e7d3c43 elementor-section-boxed elementor-section-height-default elementor-section-height-default\" data-id=\"4e7d3c43\" data-element_type=\"section\">\n\t\t\t\t\t\t<div class=\"elementor-container elementor-column-gap-default\">\n\t\t\t\t\t<div class=\"elementor-column elementor-col-50 elementor-top-column elementor-element elementor-element-129e3a4a\" data-id=\"129e3a4a\" data-element_type=\"column\">\n\t\t\t<div class=\"elementor-widget-wrap elementor-element-populated\">\n\t\t\t\t\t\t<div class=\"elementor-element elementor-element-77272d6f elementor-widget elementor-widget-global elementor-global-446206 elementor-widget-text-editor\" data-id=\"77272d6f\" data-element_type=\"widget\" data-widget_type=\"text-editor.default\">\n\t\t\t\t<div class=\"elementor-widget-container\">\n\t\t\t\t\t\t\t<p><span data-sheets-value=\"{\"><a href=\"https:\/\/locabarcelona.egluu.com\/es\/alquiler-viviendas\/el-eixample\/\">Pisos en alquiler en l&#8217;Eixample<\/a><br \/><a href=\"https:\/\/locabarcelona.egluu.com\/es\/alquiler-viviendas\/eixample-dreta\/\">Pisos en alquiler en Eixample Dreta<\/a><br \/><a href=\"https:\/\/locabarcelona.egluu.com\/es\/alquiler-viviendas\/antiga-esquerra-eixample\/\">Pisos en Antiga Esquerra de l&#8217;Eixample<\/a><br \/><\/span><span data-sheets-value=\"{\"><a href=\"https:\/\/locabarcelona.egluu.com\/es\/alquiler-viviendas\/nova-esquerra-eixample\/\">Pisos en Nova Esquerra de l&#8217;Eixample<\/a><br \/><a href=\"https:\/\/locabarcelona.egluu.com\/es\/alquiler-viviendas\/fort-pienc\/\">Pisos en alquiler en Fort Pienc<\/a><br \/><a href=\"https:\/\/locabarcelona.egluu.com\/es\/alquiler-viviendas\/eixample\/sagrada-familia\/\">Pisos en alquiler en Sagrada Familia<\/a><br \/><a href=\"https:\/\/locabarcelona.egluu.com\/es\/alquiler-viviendas\/eixample\/sant-antoni\/\">Pisos en alquiler en Sant antoni<\/a><br \/><a href=\"https:\/\/locabarcelona.egluu.com\/es\/alquiler-viviendas\/ciutat-vella\/\">Pisos en alquiler en Ciutat Vella<\/a><br \/><a href=\"https:\/\/locabarcelona.egluu.com\/es\/alquiler-viviendas\/el-gotico\/\">Pisos en alquiler en el Gotico<\/a><br \/><a href=\"https:\/\/locabarcelona.egluu.com\/es\/alquiler-viviendas\/raval\/\">Pisos en alquiler en el Raval<\/a><br \/><a href=\"https:\/\/locabarcelona.egluu.com\/es\/alquiler-viviendas\/el-born\/\">Pisos en alquiler en el Born<\/a><br \/><a href=\"https:\/\/locabarcelona.egluu.com\/es\/alquiler-viviendas\/barceloneta\/\">Pisos en alquiler en Barceloneta<\/a><br \/><a href=\"https:\/\/locabarcelona.egluu.com\/es\/alquiler-viviendas\/sants-montjuic\/\">Pisos en alquiler en Sants-Montju\u00efc<\/a><br \/><a href=\"https:\/\/locabarcelona.egluu.com\/es\/alquiler-viviendas\/poble-sec\/\">Pisos en alquiler en Poble Sec<\/a><br \/><a href=\"https:\/\/locabarcelona.egluu.com\/es\/alquiler-viviendas\/sants\/\">Pisos en alquiler en Sants<\/a><br \/><a href=\"https:\/\/locabarcelona.egluu.com\/es\/alquiler-viviendas\/el-putxet-i-farro\/\">Pisos en alquiler en El Putxet i Farr\u00f3<\/a><br \/><a href=\"https:\/\/locabarcelona.egluu.com\/es\/alquiler-viviendas\/las-tres-torres\/\">Pisos en alquiler en Las Tres Torres<\/a><br \/><a href=\"https:\/\/locabarcelona.egluu.com\/es\/alquiler-viviendas\/montjuic\/\">Pisos en alquiler en Montjuic\u00a0<\/a><\/span><\/p>\t\t\t\t\t\t<\/div>\n\t\t\t\t<\/div>\n\t\t\t\t\t<\/div>\n\t\t<\/div>\n\t\t\t\t<div class=\"elementor-column elementor-col-50 elementor-top-column elementor-element elementor-element-27d56453\" data-id=\"27d56453\" data-element_type=\"column\">\n\t\t\t<div class=\"elementor-widget-wrap elementor-element-populated\">\n\t\t\t\t\t\t<div class=\"elementor-element elementor-element-38a75e10 elementor-widget elementor-widget-global elementor-global-446210 elementor-widget-text-editor\" data-id=\"38a75e10\" data-element_type=\"widget\" data-widget_type=\"text-editor.default\">\n\t\t\t\t<div class=\"elementor-widget-container\">\n\t\t\t\t\t\t\t<p><a href=\"https:\/\/locabarcelona.egluu.com\/es\/alquiler-viviendas\/les-corts\/\">Pisos en alquiler en les Corts<\/a><br \/><span data-sheets-value=\"{\"><a href=\"https:\/\/locabarcelona.egluu.com\/es\/alquiler-viviendas\/pedralbes\/\">Pisos en alquiler en Pedralbes<\/a><br \/><a href=\"https:\/\/locabarcelona.egluu.com\/es\/alquiler-viviendas\/sarria-sant-gervasi\/\">Pisos en alquiler en Sarria Sant Gervasi<\/a><br \/><a href=\"https:\/\/locabarcelona.egluu.com\/es\/alquiler-viviendas\/sarria\/\">Pisos en alquiler en Sarria<\/a><br \/><a href=\"https:\/\/locabarcelona.egluu.com\/es\/property-for-rent\/gracia\/\">Pisos en alquiler en Gracia<\/a><br \/><a href=\"https:\/\/locabarcelona.egluu.com\/es\/alquiler-viviendas\/vila-de-gracia\/\">Pisos en alquiler en Vila de Gr\u00e0cia<\/a><br \/><a href=\"https:\/\/locabarcelona.egluu.com\/es\/alquiler-viviendas\/horta-guinardo\/\">Pisos en alquiler en Horta-Guinardo<\/a><br \/><a href=\"https:\/\/locabarcelona.egluu.com\/es\/alquiler-viviendas\/nou-barris\/\">Pisos en alquiler en Nou Barris<\/a><br \/><a href=\"https:\/\/locabarcelona.egluu.com\/es\/alquiler-viviendas\/sant-andreu\/\">Pisos en alquiler en Sant Andreu<\/a><br \/><a href=\"https:\/\/locabarcelona.egluu.com\/es\/alquiler-viviendas\/sant-marti\/\">Pisos en alquiler en Sant Mart\u00ed<\/a><br \/><a href=\"https:\/\/locabarcelona.egluu.com\/es\/alquiler-viviendas\/el-clot\/\">Pisos en alquiler en el Clot<\/a><br \/><a href=\"https:\/\/locabarcelona.egluu.com\/es\/alquiler-viviendas\/vila-olimpica-del-poblenou\/\">Pisos en La vila olimpica del Poblenou<\/a><br \/><a href=\"https:\/\/locabarcelona.egluu.com\/es\/alquiler-viviendas\/poblenou\/\">Pisos en alquiler en Poblenou<\/a><br \/><a href=\"https:\/\/locabarcelona.egluu.com\/es\/alquiler-viviendas\/diagonal-mar\/\">Pisos en alquiler en Diagonal Mar<\/a><br \/><a href=\"https:\/\/locabarcelona.egluu.com\/es\/alquiler-viviendas\/sant-gervasi-la-bonanova\/\">Pisos en alquiler en Sant gervasi \u2013 la bonanova<\/a><br \/><a href=\"https:\/\/locabarcelona.egluu.com\/es\/alquiler-viviendas\/sant-gervasi-galvany\/\">Pisos en alquiler en Sant Gervasi Galvany<\/a><br \/><a href=\"https:\/\/locabarcelona.egluu.com\/es\/alquiler-viviendas\/zona-franca\/\">Pisos en alquiler en Zona Franca<\/a><br \/><a href=\"https:\/\/locabarcelona.egluu.com\/es\/alquiler-viviendas\/sants-badal\/\">Pisos en alquiler en Sants Badal<\/a><br \/><\/span><\/p>\t\t\t\t\t\t<\/div>\n\t\t\t\t<\/div>\n\t\t\t\t\t<\/div>\n\t\t<\/div>\n\t\t\t\t\t<\/div>\n\t\t<\/section>\n\t\t\t\t<\/div>\n\t\t","protected":false},"excerpt":{"rendered":"<p>Per qu\u00e8 hauries de llogar un pis a Ciutat Vella? A Loca Barcelona brindem pisos en lloguer a Barcelona, especialment a Ciutat Vella tant a curt com a llarg termini, rigorosament seleccionats per a satisfer les exig\u00e8ncies dels nostres clients. En aquest l&#8217;emblem\u00e0tic districte encara es percep l&#8217;ambient medieval de l&#8217;antiga Ciutat Comtal. Les propietats&#8230;<\/p>\n","protected":false},"author":344,"featured_media":0,"parent":502792,"menu_order":0,"comment_status":"closed","ping_status":"closed","template":"templates\/list-layout.php","meta":{"inline_featured_image":false,"footnotes":""},"yoast_head":"<!-- This site is optimized with the Yoast SEO Premium plugin v22.6 (Yoast SEO v22.6) - https:\/\/yoast.com\/wordpress\/plugins\/seo\/ -->\n<title>Lloguer De Pisos A Ciutat Vella Barcelona | Loca Barcelona<\/title>\n<meta name=\"description\" content=\"Cerques un lloguer de pisos a la Ciutat Vella? Descobreix tot el que necessites saber sobre el lloguer a Barcelona amb Loca Barcelona. Escull ja el teu pis!\" \/>\n<meta name=\"robots\" content=\"noindex, follow, max-snippet:-1, max-image-preview:large, max-video-preview:-1\" \/>\n<meta property=\"og:locale\" content=\"ca_ES\" \/>\n<meta property=\"og:type\" content=\"article\" \/>\n<meta property=\"og:title\" content=\"Lloguer De Pisos A Ciutat Vella Barcelona | Loca Barcelona\" \/>\n<meta property=\"og:description\" content=\"Cerques un lloguer de pisos a la Ciutat Vella? Descobreix tot el que necessites saber sobre el lloguer a Barcelona amb Loca Barcelona. Escull ja el teu pis!\" \/>\n<meta property=\"og:url\" content=\"https:\/\/locabarcelona.egluu.com\/ca\/lloguer-pisos\/ciutat-vella\/\" \/>\n<meta property=\"og:site_name\" content=\"Locabarcelona\" \/>\n<meta property=\"article:modified_time\" content=\"2023-11-23T09:58:00+00:00\" \/>\n<meta name=\"twitter:card\" content=\"summary_large_image\" \/>\n<meta name=\"twitter:label1\" content=\"Est. reading time\" \/>\n\t<meta name=\"twitter:data1\" content=\"4 minuts\" \/>\n<script type=\"application\/ld+json\" class=\"yoast-schema-graph\">{\"@context\":\"https:\/\/schema.org\",\"@graph\":[{\"@type\":\"WebPage\",\"@id\":\"https:\/\/locabarcelona.egluu.com\/ca\/lloguer-pisos\/ciutat-vella\/\",\"url\":\"https:\/\/locabarcelona.egluu.com\/ca\/lloguer-pisos\/ciutat-vella\/\",\"name\":\"Lloguer De Pisos A Ciutat Vella Barcelona | Loca Barcelona\",\"isPartOf\":{\"@id\":\"https:\/\/locabarcelona.egluu.com\/ca\/#website\"},\"datePublished\":\"2023-11-23T09:36:07+00:00\",\"dateModified\":\"2023-11-23T09:58:00+00:00\",\"description\":\"Cerques un lloguer de pisos a la Ciutat Vella? Descobreix tot el que necessites saber sobre el lloguer a Barcelona amb Loca Barcelona. Escull ja el teu pis!\",\"breadcrumb\":{\"@id\":\"https:\/\/locabarcelona.egluu.com\/ca\/lloguer-pisos\/ciutat-vella\/#breadcrumb\"},\"inLanguage\":\"ca\",\"potentialAction\":[{\"@type\":\"ReadAction\",\"target\":[\"https:\/\/locabarcelona.egluu.com\/ca\/lloguer-pisos\/ciutat-vella\/\"]}]},{\"@type\":\"BreadcrumbList\",\"@id\":\"https:\/\/locabarcelona.egluu.com\/ca\/lloguer-pisos\/ciutat-vella\/#breadcrumb\",\"itemListElement\":[{\"@type\":\"ListItem\",\"position\":1,\"name\":\"Inicio\",\"item\":\"https:\/\/www.locabarcelona.com\/ca\/home\/\"},{\"@type\":\"ListItem\",\"position\":2,\"name\":\"Ag\u00e8ncia De Lloguer De Pisos A Barcelona\",\"item\":\"https:\/\/www.locabarcelona.com\/ca\/lloguer-pisos\/\"},{\"@type\":\"ListItem\",\"position\":3,\"name\":\"Lloguer De Pisos A Ciutat Vella\"}]},{\"@type\":\"WebSite\",\"@id\":\"https:\/\/locabarcelona.egluu.com\/ca\/#website\",\"url\":\"https:\/\/locabarcelona.egluu.com\/ca\/\",\"name\":\"Loca Barcelona\",\"description\":\"Real Estate Services\",\"publisher\":{\"@id\":\"https:\/\/locabarcelona.egluu.com\/ca\/#organization\"},\"potentialAction\":[{\"@type\":\"SearchAction\",\"target\":{\"@type\":\"EntryPoint\",\"urlTemplate\":\"https:\/\/locabarcelona.egluu.com\/ca\/?s={search_term_string}\"},\"query-input\":\"required name=search_term_string\"}],\"inLanguage\":\"ca\"},{\"@type\":\"Organization\",\"@id\":\"https:\/\/locabarcelona.egluu.com\/ca\/#organization\",\"name\":\"Loca Barcelona\",\"url\":\"https:\/\/locabarcelona.egluu.com\/ca\/\",\"logo\":{\"@type\":\"ImageObject\",\"inLanguage\":\"ca\",\"@id\":\"https:\/\/locabarcelona.egluu.com\/ca\/#\/schema\/logo\/image\/\",\"url\":\"https:\/\/locabarcelona.egluu.com\/wp-content\/uploads\/2021\/10\/logo_locabarcelona_small.png\",\"contentUrl\":\"https:\/\/locabarcelona.egluu.com\/wp-content\/uploads\/2021\/10\/logo_locabarcelona_small.png\",\"width\":250,\"height\":149,\"caption\":\"Loca Barcelona\"},\"image\":{\"@id\":\"https:\/\/locabarcelona.egluu.com\/ca\/#\/schema\/logo\/image\/\"}}]}<\/script>\n<!-- \/ Yoast SEO Premium plugin. -->","yoast_head_json":{"title":"Lloguer De Pisos A Ciutat Vella Barcelona | Loca Barcelona","description":"Cerques un lloguer de pisos a la Ciutat Vella? Descobreix tot el que necessites saber sobre el lloguer a Barcelona amb Loca Barcelona. Escull ja el teu pis!","robots":{"index":"noindex","follow":"follow","max-snippet":"max-snippet:-1","max-image-preview":"max-image-preview:large","max-video-preview":"max-video-preview:-1"},"og_locale":"ca_ES","og_type":"article","og_title":"Lloguer De Pisos A Ciutat Vella Barcelona | Loca Barcelona","og_description":"Cerques un lloguer de pisos a la Ciutat Vella? Descobreix tot el que necessites saber sobre el lloguer a Barcelona amb Loca Barcelona. Escull ja el teu pis!","og_url":"https:\/\/locabarcelona.egluu.com\/ca\/lloguer-pisos\/ciutat-vella\/","og_site_name":"Locabarcelona","article_modified_time":"2023-11-23T09:58:00+00:00","twitter_card":"summary_large_image","twitter_misc":{"Est. reading time":"4 minuts"},"schema":{"@context":"https:\/\/schema.org","@graph":[{"@type":"WebPage","@id":"https:\/\/locabarcelona.egluu.com\/ca\/lloguer-pisos\/ciutat-vella\/","url":"https:\/\/locabarcelona.egluu.com\/ca\/lloguer-pisos\/ciutat-vella\/","name":"Lloguer De Pisos A Ciutat Vella Barcelona | Loca Barcelona","isPartOf":{"@id":"https:\/\/locabarcelona.egluu.com\/ca\/#website"},"datePublished":"2023-11-23T09:36:07+00:00","dateModified":"2023-11-23T09:58:00+00:00","description":"Cerques un lloguer de pisos a la Ciutat Vella? Descobreix tot el que necessites saber sobre el lloguer a Barcelona amb Loca Barcelona. Escull ja el teu pis!","breadcrumb":{"@id":"https:\/\/locabarcelona.egluu.com\/ca\/lloguer-pisos\/ciutat-vella\/#breadcrumb"},"inLanguage":"ca","potentialAction":[{"@type":"ReadAction","target":["https:\/\/locabarcelona.egluu.com\/ca\/lloguer-pisos\/ciutat-vella\/"]}]},{"@type":"BreadcrumbList","@id":"https:\/\/locabarcelona.egluu.com\/ca\/lloguer-pisos\/ciutat-vella\/#breadcrumb","itemListElement":[{"@type":"ListItem","position":1,"name":"Inicio","item":"https:\/\/www.locabarcelona.com\/ca\/home\/"},{"@type":"ListItem","position":2,"name":"Ag\u00e8ncia De Lloguer De Pisos A Barcelona","item":"https:\/\/www.locabarcelona.com\/ca\/lloguer-pisos\/"},{"@type":"ListItem","position":3,"name":"Lloguer De Pisos A Ciutat Vella"}]},{"@type":"WebSite","@id":"https:\/\/locabarcelona.egluu.com\/ca\/#website","url":"https:\/\/locabarcelona.egluu.com\/ca\/","name":"Loca Barcelona","description":"Real Estate Services","publisher":{"@id":"https:\/\/locabarcelona.egluu.com\/ca\/#organization"},"potentialAction":[{"@type":"SearchAction","target":{"@type":"EntryPoint","urlTemplate":"https:\/\/locabarcelona.egluu.com\/ca\/?s={search_term_string}"},"query-input":"required name=search_term_string"}],"inLanguage":"ca"},{"@type":"Organization","@id":"https:\/\/locabarcelona.egluu.com\/ca\/#organization","name":"Loca Barcelona","url":"https:\/\/locabarcelona.egluu.com\/ca\/","logo":{"@type":"ImageObject","inLanguage":"ca","@id":"https:\/\/locabarcelona.egluu.com\/ca\/#\/schema\/logo\/image\/","url":"https:\/\/locabarcelona.egluu.com\/wp-content\/uploads\/2021\/10\/logo_locabarcelona_small.png","contentUrl":"https:\/\/locabarcelona.egluu.com\/wp-content\/uploads\/2021\/10\/logo_locabarcelona_small.png","width":250,"height":149,"caption":"Loca Barcelona"},"image":{"@id":"https:\/\/locabarcelona.egluu.com\/ca\/#\/schema\/logo\/image\/"}}]}},"_links":{"self":[{"href":"https:\/\/locabarcelona.egluu.com\/ca\/wp-json\/wp\/v2\/pages\/502786"}],"collection":[{"href":"https:\/\/locabarcelona.egluu.com\/ca\/wp-json\/wp\/v2\/pages"}],"about":[{"href":"https:\/\/locabarcelona.egluu.com\/ca\/wp-json\/wp\/v2\/types\/page"}],"author":[{"embeddable":true,"href":"https:\/\/locabarcelona.egluu.com\/ca\/wp-json\/wp\/v2\/users\/344"}],"replies":[{"embeddable":true,"href":"https:\/\/locabarcelona.egluu.com\/ca\/wp-json\/wp\/v2\/comments?post=502786"}],"version-history":[{"count":0,"href":"https:\/\/locabarcelona.egluu.com\/ca\/wp-json\/wp\/v2\/pages\/502786\/revisions"}],"up":[{"embeddable":true,"href":"https:\/\/locabarcelona.egluu.com\/ca\/wp-json\/wp\/v2\/pages\/502792"}],"wp:attachment":[{"href":"https:\/\/locabarcelona.egluu.com\/ca\/wp-json\/wp\/v2\/media?parent=502786"}],"curies":[{"name":"wp","href":"https:\/\/api.w.org\/{rel}","templated":true}]}}