{"id":502792,"date":"2023-11-23T10:55:00","date_gmt":"2023-11-23T09:55:00","guid":{"rendered":"https:\/\/locabarcelona.egluu.com\/?page_id=502792"},"modified":"2023-12-06T13:46:03","modified_gmt":"2023-12-06T12:46:03","slug":"lloguer-pisos","status":"publish","type":"page","link":"https:\/\/locabarcelona.egluu.com\/ca\/lloguer-pisos\/","title":{"rendered":"Ag\u00e8ncia De Lloguer De Pisos A Barcelona"},"content":{"rendered":"\t\t<div data-elementor-type=\"wp-page\" data-elementor-id=\"502792\" class=\"elementor elementor-502792 elementor-438279\" data-elementor-post-type=\"page\">\n\t\t\t\t\t\t<section class=\"elementor-section elementor-top-section elementor-element elementor-element-4ed269c5 elementor-section-boxed elementor-section-height-default elementor-section-height-default\" data-id=\"4ed269c5\" data-element_type=\"section\">\n\t\t\t\t\t\t<div class=\"elementor-container elementor-column-gap-default\">\n\t\t\t\t\t<div class=\"elementor-column elementor-col-100 elementor-top-column elementor-element elementor-element-4401a24f\" data-id=\"4401a24f\" data-element_type=\"column\">\n\t\t\t<div class=\"elementor-widget-wrap elementor-element-populated\">\n\t\t\t\t\t\t<div class=\"elementor-element elementor-element-36fe1d18 elementor-widget elementor-widget-text-editor\" data-id=\"36fe1d18\" data-element_type=\"widget\" data-widget_type=\"text-editor.default\">\n\t\t\t\t<div class=\"elementor-widget-container\">\n\t\t\t\t\t\t\t<p>Consultar una <strong>ag\u00e8ncia de lloguer a Barcelona<\/strong> \u00e9s indispensable abans de decidir-se per comprar, llogar o <a href=\"https:\/\/locabarcelona.egluu.com\/ca\/property-status\/venda\/\">vendre<\/a> qualsevol immoble a la ciutat. La companyia <a href=\"https:\/\/locabarcelona.egluu.com\/ca\/\">Loca Barcelona<\/a> \u00e9s l&#8217;empresa m\u00e9s capacitada en la metr\u00f2poli per a la compravenda, ja sigui d&#8217;un departament, estudi, pis o una casa.<\/p><h2>Perqu\u00e8 optar per una ag\u00e8ncia de lloguer a Barcelona?<\/h2><p>Al moment de llogar o vendre una propietat sorgeixen dubtes, tant en <a href=\"https:\/\/locabarcelona.egluu.com\/ca\/serveis-propietaris\/\">el propietari<\/a> com en l&#8217;inquil\u00ed o comprador. En tots dos casos, cap d&#8217;ells \u00e9s expert en el tema i tampoc est\u00e0 entre les seves compet\u00e8ncies laborals.<\/p><p>En tal sentit, una <a href=\"https:\/\/locabarcelona.egluu.com\/ca\/agencia-immobiliaria-de-barcelona\/\">ag\u00e8ncia immobili\u00e0ria a Barcelona<\/a> gestiona di\u00e0riament la informaci\u00f3 legal, documentaci\u00f3 i tr\u00e0mits per a garantir la transpar\u00e8ncia i bones pr\u00e0ctiques en la relaci\u00f3 entre propietaris, inquilins i compradors. Vegem alguns avantatges.<\/p><h3>Per a propietaris<\/h3><ul><li>Estudi de taxaci\u00f3 per a preus justos tant per a lloguer o venda.<\/li><li>Assessorament legal en redacci\u00f3 de documents.<\/li><li>Elecci\u00f3 de l&#8217;inquil\u00ed o comprador.<\/li><li>Gesti\u00f3 de conting\u00e8ncies.<\/li><\/ul><h3>Per a l&#8217;inquil\u00ed o comprador<\/h3><ul><li>Preus justos.<\/li><li>Immobles en perfectes condicions.<\/li><li>Assessorament legal en signatura del contracte.<\/li><li>Confidencialitat en maneig de dades.<\/li><\/ul><h2>Triar Loca Barcelona com a ag\u00e8ncia de lloguer a Barcelona<\/h2><p>Tots aquests beneficis i m\u00e9s, els trobes en l&#8217;ag\u00e8ncia immobili\u00e0ria LocaBarcelona. Qualsevol persona que hagi planificat venir a la ciutat, b\u00e9 sigui per estudi, treball, o per a viure, troba en Loca Barcelona l&#8217;aliat perfecte. Aquesta \u00e9s una ag\u00e8ncia immobili\u00e0ria situada a la capital de Catalunya i especialitzada en el <a href=\"https:\/\/locabarcelona.egluu.com\/ca\/property-status\/lloguer-de-temporada\/\">lloguer a curt<\/a>, mitj\u00e0 i <a href=\"https:\/\/locabarcelona.egluu.com\/ca\/property-status\/lloguer-de-llarga-estada\/\">llarg termini<\/a>.<\/p><p>Aqu\u00ed, es poden aconseguir allotjaments per a estades de 3 a 11 mesos; aix\u00f2 seria pr\u00e0cticament impossible d&#8217;aconseguir pels propis mitjans. Per al mitj\u00e0 i llarg termini, Loca Barcelona ofereix habitatges d&#8217;entre 6 mesos fins a 3 anys i, en alguns casos, per m\u00e9s temps.<\/p><p>En consultar amb els seus equips de venda, podr\u00e0s observar que tots els immobles que Loca Barcelona t\u00e9 a la teva disposici\u00f3 estan situats en el centre hist\u00f2ric de la ciutat i no als afores ni en poblacions de la perif\u00e8ria. Pots triar entre els barris m\u00e9s c\u00e8ntrics com el <a href=\"https:\/\/locabarcelona.egluu.com\/ca\/lloguer-pisos\/barri-gotic\/\">barri G\u00f2tic<\/a>, el Raval, <a href=\"https:\/\/locabarcelona.egluu.com\/ca\/lloguer-pisos\/eixample\/\">Eixample<\/a>, Sants Montju\u00efc, Sant Gervasi, i tants altres m\u00e9s.<\/p><p>Estar\u00e0s sempre prop de tots els llocs d&#8217;inter\u00e8s i dels museus m\u00e9s interessants d&#8217;aquesta cosmopolita capital, com el Museu Picasso, el Museu Nacional d&#8217;Art de Catalunya, el Museu de Ci\u00e8ncies Naturals o, simplement, passejar pels carrers medievals dels barris antics de la ciutat. Gaudir\u00e0s del seu clima mediterrani, la seva gastronomia, un ric entorn de platja i el dinamisme excepcional que es respira en les seves Rambles.<\/p><p>Loca Barcelona ofereix diferents tipus d&#8217;immobles per a llogar com a pisos, estudis, \u00e0tics, d\u00faplex o cases, b\u00e9 sigui a turistes, estudiants, o immigrants que desitgen comen\u00e7ar una nova vida.<\/p><h2>Vols llogar un pis a Barcelona?<\/h2><p>Si vols viure a Barcelona, ja sigui per un breu temps o per una llarga estada, Loca Barcelona et brinda l&#8217;apartament que desitgis a l&#8217;instant, sense preocupaci\u00f3 ni paperasses. El seu servei de gesti\u00f3 immobili\u00e0ria cobreix tots els aspectes, des d&#8217;assessoria legal en documents fins al mobiliari i equipament del pis.<\/p><p>En el check-in es verifica l&#8217;estat del pis, el mobiliari i els comptadors dels serveis; el pagament del qual est\u00e0 incl\u00f2s en el lloguer. En finalitzar el contracte, durant el check-out es comprovar\u00e0 de nou l&#8217;estat, i els c\u00e0rrecs fixos s&#8217;ajustr\u00e1n al final, segons el cas. D&#8217;aquesta manera, s&#8217;evitar\u00e1n retencions o pagaments addicionals de garanties. Definitivament, una ag\u00e8ncia de lloguer a Barcelona, com Loca Barcelona et far\u00e0 la vida m\u00e9s f\u00e0cil. <a href=\"https:\/\/locabarcelona.egluu.com\/ca\/sobre-nosaltres\/contactans\/\">Contacta amb nosaltres<\/a> si vols m\u00e9s informaci\u00f3 sobre qualsevol aspecte immobiliari.<\/p>\t\t\t\t\t\t<\/div>\n\t\t\t\t<\/div>\n\t\t\t\t\t<\/div>\n\t\t<\/div>\n\t\t\t\t\t<\/div>\n\t\t<\/section>\n\t\t\t\t<section class=\"elementor-section elementor-top-section elementor-element elementor-element-6786f26 elementor-section-boxed elementor-section-height-default elementor-section-height-default\" data-id=\"6786f26\" data-element_type=\"section\">\n\t\t\t\t\t\t<div class=\"elementor-container elementor-column-gap-default\">\n\t\t\t\t\t<div class=\"elementor-column elementor-col-100 elementor-top-column elementor-element elementor-element-739dcb5\" data-id=\"739dcb5\" data-element_type=\"column\">\n\t\t\t<div class=\"elementor-widget-wrap elementor-element-populated\">\n\t\t\t\t\t\t<div class=\"elementor-element elementor-element-c25e1a3 elementor-widget elementor-widget-heading\" data-id=\"c25e1a3\" data-element_type=\"widget\" data-widget_type=\"heading.default\">\n\t\t\t\t<div class=\"elementor-widget-container\">\n\t\t\t<h2 class=\"elementor-heading-title elementor-size-default\">Pisos de lloguer per districte\n<\/h2>\t\t<\/div>\n\t\t\t\t<\/div>\n\t\t\t\t\t<\/div>\n\t\t<\/div>\n\t\t\t\t\t<\/div>\n\t\t<\/section>\n\t\t<div class=\"elementor-element elementor-element-d42bb18 e-flex e-con-boxed e-con e-parent\" data-id=\"d42bb18\" data-element_type=\"container\">\n\t\t\t\t\t<div class=\"e-con-inner\">\n\t\t\t\t<div class=\"elementor-element elementor-element-e81b856 elementor-widget elementor-widget-template\" data-id=\"e81b856\" data-element_type=\"widget\" data-widget_type=\"template.default\">\n\t\t\t\t<div class=\"elementor-widget-container\">\n\t\t\t\t\t<div class=\"elementor-template\">\n\t\t\t\t\t<div data-elementor-type=\"section\" data-elementor-id=\"503028\" class=\"elementor elementor-503028\" data-elementor-post-type=\"elementor_library\">\n\t\t\t\t\t<section class=\"elementor-section elementor-top-section elementor-element elementor-element-23b61a6e elementor-section-boxed elementor-section-height-default elementor-section-height-default\" data-id=\"23b61a6e\" data-element_type=\"section\">\n\t\t\t\t\t\t<div class=\"elementor-container elementor-column-gap-default\">\n\t\t\t\t\t<div class=\"elementor-column elementor-col-50 elementor-top-column elementor-element elementor-element-7d34eead\" data-id=\"7d34eead\" data-element_type=\"column\">\n\t\t\t<div class=\"elementor-widget-wrap elementor-element-populated\">\n\t\t\t\t\t\t<div class=\"elementor-element elementor-element-2077e878 elementor-widget elementor-widget-text-editor\" data-id=\"2077e878\" data-element_type=\"widget\" data-widget_type=\"text-editor.default\">\n\t\t\t\t<div class=\"elementor-widget-container\">\n\t\t\t\t\t\t\t<p><a href=\"https:\/\/locabarcelona.egluu.com\/ca\/lloguer-pisos\/eixample\/\">Pisos de lloguer a l&#8217;Eixample<\/a><br \/>Pisos de lloguer a Eixample Dreta<br \/>Pisos de lloguer a l&#8217;Antiga Esquerra de l&#8217;Eixample<br \/>Pisos de lloguer Nova Esquerra de l&#8217;Eixample<br \/>Pisos de lloguer a Fort Pienc<br \/><a href=\"https:\/\/locabarcelona.egluu.com\/ca\/lloguer-pisos\/sagrada-familia\/\">Pisos de lloguer a la Sagrada Fam\u00edlia<\/a><br \/><a href=\"https:\/\/locabarcelona.egluu.com\/ca\/lloguer-pisos\/sant-antoni\/\">Pisos de lloguer a Sant antoni<\/a><br \/><a href=\"https:\/\/locabarcelona.egluu.com\/ca\/lloguer-pisos\/ciutat-vella\/\">Pisos de lloguer a Ciutat Vella<\/a><br \/><a href=\"https:\/\/locabarcelona.egluu.com\/ca\/lloguer-pisos\/barri-gotic\/\">Pisos de lloguer en el G\u00f3tic<\/a><br \/><a href=\"https:\/\/locabarcelona.egluu.com\/ca\/lloguer-pisos\/el-raval\/\">Pisos de lloguer en el Raval<\/a><br \/><a href=\"https:\/\/locabarcelona.egluu.com\/ca\/lloguer-pisos\/el-born\/\">Pisos de lloguer en el Born<\/a><br \/><a href=\"https:\/\/locabarcelona.egluu.com\/ca\/lloguer-pisos\/la-barceloneta\/\">Pisos de lloguer a Barceloneta<\/a><br \/><a href=\"https:\/\/locabarcelona.egluu.com\/ca\/lloguer-pisos\/sants-montjuic\/\">Pisos de lloguer a Sants-Montju\u00efc<\/a><br \/><a href=\"https:\/\/locabarcelona.egluu.com\/ca\/lloguer-pisos\/poble-sec\/\">Pisos de lloguer a Poble Sec<\/a><br \/>Pisos de lloguer a Sants<br \/>Pisos de lloguer en El Putxet i Farr\u00f3<br \/>Pisos de lloguer en Les Tres Torres<br \/>Pisos de lloguer a Montju\u00efc<\/p>\t\t\t\t\t\t<\/div>\n\t\t\t\t<\/div>\n\t\t\t\t\t<\/div>\n\t\t<\/div>\n\t\t\t\t<div class=\"elementor-column elementor-col-50 elementor-top-column elementor-element elementor-element-2440c647\" data-id=\"2440c647\" data-element_type=\"column\">\n\t\t\t<div class=\"elementor-widget-wrap elementor-element-populated\">\n\t\t\t\t\t\t<div class=\"elementor-element elementor-element-7395001f elementor-widget elementor-widget-text-editor\" data-id=\"7395001f\" data-element_type=\"widget\" data-widget_type=\"text-editor.default\">\n\t\t\t\t<div class=\"elementor-widget-container\">\n\t\t\t\t\t\t\t<p><a href=\"https:\/\/locabarcelona.egluu.com\/ca\/lloguer-pisos\/les-corts\/\">Pisos de lloguer a les Corts<\/a><br \/><a href=\"https:\/\/locabarcelona.egluu.com\/ca\/lloguer-pisos\/pedralbes\/\">Pisos de lloguer a Pedralbes<\/a><br \/><a href=\"https:\/\/locabarcelona.egluu.com\/ca\/lloguer-pisos\/sarria-sant-gervasi\/\">Pisos de lloguer a Sarri\u00e0 Sant Gervasi<\/a><br \/><a href=\"https:\/\/locabarcelona.egluu.com\/ca\/lloguer-pisos\/sarria\/\">Pisos de lloguer a Sarri\u00e0<\/a><br \/><a href=\"https:\/\/locabarcelona.egluu.com\/ca\/lloguer-pisos\/gracia\/\">Pisos de lloguer a Gr\u00e0cia<\/a><br \/>Pisos de lloguer a Vila de Gr\u00e0cia<br \/><a href=\"https:\/\/locabarcelona.egluu.com\/ca\/lloguer-pisos\/horta-guinardo\/\">Pisos de lloguer a Horta Guinard\u00f3<\/a><br \/><a href=\"https:\/\/locabarcelona.egluu.com\/ca\/lloguer-pisos\/nou-barris\/\">Pisos de lloguer a Nou Barris<\/a><br \/>Pisos de lloguer a Sant Andreu<br \/><a href=\"https:\/\/locabarcelona.egluu.com\/ca\/lloguer-pisos\/sant-marti\/\">Pisos de lloguer a Sant Mart\u00ed<\/a><br \/><a href=\"https:\/\/locabarcelona.egluu.com\/ca\/lloguer-pisos\/el-clot\/\">Pisos de lloguer en el Clot<\/a><br \/>Pisos de lloguer a La Vila Ol\u00edmpica del Poblenou<br \/><a href=\"https:\/\/locabarcelona.egluu.com\/ca\/lloguer-pisos\/poblenou\/\">Pisos de lloguer a Poblenou<\/a><br \/><a href=\"https:\/\/locabarcelona.egluu.com\/ca\/lloguer-pisos\/diagonal-mar\/\">Pisos de lloguer a Diagonal Mar<\/a><br \/>Pisos de lloguer a Sant Gervasi \u2013 la Bonanova<br \/>Pisos de lloguer a Sant Gervasi Galvany<br \/><a href=\"https:\/\/locabarcelona.egluu.com\/ca\/lloguer-pisos\/zona-franca\/\">Pisos de lloguer a Zona Franca<\/a><br \/>Pisos de lloguer a Sants Badal<\/p>\t\t\t\t\t\t<\/div>\n\t\t\t\t<\/div>\n\t\t\t\t\t<\/div>\n\t\t<\/div>\n\t\t\t\t\t<\/div>\n\t\t<\/section>\n\t\t\t\t<\/div>\n\t\t\t\t<\/div>\n\t\t\t\t<\/div>\n\t\t\t\t<\/div>\n\t\t\t\t\t<\/div>\n\t\t\t\t<\/div>\n\t\t\t\t<\/div>\n\t\t","protected":false},"excerpt":{"rendered":"<p>Consultar una ag\u00e8ncia de lloguer a Barcelona \u00e9s indispensable abans de decidir-se per comprar, llogar o vendre qualsevol immoble a la ciutat. La companyia Loca Barcelona \u00e9s l&#8217;empresa m\u00e9s capacitada en la metr\u00f2poli per a la compravenda, ja sigui d&#8217;un departament, estudi, pis o una casa. Perqu\u00e8 optar per una ag\u00e8ncia de lloguer a Barcelona?&#8230;<\/p>\n","protected":false},"author":344,"featured_media":0,"parent":0,"menu_order":0,"comment_status":"closed","ping_status":"closed","template":"templates\/list-layout.php","meta":{"inline_featured_image":false,"footnotes":""},"yoast_head":"<!-- This site is optimized with the Yoast SEO Premium plugin v22.6 (Yoast SEO v22.6) - https:\/\/yoast.com\/wordpress\/plugins\/seo\/ -->\n<title>Ag\u00e8ncia De Lloguer De Pisos A Barcelona | Loca Barcelona<\/title>\n<meta name=\"description\" content=\"Loca Barcelona \u00e9s l&#039;ag\u00e8ncia de lloguer de pisos a Barcelona de refer\u00e8ncia. Descobreix les nostres ofertes i els serveis immobiliaris que oferim. Contacta\u2019ns!\" \/>\n<meta name=\"robots\" content=\"noindex, follow, max-snippet:-1, max-image-preview:large, max-video-preview:-1\" \/>\n<meta property=\"og:locale\" content=\"ca_ES\" \/>\n<meta property=\"og:type\" content=\"article\" \/>\n<meta property=\"og:title\" content=\"Ag\u00e8ncia De Lloguer De Pisos A Barcelona | Loca Barcelona\" \/>\n<meta property=\"og:description\" content=\"Loca Barcelona \u00e9s l&#039;ag\u00e8ncia de lloguer de pisos a Barcelona de refer\u00e8ncia. Descobreix les nostres ofertes i els serveis immobiliaris que oferim. Contacta\u2019ns!\" \/>\n<meta property=\"og:url\" content=\"https:\/\/locabarcelona.egluu.com\/ca\/lloguer-pisos\/\" \/>\n<meta property=\"og:site_name\" content=\"Locabarcelona\" \/>\n<meta property=\"article:modified_time\" content=\"2023-12-06T12:46:03+00:00\" \/>\n<meta name=\"twitter:card\" content=\"summary_large_image\" \/>\n<meta name=\"twitter:label1\" content=\"Est. reading time\" \/>\n\t<meta name=\"twitter:data1\" content=\"6 minuts\" \/>\n<script type=\"application\/ld+json\" class=\"yoast-schema-graph\">{\"@context\":\"https:\/\/schema.org\",\"@graph\":[{\"@type\":\"WebPage\",\"@id\":\"https:\/\/locabarcelona.egluu.com\/ca\/lloguer-pisos\/\",\"url\":\"https:\/\/locabarcelona.egluu.com\/ca\/lloguer-pisos\/\",\"name\":\"Ag\u00e8ncia De Lloguer De Pisos A Barcelona | Loca Barcelona\",\"isPartOf\":{\"@id\":\"https:\/\/locabarcelona.egluu.com\/ca\/#website\"},\"datePublished\":\"2023-11-23T09:55:00+00:00\",\"dateModified\":\"2023-12-06T12:46:03+00:00\",\"description\":\"Loca Barcelona \u00e9s l'ag\u00e8ncia de lloguer de pisos a Barcelona de refer\u00e8ncia. Descobreix les nostres ofertes i els serveis immobiliaris que oferim. Contacta\u2019ns!\",\"breadcrumb\":{\"@id\":\"https:\/\/locabarcelona.egluu.com\/ca\/lloguer-pisos\/#breadcrumb\"},\"inLanguage\":\"ca\",\"potentialAction\":[{\"@type\":\"ReadAction\",\"target\":[\"https:\/\/locabarcelona.egluu.com\/ca\/lloguer-pisos\/\"]}]},{\"@type\":\"BreadcrumbList\",\"@id\":\"https:\/\/locabarcelona.egluu.com\/ca\/lloguer-pisos\/#breadcrumb\",\"itemListElement\":[{\"@type\":\"ListItem\",\"position\":1,\"name\":\"Inicio\",\"item\":\"https:\/\/www.locabarcelona.com\/ca\/home\/\"},{\"@type\":\"ListItem\",\"position\":2,\"name\":\"Ag\u00e8ncia De Lloguer De Pisos A Barcelona\"}]},{\"@type\":\"WebSite\",\"@id\":\"https:\/\/locabarcelona.egluu.com\/ca\/#website\",\"url\":\"https:\/\/locabarcelona.egluu.com\/ca\/\",\"name\":\"Loca Barcelona\",\"description\":\"Real Estate Services\",\"publisher\":{\"@id\":\"https:\/\/locabarcelona.egluu.com\/ca\/#organization\"},\"potentialAction\":[{\"@type\":\"SearchAction\",\"target\":{\"@type\":\"EntryPoint\",\"urlTemplate\":\"https:\/\/locabarcelona.egluu.com\/ca\/?s={search_term_string}\"},\"query-input\":\"required name=search_term_string\"}],\"inLanguage\":\"ca\"},{\"@type\":\"Organization\",\"@id\":\"https:\/\/locabarcelona.egluu.com\/ca\/#organization\",\"name\":\"Loca Barcelona\",\"url\":\"https:\/\/locabarcelona.egluu.com\/ca\/\",\"logo\":{\"@type\":\"ImageObject\",\"inLanguage\":\"ca\",\"@id\":\"https:\/\/locabarcelona.egluu.com\/ca\/#\/schema\/logo\/image\/\",\"url\":\"https:\/\/locabarcelona.egluu.com\/wp-content\/uploads\/2021\/10\/logo_locabarcelona_small.png\",\"contentUrl\":\"https:\/\/locabarcelona.egluu.com\/wp-content\/uploads\/2021\/10\/logo_locabarcelona_small.png\",\"width\":250,\"height\":149,\"caption\":\"Loca Barcelona\"},\"image\":{\"@id\":\"https:\/\/locabarcelona.egluu.com\/ca\/#\/schema\/logo\/image\/\"}}]}<\/script>\n<!-- \/ Yoast SEO Premium plugin. -->","yoast_head_json":{"title":"Ag\u00e8ncia De Lloguer De Pisos A Barcelona | Loca Barcelona","description":"Loca Barcelona \u00e9s l'ag\u00e8ncia de lloguer de pisos a Barcelona de refer\u00e8ncia. Descobreix les nostres ofertes i els serveis immobiliaris que oferim. Contacta\u2019ns!","robots":{"index":"noindex","follow":"follow","max-snippet":"max-snippet:-1","max-image-preview":"max-image-preview:large","max-video-preview":"max-video-preview:-1"},"og_locale":"ca_ES","og_type":"article","og_title":"Ag\u00e8ncia De Lloguer De Pisos A Barcelona | Loca Barcelona","og_description":"Loca Barcelona \u00e9s l'ag\u00e8ncia de lloguer de pisos a Barcelona de refer\u00e8ncia. Descobreix les nostres ofertes i els serveis immobiliaris que oferim. Contacta\u2019ns!","og_url":"https:\/\/locabarcelona.egluu.com\/ca\/lloguer-pisos\/","og_site_name":"Locabarcelona","article_modified_time":"2023-12-06T12:46:03+00:00","twitter_card":"summary_large_image","twitter_misc":{"Est. reading time":"6 minuts"},"schema":{"@context":"https:\/\/schema.org","@graph":[{"@type":"WebPage","@id":"https:\/\/locabarcelona.egluu.com\/ca\/lloguer-pisos\/","url":"https:\/\/locabarcelona.egluu.com\/ca\/lloguer-pisos\/","name":"Ag\u00e8ncia De Lloguer De Pisos A Barcelona | Loca Barcelona","isPartOf":{"@id":"https:\/\/locabarcelona.egluu.com\/ca\/#website"},"datePublished":"2023-11-23T09:55:00+00:00","dateModified":"2023-12-06T12:46:03+00:00","description":"Loca Barcelona \u00e9s l'ag\u00e8ncia de lloguer de pisos a Barcelona de refer\u00e8ncia. Descobreix les nostres ofertes i els serveis immobiliaris que oferim. Contacta\u2019ns!","breadcrumb":{"@id":"https:\/\/locabarcelona.egluu.com\/ca\/lloguer-pisos\/#breadcrumb"},"inLanguage":"ca","potentialAction":[{"@type":"ReadAction","target":["https:\/\/locabarcelona.egluu.com\/ca\/lloguer-pisos\/"]}]},{"@type":"BreadcrumbList","@id":"https:\/\/locabarcelona.egluu.com\/ca\/lloguer-pisos\/#breadcrumb","itemListElement":[{"@type":"ListItem","position":1,"name":"Inicio","item":"https:\/\/www.locabarcelona.com\/ca\/home\/"},{"@type":"ListItem","position":2,"name":"Ag\u00e8ncia De Lloguer De Pisos A Barcelona"}]},{"@type":"WebSite","@id":"https:\/\/locabarcelona.egluu.com\/ca\/#website","url":"https:\/\/locabarcelona.egluu.com\/ca\/","name":"Loca Barcelona","description":"Real Estate Services","publisher":{"@id":"https:\/\/locabarcelona.egluu.com\/ca\/#organization"},"potentialAction":[{"@type":"SearchAction","target":{"@type":"EntryPoint","urlTemplate":"https:\/\/locabarcelona.egluu.com\/ca\/?s={search_term_string}"},"query-input":"required name=search_term_string"}],"inLanguage":"ca"},{"@type":"Organization","@id":"https:\/\/locabarcelona.egluu.com\/ca\/#organization","name":"Loca Barcelona","url":"https:\/\/locabarcelona.egluu.com\/ca\/","logo":{"@type":"ImageObject","inLanguage":"ca","@id":"https:\/\/locabarcelona.egluu.com\/ca\/#\/schema\/logo\/image\/","url":"https:\/\/locabarcelona.egluu.com\/wp-content\/uploads\/2021\/10\/logo_locabarcelona_small.png","contentUrl":"https:\/\/locabarcelona.egluu.com\/wp-content\/uploads\/2021\/10\/logo_locabarcelona_small.png","width":250,"height":149,"caption":"Loca Barcelona"},"image":{"@id":"https:\/\/locabarcelona.egluu.com\/ca\/#\/schema\/logo\/image\/"}}]}},"_links":{"self":[{"href":"https:\/\/locabarcelona.egluu.com\/ca\/wp-json\/wp\/v2\/pages\/502792"}],"collection":[{"href":"https:\/\/locabarcelona.egluu.com\/ca\/wp-json\/wp\/v2\/pages"}],"about":[{"href":"https:\/\/locabarcelona.egluu.com\/ca\/wp-json\/wp\/v2\/types\/page"}],"author":[{"embeddable":true,"href":"https:\/\/locabarcelona.egluu.com\/ca\/wp-json\/wp\/v2\/users\/344"}],"replies":[{"embeddable":true,"href":"https:\/\/locabarcelona.egluu.com\/ca\/wp-json\/wp\/v2\/comments?post=502792"}],"version-history":[{"count":0,"href":"https:\/\/locabarcelona.egluu.com\/ca\/wp-json\/wp\/v2\/pages\/502792\/revisions"}],"wp:attachment":[{"href":"https:\/\/locabarcelona.egluu.com\/ca\/wp-json\/wp\/v2\/media?parent=502792"}],"curies":[{"name":"wp","href":"https:\/\/api.w.org\/{rel}","templated":true}]}}