{"id":502796,"date":"2023-11-23T11:06:31","date_gmt":"2023-11-23T10:06:31","guid":{"rendered":"https:\/\/locabarcelona.egluu.com\/?page_id=502796"},"modified":"2023-12-06T14:00:32","modified_gmt":"2023-12-06T13:00:32","slug":"barri-gotic","status":"publish","type":"page","link":"https:\/\/locabarcelona.egluu.com\/ca\/lloguer-pisos\/barri-gotic\/","title":{"rendered":"Lloguer de Pisos en el Barri  G\u00f2tic"},"content":{"rendered":"\t\t<div data-elementor-type=\"wp-page\" data-elementor-id=\"502796\" class=\"elementor elementor-502796 elementor-438250\" data-elementor-post-type=\"page\">\n\t\t\t\t\t\t<section class=\"elementor-section elementor-top-section elementor-element elementor-element-4c51e663 elementor-section-boxed elementor-section-height-default elementor-section-height-default\" data-id=\"4c51e663\" data-element_type=\"section\">\n\t\t\t\t\t\t<div class=\"elementor-container elementor-column-gap-default\">\n\t\t\t\t\t<div class=\"elementor-column elementor-col-100 elementor-top-column elementor-element elementor-element-37a6ccf5\" data-id=\"37a6ccf5\" data-element_type=\"column\">\n\t\t\t<div class=\"elementor-widget-wrap elementor-element-populated\">\n\t\t\t\t\t\t<div class=\"elementor-element elementor-element-7198916c elementor-widget elementor-widget-text-editor\" data-id=\"7198916c\" data-element_type=\"widget\" data-widget_type=\"text-editor.default\">\n\t\t\t\t<div class=\"elementor-widget-container\">\n\t\t\t\t\t\t\t<h2>Per qu\u00e8 hauries de llogar un pis en el G\u00f2tic?<\/h2><p><a href=\"https:\/\/locabarcelona.egluu.com\/ca\/\">Loca Barcelona<\/a> ofereix una selecci\u00f3 \u00fanica de pisos en lloguer al barri G\u00f3tic, que proporcionen comoditat en un espai \u00fanic conservant el seu aut\u00e8ntic encant. Consulta ara la nostra selecci\u00f3 de lloguers i troba el teu pis perfecte a Barcelona.<\/p><p>El G\u00f2tic \u00e9s el barri medieval i hist\u00f2ric de la ciutat de Barcelona, i est\u00e0 format per petits i encantadors carrers amb una arquitectura \u00fanica. \u00c9s el lloc perfecte per a perdre&#8217;s dins d&#8217;un laberint de petites places quadrades i submergir-se en la hist\u00f2ria de Barcelona. \u00c9s un dels quatre barris del <strong>districte de Ciutat Vella<\/strong>, confrontant amb <strong>el Born, el Raval i la Barceloneta<\/strong>.<\/p><p>En aquest barri es poden admirar les ru\u00efnes i l&#8217;arquitectura romana entre altres vestigis del passat, com la Catedral de Barcelona i algunes famoses esgl\u00e9sies. Tamb\u00e9 trobar\u00e0s l&#8217;Ajuntament de Barcelona i l&#8217;edifici de la Generalitat a la pla\u00e7a de Sant Jaume, considerada el centre pol\u00edtic de Catalunya. El barri tamb\u00e9 compta amb moltes places, com la Pla\u00e7a Reial i la Pla\u00e7a del Rei, on \u00e9s molt recomanable detenir-se si vols gaudir de Barcelona. Les visites guiades s\u00f3n una bona manera de veure tots aquests monuments i d&#8217;aprendre m\u00e9s sobre la hist\u00f2ria de Barcelona. Aquesta zona \u00e9s perfecta si vols <strong>llogar un pis en el centre de Barcelona<\/strong>, prop dels llocs tur\u00edstics.<\/p><p>A m\u00e9s, en aquesta zona es pot passejar per la famosa Rambla que porta a Pla\u00e7a Catalunya, des d&#8217;on es pot anar al <strong>Passeig de Gr\u00e0cia<\/strong> per a anar de compres, o per a descobrir els seus nombrosos llocs d&#8217;inter\u00e8s com la Casa Batll\u00f3. Tamb\u00e9 trobar\u00e0s el Portal de l\u2019Angel, una popular destinaci\u00f3 tur\u00edstica, amb famoses botigues de moda r\u00e0pida que van des de Zara fins a H&amp;M i Stradivarius.<\/p><p>En el G\u00f2tic es troba una gran varietat de bars i restaurants. La majoria dels restaurants de la ciutat tenen l&#8217;atmosfera m\u00e0gica de la Catalunya mediterr\u00e0nia. Podr\u00e0s gaudir d&#8217;aut\u00e8ntiques tapes i especialitats locals en restaurants com La Granja i El Pla o La Plata. Tamb\u00e9 hi ha restaurants de cuina internacional, com el restaurant japon\u00e8s, Shunka.<\/p><p>El G\u00f2tic sol ser un dels principals destins per als turistes que busquen un pis de lloguer per a una <a href=\"https:\/\/locabarcelona.egluu.com\/ca\/property-status\/lloguer-de-temporada\/\">curta estada<\/a> a Barcelona. Loca Barcelona ofereix una \u00e0mplia gamma de <a href=\"https:\/\/locabarcelona.egluu.com\/ca\/property-status\/lloguer-turistic\/\">lloguers tur\u00edstics<\/a> en l&#8217;\u00e0rea del G\u00f2tic per a triar. Aquests pisos estan <strong>totalment moblats i equipats<\/strong> amb WIFI incl\u00f2s. La nostra selecci\u00f3 tamb\u00e9 inclou una \u00e0mplia s\u00e8rie de pisos de lloguer mensual o anual. Des de pisos amb terrassa fins a \u00e0tics i pisos familiars de 4 habitacions, ho tenim tot!<\/p><h2>Quins s\u00f3n els avantatges de llogar un pis en el barri G\u00f2tic?<\/h2><p>La zona no solament est\u00e0 impregnada d&#8217;hist\u00f2ria, sin\u00f3 que cont\u00e9 nombroses atraccions tur\u00edstiques per a tots els gustos, des de visites culturals a llocs d&#8217;inter\u00e8s com la <strong>Catedral de Santa Eul\u00e1lia de Barcelona<\/strong>, fins a activitats infantils, passant per una animada vida nocturna, platges i altres activitats igualment emocionants. Aquesta \u00e0mplia oferta la converteix en un lloc perfecte per a tota mena de viatgers. Tant si busca un ampli pis de diverses habitacions com un estudi, tenim molts pisos en lloguer que s&#8217;adapten a les teves necessitats.<\/p><p>A m\u00e9s, com s&#8217;ha esmentat anteriorment, la c\u00e8ntrica ubicaci\u00f3 de la zona la converteix en un lloc ideal per a viure per a aquells que busquen submergir-se en el cor de l&#8217;activitat de la ciutat. <a href=\"https:\/\/locabarcelona.egluu.com\/ca\/sobre-nosaltres\/contactans\/\">Contacta amb nosaltres<\/a> ara i permeti&#8217;ns ajudar-lo a trobar el teu lloguer en el barri G\u00f2tic.<\/p>\t\t\t\t\t\t<\/div>\n\t\t\t\t<\/div>\n\t\t\t\t<div class=\"elementor-element elementor-element-dcdb7f3 elementor-widget elementor-widget-spacer\" data-id=\"dcdb7f3\" data-element_type=\"widget\" data-widget_type=\"spacer.default\">\n\t\t\t\t<div class=\"elementor-widget-container\">\n\t\t\t\t\t<div class=\"elementor-spacer\">\n\t\t\t<div class=\"elementor-spacer-inner\"><\/div>\n\t\t<\/div>\n\t\t\t\t<\/div>\n\t\t\t\t<\/div>\n\t\t\t\t\t<\/div>\n\t\t<\/div>\n\t\t\t\t\t<\/div>\n\t\t<\/section>\n\t\t<div class=\"elementor-element elementor-element-6e7c808 e-flex e-con-boxed e-con e-parent\" data-id=\"6e7c808\" data-element_type=\"container\">\n\t\t\t\t\t<div class=\"e-con-inner\">\n\t\t\t\t<div class=\"elementor-element elementor-element-545bb30 elementor-widget elementor-widget-template\" data-id=\"545bb30\" data-element_type=\"widget\" data-widget_type=\"template.default\">\n\t\t\t\t<div class=\"elementor-widget-container\">\n\t\t\t\t\t<div class=\"elementor-template\">\n\t\t\t\t\t<div data-elementor-type=\"section\" data-elementor-id=\"505205\" class=\"elementor elementor-505205\" data-elementor-post-type=\"elementor_library\">\n\t\t\t\t\t<section class=\"elementor-section elementor-top-section elementor-element elementor-element-4110c1e8 elementor-section-boxed elementor-section-height-default elementor-section-height-default\" data-id=\"4110c1e8\" data-element_type=\"section\">\n\t\t\t\t\t\t<div class=\"elementor-container elementor-column-gap-default\">\n\t\t\t\t\t<div class=\"elementor-column elementor-col-100 elementor-top-column elementor-element elementor-element-13193eda\" data-id=\"13193eda\" data-element_type=\"column\">\n\t\t\t<div class=\"elementor-widget-wrap elementor-element-populated\">\n\t\t\t\t\t\t<div class=\"elementor-element elementor-element-7a37c6cb elementor-widget elementor-widget-heading\" data-id=\"7a37c6cb\" data-element_type=\"widget\" data-widget_type=\"heading.default\">\n\t\t\t\t<div class=\"elementor-widget-container\">\n\t\t\t<h2 class=\"elementor-heading-title elementor-size-default\">Cerques freq\u00fcents<\/h2>\t\t<\/div>\n\t\t\t\t<\/div>\n\t\t\t\t\t<\/div>\n\t\t<\/div>\n\t\t\t\t\t<\/div>\n\t\t<\/section>\n\t\t\t\t<\/div>\n\t\t\t\t<\/div>\n\t\t\t\t<\/div>\n\t\t\t\t<\/div>\n\t\t\t\t\t<\/div>\n\t\t\t\t<\/div>\n\t\t<div class=\"elementor-element elementor-element-c6b75e7 e-flex e-con-boxed e-con e-parent\" data-id=\"c6b75e7\" data-element_type=\"container\">\n\t\t\t\t\t<div class=\"e-con-inner\">\n\t\t\t\t<div class=\"elementor-element elementor-element-983efd1 elementor-widget elementor-widget-template\" data-id=\"983efd1\" data-element_type=\"widget\" data-widget_type=\"template.default\">\n\t\t\t\t<div class=\"elementor-widget-container\">\n\t\t\t\t\t<div class=\"elementor-template\">\n\t\t\t\t\t<div data-elementor-type=\"section\" data-elementor-id=\"505202\" class=\"elementor elementor-505202\" data-elementor-post-type=\"elementor_library\">\n\t\t\t\t\t<section class=\"elementor-section elementor-top-section elementor-element elementor-element-32ed3dff elementor-section-boxed elementor-section-height-default elementor-section-height-default\" data-id=\"32ed3dff\" data-element_type=\"section\">\n\t\t\t\t\t\t<div class=\"elementor-container elementor-column-gap-default\">\n\t\t\t\t\t<div class=\"elementor-column elementor-col-50 elementor-top-column elementor-element elementor-element-5ebef740\" data-id=\"5ebef740\" data-element_type=\"column\">\n\t\t\t<div class=\"elementor-widget-wrap elementor-element-populated\">\n\t\t\t\t\t\t<div class=\"elementor-element elementor-element-1d7c6e8d elementor-widget elementor-widget-text-editor\" data-id=\"1d7c6e8d\" data-element_type=\"widget\" data-widget_type=\"text-editor.default\">\n\t\t\t\t<div class=\"elementor-widget-container\">\n\t\t\t\t\t\t\t<p>Pisos d&#8217;estudiants<\/p><p>Pisos per compartir<\/p><p>Pisos de lloguer moblats<\/p><p>Estudi de lloguer<\/p>\t\t\t\t\t\t<\/div>\n\t\t\t\t<\/div>\n\t\t\t\t\t<\/div>\n\t\t<\/div>\n\t\t\t\t<div class=\"elementor-column elementor-col-50 elementor-top-column elementor-element elementor-element-1348ec33\" data-id=\"1348ec33\" data-element_type=\"column\">\n\t\t\t<div class=\"elementor-widget-wrap elementor-element-populated\">\n\t\t\t\t\t\t<div class=\"elementor-element elementor-element-293c3717 elementor-widget elementor-widget-text-editor\" data-id=\"293c3717\" data-element_type=\"widget\" data-widget_type=\"text-editor.default\">\n\t\t\t\t<div class=\"elementor-widget-container\">\n\t\t\t\t\t\t\t<p>Pis amb terrassa<\/p><p>Pis amb \u00e1tic<\/p><p>Pisos de 2 habitacions<\/p><p>Pisos de 3 habitacions<\/p>\t\t\t\t\t\t<\/div>\n\t\t\t\t<\/div>\n\t\t\t\t\t<\/div>\n\t\t<\/div>\n\t\t\t\t\t<\/div>\n\t\t<\/section>\n\t\t\t\t<\/div>\n\t\t\t\t<\/div>\n\t\t\t\t<\/div>\n\t\t\t\t<\/div>\n\t\t\t\t\t<\/div>\n\t\t\t\t<\/div>\n\t\t<div class=\"elementor-element elementor-element-b499716 e-flex e-con-boxed e-con e-parent\" data-id=\"b499716\" data-element_type=\"container\">\n\t\t\t\t\t<div class=\"e-con-inner\">\n\t\t\t\t<div class=\"elementor-element elementor-element-6ba1c78 elementor-widget elementor-widget-template\" data-id=\"6ba1c78\" data-element_type=\"widget\" data-widget_type=\"template.default\">\n\t\t\t\t<div class=\"elementor-widget-container\">\n\t\t\t\t\t<div class=\"elementor-template\">\n\t\t\t\t\t<div data-elementor-type=\"section\" data-elementor-id=\"503025\" class=\"elementor elementor-503025\" data-elementor-post-type=\"elementor_library\">\n\t\t\t\t\t<section class=\"elementor-section elementor-top-section elementor-element elementor-element-20934a28 elementor-section-boxed elementor-section-height-default elementor-section-height-default\" data-id=\"20934a28\" data-element_type=\"section\">\n\t\t\t\t\t\t<div class=\"elementor-container elementor-column-gap-default\">\n\t\t\t\t\t<div class=\"elementor-column elementor-col-100 elementor-top-column elementor-element elementor-element-491e3794\" data-id=\"491e3794\" data-element_type=\"column\">\n\t\t\t<div class=\"elementor-widget-wrap elementor-element-populated\">\n\t\t\t\t\t\t<div class=\"elementor-element elementor-element-42f3eb2e elementor-widget elementor-widget-heading\" data-id=\"42f3eb2e\" data-element_type=\"widget\" data-widget_type=\"heading.default\">\n\t\t\t\t<div class=\"elementor-widget-container\">\n\t\t\t<h2 class=\"elementor-heading-title elementor-size-default\">Pisos de lloguer per districte\n<\/h2>\t\t<\/div>\n\t\t\t\t<\/div>\n\t\t\t\t\t<\/div>\n\t\t<\/div>\n\t\t\t\t\t<\/div>\n\t\t<\/section>\n\t\t\t\t<\/div>\n\t\t\t\t<\/div>\n\t\t\t\t<\/div>\n\t\t\t\t<\/div>\n\t\t\t\t\t<\/div>\n\t\t\t\t<\/div>\n\t\t<div class=\"elementor-element elementor-element-9c3b2bd e-flex e-con-boxed e-con e-parent\" data-id=\"9c3b2bd\" data-element_type=\"container\">\n\t\t\t\t\t<div class=\"e-con-inner\">\n\t\t\t\t<div class=\"elementor-element elementor-element-a38420a elementor-widget elementor-widget-template\" data-id=\"a38420a\" data-element_type=\"widget\" data-widget_type=\"template.default\">\n\t\t\t\t<div class=\"elementor-widget-container\">\n\t\t\t\t\t<div class=\"elementor-template\">\n\t\t\t\t\t<div data-elementor-type=\"section\" data-elementor-id=\"503028\" class=\"elementor elementor-503028\" data-elementor-post-type=\"elementor_library\">\n\t\t\t\t\t<section class=\"elementor-section elementor-top-section elementor-element elementor-element-23b61a6e elementor-section-boxed elementor-section-height-default elementor-section-height-default\" data-id=\"23b61a6e\" data-element_type=\"section\">\n\t\t\t\t\t\t<div class=\"elementor-container elementor-column-gap-default\">\n\t\t\t\t\t<div class=\"elementor-column elementor-col-50 elementor-top-column elementor-element elementor-element-7d34eead\" data-id=\"7d34eead\" data-element_type=\"column\">\n\t\t\t<div class=\"elementor-widget-wrap elementor-element-populated\">\n\t\t\t\t\t\t<div class=\"elementor-element elementor-element-2077e878 elementor-widget elementor-widget-text-editor\" data-id=\"2077e878\" data-element_type=\"widget\" data-widget_type=\"text-editor.default\">\n\t\t\t\t<div class=\"elementor-widget-container\">\n\t\t\t\t\t\t\t<p><a href=\"https:\/\/locabarcelona.egluu.com\/ca\/lloguer-pisos\/eixample\/\">Pisos de lloguer a l&#8217;Eixample<\/a><br \/>Pisos de lloguer a Eixample Dreta<br \/>Pisos de lloguer a l&#8217;Antiga Esquerra de l&#8217;Eixample<br \/>Pisos de lloguer Nova Esquerra de l&#8217;Eixample<br \/>Pisos de lloguer a Fort Pienc<br \/><a href=\"https:\/\/locabarcelona.egluu.com\/ca\/lloguer-pisos\/sagrada-familia\/\">Pisos de lloguer a la Sagrada Fam\u00edlia<\/a><br \/><a href=\"https:\/\/locabarcelona.egluu.com\/ca\/lloguer-pisos\/sant-antoni\/\">Pisos de lloguer a Sant antoni<\/a><br \/><a href=\"https:\/\/locabarcelona.egluu.com\/ca\/lloguer-pisos\/ciutat-vella\/\">Pisos de lloguer a Ciutat Vella<\/a><br \/><a href=\"https:\/\/locabarcelona.egluu.com\/ca\/lloguer-pisos\/barri-gotic\/\">Pisos de lloguer en el G\u00f3tic<\/a><br \/><a href=\"https:\/\/locabarcelona.egluu.com\/ca\/lloguer-pisos\/el-raval\/\">Pisos de lloguer en el Raval<\/a><br \/><a href=\"https:\/\/locabarcelona.egluu.com\/ca\/lloguer-pisos\/el-born\/\">Pisos de lloguer en el Born<\/a><br \/><a href=\"https:\/\/locabarcelona.egluu.com\/ca\/lloguer-pisos\/la-barceloneta\/\">Pisos de lloguer a Barceloneta<\/a><br \/><a href=\"https:\/\/locabarcelona.egluu.com\/ca\/lloguer-pisos\/sants-montjuic\/\">Pisos de lloguer a Sants-Montju\u00efc<\/a><br \/><a href=\"https:\/\/locabarcelona.egluu.com\/ca\/lloguer-pisos\/poble-sec\/\">Pisos de lloguer a Poble Sec<\/a><br \/>Pisos de lloguer a Sants<br \/>Pisos de lloguer en El Putxet i Farr\u00f3<br \/>Pisos de lloguer en Les Tres Torres<br \/>Pisos de lloguer a Montju\u00efc<\/p>\t\t\t\t\t\t<\/div>\n\t\t\t\t<\/div>\n\t\t\t\t\t<\/div>\n\t\t<\/div>\n\t\t\t\t<div class=\"elementor-column elementor-col-50 elementor-top-column elementor-element elementor-element-2440c647\" data-id=\"2440c647\" data-element_type=\"column\">\n\t\t\t<div class=\"elementor-widget-wrap elementor-element-populated\">\n\t\t\t\t\t\t<div class=\"elementor-element elementor-element-7395001f elementor-widget elementor-widget-text-editor\" data-id=\"7395001f\" data-element_type=\"widget\" data-widget_type=\"text-editor.default\">\n\t\t\t\t<div class=\"elementor-widget-container\">\n\t\t\t\t\t\t\t<p><a href=\"https:\/\/locabarcelona.egluu.com\/ca\/lloguer-pisos\/les-corts\/\">Pisos de lloguer a les Corts<\/a><br \/><a href=\"https:\/\/locabarcelona.egluu.com\/ca\/lloguer-pisos\/pedralbes\/\">Pisos de lloguer a Pedralbes<\/a><br \/><a href=\"https:\/\/locabarcelona.egluu.com\/ca\/lloguer-pisos\/sarria-sant-gervasi\/\">Pisos de lloguer a Sarri\u00e0 Sant Gervasi<\/a><br \/><a href=\"https:\/\/locabarcelona.egluu.com\/ca\/lloguer-pisos\/sarria\/\">Pisos de lloguer a Sarri\u00e0<\/a><br \/><a href=\"https:\/\/locabarcelona.egluu.com\/ca\/lloguer-pisos\/gracia\/\">Pisos de lloguer a Gr\u00e0cia<\/a><br \/>Pisos de lloguer a Vila de Gr\u00e0cia<br \/><a href=\"https:\/\/locabarcelona.egluu.com\/ca\/lloguer-pisos\/horta-guinardo\/\">Pisos de lloguer a Horta Guinard\u00f3<\/a><br \/><a href=\"https:\/\/locabarcelona.egluu.com\/ca\/lloguer-pisos\/nou-barris\/\">Pisos de lloguer a Nou Barris<\/a><br \/>Pisos de lloguer a Sant Andreu<br \/><a href=\"https:\/\/locabarcelona.egluu.com\/ca\/lloguer-pisos\/sant-marti\/\">Pisos de lloguer a Sant Mart\u00ed<\/a><br \/><a href=\"https:\/\/locabarcelona.egluu.com\/ca\/lloguer-pisos\/el-clot\/\">Pisos de lloguer en el Clot<\/a><br \/>Pisos de lloguer a La Vila Ol\u00edmpica del Poblenou<br \/><a href=\"https:\/\/locabarcelona.egluu.com\/ca\/lloguer-pisos\/poblenou\/\">Pisos de lloguer a Poblenou<\/a><br \/><a href=\"https:\/\/locabarcelona.egluu.com\/ca\/lloguer-pisos\/diagonal-mar\/\">Pisos de lloguer a Diagonal Mar<\/a><br \/>Pisos de lloguer a Sant Gervasi \u2013 la Bonanova<br \/>Pisos de lloguer a Sant Gervasi Galvany<br \/><a href=\"https:\/\/locabarcelona.egluu.com\/ca\/lloguer-pisos\/zona-franca\/\">Pisos de lloguer a Zona Franca<\/a><br \/>Pisos de lloguer a Sants Badal<\/p>\t\t\t\t\t\t<\/div>\n\t\t\t\t<\/div>\n\t\t\t\t\t<\/div>\n\t\t<\/div>\n\t\t\t\t\t<\/div>\n\t\t<\/section>\n\t\t\t\t<\/div>\n\t\t\t\t<\/div>\n\t\t\t\t<\/div>\n\t\t\t\t<\/div>\n\t\t\t\t\t<\/div>\n\t\t\t\t<\/div>\n\t\t\t\t<\/div>\n\t\t","protected":false},"excerpt":{"rendered":"<p>Per qu\u00e8 hauries de llogar un pis en el G\u00f2tic? Loca Barcelona ofereix una selecci\u00f3 \u00fanica de pisos en lloguer al barri G\u00f3tic, que proporcionen comoditat en un espai \u00fanic conservant el seu aut\u00e8ntic encant. Consulta ara la nostra selecci\u00f3 de lloguers i troba el teu pis perfecte a Barcelona. El G\u00f2tic \u00e9s el barri&#8230;<\/p>\n","protected":false},"author":344,"featured_media":0,"parent":502792,"menu_order":0,"comment_status":"closed","ping_status":"closed","template":"templates\/list-layout.php","meta":{"inline_featured_image":false,"footnotes":""},"yoast_head":"<!-- This site is optimized with the Yoast SEO Premium plugin v22.6 (Yoast SEO v22.6) - https:\/\/yoast.com\/wordpress\/plugins\/seo\/ -->\n<title>Lloguer de Pisos en el Barri G\u00f3tic Barcelona | Loca Barcelona<\/title>\n<meta name=\"description\" content=\"Cerques un lloguer de pisos al Barri G\u00f2tic? Descobreix tot el que necessites saber sobre el lloguer a Barcelona amb Loca Barcelona. Escull ja el teu allotjament!\" \/>\n<meta name=\"robots\" content=\"noindex, follow, max-snippet:-1, max-image-preview:large, max-video-preview:-1\" \/>\n<meta property=\"og:locale\" content=\"ca_ES\" \/>\n<meta property=\"og:type\" content=\"article\" \/>\n<meta property=\"og:title\" content=\"Lloguer de Pisos en el Barri G\u00f3tic Barcelona | Loca Barcelona\" \/>\n<meta property=\"og:description\" content=\"Cerques un lloguer de pisos al Barri G\u00f2tic? Descobreix tot el que necessites saber sobre el lloguer a Barcelona amb Loca Barcelona. Escull ja el teu allotjament!\" \/>\n<meta property=\"og:url\" content=\"https:\/\/locabarcelona.egluu.com\/ca\/lloguer-pisos\/barri-gotic\/\" \/>\n<meta property=\"og:site_name\" content=\"Locabarcelona\" \/>\n<meta property=\"article:modified_time\" content=\"2023-12-06T13:00:32+00:00\" \/>\n<meta name=\"twitter:card\" content=\"summary_large_image\" \/>\n<meta name=\"twitter:label1\" content=\"Est. reading time\" \/>\n\t<meta name=\"twitter:data1\" content=\"6 minuts\" \/>\n<script type=\"application\/ld+json\" class=\"yoast-schema-graph\">{\"@context\":\"https:\/\/schema.org\",\"@graph\":[{\"@type\":\"WebPage\",\"@id\":\"https:\/\/locabarcelona.egluu.com\/ca\/lloguer-pisos\/barri-gotic\/\",\"url\":\"https:\/\/locabarcelona.egluu.com\/ca\/lloguer-pisos\/barri-gotic\/\",\"name\":\"Lloguer de Pisos en el Barri G\u00f3tic Barcelona | Loca Barcelona\",\"isPartOf\":{\"@id\":\"https:\/\/locabarcelona.egluu.com\/ca\/#website\"},\"datePublished\":\"2023-11-23T10:06:31+00:00\",\"dateModified\":\"2023-12-06T13:00:32+00:00\",\"description\":\"Cerques un lloguer de pisos al Barri G\u00f2tic? Descobreix tot el que necessites saber sobre el lloguer a Barcelona amb Loca Barcelona. Escull ja el teu allotjament!\",\"breadcrumb\":{\"@id\":\"https:\/\/locabarcelona.egluu.com\/ca\/lloguer-pisos\/barri-gotic\/#breadcrumb\"},\"inLanguage\":\"ca\",\"potentialAction\":[{\"@type\":\"ReadAction\",\"target\":[\"https:\/\/locabarcelona.egluu.com\/ca\/lloguer-pisos\/barri-gotic\/\"]}]},{\"@type\":\"BreadcrumbList\",\"@id\":\"https:\/\/locabarcelona.egluu.com\/ca\/lloguer-pisos\/barri-gotic\/#breadcrumb\",\"itemListElement\":[{\"@type\":\"ListItem\",\"position\":1,\"name\":\"Inicio\",\"item\":\"https:\/\/www.locabarcelona.com\/ca\/home\/\"},{\"@type\":\"ListItem\",\"position\":2,\"name\":\"Ag\u00e8ncia De Lloguer De Pisos A Barcelona\",\"item\":\"https:\/\/www.locabarcelona.com\/ca\/lloguer-pisos\/\"},{\"@type\":\"ListItem\",\"position\":3,\"name\":\"Lloguer de Pisos en el Barri G\u00f2tic\"}]},{\"@type\":\"WebSite\",\"@id\":\"https:\/\/locabarcelona.egluu.com\/ca\/#website\",\"url\":\"https:\/\/locabarcelona.egluu.com\/ca\/\",\"name\":\"Loca Barcelona\",\"description\":\"Real Estate Services\",\"publisher\":{\"@id\":\"https:\/\/locabarcelona.egluu.com\/ca\/#organization\"},\"potentialAction\":[{\"@type\":\"SearchAction\",\"target\":{\"@type\":\"EntryPoint\",\"urlTemplate\":\"https:\/\/locabarcelona.egluu.com\/ca\/?s={search_term_string}\"},\"query-input\":\"required name=search_term_string\"}],\"inLanguage\":\"ca\"},{\"@type\":\"Organization\",\"@id\":\"https:\/\/locabarcelona.egluu.com\/ca\/#organization\",\"name\":\"Loca Barcelona\",\"url\":\"https:\/\/locabarcelona.egluu.com\/ca\/\",\"logo\":{\"@type\":\"ImageObject\",\"inLanguage\":\"ca\",\"@id\":\"https:\/\/locabarcelona.egluu.com\/ca\/#\/schema\/logo\/image\/\",\"url\":\"https:\/\/locabarcelona.egluu.com\/wp-content\/uploads\/2021\/10\/logo_locabarcelona_small.png\",\"contentUrl\":\"https:\/\/locabarcelona.egluu.com\/wp-content\/uploads\/2021\/10\/logo_locabarcelona_small.png\",\"width\":250,\"height\":149,\"caption\":\"Loca Barcelona\"},\"image\":{\"@id\":\"https:\/\/locabarcelona.egluu.com\/ca\/#\/schema\/logo\/image\/\"}}]}<\/script>\n<!-- \/ Yoast SEO Premium plugin. -->","yoast_head_json":{"title":"Lloguer de Pisos en el Barri G\u00f3tic Barcelona | Loca Barcelona","description":"Cerques un lloguer de pisos al Barri G\u00f2tic? Descobreix tot el que necessites saber sobre el lloguer a Barcelona amb Loca Barcelona. Escull ja el teu allotjament!","robots":{"index":"noindex","follow":"follow","max-snippet":"max-snippet:-1","max-image-preview":"max-image-preview:large","max-video-preview":"max-video-preview:-1"},"og_locale":"ca_ES","og_type":"article","og_title":"Lloguer de Pisos en el Barri G\u00f3tic Barcelona | Loca Barcelona","og_description":"Cerques un lloguer de pisos al Barri G\u00f2tic? Descobreix tot el que necessites saber sobre el lloguer a Barcelona amb Loca Barcelona. Escull ja el teu allotjament!","og_url":"https:\/\/locabarcelona.egluu.com\/ca\/lloguer-pisos\/barri-gotic\/","og_site_name":"Locabarcelona","article_modified_time":"2023-12-06T13:00:32+00:00","twitter_card":"summary_large_image","twitter_misc":{"Est. reading time":"6 minuts"},"schema":{"@context":"https:\/\/schema.org","@graph":[{"@type":"WebPage","@id":"https:\/\/locabarcelona.egluu.com\/ca\/lloguer-pisos\/barri-gotic\/","url":"https:\/\/locabarcelona.egluu.com\/ca\/lloguer-pisos\/barri-gotic\/","name":"Lloguer de Pisos en el Barri G\u00f3tic Barcelona | Loca Barcelona","isPartOf":{"@id":"https:\/\/locabarcelona.egluu.com\/ca\/#website"},"datePublished":"2023-11-23T10:06:31+00:00","dateModified":"2023-12-06T13:00:32+00:00","description":"Cerques un lloguer de pisos al Barri G\u00f2tic? Descobreix tot el que necessites saber sobre el lloguer a Barcelona amb Loca Barcelona. Escull ja el teu allotjament!","breadcrumb":{"@id":"https:\/\/locabarcelona.egluu.com\/ca\/lloguer-pisos\/barri-gotic\/#breadcrumb"},"inLanguage":"ca","potentialAction":[{"@type":"ReadAction","target":["https:\/\/locabarcelona.egluu.com\/ca\/lloguer-pisos\/barri-gotic\/"]}]},{"@type":"BreadcrumbList","@id":"https:\/\/locabarcelona.egluu.com\/ca\/lloguer-pisos\/barri-gotic\/#breadcrumb","itemListElement":[{"@type":"ListItem","position":1,"name":"Inicio","item":"https:\/\/www.locabarcelona.com\/ca\/home\/"},{"@type":"ListItem","position":2,"name":"Ag\u00e8ncia De Lloguer De Pisos A Barcelona","item":"https:\/\/www.locabarcelona.com\/ca\/lloguer-pisos\/"},{"@type":"ListItem","position":3,"name":"Lloguer de Pisos en el Barri G\u00f2tic"}]},{"@type":"WebSite","@id":"https:\/\/locabarcelona.egluu.com\/ca\/#website","url":"https:\/\/locabarcelona.egluu.com\/ca\/","name":"Loca Barcelona","description":"Real Estate Services","publisher":{"@id":"https:\/\/locabarcelona.egluu.com\/ca\/#organization"},"potentialAction":[{"@type":"SearchAction","target":{"@type":"EntryPoint","urlTemplate":"https:\/\/locabarcelona.egluu.com\/ca\/?s={search_term_string}"},"query-input":"required name=search_term_string"}],"inLanguage":"ca"},{"@type":"Organization","@id":"https:\/\/locabarcelona.egluu.com\/ca\/#organization","name":"Loca Barcelona","url":"https:\/\/locabarcelona.egluu.com\/ca\/","logo":{"@type":"ImageObject","inLanguage":"ca","@id":"https:\/\/locabarcelona.egluu.com\/ca\/#\/schema\/logo\/image\/","url":"https:\/\/locabarcelona.egluu.com\/wp-content\/uploads\/2021\/10\/logo_locabarcelona_small.png","contentUrl":"https:\/\/locabarcelona.egluu.com\/wp-content\/uploads\/2021\/10\/logo_locabarcelona_small.png","width":250,"height":149,"caption":"Loca Barcelona"},"image":{"@id":"https:\/\/locabarcelona.egluu.com\/ca\/#\/schema\/logo\/image\/"}}]}},"_links":{"self":[{"href":"https:\/\/locabarcelona.egluu.com\/ca\/wp-json\/wp\/v2\/pages\/502796"}],"collection":[{"href":"https:\/\/locabarcelona.egluu.com\/ca\/wp-json\/wp\/v2\/pages"}],"about":[{"href":"https:\/\/locabarcelona.egluu.com\/ca\/wp-json\/wp\/v2\/types\/page"}],"author":[{"embeddable":true,"href":"https:\/\/locabarcelona.egluu.com\/ca\/wp-json\/wp\/v2\/users\/344"}],"replies":[{"embeddable":true,"href":"https:\/\/locabarcelona.egluu.com\/ca\/wp-json\/wp\/v2\/comments?post=502796"}],"version-history":[{"count":0,"href":"https:\/\/locabarcelona.egluu.com\/ca\/wp-json\/wp\/v2\/pages\/502796\/revisions"}],"up":[{"embeddable":true,"href":"https:\/\/locabarcelona.egluu.com\/ca\/wp-json\/wp\/v2\/pages\/502792"}],"wp:attachment":[{"href":"https:\/\/locabarcelona.egluu.com\/ca\/wp-json\/wp\/v2\/media?parent=502796"}],"curies":[{"name":"wp","href":"https:\/\/api.w.org\/{rel}","templated":true}]}}