{"id":505195,"date":"2023-12-06T13:32:54","date_gmt":"2023-12-06T12:32:54","guid":{"rendered":"https:\/\/locabarcelona.egluu.com\/?page_id=505195"},"modified":"2023-12-06T13:45:20","modified_gmt":"2023-12-06T12:45:20","slug":"les-corts","status":"publish","type":"page","link":"https:\/\/locabarcelona.egluu.com\/ca\/lloguer-pisos\/les-corts\/","title":{"rendered":"Lloguer De Pisos A Les Corts"},"content":{"rendered":"\t\t<div data-elementor-type=\"wp-page\" data-elementor-id=\"505195\" class=\"elementor elementor-505195 elementor-444036\" data-elementor-post-type=\"page\">\n\t\t\t\t\t\t<section class=\"elementor-section elementor-top-section elementor-element elementor-element-f6ab816 elementor-section-boxed elementor-section-height-default elementor-section-height-default\" data-id=\"f6ab816\" data-element_type=\"section\">\n\t\t\t\t\t\t<div class=\"elementor-container elementor-column-gap-default\">\n\t\t\t\t\t<div class=\"elementor-column elementor-col-100 elementor-top-column elementor-element elementor-element-25b7c67\" data-id=\"25b7c67\" data-element_type=\"column\">\n\t\t\t<div class=\"elementor-widget-wrap elementor-element-populated\">\n\t\t\t\t\t\t<div class=\"elementor-element elementor-element-75371b8 elementor-widget elementor-widget-text-editor\" data-id=\"75371b8\" data-element_type=\"widget\" data-widget_type=\"text-editor.default\">\n\t\t\t\t<div class=\"elementor-widget-container\">\n\t\t\t\t\t\t\t<h2>Per qu\u00e8 llogar un pis en les Corts?<\/h2><p><a href=\"https:\/\/locabarcelona.egluu.com\/ca\/\">Loca Barcelona<\/a> t\u00e9 una \u00e0mplia selecci\u00f3 de<strong> pisos en lloguer a Les Corts<\/strong>, incloent-hi pisos totalment renovats i espaiosos o pisos per a estudiants. Cerques allotjament per a fam\u00edlies o estudiants? En el barri de Les Corts es poden trobar f\u00e0cilment habitatges d&#8217;entre 2 i 5 habitacions.<\/p><p><strong>El barri de les Corts<\/strong> \u00e9s un dels districtes de negocis de la capital catalana i t\u00e9 moltes connexions r\u00e0pides amb el centre de la ciutat, l&#8217;aeroport i l&#8217;estaci\u00f3 de Sants. De fet, \u00e9s possible arribar al centre de la ciutat en 15 minuts amb metro. A m\u00e9s, l&#8217;estaci\u00f3 de tren de Sants est\u00e0 a poca dist\u00e0ncia i \u00e9s en si mateixa una forma senzilla d&#8217;arribar a l&#8217;aeroport de Barcelona. La zona en si no \u00e9s la m\u00e9s encantadora de la ciutat, per\u00f2 ofereix acc\u00e9s a pisos nous a bon preu mentre es viu prop del centre de la ciutat.<\/p><p>Situat en el nord-oest de la capital catalana, el districte de Les Corts es divideix en tres barris: Les Corts, La Maternitat i Sant Ramon i Pedralbes. En el barri de les Corts no falten bons restaurants i bars de moda on els treballadors agraden de reunir-se al final de la seva jornada. L&#8217;ambient d&#8217;aquesta zona \u00e9s bastant animat a la nit i el centre hist\u00f2ric de la ciutat \u00e9s a prop, la qual cosa atreu a molts estudiants que volen <strong>llogar un pis a Barcelona<\/strong>. Aquesta zona \u00e9s especialment popular entre els estudiants, ja que hi ha diversos clubs nocturns, alguns dels quals s\u00f3n molt elegants. Per a passar una bona estona amb els amics, tamb\u00e9 es pot parar a prendre tapes en un dels bars de la zona.<\/p><p>Si t&#8217;agrada passejar els caps de setmana, el barri de les Corts est\u00e0 a pocs minuts a peu de la famosa <strong>pla\u00e7a de Espanya<\/strong>, en la zona de Montju\u00efc. \u00c9s un dels llocs m\u00e9s importants per a visitar a Barcelona.<\/p><p>Per als aficionats al futbol, Les Corts alberga l&#8217;estadi de futbol del Barcelona, el Camp Nou. Viu un partit del Bar\u00e7a! Si ho desitges, tamb\u00e9 pots visitar l&#8217;estadi fora dels partits i accedir <strong>al museu del Camp Nou.<\/strong> \u00c9s un dels llocs m\u00e9s famosos del m\u00f3n. Entre altres llocs imprescindibles de Les Corts, podr\u00e0s visitar una de les obres mestres de Gaud\u00ed, la Torre Bellesguard. Tamb\u00e9 tindr\u00e0s l&#8217;oportunitat de descobrir el monestir de Pedralbes, que mereix una visita per la seva arquitectura g\u00f2tica catalana.<\/p><h2>Els avantatges de llogar un pis a Les Corts.<\/h2><p>Les Corts \u00e9s una de les zones m\u00e9s estudiantils de la ciutat de Barcelona. De fet, el districte de Les Corts compta amb una zona universit\u00e0ria molt \u00e0mplia que alberga la majoria de les universitats de Barcelona com la <strong>Universitat de Barcelona<\/strong>, l&#8217;Aut\u00f2noma o la Polit\u00e8cnica. Si ets estudiant i cerques un pis de lloguer prop de les universitats, no dubtis a contactar amb els nostres experts perqu\u00e8 t&#8217;ajudin en la teva cerca.<\/p><p>Aquesta zona \u00e9s ideal per a viure a Barcelona, ja que tot est\u00e0 disponible. En primer lloc, a Les Corts trobar\u00e0s diverses instal\u00b7lacions esportives, tant al campus com en les zones municipals. En segon lloc, tindr\u00e0 l&#8217;oportunitat de fer les seves compres en el gran centre comercial de L\u2019Illa. Finalment, si t&#8217;agrada passar temps en espais verds, l&#8217;antic hospital de maternitat del districte est\u00e0 ara obert al p\u00fablic amb el seu agradable jard\u00ed. En el barri de Les Corts no falten llocs tranquils, com la Pla\u00e7a de Comes.<\/p><p>Et convencen els avantatges d&#8217;aquest barri? Consulta la <a href=\"https:\/\/locabarcelona.egluu.com\/ca\/tipus-de-servei\/\">llista de pisos en lloguer<\/a> que ofereix Loca Barcelona.<\/p>\t\t\t\t\t\t<\/div>\n\t\t\t\t<\/div>\n\t\t\t\t\t<\/div>\n\t\t<\/div>\n\t\t\t\t\t<\/div>\n\t\t<\/section>\n\t\t<div class=\"elementor-element elementor-element-6662566 e-flex e-con-boxed e-con e-parent\" data-id=\"6662566\" data-element_type=\"container\">\n\t\t\t\t\t<div class=\"e-con-inner\">\n\t\t\t\t<div class=\"elementor-element elementor-element-78dc0d7 elementor-widget elementor-widget-template\" data-id=\"78dc0d7\" data-element_type=\"widget\" data-widget_type=\"template.default\">\n\t\t\t\t<div class=\"elementor-widget-container\">\n\t\t\t\t\t<div class=\"elementor-template\">\n\t\t\t\t\t<div data-elementor-type=\"section\" data-elementor-id=\"505205\" class=\"elementor elementor-505205\" data-elementor-post-type=\"elementor_library\">\n\t\t\t\t\t<section class=\"elementor-section elementor-top-section elementor-element elementor-element-4110c1e8 elementor-section-boxed elementor-section-height-default elementor-section-height-default\" data-id=\"4110c1e8\" data-element_type=\"section\">\n\t\t\t\t\t\t<div class=\"elementor-container elementor-column-gap-default\">\n\t\t\t\t\t<div class=\"elementor-column elementor-col-100 elementor-top-column elementor-element elementor-element-13193eda\" data-id=\"13193eda\" data-element_type=\"column\">\n\t\t\t<div class=\"elementor-widget-wrap elementor-element-populated\">\n\t\t\t\t\t\t<div class=\"elementor-element elementor-element-7a37c6cb elementor-widget elementor-widget-heading\" data-id=\"7a37c6cb\" data-element_type=\"widget\" data-widget_type=\"heading.default\">\n\t\t\t\t<div class=\"elementor-widget-container\">\n\t\t\t<h2 class=\"elementor-heading-title elementor-size-default\">Cerques freq\u00fcents<\/h2>\t\t<\/div>\n\t\t\t\t<\/div>\n\t\t\t\t\t<\/div>\n\t\t<\/div>\n\t\t\t\t\t<\/div>\n\t\t<\/section>\n\t\t\t\t<\/div>\n\t\t\t\t<\/div>\n\t\t\t\t<\/div>\n\t\t\t\t<\/div>\n\t\t\t\t\t<\/div>\n\t\t\t\t<\/div>\n\t\t<div class=\"elementor-element elementor-element-1a0416e e-flex e-con-boxed e-con e-parent\" data-id=\"1a0416e\" data-element_type=\"container\">\n\t\t\t\t\t<div class=\"e-con-inner\">\n\t\t\t\t<div class=\"elementor-element elementor-element-060c4e9 elementor-widget elementor-widget-template\" data-id=\"060c4e9\" data-element_type=\"widget\" data-widget_type=\"template.default\">\n\t\t\t\t<div class=\"elementor-widget-container\">\n\t\t\t\t\t<div class=\"elementor-template\">\n\t\t\t\t\t<div data-elementor-type=\"section\" data-elementor-id=\"505202\" class=\"elementor elementor-505202\" data-elementor-post-type=\"elementor_library\">\n\t\t\t\t\t<section class=\"elementor-section elementor-top-section elementor-element elementor-element-32ed3dff elementor-section-boxed elementor-section-height-default elementor-section-height-default\" data-id=\"32ed3dff\" data-element_type=\"section\">\n\t\t\t\t\t\t<div class=\"elementor-container elementor-column-gap-default\">\n\t\t\t\t\t<div class=\"elementor-column elementor-col-50 elementor-top-column elementor-element elementor-element-5ebef740\" data-id=\"5ebef740\" data-element_type=\"column\">\n\t\t\t<div class=\"elementor-widget-wrap elementor-element-populated\">\n\t\t\t\t\t\t<div class=\"elementor-element elementor-element-1d7c6e8d elementor-widget elementor-widget-text-editor\" data-id=\"1d7c6e8d\" data-element_type=\"widget\" data-widget_type=\"text-editor.default\">\n\t\t\t\t<div class=\"elementor-widget-container\">\n\t\t\t\t\t\t\t<p>Pisos d&#8217;estudiants<\/p><p>Pisos per compartir<\/p><p>Pisos de lloguer moblats<\/p><p>Estudi de lloguer<\/p>\t\t\t\t\t\t<\/div>\n\t\t\t\t<\/div>\n\t\t\t\t\t<\/div>\n\t\t<\/div>\n\t\t\t\t<div class=\"elementor-column elementor-col-50 elementor-top-column elementor-element elementor-element-1348ec33\" data-id=\"1348ec33\" data-element_type=\"column\">\n\t\t\t<div class=\"elementor-widget-wrap elementor-element-populated\">\n\t\t\t\t\t\t<div class=\"elementor-element elementor-element-293c3717 elementor-widget elementor-widget-text-editor\" data-id=\"293c3717\" data-element_type=\"widget\" data-widget_type=\"text-editor.default\">\n\t\t\t\t<div class=\"elementor-widget-container\">\n\t\t\t\t\t\t\t<p>Pis amb terrassa<\/p><p>Pis amb \u00e1tic<\/p><p>Pisos de 2 habitacions<\/p><p>Pisos de 3 habitacions<\/p>\t\t\t\t\t\t<\/div>\n\t\t\t\t<\/div>\n\t\t\t\t\t<\/div>\n\t\t<\/div>\n\t\t\t\t\t<\/div>\n\t\t<\/section>\n\t\t\t\t<\/div>\n\t\t\t\t<\/div>\n\t\t\t\t<\/div>\n\t\t\t\t<\/div>\n\t\t\t\t\t<\/div>\n\t\t\t\t<\/div>\n\t\t\t\t<section class=\"elementor-section elementor-top-section elementor-element elementor-element-d9c779b elementor-section-boxed elementor-section-height-default elementor-section-height-default\" data-id=\"d9c779b\" data-element_type=\"section\">\n\t\t\t\t\t\t<div class=\"elementor-container elementor-column-gap-default\">\n\t\t\t\t\t<div class=\"elementor-column elementor-col-100 elementor-top-column elementor-element elementor-element-8fad400\" data-id=\"8fad400\" data-element_type=\"column\">\n\t\t\t<div class=\"elementor-widget-wrap elementor-element-populated\">\n\t\t\t\t\t\t<div class=\"elementor-element elementor-element-0aec6e7 elementor-widget elementor-widget-template\" data-id=\"0aec6e7\" data-element_type=\"widget\" data-widget_type=\"template.default\">\n\t\t\t\t<div class=\"elementor-widget-container\">\n\t\t\t\t\t<div class=\"elementor-template\">\n\t\t\t\t\t<div data-elementor-type=\"section\" data-elementor-id=\"503025\" class=\"elementor elementor-503025\" data-elementor-post-type=\"elementor_library\">\n\t\t\t\t\t<section class=\"elementor-section elementor-top-section elementor-element elementor-element-20934a28 elementor-section-boxed elementor-section-height-default elementor-section-height-default\" data-id=\"20934a28\" data-element_type=\"section\">\n\t\t\t\t\t\t<div class=\"elementor-container elementor-column-gap-default\">\n\t\t\t\t\t<div class=\"elementor-column elementor-col-100 elementor-top-column elementor-element elementor-element-491e3794\" data-id=\"491e3794\" data-element_type=\"column\">\n\t\t\t<div class=\"elementor-widget-wrap elementor-element-populated\">\n\t\t\t\t\t\t<div class=\"elementor-element elementor-element-42f3eb2e elementor-widget elementor-widget-heading\" data-id=\"42f3eb2e\" data-element_type=\"widget\" data-widget_type=\"heading.default\">\n\t\t\t\t<div class=\"elementor-widget-container\">\n\t\t\t<h2 class=\"elementor-heading-title elementor-size-default\">Pisos de lloguer per districte\n<\/h2>\t\t<\/div>\n\t\t\t\t<\/div>\n\t\t\t\t\t<\/div>\n\t\t<\/div>\n\t\t\t\t\t<\/div>\n\t\t<\/section>\n\t\t\t\t<\/div>\n\t\t\t\t<\/div>\n\t\t\t\t<\/div>\n\t\t\t\t<\/div>\n\t\t\t\t\t<\/div>\n\t\t<\/div>\n\t\t\t\t\t<\/div>\n\t\t<\/section>\n\t\t\t\t<section class=\"elementor-section elementor-top-section elementor-element elementor-element-4addd0a elementor-section-boxed elementor-section-height-default elementor-section-height-default\" data-id=\"4addd0a\" data-element_type=\"section\">\n\t\t\t\t\t\t<div class=\"elementor-container elementor-column-gap-default\">\n\t\t\t\t\t<div class=\"elementor-column elementor-col-50 elementor-top-column elementor-element elementor-element-0a6ed3c\" data-id=\"0a6ed3c\" data-element_type=\"column\">\n\t\t\t<div class=\"elementor-widget-wrap elementor-element-populated\">\n\t\t\t\t\t\t<div class=\"elementor-element elementor-element-5508e62 elementor-widget elementor-widget-text-editor\" data-id=\"5508e62\" data-element_type=\"widget\" data-widget_type=\"text-editor.default\">\n\t\t\t\t<div class=\"elementor-widget-container\">\n\t\t\t\t\t\t\t<p><a href=\"https:\/\/locabarcelona.egluu.com\/ca\/lloguer-pisos\/eixample\/\">Pisos de lloguer a l&#8217;Eixample<\/a><br \/>Pisos de lloguer a Eixample Dreta<br \/>Pisos de lloguer a l&#8217;Antiga Esquerra de l&#8217;Eixample<br \/>Pisos de lloguer Nova Esquerra de l&#8217;Eixample<br \/>Pisos de lloguer a Fort Pienc<br \/><a href=\"https:\/\/locabarcelona.egluu.com\/ca\/lloguer-pisos\/sagrada-familia\/\">Pisos de lloguer a la Sagrada Fam\u00edlia<\/a><br \/>Pisos de lloguer a Sant Antoni<br \/><a href=\"https:\/\/locabarcelona.egluu.com\/ca\/lloguer-pisos\/ciutat-vella\/\">Pisos de lloguer a Ciutat Vella<\/a><br \/><a href=\"https:\/\/locabarcelona.egluu.com\/ca\/lloguer-pisos\/barri-gotic\/\">Pisos de lloguer en el G\u00f3tic<\/a><br \/>Pisos de lloguer en el Raval<br \/>Pisos de lloguer en el Born<br \/>Pisos de lloguer a Barceloneta<br \/>Pisos de lloguer a Sants-Montju\u00efc<br \/>Pisos de lloguer a Poble Sec<br \/>Pisos de lloguer a Sants<br \/>Pisos de lloguer en El Putxet i Farr\u00f3<br \/>Pisos de lloguer en Les Tres Torres<br \/>Pisos de lloguer a Montju\u00efc<\/p>\t\t\t\t\t\t<\/div>\n\t\t\t\t<\/div>\n\t\t\t\t\t<\/div>\n\t\t<\/div>\n\t\t\t\t<div class=\"elementor-column elementor-col-50 elementor-top-column elementor-element elementor-element-5cc8c40\" data-id=\"5cc8c40\" data-element_type=\"column\">\n\t\t\t<div class=\"elementor-widget-wrap elementor-element-populated\">\n\t\t\t\t\t\t<div class=\"elementor-element elementor-element-e9a2d3c elementor-widget elementor-widget-text-editor\" data-id=\"e9a2d3c\" data-element_type=\"widget\" data-widget_type=\"text-editor.default\">\n\t\t\t\t<div class=\"elementor-widget-container\">\n\t\t\t\t\t\t\t<p>Pisos de lloguer a les Corts<br \/>Pisos de lloguer a Pedralbes<br \/>Pisos de lloguer a Sarri\u00e0 Sant Gervasi<br \/>Pisos de lloguer a Sarri\u00e0<br \/>Pisos de lloguer a Gr\u00e0cia<br \/>Pisos de lloguer a Vila de Gr\u00e0cia<br \/>Pisos de lloguer a Horta Guinard\u00f3<br \/>Pisos de lloguer a Nou Barris<br \/>Pisos de lloguer a Sant Andreu<br \/>Pisos de lloguer a Sant Mart\u00ed<br \/>Pisos de lloguer en el Clot<br \/>Pisos de lloguer a La Vila Ol\u00edmpica del Poblenou<br \/>Pisos de lloguer a Poblenou<br \/>Pisos de lloguer a Diagonal Mar<br \/>Pisos de lloguer a Sant Gervasi \u2013 la Bonanova<br \/>Pisos de lloguer a Sant Gervasi Galvany<br \/>Pisos de lloguer a Zona Franca<br \/>Pisos de lloguer a Sants Badal<\/p>\t\t\t\t\t\t<\/div>\n\t\t\t\t<\/div>\n\t\t\t\t\t<\/div>\n\t\t<\/div>\n\t\t\t\t\t<\/div>\n\t\t<\/section>\n\t\t\t\t<\/div>\n\t\t","protected":false},"excerpt":{"rendered":"<p>Per qu\u00e8 llogar un pis en les Corts? Loca Barcelona t\u00e9 una \u00e0mplia selecci\u00f3 de pisos en lloguer a Les Corts, incloent-hi pisos totalment renovats i espaiosos o pisos per a estudiants. Cerques allotjament per a fam\u00edlies o estudiants? En el barri de Les Corts es poden trobar f\u00e0cilment habitatges d&#8217;entre 2 i 5 habitacions&#8230;.<\/p>\n","protected":false},"author":344,"featured_media":0,"parent":502792,"menu_order":0,"comment_status":"closed","ping_status":"closed","template":"templates\/list-layout.php","meta":{"inline_featured_image":false,"footnotes":""},"yoast_head":"<!-- This site is optimized with the Yoast SEO Premium plugin v22.6 (Yoast SEO v22.6) - https:\/\/yoast.com\/wordpress\/plugins\/seo\/ -->\n<title>Lloguer De Pisos A Les Corts A Barcelona | Loca Barcelona<\/title>\n<meta name=\"description\" content=\"Cerques un lloguer de pisos a les Corts? Descobreix tot el que necessites saber sobre el lloguer a Barcelona amb Loca Barcelona. Escull ja el teu pis!\" \/>\n<meta name=\"robots\" content=\"noindex, follow, max-snippet:-1, max-image-preview:large, max-video-preview:-1\" \/>\n<meta property=\"og:locale\" content=\"ca_ES\" \/>\n<meta property=\"og:type\" content=\"article\" \/>\n<meta property=\"og:title\" content=\"Lloguer De Pisos A Les Corts A Barcelona | Loca Barcelona\" \/>\n<meta property=\"og:description\" content=\"Cerques un lloguer de pisos a les Corts? Descobreix tot el que necessites saber sobre el lloguer a Barcelona amb Loca Barcelona. Escull ja el teu pis!\" \/>\n<meta property=\"og:url\" content=\"https:\/\/locabarcelona.egluu.com\/ca\/lloguer-pisos\/les-corts\/\" \/>\n<meta property=\"og:site_name\" content=\"Locabarcelona\" \/>\n<meta property=\"article:modified_time\" content=\"2023-12-06T12:45:20+00:00\" \/>\n<meta name=\"twitter:card\" content=\"summary_large_image\" \/>\n<meta name=\"twitter:label1\" content=\"Est. reading time\" \/>\n\t<meta name=\"twitter:data1\" content=\"5 minuts\" \/>\n<script type=\"application\/ld+json\" class=\"yoast-schema-graph\">{\"@context\":\"https:\/\/schema.org\",\"@graph\":[{\"@type\":\"WebPage\",\"@id\":\"https:\/\/locabarcelona.egluu.com\/ca\/lloguer-pisos\/les-corts\/\",\"url\":\"https:\/\/locabarcelona.egluu.com\/ca\/lloguer-pisos\/les-corts\/\",\"name\":\"Lloguer De Pisos A Les Corts A Barcelona | Loca Barcelona\",\"isPartOf\":{\"@id\":\"https:\/\/locabarcelona.egluu.com\/ca\/#website\"},\"datePublished\":\"2023-12-06T12:32:54+00:00\",\"dateModified\":\"2023-12-06T12:45:20+00:00\",\"description\":\"Cerques un lloguer de pisos a les Corts? Descobreix tot el que necessites saber sobre el lloguer a Barcelona amb Loca Barcelona. Escull ja el teu pis!\",\"breadcrumb\":{\"@id\":\"https:\/\/locabarcelona.egluu.com\/ca\/lloguer-pisos\/les-corts\/#breadcrumb\"},\"inLanguage\":\"ca\",\"potentialAction\":[{\"@type\":\"ReadAction\",\"target\":[\"https:\/\/locabarcelona.egluu.com\/ca\/lloguer-pisos\/les-corts\/\"]}]},{\"@type\":\"BreadcrumbList\",\"@id\":\"https:\/\/locabarcelona.egluu.com\/ca\/lloguer-pisos\/les-corts\/#breadcrumb\",\"itemListElement\":[{\"@type\":\"ListItem\",\"position\":1,\"name\":\"Inicio\",\"item\":\"https:\/\/www.locabarcelona.com\/ca\/home\/\"},{\"@type\":\"ListItem\",\"position\":2,\"name\":\"Ag\u00e8ncia De Lloguer De Pisos A Barcelona\",\"item\":\"https:\/\/www.locabarcelona.com\/ca\/lloguer-pisos\/\"},{\"@type\":\"ListItem\",\"position\":3,\"name\":\"Lloguer De Pisos A Les Corts\"}]},{\"@type\":\"WebSite\",\"@id\":\"https:\/\/locabarcelona.egluu.com\/ca\/#website\",\"url\":\"https:\/\/locabarcelona.egluu.com\/ca\/\",\"name\":\"Loca Barcelona\",\"description\":\"Real Estate Services\",\"publisher\":{\"@id\":\"https:\/\/locabarcelona.egluu.com\/ca\/#organization\"},\"potentialAction\":[{\"@type\":\"SearchAction\",\"target\":{\"@type\":\"EntryPoint\",\"urlTemplate\":\"https:\/\/locabarcelona.egluu.com\/ca\/?s={search_term_string}\"},\"query-input\":\"required name=search_term_string\"}],\"inLanguage\":\"ca\"},{\"@type\":\"Organization\",\"@id\":\"https:\/\/locabarcelona.egluu.com\/ca\/#organization\",\"name\":\"Loca Barcelona\",\"url\":\"https:\/\/locabarcelona.egluu.com\/ca\/\",\"logo\":{\"@type\":\"ImageObject\",\"inLanguage\":\"ca\",\"@id\":\"https:\/\/locabarcelona.egluu.com\/ca\/#\/schema\/logo\/image\/\",\"url\":\"https:\/\/locabarcelona.egluu.com\/wp-content\/uploads\/2021\/10\/logo_locabarcelona_small.png\",\"contentUrl\":\"https:\/\/locabarcelona.egluu.com\/wp-content\/uploads\/2021\/10\/logo_locabarcelona_small.png\",\"width\":250,\"height\":149,\"caption\":\"Loca Barcelona\"},\"image\":{\"@id\":\"https:\/\/locabarcelona.egluu.com\/ca\/#\/schema\/logo\/image\/\"}}]}<\/script>\n<!-- \/ Yoast SEO Premium plugin. -->","yoast_head_json":{"title":"Lloguer De Pisos A Les Corts A Barcelona | Loca Barcelona","description":"Cerques un lloguer de pisos a les Corts? Descobreix tot el que necessites saber sobre el lloguer a Barcelona amb Loca Barcelona. Escull ja el teu pis!","robots":{"index":"noindex","follow":"follow","max-snippet":"max-snippet:-1","max-image-preview":"max-image-preview:large","max-video-preview":"max-video-preview:-1"},"og_locale":"ca_ES","og_type":"article","og_title":"Lloguer De Pisos A Les Corts A Barcelona | Loca Barcelona","og_description":"Cerques un lloguer de pisos a les Corts? Descobreix tot el que necessites saber sobre el lloguer a Barcelona amb Loca Barcelona. Escull ja el teu pis!","og_url":"https:\/\/locabarcelona.egluu.com\/ca\/lloguer-pisos\/les-corts\/","og_site_name":"Locabarcelona","article_modified_time":"2023-12-06T12:45:20+00:00","twitter_card":"summary_large_image","twitter_misc":{"Est. reading time":"5 minuts"},"schema":{"@context":"https:\/\/schema.org","@graph":[{"@type":"WebPage","@id":"https:\/\/locabarcelona.egluu.com\/ca\/lloguer-pisos\/les-corts\/","url":"https:\/\/locabarcelona.egluu.com\/ca\/lloguer-pisos\/les-corts\/","name":"Lloguer De Pisos A Les Corts A Barcelona | Loca Barcelona","isPartOf":{"@id":"https:\/\/locabarcelona.egluu.com\/ca\/#website"},"datePublished":"2023-12-06T12:32:54+00:00","dateModified":"2023-12-06T12:45:20+00:00","description":"Cerques un lloguer de pisos a les Corts? Descobreix tot el que necessites saber sobre el lloguer a Barcelona amb Loca Barcelona. Escull ja el teu pis!","breadcrumb":{"@id":"https:\/\/locabarcelona.egluu.com\/ca\/lloguer-pisos\/les-corts\/#breadcrumb"},"inLanguage":"ca","potentialAction":[{"@type":"ReadAction","target":["https:\/\/locabarcelona.egluu.com\/ca\/lloguer-pisos\/les-corts\/"]}]},{"@type":"BreadcrumbList","@id":"https:\/\/locabarcelona.egluu.com\/ca\/lloguer-pisos\/les-corts\/#breadcrumb","itemListElement":[{"@type":"ListItem","position":1,"name":"Inicio","item":"https:\/\/www.locabarcelona.com\/ca\/home\/"},{"@type":"ListItem","position":2,"name":"Ag\u00e8ncia De Lloguer De Pisos A Barcelona","item":"https:\/\/www.locabarcelona.com\/ca\/lloguer-pisos\/"},{"@type":"ListItem","position":3,"name":"Lloguer De Pisos A Les Corts"}]},{"@type":"WebSite","@id":"https:\/\/locabarcelona.egluu.com\/ca\/#website","url":"https:\/\/locabarcelona.egluu.com\/ca\/","name":"Loca Barcelona","description":"Real Estate Services","publisher":{"@id":"https:\/\/locabarcelona.egluu.com\/ca\/#organization"},"potentialAction":[{"@type":"SearchAction","target":{"@type":"EntryPoint","urlTemplate":"https:\/\/locabarcelona.egluu.com\/ca\/?s={search_term_string}"},"query-input":"required name=search_term_string"}],"inLanguage":"ca"},{"@type":"Organization","@id":"https:\/\/locabarcelona.egluu.com\/ca\/#organization","name":"Loca Barcelona","url":"https:\/\/locabarcelona.egluu.com\/ca\/","logo":{"@type":"ImageObject","inLanguage":"ca","@id":"https:\/\/locabarcelona.egluu.com\/ca\/#\/schema\/logo\/image\/","url":"https:\/\/locabarcelona.egluu.com\/wp-content\/uploads\/2021\/10\/logo_locabarcelona_small.png","contentUrl":"https:\/\/locabarcelona.egluu.com\/wp-content\/uploads\/2021\/10\/logo_locabarcelona_small.png","width":250,"height":149,"caption":"Loca Barcelona"},"image":{"@id":"https:\/\/locabarcelona.egluu.com\/ca\/#\/schema\/logo\/image\/"}}]}},"_links":{"self":[{"href":"https:\/\/locabarcelona.egluu.com\/ca\/wp-json\/wp\/v2\/pages\/505195"}],"collection":[{"href":"https:\/\/locabarcelona.egluu.com\/ca\/wp-json\/wp\/v2\/pages"}],"about":[{"href":"https:\/\/locabarcelona.egluu.com\/ca\/wp-json\/wp\/v2\/types\/page"}],"author":[{"embeddable":true,"href":"https:\/\/locabarcelona.egluu.com\/ca\/wp-json\/wp\/v2\/users\/344"}],"replies":[{"embeddable":true,"href":"https:\/\/locabarcelona.egluu.com\/ca\/wp-json\/wp\/v2\/comments?post=505195"}],"version-history":[{"count":0,"href":"https:\/\/locabarcelona.egluu.com\/ca\/wp-json\/wp\/v2\/pages\/505195\/revisions"}],"up":[{"embeddable":true,"href":"https:\/\/locabarcelona.egluu.com\/ca\/wp-json\/wp\/v2\/pages\/502792"}],"wp:attachment":[{"href":"https:\/\/locabarcelona.egluu.com\/ca\/wp-json\/wp\/v2\/media?parent=505195"}],"curies":[{"name":"wp","href":"https:\/\/api.w.org\/{rel}","templated":true}]}}