{"id":508318,"date":"2024-01-08T12:23:45","date_gmt":"2024-01-08T11:23:45","guid":{"rendered":"https:\/\/locabarcelona.egluu.com\/?page_id=508318"},"modified":"2024-01-08T13:52:50","modified_gmt":"2024-01-08T12:52:50","slug":"el-born","status":"publish","type":"page","link":"https:\/\/locabarcelona.egluu.com\/ca\/lloguer-pisos\/el-born\/","title":{"rendered":"Pisos de lloguer En el Born"},"content":{"rendered":"\t\t<div data-elementor-type=\"wp-page\" data-elementor-id=\"508318\" class=\"elementor elementor-508318 elementor-438248\" data-elementor-post-type=\"page\">\n\t\t\t\t\t\t<section class=\"elementor-section elementor-top-section elementor-element elementor-element-59094ebe elementor-section-boxed elementor-section-height-default elementor-section-height-default\" data-id=\"59094ebe\" data-element_type=\"section\">\n\t\t\t\t\t\t<div class=\"elementor-container elementor-column-gap-default\">\n\t\t\t\t\t<div class=\"elementor-column elementor-col-100 elementor-top-column elementor-element elementor-element-1395aff1\" data-id=\"1395aff1\" data-element_type=\"column\">\n\t\t\t<div class=\"elementor-widget-wrap elementor-element-populated\">\n\t\t\t\t\t\t<div class=\"elementor-element elementor-element-12a95b6 elementor-widget elementor-widget-text-editor\" data-id=\"12a95b6\" data-element_type=\"widget\" data-widget_type=\"text-editor.default\">\n\t\t\t\t<div class=\"elementor-widget-container\">\n\t\t\t\t\t\t\t<h2>Per qu\u00e8 llogar un pis en el Born?<\/h2><p><a href=\"https:\/\/locabarcelona.egluu.com\/ca\/\">Loca Barcelona<\/a> t&#8217;ofereix una \u00e0mplia varietat de <strong>pisos de lloguer en el Born<\/strong>, el nostre cat\u00e0leg inclou pisos lluminosos i elegants amb s\u00f2ls coberts de mosaics locals. Com a part del districte hist\u00f2ric de <a href=\"https:\/\/locabarcelona.egluu.com\/ca\/lloguer-pisos\/ciutat-vella\/\">Ciutat Vella<\/a>, el barri del Born t\u00e9 un ambient \u00fanic. Reconeguda pel seu ambient vibrant i els seus populars restaurants, \u00e9s una de les zones m\u00e9s de moda de la ciutat. En el Born es poden trobar f\u00e0cilment propietats d&#8217;un a quatre dormitoris amb balcons per a lloguers a curt i <a href=\"https:\/\/locabarcelona.egluu.com\/ca\/property-status\/lloguer-de-llarga-estada\/\">llarg termini<\/a>.<\/p><p>El Born \u00e9s molt popular entre els expatriats per la seva \u00f2ptima ubicaci\u00f3 i les seves encantadores botigues. La zona est\u00e0 especialment ben comunicada per transport, la qual cosa l&#8217;acosta a zones ve\u00efnes <a href=\"https:\/\/locabarcelona.egluu.com\/ca\/lloguer-pisos\/eixample\/\">com l&#8217;Eixample<\/a>, Sant Mart\u00ed i Sant Montju\u00efc, que al seu torn alberguen un gran nombre d&#8217;importants monuments i institucions hist\u00f2riques.<\/p><p>El districte alberga alguns dels monuments m\u00e9s antics de la ciutat. L&#8217;impressionant <strong>Arc del Triomf<\/strong>, constru\u00eft per a l&#8217;Exposici\u00f3 Universal de 1888, est\u00e0 al costat del <strong>Parc de la Ciutadella<\/strong> <strong>i el Museu Picasso<\/strong>. Tamb\u00e9 pot visitar el centre cultural del Palau de la M\u00fasica, una meravella de l&#8217;arquitectura modernista que pot visitar amb un guia o en un concert. A m\u00e9s, pots visitar <strong>l&#8217;esgl\u00e9sia de Santa Mar\u00eda<\/strong> de la Mar, famosa per la seva arquitectura g\u00f2tica. Pot descobrir aquestes meravelles amb una visita guiada per la zona, una atracci\u00f3 disponible en tots els districtes hist\u00f2rics de la ciutat.<\/p><h2>Quins s\u00f3n els avantatges de llogar un pis en el Born?<\/h2><p>El Born \u00e9s el barri medieval de Barcelona. \u00c9s molt popular entre els joves pels seus fant\u00e0stics restaurants, botigues alternatives i ambient de moda. Des dels cellers tradicionals fins als bistros moderns, mai et cansar\u00e0s de la gastronomia del barri. Per exemple, pots visitar el Set Ports, un dels restaurants m\u00e9s antics de Barcelona, o el Pla de la Garsa. Tamb\u00e9 pots trobar molts restaurants de cuina internacional, com el fam\u00f3s restaurant de dim sum Mosquit. Podr\u00e0s gaudir dels nombrosos bars i discoteques de la zona, incl\u00f2s el <strong>Passeig del Born.<\/strong><\/p><p>Tamb\u00e9 tindr\u00e0s l&#8217;oportunitat de descobrir la botiga d&#8217;especialitats m\u00e9s antiga anomenada Casa Gispert, o de fer les teves compres setmanals en el fam\u00f3s mercat de Santa Catarina, on podr\u00e0s degustar o comprar especialitats locals: pernil ib\u00e8ric, formatge manxec, etc.<\/p><p>El principal avantatge de viure en el centre hist\u00f2ric de Barcelona \u00e9s que est\u00e0s a pocs passos dels llocs m\u00e9s emocionants de la ciutat, i pots arribar f\u00e0cilment a altres zones amb autob\u00fas o metre. En el Born tamb\u00e9 es troba l&#8217;estaci\u00f3 de tren de Fran\u00e7a, que et portar\u00e0 a altres parts de Catalunya, i a altres prov\u00edncies espanyoles. Finalment, podr\u00e0s aparcar f\u00e0cilment en la zona.<\/p><p>Quan vius en el Born, est\u00e0s a nom\u00e9s 10 minuts de la platja, la qual cosa \u00e9s \u00f2ptim si busques <strong>un pis a Barcelona<\/strong>, prop d&#8217;una zona assolellada, on puguis prendre el sol durant les teves vacances, o, si vius a Barcelona, durant el teu temps lliure.<\/p><p>Tenim una \u00e0mplia selecci\u00f3 de <strong>pisos en lloguer en el Born<\/strong>, per la qual cosa et recomanem que donis un cop d&#8217;ull <a href=\"https:\/\/locabarcelona.egluu.com\/ca\/property-status\/lloguer-de-temporada\/\">al nostre cat\u00e0leg<\/a> ara mateix. Aqu\u00ed trobar\u00e0s tots els nostres pisos de lloguer disponibles o que aviat estaran disponibles en el Born de Barcelona. En aquesta zona es poden trobar propietats molt sol\u00b7licitades, com a pisos amb terrat i pisos amb aire condicionat.<\/p><p>Dona un cop d&#8217;ull a la nostra selecci\u00f3 o <a href=\"https:\/\/locabarcelona.egluu.com\/ca\/sobre-nosaltres\/contactans\/\">posa\u2019t en contacte<\/a> amb nosaltres ara i permeti&#8217;ns ajudar-te a trobar el pis de lloguer perfecte a Barcelona.<\/p>\t\t\t\t\t\t<\/div>\n\t\t\t\t<\/div>\n\t\t\t\t<div class=\"elementor-element elementor-element-fceaac2 elementor-widget elementor-widget-spacer\" data-id=\"fceaac2\" data-element_type=\"widget\" data-widget_type=\"spacer.default\">\n\t\t\t\t<div class=\"elementor-widget-container\">\n\t\t\t\t\t<div class=\"elementor-spacer\">\n\t\t\t<div class=\"elementor-spacer-inner\"><\/div>\n\t\t<\/div>\n\t\t\t\t<\/div>\n\t\t\t\t<\/div>\n\t\t\t\t\t<\/div>\n\t\t<\/div>\n\t\t\t\t\t<\/div>\n\t\t<\/section>\n\t\t<div class=\"elementor-element elementor-element-83200cf e-flex e-con-boxed e-con e-parent\" data-id=\"83200cf\" data-element_type=\"container\">\n\t\t\t\t\t<div class=\"e-con-inner\">\n\t\t\t\t<div class=\"elementor-element elementor-element-7efca98 elementor-widget elementor-widget-template\" data-id=\"7efca98\" data-element_type=\"widget\" data-widget_type=\"template.default\">\n\t\t\t\t<div class=\"elementor-widget-container\">\n\t\t\t\t\t<div class=\"elementor-template\">\n\t\t\t\t\t<div data-elementor-type=\"section\" data-elementor-id=\"505205\" class=\"elementor elementor-505205\" data-elementor-post-type=\"elementor_library\">\n\t\t\t\t\t<section class=\"elementor-section elementor-top-section elementor-element elementor-element-4110c1e8 elementor-section-boxed elementor-section-height-default elementor-section-height-default\" data-id=\"4110c1e8\" data-element_type=\"section\">\n\t\t\t\t\t\t<div class=\"elementor-container elementor-column-gap-default\">\n\t\t\t\t\t<div class=\"elementor-column elementor-col-100 elementor-top-column elementor-element elementor-element-13193eda\" data-id=\"13193eda\" data-element_type=\"column\">\n\t\t\t<div class=\"elementor-widget-wrap elementor-element-populated\">\n\t\t\t\t\t\t<div class=\"elementor-element elementor-element-7a37c6cb elementor-widget elementor-widget-heading\" data-id=\"7a37c6cb\" data-element_type=\"widget\" data-widget_type=\"heading.default\">\n\t\t\t\t<div class=\"elementor-widget-container\">\n\t\t\t<h2 class=\"elementor-heading-title elementor-size-default\">Cerques freq\u00fcents<\/h2>\t\t<\/div>\n\t\t\t\t<\/div>\n\t\t\t\t\t<\/div>\n\t\t<\/div>\n\t\t\t\t\t<\/div>\n\t\t<\/section>\n\t\t\t\t<\/div>\n\t\t\t\t<\/div>\n\t\t\t\t<\/div>\n\t\t\t\t<\/div>\n\t\t\t\t\t<\/div>\n\t\t\t\t<\/div>\n\t\t<div class=\"elementor-element elementor-element-f8e2062 e-flex e-con-boxed e-con e-parent\" data-id=\"f8e2062\" data-element_type=\"container\">\n\t\t\t\t\t<div class=\"e-con-inner\">\n\t\t\t\t<div class=\"elementor-element elementor-element-e1e7c56 elementor-widget elementor-widget-template\" data-id=\"e1e7c56\" data-element_type=\"widget\" data-widget_type=\"template.default\">\n\t\t\t\t<div class=\"elementor-widget-container\">\n\t\t\t\t\t<div class=\"elementor-template\">\n\t\t\t\t\t<div data-elementor-type=\"section\" data-elementor-id=\"505202\" class=\"elementor elementor-505202\" data-elementor-post-type=\"elementor_library\">\n\t\t\t\t\t<section class=\"elementor-section elementor-top-section elementor-element elementor-element-32ed3dff elementor-section-boxed elementor-section-height-default elementor-section-height-default\" data-id=\"32ed3dff\" data-element_type=\"section\">\n\t\t\t\t\t\t<div class=\"elementor-container elementor-column-gap-default\">\n\t\t\t\t\t<div class=\"elementor-column elementor-col-50 elementor-top-column elementor-element elementor-element-5ebef740\" data-id=\"5ebef740\" data-element_type=\"column\">\n\t\t\t<div class=\"elementor-widget-wrap elementor-element-populated\">\n\t\t\t\t\t\t<div class=\"elementor-element elementor-element-1d7c6e8d elementor-widget elementor-widget-text-editor\" data-id=\"1d7c6e8d\" data-element_type=\"widget\" data-widget_type=\"text-editor.default\">\n\t\t\t\t<div class=\"elementor-widget-container\">\n\t\t\t\t\t\t\t<p>Pisos d&#8217;estudiants<\/p><p>Pisos per compartir<\/p><p>Pisos de lloguer moblats<\/p><p>Estudi de lloguer<\/p>\t\t\t\t\t\t<\/div>\n\t\t\t\t<\/div>\n\t\t\t\t\t<\/div>\n\t\t<\/div>\n\t\t\t\t<div class=\"elementor-column elementor-col-50 elementor-top-column elementor-element elementor-element-1348ec33\" data-id=\"1348ec33\" data-element_type=\"column\">\n\t\t\t<div class=\"elementor-widget-wrap elementor-element-populated\">\n\t\t\t\t\t\t<div class=\"elementor-element elementor-element-293c3717 elementor-widget elementor-widget-text-editor\" data-id=\"293c3717\" data-element_type=\"widget\" data-widget_type=\"text-editor.default\">\n\t\t\t\t<div class=\"elementor-widget-container\">\n\t\t\t\t\t\t\t<p>Pis amb terrassa<\/p><p>Pis amb \u00e1tic<\/p><p>Pisos de 2 habitacions<\/p><p>Pisos de 3 habitacions<\/p>\t\t\t\t\t\t<\/div>\n\t\t\t\t<\/div>\n\t\t\t\t\t<\/div>\n\t\t<\/div>\n\t\t\t\t\t<\/div>\n\t\t<\/section>\n\t\t\t\t<\/div>\n\t\t\t\t<\/div>\n\t\t\t\t<\/div>\n\t\t\t\t<\/div>\n\t\t\t\t\t<\/div>\n\t\t\t\t<\/div>\n\t\t<div class=\"elementor-element elementor-element-4c7d083 e-flex e-con-boxed e-con e-parent\" data-id=\"4c7d083\" data-element_type=\"container\">\n\t\t\t\t\t<div class=\"e-con-inner\">\n\t\t\t\t<div class=\"elementor-element elementor-element-0b5699a elementor-widget elementor-widget-template\" data-id=\"0b5699a\" data-element_type=\"widget\" data-widget_type=\"template.default\">\n\t\t\t\t<div class=\"elementor-widget-container\">\n\t\t\t\t\t<div class=\"elementor-template\">\n\t\t\t\t\t<div data-elementor-type=\"section\" data-elementor-id=\"503025\" class=\"elementor elementor-503025\" data-elementor-post-type=\"elementor_library\">\n\t\t\t\t\t<section class=\"elementor-section elementor-top-section elementor-element elementor-element-20934a28 elementor-section-boxed elementor-section-height-default elementor-section-height-default\" data-id=\"20934a28\" data-element_type=\"section\">\n\t\t\t\t\t\t<div class=\"elementor-container elementor-column-gap-default\">\n\t\t\t\t\t<div class=\"elementor-column elementor-col-100 elementor-top-column elementor-element elementor-element-491e3794\" data-id=\"491e3794\" data-element_type=\"column\">\n\t\t\t<div class=\"elementor-widget-wrap elementor-element-populated\">\n\t\t\t\t\t\t<div class=\"elementor-element elementor-element-42f3eb2e elementor-widget elementor-widget-heading\" data-id=\"42f3eb2e\" data-element_type=\"widget\" data-widget_type=\"heading.default\">\n\t\t\t\t<div class=\"elementor-widget-container\">\n\t\t\t<h2 class=\"elementor-heading-title elementor-size-default\">Pisos de lloguer per districte\n<\/h2>\t\t<\/div>\n\t\t\t\t<\/div>\n\t\t\t\t\t<\/div>\n\t\t<\/div>\n\t\t\t\t\t<\/div>\n\t\t<\/section>\n\t\t\t\t<\/div>\n\t\t\t\t<\/div>\n\t\t\t\t<\/div>\n\t\t\t\t<\/div>\n\t\t\t\t\t<\/div>\n\t\t\t\t<\/div>\n\t\t\t\t<section class=\"elementor-section elementor-top-section elementor-element elementor-element-43b97d2 elementor-section-boxed elementor-section-height-default elementor-section-height-default\" data-id=\"43b97d2\" data-element_type=\"section\">\n\t\t\t\t\t\t<div class=\"elementor-container elementor-column-gap-default\">\n\t\t\t\t\t<div class=\"elementor-column elementor-col-100 elementor-top-column elementor-element elementor-element-50467eb\" data-id=\"50467eb\" data-element_type=\"column\">\n\t\t\t<div class=\"elementor-widget-wrap elementor-element-populated\">\n\t\t\t\t\t\t<div class=\"elementor-element elementor-element-b6a8655 elementor-widget elementor-widget-template\" data-id=\"b6a8655\" data-element_type=\"widget\" data-widget_type=\"template.default\">\n\t\t\t\t<div class=\"elementor-widget-container\">\n\t\t\t\t\t<div class=\"elementor-template\">\n\t\t\t\t\t<div data-elementor-type=\"section\" data-elementor-id=\"503028\" class=\"elementor elementor-503028\" data-elementor-post-type=\"elementor_library\">\n\t\t\t\t\t<section class=\"elementor-section elementor-top-section elementor-element elementor-element-23b61a6e elementor-section-boxed elementor-section-height-default elementor-section-height-default\" data-id=\"23b61a6e\" data-element_type=\"section\">\n\t\t\t\t\t\t<div class=\"elementor-container elementor-column-gap-default\">\n\t\t\t\t\t<div class=\"elementor-column elementor-col-50 elementor-top-column elementor-element elementor-element-7d34eead\" data-id=\"7d34eead\" data-element_type=\"column\">\n\t\t\t<div class=\"elementor-widget-wrap elementor-element-populated\">\n\t\t\t\t\t\t<div class=\"elementor-element elementor-element-2077e878 elementor-widget elementor-widget-text-editor\" data-id=\"2077e878\" data-element_type=\"widget\" data-widget_type=\"text-editor.default\">\n\t\t\t\t<div class=\"elementor-widget-container\">\n\t\t\t\t\t\t\t<p><a href=\"https:\/\/locabarcelona.egluu.com\/ca\/lloguer-pisos\/eixample\/\">Pisos de lloguer a l&#8217;Eixample<\/a><br \/>Pisos de lloguer a Eixample Dreta<br \/>Pisos de lloguer a l&#8217;Antiga Esquerra de l&#8217;Eixample<br \/>Pisos de lloguer Nova Esquerra de l&#8217;Eixample<br \/>Pisos de lloguer a Fort Pienc<br \/><a href=\"https:\/\/locabarcelona.egluu.com\/ca\/lloguer-pisos\/sagrada-familia\/\">Pisos de lloguer a la Sagrada Fam\u00edlia<\/a><br \/><a href=\"https:\/\/locabarcelona.egluu.com\/ca\/lloguer-pisos\/sant-antoni\/\">Pisos de lloguer a Sant antoni<\/a><br \/><a href=\"https:\/\/locabarcelona.egluu.com\/ca\/lloguer-pisos\/ciutat-vella\/\">Pisos de lloguer a Ciutat Vella<\/a><br \/><a href=\"https:\/\/locabarcelona.egluu.com\/ca\/lloguer-pisos\/barri-gotic\/\">Pisos de lloguer en el G\u00f3tic<\/a><br \/><a href=\"https:\/\/locabarcelona.egluu.com\/ca\/lloguer-pisos\/el-raval\/\">Pisos de lloguer en el Raval<\/a><br \/><a href=\"https:\/\/locabarcelona.egluu.com\/ca\/lloguer-pisos\/el-born\/\">Pisos de lloguer en el Born<\/a><br \/><a href=\"https:\/\/locabarcelona.egluu.com\/ca\/lloguer-pisos\/la-barceloneta\/\">Pisos de lloguer a Barceloneta<\/a><br \/><a href=\"https:\/\/locabarcelona.egluu.com\/ca\/lloguer-pisos\/sants-montjuic\/\">Pisos de lloguer a Sants-Montju\u00efc<\/a><br \/><a href=\"https:\/\/locabarcelona.egluu.com\/ca\/lloguer-pisos\/poble-sec\/\">Pisos de lloguer a Poble Sec<\/a><br \/>Pisos de lloguer a Sants<br \/>Pisos de lloguer en El Putxet i Farr\u00f3<br \/>Pisos de lloguer en Les Tres Torres<br \/>Pisos de lloguer a Montju\u00efc<\/p>\t\t\t\t\t\t<\/div>\n\t\t\t\t<\/div>\n\t\t\t\t\t<\/div>\n\t\t<\/div>\n\t\t\t\t<div class=\"elementor-column elementor-col-50 elementor-top-column elementor-element elementor-element-2440c647\" data-id=\"2440c647\" data-element_type=\"column\">\n\t\t\t<div class=\"elementor-widget-wrap elementor-element-populated\">\n\t\t\t\t\t\t<div class=\"elementor-element elementor-element-7395001f elementor-widget elementor-widget-text-editor\" data-id=\"7395001f\" data-element_type=\"widget\" data-widget_type=\"text-editor.default\">\n\t\t\t\t<div class=\"elementor-widget-container\">\n\t\t\t\t\t\t\t<p><a href=\"https:\/\/locabarcelona.egluu.com\/ca\/lloguer-pisos\/les-corts\/\">Pisos de lloguer a les Corts<\/a><br \/><a href=\"https:\/\/locabarcelona.egluu.com\/ca\/lloguer-pisos\/pedralbes\/\">Pisos de lloguer a Pedralbes<\/a><br \/><a href=\"https:\/\/locabarcelona.egluu.com\/ca\/lloguer-pisos\/sarria-sant-gervasi\/\">Pisos de lloguer a Sarri\u00e0 Sant Gervasi<\/a><br \/><a href=\"https:\/\/locabarcelona.egluu.com\/ca\/lloguer-pisos\/sarria\/\">Pisos de lloguer a Sarri\u00e0<\/a><br \/><a href=\"https:\/\/locabarcelona.egluu.com\/ca\/lloguer-pisos\/gracia\/\">Pisos de lloguer a Gr\u00e0cia<\/a><br \/>Pisos de lloguer a Vila de Gr\u00e0cia<br \/><a href=\"https:\/\/locabarcelona.egluu.com\/ca\/lloguer-pisos\/horta-guinardo\/\">Pisos de lloguer a Horta Guinard\u00f3<\/a><br \/><a href=\"https:\/\/locabarcelona.egluu.com\/ca\/lloguer-pisos\/nou-barris\/\">Pisos de lloguer a Nou Barris<\/a><br \/>Pisos de lloguer a Sant Andreu<br \/><a href=\"https:\/\/locabarcelona.egluu.com\/ca\/lloguer-pisos\/sant-marti\/\">Pisos de lloguer a Sant Mart\u00ed<\/a><br \/><a href=\"https:\/\/locabarcelona.egluu.com\/ca\/lloguer-pisos\/el-clot\/\">Pisos de lloguer en el Clot<\/a><br \/>Pisos de lloguer a La Vila Ol\u00edmpica del Poblenou<br \/><a href=\"https:\/\/locabarcelona.egluu.com\/ca\/lloguer-pisos\/poblenou\/\">Pisos de lloguer a Poblenou<\/a><br \/><a href=\"https:\/\/locabarcelona.egluu.com\/ca\/lloguer-pisos\/diagonal-mar\/\">Pisos de lloguer a Diagonal Mar<\/a><br \/>Pisos de lloguer a Sant Gervasi \u2013 la Bonanova<br \/>Pisos de lloguer a Sant Gervasi Galvany<br \/><a href=\"https:\/\/locabarcelona.egluu.com\/ca\/lloguer-pisos\/zona-franca\/\">Pisos de lloguer a Zona Franca<\/a><br \/>Pisos de lloguer a Sants Badal<\/p>\t\t\t\t\t\t<\/div>\n\t\t\t\t<\/div>\n\t\t\t\t\t<\/div>\n\t\t<\/div>\n\t\t\t\t\t<\/div>\n\t\t<\/section>\n\t\t\t\t<\/div>\n\t\t\t\t<\/div>\n\t\t\t\t<\/div>\n\t\t\t\t<\/div>\n\t\t\t\t\t<\/div>\n\t\t<\/div>\n\t\t\t\t\t<\/div>\n\t\t<\/section>\n\t\t\t\t<\/div>\n\t\t","protected":false},"excerpt":{"rendered":"<p>Per qu\u00e8 llogar un pis en el Born? Loca Barcelona t&#8217;ofereix una \u00e0mplia varietat de pisos de lloguer en el Born, el nostre cat\u00e0leg inclou pisos lluminosos i elegants amb s\u00f2ls coberts de mosaics locals. Com a part del districte hist\u00f2ric de Ciutat Vella, el barri del Born t\u00e9 un ambient \u00fanic. Reconeguda pel seu&#8230;<\/p>\n","protected":false},"author":344,"featured_media":0,"parent":502792,"menu_order":0,"comment_status":"closed","ping_status":"closed","template":"templates\/list-layout.php","meta":{"inline_featured_image":false,"footnotes":""},"yoast_head":"<!-- This site is optimized with the Yoast SEO Premium plugin v22.6 (Yoast SEO v22.6) - https:\/\/yoast.com\/wordpress\/plugins\/seo\/ -->\n<title>Lloguer de Pisos En El Born A Barcelona | Loca Barcelona<\/title>\n<meta name=\"description\" content=\"Troba el teu pis de lloguer al barri del Born a Barcelona amb Loca Barcelona. Descobreix la teva nova llar el m\u00e9s aviat possible. Comen\u00e7a la teva cerca ara!\" \/>\n<meta name=\"robots\" content=\"noindex, follow, max-snippet:-1, max-image-preview:large, max-video-preview:-1\" \/>\n<meta property=\"og:locale\" content=\"ca_ES\" \/>\n<meta property=\"og:type\" content=\"article\" \/>\n<meta property=\"og:title\" content=\"Lloguer de Pisos En El Born A Barcelona | Loca Barcelona\" \/>\n<meta property=\"og:description\" content=\"Troba el teu pis de lloguer al barri del Born a Barcelona amb Loca Barcelona. Descobreix la teva nova llar el m\u00e9s aviat possible. Comen\u00e7a la teva cerca ara!\" \/>\n<meta property=\"og:url\" content=\"https:\/\/locabarcelona.egluu.com\/ca\/lloguer-pisos\/el-born\/\" \/>\n<meta property=\"og:site_name\" content=\"Locabarcelona\" \/>\n<meta property=\"article:modified_time\" content=\"2024-01-08T12:52:50+00:00\" \/>\n<meta name=\"twitter:card\" content=\"summary_large_image\" \/>\n<meta name=\"twitter:label1\" content=\"Est. reading time\" \/>\n\t<meta name=\"twitter:data1\" content=\"3 minuts\" \/>\n<script type=\"application\/ld+json\" class=\"yoast-schema-graph\">{\"@context\":\"https:\/\/schema.org\",\"@graph\":[{\"@type\":\"WebPage\",\"@id\":\"https:\/\/locabarcelona.egluu.com\/ca\/lloguer-pisos\/el-born\/\",\"url\":\"https:\/\/locabarcelona.egluu.com\/ca\/lloguer-pisos\/el-born\/\",\"name\":\"Lloguer de Pisos En El Born A Barcelona | Loca Barcelona\",\"isPartOf\":{\"@id\":\"https:\/\/locabarcelona.egluu.com\/ca\/#website\"},\"datePublished\":\"2024-01-08T11:23:45+00:00\",\"dateModified\":\"2024-01-08T12:52:50+00:00\",\"description\":\"Troba el teu pis de lloguer al barri del Born a Barcelona amb Loca Barcelona. Descobreix la teva nova llar el m\u00e9s aviat possible. Comen\u00e7a la teva cerca ara!\",\"breadcrumb\":{\"@id\":\"https:\/\/locabarcelona.egluu.com\/ca\/lloguer-pisos\/el-born\/#breadcrumb\"},\"inLanguage\":\"ca\",\"potentialAction\":[{\"@type\":\"ReadAction\",\"target\":[\"https:\/\/locabarcelona.egluu.com\/ca\/lloguer-pisos\/el-born\/\"]}]},{\"@type\":\"BreadcrumbList\",\"@id\":\"https:\/\/locabarcelona.egluu.com\/ca\/lloguer-pisos\/el-born\/#breadcrumb\",\"itemListElement\":[{\"@type\":\"ListItem\",\"position\":1,\"name\":\"Inicio\",\"item\":\"https:\/\/www.locabarcelona.com\/ca\/home\/\"},{\"@type\":\"ListItem\",\"position\":2,\"name\":\"Ag\u00e8ncia De Lloguer De Pisos A Barcelona\",\"item\":\"https:\/\/www.locabarcelona.com\/ca\/lloguer-pisos\/\"},{\"@type\":\"ListItem\",\"position\":3,\"name\":\"Pisos de lloguer En el Born\"}]},{\"@type\":\"WebSite\",\"@id\":\"https:\/\/locabarcelona.egluu.com\/ca\/#website\",\"url\":\"https:\/\/locabarcelona.egluu.com\/ca\/\",\"name\":\"Loca Barcelona\",\"description\":\"Real Estate Services\",\"publisher\":{\"@id\":\"https:\/\/locabarcelona.egluu.com\/ca\/#organization\"},\"potentialAction\":[{\"@type\":\"SearchAction\",\"target\":{\"@type\":\"EntryPoint\",\"urlTemplate\":\"https:\/\/locabarcelona.egluu.com\/ca\/?s={search_term_string}\"},\"query-input\":\"required name=search_term_string\"}],\"inLanguage\":\"ca\"},{\"@type\":\"Organization\",\"@id\":\"https:\/\/locabarcelona.egluu.com\/ca\/#organization\",\"name\":\"Loca Barcelona\",\"url\":\"https:\/\/locabarcelona.egluu.com\/ca\/\",\"logo\":{\"@type\":\"ImageObject\",\"inLanguage\":\"ca\",\"@id\":\"https:\/\/locabarcelona.egluu.com\/ca\/#\/schema\/logo\/image\/\",\"url\":\"https:\/\/locabarcelona.egluu.com\/wp-content\/uploads\/2021\/10\/logo_locabarcelona_small.png\",\"contentUrl\":\"https:\/\/locabarcelona.egluu.com\/wp-content\/uploads\/2021\/10\/logo_locabarcelona_small.png\",\"width\":250,\"height\":149,\"caption\":\"Loca Barcelona\"},\"image\":{\"@id\":\"https:\/\/locabarcelona.egluu.com\/ca\/#\/schema\/logo\/image\/\"}}]}<\/script>\n<!-- \/ Yoast SEO Premium plugin. -->","yoast_head_json":{"title":"Lloguer de Pisos En El Born A Barcelona | Loca Barcelona","description":"Troba el teu pis de lloguer al barri del Born a Barcelona amb Loca Barcelona. Descobreix la teva nova llar el m\u00e9s aviat possible. Comen\u00e7a la teva cerca ara!","robots":{"index":"noindex","follow":"follow","max-snippet":"max-snippet:-1","max-image-preview":"max-image-preview:large","max-video-preview":"max-video-preview:-1"},"og_locale":"ca_ES","og_type":"article","og_title":"Lloguer de Pisos En El Born A Barcelona | Loca Barcelona","og_description":"Troba el teu pis de lloguer al barri del Born a Barcelona amb Loca Barcelona. Descobreix la teva nova llar el m\u00e9s aviat possible. Comen\u00e7a la teva cerca ara!","og_url":"https:\/\/locabarcelona.egluu.com\/ca\/lloguer-pisos\/el-born\/","og_site_name":"Locabarcelona","article_modified_time":"2024-01-08T12:52:50+00:00","twitter_card":"summary_large_image","twitter_misc":{"Est. reading time":"3 minuts"},"schema":{"@context":"https:\/\/schema.org","@graph":[{"@type":"WebPage","@id":"https:\/\/locabarcelona.egluu.com\/ca\/lloguer-pisos\/el-born\/","url":"https:\/\/locabarcelona.egluu.com\/ca\/lloguer-pisos\/el-born\/","name":"Lloguer de Pisos En El Born A Barcelona | Loca Barcelona","isPartOf":{"@id":"https:\/\/locabarcelona.egluu.com\/ca\/#website"},"datePublished":"2024-01-08T11:23:45+00:00","dateModified":"2024-01-08T12:52:50+00:00","description":"Troba el teu pis de lloguer al barri del Born a Barcelona amb Loca Barcelona. Descobreix la teva nova llar el m\u00e9s aviat possible. Comen\u00e7a la teva cerca ara!","breadcrumb":{"@id":"https:\/\/locabarcelona.egluu.com\/ca\/lloguer-pisos\/el-born\/#breadcrumb"},"inLanguage":"ca","potentialAction":[{"@type":"ReadAction","target":["https:\/\/locabarcelona.egluu.com\/ca\/lloguer-pisos\/el-born\/"]}]},{"@type":"BreadcrumbList","@id":"https:\/\/locabarcelona.egluu.com\/ca\/lloguer-pisos\/el-born\/#breadcrumb","itemListElement":[{"@type":"ListItem","position":1,"name":"Inicio","item":"https:\/\/www.locabarcelona.com\/ca\/home\/"},{"@type":"ListItem","position":2,"name":"Ag\u00e8ncia De Lloguer De Pisos A Barcelona","item":"https:\/\/www.locabarcelona.com\/ca\/lloguer-pisos\/"},{"@type":"ListItem","position":3,"name":"Pisos de lloguer En el Born"}]},{"@type":"WebSite","@id":"https:\/\/locabarcelona.egluu.com\/ca\/#website","url":"https:\/\/locabarcelona.egluu.com\/ca\/","name":"Loca Barcelona","description":"Real Estate Services","publisher":{"@id":"https:\/\/locabarcelona.egluu.com\/ca\/#organization"},"potentialAction":[{"@type":"SearchAction","target":{"@type":"EntryPoint","urlTemplate":"https:\/\/locabarcelona.egluu.com\/ca\/?s={search_term_string}"},"query-input":"required name=search_term_string"}],"inLanguage":"ca"},{"@type":"Organization","@id":"https:\/\/locabarcelona.egluu.com\/ca\/#organization","name":"Loca Barcelona","url":"https:\/\/locabarcelona.egluu.com\/ca\/","logo":{"@type":"ImageObject","inLanguage":"ca","@id":"https:\/\/locabarcelona.egluu.com\/ca\/#\/schema\/logo\/image\/","url":"https:\/\/locabarcelona.egluu.com\/wp-content\/uploads\/2021\/10\/logo_locabarcelona_small.png","contentUrl":"https:\/\/locabarcelona.egluu.com\/wp-content\/uploads\/2021\/10\/logo_locabarcelona_small.png","width":250,"height":149,"caption":"Loca Barcelona"},"image":{"@id":"https:\/\/locabarcelona.egluu.com\/ca\/#\/schema\/logo\/image\/"}}]}},"_links":{"self":[{"href":"https:\/\/locabarcelona.egluu.com\/ca\/wp-json\/wp\/v2\/pages\/508318"}],"collection":[{"href":"https:\/\/locabarcelona.egluu.com\/ca\/wp-json\/wp\/v2\/pages"}],"about":[{"href":"https:\/\/locabarcelona.egluu.com\/ca\/wp-json\/wp\/v2\/types\/page"}],"author":[{"embeddable":true,"href":"https:\/\/locabarcelona.egluu.com\/ca\/wp-json\/wp\/v2\/users\/344"}],"replies":[{"embeddable":true,"href":"https:\/\/locabarcelona.egluu.com\/ca\/wp-json\/wp\/v2\/comments?post=508318"}],"version-history":[{"count":0,"href":"https:\/\/locabarcelona.egluu.com\/ca\/wp-json\/wp\/v2\/pages\/508318\/revisions"}],"up":[{"embeddable":true,"href":"https:\/\/locabarcelona.egluu.com\/ca\/wp-json\/wp\/v2\/pages\/502792"}],"wp:attachment":[{"href":"https:\/\/locabarcelona.egluu.com\/ca\/wp-json\/wp\/v2\/media?parent=508318"}],"curies":[{"name":"wp","href":"https:\/\/api.w.org\/{rel}","templated":true}]}}