{"id":508590,"date":"2024-01-08T15:14:19","date_gmt":"2024-01-08T14:14:19","guid":{"rendered":"https:\/\/locabarcelona.egluu.com\/?page_id=508590"},"modified":"2024-01-08T15:19:59","modified_gmt":"2024-01-08T14:19:59","slug":"el-clot","status":"publish","type":"page","link":"https:\/\/locabarcelona.egluu.com\/ca\/lloguer-pisos\/el-clot\/","title":{"rendered":"Lloguer de Pisos en el Clot"},"content":{"rendered":"\t\t<div data-elementor-type=\"wp-page\" data-elementor-id=\"508590\" class=\"elementor elementor-508590 elementor-438266\" data-elementor-post-type=\"page\">\n\t\t\t\t\t\t<section class=\"elementor-section elementor-top-section elementor-element elementor-element-1b511ecb elementor-section-boxed elementor-section-height-default elementor-section-height-default\" data-id=\"1b511ecb\" data-element_type=\"section\">\n\t\t\t\t\t\t<div class=\"elementor-container elementor-column-gap-default\">\n\t\t\t\t\t<div class=\"elementor-column elementor-col-100 elementor-top-column elementor-element elementor-element-112d6f88\" data-id=\"112d6f88\" data-element_type=\"column\">\n\t\t\t<div class=\"elementor-widget-wrap elementor-element-populated\">\n\t\t\t\t\t\t<div class=\"elementor-element elementor-element-1e3f3a06 elementor-widget elementor-widget-text-editor\" data-id=\"1e3f3a06\" data-element_type=\"widget\" data-widget_type=\"text-editor.default\">\n\t\t\t\t<div class=\"elementor-widget-container\">\n\t\t\t\t\t\t\t<h2>Per qu\u00e8 llogar un pis a El Clot?<\/h2><p><a href=\"https:\/\/locabarcelona.egluu.com\/ca\/\">Loca Barcelona<\/a> t&#8217;ofereix una \u00e0mplia selecci\u00f3 de pisos en lloguer a El Clot com a pisos amplis i renovats amb moltes comoditats. En aquest districte es poden trobar f\u00e0cilment propietats de 3 a 5 habitacions. \u00c9s una zona ideal perqu\u00e8 visquin les fam\u00edlies nombroses.<\/p><p>\u00c9s un dels barris m\u00e9s assequibles si vols mudar-te a Barcelona. De fet, en aquest barri trobar\u00e0s excel\u00b7lents <a href=\"https:\/\/locabarcelona.egluu.com\/ca\/property-status\/lloguer-de-temporada\/\">pisos de lloguer a curt<\/a> o llarg termini a Barcelona, la qual cosa constitueix una soluci\u00f3 ideal per a les fam\u00edlies. La zona \u00e9s popular entre les fam\u00edlies que busquen allotjament a Barcelona. Tamb\u00e9 trobar\u00e0s propietats amb els serveis m\u00e9s sol\u00b7licitats, com a pisos de lloguer amb aire condicionat.<\/p><p>Situat en el <strong>barri de Sant Mart\u00ed<\/strong>, El Clot \u00e9s una de les zones m\u00e9s tranquil\u00b7les del districte. La seva emblem\u00e0tica arquitectura combina estils moderns i tradicionals. Igual que els voltants, la zona ha vist el seu paisatge renovat i profundament canviat pels <strong>Jocs Ol\u00edmpics de Barcelona.<\/strong><\/p><p>En aquesta zona es pot gaudir d&#8217;un estil de vida mediterrani, de bells edificis d&#8217;arquitectura tradicional. Aquesta modernitat es troba sobretot en edificis amb ascensors i instal\u00b7lacions totalment noves. Oferim una varietat de lloguers mensuals totalment moblats, i lloguers tur\u00edstics amb Wi-Fi incl\u00f2s, aix\u00ed com <a href=\"https:\/\/locabarcelona.egluu.com\/ca\/property-status\/lloguer-de-llarga-estada\/\">lloguers de llarga durada<\/a> parcialment moblats o buits.<\/p><p>La zona \u00e9s particularment popular entre les fam\u00edlies, ja que hi ha moltes escoles en la zona i tamb\u00e9 est\u00e0 prop del centre financer de la ciutat per als pares que treballen. El Clot \u00e9s una excel\u00b7lent opci\u00f3 per a aquells que busquen un pis de lloguer en un lloc tranquil i familiar, per\u00f2 prop de la platja i del treball.<\/p><p>La zona est\u00e0 ben comunicada, per la qual cosa \u00e9s f\u00e0cil despla\u00e7ar-se a altres parts de la ciutat. El ciclisme i el senderisme tamb\u00e9 s\u00f3n mitjans de transport populars per als vilatans.<\/p><h2>Quins s\u00f3n els avantatges d&#8217;El Clot?<\/h2><p>Encara que no \u00e9s la zona m\u00e9s popular de Barcelona, pots gaudir de la pau i la tranquil\u00b7litat d&#8217;una zona residencial sense deixar d&#8217;estar prop d&#8217;altres zones m\u00e9s animades. De fet, els turistes no s&#8217;aventuren aqu\u00ed, ja que hi ha pocs llocs tur\u00edstics famosos, per la qual cosa est\u00e0 bastant ben conservat.<\/p><p>Per aix\u00f2, aquesta zona t\u00e9 un ambient t\u00edpicament catal\u00e0, per aquest motiu \u00e9s un lloc ideal per a <strong>allotjar-se a Barcelona<\/strong> si vols submergir-se en la seva cultura. Descobreix els <a href=\"https:\/\/locabarcelona.egluu.com\/ca\/property-status\/lloguer-turistic\/\">nostres lloguers disponibles<\/a> ara en les nostres p\u00e0gines de selecci\u00f3 de lloguers.<\/p><p>Tamb\u00e9 pots trobar molts supermercats, botigues independents, mercats d&#8217;aliments i un mercat ambulant setmanal en el qual pot fer les teves compres setmanals. En aquesta zona trobar\u00e0 tot el que necessita. Des de teatres fins a cinemes i parcs infantils.<\/p><p>Aquesta zona tamb\u00e9 \u00e9s ideal si vols menjar alguna cosa amb els teus amics o gaudir d&#8217;una terrassa assolellada. Hi ha moltes botigues per a triar. A m\u00e9s, en estar a pocs minuts a peu de la platja, pots menjar una cosa r\u00e0pida en un quiosquet o fer una passejada per la platja.<\/p><p>Si aix\u00f2 no t&#8217;ha conven\u00e7ut encara, dona un cop d&#8217;ull als nostres pisos disponibles als quals aviat estaran disponibles per a lloguer a curt o llarg termini en la nostra p\u00e0gina d&#8217;anuncis ara. Tamb\u00e9 pots <a href=\"https:\/\/locabarcelona.egluu.com\/ca\/sobre-nosaltres\/contactans\/\">posar-te en contacte<\/a> amb nosaltres, especificant el que cerques, i trobarem la soluci\u00f3 perfecta.<\/p>\t\t\t\t\t\t<\/div>\n\t\t\t\t<\/div>\n\t\t\t\t<div class=\"elementor-element elementor-element-f291d56 elementor-widget elementor-widget-spacer\" data-id=\"f291d56\" data-element_type=\"widget\" data-widget_type=\"spacer.default\">\n\t\t\t\t<div class=\"elementor-widget-container\">\n\t\t\t\t\t<div class=\"elementor-spacer\">\n\t\t\t<div class=\"elementor-spacer-inner\"><\/div>\n\t\t<\/div>\n\t\t\t\t<\/div>\n\t\t\t\t<\/div>\n\t\t\t\t\t<\/div>\n\t\t<\/div>\n\t\t\t\t\t<\/div>\n\t\t<\/section>\n\t\t<div class=\"elementor-element elementor-element-accfdac e-flex e-con-boxed e-con e-parent\" data-id=\"accfdac\" data-element_type=\"container\">\n\t\t\t\t\t<div class=\"e-con-inner\">\n\t\t\t\t<div class=\"elementor-element elementor-element-2afc7c6 elementor-widget elementor-widget-template\" data-id=\"2afc7c6\" data-element_type=\"widget\" data-widget_type=\"template.default\">\n\t\t\t\t<div class=\"elementor-widget-container\">\n\t\t\t\t\t<div class=\"elementor-template\">\n\t\t\t\t\t<div data-elementor-type=\"section\" data-elementor-id=\"505205\" class=\"elementor elementor-505205\" data-elementor-post-type=\"elementor_library\">\n\t\t\t\t\t<section class=\"elementor-section elementor-top-section elementor-element elementor-element-4110c1e8 elementor-section-boxed elementor-section-height-default elementor-section-height-default\" data-id=\"4110c1e8\" data-element_type=\"section\">\n\t\t\t\t\t\t<div class=\"elementor-container elementor-column-gap-default\">\n\t\t\t\t\t<div class=\"elementor-column elementor-col-100 elementor-top-column elementor-element elementor-element-13193eda\" data-id=\"13193eda\" data-element_type=\"column\">\n\t\t\t<div class=\"elementor-widget-wrap elementor-element-populated\">\n\t\t\t\t\t\t<div class=\"elementor-element elementor-element-7a37c6cb elementor-widget elementor-widget-heading\" data-id=\"7a37c6cb\" data-element_type=\"widget\" data-widget_type=\"heading.default\">\n\t\t\t\t<div class=\"elementor-widget-container\">\n\t\t\t<h2 class=\"elementor-heading-title elementor-size-default\">Cerques freq\u00fcents<\/h2>\t\t<\/div>\n\t\t\t\t<\/div>\n\t\t\t\t\t<\/div>\n\t\t<\/div>\n\t\t\t\t\t<\/div>\n\t\t<\/section>\n\t\t\t\t<\/div>\n\t\t\t\t<\/div>\n\t\t\t\t<\/div>\n\t\t\t\t<\/div>\n\t\t\t\t\t<\/div>\n\t\t\t\t<\/div>\n\t\t<div class=\"elementor-element elementor-element-068d57e e-flex e-con-boxed e-con e-parent\" data-id=\"068d57e\" data-element_type=\"container\">\n\t\t\t\t\t<div class=\"e-con-inner\">\n\t\t\t\t<div class=\"elementor-element elementor-element-d9494af elementor-widget elementor-widget-template\" data-id=\"d9494af\" data-element_type=\"widget\" data-widget_type=\"template.default\">\n\t\t\t\t<div class=\"elementor-widget-container\">\n\t\t\t\t\t<div class=\"elementor-template\">\n\t\t\t\t\t<div data-elementor-type=\"section\" data-elementor-id=\"505202\" class=\"elementor elementor-505202\" data-elementor-post-type=\"elementor_library\">\n\t\t\t\t\t<section class=\"elementor-section elementor-top-section elementor-element elementor-element-32ed3dff elementor-section-boxed elementor-section-height-default elementor-section-height-default\" data-id=\"32ed3dff\" data-element_type=\"section\">\n\t\t\t\t\t\t<div class=\"elementor-container elementor-column-gap-default\">\n\t\t\t\t\t<div class=\"elementor-column elementor-col-50 elementor-top-column elementor-element elementor-element-5ebef740\" data-id=\"5ebef740\" data-element_type=\"column\">\n\t\t\t<div class=\"elementor-widget-wrap elementor-element-populated\">\n\t\t\t\t\t\t<div class=\"elementor-element elementor-element-1d7c6e8d elementor-widget elementor-widget-text-editor\" data-id=\"1d7c6e8d\" data-element_type=\"widget\" data-widget_type=\"text-editor.default\">\n\t\t\t\t<div class=\"elementor-widget-container\">\n\t\t\t\t\t\t\t<p>Pisos d&#8217;estudiants<\/p><p>Pisos per compartir<\/p><p>Pisos de lloguer moblats<\/p><p>Estudi de lloguer<\/p>\t\t\t\t\t\t<\/div>\n\t\t\t\t<\/div>\n\t\t\t\t\t<\/div>\n\t\t<\/div>\n\t\t\t\t<div class=\"elementor-column elementor-col-50 elementor-top-column elementor-element elementor-element-1348ec33\" data-id=\"1348ec33\" data-element_type=\"column\">\n\t\t\t<div class=\"elementor-widget-wrap elementor-element-populated\">\n\t\t\t\t\t\t<div class=\"elementor-element elementor-element-293c3717 elementor-widget elementor-widget-text-editor\" data-id=\"293c3717\" data-element_type=\"widget\" data-widget_type=\"text-editor.default\">\n\t\t\t\t<div class=\"elementor-widget-container\">\n\t\t\t\t\t\t\t<p>Pis amb terrassa<\/p><p>Pis amb \u00e1tic<\/p><p>Pisos de 2 habitacions<\/p><p>Pisos de 3 habitacions<\/p>\t\t\t\t\t\t<\/div>\n\t\t\t\t<\/div>\n\t\t\t\t\t<\/div>\n\t\t<\/div>\n\t\t\t\t\t<\/div>\n\t\t<\/section>\n\t\t\t\t<\/div>\n\t\t\t\t<\/div>\n\t\t\t\t<\/div>\n\t\t\t\t<\/div>\n\t\t\t\t\t<\/div>\n\t\t\t\t<\/div>\n\t\t<div class=\"elementor-element elementor-element-3b6f882 e-flex e-con-boxed e-con e-parent\" data-id=\"3b6f882\" data-element_type=\"container\">\n\t\t\t\t\t<div class=\"e-con-inner\">\n\t\t\t\t<div class=\"elementor-element elementor-element-0eb69ae elementor-widget elementor-widget-template\" data-id=\"0eb69ae\" data-element_type=\"widget\" data-widget_type=\"template.default\">\n\t\t\t\t<div class=\"elementor-widget-container\">\n\t\t\t\t\t<div class=\"elementor-template\">\n\t\t\t\t\t<div data-elementor-type=\"section\" data-elementor-id=\"503025\" class=\"elementor elementor-503025\" data-elementor-post-type=\"elementor_library\">\n\t\t\t\t\t<section class=\"elementor-section elementor-top-section elementor-element elementor-element-20934a28 elementor-section-boxed elementor-section-height-default elementor-section-height-default\" data-id=\"20934a28\" data-element_type=\"section\">\n\t\t\t\t\t\t<div class=\"elementor-container elementor-column-gap-default\">\n\t\t\t\t\t<div class=\"elementor-column elementor-col-100 elementor-top-column elementor-element elementor-element-491e3794\" data-id=\"491e3794\" data-element_type=\"column\">\n\t\t\t<div class=\"elementor-widget-wrap elementor-element-populated\">\n\t\t\t\t\t\t<div class=\"elementor-element elementor-element-42f3eb2e elementor-widget elementor-widget-heading\" data-id=\"42f3eb2e\" data-element_type=\"widget\" data-widget_type=\"heading.default\">\n\t\t\t\t<div class=\"elementor-widget-container\">\n\t\t\t<h2 class=\"elementor-heading-title elementor-size-default\">Pisos de lloguer per districte\n<\/h2>\t\t<\/div>\n\t\t\t\t<\/div>\n\t\t\t\t\t<\/div>\n\t\t<\/div>\n\t\t\t\t\t<\/div>\n\t\t<\/section>\n\t\t\t\t<\/div>\n\t\t\t\t<\/div>\n\t\t\t\t<\/div>\n\t\t\t\t<\/div>\n\t\t\t\t\t<\/div>\n\t\t\t\t<\/div>\n\t\t<div class=\"elementor-element elementor-element-665468b e-flex e-con-boxed e-con e-parent\" data-id=\"665468b\" data-element_type=\"container\">\n\t\t\t\t\t<div class=\"e-con-inner\">\n\t\t\t\t<div class=\"elementor-element elementor-element-b654e39 elementor-widget elementor-widget-template\" data-id=\"b654e39\" data-element_type=\"widget\" data-widget_type=\"template.default\">\n\t\t\t\t<div class=\"elementor-widget-container\">\n\t\t\t\t\t<div class=\"elementor-template\">\n\t\t\t\t\t<div data-elementor-type=\"section\" data-elementor-id=\"503028\" class=\"elementor elementor-503028\" data-elementor-post-type=\"elementor_library\">\n\t\t\t\t\t<section class=\"elementor-section elementor-top-section elementor-element elementor-element-23b61a6e elementor-section-boxed elementor-section-height-default elementor-section-height-default\" data-id=\"23b61a6e\" data-element_type=\"section\">\n\t\t\t\t\t\t<div class=\"elementor-container elementor-column-gap-default\">\n\t\t\t\t\t<div class=\"elementor-column elementor-col-50 elementor-top-column elementor-element elementor-element-7d34eead\" data-id=\"7d34eead\" data-element_type=\"column\">\n\t\t\t<div class=\"elementor-widget-wrap elementor-element-populated\">\n\t\t\t\t\t\t<div class=\"elementor-element elementor-element-2077e878 elementor-widget elementor-widget-text-editor\" data-id=\"2077e878\" data-element_type=\"widget\" data-widget_type=\"text-editor.default\">\n\t\t\t\t<div class=\"elementor-widget-container\">\n\t\t\t\t\t\t\t<p><a href=\"https:\/\/locabarcelona.egluu.com\/ca\/lloguer-pisos\/eixample\/\">Pisos de lloguer a l&#8217;Eixample<\/a><br \/>Pisos de lloguer a Eixample Dreta<br \/>Pisos de lloguer a l&#8217;Antiga Esquerra de l&#8217;Eixample<br \/>Pisos de lloguer Nova Esquerra de l&#8217;Eixample<br \/>Pisos de lloguer a Fort Pienc<br \/><a href=\"https:\/\/locabarcelona.egluu.com\/ca\/lloguer-pisos\/sagrada-familia\/\">Pisos de lloguer a la Sagrada Fam\u00edlia<\/a><br \/><a href=\"https:\/\/locabarcelona.egluu.com\/ca\/lloguer-pisos\/sant-antoni\/\">Pisos de lloguer a Sant antoni<\/a><br \/><a href=\"https:\/\/locabarcelona.egluu.com\/ca\/lloguer-pisos\/ciutat-vella\/\">Pisos de lloguer a Ciutat Vella<\/a><br \/><a href=\"https:\/\/locabarcelona.egluu.com\/ca\/lloguer-pisos\/barri-gotic\/\">Pisos de lloguer en el G\u00f3tic<\/a><br \/><a href=\"https:\/\/locabarcelona.egluu.com\/ca\/lloguer-pisos\/el-raval\/\">Pisos de lloguer en el Raval<\/a><br \/><a href=\"https:\/\/locabarcelona.egluu.com\/ca\/lloguer-pisos\/el-born\/\">Pisos de lloguer en el Born<\/a><br \/><a href=\"https:\/\/locabarcelona.egluu.com\/ca\/lloguer-pisos\/la-barceloneta\/\">Pisos de lloguer a Barceloneta<\/a><br \/><a href=\"https:\/\/locabarcelona.egluu.com\/ca\/lloguer-pisos\/sants-montjuic\/\">Pisos de lloguer a Sants-Montju\u00efc<\/a><br \/><a href=\"https:\/\/locabarcelona.egluu.com\/ca\/lloguer-pisos\/poble-sec\/\">Pisos de lloguer a Poble Sec<\/a><br \/>Pisos de lloguer a Sants<br \/>Pisos de lloguer en El Putxet i Farr\u00f3<br \/>Pisos de lloguer en Les Tres Torres<br \/>Pisos de lloguer a Montju\u00efc<\/p>\t\t\t\t\t\t<\/div>\n\t\t\t\t<\/div>\n\t\t\t\t\t<\/div>\n\t\t<\/div>\n\t\t\t\t<div class=\"elementor-column elementor-col-50 elementor-top-column elementor-element elementor-element-2440c647\" data-id=\"2440c647\" data-element_type=\"column\">\n\t\t\t<div class=\"elementor-widget-wrap elementor-element-populated\">\n\t\t\t\t\t\t<div class=\"elementor-element elementor-element-7395001f elementor-widget elementor-widget-text-editor\" data-id=\"7395001f\" data-element_type=\"widget\" data-widget_type=\"text-editor.default\">\n\t\t\t\t<div class=\"elementor-widget-container\">\n\t\t\t\t\t\t\t<p><a href=\"https:\/\/locabarcelona.egluu.com\/ca\/lloguer-pisos\/les-corts\/\">Pisos de lloguer a les Corts<\/a><br \/><a href=\"https:\/\/locabarcelona.egluu.com\/ca\/lloguer-pisos\/pedralbes\/\">Pisos de lloguer a Pedralbes<\/a><br \/><a href=\"https:\/\/locabarcelona.egluu.com\/ca\/lloguer-pisos\/sarria-sant-gervasi\/\">Pisos de lloguer a Sarri\u00e0 Sant Gervasi<\/a><br \/><a href=\"https:\/\/locabarcelona.egluu.com\/ca\/lloguer-pisos\/sarria\/\">Pisos de lloguer a Sarri\u00e0<\/a><br \/><a href=\"https:\/\/locabarcelona.egluu.com\/ca\/lloguer-pisos\/gracia\/\">Pisos de lloguer a Gr\u00e0cia<\/a><br \/>Pisos de lloguer a Vila de Gr\u00e0cia<br \/><a href=\"https:\/\/locabarcelona.egluu.com\/ca\/lloguer-pisos\/horta-guinardo\/\">Pisos de lloguer a Horta Guinard\u00f3<\/a><br \/><a href=\"https:\/\/locabarcelona.egluu.com\/ca\/lloguer-pisos\/nou-barris\/\">Pisos de lloguer a Nou Barris<\/a><br \/>Pisos de lloguer a Sant Andreu<br \/><a href=\"https:\/\/locabarcelona.egluu.com\/ca\/lloguer-pisos\/sant-marti\/\">Pisos de lloguer a Sant Mart\u00ed<\/a><br \/><a href=\"https:\/\/locabarcelona.egluu.com\/ca\/lloguer-pisos\/el-clot\/\">Pisos de lloguer en el Clot<\/a><br \/>Pisos de lloguer a La Vila Ol\u00edmpica del Poblenou<br \/><a href=\"https:\/\/locabarcelona.egluu.com\/ca\/lloguer-pisos\/poblenou\/\">Pisos de lloguer a Poblenou<\/a><br \/><a href=\"https:\/\/locabarcelona.egluu.com\/ca\/lloguer-pisos\/diagonal-mar\/\">Pisos de lloguer a Diagonal Mar<\/a><br \/>Pisos de lloguer a Sant Gervasi \u2013 la Bonanova<br \/>Pisos de lloguer a Sant Gervasi Galvany<br \/><a href=\"https:\/\/locabarcelona.egluu.com\/ca\/lloguer-pisos\/zona-franca\/\">Pisos de lloguer a Zona Franca<\/a><br \/>Pisos de lloguer a Sants Badal<\/p>\t\t\t\t\t\t<\/div>\n\t\t\t\t<\/div>\n\t\t\t\t\t<\/div>\n\t\t<\/div>\n\t\t\t\t\t<\/div>\n\t\t<\/section>\n\t\t\t\t<\/div>\n\t\t\t\t<\/div>\n\t\t\t\t<\/div>\n\t\t\t\t<\/div>\n\t\t\t\t\t<\/div>\n\t\t\t\t<\/div>\n\t\t\t\t<\/div>\n\t\t","protected":false},"excerpt":{"rendered":"<p>Per qu\u00e8 llogar un pis a El Clot? Loca Barcelona t&#8217;ofereix una \u00e0mplia selecci\u00f3 de pisos en lloguer a El Clot com a pisos amplis i renovats amb moltes comoditats. En aquest districte es poden trobar f\u00e0cilment propietats de 3 a 5 habitacions. \u00c9s una zona ideal perqu\u00e8 visquin les fam\u00edlies nombroses. \u00c9s un dels&#8230;<\/p>\n","protected":false},"author":344,"featured_media":0,"parent":502792,"menu_order":0,"comment_status":"closed","ping_status":"closed","template":"templates\/list-layout.php","meta":{"inline_featured_image":false,"footnotes":""},"yoast_head":"<!-- This site is optimized with the Yoast SEO Premium plugin v22.6 (Yoast SEO v22.6) - https:\/\/yoast.com\/wordpress\/plugins\/seo\/ -->\n<title>Lloguer de Pisos en el Clot, Barcelona | Loca Barcelona<\/title>\n<meta name=\"description\" content=\"Troba el teu pis de somni a El Clot, Barcelona amb Loca Barcelona. Comen\u00e7a la teva cerca per viure amb comoditat. Contacta&#039;ns i fes realitat la teva nova llar.\" \/>\n<meta name=\"robots\" content=\"noindex, follow, max-snippet:-1, max-image-preview:large, max-video-preview:-1\" \/>\n<meta property=\"og:locale\" content=\"ca_ES\" \/>\n<meta property=\"og:type\" content=\"article\" \/>\n<meta property=\"og:title\" content=\"Lloguer de Pisos en el Clot, Barcelona | Loca Barcelona\" \/>\n<meta property=\"og:description\" content=\"Troba el teu pis de somni a El Clot, Barcelona amb Loca Barcelona. Comen\u00e7a la teva cerca per viure amb comoditat. Contacta&#039;ns i fes realitat la teva nova llar.\" \/>\n<meta property=\"og:url\" content=\"https:\/\/locabarcelona.egluu.com\/ca\/lloguer-pisos\/el-clot\/\" \/>\n<meta property=\"og:site_name\" content=\"Locabarcelona\" \/>\n<meta property=\"article:modified_time\" content=\"2024-01-08T14:19:59+00:00\" \/>\n<meta name=\"twitter:card\" content=\"summary_large_image\" \/>\n<meta name=\"twitter:label1\" content=\"Est. reading time\" \/>\n\t<meta name=\"twitter:data1\" content=\"6 minuts\" \/>\n<script type=\"application\/ld+json\" class=\"yoast-schema-graph\">{\"@context\":\"https:\/\/schema.org\",\"@graph\":[{\"@type\":\"WebPage\",\"@id\":\"https:\/\/locabarcelona.egluu.com\/ca\/lloguer-pisos\/el-clot\/\",\"url\":\"https:\/\/locabarcelona.egluu.com\/ca\/lloguer-pisos\/el-clot\/\",\"name\":\"Lloguer de Pisos en el Clot, Barcelona | Loca Barcelona\",\"isPartOf\":{\"@id\":\"https:\/\/locabarcelona.egluu.com\/ca\/#website\"},\"datePublished\":\"2024-01-08T14:14:19+00:00\",\"dateModified\":\"2024-01-08T14:19:59+00:00\",\"description\":\"Troba el teu pis de somni a El Clot, Barcelona amb Loca Barcelona. Comen\u00e7a la teva cerca per viure amb comoditat. Contacta'ns i fes realitat la teva nova llar.\",\"breadcrumb\":{\"@id\":\"https:\/\/locabarcelona.egluu.com\/ca\/lloguer-pisos\/el-clot\/#breadcrumb\"},\"inLanguage\":\"ca\",\"potentialAction\":[{\"@type\":\"ReadAction\",\"target\":[\"https:\/\/locabarcelona.egluu.com\/ca\/lloguer-pisos\/el-clot\/\"]}]},{\"@type\":\"BreadcrumbList\",\"@id\":\"https:\/\/locabarcelona.egluu.com\/ca\/lloguer-pisos\/el-clot\/#breadcrumb\",\"itemListElement\":[{\"@type\":\"ListItem\",\"position\":1,\"name\":\"Inicio\",\"item\":\"https:\/\/www.locabarcelona.com\/ca\/home\/\"},{\"@type\":\"ListItem\",\"position\":2,\"name\":\"Ag\u00e8ncia De Lloguer De Pisos A Barcelona\",\"item\":\"https:\/\/www.locabarcelona.com\/ca\/lloguer-pisos\/\"},{\"@type\":\"ListItem\",\"position\":3,\"name\":\"Lloguer de Pisos en el Clot\"}]},{\"@type\":\"WebSite\",\"@id\":\"https:\/\/locabarcelona.egluu.com\/ca\/#website\",\"url\":\"https:\/\/locabarcelona.egluu.com\/ca\/\",\"name\":\"Loca Barcelona\",\"description\":\"Real Estate Services\",\"publisher\":{\"@id\":\"https:\/\/locabarcelona.egluu.com\/ca\/#organization\"},\"potentialAction\":[{\"@type\":\"SearchAction\",\"target\":{\"@type\":\"EntryPoint\",\"urlTemplate\":\"https:\/\/locabarcelona.egluu.com\/ca\/?s={search_term_string}\"},\"query-input\":\"required name=search_term_string\"}],\"inLanguage\":\"ca\"},{\"@type\":\"Organization\",\"@id\":\"https:\/\/locabarcelona.egluu.com\/ca\/#organization\",\"name\":\"Loca Barcelona\",\"url\":\"https:\/\/locabarcelona.egluu.com\/ca\/\",\"logo\":{\"@type\":\"ImageObject\",\"inLanguage\":\"ca\",\"@id\":\"https:\/\/locabarcelona.egluu.com\/ca\/#\/schema\/logo\/image\/\",\"url\":\"https:\/\/locabarcelona.egluu.com\/wp-content\/uploads\/2021\/10\/logo_locabarcelona_small.png\",\"contentUrl\":\"https:\/\/locabarcelona.egluu.com\/wp-content\/uploads\/2021\/10\/logo_locabarcelona_small.png\",\"width\":250,\"height\":149,\"caption\":\"Loca Barcelona\"},\"image\":{\"@id\":\"https:\/\/locabarcelona.egluu.com\/ca\/#\/schema\/logo\/image\/\"}}]}<\/script>\n<!-- \/ Yoast SEO Premium plugin. -->","yoast_head_json":{"title":"Lloguer de Pisos en el Clot, Barcelona | Loca Barcelona","description":"Troba el teu pis de somni a El Clot, Barcelona amb Loca Barcelona. Comen\u00e7a la teva cerca per viure amb comoditat. Contacta'ns i fes realitat la teva nova llar.","robots":{"index":"noindex","follow":"follow","max-snippet":"max-snippet:-1","max-image-preview":"max-image-preview:large","max-video-preview":"max-video-preview:-1"},"og_locale":"ca_ES","og_type":"article","og_title":"Lloguer de Pisos en el Clot, Barcelona | Loca Barcelona","og_description":"Troba el teu pis de somni a El Clot, Barcelona amb Loca Barcelona. Comen\u00e7a la teva cerca per viure amb comoditat. Contacta'ns i fes realitat la teva nova llar.","og_url":"https:\/\/locabarcelona.egluu.com\/ca\/lloguer-pisos\/el-clot\/","og_site_name":"Locabarcelona","article_modified_time":"2024-01-08T14:19:59+00:00","twitter_card":"summary_large_image","twitter_misc":{"Est. reading time":"6 minuts"},"schema":{"@context":"https:\/\/schema.org","@graph":[{"@type":"WebPage","@id":"https:\/\/locabarcelona.egluu.com\/ca\/lloguer-pisos\/el-clot\/","url":"https:\/\/locabarcelona.egluu.com\/ca\/lloguer-pisos\/el-clot\/","name":"Lloguer de Pisos en el Clot, Barcelona | Loca Barcelona","isPartOf":{"@id":"https:\/\/locabarcelona.egluu.com\/ca\/#website"},"datePublished":"2024-01-08T14:14:19+00:00","dateModified":"2024-01-08T14:19:59+00:00","description":"Troba el teu pis de somni a El Clot, Barcelona amb Loca Barcelona. Comen\u00e7a la teva cerca per viure amb comoditat. Contacta'ns i fes realitat la teva nova llar.","breadcrumb":{"@id":"https:\/\/locabarcelona.egluu.com\/ca\/lloguer-pisos\/el-clot\/#breadcrumb"},"inLanguage":"ca","potentialAction":[{"@type":"ReadAction","target":["https:\/\/locabarcelona.egluu.com\/ca\/lloguer-pisos\/el-clot\/"]}]},{"@type":"BreadcrumbList","@id":"https:\/\/locabarcelona.egluu.com\/ca\/lloguer-pisos\/el-clot\/#breadcrumb","itemListElement":[{"@type":"ListItem","position":1,"name":"Inicio","item":"https:\/\/www.locabarcelona.com\/ca\/home\/"},{"@type":"ListItem","position":2,"name":"Ag\u00e8ncia De Lloguer De Pisos A Barcelona","item":"https:\/\/www.locabarcelona.com\/ca\/lloguer-pisos\/"},{"@type":"ListItem","position":3,"name":"Lloguer de Pisos en el Clot"}]},{"@type":"WebSite","@id":"https:\/\/locabarcelona.egluu.com\/ca\/#website","url":"https:\/\/locabarcelona.egluu.com\/ca\/","name":"Loca Barcelona","description":"Real Estate Services","publisher":{"@id":"https:\/\/locabarcelona.egluu.com\/ca\/#organization"},"potentialAction":[{"@type":"SearchAction","target":{"@type":"EntryPoint","urlTemplate":"https:\/\/locabarcelona.egluu.com\/ca\/?s={search_term_string}"},"query-input":"required name=search_term_string"}],"inLanguage":"ca"},{"@type":"Organization","@id":"https:\/\/locabarcelona.egluu.com\/ca\/#organization","name":"Loca Barcelona","url":"https:\/\/locabarcelona.egluu.com\/ca\/","logo":{"@type":"ImageObject","inLanguage":"ca","@id":"https:\/\/locabarcelona.egluu.com\/ca\/#\/schema\/logo\/image\/","url":"https:\/\/locabarcelona.egluu.com\/wp-content\/uploads\/2021\/10\/logo_locabarcelona_small.png","contentUrl":"https:\/\/locabarcelona.egluu.com\/wp-content\/uploads\/2021\/10\/logo_locabarcelona_small.png","width":250,"height":149,"caption":"Loca Barcelona"},"image":{"@id":"https:\/\/locabarcelona.egluu.com\/ca\/#\/schema\/logo\/image\/"}}]}},"_links":{"self":[{"href":"https:\/\/locabarcelona.egluu.com\/ca\/wp-json\/wp\/v2\/pages\/508590"}],"collection":[{"href":"https:\/\/locabarcelona.egluu.com\/ca\/wp-json\/wp\/v2\/pages"}],"about":[{"href":"https:\/\/locabarcelona.egluu.com\/ca\/wp-json\/wp\/v2\/types\/page"}],"author":[{"embeddable":true,"href":"https:\/\/locabarcelona.egluu.com\/ca\/wp-json\/wp\/v2\/users\/344"}],"replies":[{"embeddable":true,"href":"https:\/\/locabarcelona.egluu.com\/ca\/wp-json\/wp\/v2\/comments?post=508590"}],"version-history":[{"count":0,"href":"https:\/\/locabarcelona.egluu.com\/ca\/wp-json\/wp\/v2\/pages\/508590\/revisions"}],"up":[{"embeddable":true,"href":"https:\/\/locabarcelona.egluu.com\/ca\/wp-json\/wp\/v2\/pages\/502792"}],"wp:attachment":[{"href":"https:\/\/locabarcelona.egluu.com\/ca\/wp-json\/wp\/v2\/media?parent=508590"}],"curies":[{"name":"wp","href":"https:\/\/api.w.org\/{rel}","templated":true}]}}