{"id":521049,"date":"2024-03-18T16:46:14","date_gmt":"2024-03-18T15:46:14","guid":{"rendered":"https:\/\/locabarcelona.egluu.com\/?page_id=521049"},"modified":"2024-03-18T16:51:26","modified_gmt":"2024-03-18T15:51:26","slug":"sarria","status":"publish","type":"page","link":"https:\/\/locabarcelona.egluu.com\/ca\/lloguer-pisos\/sarria\/","title":{"rendered":"Lloguer de Pisos a Sarri\u00e0"},"content":{"rendered":"\t\t<div data-elementor-type=\"wp-page\" data-elementor-id=\"521049\" class=\"elementor elementor-521049 elementor-438262\" data-elementor-post-type=\"page\">\n\t\t\t\t\t\t<section class=\"elementor-section elementor-top-section elementor-element elementor-element-74600927 elementor-section-boxed elementor-section-height-default elementor-section-height-default\" data-id=\"74600927\" data-element_type=\"section\">\n\t\t\t\t\t\t<div class=\"elementor-container elementor-column-gap-default\">\n\t\t\t\t\t<div class=\"elementor-column elementor-col-100 elementor-top-column elementor-element elementor-element-66aacf7a\" data-id=\"66aacf7a\" data-element_type=\"column\">\n\t\t\t<div class=\"elementor-widget-wrap elementor-element-populated\">\n\t\t\t\t\t\t<div class=\"elementor-element elementor-element-677f7fcb elementor-widget elementor-widget-text-editor\" data-id=\"677f7fcb\" data-element_type=\"widget\" data-widget_type=\"text-editor.default\">\n\t\t\t\t<div class=\"elementor-widget-container\">\n\t\t\t\t\t\t\t<h2>Per qu\u00e8 llogar un pis en Sarria?<\/h2><p><a href=\"https:\/\/locabarcelona.egluu.com\/ca\/\">Loca Barcelona<\/a> t&#8217;ofereix una selecci\u00f3 \u00fanica de <strong>pisos en lloguer en Sarria<\/strong>, que inclou luxosos i amplis pisos reformats amb jardins i patis. Els <strong>habitatges en lloguer de Sarri\u00e0<\/strong> solen tenir molta originalitat, i gaireb\u00e9 sempre belles fa\u00e7anes. En aquesta zona es poden trobar propietats molt sol\u00b7licitades, com a pisos amb terrasses o balcons. Tamb\u00e9 trobar\u00e0s pisos amb opcions de manteniment, aix\u00ed com pisos amb aparcament i consergeria.<\/p><p>Com el barri limita amb el Parc Natural de Collserola, pots prendre la l\u00ednia blava del tranv\u00eda que recorre l&#8217;avinguda del Tibidabo per a arribar a la famosa muntanya del Tibidabo i gaudir de les espl\u00e8ndides vistes de la ciutat. En el cim del pujol pots gaudir de la bellesa del temple de Expiatori o relaxar-te i divertir-te al parc d&#8217;atraccions del Mont Tibidabo. En aquesta zona tamb\u00e9 pot visitar el Museu Cosmocaixa de Barcelona, un dels majors museus de ci\u00e8ncia d&#8217;Europa.<\/p><p>Sarria \u00e9s un dels barris m\u00e9s populars de la ciutat per les seves excepcionals condicions de vida i els seus grans xalets, col\u00b7legis p\u00fablics i competents instal\u00b7lacions sanit\u00e0ries.<\/p><p>A m\u00e9s, si ets un expatriat que vol mudar-se a Barcelona, pots aprofitar les nombroses reunions i esdeveniments que se celebren cada setmana en Sarria, on podr\u00e0s con\u00e8ixer a companys expatriats del teu barri o de Barcelona en general.<\/p><p>A Loca Barcelona podem ajudar-te a trobar la casa dels teus somnis a Barcelona, ja sigui a <a href=\"https:\/\/locabarcelona.egluu.com\/ca\/property-status\/lloguer-de-temporada\/\">curt termini<\/a> o <a href=\"https:\/\/locabarcelona.egluu.com\/ca\/property-status\/lloguer-de-llarga-estada\/\">llarg termini<\/a>. Des de bells pisos amb terrasses fins a pisos de lloguer totalment moblats i equipats amb rentavaixella, rentadores i aire condicionat, t&#8217;oferim una \u00e0mplia gamma de <a href=\"https:\/\/locabarcelona.egluu.com\/ca\/property-status\/lloguer-turistic\/\">lloguers tur\u00edstics<\/a>. Si no pots visitar els pisos en persona, podem organitzar visites personalitzades a dist\u00e0ncia per a tu. <a href=\"https:\/\/locabarcelona.egluu.com\/ca\/sobre-nosaltres\/contactans\/\">Posa\u2019t en contacte amb nosaltres<\/a> i, deixa que ens encarreguem de la teva mudan\u00e7a a Barcelona per a garantir la teva tranquil\u00b7litat.<\/p><p>La zona tamb\u00e9 est\u00e0 ben comunicada per transport, a nom\u00e9s 10 minuts del centre de la ciutat amb metro. <\/p><h2>Quins s\u00f3n els avantatges de viure en aquesta zona?<\/h2><p>Situat en el nord-oest de Barcelona, Sarri\u00e0 destaca com a barri pel seu car\u00e0cter de poble. Igual que Gracia, el barri era originalment un poble adjacent al centre hist\u00f2ric de Barcelona, la qual cosa el converteix en un lloc tranquil i agradable per a viure.<\/p><p>Sarri\u00e0 \u00e9s una zona t\u00edpicament residencial amb ambient de poble, allunyada del centre hist\u00f2ric, on pots viure al teu aire. Els seus tranquils parcs, deliciosos restaurants i centres comercials la converteixen en un <a href=\"https:\/\/locabarcelona.egluu.com\/es\/vivir-barcelona\/sarria-sant-gervasi\/\">lloc ideal per a viure<\/a>.<\/p><p>Aquest lloc \u00fanic i exclusiu alberga escoles internacionals, hospitals, consolats i cl\u00edniques m\u00e8diques. Gr\u00e0cies a les seves caracter\u00edstiques especials, Sarri\u00e0 i el districte de Sarri\u00e0 \u2013 Sant Gervasi en el seu conjunt \u2013 \u00e9s tamb\u00e9 una zona familiar. Els seus nombrosos parcs, els seus amplis carrers i les seves rambles s\u00f3n especialment populars entre els barcelonins o les fam\u00edlies que desitgen mudar-se a Barcelona. Oferim una \u00e0mplia selecci\u00f3 de pisos, <strong>\u00e0tics i duplex a Sarri\u00e0<\/strong> en lloguer, ideals per a fam\u00edlies petites o grans.<\/p><p>L&#8217;encant dels seus carrers ha inspirat a molts poetes i arquitectes famosos que han deixat la seva petjada en la zona. Les seves viles i cases modernistes i els seus encantadors espais verds no et deixaran indiferent.<\/p><p>Sarri\u00e0 \u00e9s un dels 7 barris que componen el districte de Sant Gervasi: Sarri\u00e0, les Tres Torres, Sant Gervasi-la Bonanova, Sant Gervasi-Galvany, Vallvidrera, el Tibidabo i els Plans i el Putxet i el Farr\u00f3.<\/p>\t\t\t\t\t\t<\/div>\n\t\t\t\t<\/div>\n\t\t\t\t\t<\/div>\n\t\t<\/div>\n\t\t\t\t\t<\/div>\n\t\t<\/section>\n\t\t\t\t<section class=\"elementor-section elementor-top-section elementor-element elementor-element-3452324 elementor-section-boxed elementor-section-height-default elementor-section-height-default\" data-id=\"3452324\" data-element_type=\"section\">\n\t\t\t\t\t\t<div class=\"elementor-container elementor-column-gap-default\">\n\t\t\t\t\t<div class=\"elementor-column elementor-col-100 elementor-top-column elementor-element elementor-element-7af7506\" data-id=\"7af7506\" data-element_type=\"column\">\n\t\t\t<div class=\"elementor-widget-wrap elementor-element-populated\">\n\t\t\t\t\t\t<div class=\"elementor-element elementor-element-c849a70 elementor-widget elementor-widget-spacer\" data-id=\"c849a70\" data-element_type=\"widget\" data-widget_type=\"spacer.default\">\n\t\t\t\t<div class=\"elementor-widget-container\">\n\t\t\t\t\t<div class=\"elementor-spacer\">\n\t\t\t<div class=\"elementor-spacer-inner\"><\/div>\n\t\t<\/div>\n\t\t\t\t<\/div>\n\t\t\t\t<\/div>\n\t\t\t\t<div class=\"elementor-element elementor-element-7ae0799 elementor-widget elementor-widget-template\" data-id=\"7ae0799\" data-element_type=\"widget\" data-widget_type=\"template.default\">\n\t\t\t\t<div class=\"elementor-widget-container\">\n\t\t\t\t\t<div class=\"elementor-template\">\n\t\t\t\t\t<div data-elementor-type=\"section\" data-elementor-id=\"505205\" class=\"elementor elementor-505205\" data-elementor-post-type=\"elementor_library\">\n\t\t\t\t\t<section class=\"elementor-section elementor-top-section elementor-element elementor-element-4110c1e8 elementor-section-boxed elementor-section-height-default elementor-section-height-default\" data-id=\"4110c1e8\" data-element_type=\"section\">\n\t\t\t\t\t\t<div class=\"elementor-container elementor-column-gap-default\">\n\t\t\t\t\t<div class=\"elementor-column elementor-col-100 elementor-top-column elementor-element elementor-element-13193eda\" data-id=\"13193eda\" data-element_type=\"column\">\n\t\t\t<div class=\"elementor-widget-wrap elementor-element-populated\">\n\t\t\t\t\t\t<div class=\"elementor-element elementor-element-7a37c6cb elementor-widget elementor-widget-heading\" data-id=\"7a37c6cb\" data-element_type=\"widget\" data-widget_type=\"heading.default\">\n\t\t\t\t<div class=\"elementor-widget-container\">\n\t\t\t<h2 class=\"elementor-heading-title elementor-size-default\">Cerques freq\u00fcents<\/h2>\t\t<\/div>\n\t\t\t\t<\/div>\n\t\t\t\t\t<\/div>\n\t\t<\/div>\n\t\t\t\t\t<\/div>\n\t\t<\/section>\n\t\t\t\t<\/div>\n\t\t\t\t<\/div>\n\t\t\t\t<\/div>\n\t\t\t\t<\/div>\n\t\t\t\t<div class=\"elementor-element elementor-element-dbac88d elementor-widget elementor-widget-template\" data-id=\"dbac88d\" data-element_type=\"widget\" data-widget_type=\"template.default\">\n\t\t\t\t<div class=\"elementor-widget-container\">\n\t\t\t\t\t<div class=\"elementor-template\">\n\t\t\t\t\t<div data-elementor-type=\"section\" data-elementor-id=\"505202\" class=\"elementor elementor-505202\" data-elementor-post-type=\"elementor_library\">\n\t\t\t\t\t<section class=\"elementor-section elementor-top-section elementor-element elementor-element-32ed3dff elementor-section-boxed elementor-section-height-default elementor-section-height-default\" data-id=\"32ed3dff\" data-element_type=\"section\">\n\t\t\t\t\t\t<div class=\"elementor-container elementor-column-gap-default\">\n\t\t\t\t\t<div class=\"elementor-column elementor-col-50 elementor-top-column elementor-element elementor-element-5ebef740\" data-id=\"5ebef740\" data-element_type=\"column\">\n\t\t\t<div class=\"elementor-widget-wrap elementor-element-populated\">\n\t\t\t\t\t\t<div class=\"elementor-element elementor-element-1d7c6e8d elementor-widget elementor-widget-text-editor\" data-id=\"1d7c6e8d\" data-element_type=\"widget\" data-widget_type=\"text-editor.default\">\n\t\t\t\t<div class=\"elementor-widget-container\">\n\t\t\t\t\t\t\t<p>Pisos d&#8217;estudiants<\/p><p>Pisos per compartir<\/p><p>Pisos de lloguer moblats<\/p><p>Estudi de lloguer<\/p>\t\t\t\t\t\t<\/div>\n\t\t\t\t<\/div>\n\t\t\t\t\t<\/div>\n\t\t<\/div>\n\t\t\t\t<div class=\"elementor-column elementor-col-50 elementor-top-column elementor-element elementor-element-1348ec33\" data-id=\"1348ec33\" data-element_type=\"column\">\n\t\t\t<div class=\"elementor-widget-wrap elementor-element-populated\">\n\t\t\t\t\t\t<div class=\"elementor-element elementor-element-293c3717 elementor-widget elementor-widget-text-editor\" data-id=\"293c3717\" data-element_type=\"widget\" data-widget_type=\"text-editor.default\">\n\t\t\t\t<div class=\"elementor-widget-container\">\n\t\t\t\t\t\t\t<p>Pis amb terrassa<\/p><p>Pis amb \u00e1tic<\/p><p>Pisos de 2 habitacions<\/p><p>Pisos de 3 habitacions<\/p>\t\t\t\t\t\t<\/div>\n\t\t\t\t<\/div>\n\t\t\t\t\t<\/div>\n\t\t<\/div>\n\t\t\t\t\t<\/div>\n\t\t<\/section>\n\t\t\t\t<\/div>\n\t\t\t\t<\/div>\n\t\t\t\t<\/div>\n\t\t\t\t<\/div>\n\t\t\t\t<div class=\"elementor-element elementor-element-c9615cd elementor-widget elementor-widget-template\" data-id=\"c9615cd\" data-element_type=\"widget\" data-widget_type=\"template.default\">\n\t\t\t\t<div class=\"elementor-widget-container\">\n\t\t\t\t\t<div class=\"elementor-template\">\n\t\t\t\t\t<div data-elementor-type=\"section\" data-elementor-id=\"503025\" class=\"elementor elementor-503025\" data-elementor-post-type=\"elementor_library\">\n\t\t\t\t\t<section class=\"elementor-section elementor-top-section elementor-element elementor-element-20934a28 elementor-section-boxed elementor-section-height-default elementor-section-height-default\" data-id=\"20934a28\" data-element_type=\"section\">\n\t\t\t\t\t\t<div class=\"elementor-container elementor-column-gap-default\">\n\t\t\t\t\t<div class=\"elementor-column elementor-col-100 elementor-top-column elementor-element elementor-element-491e3794\" data-id=\"491e3794\" data-element_type=\"column\">\n\t\t\t<div class=\"elementor-widget-wrap elementor-element-populated\">\n\t\t\t\t\t\t<div class=\"elementor-element elementor-element-42f3eb2e elementor-widget elementor-widget-heading\" data-id=\"42f3eb2e\" data-element_type=\"widget\" data-widget_type=\"heading.default\">\n\t\t\t\t<div class=\"elementor-widget-container\">\n\t\t\t<h2 class=\"elementor-heading-title elementor-size-default\">Pisos de lloguer per districte\n<\/h2>\t\t<\/div>\n\t\t\t\t<\/div>\n\t\t\t\t\t<\/div>\n\t\t<\/div>\n\t\t\t\t\t<\/div>\n\t\t<\/section>\n\t\t\t\t<\/div>\n\t\t\t\t<\/div>\n\t\t\t\t<\/div>\n\t\t\t\t<\/div>\n\t\t\t\t<div class=\"elementor-element elementor-element-abf9d17 elementor-widget elementor-widget-template\" data-id=\"abf9d17\" data-element_type=\"widget\" data-widget_type=\"template.default\">\n\t\t\t\t<div class=\"elementor-widget-container\">\n\t\t\t\t\t<div class=\"elementor-template\">\n\t\t\t\t\t<div data-elementor-type=\"section\" data-elementor-id=\"503028\" class=\"elementor elementor-503028\" data-elementor-post-type=\"elementor_library\">\n\t\t\t\t\t<section class=\"elementor-section elementor-top-section elementor-element elementor-element-23b61a6e elementor-section-boxed elementor-section-height-default elementor-section-height-default\" data-id=\"23b61a6e\" data-element_type=\"section\">\n\t\t\t\t\t\t<div class=\"elementor-container elementor-column-gap-default\">\n\t\t\t\t\t<div class=\"elementor-column elementor-col-50 elementor-top-column elementor-element elementor-element-7d34eead\" data-id=\"7d34eead\" data-element_type=\"column\">\n\t\t\t<div class=\"elementor-widget-wrap elementor-element-populated\">\n\t\t\t\t\t\t<div class=\"elementor-element elementor-element-2077e878 elementor-widget elementor-widget-text-editor\" data-id=\"2077e878\" data-element_type=\"widget\" data-widget_type=\"text-editor.default\">\n\t\t\t\t<div class=\"elementor-widget-container\">\n\t\t\t\t\t\t\t<p><a href=\"https:\/\/locabarcelona.egluu.com\/ca\/lloguer-pisos\/eixample\/\">Pisos de lloguer a l&#8217;Eixample<\/a><br \/>Pisos de lloguer a Eixample Dreta<br \/>Pisos de lloguer a l&#8217;Antiga Esquerra de l&#8217;Eixample<br \/>Pisos de lloguer Nova Esquerra de l&#8217;Eixample<br \/>Pisos de lloguer a Fort Pienc<br \/><a href=\"https:\/\/locabarcelona.egluu.com\/ca\/lloguer-pisos\/sagrada-familia\/\">Pisos de lloguer a la Sagrada Fam\u00edlia<\/a><br \/><a href=\"https:\/\/locabarcelona.egluu.com\/ca\/lloguer-pisos\/sant-antoni\/\">Pisos de lloguer a Sant antoni<\/a><br \/><a href=\"https:\/\/locabarcelona.egluu.com\/ca\/lloguer-pisos\/ciutat-vella\/\">Pisos de lloguer a Ciutat Vella<\/a><br \/><a href=\"https:\/\/locabarcelona.egluu.com\/ca\/lloguer-pisos\/barri-gotic\/\">Pisos de lloguer en el G\u00f3tic<\/a><br \/><a href=\"https:\/\/locabarcelona.egluu.com\/ca\/lloguer-pisos\/el-raval\/\">Pisos de lloguer en el Raval<\/a><br \/><a href=\"https:\/\/locabarcelona.egluu.com\/ca\/lloguer-pisos\/el-born\/\">Pisos de lloguer en el Born<\/a><br \/><a href=\"https:\/\/locabarcelona.egluu.com\/ca\/lloguer-pisos\/la-barceloneta\/\">Pisos de lloguer a Barceloneta<\/a><br \/><a href=\"https:\/\/locabarcelona.egluu.com\/ca\/lloguer-pisos\/sants-montjuic\/\">Pisos de lloguer a Sants-Montju\u00efc<\/a><br \/><a href=\"https:\/\/locabarcelona.egluu.com\/ca\/lloguer-pisos\/poble-sec\/\">Pisos de lloguer a Poble Sec<\/a><br \/>Pisos de lloguer a Sants<br \/>Pisos de lloguer en El Putxet i Farr\u00f3<br \/>Pisos de lloguer en Les Tres Torres<br \/>Pisos de lloguer a Montju\u00efc<\/p>\t\t\t\t\t\t<\/div>\n\t\t\t\t<\/div>\n\t\t\t\t\t<\/div>\n\t\t<\/div>\n\t\t\t\t<div class=\"elementor-column elementor-col-50 elementor-top-column elementor-element elementor-element-2440c647\" data-id=\"2440c647\" data-element_type=\"column\">\n\t\t\t<div class=\"elementor-widget-wrap elementor-element-populated\">\n\t\t\t\t\t\t<div class=\"elementor-element elementor-element-7395001f elementor-widget elementor-widget-text-editor\" data-id=\"7395001f\" data-element_type=\"widget\" data-widget_type=\"text-editor.default\">\n\t\t\t\t<div class=\"elementor-widget-container\">\n\t\t\t\t\t\t\t<p><a href=\"https:\/\/locabarcelona.egluu.com\/ca\/lloguer-pisos\/les-corts\/\">Pisos de lloguer a les Corts<\/a><br \/><a href=\"https:\/\/locabarcelona.egluu.com\/ca\/lloguer-pisos\/pedralbes\/\">Pisos de lloguer a Pedralbes<\/a><br \/><a href=\"https:\/\/locabarcelona.egluu.com\/ca\/lloguer-pisos\/sarria-sant-gervasi\/\">Pisos de lloguer a Sarri\u00e0 Sant Gervasi<\/a><br \/><a href=\"https:\/\/locabarcelona.egluu.com\/ca\/lloguer-pisos\/sarria\/\">Pisos de lloguer a Sarri\u00e0<\/a><br \/><a href=\"https:\/\/locabarcelona.egluu.com\/ca\/lloguer-pisos\/gracia\/\">Pisos de lloguer a Gr\u00e0cia<\/a><br \/>Pisos de lloguer a Vila de Gr\u00e0cia<br \/><a href=\"https:\/\/locabarcelona.egluu.com\/ca\/lloguer-pisos\/horta-guinardo\/\">Pisos de lloguer a Horta Guinard\u00f3<\/a><br \/><a href=\"https:\/\/locabarcelona.egluu.com\/ca\/lloguer-pisos\/nou-barris\/\">Pisos de lloguer a Nou Barris<\/a><br \/>Pisos de lloguer a Sant Andreu<br \/><a href=\"https:\/\/locabarcelona.egluu.com\/ca\/lloguer-pisos\/sant-marti\/\">Pisos de lloguer a Sant Mart\u00ed<\/a><br \/><a href=\"https:\/\/locabarcelona.egluu.com\/ca\/lloguer-pisos\/el-clot\/\">Pisos de lloguer en el Clot<\/a><br \/>Pisos de lloguer a La Vila Ol\u00edmpica del Poblenou<br \/><a href=\"https:\/\/locabarcelona.egluu.com\/ca\/lloguer-pisos\/poblenou\/\">Pisos de lloguer a Poblenou<\/a><br \/><a href=\"https:\/\/locabarcelona.egluu.com\/ca\/lloguer-pisos\/diagonal-mar\/\">Pisos de lloguer a Diagonal Mar<\/a><br \/>Pisos de lloguer a Sant Gervasi \u2013 la Bonanova<br \/>Pisos de lloguer a Sant Gervasi Galvany<br \/><a href=\"https:\/\/locabarcelona.egluu.com\/ca\/lloguer-pisos\/zona-franca\/\">Pisos de lloguer a Zona Franca<\/a><br \/>Pisos de lloguer a Sants Badal<\/p>\t\t\t\t\t\t<\/div>\n\t\t\t\t<\/div>\n\t\t\t\t\t<\/div>\n\t\t<\/div>\n\t\t\t\t\t<\/div>\n\t\t<\/section>\n\t\t\t\t<\/div>\n\t\t\t\t<\/div>\n\t\t\t\t<\/div>\n\t\t\t\t<\/div>\n\t\t\t\t\t<\/div>\n\t\t<\/div>\n\t\t\t\t\t<\/div>\n\t\t<\/section>\n\t\t\t\t<\/div>\n\t\t","protected":false},"excerpt":{"rendered":"<p>Per qu\u00e8 llogar un pis en Sarria? Loca Barcelona t&#8217;ofereix una selecci\u00f3 \u00fanica de pisos en lloguer en Sarria, que inclou luxosos i amplis pisos reformats amb jardins i patis. Els habitatges en lloguer de Sarri\u00e0 solen tenir molta originalitat, i gaireb\u00e9 sempre belles fa\u00e7anes. En aquesta zona es poden trobar propietats molt sol\u00b7licitades, com&#8230;<\/p>\n","protected":false},"author":344,"featured_media":0,"parent":502792,"menu_order":0,"comment_status":"closed","ping_status":"closed","template":"templates\/list-layout.php","meta":{"inline_featured_image":false,"footnotes":""},"yoast_head":"<!-- This site is optimized with the Yoast SEO Premium plugin v22.6 (Yoast SEO v22.6) - https:\/\/yoast.com\/wordpress\/plugins\/seo\/ -->\n<title>Lloguer de Pisos a Sarri\u00e0 | Loca Barcelona<\/title>\n<meta name=\"description\" content=\"Troba el teu pis de lloguer a Sarri\u00e0 amb Loca Barcelona. Descobreix la teva nova llar el m\u00e9s aviat possible. Comen\u00e7a la teva cerca!\" \/>\n<meta name=\"robots\" content=\"noindex, follow, max-snippet:-1, max-image-preview:large, max-video-preview:-1\" \/>\n<meta property=\"og:locale\" content=\"ca_ES\" \/>\n<meta property=\"og:type\" content=\"article\" \/>\n<meta property=\"og:title\" content=\"Lloguer de Pisos a Sarri\u00e0 | Loca Barcelona\" \/>\n<meta property=\"og:description\" content=\"Troba el teu pis de lloguer a Sarri\u00e0 amb Loca Barcelona. Descobreix la teva nova llar el m\u00e9s aviat possible. Comen\u00e7a la teva cerca!\" \/>\n<meta property=\"og:url\" content=\"https:\/\/locabarcelona.egluu.com\/ca\/lloguer-pisos\/sarria\/\" \/>\n<meta property=\"og:site_name\" content=\"Locabarcelona\" \/>\n<meta property=\"article:modified_time\" content=\"2024-03-18T15:51:26+00:00\" \/>\n<meta name=\"twitter:card\" content=\"summary_large_image\" \/>\n<meta name=\"twitter:label1\" content=\"Est. reading time\" \/>\n\t<meta name=\"twitter:data1\" content=\"6 minuts\" \/>\n<script type=\"application\/ld+json\" class=\"yoast-schema-graph\">{\"@context\":\"https:\/\/schema.org\",\"@graph\":[{\"@type\":\"WebPage\",\"@id\":\"https:\/\/locabarcelona.egluu.com\/ca\/lloguer-pisos\/sarria\/\",\"url\":\"https:\/\/locabarcelona.egluu.com\/ca\/lloguer-pisos\/sarria\/\",\"name\":\"Lloguer de Pisos a Sarri\u00e0 | Loca Barcelona\",\"isPartOf\":{\"@id\":\"https:\/\/locabarcelona.egluu.com\/ca\/#website\"},\"datePublished\":\"2024-03-18T15:46:14+00:00\",\"dateModified\":\"2024-03-18T15:51:26+00:00\",\"description\":\"Troba el teu pis de lloguer a Sarri\u00e0 amb Loca Barcelona. Descobreix la teva nova llar el m\u00e9s aviat possible. Comen\u00e7a la teva cerca!\",\"breadcrumb\":{\"@id\":\"https:\/\/locabarcelona.egluu.com\/ca\/lloguer-pisos\/sarria\/#breadcrumb\"},\"inLanguage\":\"ca\",\"potentialAction\":[{\"@type\":\"ReadAction\",\"target\":[\"https:\/\/locabarcelona.egluu.com\/ca\/lloguer-pisos\/sarria\/\"]}]},{\"@type\":\"BreadcrumbList\",\"@id\":\"https:\/\/locabarcelona.egluu.com\/ca\/lloguer-pisos\/sarria\/#breadcrumb\",\"itemListElement\":[{\"@type\":\"ListItem\",\"position\":1,\"name\":\"Inicio\",\"item\":\"https:\/\/www.locabarcelona.com\/ca\/home\/\"},{\"@type\":\"ListItem\",\"position\":2,\"name\":\"Ag\u00e8ncia De Lloguer De Pisos A Barcelona\",\"item\":\"https:\/\/www.locabarcelona.com\/ca\/lloguer-pisos\/\"},{\"@type\":\"ListItem\",\"position\":3,\"name\":\"Lloguer de Pisos a Sarri\u00e0\"}]},{\"@type\":\"WebSite\",\"@id\":\"https:\/\/locabarcelona.egluu.com\/ca\/#website\",\"url\":\"https:\/\/locabarcelona.egluu.com\/ca\/\",\"name\":\"Loca Barcelona\",\"description\":\"Real Estate Services\",\"publisher\":{\"@id\":\"https:\/\/locabarcelona.egluu.com\/ca\/#organization\"},\"potentialAction\":[{\"@type\":\"SearchAction\",\"target\":{\"@type\":\"EntryPoint\",\"urlTemplate\":\"https:\/\/locabarcelona.egluu.com\/ca\/?s={search_term_string}\"},\"query-input\":\"required name=search_term_string\"}],\"inLanguage\":\"ca\"},{\"@type\":\"Organization\",\"@id\":\"https:\/\/locabarcelona.egluu.com\/ca\/#organization\",\"name\":\"Loca Barcelona\",\"url\":\"https:\/\/locabarcelona.egluu.com\/ca\/\",\"logo\":{\"@type\":\"ImageObject\",\"inLanguage\":\"ca\",\"@id\":\"https:\/\/locabarcelona.egluu.com\/ca\/#\/schema\/logo\/image\/\",\"url\":\"https:\/\/locabarcelona.egluu.com\/wp-content\/uploads\/2021\/10\/logo_locabarcelona_small.png\",\"contentUrl\":\"https:\/\/locabarcelona.egluu.com\/wp-content\/uploads\/2021\/10\/logo_locabarcelona_small.png\",\"width\":250,\"height\":149,\"caption\":\"Loca Barcelona\"},\"image\":{\"@id\":\"https:\/\/locabarcelona.egluu.com\/ca\/#\/schema\/logo\/image\/\"}}]}<\/script>\n<!-- \/ Yoast SEO Premium plugin. -->","yoast_head_json":{"title":"Lloguer de Pisos a Sarri\u00e0 | Loca Barcelona","description":"Troba el teu pis de lloguer a Sarri\u00e0 amb Loca Barcelona. Descobreix la teva nova llar el m\u00e9s aviat possible. Comen\u00e7a la teva cerca!","robots":{"index":"noindex","follow":"follow","max-snippet":"max-snippet:-1","max-image-preview":"max-image-preview:large","max-video-preview":"max-video-preview:-1"},"og_locale":"ca_ES","og_type":"article","og_title":"Lloguer de Pisos a Sarri\u00e0 | Loca Barcelona","og_description":"Troba el teu pis de lloguer a Sarri\u00e0 amb Loca Barcelona. Descobreix la teva nova llar el m\u00e9s aviat possible. Comen\u00e7a la teva cerca!","og_url":"https:\/\/locabarcelona.egluu.com\/ca\/lloguer-pisos\/sarria\/","og_site_name":"Locabarcelona","article_modified_time":"2024-03-18T15:51:26+00:00","twitter_card":"summary_large_image","twitter_misc":{"Est. reading time":"6 minuts"},"schema":{"@context":"https:\/\/schema.org","@graph":[{"@type":"WebPage","@id":"https:\/\/locabarcelona.egluu.com\/ca\/lloguer-pisos\/sarria\/","url":"https:\/\/locabarcelona.egluu.com\/ca\/lloguer-pisos\/sarria\/","name":"Lloguer de Pisos a Sarri\u00e0 | Loca Barcelona","isPartOf":{"@id":"https:\/\/locabarcelona.egluu.com\/ca\/#website"},"datePublished":"2024-03-18T15:46:14+00:00","dateModified":"2024-03-18T15:51:26+00:00","description":"Troba el teu pis de lloguer a Sarri\u00e0 amb Loca Barcelona. Descobreix la teva nova llar el m\u00e9s aviat possible. Comen\u00e7a la teva cerca!","breadcrumb":{"@id":"https:\/\/locabarcelona.egluu.com\/ca\/lloguer-pisos\/sarria\/#breadcrumb"},"inLanguage":"ca","potentialAction":[{"@type":"ReadAction","target":["https:\/\/locabarcelona.egluu.com\/ca\/lloguer-pisos\/sarria\/"]}]},{"@type":"BreadcrumbList","@id":"https:\/\/locabarcelona.egluu.com\/ca\/lloguer-pisos\/sarria\/#breadcrumb","itemListElement":[{"@type":"ListItem","position":1,"name":"Inicio","item":"https:\/\/www.locabarcelona.com\/ca\/home\/"},{"@type":"ListItem","position":2,"name":"Ag\u00e8ncia De Lloguer De Pisos A Barcelona","item":"https:\/\/www.locabarcelona.com\/ca\/lloguer-pisos\/"},{"@type":"ListItem","position":3,"name":"Lloguer de Pisos a Sarri\u00e0"}]},{"@type":"WebSite","@id":"https:\/\/locabarcelona.egluu.com\/ca\/#website","url":"https:\/\/locabarcelona.egluu.com\/ca\/","name":"Loca Barcelona","description":"Real Estate Services","publisher":{"@id":"https:\/\/locabarcelona.egluu.com\/ca\/#organization"},"potentialAction":[{"@type":"SearchAction","target":{"@type":"EntryPoint","urlTemplate":"https:\/\/locabarcelona.egluu.com\/ca\/?s={search_term_string}"},"query-input":"required name=search_term_string"}],"inLanguage":"ca"},{"@type":"Organization","@id":"https:\/\/locabarcelona.egluu.com\/ca\/#organization","name":"Loca Barcelona","url":"https:\/\/locabarcelona.egluu.com\/ca\/","logo":{"@type":"ImageObject","inLanguage":"ca","@id":"https:\/\/locabarcelona.egluu.com\/ca\/#\/schema\/logo\/image\/","url":"https:\/\/locabarcelona.egluu.com\/wp-content\/uploads\/2021\/10\/logo_locabarcelona_small.png","contentUrl":"https:\/\/locabarcelona.egluu.com\/wp-content\/uploads\/2021\/10\/logo_locabarcelona_small.png","width":250,"height":149,"caption":"Loca Barcelona"},"image":{"@id":"https:\/\/locabarcelona.egluu.com\/ca\/#\/schema\/logo\/image\/"}}]}},"_links":{"self":[{"href":"https:\/\/locabarcelona.egluu.com\/ca\/wp-json\/wp\/v2\/pages\/521049"}],"collection":[{"href":"https:\/\/locabarcelona.egluu.com\/ca\/wp-json\/wp\/v2\/pages"}],"about":[{"href":"https:\/\/locabarcelona.egluu.com\/ca\/wp-json\/wp\/v2\/types\/page"}],"author":[{"embeddable":true,"href":"https:\/\/locabarcelona.egluu.com\/ca\/wp-json\/wp\/v2\/users\/344"}],"replies":[{"embeddable":true,"href":"https:\/\/locabarcelona.egluu.com\/ca\/wp-json\/wp\/v2\/comments?post=521049"}],"version-history":[{"count":4,"href":"https:\/\/locabarcelona.egluu.com\/ca\/wp-json\/wp\/v2\/pages\/521049\/revisions"}],"predecessor-version":[{"id":521053,"href":"https:\/\/locabarcelona.egluu.com\/ca\/wp-json\/wp\/v2\/pages\/521049\/revisions\/521053"}],"up":[{"embeddable":true,"href":"https:\/\/locabarcelona.egluu.com\/ca\/wp-json\/wp\/v2\/pages\/502792"}],"wp:attachment":[{"href":"https:\/\/locabarcelona.egluu.com\/ca\/wp-json\/wp\/v2\/media?parent=521049"}],"curies":[{"name":"wp","href":"https:\/\/api.w.org\/{rel}","templated":true}]}}