{"id":526725,"date":"2024-05-15T18:13:37","date_gmt":"2024-05-15T16:13:37","guid":{"rendered":"https:\/\/locabarcelona.egluu.com\/?page_id=526725"},"modified":"2024-05-16T09:55:55","modified_gmt":"2024-05-16T07:55:55","slug":"pisos-amb-terrassa","status":"publish","type":"page","link":"https:\/\/locabarcelona.egluu.com\/ca\/lloguer-pisos\/pisos-amb-terrassa\/","title":{"rendered":"Lloguer de pisos amb terrassa en Barcelona"},"content":{"rendered":"\t\t<div data-elementor-type=\"wp-page\" data-elementor-id=\"526725\" class=\"elementor elementor-526725 elementor-470674\" data-elementor-post-type=\"page\">\n\t\t\t\t\t\t<section class=\"elementor-section elementor-top-section elementor-element elementor-element-5eb09a9d elementor-section-boxed elementor-section-height-default elementor-section-height-default\" data-id=\"5eb09a9d\" data-element_type=\"section\">\n\t\t\t\t\t\t<div class=\"elementor-container elementor-column-gap-default\">\n\t\t\t\t\t<div class=\"elementor-column elementor-col-100 elementor-top-column elementor-element elementor-element-52585c4c\" data-id=\"52585c4c\" data-element_type=\"column\">\n\t\t\t<div class=\"elementor-widget-wrap elementor-element-populated\">\n\t\t\t\t\t\t<div class=\"elementor-element elementor-element-530427d4 elementor-widget elementor-widget-text-editor\" data-id=\"530427d4\" data-element_type=\"widget\" data-widget_type=\"text-editor.default\">\n\t\t\t\t<div class=\"elementor-widget-container\">\n\t\t\t\t\t\t\t<div class=\"more-space\"><h2>Com trobar un lloguer de pis amb terrassa a Barcelona?<\/h2><p>Gaudir d&#8217;un <strong>pis amb terrassa a Barcelona<\/strong> \u00e9s una possibilitat molt suggestiva, per la qual cosa suposa una millora en qualitat de vida per a una llar el comptar amb un espai a l&#8217;aire lliure. A <span style=\"text-decoration: underline;\"><a href=\"https:\/\/locabarcelona.egluu.com\/ca\/\">Loca Barcelona<\/a><\/span> ajudem a clients que volen comprar o llogar pisos a obtenir-los amb els extres exactes que desitgen.<\/p><h2>Avantatges de llogar un pis amb terrassa a Barcelona<\/h2><p>Llegir un bon llibre mentre el sol ens il\u00b7lumina, esmorzar tranquil\u00b7lament amb vistes al carrer, fer sopars rom\u00e0ntics o fins i tot amb amics (depenent de l&#8217;espai existent), poder apuntar-se cada vegada que es vulgui per a captar l&#8217;energia amb la qual vibra el carrer, o simplement sortir de tant en tant i respirar aire fresc\u2026<\/p><p>Tot aix\u00f2 i alguna cosa m\u00e9s \u00e9s factible per als qui tenen el privilegi de <strong>gaudir d&#8217;un pis amb terrassa a Barcelona<\/strong>, el lloc ideal per als balcons des de per clima fins per les magnifiques vistes que pot oferir la ciutat.<\/p><h2>Com trobar una casa amb terrassa a Barcelona?<\/h2><p>Els primers passos en el cam\u00ed per a trobar un pis amb terrassa a Barcelona serien similars als de la cerca de qualsevol altre immoble. Aix\u00ed, caldria:<\/p><ul><li>Definir el pressupost.<\/li><li>Triar la zona.<\/li><li>Testar l&#8217;ambient.<\/li><\/ul><p>Precisament, per a captar si la vida i els serveis que t\u00e9 el barri triat ens convencen, sempre ser\u00e0 una bona idea fer una passejada per la zona fixant-se en els immobles amb terrassa que tinguin cartells de venda o lloguer (en funci\u00f3 del que busqui el client). Ara b\u00e9, caldria valorar que molts propietaris no posen aquest tipus de reclams, ja sigui per q\u00fcestions de privacitat, fins de filtrat de potencials inquilins en el cas dels arrendaments.<\/p><p>En canvi, prefereixen confiar en <strong>ag\u00e8ncies immobili\u00e0ries especialitzades<\/strong> perqu\u00e8 elles s&#8217;encarreguin de la posada en el mercat d&#8217;aquests immobles, que en la majoria dels casos solen coincidir amb les millors propietats, aquelles que tenen extres tan cobejats com els balcons.<\/p><p>A Loca Barcelona et podem oferir una ajuda inestimable per a trobar un pis amb terrassa a Barcelona, ja que comptem amb la confian\u00e7a dels propietaris dels millors pisos, per l&#8217;acompanyament i el servei a mesura que els brindem. A m\u00e9s, tots els immobles que gestionem estan en les zones de refer\u00e8ncia de la ciutat, en ubicacions c\u00e8ntriques i no a les afores.<\/p><h2>La millor opci\u00f3 per a trobar un pis amb terrassa a Barcelona<\/h2><p>Aix\u00ed mateix, els experts de la nostra ag\u00e8ncia immobili\u00e0ria s&#8217;han acurat a conformar cat\u00e0legs en els quals nom\u00e9s tenen cabuda els habitatges de qualitat: pisos, apartaments i \u00e0tics totalment moblats i equipats per a gaudir de les m\u00e0ximes comoditats, aix\u00ed com extres tan interessants com sostres alts, bones vistes i per descomptat, tamb\u00e9, magn\u00edfiques terrasses.<\/p><p>Amb nosaltres et resultar\u00e0 molt m\u00e9s f\u00e0cil aconseguir el teu pis amb terrassa a Barcelona! Equipat amb tot el necessari per a gaudir del m\u00e0xim confort i a m\u00e9s amb qualsevol altre extra que desitgis!<\/p><h2>Un servei a mesura per a trobar pis amb terrassa a Barcelona<\/h2><p>T&#8217;acompanyarem al llarg de tot el proc\u00e9s fins a aconseguir el teu pis amb terrassa, amb un servei personalitzat per a tu que inclour\u00e0 l&#8217;assessorament que precises per a donar amb l&#8217;habitatge que tens al cap, i poder tancar l&#8217;operaci\u00f3 de compra\/lloguer de manera totalment satisfact\u00f2ria, sense complicacions ni maldecaps.<\/p><p><span style=\"text-decoration: underline;\"><a href=\"https:\/\/locabarcelona.egluu.com\/ca\/sobre-nosaltres\/contactans\/\">Contacta&#8217;ns<\/a><\/span>, estarem encantats d&#8217;ajudar-te a trobar el teu pis amb terrassa a Barcelona!<\/p><p>\u00a0<\/p><\/div>\t\t\t\t\t\t<\/div>\n\t\t\t\t<\/div>\n\t\t\t\t\t<\/div>\n\t\t<\/div>\n\t\t\t\t\t<\/div>\n\t\t<\/section>\n\t\t\t\t<section class=\"elementor-section elementor-top-section elementor-element elementor-element-502b6196 elementor-section-boxed elementor-section-height-default elementor-section-height-default\" data-id=\"502b6196\" data-element_type=\"section\">\n\t\t\t\t\t\t<div class=\"elementor-container elementor-column-gap-default\">\n\t\t\t\t\t<div class=\"elementor-column elementor-col-100 elementor-top-column elementor-element elementor-element-747645d6\" data-id=\"747645d6\" data-element_type=\"column\">\n\t\t\t<div class=\"elementor-widget-wrap elementor-element-populated\">\n\t\t\t\t\t\t<div class=\"elementor-element elementor-element-5f021fbe elementor-widget elementor-widget-heading\" data-id=\"5f021fbe\" data-element_type=\"widget\" data-widget_type=\"heading.default\">\n\t\t\t\t<div class=\"elementor-widget-container\">\n\t\t\t<h2 class=\"elementor-heading-title elementor-size-default\">Pisos de lloguer per districtes <\/h2>\t\t<\/div>\n\t\t\t\t<\/div>\n\t\t\t\t\t<\/div>\n\t\t<\/div>\n\t\t\t\t\t<\/div>\n\t\t<\/section>\n\t\t<div class=\"elementor-element elementor-element-82277e0 e-flex e-con-boxed e-con e-parent\" data-id=\"82277e0\" data-element_type=\"container\">\n\t\t\t\t\t<div class=\"e-con-inner\">\n\t\t\t\t<div class=\"elementor-element elementor-element-e9333fc elementor-widget elementor-widget-template\" data-id=\"e9333fc\" data-element_type=\"widget\" data-widget_type=\"template.default\">\n\t\t\t\t<div class=\"elementor-widget-container\">\n\t\t\t\t\t<div class=\"elementor-template\">\n\t\t\t\t\t<div data-elementor-type=\"section\" data-elementor-id=\"503028\" class=\"elementor elementor-503028\" data-elementor-post-type=\"elementor_library\">\n\t\t\t\t\t<section class=\"elementor-section elementor-top-section elementor-element elementor-element-23b61a6e elementor-section-boxed elementor-section-height-default elementor-section-height-default\" data-id=\"23b61a6e\" data-element_type=\"section\">\n\t\t\t\t\t\t<div class=\"elementor-container elementor-column-gap-default\">\n\t\t\t\t\t<div class=\"elementor-column elementor-col-50 elementor-top-column elementor-element elementor-element-7d34eead\" data-id=\"7d34eead\" data-element_type=\"column\">\n\t\t\t<div class=\"elementor-widget-wrap elementor-element-populated\">\n\t\t\t\t\t\t<div class=\"elementor-element elementor-element-2077e878 elementor-widget elementor-widget-text-editor\" data-id=\"2077e878\" data-element_type=\"widget\" data-widget_type=\"text-editor.default\">\n\t\t\t\t<div class=\"elementor-widget-container\">\n\t\t\t\t\t\t\t<p><a href=\"https:\/\/locabarcelona.egluu.com\/ca\/lloguer-pisos\/eixample\/\">Pisos de lloguer a l&#8217;Eixample<\/a><br \/>Pisos de lloguer a Eixample Dreta<br \/>Pisos de lloguer a l&#8217;Antiga Esquerra de l&#8217;Eixample<br \/>Pisos de lloguer Nova Esquerra de l&#8217;Eixample<br \/>Pisos de lloguer a Fort Pienc<br \/><a href=\"https:\/\/locabarcelona.egluu.com\/ca\/lloguer-pisos\/sagrada-familia\/\">Pisos de lloguer a la Sagrada Fam\u00edlia<\/a><br \/><a href=\"https:\/\/locabarcelona.egluu.com\/ca\/lloguer-pisos\/sant-antoni\/\">Pisos de lloguer a Sant antoni<\/a><br \/><a href=\"https:\/\/locabarcelona.egluu.com\/ca\/lloguer-pisos\/ciutat-vella\/\">Pisos de lloguer a Ciutat Vella<\/a><br \/><a href=\"https:\/\/locabarcelona.egluu.com\/ca\/lloguer-pisos\/barri-gotic\/\">Pisos de lloguer en el G\u00f3tic<\/a><br \/><a href=\"https:\/\/locabarcelona.egluu.com\/ca\/lloguer-pisos\/el-raval\/\">Pisos de lloguer en el Raval<\/a><br \/><a href=\"https:\/\/locabarcelona.egluu.com\/ca\/lloguer-pisos\/el-born\/\">Pisos de lloguer en el Born<\/a><br \/><a href=\"https:\/\/locabarcelona.egluu.com\/ca\/lloguer-pisos\/la-barceloneta\/\">Pisos de lloguer a Barceloneta<\/a><br \/><a href=\"https:\/\/locabarcelona.egluu.com\/ca\/lloguer-pisos\/sants-montjuic\/\">Pisos de lloguer a Sants-Montju\u00efc<\/a><br \/><a href=\"https:\/\/locabarcelona.egluu.com\/ca\/lloguer-pisos\/poble-sec\/\">Pisos de lloguer a Poble Sec<\/a><br \/>Pisos de lloguer a Sants<br \/>Pisos de lloguer en El Putxet i Farr\u00f3<br \/>Pisos de lloguer en Les Tres Torres<br \/>Pisos de lloguer a Montju\u00efc<\/p>\t\t\t\t\t\t<\/div>\n\t\t\t\t<\/div>\n\t\t\t\t\t<\/div>\n\t\t<\/div>\n\t\t\t\t<div class=\"elementor-column elementor-col-50 elementor-top-column elementor-element elementor-element-2440c647\" data-id=\"2440c647\" data-element_type=\"column\">\n\t\t\t<div class=\"elementor-widget-wrap elementor-element-populated\">\n\t\t\t\t\t\t<div class=\"elementor-element elementor-element-7395001f elementor-widget elementor-widget-text-editor\" data-id=\"7395001f\" data-element_type=\"widget\" data-widget_type=\"text-editor.default\">\n\t\t\t\t<div class=\"elementor-widget-container\">\n\t\t\t\t\t\t\t<p><a href=\"https:\/\/locabarcelona.egluu.com\/ca\/lloguer-pisos\/les-corts\/\">Pisos de lloguer a les Corts<\/a><br \/><a href=\"https:\/\/locabarcelona.egluu.com\/ca\/lloguer-pisos\/pedralbes\/\">Pisos de lloguer a Pedralbes<\/a><br \/><a href=\"https:\/\/locabarcelona.egluu.com\/ca\/lloguer-pisos\/sarria-sant-gervasi\/\">Pisos de lloguer a Sarri\u00e0 Sant Gervasi<\/a><br \/><a href=\"https:\/\/locabarcelona.egluu.com\/ca\/lloguer-pisos\/sarria\/\">Pisos de lloguer a Sarri\u00e0<\/a><br \/><a href=\"https:\/\/locabarcelona.egluu.com\/ca\/lloguer-pisos\/gracia\/\">Pisos de lloguer a Gr\u00e0cia<\/a><br \/>Pisos de lloguer a Vila de Gr\u00e0cia<br \/><a href=\"https:\/\/locabarcelona.egluu.com\/ca\/lloguer-pisos\/horta-guinardo\/\">Pisos de lloguer a Horta Guinard\u00f3<\/a><br \/><a href=\"https:\/\/locabarcelona.egluu.com\/ca\/lloguer-pisos\/nou-barris\/\">Pisos de lloguer a Nou Barris<\/a><br \/>Pisos de lloguer a Sant Andreu<br \/><a href=\"https:\/\/locabarcelona.egluu.com\/ca\/lloguer-pisos\/sant-marti\/\">Pisos de lloguer a Sant Mart\u00ed<\/a><br \/><a href=\"https:\/\/locabarcelona.egluu.com\/ca\/lloguer-pisos\/el-clot\/\">Pisos de lloguer en el Clot<\/a><br \/>Pisos de lloguer a La Vila Ol\u00edmpica del Poblenou<br \/><a href=\"https:\/\/locabarcelona.egluu.com\/ca\/lloguer-pisos\/poblenou\/\">Pisos de lloguer a Poblenou<\/a><br \/><a href=\"https:\/\/locabarcelona.egluu.com\/ca\/lloguer-pisos\/diagonal-mar\/\">Pisos de lloguer a Diagonal Mar<\/a><br \/>Pisos de lloguer a Sant Gervasi \u2013 la Bonanova<br \/>Pisos de lloguer a Sant Gervasi Galvany<br \/><a href=\"https:\/\/locabarcelona.egluu.com\/ca\/lloguer-pisos\/zona-franca\/\">Pisos de lloguer a Zona Franca<\/a><br \/>Pisos de lloguer a Sants Badal<\/p>\t\t\t\t\t\t<\/div>\n\t\t\t\t<\/div>\n\t\t\t\t\t<\/div>\n\t\t<\/div>\n\t\t\t\t\t<\/div>\n\t\t<\/section>\n\t\t\t\t<\/div>\n\t\t\t\t<\/div>\n\t\t\t\t<\/div>\n\t\t\t\t<\/div>\n\t\t\t\t\t<\/div>\n\t\t\t\t<\/div>\n\t\t\t\t<\/div>\n\t\t","protected":false},"excerpt":{"rendered":"<p>Com trobar un lloguer de pis amb terrassa a Barcelona? Gaudir d&#8217;un pis amb terrassa a Barcelona \u00e9s una possibilitat molt suggestiva, per la qual cosa suposa una millora en qualitat de vida per a una llar el comptar amb un espai a l&#8217;aire lliure. A Loca Barcelona ajudem a clients que volen comprar o&#8230;<\/p>\n","protected":false},"author":344,"featured_media":0,"parent":502792,"menu_order":0,"comment_status":"closed","ping_status":"closed","template":"templates\/list-layout.php","meta":{"inline_featured_image":false,"footnotes":""},"yoast_head":"<!-- This site is optimized with the Yoast SEO Premium plugin v22.6 (Yoast SEO v22.6) - https:\/\/yoast.com\/wordpress\/plugins\/seo\/ -->\n<title>Lloguer de pisos amb terrassa en Barcelona | Locabarcelona<\/title>\n<meta name=\"description\" content=\"Troba ara el teu pis amb terrassa a Barcelona! \u2600\ufe0f\u2600\ufe0f\u2600\ufe0f Descobreix la nostra selecci\u00f3 de pis amb terrassa i reserva ja una visita!\" \/>\n<meta name=\"robots\" content=\"noindex, follow, max-snippet:-1, max-image-preview:large, max-video-preview:-1\" \/>\n<meta property=\"og:locale\" content=\"ca_ES\" \/>\n<meta property=\"og:type\" content=\"article\" \/>\n<meta property=\"og:title\" content=\"Lloguer de pisos amb terrassa en Barcelona | Locabarcelona\" \/>\n<meta property=\"og:description\" content=\"Troba ara el teu pis amb terrassa a Barcelona! \u2600\ufe0f\u2600\ufe0f\u2600\ufe0f Descobreix la nostra selecci\u00f3 de pis amb terrassa i reserva ja una visita!\" \/>\n<meta property=\"og:url\" content=\"https:\/\/locabarcelona.egluu.com\/ca\/lloguer-pisos\/pisos-amb-terrassa\/\" \/>\n<meta property=\"og:site_name\" content=\"Locabarcelona\" \/>\n<meta property=\"article:modified_time\" content=\"2024-05-16T07:55:55+00:00\" \/>\n<meta name=\"twitter:card\" content=\"summary_large_image\" \/>\n<meta name=\"twitter:label1\" content=\"Est. reading time\" \/>\n\t<meta name=\"twitter:data1\" content=\"6 minuts\" \/>\n<script type=\"application\/ld+json\" class=\"yoast-schema-graph\">{\"@context\":\"https:\/\/schema.org\",\"@graph\":[{\"@type\":\"WebPage\",\"@id\":\"https:\/\/locabarcelona.egluu.com\/ca\/lloguer-pisos\/pisos-amb-terrassa\/\",\"url\":\"https:\/\/locabarcelona.egluu.com\/ca\/lloguer-pisos\/pisos-amb-terrassa\/\",\"name\":\"Lloguer de pisos amb terrassa en Barcelona | Locabarcelona\",\"isPartOf\":{\"@id\":\"https:\/\/locabarcelona.egluu.com\/ca\/#website\"},\"datePublished\":\"2024-05-15T16:13:37+00:00\",\"dateModified\":\"2024-05-16T07:55:55+00:00\",\"description\":\"Troba ara el teu pis amb terrassa a Barcelona! \u2600\ufe0f\u2600\ufe0f\u2600\ufe0f Descobreix la nostra selecci\u00f3 de pis amb terrassa i reserva ja una visita!\",\"breadcrumb\":{\"@id\":\"https:\/\/locabarcelona.egluu.com\/ca\/lloguer-pisos\/pisos-amb-terrassa\/#breadcrumb\"},\"inLanguage\":\"ca\",\"potentialAction\":[{\"@type\":\"ReadAction\",\"target\":[\"https:\/\/locabarcelona.egluu.com\/ca\/lloguer-pisos\/pisos-amb-terrassa\/\"]}]},{\"@type\":\"BreadcrumbList\",\"@id\":\"https:\/\/locabarcelona.egluu.com\/ca\/lloguer-pisos\/pisos-amb-terrassa\/#breadcrumb\",\"itemListElement\":[{\"@type\":\"ListItem\",\"position\":1,\"name\":\"Inicio\",\"item\":\"https:\/\/www.locabarcelona.com\/ca\/home\/\"},{\"@type\":\"ListItem\",\"position\":2,\"name\":\"Ag\u00e8ncia De Lloguer De Pisos A Barcelona\",\"item\":\"https:\/\/www.locabarcelona.com\/ca\/lloguer-pisos\/\"},{\"@type\":\"ListItem\",\"position\":3,\"name\":\"Lloguer de pisos amb terrassa en Barcelona\"}]},{\"@type\":\"WebSite\",\"@id\":\"https:\/\/locabarcelona.egluu.com\/ca\/#website\",\"url\":\"https:\/\/locabarcelona.egluu.com\/ca\/\",\"name\":\"Loca Barcelona\",\"description\":\"Real Estate Services\",\"publisher\":{\"@id\":\"https:\/\/locabarcelona.egluu.com\/ca\/#organization\"},\"potentialAction\":[{\"@type\":\"SearchAction\",\"target\":{\"@type\":\"EntryPoint\",\"urlTemplate\":\"https:\/\/locabarcelona.egluu.com\/ca\/?s={search_term_string}\"},\"query-input\":\"required name=search_term_string\"}],\"inLanguage\":\"ca\"},{\"@type\":\"Organization\",\"@id\":\"https:\/\/locabarcelona.egluu.com\/ca\/#organization\",\"name\":\"Loca Barcelona\",\"url\":\"https:\/\/locabarcelona.egluu.com\/ca\/\",\"logo\":{\"@type\":\"ImageObject\",\"inLanguage\":\"ca\",\"@id\":\"https:\/\/locabarcelona.egluu.com\/ca\/#\/schema\/logo\/image\/\",\"url\":\"https:\/\/locabarcelona.egluu.com\/wp-content\/uploads\/2021\/10\/logo_locabarcelona_small.png\",\"contentUrl\":\"https:\/\/locabarcelona.egluu.com\/wp-content\/uploads\/2021\/10\/logo_locabarcelona_small.png\",\"width\":250,\"height\":149,\"caption\":\"Loca Barcelona\"},\"image\":{\"@id\":\"https:\/\/locabarcelona.egluu.com\/ca\/#\/schema\/logo\/image\/\"}}]}<\/script>\n<!-- \/ Yoast SEO Premium plugin. -->","yoast_head_json":{"title":"Lloguer de pisos amb terrassa en Barcelona | Locabarcelona","description":"Troba ara el teu pis amb terrassa a Barcelona! \u2600\ufe0f\u2600\ufe0f\u2600\ufe0f Descobreix la nostra selecci\u00f3 de pis amb terrassa i reserva ja una visita!","robots":{"index":"noindex","follow":"follow","max-snippet":"max-snippet:-1","max-image-preview":"max-image-preview:large","max-video-preview":"max-video-preview:-1"},"og_locale":"ca_ES","og_type":"article","og_title":"Lloguer de pisos amb terrassa en Barcelona | Locabarcelona","og_description":"Troba ara el teu pis amb terrassa a Barcelona! \u2600\ufe0f\u2600\ufe0f\u2600\ufe0f Descobreix la nostra selecci\u00f3 de pis amb terrassa i reserva ja una visita!","og_url":"https:\/\/locabarcelona.egluu.com\/ca\/lloguer-pisos\/pisos-amb-terrassa\/","og_site_name":"Locabarcelona","article_modified_time":"2024-05-16T07:55:55+00:00","twitter_card":"summary_large_image","twitter_misc":{"Est. reading time":"6 minuts"},"schema":{"@context":"https:\/\/schema.org","@graph":[{"@type":"WebPage","@id":"https:\/\/locabarcelona.egluu.com\/ca\/lloguer-pisos\/pisos-amb-terrassa\/","url":"https:\/\/locabarcelona.egluu.com\/ca\/lloguer-pisos\/pisos-amb-terrassa\/","name":"Lloguer de pisos amb terrassa en Barcelona | Locabarcelona","isPartOf":{"@id":"https:\/\/locabarcelona.egluu.com\/ca\/#website"},"datePublished":"2024-05-15T16:13:37+00:00","dateModified":"2024-05-16T07:55:55+00:00","description":"Troba ara el teu pis amb terrassa a Barcelona! \u2600\ufe0f\u2600\ufe0f\u2600\ufe0f Descobreix la nostra selecci\u00f3 de pis amb terrassa i reserva ja una visita!","breadcrumb":{"@id":"https:\/\/locabarcelona.egluu.com\/ca\/lloguer-pisos\/pisos-amb-terrassa\/#breadcrumb"},"inLanguage":"ca","potentialAction":[{"@type":"ReadAction","target":["https:\/\/locabarcelona.egluu.com\/ca\/lloguer-pisos\/pisos-amb-terrassa\/"]}]},{"@type":"BreadcrumbList","@id":"https:\/\/locabarcelona.egluu.com\/ca\/lloguer-pisos\/pisos-amb-terrassa\/#breadcrumb","itemListElement":[{"@type":"ListItem","position":1,"name":"Inicio","item":"https:\/\/www.locabarcelona.com\/ca\/home\/"},{"@type":"ListItem","position":2,"name":"Ag\u00e8ncia De Lloguer De Pisos A Barcelona","item":"https:\/\/www.locabarcelona.com\/ca\/lloguer-pisos\/"},{"@type":"ListItem","position":3,"name":"Lloguer de pisos amb terrassa en Barcelona"}]},{"@type":"WebSite","@id":"https:\/\/locabarcelona.egluu.com\/ca\/#website","url":"https:\/\/locabarcelona.egluu.com\/ca\/","name":"Loca Barcelona","description":"Real Estate Services","publisher":{"@id":"https:\/\/locabarcelona.egluu.com\/ca\/#organization"},"potentialAction":[{"@type":"SearchAction","target":{"@type":"EntryPoint","urlTemplate":"https:\/\/locabarcelona.egluu.com\/ca\/?s={search_term_string}"},"query-input":"required name=search_term_string"}],"inLanguage":"ca"},{"@type":"Organization","@id":"https:\/\/locabarcelona.egluu.com\/ca\/#organization","name":"Loca Barcelona","url":"https:\/\/locabarcelona.egluu.com\/ca\/","logo":{"@type":"ImageObject","inLanguage":"ca","@id":"https:\/\/locabarcelona.egluu.com\/ca\/#\/schema\/logo\/image\/","url":"https:\/\/locabarcelona.egluu.com\/wp-content\/uploads\/2021\/10\/logo_locabarcelona_small.png","contentUrl":"https:\/\/locabarcelona.egluu.com\/wp-content\/uploads\/2021\/10\/logo_locabarcelona_small.png","width":250,"height":149,"caption":"Loca Barcelona"},"image":{"@id":"https:\/\/locabarcelona.egluu.com\/ca\/#\/schema\/logo\/image\/"}}]}},"_links":{"self":[{"href":"https:\/\/locabarcelona.egluu.com\/ca\/wp-json\/wp\/v2\/pages\/526725"}],"collection":[{"href":"https:\/\/locabarcelona.egluu.com\/ca\/wp-json\/wp\/v2\/pages"}],"about":[{"href":"https:\/\/locabarcelona.egluu.com\/ca\/wp-json\/wp\/v2\/types\/page"}],"author":[{"embeddable":true,"href":"https:\/\/locabarcelona.egluu.com\/ca\/wp-json\/wp\/v2\/users\/344"}],"replies":[{"embeddable":true,"href":"https:\/\/locabarcelona.egluu.com\/ca\/wp-json\/wp\/v2\/comments?post=526725"}],"version-history":[{"count":12,"href":"https:\/\/locabarcelona.egluu.com\/ca\/wp-json\/wp\/v2\/pages\/526725\/revisions"}],"predecessor-version":[{"id":527205,"href":"https:\/\/locabarcelona.egluu.com\/ca\/wp-json\/wp\/v2\/pages\/526725\/revisions\/527205"}],"up":[{"embeddable":true,"href":"https:\/\/locabarcelona.egluu.com\/ca\/wp-json\/wp\/v2\/pages\/502792"}],"wp:attachment":[{"href":"https:\/\/locabarcelona.egluu.com\/ca\/wp-json\/wp\/v2\/media?parent=526725"}],"curies":[{"name":"wp","href":"https:\/\/api.w.org\/{rel}","templated":true}]}}