{"id":471161,"date":"2023-01-18T12:42:03","date_gmt":"2023-01-18T11:42:03","guid":{"rendered":"https:\/\/locabarcelona.egluu.com\/?page_id=471161"},"modified":"2023-01-18T12:52:50","modified_gmt":"2023-01-18T11:52:50","slug":"apartements-to-rent-in-montjuic-barcelona","status":"publish","type":"page","link":"https:\/\/locabarcelona.egluu.com\/en\/rental-agency-in-barcelona\/apartements-to-rent-in-montjuic-barcelona\/","title":{"rendered":"Apartements to rent in Montjuic Barcelona"},"content":{"rendered":"\t\t<div data-elementor-type=\"wp-page\" data-elementor-id=\"471161\" class=\"elementor elementor-471161 elementor-453786\" data-elementor-post-type=\"page\">\n\t\t\t\t\t\t<section class=\"elementor-section elementor-top-section elementor-element elementor-element-4d68fe0 elementor-section-boxed elementor-section-height-default elementor-section-height-default\" data-id=\"4d68fe0\" data-element_type=\"section\">\n\t\t\t\t\t\t<div class=\"elementor-container elementor-column-gap-default\">\n\t\t\t\t\t<div class=\"elementor-column elementor-col-100 elementor-top-column elementor-element elementor-element-72cfe76\" data-id=\"72cfe76\" data-element_type=\"column\">\n\t\t\t<div class=\"elementor-widget-wrap elementor-element-populated\">\n\t\t\t\t\t\t<div class=\"elementor-element elementor-element-bc32fa7 elementor-widget elementor-widget-text-editor\" data-id=\"bc32fa7\" data-element_type=\"widget\" data-widget_type=\"text-editor.default\">\n\t\t\t\t<div class=\"elementor-widget-container\">\n\t\t\t\t\t\t\t<h2>Why should you rent a flat in Montju\u00efc?<\/h2><p>Located in the south of Barcelona and bordering the sea, the district of Montju\u00efc owes its name to the hill of Montju\u00efc which is at the heart of this district. This district is one of the largest in Barcelona, but it is still quiet and has no lack of green spaces. The many cultural and historical sites make the Montju\u00efc district a unique and authentic place. LOCA BARCELONA has a wide selection of flats for rent in Montju\u00efc. This district is composed of 10 neighborhoods, including Poblesec, Sants, and Montju\u00efc. The district is especially known for its culture. Here you can easily find modern and recently renovated 1 to 4-bedroom properties with balconies or terraces for short or long term rentals.<\/p><p>In addition, it is a very lively and dynamic area all day and night. It is a neighborhood that attracts young Spaniards as well as foreigners who come to Barcelona. Once you have settled into a rental in Montju\u00efc, you will enjoy the best places in the city to eat and shop. Montju\u00efc is popular due to its proximity to the city center and its various activities. The area is very well connected by public transport, making neighboring districts such as Sant Antoni and Les Corts easily accessible.<\/p><p>Montju\u00efc is home to a number of shops, especially in Carrer Sants, the main street of the district and surely one of the longest in the city. If you like to shop in a mall, you can do so at the &#8220;Las Arenas&#8221; shopping center located in Pla\u00e7a Espanya. If you like to stroll around at the weekends, there are a number of activities to enjoy. Some of the places not to be missed are the Art Museum of Catalonia, the exhibitions at the Fira de Montju\u00efc, the Montju\u00efc Castle, the Poble Espanyol Museum, and the famous Pla\u00e7a Espanya which holds the majestic Magic Fountain.<\/p><p>Between the sea and the mountains, this district is often visited by tourists who go to the Montju\u00efc hill. It offers a panoramic view of the city, especially from the paths that lead to the Montju\u00efc Castle located at the top of the hill. If you want to make the journey to the hill in a different way, you can take a cable car that will also take you to the top of the hill from the port of Barcelona.<\/p><p>If you are interested in renting a flat in Montju\u00efc on a short or long term basis, check our current rental availability!<\/p><h2>The advantages of renting in Montju\u00efc<\/h2><p>If you are a student, this district is the ideal place to rent a flat in Barcelona. LOCA BARCELONA offers a wide range of fully furnished and equipped student rentals. You can enjoy the festive life of Montju\u00efc with its many parks, which are particularly lively in summer when barbecues and concerts are held. The district&#8217;s nightlife is also great and hosts some of the city&#8217;s best bars and clubs. To study, you can visit one of the ten libraries in the Montju\u00efc district.<\/p><p>Some schools are located in the district, making it a perfect place for families looking for a place to settle in Barcelona. If you want to improve your Spanish, you will find several language schools offering courses at different levels. Choose to rent a flat in Montju\u00efc. You will be close to several universities, as well as to the Universitat de Barcelona district, which houses the city&#8217;s prominent university.<\/p><p>Getting around from the Montju\u00efc district is easy. About 10 minutes from the city center, with good metro and bus connections. Moreover, the area has the Sants central station, which allows you to travel around Spain as well as the south of France.<\/p><p><br \/>Have you decided to rent a flat in Montju\u00efc? Check out our selection of flats now or contact us with your search criteria so that our agents can find you flats that meet your needs.<\/p><p>\u00a0<\/p>\t\t\t\t\t\t<\/div>\n\t\t\t\t<\/div>\n\t\t\t\t\t<\/div>\n\t\t<\/div>\n\t\t\t\t\t<\/div>\n\t\t<\/section>\n\t\t\t\t<section class=\"elementor-section elementor-top-section elementor-element elementor-element-f45d7cb elementor-section-boxed elementor-section-height-default elementor-section-height-default\" data-id=\"f45d7cb\" data-element_type=\"section\">\n\t\t\t\t\t\t<div class=\"elementor-container elementor-column-gap-default\">\n\t\t\t\t\t<div class=\"elementor-column elementor-col-100 elementor-top-column elementor-element elementor-element-dba9b51\" data-id=\"dba9b51\" data-element_type=\"column\">\n\t\t\t<div class=\"elementor-widget-wrap elementor-element-populated\">\n\t\t\t\t\t\t<div class=\"elementor-element elementor-element-76e0f4d elementor-widget elementor-widget-heading\" data-id=\"76e0f4d\" data-element_type=\"widget\" data-widget_type=\"heading.default\">\n\t\t\t\t<div class=\"elementor-widget-container\">\n\t\t\t<h2 class=\"elementor-heading-title elementor-size-default\">Apartments to rent by districts :<\/h2>\t\t<\/div>\n\t\t\t\t<\/div>\n\t\t\t\t\t<\/div>\n\t\t<\/div>\n\t\t\t\t\t<\/div>\n\t\t<\/section>\n\t\t\t\t<section class=\"elementor-section elementor-top-section elementor-element elementor-element-16994f2 elementor-section-boxed elementor-section-height-default elementor-section-height-default\" data-id=\"16994f2\" data-element_type=\"section\">\n\t\t\t\t\t\t<div class=\"elementor-container elementor-column-gap-default\">\n\t\t\t\t\t<div class=\"elementor-column elementor-col-50 elementor-top-column elementor-element elementor-element-3053bc69\" data-id=\"3053bc69\" data-element_type=\"column\">\n\t\t\t<div class=\"elementor-widget-wrap elementor-element-populated\">\n\t\t\t\t\t\t<div class=\"elementor-element elementor-element-a20bde8 elementor-widget elementor-widget-global elementor-global-446462 elementor-widget-text-editor\" data-id=\"a20bde8\" data-element_type=\"widget\" data-widget_type=\"text-editor.default\">\n\t\t\t\t<div class=\"elementor-widget-container\">\n\t\t\t\t\t\t\t<p><a href=\"https:\/\/locabarcelona.egluu.com\/en\/rental-agency-in-barcelona\/apartment-eixample-barcelona\/\">Apartments for rent Eixample<\/a><br \/><a href=\"https:\/\/locabarcelona.egluu.com\/en\/property-for-rent\/eixample-dreta\/\">Apartments for rent Eixample Dreta<\/a><br \/><span data-sheets-value=\"{\"><a href=\"https:\/\/locabarcelona.egluu.com\/en\/property-for-rent\/antiga-esquerra-de-eixample\/\">Apartments for rent Antiga Esquerra de l&#8217;Eixample<\/a><br \/><a href=\"https:\/\/locabarcelona.egluu.com\/en\/rental-agency-in-barcelona\/apartments-for-rent-in-the-nova-esquerra-de-leixample\/\">Apartments for rent Nova Esquerra de l&#8217;Eixample<\/a><br \/><a href=\"https:\/\/locabarcelona.egluu.com\/en\/rental-agency-in-barcelona\/apartment-to-rent-in-forc-pienc-barcelona\/\">Apartments for rent Fort Pienc<\/a><br \/><a href=\"https:\/\/locabarcelona.egluu.com\/en\/property-for-rent\/sagrada-familia\/\">Apartments for rent Sagrada Familia<\/a><br \/><a href=\"https:\/\/locabarcelona.egluu.com\/en\/property-for-rent\/sant-antoni\/\">Apartments for rent Sant Antoni<\/a><br \/><a href=\"https:\/\/locabarcelona.egluu.com\/en\/rental-agency-in-barcelona\/apartment-in-ciutat-vella\/\">Apartments for rent Ciutat Vella<\/a><br \/><a href=\"https:\/\/locabarcelona.egluu.com\/en\/property-for-rent\/gothic\/\">Apartments for rent\u00a0el Gotico<\/a><br \/><a href=\"https:\/\/locabarcelona.egluu.com\/en\/rental-agency-in-barcelona\/apartments-to-rent-in-raval\/\">Apartments for rent\u00a0 el Raval<\/a><br \/><a href=\"https:\/\/locabarcelona.egluu.com\/en\/property-for-rent\/born\/\">Apartments for rent\u00a0el Born<\/a><br \/><a href=\"https:\/\/locabarcelona.egluu.com\/en\/property-for-rent\/barceloneta\/\">Apartments for rent\u00a0 Barceloneta<\/a><br \/><a href=\"https:\/\/locabarcelona.egluu.com\/en\/property-for-rent\/sants-montjuic\/\">Apartments for rent\u00a0 Sants-Montju\u00efc<\/a><br \/><a href=\"https:\/\/locabarcelona.egluu.com\/en\/property-for-rent\/poble-sec\/\">Apartments for rent\u00a0 Poble Sec<\/a><br \/><a href=\"https:\/\/locabarcelona.egluu.com\/en\/rental-agency-in-barcelona\/apartment-to-rent-in-sants\/\">Apartments for rent\u00a0 Sants<\/a><br \/><a href=\"https:\/\/locabarcelona.egluu.com\/en\/property-for-rent\/el-putxet-i-farro\/\">Apartments for rent\u00a0 el Putxet i Farr\u00f3<\/a><br \/><a href=\"https:\/\/locabarcelona.egluu.com\/en\/property-for-rent\/las-tres-torres\/\">Apartments for rent\u00a0 Las Tres Torres<\/a><br \/>Apartments for rent\u00a0 Hostafrancs<br \/>Apartments for rent\u00a0La marina del prat Vermell<br \/>Apartments for rent\u00a0La marina de Port<br \/>Apartments for rent\u00a0 Lafont de la Guatlla<\/span><\/p>\t\t\t\t\t\t<\/div>\n\t\t\t\t<\/div>\n\t\t\t\t\t<\/div>\n\t\t<\/div>\n\t\t\t\t<div class=\"elementor-column elementor-col-50 elementor-top-column elementor-element elementor-element-1d6db\" data-id=\"1d6db\" data-element_type=\"column\">\n\t\t\t<div class=\"elementor-widget-wrap elementor-element-populated\">\n\t\t\t\t\t\t<div class=\"elementor-element elementor-element-71dbcfe elementor-widget elementor-widget-global elementor-global-446465 elementor-widget-text-editor\" data-id=\"71dbcfe\" data-element_type=\"widget\" data-widget_type=\"text-editor.default\">\n\t\t\t\t<div class=\"elementor-widget-container\">\n\t\t\t\t\t\t\t<p><a href=\"https:\/\/locabarcelona.egluu.com\/en\/property-for-rent\/les-corts\/\">Apartments for rent\u00a0 les Corts<\/a><a href=\"https:\/\/locabarcelona.egluu.com\/fr\/louer-propriete\/sarria-sant-gervasi\/\"><br \/><\/a><a href=\"https:\/\/locabarcelona.egluu.com\/en\/rental-agency-in-barcelona\/apartments-to-rent-in-pedralbes\/\">Apartments for rent\u00a0Pedralbes<\/a><br \/><a href=\"https:\/\/locabarcelona.egluu.com\/en\/rental-agency-in-barcelona\/apartment-to-rent-in-sarria-sant-gervasi-barcelona\/\">Apartments for rent\u00a0 Sarria Sant Gervasi<\/a><a href=\"https:\/\/locabarcelona.egluu.com\/fr\/louer-propriete\/pedralbes\/\"><br \/><\/a><a href=\"https:\/\/locabarcelona.egluu.com\/en\/property-for-rent\/sarria\/\">Apartments for rent\u00a0 Sarria<\/a><a href=\"https:\/\/locabarcelona.egluu.com\/fr\/louer-propriete\/pedralbes\/\"><br \/><\/a><a href=\"https:\/\/locabarcelona.egluu.com\/en\/property-for-rent\/gracia\/\">Apartments for rent\u00a0 Gracia<\/a><a href=\"https:\/\/locabarcelona.egluu.com\/fr\/louer-propriete\/pedralbes\/\"><br \/><\/a><a href=\"https:\/\/locabarcelona.egluu.com\/en\/property-for-rent\/vila-de-gracia\/\">Apartments for rent\u00a0 Vila de Gr\u00e0cia<\/a><a href=\"https:\/\/locabarcelona.egluu.com\/fr\/louer-propriete\/pedralbes\/\"><br \/><\/a>Apartments for rent\u00a0Horta Guinardo<a href=\"https:\/\/locabarcelona.egluu.com\/fr\/louer-propriete\/pedralbes\/\"><br \/><\/a>Apartments for rent\u00a0Nou Barris<a href=\"https:\/\/locabarcelona.egluu.com\/fr\/louer-propriete\/pedralbes\/\"><br \/><\/a>Apartments for rent\u00a0 Sant Andreu<a href=\"https:\/\/locabarcelona.egluu.com\/fr\/louer-propriete\/pedralbes\/\"><br \/><\/a><a href=\"https:\/\/locabarcelona.egluu.com\/en\/property-for-rent\/sant-marti\/\">Apartments for rent Sant Mart\u00ed<\/a><a href=\"https:\/\/locabarcelona.egluu.com\/fr\/louer-propriete\/pedralbes\/\"><br \/><\/a><a href=\"https:\/\/locabarcelona.egluu.com\/en\/property-for-rent\/el-clot\/\">Apartments for rent\u00a0el Clot<\/a><a href=\"https:\/\/locabarcelona.egluu.com\/fr\/louer-propriete\/pedralbes\/\"><br \/><\/a>Apartments for rent\u00a0vila olimpica del Poblenou<a href=\"https:\/\/locabarcelona.egluu.com\/fr\/louer-propriete\/pedralbes\/\"><br \/><\/a><a href=\"https:\/\/locabarcelona.egluu.com\/en\/property-for-rent\/poblenou\/\">Apartments for rent\u00a0 Poblenou<\/a><a href=\"https:\/\/locabarcelona.egluu.com\/fr\/louer-propriete\/pedralbes\/\"><br \/><\/a>Apartments for rent\u00a0 Sant gervasi &#8211; la bonanova<a href=\"https:\/\/locabarcelona.egluu.com\/fr\/louer-propriete\/pedralbes\/\"><br \/><\/a>Apartments for rent\u00a0 Sant Gervasi Galvany<a href=\"https:\/\/locabarcelona.egluu.com\/fr\/louer-propriete\/pedralbes\/\"><br \/><\/a>Apartments for rent\u00a0 Proven\u00e7als del Poblenou<a href=\"https:\/\/locabarcelona.egluu.com\/fr\/louer-propriete\/pedralbes\/\"><br \/><\/a>Apartments for rent\u00a0 Camp d&#8217;en Grassot i Gr\u00e0cia\u00a0<a href=\"https:\/\/locabarcelona.egluu.com\/fr\/louer-propriete\/pedralbes\/\"><br \/><\/a>Apartments for rent\u00a0Sants-Badal<a href=\"https:\/\/locabarcelona.egluu.com\/fr\/louer-propriete\/pedralbes\/\"><br \/><\/a>Apartments for rent\u00a0el Parc i la Llacuna del Poblenou<a href=\"https:\/\/locabarcelona.egluu.com\/fr\/louer-propriete\/pedralbes\/\"><br \/><\/a><a href=\"https:\/\/locabarcelona.egluu.com\/en\/property-for-rent\/zona-franca\/\">Apartments for rent\u00a0 Zona Franca<\/a><br \/>Apartments for rent\u00a0 La Bordeta<\/p>\t\t\t\t\t\t<\/div>\n\t\t\t\t<\/div>\n\t\t\t\t\t<\/div>\n\t\t<\/div>\n\t\t\t\t\t<\/div>\n\t\t<\/section>\n\t\t\t\t<\/div>\n\t\t","protected":false},"excerpt":{"rendered":"","protected":false},"author":344,"featured_media":0,"parent":446624,"menu_order":0,"comment_status":"closed","ping_status":"closed","template":"templates\/list-layout.php","meta":{"inline_featured_image":false,"footnotes":""},"yoast_head":"<!-- This site is optimized with the Yoast SEO Premium plugin v22.6 (Yoast SEO v22.6) - https:\/\/yoast.com\/wordpress\/plugins\/seo\/ -->\n<title>Apartements to rent in Montjuic Barcelona | Locabarcelona<\/title>\n<meta name=\"description\" content=\"Find your flat for rent in Montjuic in Barcelona! \u2600\ufe0f\u2600\ufe0f\u2600\ufe0f We offer a wide range of rentals in one of the most dynamic areas of Barcelona.\" \/>\n<meta name=\"robots\" content=\"noindex, follow, max-snippet:-1, max-image-preview:large, max-video-preview:-1\" \/>\n<meta property=\"og:locale\" content=\"en_US\" \/>\n<meta property=\"og:type\" content=\"article\" \/>\n<meta property=\"og:title\" content=\"Apartements to rent in Montjuic Barcelona | Locabarcelona\" \/>\n<meta property=\"og:description\" content=\"Find your flat for rent in Montjuic in Barcelona! \u2600\ufe0f\u2600\ufe0f\u2600\ufe0f We offer a wide range of rentals in one of the most dynamic areas of Barcelona.\" \/>\n<meta property=\"og:url\" content=\"https:\/\/locabarcelona.egluu.com\/en\/rental-agency-in-barcelona\/apartements-to-rent-in-montjuic-barcelona\/\" \/>\n<meta property=\"og:site_name\" content=\"Locabarcelona\" \/>\n<meta property=\"article:modified_time\" content=\"2023-01-18T11:52:50+00:00\" \/>\n<meta name=\"twitter:card\" content=\"summary_large_image\" \/>\n<script type=\"application\/ld+json\" class=\"yoast-schema-graph\">{\"@context\":\"https:\/\/schema.org\",\"@graph\":[{\"@type\":\"WebPage\",\"@id\":\"https:\/\/locabarcelona.egluu.com\/en\/rental-agency-in-barcelona\/apartements-to-rent-in-montjuic-barcelona\/\",\"url\":\"https:\/\/locabarcelona.egluu.com\/en\/rental-agency-in-barcelona\/apartements-to-rent-in-montjuic-barcelona\/\",\"name\":\"Apartements to rent in Montjuic Barcelona | Locabarcelona\",\"isPartOf\":{\"@id\":\"https:\/\/locabarcelona.egluu.com\/en\/#website\"},\"datePublished\":\"2023-01-18T11:42:03+00:00\",\"dateModified\":\"2023-01-18T11:52:50+00:00\",\"description\":\"Find your flat for rent in Montjuic in Barcelona! \u2600\ufe0f\u2600\ufe0f\u2600\ufe0f We offer a wide range of rentals in one of the most dynamic areas of Barcelona.\",\"breadcrumb\":{\"@id\":\"https:\/\/locabarcelona.egluu.com\/en\/rental-agency-in-barcelona\/apartements-to-rent-in-montjuic-barcelona\/#breadcrumb\"},\"inLanguage\":\"en\",\"potentialAction\":[{\"@type\":\"ReadAction\",\"target\":[\"https:\/\/locabarcelona.egluu.com\/en\/rental-agency-in-barcelona\/apartements-to-rent-in-montjuic-barcelona\/\"]}]},{\"@type\":\"BreadcrumbList\",\"@id\":\"https:\/\/locabarcelona.egluu.com\/en\/rental-agency-in-barcelona\/apartements-to-rent-in-montjuic-barcelona\/#breadcrumb\",\"itemListElement\":[{\"@type\":\"ListItem\",\"position\":1,\"name\":\"Inicio\",\"item\":\"https:\/\/www.locabarcelona.com\/en\/\"},{\"@type\":\"ListItem\",\"position\":2,\"name\":\"Rental agency in Barcelona\",\"item\":\"https:\/\/www.locabarcelona.com\/en\/property-for-rent\/\"},{\"@type\":\"ListItem\",\"position\":3,\"name\":\"Apartements to rent in Montjuic Barcelona\"}]},{\"@type\":\"WebSite\",\"@id\":\"https:\/\/locabarcelona.egluu.com\/en\/#website\",\"url\":\"https:\/\/locabarcelona.egluu.com\/en\/\",\"name\":\"Loca Barcelona\",\"description\":\"Real Estate Services\",\"publisher\":{\"@id\":\"https:\/\/locabarcelona.egluu.com\/en\/#organization\"},\"potentialAction\":[{\"@type\":\"SearchAction\",\"target\":{\"@type\":\"EntryPoint\",\"urlTemplate\":\"https:\/\/locabarcelona.egluu.com\/en\/?s={search_term_string}\"},\"query-input\":\"required name=search_term_string\"}],\"inLanguage\":\"en\"},{\"@type\":\"Organization\",\"@id\":\"https:\/\/locabarcelona.egluu.com\/en\/#organization\",\"name\":\"Loca Barcelona\",\"url\":\"https:\/\/locabarcelona.egluu.com\/en\/\",\"logo\":{\"@type\":\"ImageObject\",\"inLanguage\":\"en\",\"@id\":\"https:\/\/locabarcelona.egluu.com\/en\/#\/schema\/logo\/image\/\",\"url\":\"https:\/\/locabarcelona.egluu.com\/wp-content\/uploads\/2021\/10\/logo_locabarcelona_small.png\",\"contentUrl\":\"https:\/\/locabarcelona.egluu.com\/wp-content\/uploads\/2021\/10\/logo_locabarcelona_small.png\",\"width\":250,\"height\":149,\"caption\":\"Loca Barcelona\"},\"image\":{\"@id\":\"https:\/\/locabarcelona.egluu.com\/en\/#\/schema\/logo\/image\/\"}}]}<\/script>\n<!-- \/ Yoast SEO Premium plugin. -->","yoast_head_json":{"title":"Apartements to rent in Montjuic Barcelona | Locabarcelona","description":"Find your flat for rent in Montjuic in Barcelona! \u2600\ufe0f\u2600\ufe0f\u2600\ufe0f We offer a wide range of rentals in one of the most dynamic areas of Barcelona.","robots":{"index":"noindex","follow":"follow","max-snippet":"max-snippet:-1","max-image-preview":"max-image-preview:large","max-video-preview":"max-video-preview:-1"},"og_locale":"en_US","og_type":"article","og_title":"Apartements to rent in Montjuic Barcelona | Locabarcelona","og_description":"Find your flat for rent in Montjuic in Barcelona! \u2600\ufe0f\u2600\ufe0f\u2600\ufe0f We offer a wide range of rentals in one of the most dynamic areas of Barcelona.","og_url":"https:\/\/locabarcelona.egluu.com\/en\/rental-agency-in-barcelona\/apartements-to-rent-in-montjuic-barcelona\/","og_site_name":"Locabarcelona","article_modified_time":"2023-01-18T11:52:50+00:00","twitter_card":"summary_large_image","schema":{"@context":"https:\/\/schema.org","@graph":[{"@type":"WebPage","@id":"https:\/\/locabarcelona.egluu.com\/en\/rental-agency-in-barcelona\/apartements-to-rent-in-montjuic-barcelona\/","url":"https:\/\/locabarcelona.egluu.com\/en\/rental-agency-in-barcelona\/apartements-to-rent-in-montjuic-barcelona\/","name":"Apartements to rent in Montjuic Barcelona | Locabarcelona","isPartOf":{"@id":"https:\/\/locabarcelona.egluu.com\/en\/#website"},"datePublished":"2023-01-18T11:42:03+00:00","dateModified":"2023-01-18T11:52:50+00:00","description":"Find your flat for rent in Montjuic in Barcelona! \u2600\ufe0f\u2600\ufe0f\u2600\ufe0f We offer a wide range of rentals in one of the most dynamic areas of Barcelona.","breadcrumb":{"@id":"https:\/\/locabarcelona.egluu.com\/en\/rental-agency-in-barcelona\/apartements-to-rent-in-montjuic-barcelona\/#breadcrumb"},"inLanguage":"en","potentialAction":[{"@type":"ReadAction","target":["https:\/\/locabarcelona.egluu.com\/en\/rental-agency-in-barcelona\/apartements-to-rent-in-montjuic-barcelona\/"]}]},{"@type":"BreadcrumbList","@id":"https:\/\/locabarcelona.egluu.com\/en\/rental-agency-in-barcelona\/apartements-to-rent-in-montjuic-barcelona\/#breadcrumb","itemListElement":[{"@type":"ListItem","position":1,"name":"Inicio","item":"https:\/\/www.locabarcelona.com\/en\/"},{"@type":"ListItem","position":2,"name":"Rental agency in Barcelona","item":"https:\/\/www.locabarcelona.com\/en\/property-for-rent\/"},{"@type":"ListItem","position":3,"name":"Apartements to rent in Montjuic Barcelona"}]},{"@type":"WebSite","@id":"https:\/\/locabarcelona.egluu.com\/en\/#website","url":"https:\/\/locabarcelona.egluu.com\/en\/","name":"Loca Barcelona","description":"Real Estate Services","publisher":{"@id":"https:\/\/locabarcelona.egluu.com\/en\/#organization"},"potentialAction":[{"@type":"SearchAction","target":{"@type":"EntryPoint","urlTemplate":"https:\/\/locabarcelona.egluu.com\/en\/?s={search_term_string}"},"query-input":"required name=search_term_string"}],"inLanguage":"en"},{"@type":"Organization","@id":"https:\/\/locabarcelona.egluu.com\/en\/#organization","name":"Loca Barcelona","url":"https:\/\/locabarcelona.egluu.com\/en\/","logo":{"@type":"ImageObject","inLanguage":"en","@id":"https:\/\/locabarcelona.egluu.com\/en\/#\/schema\/logo\/image\/","url":"https:\/\/locabarcelona.egluu.com\/wp-content\/uploads\/2021\/10\/logo_locabarcelona_small.png","contentUrl":"https:\/\/locabarcelona.egluu.com\/wp-content\/uploads\/2021\/10\/logo_locabarcelona_small.png","width":250,"height":149,"caption":"Loca Barcelona"},"image":{"@id":"https:\/\/locabarcelona.egluu.com\/en\/#\/schema\/logo\/image\/"}}]}},"_links":{"self":[{"href":"https:\/\/locabarcelona.egluu.com\/en\/wp-json\/wp\/v2\/pages\/471161"}],"collection":[{"href":"https:\/\/locabarcelona.egluu.com\/en\/wp-json\/wp\/v2\/pages"}],"about":[{"href":"https:\/\/locabarcelona.egluu.com\/en\/wp-json\/wp\/v2\/types\/page"}],"author":[{"embeddable":true,"href":"https:\/\/locabarcelona.egluu.com\/en\/wp-json\/wp\/v2\/users\/344"}],"replies":[{"embeddable":true,"href":"https:\/\/locabarcelona.egluu.com\/en\/wp-json\/wp\/v2\/comments?post=471161"}],"version-history":[{"count":0,"href":"https:\/\/locabarcelona.egluu.com\/en\/wp-json\/wp\/v2\/pages\/471161\/revisions"}],"up":[{"embeddable":true,"href":"https:\/\/locabarcelona.egluu.com\/en\/wp-json\/wp\/v2\/pages\/446624"}],"wp:attachment":[{"href":"https:\/\/locabarcelona.egluu.com\/en\/wp-json\/wp\/v2\/media?parent=471161"}],"curies":[{"name":"wp","href":"https:\/\/api.w.org\/{rel}","templated":true}]}}