{"id":471186,"date":"2023-01-18T13:31:07","date_gmt":"2023-01-18T12:31:07","guid":{"rendered":"https:\/\/locabarcelona.egluu.com\/?page_id=471186"},"modified":"2023-01-18T13:35:08","modified_gmt":"2023-01-18T12:35:08","slug":"apartments-to-rent-in-raval","status":"publish","type":"page","link":"https:\/\/locabarcelona.egluu.com\/en\/rental-agency-in-barcelona\/apartments-to-rent-in-raval\/","title":{"rendered":"Apartments to rent in Raval"},"content":{"rendered":"\t\t<div data-elementor-type=\"wp-page\" data-elementor-id=\"471186\" class=\"elementor elementor-471186 elementor-444569\" data-elementor-post-type=\"page\">\n\t\t\t\t\t\t<section class=\"elementor-section elementor-top-section elementor-element elementor-element-36ff5574 elementor-section-boxed elementor-section-height-default elementor-section-height-default\" data-id=\"36ff5574\" data-element_type=\"section\">\n\t\t\t\t\t\t<div class=\"elementor-container elementor-column-gap-default\">\n\t\t\t\t\t<div class=\"elementor-column elementor-col-100 elementor-top-column elementor-element elementor-element-2a4d5416\" data-id=\"2a4d5416\" data-element_type=\"column\">\n\t\t\t<div class=\"elementor-widget-wrap elementor-element-populated\">\n\t\t\t\t\t\t<div class=\"elementor-element elementor-element-46c0c2f5 elementor-widget elementor-widget-text-editor\" data-id=\"46c0c2f5\" data-element_type=\"widget\" data-widget_type=\"text-editor.default\">\n\t\t\t\t<div class=\"elementor-widget-container\">\n\t\t\t\t\t\t\t<h2>Why should you rent an apartment in the Raval?<\/h2><p>LOCA BARCELONA offers a unique selection of apartments for rent in the Raval neighborhood, such as 2-bedroom rentals for long or short term. The apartments in the Raval neighborhood have retained their authenticity while being modernized. Raval buildings often have balconies or patios and feature typical Barcelona architecture. If this area&#8217;s ambiance and central location appeal to you, look at our list of apartments for rent in the Raval.<\/p><p>The Raval neighborhood is steeped in history and has been recently renovated to offer a perfect blend of authenticity and modernity. The neighborhood is located just next to the famous Las Ramblas avenue, which it shares with the Gothic Quarter. The Raval is also close to the Montjuic district. Right in the center of the city, the Raval neighborhood is made up of narrow streets through which it is pleasant to stroll to discover the cosmopolitan atmosphere of the neighborhood. Often considered the &#8220;dangerous&#8221; and popular part of the city, the Raval has undergone significant changes in recent years. More and more tourists are coming to stroll the streets and many high-quality hotels have been established. In addition, the recent metamorphosis of the neighborhood gives way to good offers of rental apartments.<\/p><p>The Raval is a lively area with a wide variety of tourist and nightlife attractions. It offers a different and more authentic experience than other areas. In the past, the Raval area was overcrowded until the Eixample area was built. The city of Barcelona has invested heavily in the renovation of this area to make it safer and more modern. Living in the Raval neighborhood means living in the heart of the city of Barcelona, in a lively and historic area.<\/p><p>If you like shopping, the Raval has unique and independent stores where you can find beautiful jewelry or original clothes that you won&#8217;t find anywhere else. No matter what time of day you walk through the area, you will always find a place open for food shopping. The Raval is also the neighborhood with the most famous markets in Barcelona. In fact, the Mercat de la Boqueria, located on Las Ramblas, and the Mercat de Sant Antoni are mandatory stops in the Raval neighborhood to taste Catalan culinary specialties.<\/p><p>For cultural visits, you can visit the MACBA museum, located next to the Mercat de la Boqueria, Barcelona&#8217;s contemporary museum. The different collections of the museum and the architecture of the building are worth a visit. Another place not to miss in the Raval is the Palacio G\u00fcell. Designed by the great Antoni Gaud\u00ed, the Palacio G\u00fcell is an impressive building that is a UNESCO World Heritage Site.<\/p><h2>What are the advantages of renting in the Raval?<\/h2><p>Thanks to its recent renovations, the Raval neighborhood presents an interesting mix of its popular past flats and its recent modernization. It is now a lively and cultural neighborhood with different social classes. The area is charming if you like to stroll through the streets of the city center. There are many places to go out during the day and at night, as well as second-hand stores and exhibitions.<\/p><p>The Rambla del Raval is the main pedestrian street of the neighborhood where you can stroll, especially during the weekends, to have a coffee and eat on the terrace. In this street you will find the famous cat sculpture, which is the main attraction of the Raval.<\/p><p>If you choose to rent an apartment in the Raval, you will be in an area with affordable accommodations while living in the center of Barcelona. Are you convinced of the advantages of living in the most authentic neighborhood of Barcelona? <br \/>Contact our team to help you find the apartment of your dreams in the center of Barcelona.<\/p>\t\t\t\t\t\t<\/div>\n\t\t\t\t<\/div>\n\t\t\t\t<div class=\"elementor-element elementor-element-245baeb elementor-widget elementor-widget-spacer\" data-id=\"245baeb\" data-element_type=\"widget\" data-widget_type=\"spacer.default\">\n\t\t\t\t<div class=\"elementor-widget-container\">\n\t\t\t\t\t<div class=\"elementor-spacer\">\n\t\t\t<div class=\"elementor-spacer-inner\"><\/div>\n\t\t<\/div>\n\t\t\t\t<\/div>\n\t\t\t\t<\/div>\n\t\t\t\t\t<\/div>\n\t\t<\/div>\n\t\t\t\t\t<\/div>\n\t\t<\/section>\n\t\t\t\t<section class=\"elementor-section elementor-top-section elementor-element elementor-element-4ce7130 elementor-section-boxed elementor-section-height-default elementor-section-height-default\" data-id=\"4ce7130\" data-element_type=\"section\">\n\t\t\t\t\t\t<div class=\"elementor-container elementor-column-gap-default\">\n\t\t\t\t\t<div class=\"elementor-column elementor-col-100 elementor-top-column elementor-element elementor-element-056bef5\" data-id=\"056bef5\" data-element_type=\"column\">\n\t\t\t<div class=\"elementor-widget-wrap elementor-element-populated\">\n\t\t\t\t\t\t<div class=\"elementor-element elementor-element-74f7d3e elementor-widget elementor-widget-heading\" data-id=\"74f7d3e\" data-element_type=\"widget\" data-widget_type=\"heading.default\">\n\t\t\t\t<div class=\"elementor-widget-container\">\n\t\t\t<h2 class=\"elementor-heading-title elementor-size-default\">Apartments to rent by districts :<\/h2>\t\t<\/div>\n\t\t\t\t<\/div>\n\t\t\t\t\t<\/div>\n\t\t<\/div>\n\t\t\t\t\t<\/div>\n\t\t<\/section>\n\t\t\t\t<section class=\"elementor-section elementor-top-section elementor-element elementor-element-5a5321d3 elementor-section-boxed elementor-section-height-default elementor-section-height-default\" data-id=\"5a5321d3\" data-element_type=\"section\">\n\t\t\t\t\t\t<div class=\"elementor-container elementor-column-gap-default\">\n\t\t\t\t\t<div class=\"elementor-column elementor-col-50 elementor-top-column elementor-element elementor-element-7de4bb33\" data-id=\"7de4bb33\" data-element_type=\"column\">\n\t\t\t<div class=\"elementor-widget-wrap elementor-element-populated\">\n\t\t\t\t\t\t<div class=\"elementor-element elementor-element-9e2f282 elementor-widget elementor-widget-global elementor-global-446462 elementor-widget-text-editor\" data-id=\"9e2f282\" data-element_type=\"widget\" data-widget_type=\"text-editor.default\">\n\t\t\t\t<div class=\"elementor-widget-container\">\n\t\t\t\t\t\t\t<p><a href=\"https:\/\/locabarcelona.egluu.com\/en\/rental-agency-in-barcelona\/apartment-eixample-barcelona\/\">Apartments for rent Eixample<\/a><br \/><a href=\"https:\/\/locabarcelona.egluu.com\/en\/property-for-rent\/eixample-dreta\/\">Apartments for rent Eixample Dreta<\/a><br \/><span data-sheets-value=\"{\"><a href=\"https:\/\/locabarcelona.egluu.com\/en\/property-for-rent\/antiga-esquerra-de-eixample\/\">Apartments for rent Antiga Esquerra de l&#8217;Eixample<\/a><br \/><a href=\"https:\/\/locabarcelona.egluu.com\/en\/rental-agency-in-barcelona\/apartments-for-rent-in-the-nova-esquerra-de-leixample\/\">Apartments for rent Nova Esquerra de l&#8217;Eixample<\/a><br \/><a href=\"https:\/\/locabarcelona.egluu.com\/en\/rental-agency-in-barcelona\/apartment-to-rent-in-forc-pienc-barcelona\/\">Apartments for rent Fort Pienc<\/a><br \/><a href=\"https:\/\/locabarcelona.egluu.com\/en\/property-for-rent\/sagrada-familia\/\">Apartments for rent Sagrada Familia<\/a><br \/><a href=\"https:\/\/locabarcelona.egluu.com\/en\/property-for-rent\/sant-antoni\/\">Apartments for rent Sant Antoni<\/a><br \/><a href=\"https:\/\/locabarcelona.egluu.com\/en\/rental-agency-in-barcelona\/apartment-in-ciutat-vella\/\">Apartments for rent Ciutat Vella<\/a><br \/><a href=\"https:\/\/locabarcelona.egluu.com\/en\/property-for-rent\/gothic\/\">Apartments for rent\u00a0el Gotico<\/a><br \/><a href=\"https:\/\/locabarcelona.egluu.com\/en\/rental-agency-in-barcelona\/apartments-to-rent-in-raval\/\">Apartments for rent\u00a0 el Raval<\/a><br \/><a href=\"https:\/\/locabarcelona.egluu.com\/en\/property-for-rent\/born\/\">Apartments for rent\u00a0el Born<\/a><br \/><a href=\"https:\/\/locabarcelona.egluu.com\/en\/property-for-rent\/barceloneta\/\">Apartments for rent\u00a0 Barceloneta<\/a><br \/><a href=\"https:\/\/locabarcelona.egluu.com\/en\/property-for-rent\/sants-montjuic\/\">Apartments for rent\u00a0 Sants-Montju\u00efc<\/a><br \/><a href=\"https:\/\/locabarcelona.egluu.com\/en\/property-for-rent\/poble-sec\/\">Apartments for rent\u00a0 Poble Sec<\/a><br \/><a href=\"https:\/\/locabarcelona.egluu.com\/en\/rental-agency-in-barcelona\/apartment-to-rent-in-sants\/\">Apartments for rent\u00a0 Sants<\/a><br \/><a href=\"https:\/\/locabarcelona.egluu.com\/en\/property-for-rent\/el-putxet-i-farro\/\">Apartments for rent\u00a0 el Putxet i Farr\u00f3<\/a><br \/><a href=\"https:\/\/locabarcelona.egluu.com\/en\/property-for-rent\/las-tres-torres\/\">Apartments for rent\u00a0 Las Tres Torres<\/a><br \/>Apartments for rent\u00a0 Hostafrancs<br \/>Apartments for rent\u00a0La marina del prat Vermell<br \/>Apartments for rent\u00a0La marina de Port<br \/>Apartments for rent\u00a0 Lafont de la Guatlla<\/span><\/p>\t\t\t\t\t\t<\/div>\n\t\t\t\t<\/div>\n\t\t\t\t\t<\/div>\n\t\t<\/div>\n\t\t\t\t<div class=\"elementor-column elementor-col-50 elementor-top-column elementor-element elementor-element-46413e23\" data-id=\"46413e23\" data-element_type=\"column\">\n\t\t\t<div class=\"elementor-widget-wrap elementor-element-populated\">\n\t\t\t\t\t\t<div class=\"elementor-element elementor-element-9416b5c elementor-widget elementor-widget-global elementor-global-446465 elementor-widget-text-editor\" data-id=\"9416b5c\" data-element_type=\"widget\" data-widget_type=\"text-editor.default\">\n\t\t\t\t<div class=\"elementor-widget-container\">\n\t\t\t\t\t\t\t<p><a href=\"https:\/\/locabarcelona.egluu.com\/en\/property-for-rent\/les-corts\/\">Apartments for rent\u00a0 les Corts<\/a><a href=\"https:\/\/locabarcelona.egluu.com\/fr\/louer-propriete\/sarria-sant-gervasi\/\"><br \/><\/a><a href=\"https:\/\/locabarcelona.egluu.com\/en\/rental-agency-in-barcelona\/apartments-to-rent-in-pedralbes\/\">Apartments for rent\u00a0Pedralbes<\/a><br \/><a href=\"https:\/\/locabarcelona.egluu.com\/en\/rental-agency-in-barcelona\/apartment-to-rent-in-sarria-sant-gervasi-barcelona\/\">Apartments for rent\u00a0 Sarria Sant Gervasi<\/a><a href=\"https:\/\/locabarcelona.egluu.com\/fr\/louer-propriete\/pedralbes\/\"><br \/><\/a><a href=\"https:\/\/locabarcelona.egluu.com\/en\/property-for-rent\/sarria\/\">Apartments for rent\u00a0 Sarria<\/a><a href=\"https:\/\/locabarcelona.egluu.com\/fr\/louer-propriete\/pedralbes\/\"><br \/><\/a><a href=\"https:\/\/locabarcelona.egluu.com\/en\/property-for-rent\/gracia\/\">Apartments for rent\u00a0 Gracia<\/a><a href=\"https:\/\/locabarcelona.egluu.com\/fr\/louer-propriete\/pedralbes\/\"><br \/><\/a><a href=\"https:\/\/locabarcelona.egluu.com\/en\/property-for-rent\/vila-de-gracia\/\">Apartments for rent\u00a0 Vila de Gr\u00e0cia<\/a><a href=\"https:\/\/locabarcelona.egluu.com\/fr\/louer-propriete\/pedralbes\/\"><br \/><\/a>Apartments for rent\u00a0Horta Guinardo<a href=\"https:\/\/locabarcelona.egluu.com\/fr\/louer-propriete\/pedralbes\/\"><br \/><\/a>Apartments for rent\u00a0Nou Barris<a href=\"https:\/\/locabarcelona.egluu.com\/fr\/louer-propriete\/pedralbes\/\"><br \/><\/a>Apartments for rent\u00a0 Sant Andreu<a href=\"https:\/\/locabarcelona.egluu.com\/fr\/louer-propriete\/pedralbes\/\"><br \/><\/a><a href=\"https:\/\/locabarcelona.egluu.com\/en\/property-for-rent\/sant-marti\/\">Apartments for rent Sant Mart\u00ed<\/a><a href=\"https:\/\/locabarcelona.egluu.com\/fr\/louer-propriete\/pedralbes\/\"><br \/><\/a><a href=\"https:\/\/locabarcelona.egluu.com\/en\/property-for-rent\/el-clot\/\">Apartments for rent\u00a0el Clot<\/a><a href=\"https:\/\/locabarcelona.egluu.com\/fr\/louer-propriete\/pedralbes\/\"><br \/><\/a>Apartments for rent\u00a0vila olimpica del Poblenou<a href=\"https:\/\/locabarcelona.egluu.com\/fr\/louer-propriete\/pedralbes\/\"><br \/><\/a><a href=\"https:\/\/locabarcelona.egluu.com\/en\/property-for-rent\/poblenou\/\">Apartments for rent\u00a0 Poblenou<\/a><a href=\"https:\/\/locabarcelona.egluu.com\/fr\/louer-propriete\/pedralbes\/\"><br \/><\/a>Apartments for rent\u00a0 Sant gervasi &#8211; la bonanova<a href=\"https:\/\/locabarcelona.egluu.com\/fr\/louer-propriete\/pedralbes\/\"><br \/><\/a>Apartments for rent\u00a0 Sant Gervasi Galvany<a href=\"https:\/\/locabarcelona.egluu.com\/fr\/louer-propriete\/pedralbes\/\"><br \/><\/a>Apartments for rent\u00a0 Proven\u00e7als del Poblenou<a href=\"https:\/\/locabarcelona.egluu.com\/fr\/louer-propriete\/pedralbes\/\"><br \/><\/a>Apartments for rent\u00a0 Camp d&#8217;en Grassot i Gr\u00e0cia\u00a0<a href=\"https:\/\/locabarcelona.egluu.com\/fr\/louer-propriete\/pedralbes\/\"><br \/><\/a>Apartments for rent\u00a0Sants-Badal<a href=\"https:\/\/locabarcelona.egluu.com\/fr\/louer-propriete\/pedralbes\/\"><br \/><\/a>Apartments for rent\u00a0el Parc i la Llacuna del Poblenou<a href=\"https:\/\/locabarcelona.egluu.com\/fr\/louer-propriete\/pedralbes\/\"><br \/><\/a><a href=\"https:\/\/locabarcelona.egluu.com\/en\/property-for-rent\/zona-franca\/\">Apartments for rent\u00a0 Zona Franca<\/a><br \/>Apartments for rent\u00a0 La Bordeta<\/p>\t\t\t\t\t\t<\/div>\n\t\t\t\t<\/div>\n\t\t\t\t\t<\/div>\n\t\t<\/div>\n\t\t\t\t\t<\/div>\n\t\t<\/section>\n\t\t\t\t<\/div>\n\t\t","protected":false},"excerpt":{"rendered":"","protected":false},"author":344,"featured_media":0,"parent":446624,"menu_order":0,"comment_status":"closed","ping_status":"closed","template":"templates\/list-layout.php","meta":{"inline_featured_image":false,"footnotes":""},"yoast_head":"<!-- This site is optimized with the Yoast SEO Premium plugin v22.6 (Yoast SEO v22.6) - https:\/\/yoast.com\/wordpress\/plugins\/seo\/ -->\n<title>Apartments to rent in Raval | Locabarcelona<\/title>\n<meta name=\"description\" content=\"Find your flat for rent in el Raval in Barcelona! \u2600\ufe0f\u2600\ufe0f\u2600\ufe0f We offer a wide range of rentals in one of the most dynamic areas of Barcelona.\" \/>\n<meta name=\"robots\" content=\"noindex, follow, max-snippet:-1, max-image-preview:large, max-video-preview:-1\" \/>\n<meta property=\"og:locale\" content=\"en_US\" \/>\n<meta property=\"og:type\" content=\"article\" \/>\n<meta property=\"og:title\" content=\"Apartments to rent in Raval | Locabarcelona\" \/>\n<meta property=\"og:description\" content=\"Find your flat for rent in el Raval in Barcelona! \u2600\ufe0f\u2600\ufe0f\u2600\ufe0f We offer a wide range of rentals in one of the most dynamic areas of Barcelona.\" \/>\n<meta property=\"og:url\" content=\"https:\/\/locabarcelona.egluu.com\/en\/rental-agency-in-barcelona\/apartments-to-rent-in-raval\/\" \/>\n<meta property=\"og:site_name\" content=\"Locabarcelona\" \/>\n<meta property=\"article:modified_time\" content=\"2023-01-18T12:35:08+00:00\" \/>\n<meta name=\"twitter:card\" content=\"summary_large_image\" \/>\n<script type=\"application\/ld+json\" class=\"yoast-schema-graph\">{\"@context\":\"https:\/\/schema.org\",\"@graph\":[{\"@type\":\"WebPage\",\"@id\":\"https:\/\/locabarcelona.egluu.com\/en\/rental-agency-in-barcelona\/apartments-to-rent-in-raval\/\",\"url\":\"https:\/\/locabarcelona.egluu.com\/en\/rental-agency-in-barcelona\/apartments-to-rent-in-raval\/\",\"name\":\"Apartments to rent in Raval | Locabarcelona\",\"isPartOf\":{\"@id\":\"https:\/\/locabarcelona.egluu.com\/en\/#website\"},\"datePublished\":\"2023-01-18T12:31:07+00:00\",\"dateModified\":\"2023-01-18T12:35:08+00:00\",\"description\":\"Find your flat for rent in el Raval in Barcelona! \u2600\ufe0f\u2600\ufe0f\u2600\ufe0f We offer a wide range of rentals in one of the most dynamic areas of Barcelona.\",\"breadcrumb\":{\"@id\":\"https:\/\/locabarcelona.egluu.com\/en\/rental-agency-in-barcelona\/apartments-to-rent-in-raval\/#breadcrumb\"},\"inLanguage\":\"en\",\"potentialAction\":[{\"@type\":\"ReadAction\",\"target\":[\"https:\/\/locabarcelona.egluu.com\/en\/rental-agency-in-barcelona\/apartments-to-rent-in-raval\/\"]}]},{\"@type\":\"BreadcrumbList\",\"@id\":\"https:\/\/locabarcelona.egluu.com\/en\/rental-agency-in-barcelona\/apartments-to-rent-in-raval\/#breadcrumb\",\"itemListElement\":[{\"@type\":\"ListItem\",\"position\":1,\"name\":\"Inicio\",\"item\":\"https:\/\/www.locabarcelona.com\/en\/\"},{\"@type\":\"ListItem\",\"position\":2,\"name\":\"Rental agency in Barcelona\",\"item\":\"https:\/\/www.locabarcelona.com\/en\/property-for-rent\/\"},{\"@type\":\"ListItem\",\"position\":3,\"name\":\"Apartments to rent in Raval\"}]},{\"@type\":\"WebSite\",\"@id\":\"https:\/\/locabarcelona.egluu.com\/en\/#website\",\"url\":\"https:\/\/locabarcelona.egluu.com\/en\/\",\"name\":\"Loca Barcelona\",\"description\":\"Real Estate Services\",\"publisher\":{\"@id\":\"https:\/\/locabarcelona.egluu.com\/en\/#organization\"},\"potentialAction\":[{\"@type\":\"SearchAction\",\"target\":{\"@type\":\"EntryPoint\",\"urlTemplate\":\"https:\/\/locabarcelona.egluu.com\/en\/?s={search_term_string}\"},\"query-input\":\"required name=search_term_string\"}],\"inLanguage\":\"en\"},{\"@type\":\"Organization\",\"@id\":\"https:\/\/locabarcelona.egluu.com\/en\/#organization\",\"name\":\"Loca Barcelona\",\"url\":\"https:\/\/locabarcelona.egluu.com\/en\/\",\"logo\":{\"@type\":\"ImageObject\",\"inLanguage\":\"en\",\"@id\":\"https:\/\/locabarcelona.egluu.com\/en\/#\/schema\/logo\/image\/\",\"url\":\"https:\/\/locabarcelona.egluu.com\/wp-content\/uploads\/2021\/10\/logo_locabarcelona_small.png\",\"contentUrl\":\"https:\/\/locabarcelona.egluu.com\/wp-content\/uploads\/2021\/10\/logo_locabarcelona_small.png\",\"width\":250,\"height\":149,\"caption\":\"Loca Barcelona\"},\"image\":{\"@id\":\"https:\/\/locabarcelona.egluu.com\/en\/#\/schema\/logo\/image\/\"}}]}<\/script>\n<!-- \/ Yoast SEO Premium plugin. -->","yoast_head_json":{"title":"Apartments to rent in Raval | Locabarcelona","description":"Find your flat for rent in el Raval in Barcelona! \u2600\ufe0f\u2600\ufe0f\u2600\ufe0f We offer a wide range of rentals in one of the most dynamic areas of Barcelona.","robots":{"index":"noindex","follow":"follow","max-snippet":"max-snippet:-1","max-image-preview":"max-image-preview:large","max-video-preview":"max-video-preview:-1"},"og_locale":"en_US","og_type":"article","og_title":"Apartments to rent in Raval | Locabarcelona","og_description":"Find your flat for rent in el Raval in Barcelona! \u2600\ufe0f\u2600\ufe0f\u2600\ufe0f We offer a wide range of rentals in one of the most dynamic areas of Barcelona.","og_url":"https:\/\/locabarcelona.egluu.com\/en\/rental-agency-in-barcelona\/apartments-to-rent-in-raval\/","og_site_name":"Locabarcelona","article_modified_time":"2023-01-18T12:35:08+00:00","twitter_card":"summary_large_image","schema":{"@context":"https:\/\/schema.org","@graph":[{"@type":"WebPage","@id":"https:\/\/locabarcelona.egluu.com\/en\/rental-agency-in-barcelona\/apartments-to-rent-in-raval\/","url":"https:\/\/locabarcelona.egluu.com\/en\/rental-agency-in-barcelona\/apartments-to-rent-in-raval\/","name":"Apartments to rent in Raval | Locabarcelona","isPartOf":{"@id":"https:\/\/locabarcelona.egluu.com\/en\/#website"},"datePublished":"2023-01-18T12:31:07+00:00","dateModified":"2023-01-18T12:35:08+00:00","description":"Find your flat for rent in el Raval in Barcelona! \u2600\ufe0f\u2600\ufe0f\u2600\ufe0f We offer a wide range of rentals in one of the most dynamic areas of Barcelona.","breadcrumb":{"@id":"https:\/\/locabarcelona.egluu.com\/en\/rental-agency-in-barcelona\/apartments-to-rent-in-raval\/#breadcrumb"},"inLanguage":"en","potentialAction":[{"@type":"ReadAction","target":["https:\/\/locabarcelona.egluu.com\/en\/rental-agency-in-barcelona\/apartments-to-rent-in-raval\/"]}]},{"@type":"BreadcrumbList","@id":"https:\/\/locabarcelona.egluu.com\/en\/rental-agency-in-barcelona\/apartments-to-rent-in-raval\/#breadcrumb","itemListElement":[{"@type":"ListItem","position":1,"name":"Inicio","item":"https:\/\/www.locabarcelona.com\/en\/"},{"@type":"ListItem","position":2,"name":"Rental agency in Barcelona","item":"https:\/\/www.locabarcelona.com\/en\/property-for-rent\/"},{"@type":"ListItem","position":3,"name":"Apartments to rent in Raval"}]},{"@type":"WebSite","@id":"https:\/\/locabarcelona.egluu.com\/en\/#website","url":"https:\/\/locabarcelona.egluu.com\/en\/","name":"Loca Barcelona","description":"Real Estate Services","publisher":{"@id":"https:\/\/locabarcelona.egluu.com\/en\/#organization"},"potentialAction":[{"@type":"SearchAction","target":{"@type":"EntryPoint","urlTemplate":"https:\/\/locabarcelona.egluu.com\/en\/?s={search_term_string}"},"query-input":"required name=search_term_string"}],"inLanguage":"en"},{"@type":"Organization","@id":"https:\/\/locabarcelona.egluu.com\/en\/#organization","name":"Loca Barcelona","url":"https:\/\/locabarcelona.egluu.com\/en\/","logo":{"@type":"ImageObject","inLanguage":"en","@id":"https:\/\/locabarcelona.egluu.com\/en\/#\/schema\/logo\/image\/","url":"https:\/\/locabarcelona.egluu.com\/wp-content\/uploads\/2021\/10\/logo_locabarcelona_small.png","contentUrl":"https:\/\/locabarcelona.egluu.com\/wp-content\/uploads\/2021\/10\/logo_locabarcelona_small.png","width":250,"height":149,"caption":"Loca Barcelona"},"image":{"@id":"https:\/\/locabarcelona.egluu.com\/en\/#\/schema\/logo\/image\/"}}]}},"_links":{"self":[{"href":"https:\/\/locabarcelona.egluu.com\/en\/wp-json\/wp\/v2\/pages\/471186"}],"collection":[{"href":"https:\/\/locabarcelona.egluu.com\/en\/wp-json\/wp\/v2\/pages"}],"about":[{"href":"https:\/\/locabarcelona.egluu.com\/en\/wp-json\/wp\/v2\/types\/page"}],"author":[{"embeddable":true,"href":"https:\/\/locabarcelona.egluu.com\/en\/wp-json\/wp\/v2\/users\/344"}],"replies":[{"embeddable":true,"href":"https:\/\/locabarcelona.egluu.com\/en\/wp-json\/wp\/v2\/comments?post=471186"}],"version-history":[{"count":0,"href":"https:\/\/locabarcelona.egluu.com\/en\/wp-json\/wp\/v2\/pages\/471186\/revisions"}],"up":[{"embeddable":true,"href":"https:\/\/locabarcelona.egluu.com\/en\/wp-json\/wp\/v2\/pages\/446624"}],"wp:attachment":[{"href":"https:\/\/locabarcelona.egluu.com\/en\/wp-json\/wp\/v2\/media?parent=471186"}],"curies":[{"name":"wp","href":"https:\/\/api.w.org\/{rel}","templated":true}]}}