{"id":492661,"date":"2023-09-28T12:54:45","date_gmt":"2023-09-28T10:54:45","guid":{"rendered":"https:\/\/locabarcelona.egluu.com\/?page_id=492661"},"modified":"2023-10-10T16:06:14","modified_gmt":"2023-10-10T14:06:14","slug":"vila-de-gracia","status":"publish","type":"page","link":"https:\/\/locabarcelona.egluu.com\/en\/property-for-rent\/vila-de-gracia\/","title":{"rendered":"Rent An Apartment In Vila De Gr\u00e0cia"},"content":{"rendered":"\t\t<div data-elementor-type=\"wp-page\" data-elementor-id=\"492661\" class=\"elementor elementor-492661 elementor-446173\" data-elementor-post-type=\"page\">\n\t\t\t\t\t\t<section class=\"elementor-section elementor-top-section elementor-element elementor-element-1b511ecb elementor-section-boxed elementor-section-height-default elementor-section-height-default\" data-id=\"1b511ecb\" data-element_type=\"section\">\n\t\t\t\t\t\t<div class=\"elementor-container elementor-column-gap-default\">\n\t\t\t\t\t<div class=\"elementor-column elementor-col-100 elementor-top-column elementor-element elementor-element-112d6f88\" data-id=\"112d6f88\" data-element_type=\"column\">\n\t\t\t<div class=\"elementor-widget-wrap elementor-element-populated\">\n\t\t\t\t\t\t<div class=\"elementor-element elementor-element-1e3f3a06 elementor-widget elementor-widget-text-editor\" data-id=\"1e3f3a06\" data-element_type=\"widget\" data-widget_type=\"text-editor.default\">\n\t\t\t\t<div class=\"elementor-widget-container\">\n\t\t\t\t\t\t\t<h2>Why Rent An Apartment In Vila De Gracia?<\/h2><p><strong>Vila de Gr\u00e0cia<\/strong> is one of Barcelona&#8217;s most sought-after districts, offering both areas of great tranquillity and bucolic squares, and lively streets with famous restaurants. Multicultural and cosmopolitan, the district is a great place to meet and socialise. <a href=\"https:\/\/locabarcelona.egluu.com\/en\/property-search\/?status=long-term-rental&amp;location%5B%5D=gracia\">Long-term apartment rental in Vila de Gr\u00e0cia<\/a> means you&#8217;ll never feel lonely, and you&#8217;ll be able to enjoy all the pleasures of a Mediterranean city to the full.<\/p><h3>Spanish charm in a timeless district<\/h3><p>The narrow streets leading up to the <strong>Pla\u00e7a de la Revoluci\u00f3<\/strong>\u00a0make for refreshing strolls to discover the heritage and special atmosphere of this ancient village, once criss-crossed by torrents. Ask your <a href=\"https:\/\/locabarcelona.egluu.com\/en\/\">Loca Barcelona<\/a> estate agent to find you a fully-equipped furnished apartment to rent, with a terrace or balcony where you can admire the sights around Torrent de l&#8217;Olla or Travessera de Graci\u00e0!<\/p><h3>Plenty of leisure activities for everyone<\/h3><p>Renting an apartment in Vila de Gr\u00e0cia is ideal if you like to stroll past the windows of small craft and designer shops, or if you want to learn more about the life of the people of Barcelona. Students and expatriates alike thrive in this world of leisure and entertainment.<\/p><p>Every <strong>apartment for rent in Vila de Gr\u00e0cia<\/strong> has been checked by qualified estate agents and a virtual visit can be arranged. The choice of <strong>flat to rent in Vila de Gr\u00e0cia<\/strong> is determined by the quality of the services provided, as well as the orientation, brightness, decoration and functionality of the various spaces.<\/p><h2>The advantages of renting an apartment in Vila de Gr\u00e0cia district<\/h2><p>During your stay in a <strong>long-term flat rental in Vila de Gracia<\/strong>, you&#8217;ll have the chance to visit the Mercat de la Abaceria and enjoy its many shops. You can also immerse yourself in the district&#8217;s bohemian atmosphere and visit the many art galleries, which cover a variety of themes.<\/p><h3>A district well served by public transport<\/h3><p>Your Loca Barcelona estate agency can help you rent a flat in Vila de Gr\u00e0cia, conveniently located between Avenida Diagonal and Putget mountain, home to the famous Parque G\u00fcell, designed by architect Gaudi and a UNESCO World Heritage site. A number of cult sites have been preserved here, notably on Gracia, the main street.<\/p><p>The flat to rent in Vila de Gr\u00e0cia for tourists, long or short term, has WiFi and allows you to relax and enjoy the sun, which is present at least 320 days of the year.<\/p><h3>Furnished flats for rent in typical architectural style<\/h3><p>Some of the apartments for rent in Vila de Gr\u00e0cia are in listed buildings with a lift, decorated by well-known artists with period furniture or completely renovated to bring them up to date. Some have a large terrace, patio or private area perfect for setting up garden furniture or a sun lounger.<\/p><p>Would you like to rent an air-conditioned flat? <a href=\"https:\/\/locabarcelona.egluu.com\/en\/about-us\/contact-us\/\">Loca Barcelona<\/a> will carefully study your search criteria before offering you the ideal place to stay in <strong>Vila de Gr\u00e0cia<\/strong>, in the heart of :<\/p><ul><li>Passeig de Gr\u00e0cia.<\/li><li>Plaza del Sol.<\/li><li>Carrer de l&#8217;Escorial.<\/li><li>etc.<\/li><\/ul>\t\t\t\t\t\t<\/div>\n\t\t\t\t<\/div>\n\t\t\t\t<div class=\"elementor-element elementor-element-f291d56 elementor-widget elementor-widget-spacer\" data-id=\"f291d56\" data-element_type=\"widget\" data-widget_type=\"spacer.default\">\n\t\t\t\t<div class=\"elementor-widget-container\">\n\t\t\t\t\t<div class=\"elementor-spacer\">\n\t\t\t<div class=\"elementor-spacer-inner\"><\/div>\n\t\t<\/div>\n\t\t\t\t<\/div>\n\t\t\t\t<\/div>\n\t\t\t\t<div class=\"elementor-element elementor-element-0ba831e elementor-widget elementor-widget-heading\" data-id=\"0ba831e\" data-element_type=\"widget\" data-widget_type=\"heading.default\">\n\t\t\t\t<div class=\"elementor-widget-container\">\n\t\t\t<h2 class=\"elementor-heading-title elementor-size-default\">Discover more:<\/h2>\t\t<\/div>\n\t\t\t\t<\/div>\n\t\t\t\t\t<\/div>\n\t\t<\/div>\n\t\t\t\t\t<\/div>\n\t\t<\/section>\n\t\t\t\t<section class=\"elementor-section elementor-top-section elementor-element elementor-element-1daa973 elementor-section-boxed elementor-section-height-default elementor-section-height-default\" data-id=\"1daa973\" data-element_type=\"section\">\n\t\t\t\t\t\t<div class=\"elementor-container elementor-column-gap-default\">\n\t\t\t\t\t<div class=\"elementor-column elementor-col-50 elementor-top-column elementor-element elementor-element-bfa180b\" data-id=\"bfa180b\" data-element_type=\"column\">\n\t\t\t<div class=\"elementor-widget-wrap elementor-element-populated\">\n\t\t\t\t\t\t<div class=\"elementor-element elementor-element-2e64891 elementor-widget elementor-widget-text-editor\" data-id=\"2e64891\" data-element_type=\"widget\" data-widget_type=\"text-editor.default\">\n\t\t\t\t<div class=\"elementor-widget-container\">\n\t\t\t\t\t\t\t<p><a href=\"https:\/\/locabarcelona.egluu.com\/en\/rental-agency-in-barcelona\/student-accommodation-barcelona\/\">Student apartments<\/a><\/p><p><a href=\"https:\/\/locabarcelona.egluu.com\/en\/property-feature\/features\/furnished\/\">Furnished apartments for rent<\/a><\/p><p><a href=\"https:\/\/locabarcelona.egluu.com\/en\/property-for-rent\/studio-in-barcelona\/\">Studio for rent<\/a><\/p><p><a href=\"https:\/\/locabarcelona.egluu.com\/en\/property-status\/short-term-rental\/\">Short term<\/a><\/p>\t\t\t\t\t\t<\/div>\n\t\t\t\t<\/div>\n\t\t\t\t\t<\/div>\n\t\t<\/div>\n\t\t\t\t<div class=\"elementor-column elementor-col-50 elementor-top-column elementor-element elementor-element-744fb7c\" data-id=\"744fb7c\" data-element_type=\"column\">\n\t\t\t<div class=\"elementor-widget-wrap elementor-element-populated\">\n\t\t\t\t\t\t<div class=\"elementor-element elementor-element-383ceac elementor-widget elementor-widget-text-editor\" data-id=\"383ceac\" data-element_type=\"widget\" data-widget_type=\"text-editor.default\">\n\t\t\t\t<div class=\"elementor-widget-container\">\n\t\t\t\t\t\t\t<p><a href=\"https:\/\/locabarcelona.egluu.com\/en\/property-for-rent\/rooftop-apartment-barcelona\/\">Apartment with terrace<\/a><\/p><p><a href=\"https:\/\/locabarcelona.egluu.com\/en\/property\/2-bedroom-apartment-in-gracia\/\">2 bedroom apartments<\/a><\/p><p><a href=\"https:\/\/locabarcelona.egluu.com\/en\/property-status\/long-term-rental\/\">Long term<\/a><\/p><p><a href=\"https:\/\/locabarcelona.egluu.com\/en\/real-estate-agency-barcelona\/\">Real state agency in Barcelona<\/a><\/p>\t\t\t\t\t\t<\/div>\n\t\t\t\t<\/div>\n\t\t\t\t\t<\/div>\n\t\t<\/div>\n\t\t\t\t\t<\/div>\n\t\t<\/section>\n\t\t\t\t<section class=\"elementor-section elementor-top-section elementor-element elementor-element-957e47f elementor-section-boxed elementor-section-height-default elementor-section-height-default\" data-id=\"957e47f\" data-element_type=\"section\">\n\t\t\t\t\t\t<div class=\"elementor-container elementor-column-gap-default\">\n\t\t\t\t\t<div class=\"elementor-column elementor-col-100 elementor-top-column elementor-element elementor-element-0186bdd\" data-id=\"0186bdd\" data-element_type=\"column\">\n\t\t\t<div class=\"elementor-widget-wrap elementor-element-populated\">\n\t\t\t\t\t\t<div class=\"elementor-element elementor-element-4b8f6e1 elementor-widget elementor-widget-heading\" data-id=\"4b8f6e1\" data-element_type=\"widget\" data-widget_type=\"heading.default\">\n\t\t\t\t<div class=\"elementor-widget-container\">\n\t\t\t<h2 class=\"elementor-heading-title elementor-size-default\">Apartments for rent in Barcelona by district<\/h2>\t\t<\/div>\n\t\t\t\t<\/div>\n\t\t\t\t\t<\/div>\n\t\t<\/div>\n\t\t\t\t\t<\/div>\n\t\t<\/section>\n\t\t\t\t<section class=\"elementor-section elementor-top-section elementor-element elementor-element-55e3ec9 elementor-section-boxed elementor-section-height-default elementor-section-height-default\" data-id=\"55e3ec9\" data-element_type=\"section\">\n\t\t\t\t\t\t<div class=\"elementor-container elementor-column-gap-default\">\n\t\t\t\t\t<div class=\"elementor-column elementor-col-50 elementor-top-column elementor-element elementor-element-3dd6cdf\" data-id=\"3dd6cdf\" data-element_type=\"column\">\n\t\t\t<div class=\"elementor-widget-wrap elementor-element-populated\">\n\t\t\t\t\t\t<div class=\"elementor-element elementor-element-3337dce elementor-widget elementor-widget-global elementor-global-446462 elementor-widget-text-editor\" data-id=\"3337dce\" data-element_type=\"widget\" data-widget_type=\"text-editor.default\">\n\t\t\t\t<div class=\"elementor-widget-container\">\n\t\t\t\t\t\t\t<p><a href=\"https:\/\/locabarcelona.egluu.com\/en\/rental-agency-in-barcelona\/apartment-eixample-barcelona\/\">Apartments for rent Eixample<\/a><br \/><a href=\"https:\/\/locabarcelona.egluu.com\/en\/property-for-rent\/eixample-dreta\/\">Apartments for rent Eixample Dreta<\/a><br \/><span data-sheets-value=\"{\"><a href=\"https:\/\/locabarcelona.egluu.com\/en\/property-for-rent\/antiga-esquerra-de-eixample\/\">Apartments for rent Antiga Esquerra de l&#8217;Eixample<\/a><br \/><a href=\"https:\/\/locabarcelona.egluu.com\/en\/rental-agency-in-barcelona\/apartments-for-rent-in-the-nova-esquerra-de-leixample\/\">Apartments for rent Nova Esquerra de l&#8217;Eixample<\/a><br \/><a href=\"https:\/\/locabarcelona.egluu.com\/en\/rental-agency-in-barcelona\/apartment-to-rent-in-forc-pienc-barcelona\/\">Apartments for rent Fort Pienc<\/a><br \/><a href=\"https:\/\/locabarcelona.egluu.com\/en\/property-for-rent\/sagrada-familia\/\">Apartments for rent Sagrada Familia<\/a><br \/><a href=\"https:\/\/locabarcelona.egluu.com\/en\/property-for-rent\/sant-antoni\/\">Apartments for rent Sant Antoni<\/a><br \/><a href=\"https:\/\/locabarcelona.egluu.com\/en\/rental-agency-in-barcelona\/apartment-in-ciutat-vella\/\">Apartments for rent Ciutat Vella<\/a><br \/><a href=\"https:\/\/locabarcelona.egluu.com\/en\/property-for-rent\/gothic\/\">Apartments for rent\u00a0el Gotico<\/a><br \/><a href=\"https:\/\/locabarcelona.egluu.com\/en\/rental-agency-in-barcelona\/apartments-to-rent-in-raval\/\">Apartments for rent\u00a0 el Raval<\/a><br \/><a href=\"https:\/\/locabarcelona.egluu.com\/en\/property-for-rent\/born\/\">Apartments for rent\u00a0el Born<\/a><br \/><a href=\"https:\/\/locabarcelona.egluu.com\/en\/property-for-rent\/barceloneta\/\">Apartments for rent\u00a0 Barceloneta<\/a><br \/><a href=\"https:\/\/locabarcelona.egluu.com\/en\/property-for-rent\/sants-montjuic\/\">Apartments for rent\u00a0 Sants-Montju\u00efc<\/a><br \/><a href=\"https:\/\/locabarcelona.egluu.com\/en\/property-for-rent\/poble-sec\/\">Apartments for rent\u00a0 Poble Sec<\/a><br \/><a href=\"https:\/\/locabarcelona.egluu.com\/en\/rental-agency-in-barcelona\/apartment-to-rent-in-sants\/\">Apartments for rent\u00a0 Sants<\/a><br \/><a href=\"https:\/\/locabarcelona.egluu.com\/en\/property-for-rent\/el-putxet-i-farro\/\">Apartments for rent\u00a0 el Putxet i Farr\u00f3<\/a><br \/><a href=\"https:\/\/locabarcelona.egluu.com\/en\/property-for-rent\/las-tres-torres\/\">Apartments for rent\u00a0 Las Tres Torres<\/a><br \/>Apartments for rent\u00a0 Hostafrancs<br \/>Apartments for rent\u00a0La marina del prat Vermell<br \/>Apartments for rent\u00a0La marina de Port<br \/>Apartments for rent\u00a0 Lafont de la Guatlla<\/span><\/p>\t\t\t\t\t\t<\/div>\n\t\t\t\t<\/div>\n\t\t\t\t\t<\/div>\n\t\t<\/div>\n\t\t\t\t<div class=\"elementor-column elementor-col-50 elementor-top-column elementor-element elementor-element-75e332f\" data-id=\"75e332f\" data-element_type=\"column\">\n\t\t\t<div class=\"elementor-widget-wrap elementor-element-populated\">\n\t\t\t\t\t\t<div class=\"elementor-element elementor-element-ef972f5 elementor-widget elementor-widget-global elementor-global-446465 elementor-widget-text-editor\" data-id=\"ef972f5\" data-element_type=\"widget\" data-widget_type=\"text-editor.default\">\n\t\t\t\t<div class=\"elementor-widget-container\">\n\t\t\t\t\t\t\t<p><a href=\"https:\/\/locabarcelona.egluu.com\/en\/property-for-rent\/les-corts\/\">Apartments for rent\u00a0 les Corts<\/a><a href=\"https:\/\/locabarcelona.egluu.com\/fr\/louer-propriete\/sarria-sant-gervasi\/\"><br \/><\/a><a href=\"https:\/\/locabarcelona.egluu.com\/en\/rental-agency-in-barcelona\/apartments-to-rent-in-pedralbes\/\">Apartments for rent\u00a0Pedralbes<\/a><br \/><a href=\"https:\/\/locabarcelona.egluu.com\/en\/rental-agency-in-barcelona\/apartment-to-rent-in-sarria-sant-gervasi-barcelona\/\">Apartments for rent\u00a0 Sarria Sant Gervasi<\/a><a href=\"https:\/\/locabarcelona.egluu.com\/fr\/louer-propriete\/pedralbes\/\"><br \/><\/a><a href=\"https:\/\/locabarcelona.egluu.com\/en\/property-for-rent\/sarria\/\">Apartments for rent\u00a0 Sarria<\/a><a href=\"https:\/\/locabarcelona.egluu.com\/fr\/louer-propriete\/pedralbes\/\"><br \/><\/a><a href=\"https:\/\/locabarcelona.egluu.com\/en\/property-for-rent\/gracia\/\">Apartments for rent\u00a0 Gracia<\/a><a href=\"https:\/\/locabarcelona.egluu.com\/fr\/louer-propriete\/pedralbes\/\"><br \/><\/a><a href=\"https:\/\/locabarcelona.egluu.com\/en\/property-for-rent\/vila-de-gracia\/\">Apartments for rent\u00a0 Vila de Gr\u00e0cia<\/a><a href=\"https:\/\/locabarcelona.egluu.com\/fr\/louer-propriete\/pedralbes\/\"><br \/><\/a>Apartments for rent\u00a0Horta Guinardo<a href=\"https:\/\/locabarcelona.egluu.com\/fr\/louer-propriete\/pedralbes\/\"><br \/><\/a>Apartments for rent\u00a0Nou Barris<a href=\"https:\/\/locabarcelona.egluu.com\/fr\/louer-propriete\/pedralbes\/\"><br \/><\/a>Apartments for rent\u00a0 Sant Andreu<a href=\"https:\/\/locabarcelona.egluu.com\/fr\/louer-propriete\/pedralbes\/\"><br \/><\/a><a href=\"https:\/\/locabarcelona.egluu.com\/en\/property-for-rent\/sant-marti\/\">Apartments for rent Sant Mart\u00ed<\/a><a href=\"https:\/\/locabarcelona.egluu.com\/fr\/louer-propriete\/pedralbes\/\"><br \/><\/a><a href=\"https:\/\/locabarcelona.egluu.com\/en\/property-for-rent\/el-clot\/\">Apartments for rent\u00a0el Clot<\/a><a href=\"https:\/\/locabarcelona.egluu.com\/fr\/louer-propriete\/pedralbes\/\"><br \/><\/a>Apartments for rent\u00a0vila olimpica del Poblenou<a href=\"https:\/\/locabarcelona.egluu.com\/fr\/louer-propriete\/pedralbes\/\"><br \/><\/a><a href=\"https:\/\/locabarcelona.egluu.com\/en\/property-for-rent\/poblenou\/\">Apartments for rent\u00a0 Poblenou<\/a><a href=\"https:\/\/locabarcelona.egluu.com\/fr\/louer-propriete\/pedralbes\/\"><br \/><\/a>Apartments for rent\u00a0 Sant gervasi &#8211; la bonanova<a href=\"https:\/\/locabarcelona.egluu.com\/fr\/louer-propriete\/pedralbes\/\"><br \/><\/a>Apartments for rent\u00a0 Sant Gervasi Galvany<a href=\"https:\/\/locabarcelona.egluu.com\/fr\/louer-propriete\/pedralbes\/\"><br \/><\/a>Apartments for rent\u00a0 Proven\u00e7als del Poblenou<a href=\"https:\/\/locabarcelona.egluu.com\/fr\/louer-propriete\/pedralbes\/\"><br \/><\/a>Apartments for rent\u00a0 Camp d&#8217;en Grassot i Gr\u00e0cia\u00a0<a href=\"https:\/\/locabarcelona.egluu.com\/fr\/louer-propriete\/pedralbes\/\"><br \/><\/a>Apartments for rent\u00a0Sants-Badal<a href=\"https:\/\/locabarcelona.egluu.com\/fr\/louer-propriete\/pedralbes\/\"><br \/><\/a>Apartments for rent\u00a0el Parc i la Llacuna del Poblenou<a href=\"https:\/\/locabarcelona.egluu.com\/fr\/louer-propriete\/pedralbes\/\"><br \/><\/a><a href=\"https:\/\/locabarcelona.egluu.com\/en\/property-for-rent\/zona-franca\/\">Apartments for rent\u00a0 Zona Franca<\/a><br \/>Apartments for rent\u00a0 La Bordeta<\/p>\t\t\t\t\t\t<\/div>\n\t\t\t\t<\/div>\n\t\t\t\t\t<\/div>\n\t\t<\/div>\n\t\t\t\t\t<\/div>\n\t\t<\/section>\n\t\t\t\t<\/div>\n\t\t","protected":false},"excerpt":{"rendered":"<p>Why Rent An Apartment In Vila De Gracia? Vila de Gr\u00e0cia is one of Barcelona&#8217;s most sought-after districts, offering both areas of great tranquillity and bucolic squares, and lively streets with famous restaurants. Multicultural and cosmopolitan, the district is a great place to meet and socialise. Long-term apartment rental in Vila de Gr\u00e0cia means you&#8217;ll&#8230;<\/p>\n","protected":false},"author":344,"featured_media":0,"parent":446624,"menu_order":0,"comment_status":"closed","ping_status":"closed","template":"templates\/list-layout.php","meta":{"inline_featured_image":false,"footnotes":""},"yoast_head":"<!-- This site is optimized with the Yoast SEO Premium plugin v22.6 (Yoast SEO v22.6) - https:\/\/yoast.com\/wordpress\/plugins\/seo\/ -->\n<title>Apartments for rent in Vila de Gr\u00e0cia Barcelona | Loca Barcelona<\/title>\n<meta name=\"description\" content=\"Find apartments for rent in Vila de Gr\u00e0cia, Barcelona with Loca Barcelona. Your perfect home awaits. Start your search and make Gr\u00e0cia your new neighborhood!\" \/>\n<meta name=\"robots\" content=\"noindex, follow, max-snippet:-1, max-image-preview:large, max-video-preview:-1\" \/>\n<meta property=\"og:locale\" content=\"en_US\" \/>\n<meta property=\"og:type\" content=\"article\" \/>\n<meta property=\"og:title\" content=\"Apartments for rent in Vila de Gr\u00e0cia Barcelona | Loca Barcelona\" \/>\n<meta property=\"og:description\" content=\"Find apartments for rent in Vila de Gr\u00e0cia, Barcelona with Loca Barcelona. Your perfect home awaits. Start your search and make Gr\u00e0cia your new neighborhood!\" \/>\n<meta property=\"og:url\" content=\"https:\/\/locabarcelona.egluu.com\/en\/property-for-rent\/vila-de-gracia\/\" \/>\n<meta property=\"og:site_name\" content=\"Locabarcelona\" \/>\n<meta property=\"article:modified_time\" content=\"2023-10-10T14:06:14+00:00\" \/>\n<meta name=\"twitter:card\" content=\"summary_large_image\" \/>\n<meta name=\"twitter:label1\" content=\"Est. reading time\" \/>\n\t<meta name=\"twitter:data1\" content=\"4 minutes\" \/>\n<script type=\"application\/ld+json\" class=\"yoast-schema-graph\">{\"@context\":\"https:\/\/schema.org\",\"@graph\":[{\"@type\":\"WebPage\",\"@id\":\"https:\/\/locabarcelona.egluu.com\/en\/property-for-rent\/vila-de-gracia\/\",\"url\":\"https:\/\/locabarcelona.egluu.com\/en\/property-for-rent\/vila-de-gracia\/\",\"name\":\"Apartments for rent in Vila de Gr\u00e0cia Barcelona | Loca Barcelona\",\"isPartOf\":{\"@id\":\"https:\/\/locabarcelona.egluu.com\/en\/#website\"},\"datePublished\":\"2023-09-28T10:54:45+00:00\",\"dateModified\":\"2023-10-10T14:06:14+00:00\",\"description\":\"Find apartments for rent in Vila de Gr\u00e0cia, Barcelona with Loca Barcelona. Your perfect home awaits. Start your search and make Gr\u00e0cia your new neighborhood!\",\"breadcrumb\":{\"@id\":\"https:\/\/locabarcelona.egluu.com\/en\/property-for-rent\/vila-de-gracia\/#breadcrumb\"},\"inLanguage\":\"en\",\"potentialAction\":[{\"@type\":\"ReadAction\",\"target\":[\"https:\/\/locabarcelona.egluu.com\/en\/property-for-rent\/vila-de-gracia\/\"]}]},{\"@type\":\"BreadcrumbList\",\"@id\":\"https:\/\/locabarcelona.egluu.com\/en\/property-for-rent\/vila-de-gracia\/#breadcrumb\",\"itemListElement\":[{\"@type\":\"ListItem\",\"position\":1,\"name\":\"Inicio\",\"item\":\"https:\/\/www.locabarcelona.com\/en\/\"},{\"@type\":\"ListItem\",\"position\":2,\"name\":\"Rental agency in Barcelona\",\"item\":\"https:\/\/www.locabarcelona.com\/en\/property-for-rent\/\"},{\"@type\":\"ListItem\",\"position\":3,\"name\":\"Rent An Apartment In Vila De Gr\u00e0cia\"}]},{\"@type\":\"WebSite\",\"@id\":\"https:\/\/locabarcelona.egluu.com\/en\/#website\",\"url\":\"https:\/\/locabarcelona.egluu.com\/en\/\",\"name\":\"Loca Barcelona\",\"description\":\"Real Estate Services\",\"publisher\":{\"@id\":\"https:\/\/locabarcelona.egluu.com\/en\/#organization\"},\"potentialAction\":[{\"@type\":\"SearchAction\",\"target\":{\"@type\":\"EntryPoint\",\"urlTemplate\":\"https:\/\/locabarcelona.egluu.com\/en\/?s={search_term_string}\"},\"query-input\":\"required name=search_term_string\"}],\"inLanguage\":\"en\"},{\"@type\":\"Organization\",\"@id\":\"https:\/\/locabarcelona.egluu.com\/en\/#organization\",\"name\":\"Loca Barcelona\",\"url\":\"https:\/\/locabarcelona.egluu.com\/en\/\",\"logo\":{\"@type\":\"ImageObject\",\"inLanguage\":\"en\",\"@id\":\"https:\/\/locabarcelona.egluu.com\/en\/#\/schema\/logo\/image\/\",\"url\":\"https:\/\/locabarcelona.egluu.com\/wp-content\/uploads\/2021\/10\/logo_locabarcelona_small.png\",\"contentUrl\":\"https:\/\/locabarcelona.egluu.com\/wp-content\/uploads\/2021\/10\/logo_locabarcelona_small.png\",\"width\":250,\"height\":149,\"caption\":\"Loca Barcelona\"},\"image\":{\"@id\":\"https:\/\/locabarcelona.egluu.com\/en\/#\/schema\/logo\/image\/\"}}]}<\/script>\n<!-- \/ Yoast SEO Premium plugin. -->","yoast_head_json":{"title":"Apartments for rent in Vila de Gr\u00e0cia Barcelona | Loca Barcelona","description":"Find apartments for rent in Vila de Gr\u00e0cia, Barcelona with Loca Barcelona. Your perfect home awaits. Start your search and make Gr\u00e0cia your new neighborhood!","robots":{"index":"noindex","follow":"follow","max-snippet":"max-snippet:-1","max-image-preview":"max-image-preview:large","max-video-preview":"max-video-preview:-1"},"og_locale":"en_US","og_type":"article","og_title":"Apartments for rent in Vila de Gr\u00e0cia Barcelona | Loca Barcelona","og_description":"Find apartments for rent in Vila de Gr\u00e0cia, Barcelona with Loca Barcelona. Your perfect home awaits. Start your search and make Gr\u00e0cia your new neighborhood!","og_url":"https:\/\/locabarcelona.egluu.com\/en\/property-for-rent\/vila-de-gracia\/","og_site_name":"Locabarcelona","article_modified_time":"2023-10-10T14:06:14+00:00","twitter_card":"summary_large_image","twitter_misc":{"Est. reading time":"4 minutes"},"schema":{"@context":"https:\/\/schema.org","@graph":[{"@type":"WebPage","@id":"https:\/\/locabarcelona.egluu.com\/en\/property-for-rent\/vila-de-gracia\/","url":"https:\/\/locabarcelona.egluu.com\/en\/property-for-rent\/vila-de-gracia\/","name":"Apartments for rent in Vila de Gr\u00e0cia Barcelona | Loca Barcelona","isPartOf":{"@id":"https:\/\/locabarcelona.egluu.com\/en\/#website"},"datePublished":"2023-09-28T10:54:45+00:00","dateModified":"2023-10-10T14:06:14+00:00","description":"Find apartments for rent in Vila de Gr\u00e0cia, Barcelona with Loca Barcelona. Your perfect home awaits. Start your search and make Gr\u00e0cia your new neighborhood!","breadcrumb":{"@id":"https:\/\/locabarcelona.egluu.com\/en\/property-for-rent\/vila-de-gracia\/#breadcrumb"},"inLanguage":"en","potentialAction":[{"@type":"ReadAction","target":["https:\/\/locabarcelona.egluu.com\/en\/property-for-rent\/vila-de-gracia\/"]}]},{"@type":"BreadcrumbList","@id":"https:\/\/locabarcelona.egluu.com\/en\/property-for-rent\/vila-de-gracia\/#breadcrumb","itemListElement":[{"@type":"ListItem","position":1,"name":"Inicio","item":"https:\/\/www.locabarcelona.com\/en\/"},{"@type":"ListItem","position":2,"name":"Rental agency in Barcelona","item":"https:\/\/www.locabarcelona.com\/en\/property-for-rent\/"},{"@type":"ListItem","position":3,"name":"Rent An Apartment In Vila De Gr\u00e0cia"}]},{"@type":"WebSite","@id":"https:\/\/locabarcelona.egluu.com\/en\/#website","url":"https:\/\/locabarcelona.egluu.com\/en\/","name":"Loca Barcelona","description":"Real Estate Services","publisher":{"@id":"https:\/\/locabarcelona.egluu.com\/en\/#organization"},"potentialAction":[{"@type":"SearchAction","target":{"@type":"EntryPoint","urlTemplate":"https:\/\/locabarcelona.egluu.com\/en\/?s={search_term_string}"},"query-input":"required name=search_term_string"}],"inLanguage":"en"},{"@type":"Organization","@id":"https:\/\/locabarcelona.egluu.com\/en\/#organization","name":"Loca Barcelona","url":"https:\/\/locabarcelona.egluu.com\/en\/","logo":{"@type":"ImageObject","inLanguage":"en","@id":"https:\/\/locabarcelona.egluu.com\/en\/#\/schema\/logo\/image\/","url":"https:\/\/locabarcelona.egluu.com\/wp-content\/uploads\/2021\/10\/logo_locabarcelona_small.png","contentUrl":"https:\/\/locabarcelona.egluu.com\/wp-content\/uploads\/2021\/10\/logo_locabarcelona_small.png","width":250,"height":149,"caption":"Loca Barcelona"},"image":{"@id":"https:\/\/locabarcelona.egluu.com\/en\/#\/schema\/logo\/image\/"}}]}},"_links":{"self":[{"href":"https:\/\/locabarcelona.egluu.com\/en\/wp-json\/wp\/v2\/pages\/492661"}],"collection":[{"href":"https:\/\/locabarcelona.egluu.com\/en\/wp-json\/wp\/v2\/pages"}],"about":[{"href":"https:\/\/locabarcelona.egluu.com\/en\/wp-json\/wp\/v2\/types\/page"}],"author":[{"embeddable":true,"href":"https:\/\/locabarcelona.egluu.com\/en\/wp-json\/wp\/v2\/users\/344"}],"replies":[{"embeddable":true,"href":"https:\/\/locabarcelona.egluu.com\/en\/wp-json\/wp\/v2\/comments?post=492661"}],"version-history":[{"count":0,"href":"https:\/\/locabarcelona.egluu.com\/en\/wp-json\/wp\/v2\/pages\/492661\/revisions"}],"up":[{"embeddable":true,"href":"https:\/\/locabarcelona.egluu.com\/en\/wp-json\/wp\/v2\/pages\/446624"}],"wp:attachment":[{"href":"https:\/\/locabarcelona.egluu.com\/en\/wp-json\/wp\/v2\/media?parent=492661"}],"curies":[{"name":"wp","href":"https:\/\/api.w.org\/{rel}","templated":true}]}}