{"id":495220,"date":"2023-10-13T12:09:37","date_gmt":"2023-10-13T10:09:37","guid":{"rendered":"https:\/\/locabarcelona.egluu.com\/?page_id=495220"},"modified":"2023-10-13T12:13:52","modified_gmt":"2023-10-13T10:13:52","slug":"sants-montjuic","status":"publish","type":"page","link":"https:\/\/locabarcelona.egluu.com\/en\/property-for-rent\/sants-montjuic\/","title":{"rendered":"Rent an apartment in Sants Montjuic"},"content":{"rendered":"\t\t<div data-elementor-type=\"wp-page\" data-elementor-id=\"495220\" class=\"elementor elementor-495220 elementor-444030\" data-elementor-post-type=\"page\">\n\t\t\t\t\t\t<section class=\"elementor-section elementor-top-section elementor-element elementor-element-ef3a8d7 elementor-section-boxed elementor-section-height-default elementor-section-height-default\" data-id=\"ef3a8d7\" data-element_type=\"section\">\n\t\t\t\t\t\t<div class=\"elementor-container elementor-column-gap-default\">\n\t\t\t\t\t<div class=\"elementor-column elementor-col-100 elementor-top-column elementor-element elementor-element-b67ddc4\" data-id=\"b67ddc4\" data-element_type=\"column\">\n\t\t\t<div class=\"elementor-widget-wrap elementor-element-populated\">\n\t\t\t\t\t\t<div class=\"elementor-element elementor-element-edf7556 elementor-widget elementor-widget-text-editor\" data-id=\"edf7556\" data-element_type=\"widget\" data-widget_type=\"text-editor.default\">\n\t\t\t\t<div class=\"elementor-widget-container\">\n\t\t\t\t\t\t\t<h2>Why rent an apartment in Sants-Montju\u00efc?<\/h2><p>Sants-Montju\u00efc is located in the south of Barcelona, along the seafront, and owes its name to the Montju\u00efc hill at the heart of the district. This district is one of the largest in Barcelona, but it is still calm and has no shortage of green spaces. The many cultural and historical sites make the Montju\u00efc district a unique and authentic place. <a href=\"https:\/\/locabarcelona.egluu.com\/\">Loca Barcelona<\/a> has a wide selection of <strong>apartments to rent in Sants-Montju\u00efc<\/strong>.<\/p><p>Comprising 10 neighbourhoods, including Poblesec, Sants and Montju\u00efc, this district is known for being very cultural. It&#8217;s easy to find modern, recently renovated 1 to 4-bedroom properties with balconies or terraces for <a href=\"https:\/\/locabarcelona.egluu.com\/en\/property-status\/short-term-rental\/\">short-term<\/a> or <a href=\"https:\/\/locabarcelona.egluu.com\/en\/property-status\/long-term-rental\/\">long-term rental<\/a>.<\/p><h2>Places not to be missed<\/h2><p>What&#8217;s more, it&#8217;s a very lively and dynamic area, day and night. It&#8217;s an area that attracts young Spaniards as well as foreigners moving to Barcelona. Once you&#8217;ve settled into a <strong>rental property in Sants-Montju\u00efc<\/strong>, you&#8217;ll enjoy some of the city&#8217;s best places to eat and shop. Sants-Montju\u00efc is popular thanks to its proximity to the city centre and its wide range of entertainment. The district has excellent public transport links, making neighbouring districts <a href=\"https:\/\/locabarcelona.egluu.com\/en\/property-for-rent\/sant-antoni\/\">such as Sant Antoni<\/a> and <a href=\"https:\/\/locabarcelona.egluu.com\/en\/property-for-rent\/les-corts\/\">Les Corts<\/a> easily accessible.<\/p><p>Sants-Montju\u00efc is home to a number of shops, particularly along Calle Sants, the district&#8217;s main street and certainly one of the longest in the city. If you like to do your shopping in a shopping centre, you can do so at the &#8220;las Arenas&#8221; shopping centre on the Pla\u00e7a Espanya.<\/p><p>If you like to wander around at the weekend, there are plenty of activities on offer. Not to be missed are the Museu d&#8217;Art de Catalunya, the exhibitions at the Fira de Montju\u00efc, Montju\u00efc Castle, the Poble Espanyol Museum and the famous Pla\u00e7a Espanya, home to the majestic Magic Fountain.<\/p><h2>Visit Monjuic hill<\/h2><p>Set between the sea and the mountains, this district is often visited by tourists on their way to Montju\u00efc hill. The hill offers panoramic views over the city, particularly from the paths that lead up to <strong>Montju\u00efc Castle<\/strong> at the top of the hill. For an alternative way of getting to the top of the hill, you can take a cable car from the Port of Barcelona, which will also take you to the top of the hill.<\/p><p>If you&#8217;re looking to <strong>rent an apartment in Sants-Montju\u00efc<\/strong> for the short or long term, check out our current rental availability!<\/p><h2>The advantages of renting in Sants-Montju\u00efc<\/h2><p>If you&#8217;re a student, this district is the ideal place to rent a flat in Barcelona. Loca Barcelona offers a wide range of fully furnished and equipped student rentals. You can enjoy the festive life of Sants-Montju\u00efc, with its many parks that are particularly lively in summer, when barbecues and concerts are organised. The district&#8217;s nightlife also includes some of the city&#8217;s best clubs and bars. To study, you can visit one of the ten libraries in the Sants-Montju\u00efc district.<\/p><p>Schools are also located in the district, making it the perfect place for families looking for a neighbourhood to settle in Barcelona. If you want to improve your Spanish, there are several language schools offering courses at different levels. If you choose to rent a flat in Sants-Montju\u00efc, you&#8217;ll be close to several universities, as well as Barcelona&#8217;s Universidat district, home to the city&#8217;s main university.<\/p><p>Getting around from the Sants-Montju\u00efc district is easy. Just 10 minutes from the city centre, there are good metro and bus links. What&#8217;s more, the area is home to the Sants central station, which is a great way to get around Spain and the south of France.<\/p><p>Have you decided to <strong>rent an apartment in Sants-Montju\u00efc<\/strong>? Take a look at our selection of flats now, or <a href=\"https:\/\/locabarcelona.egluu.com\/en\/about-us\/contact-us\/\">contact us<\/a> with your search criteria so that our agents can find you flats that meet your requirements.<\/p>\t\t\t\t\t\t<\/div>\n\t\t\t\t<\/div>\n\t\t\t\t<div class=\"elementor-element elementor-element-6b3c516 elementor-widget elementor-widget-heading\" data-id=\"6b3c516\" data-element_type=\"widget\" data-widget_type=\"heading.default\">\n\t\t\t\t<div class=\"elementor-widget-container\">\n\t\t\t<h2 class=\"elementor-heading-title elementor-size-default\">Discover more:<\/h2>\t\t<\/div>\n\t\t\t\t<\/div>\n\t\t\t\t\t<\/div>\n\t\t<\/div>\n\t\t\t\t\t<\/div>\n\t\t<\/section>\n\t\t\t\t<section class=\"elementor-section elementor-top-section elementor-element elementor-element-52f2a8f elementor-section-boxed elementor-section-height-default elementor-section-height-default\" data-id=\"52f2a8f\" data-element_type=\"section\">\n\t\t\t\t\t\t<div class=\"elementor-container elementor-column-gap-default\">\n\t\t\t\t\t<div class=\"elementor-column elementor-col-50 elementor-top-column elementor-element elementor-element-e8b5e1f\" data-id=\"e8b5e1f\" data-element_type=\"column\">\n\t\t\t<div class=\"elementor-widget-wrap elementor-element-populated\">\n\t\t\t\t\t\t<div class=\"elementor-element elementor-element-71e7379 elementor-widget elementor-widget-text-editor\" data-id=\"71e7379\" data-element_type=\"widget\" data-widget_type=\"text-editor.default\">\n\t\t\t\t<div class=\"elementor-widget-container\">\n\t\t\t\t\t\t\t<p><a href=\"https:\/\/locabarcelona.egluu.com\/en\/rental-agency-in-barcelona\/student-accommodation-barcelona\/\">Student apartments<\/a><\/p><p><a href=\"https:\/\/locabarcelona.egluu.com\/en\/property-feature\/features\/furnished\/\">Furnished apartments for rent<\/a><\/p><p><a href=\"https:\/\/locabarcelona.egluu.com\/en\/property-for-rent\/studio-in-barcelona\/\">Studio for rent<\/a><\/p><p><a href=\"https:\/\/locabarcelona.egluu.com\/en\/property-status\/short-term-rental\/\">Short term<\/a><\/p>\t\t\t\t\t\t<\/div>\n\t\t\t\t<\/div>\n\t\t\t\t\t<\/div>\n\t\t<\/div>\n\t\t\t\t<div class=\"elementor-column elementor-col-50 elementor-top-column elementor-element elementor-element-c85d74a\" data-id=\"c85d74a\" data-element_type=\"column\">\n\t\t\t<div class=\"elementor-widget-wrap elementor-element-populated\">\n\t\t\t\t\t\t<div class=\"elementor-element elementor-element-a9a88a2 elementor-widget elementor-widget-text-editor\" data-id=\"a9a88a2\" data-element_type=\"widget\" data-widget_type=\"text-editor.default\">\n\t\t\t\t<div class=\"elementor-widget-container\">\n\t\t\t\t\t\t\t<p><a href=\"https:\/\/locabarcelona.egluu.com\/en\/property-for-rent\/rooftop-apartment-barcelona\/\">Apartment with terrace<\/a><\/p><p><a href=\"https:\/\/locabarcelona.egluu.com\/en\/property\/2-bedroom-apartment-in-gracia\/\">2 bedroom apartments<\/a><\/p><p><a href=\"https:\/\/locabarcelona.egluu.com\/en\/property-status\/long-term-rental\/\">Long term<\/a><\/p><p><a href=\"https:\/\/locabarcelona.egluu.com\/en\/real-estate-agency-barcelona\/\">Real state agency in Barcelona<\/a><\/p>\t\t\t\t\t\t<\/div>\n\t\t\t\t<\/div>\n\t\t\t\t\t<\/div>\n\t\t<\/div>\n\t\t\t\t\t<\/div>\n\t\t<\/section>\n\t\t\t\t<section class=\"elementor-section elementor-top-section elementor-element elementor-element-7f76eb5 elementor-section-boxed elementor-section-height-default elementor-section-height-default\" data-id=\"7f76eb5\" data-element_type=\"section\">\n\t\t\t\t\t\t<div class=\"elementor-container elementor-column-gap-default\">\n\t\t\t\t\t<div class=\"elementor-column elementor-col-100 elementor-top-column elementor-element elementor-element-de511cc\" data-id=\"de511cc\" data-element_type=\"column\">\n\t\t\t<div class=\"elementor-widget-wrap elementor-element-populated\">\n\t\t\t\t\t\t<div class=\"elementor-element elementor-element-0074834 elementor-widget elementor-widget-heading\" data-id=\"0074834\" data-element_type=\"widget\" data-widget_type=\"heading.default\">\n\t\t\t\t<div class=\"elementor-widget-container\">\n\t\t\t<h2 class=\"elementor-heading-title elementor-size-default\">Apartments for rent in Barcelona by district<\/h2>\t\t<\/div>\n\t\t\t\t<\/div>\n\t\t\t\t\t<\/div>\n\t\t<\/div>\n\t\t\t\t\t<\/div>\n\t\t<\/section>\n\t\t\t\t<section class=\"elementor-section elementor-top-section elementor-element elementor-element-42dc3b3 elementor-section-boxed elementor-section-height-default elementor-section-height-default\" data-id=\"42dc3b3\" data-element_type=\"section\">\n\t\t\t\t\t\t<div class=\"elementor-container elementor-column-gap-default\">\n\t\t\t\t\t<div class=\"elementor-column elementor-col-50 elementor-top-column elementor-element elementor-element-5a7101e\" data-id=\"5a7101e\" data-element_type=\"column\">\n\t\t\t<div class=\"elementor-widget-wrap elementor-element-populated\">\n\t\t\t\t\t\t<div class=\"elementor-element elementor-element-27ff867 elementor-widget elementor-widget-global elementor-global-446462 elementor-widget-text-editor\" data-id=\"27ff867\" data-element_type=\"widget\" data-widget_type=\"text-editor.default\">\n\t\t\t\t<div class=\"elementor-widget-container\">\n\t\t\t\t\t\t\t<p><a href=\"https:\/\/locabarcelona.egluu.com\/en\/rental-agency-in-barcelona\/apartment-eixample-barcelona\/\">Apartments for rent Eixample<\/a><br \/><a href=\"https:\/\/locabarcelona.egluu.com\/en\/property-for-rent\/eixample-dreta\/\">Apartments for rent Eixample Dreta<\/a><br \/><span data-sheets-value=\"{\"><a href=\"https:\/\/locabarcelona.egluu.com\/en\/property-for-rent\/antiga-esquerra-de-eixample\/\">Apartments for rent Antiga Esquerra de l&#8217;Eixample<\/a><br \/><a href=\"https:\/\/locabarcelona.egluu.com\/en\/rental-agency-in-barcelona\/apartments-for-rent-in-the-nova-esquerra-de-leixample\/\">Apartments for rent Nova Esquerra de l&#8217;Eixample<\/a><br \/><a href=\"https:\/\/locabarcelona.egluu.com\/en\/rental-agency-in-barcelona\/apartment-to-rent-in-forc-pienc-barcelona\/\">Apartments for rent Fort Pienc<\/a><br \/><a href=\"https:\/\/locabarcelona.egluu.com\/en\/property-for-rent\/sagrada-familia\/\">Apartments for rent Sagrada Familia<\/a><br \/><a href=\"https:\/\/locabarcelona.egluu.com\/en\/property-for-rent\/sant-antoni\/\">Apartments for rent Sant Antoni<\/a><br \/><a href=\"https:\/\/locabarcelona.egluu.com\/en\/rental-agency-in-barcelona\/apartment-in-ciutat-vella\/\">Apartments for rent Ciutat Vella<\/a><br \/><a href=\"https:\/\/locabarcelona.egluu.com\/en\/property-for-rent\/gothic\/\">Apartments for rent\u00a0el Gotico<\/a><br \/><a href=\"https:\/\/locabarcelona.egluu.com\/en\/rental-agency-in-barcelona\/apartments-to-rent-in-raval\/\">Apartments for rent\u00a0 el Raval<\/a><br \/><a href=\"https:\/\/locabarcelona.egluu.com\/en\/property-for-rent\/born\/\">Apartments for rent\u00a0el Born<\/a><br \/><a href=\"https:\/\/locabarcelona.egluu.com\/en\/property-for-rent\/barceloneta\/\">Apartments for rent\u00a0 Barceloneta<\/a><br \/><a href=\"https:\/\/locabarcelona.egluu.com\/en\/property-for-rent\/sants-montjuic\/\">Apartments for rent\u00a0 Sants-Montju\u00efc<\/a><br \/><a href=\"https:\/\/locabarcelona.egluu.com\/en\/property-for-rent\/poble-sec\/\">Apartments for rent\u00a0 Poble Sec<\/a><br \/><a href=\"https:\/\/locabarcelona.egluu.com\/en\/rental-agency-in-barcelona\/apartment-to-rent-in-sants\/\">Apartments for rent\u00a0 Sants<\/a><br \/><a href=\"https:\/\/locabarcelona.egluu.com\/en\/property-for-rent\/el-putxet-i-farro\/\">Apartments for rent\u00a0 el Putxet i Farr\u00f3<\/a><br \/><a href=\"https:\/\/locabarcelona.egluu.com\/en\/property-for-rent\/las-tres-torres\/\">Apartments for rent\u00a0 Las Tres Torres<\/a><br \/>Apartments for rent\u00a0 Hostafrancs<br \/>Apartments for rent\u00a0La marina del prat Vermell<br \/>Apartments for rent\u00a0La marina de Port<br \/>Apartments for rent\u00a0 Lafont de la Guatlla<\/span><\/p>\t\t\t\t\t\t<\/div>\n\t\t\t\t<\/div>\n\t\t\t\t\t<\/div>\n\t\t<\/div>\n\t\t\t\t<div class=\"elementor-column elementor-col-50 elementor-top-column elementor-element elementor-element-ad1ffba\" data-id=\"ad1ffba\" data-element_type=\"column\">\n\t\t\t<div class=\"elementor-widget-wrap elementor-element-populated\">\n\t\t\t\t\t\t<div class=\"elementor-element elementor-element-e39514d elementor-widget elementor-widget-global elementor-global-446465 elementor-widget-text-editor\" data-id=\"e39514d\" data-element_type=\"widget\" data-widget_type=\"text-editor.default\">\n\t\t\t\t<div class=\"elementor-widget-container\">\n\t\t\t\t\t\t\t<p><a href=\"https:\/\/locabarcelona.egluu.com\/en\/property-for-rent\/les-corts\/\">Apartments for rent\u00a0 les Corts<\/a><a href=\"https:\/\/locabarcelona.egluu.com\/fr\/louer-propriete\/sarria-sant-gervasi\/\"><br \/><\/a><a href=\"https:\/\/locabarcelona.egluu.com\/en\/rental-agency-in-barcelona\/apartments-to-rent-in-pedralbes\/\">Apartments for rent\u00a0Pedralbes<\/a><br \/><a href=\"https:\/\/locabarcelona.egluu.com\/en\/rental-agency-in-barcelona\/apartment-to-rent-in-sarria-sant-gervasi-barcelona\/\">Apartments for rent\u00a0 Sarria Sant Gervasi<\/a><a href=\"https:\/\/locabarcelona.egluu.com\/fr\/louer-propriete\/pedralbes\/\"><br \/><\/a><a href=\"https:\/\/locabarcelona.egluu.com\/en\/property-for-rent\/sarria\/\">Apartments for rent\u00a0 Sarria<\/a><a href=\"https:\/\/locabarcelona.egluu.com\/fr\/louer-propriete\/pedralbes\/\"><br \/><\/a><a href=\"https:\/\/locabarcelona.egluu.com\/en\/property-for-rent\/gracia\/\">Apartments for rent\u00a0 Gracia<\/a><a href=\"https:\/\/locabarcelona.egluu.com\/fr\/louer-propriete\/pedralbes\/\"><br \/><\/a><a href=\"https:\/\/locabarcelona.egluu.com\/en\/property-for-rent\/vila-de-gracia\/\">Apartments for rent\u00a0 Vila de Gr\u00e0cia<\/a><a href=\"https:\/\/locabarcelona.egluu.com\/fr\/louer-propriete\/pedralbes\/\"><br \/><\/a>Apartments for rent\u00a0Horta Guinardo<a href=\"https:\/\/locabarcelona.egluu.com\/fr\/louer-propriete\/pedralbes\/\"><br \/><\/a>Apartments for rent\u00a0Nou Barris<a href=\"https:\/\/locabarcelona.egluu.com\/fr\/louer-propriete\/pedralbes\/\"><br \/><\/a>Apartments for rent\u00a0 Sant Andreu<a href=\"https:\/\/locabarcelona.egluu.com\/fr\/louer-propriete\/pedralbes\/\"><br \/><\/a><a href=\"https:\/\/locabarcelona.egluu.com\/en\/property-for-rent\/sant-marti\/\">Apartments for rent Sant Mart\u00ed<\/a><a href=\"https:\/\/locabarcelona.egluu.com\/fr\/louer-propriete\/pedralbes\/\"><br \/><\/a><a href=\"https:\/\/locabarcelona.egluu.com\/en\/property-for-rent\/el-clot\/\">Apartments for rent\u00a0el Clot<\/a><a href=\"https:\/\/locabarcelona.egluu.com\/fr\/louer-propriete\/pedralbes\/\"><br \/><\/a>Apartments for rent\u00a0vila olimpica del Poblenou<a href=\"https:\/\/locabarcelona.egluu.com\/fr\/louer-propriete\/pedralbes\/\"><br \/><\/a><a href=\"https:\/\/locabarcelona.egluu.com\/en\/property-for-rent\/poblenou\/\">Apartments for rent\u00a0 Poblenou<\/a><a href=\"https:\/\/locabarcelona.egluu.com\/fr\/louer-propriete\/pedralbes\/\"><br \/><\/a>Apartments for rent\u00a0 Sant gervasi &#8211; la bonanova<a href=\"https:\/\/locabarcelona.egluu.com\/fr\/louer-propriete\/pedralbes\/\"><br \/><\/a>Apartments for rent\u00a0 Sant Gervasi Galvany<a href=\"https:\/\/locabarcelona.egluu.com\/fr\/louer-propriete\/pedralbes\/\"><br \/><\/a>Apartments for rent\u00a0 Proven\u00e7als del Poblenou<a href=\"https:\/\/locabarcelona.egluu.com\/fr\/louer-propriete\/pedralbes\/\"><br \/><\/a>Apartments for rent\u00a0 Camp d&#8217;en Grassot i Gr\u00e0cia\u00a0<a href=\"https:\/\/locabarcelona.egluu.com\/fr\/louer-propriete\/pedralbes\/\"><br \/><\/a>Apartments for rent\u00a0Sants-Badal<a href=\"https:\/\/locabarcelona.egluu.com\/fr\/louer-propriete\/pedralbes\/\"><br \/><\/a>Apartments for rent\u00a0el Parc i la Llacuna del Poblenou<a href=\"https:\/\/locabarcelona.egluu.com\/fr\/louer-propriete\/pedralbes\/\"><br \/><\/a><a href=\"https:\/\/locabarcelona.egluu.com\/en\/property-for-rent\/zona-franca\/\">Apartments for rent\u00a0 Zona Franca<\/a><br \/>Apartments for rent\u00a0 La Bordeta<\/p>\t\t\t\t\t\t<\/div>\n\t\t\t\t<\/div>\n\t\t\t\t\t<\/div>\n\t\t<\/div>\n\t\t\t\t\t<\/div>\n\t\t<\/section>\n\t\t\t\t<\/div>\n\t\t","protected":false},"excerpt":{"rendered":"<p>Why rent an apartment in Sants-Montju\u00efc? Sants-Montju\u00efc is located in the south of Barcelona, along the seafront, and owes its name to the Montju\u00efc hill at the heart of the district. This district is one of the largest in Barcelona, but it is still calm and has no shortage of green spaces. The many cultural&#8230;<\/p>\n","protected":false},"author":344,"featured_media":0,"parent":446624,"menu_order":0,"comment_status":"closed","ping_status":"closed","template":"templates\/list-layout.php","meta":{"inline_featured_image":false,"footnotes":""},"yoast_head":"<!-- This site is optimized with the Yoast SEO Premium plugin v22.6 (Yoast SEO v22.6) - https:\/\/yoast.com\/wordpress\/plugins\/seo\/ -->\n<title>Apartments for rent in Sants-Montju\u00efc | Loca Barcelona<\/title>\n<meta name=\"description\" content=\"Discover our apartments for rent in Sants-Montju\u00efc with Loca Barcelona. Find your home. Start your search now and make Sants-Montju\u00efc your new neighborhood!\" \/>\n<meta name=\"robots\" content=\"noindex, follow, max-snippet:-1, max-image-preview:large, max-video-preview:-1\" \/>\n<meta property=\"og:locale\" content=\"en_US\" \/>\n<meta property=\"og:type\" content=\"article\" \/>\n<meta property=\"og:title\" content=\"Apartments for rent in Sants-Montju\u00efc | Loca Barcelona\" \/>\n<meta property=\"og:description\" content=\"Discover our apartments for rent in Sants-Montju\u00efc with Loca Barcelona. Find your home. Start your search now and make Sants-Montju\u00efc your new neighborhood!\" \/>\n<meta property=\"og:url\" content=\"https:\/\/locabarcelona.egluu.com\/en\/property-for-rent\/sants-montjuic\/\" \/>\n<meta property=\"og:site_name\" content=\"Locabarcelona\" \/>\n<meta property=\"article:modified_time\" content=\"2023-10-13T10:13:52+00:00\" \/>\n<meta name=\"twitter:card\" content=\"summary_large_image\" \/>\n<meta name=\"twitter:label1\" content=\"Est. reading time\" \/>\n\t<meta name=\"twitter:data1\" content=\"4 minutes\" \/>\n<script type=\"application\/ld+json\" class=\"yoast-schema-graph\">{\"@context\":\"https:\/\/schema.org\",\"@graph\":[{\"@type\":\"WebPage\",\"@id\":\"https:\/\/locabarcelona.egluu.com\/en\/property-for-rent\/sants-montjuic\/\",\"url\":\"https:\/\/locabarcelona.egluu.com\/en\/property-for-rent\/sants-montjuic\/\",\"name\":\"Apartments for rent in Sants-Montju\u00efc | Loca Barcelona\",\"isPartOf\":{\"@id\":\"https:\/\/locabarcelona.egluu.com\/en\/#website\"},\"datePublished\":\"2023-10-13T10:09:37+00:00\",\"dateModified\":\"2023-10-13T10:13:52+00:00\",\"description\":\"Discover our apartments for rent in Sants-Montju\u00efc with Loca Barcelona. Find your home. Start your search now and make Sants-Montju\u00efc your new neighborhood!\",\"breadcrumb\":{\"@id\":\"https:\/\/locabarcelona.egluu.com\/en\/property-for-rent\/sants-montjuic\/#breadcrumb\"},\"inLanguage\":\"en\",\"potentialAction\":[{\"@type\":\"ReadAction\",\"target\":[\"https:\/\/locabarcelona.egluu.com\/en\/property-for-rent\/sants-montjuic\/\"]}]},{\"@type\":\"BreadcrumbList\",\"@id\":\"https:\/\/locabarcelona.egluu.com\/en\/property-for-rent\/sants-montjuic\/#breadcrumb\",\"itemListElement\":[{\"@type\":\"ListItem\",\"position\":1,\"name\":\"Inicio\",\"item\":\"https:\/\/www.locabarcelona.com\/en\/\"},{\"@type\":\"ListItem\",\"position\":2,\"name\":\"Rental agency in Barcelona\",\"item\":\"https:\/\/www.locabarcelona.com\/en\/property-for-rent\/\"},{\"@type\":\"ListItem\",\"position\":3,\"name\":\"Rent an apartment in Sants Montjuic\"}]},{\"@type\":\"WebSite\",\"@id\":\"https:\/\/locabarcelona.egluu.com\/en\/#website\",\"url\":\"https:\/\/locabarcelona.egluu.com\/en\/\",\"name\":\"Loca Barcelona\",\"description\":\"Real Estate Services\",\"publisher\":{\"@id\":\"https:\/\/locabarcelona.egluu.com\/en\/#organization\"},\"potentialAction\":[{\"@type\":\"SearchAction\",\"target\":{\"@type\":\"EntryPoint\",\"urlTemplate\":\"https:\/\/locabarcelona.egluu.com\/en\/?s={search_term_string}\"},\"query-input\":\"required name=search_term_string\"}],\"inLanguage\":\"en\"},{\"@type\":\"Organization\",\"@id\":\"https:\/\/locabarcelona.egluu.com\/en\/#organization\",\"name\":\"Loca Barcelona\",\"url\":\"https:\/\/locabarcelona.egluu.com\/en\/\",\"logo\":{\"@type\":\"ImageObject\",\"inLanguage\":\"en\",\"@id\":\"https:\/\/locabarcelona.egluu.com\/en\/#\/schema\/logo\/image\/\",\"url\":\"https:\/\/locabarcelona.egluu.com\/wp-content\/uploads\/2021\/10\/logo_locabarcelona_small.png\",\"contentUrl\":\"https:\/\/locabarcelona.egluu.com\/wp-content\/uploads\/2021\/10\/logo_locabarcelona_small.png\",\"width\":250,\"height\":149,\"caption\":\"Loca Barcelona\"},\"image\":{\"@id\":\"https:\/\/locabarcelona.egluu.com\/en\/#\/schema\/logo\/image\/\"}}]}<\/script>\n<!-- \/ Yoast SEO Premium plugin. -->","yoast_head_json":{"title":"Apartments for rent in Sants-Montju\u00efc | Loca Barcelona","description":"Discover our apartments for rent in Sants-Montju\u00efc with Loca Barcelona. Find your home. Start your search now and make Sants-Montju\u00efc your new neighborhood!","robots":{"index":"noindex","follow":"follow","max-snippet":"max-snippet:-1","max-image-preview":"max-image-preview:large","max-video-preview":"max-video-preview:-1"},"og_locale":"en_US","og_type":"article","og_title":"Apartments for rent in Sants-Montju\u00efc | Loca Barcelona","og_description":"Discover our apartments for rent in Sants-Montju\u00efc with Loca Barcelona. Find your home. Start your search now and make Sants-Montju\u00efc your new neighborhood!","og_url":"https:\/\/locabarcelona.egluu.com\/en\/property-for-rent\/sants-montjuic\/","og_site_name":"Locabarcelona","article_modified_time":"2023-10-13T10:13:52+00:00","twitter_card":"summary_large_image","twitter_misc":{"Est. reading time":"4 minutes"},"schema":{"@context":"https:\/\/schema.org","@graph":[{"@type":"WebPage","@id":"https:\/\/locabarcelona.egluu.com\/en\/property-for-rent\/sants-montjuic\/","url":"https:\/\/locabarcelona.egluu.com\/en\/property-for-rent\/sants-montjuic\/","name":"Apartments for rent in Sants-Montju\u00efc | Loca Barcelona","isPartOf":{"@id":"https:\/\/locabarcelona.egluu.com\/en\/#website"},"datePublished":"2023-10-13T10:09:37+00:00","dateModified":"2023-10-13T10:13:52+00:00","description":"Discover our apartments for rent in Sants-Montju\u00efc with Loca Barcelona. Find your home. Start your search now and make Sants-Montju\u00efc your new neighborhood!","breadcrumb":{"@id":"https:\/\/locabarcelona.egluu.com\/en\/property-for-rent\/sants-montjuic\/#breadcrumb"},"inLanguage":"en","potentialAction":[{"@type":"ReadAction","target":["https:\/\/locabarcelona.egluu.com\/en\/property-for-rent\/sants-montjuic\/"]}]},{"@type":"BreadcrumbList","@id":"https:\/\/locabarcelona.egluu.com\/en\/property-for-rent\/sants-montjuic\/#breadcrumb","itemListElement":[{"@type":"ListItem","position":1,"name":"Inicio","item":"https:\/\/www.locabarcelona.com\/en\/"},{"@type":"ListItem","position":2,"name":"Rental agency in Barcelona","item":"https:\/\/www.locabarcelona.com\/en\/property-for-rent\/"},{"@type":"ListItem","position":3,"name":"Rent an apartment in Sants Montjuic"}]},{"@type":"WebSite","@id":"https:\/\/locabarcelona.egluu.com\/en\/#website","url":"https:\/\/locabarcelona.egluu.com\/en\/","name":"Loca Barcelona","description":"Real Estate Services","publisher":{"@id":"https:\/\/locabarcelona.egluu.com\/en\/#organization"},"potentialAction":[{"@type":"SearchAction","target":{"@type":"EntryPoint","urlTemplate":"https:\/\/locabarcelona.egluu.com\/en\/?s={search_term_string}"},"query-input":"required name=search_term_string"}],"inLanguage":"en"},{"@type":"Organization","@id":"https:\/\/locabarcelona.egluu.com\/en\/#organization","name":"Loca Barcelona","url":"https:\/\/locabarcelona.egluu.com\/en\/","logo":{"@type":"ImageObject","inLanguage":"en","@id":"https:\/\/locabarcelona.egluu.com\/en\/#\/schema\/logo\/image\/","url":"https:\/\/locabarcelona.egluu.com\/wp-content\/uploads\/2021\/10\/logo_locabarcelona_small.png","contentUrl":"https:\/\/locabarcelona.egluu.com\/wp-content\/uploads\/2021\/10\/logo_locabarcelona_small.png","width":250,"height":149,"caption":"Loca Barcelona"},"image":{"@id":"https:\/\/locabarcelona.egluu.com\/en\/#\/schema\/logo\/image\/"}}]}},"_links":{"self":[{"href":"https:\/\/locabarcelona.egluu.com\/en\/wp-json\/wp\/v2\/pages\/495220"}],"collection":[{"href":"https:\/\/locabarcelona.egluu.com\/en\/wp-json\/wp\/v2\/pages"}],"about":[{"href":"https:\/\/locabarcelona.egluu.com\/en\/wp-json\/wp\/v2\/types\/page"}],"author":[{"embeddable":true,"href":"https:\/\/locabarcelona.egluu.com\/en\/wp-json\/wp\/v2\/users\/344"}],"replies":[{"embeddable":true,"href":"https:\/\/locabarcelona.egluu.com\/en\/wp-json\/wp\/v2\/comments?post=495220"}],"version-history":[{"count":0,"href":"https:\/\/locabarcelona.egluu.com\/en\/wp-json\/wp\/v2\/pages\/495220\/revisions"}],"up":[{"embeddable":true,"href":"https:\/\/locabarcelona.egluu.com\/en\/wp-json\/wp\/v2\/pages\/446624"}],"wp:attachment":[{"href":"https:\/\/locabarcelona.egluu.com\/en\/wp-json\/wp\/v2\/media?parent=495220"}],"curies":[{"name":"wp","href":"https:\/\/api.w.org\/{rel}","templated":true}]}}