{"id":531190,"date":"2024-06-17T12:50:27","date_gmt":"2024-06-17T10:50:27","guid":{"rendered":"https:\/\/locabarcelona.egluu.com\/?page_id=531190"},"modified":"2024-08-21T12:30:31","modified_gmt":"2024-08-21T10:30:31","slug":"sant-marti","status":"publish","type":"page","link":"https:\/\/locabarcelona.egluu.com\/en\/sales-apartments-barcelona\/sant-marti\/","title":{"rendered":"Apartments for sale in Sant Marti"},"content":{"rendered":"\t\t<div data-elementor-type=\"wp-page\" data-elementor-id=\"531190\" class=\"elementor elementor-531190 elementor-530916\" data-elementor-post-type=\"page\">\n\t\t\t\t\t\t<section class=\"elementor-section elementor-top-section elementor-element elementor-element-2fd2862a elementor-section-boxed elementor-section-height-default elementor-section-height-default\" data-id=\"2fd2862a\" data-element_type=\"section\">\n\t\t\t\t\t\t<div class=\"elementor-container elementor-column-gap-default\">\n\t\t\t\t\t<div class=\"elementor-column elementor-col-100 elementor-top-column elementor-element elementor-element-a3df5d7\" data-id=\"a3df5d7\" data-element_type=\"column\">\n\t\t\t<div class=\"elementor-widget-wrap elementor-element-populated\">\n\t\t\t\t\t\t<div class=\"elementor-element elementor-element-d447453 elementor-widget elementor-widget-heading\" data-id=\"d447453\" data-element_type=\"widget\" data-widget_type=\"heading.default\">\n\t\t\t\t<div class=\"elementor-widget-container\">\n\t\t\t<h2 class=\"elementor-heading-title elementor-size-default\">Why Should You Buy an Apartment in Sant Mart\u00ed ?<\/h2>\t\t<\/div>\n\t\t\t\t<\/div>\n\t\t\t\t<div class=\"elementor-element elementor-element-4b68348 elementor-widget elementor-widget-text-editor\" data-id=\"4b68348\" data-element_type=\"widget\" data-widget_type=\"text-editor.default\">\n\t\t\t\t<div class=\"elementor-widget-container\">\n\t\t\t\t\t\t\t<p><b>Buying an apartment in Sant Mart\u00ed<\/b><span style=\"font-weight: 400;\"> is synonymous with purchasing a tranquil life. Life in Sant Mart\u00ed is widely recognized for its green spaces and peaceful residential atmosphere.<\/span><\/p><p><span style=\"font-weight: 400;\">It boasts one of the most privileged locations in the entire city, as the beach is just a 20-minute walk away. Additionally, it is very close to the Sagrera and Clot neighborhoods, which have the best public transportation connections, except for Sants.<\/span><\/p><p><span style=\"font-weight: 400;\">The real estate prices in Sant Mart\u00ed, combined with the bustling commercial activity of the neighborhood, make it a great attraction for people looking to relocate to Barcelona. Additionally, the real estate prices in Sant Mart\u00ed vary, offering both luxury apartments and cheap apartments for sale. Whether you&#8217;re seeking a luxurious abode or a budget-friendly option, Sant Mart\u00ed has something for everyone, including charming 2-bedroom apartments for sale.<\/span><\/p><p>El precio de la vivienda en Sant Marti junto a la gran actividad comercial del barrio, lo convierten en un gran atractivo para las personas que buscan mudarse a Barcelona.<\/p>\t\t\t\t\t\t<\/div>\n\t\t\t\t<\/div>\n\t\t\t\t<div class=\"elementor-element elementor-element-c1d95ea elementor-widget elementor-widget-heading\" data-id=\"c1d95ea\" data-element_type=\"widget\" data-widget_type=\"heading.default\">\n\t\t\t\t<div class=\"elementor-widget-container\">\n\t\t\t<h2 class=\"elementor-heading-title elementor-size-default\">Buying an apartment in Sant Mart\u00ed is easy with Loca Barcelona.<\/h2>\t\t<\/div>\n\t\t\t\t<\/div>\n\t\t\t\t<div class=\"elementor-element elementor-element-33a3cbf elementor-widget elementor-widget-text-editor\" data-id=\"33a3cbf\" data-element_type=\"widget\" data-widget_type=\"text-editor.default\">\n\t\t\t\t<div class=\"elementor-widget-container\">\n\t\t\t\t\t\t\t<p><span style=\"font-weight: 400;\">As experts in the local real estate market, we know that finding the best deals on <\/span><a href=\"https:\/\/locabarcelona.egluu.com\/en\/property-status\/sales\/\"><span style=\"font-weight: 400;\"><span style=\"text-decoration: underline;\">apartments for sale in Sant Mart\u00ed<\/span><\/span><\/a><span style=\"font-weight: 400;\"> is not an easy task. That&#8217;s why we are proud to say that we assist our clients with everything necessary in the buying process so that you can enjoy a great experience.<\/span><\/p><p><span style=\"font-weight: 400;\">We are familiar with every corner of Sant Mart\u00ed, which allows us to perfectly tailor to the individual needs of each person. Additionally, we offer several services to provide you with the attention you need:<\/span><\/p><ul><li style=\"font-weight: 400;\" aria-level=\"1\"><b>\u00a0Personal shopper:<\/b><span style=\"font-weight: 400;\"> With our <\/span><a href=\"https:\/\/locabarcelona.egluu.com\/en\/sales-apartments-barcelona\/personal-shopper-real-estate-in-barcelona\/\"><span style=\"font-weight: 400;\"><span style=\"text-decoration: underline;\">real estate personal shopper<\/span><\/span><\/a><span style=\"font-weight: 400;\">, you will have the security and support of one of our real estate experts who will assist you throughout the buying process.<\/span><\/li><li style=\"font-weight: 400;\" aria-level=\"1\"><b>Advice and assistance with obtaining the Golden Visa:<\/b><span style=\"font-weight: 400;\"> If you do not live in Spain but are interested in investing in the local real estate market, this service is of great interest to you. At Loca Barcelona, we help and inform you about everything related to the process of obtaining the <\/span><span style=\"text-decoration: underline;\"><a href=\"https:\/\/locabarcelona.egluu.com\/en\/sales-apartments-barcelona\/golden-visa-spain\/\"><span style=\"font-weight: 400;\">Golden Visa<\/span><\/a><\/span><span style=\"font-weight: 400;\">. With this visa, you will obtain a residence permit more quickly and will be able to invest in Spanish territory.<\/span><\/li><\/ul><p><span style=\"font-weight: 400;\">As you can see, Loca Barcelona offers all the services and advice you may need to make your home buying process in Sant Mart\u00ed as simple as possible.<\/span><\/p>\t\t\t\t\t\t<\/div>\n\t\t\t\t<\/div>\n\t\t\t\t<div class=\"elementor-element elementor-element-1544067 elementor-widget elementor-widget-heading\" data-id=\"1544067\" data-element_type=\"widget\" data-widget_type=\"heading.default\">\n\t\t\t\t<div class=\"elementor-widget-container\">\n\t\t\t<h2 class=\"elementor-heading-title elementor-size-default\">Are you looking to sell your apartment in Sant Mart\u00ed?<\/h2>\t\t<\/div>\n\t\t\t\t<\/div>\n\t\t\t\t<div class=\"elementor-element elementor-element-1a8a150 elementor-widget elementor-widget-text-editor\" data-id=\"1a8a150\" data-element_type=\"widget\" data-widget_type=\"text-editor.default\">\n\t\t\t\t<div class=\"elementor-widget-container\">\n\t\t\t\t\t\t\t<p><span style=\"font-weight: 400;\">If you are considering selling your property in Sant Mart\u00ed, we can help you. At <\/span><a href=\"https:\/\/locabarcelona.egluu.com\/en\/\"><span style=\"font-weight: 400;\"><span style=\"text-decoration: underline;\">Loca Barcelona<\/span><\/span><\/a><span style=\"font-weight: 400;\">, we are committed to simplifying the entire sales process so that you can obtain the best possible price for your property with minimal effort. To do this, simply follow this process:<\/span><\/p><ul><li style=\"font-weight: 400;\" aria-level=\"1\"><span style=\"font-weight: 400;\">Fill out the <\/span><span style=\"text-decoration: underline;\"><a href=\"https:\/\/locabarcelona.egluu.com\/en\/about-us\/contact-us\/\"><span style=\"font-weight: 400;\">contact form<\/span><\/a><\/span><span style=\"font-weight: 400;\"> so that we can contact you as soon as possible.<\/span><\/li><li style=\"font-weight: 400;\" aria-level=\"1\"><span style=\"font-weight: 400;\">We will arrange a visit to your home in Sant Mart\u00ed to accurately assess it.<\/span><\/li><li style=\"font-weight: 400;\" aria-level=\"1\"><span style=\"font-weight: 400;\">At Loca Barcelona, we will take care of everything related to promoting your property in Sant Mart\u00ed and showing it to potential buyers.<\/span><\/li><li style=\"font-weight: 400;\" aria-level=\"1\"><span style=\"font-weight: 400;\">We will draw up the contract and assist you with all the necessary documentation under the supervision of a lawyer.<\/span><\/li><li style=\"font-weight: 400;\" aria-level=\"1\"><span style=\"font-weight: 400;\">We will complete the procedure before a notary.<\/span><\/li><\/ul><p><span style=\"font-weight: 400;\">Additionally, if you want to know the approximate value of your apartment, remember that you can use our <\/span><a href=\"https:\/\/locabarcelona.egluu.com\/en\/sales-apartments-barcelona\/property-worth\/\"><span style=\"font-weight: 400;\"><span style=\"text-decoration: underline;\">free online property estimator<\/span><\/span><\/a><span style=\"font-weight: 400;\">. But remember, this is an approximate value, it is always better to obtain the real evaluation from an expert. They will take into account various factors and also advise you on the current trends in prices per square meter in Sant Mart\u00ed.<\/span><\/p>\t\t\t\t\t\t<\/div>\n\t\t\t\t<\/div>\n\t\t\t\t<div class=\"elementor-element elementor-element-d4e0925 elementor-widget elementor-widget-heading\" data-id=\"d4e0925\" data-element_type=\"widget\" data-widget_type=\"heading.default\">\n\t\t\t\t<div class=\"elementor-widget-container\">\n\t\t\t<h2 class=\"elementor-heading-title elementor-size-default\">Loca Barcelona: Your Trusted Real Estate Agency in Sant Mart\u00ed<\/h2>\t\t<\/div>\n\t\t\t\t<\/div>\n\t\t\t\t<div class=\"elementor-element elementor-element-8ab9fc0 elementor-widget elementor-widget-text-editor\" data-id=\"8ab9fc0\" data-element_type=\"widget\" data-widget_type=\"text-editor.default\">\n\t\t\t\t<div class=\"elementor-widget-container\">\n\t\t\t\t\t\t\t<p><span style=\"font-weight: 400;\">At Loca Barcelona, we are proud to be the trusted real estate agency in Sant Mart\u00ed that more and more people rely on. Our extensive experience in the real estate sector and a selection of the best houses for sale in Sant Mart\u00ed make trusting us a guarantee of su<\/span><span style=\"font-weight: 400;\">ccess.<\/span><\/p>\t\t\t\t\t\t<\/div>\n\t\t\t\t<\/div>\n\t\t\t\t<div class=\"elementor-element elementor-element-d516972 elementor-widget elementor-widget-heading\" data-id=\"d516972\" data-element_type=\"widget\" data-widget_type=\"heading.default\">\n\t\t\t\t<div class=\"elementor-widget-container\">\n\t\t\t<h2 class=\"elementor-heading-title elementor-size-default\">Apartments for sale in Barcelona by district<\/h2>\t\t<\/div>\n\t\t\t\t<\/div>\n\t\t\t\t\t<\/div>\n\t\t<\/div>\n\t\t\t\t\t<\/div>\n\t\t<\/section>\n\t\t<div class=\"elementor-element elementor-element-0cf09e7 e-flex e-con-boxed e-con e-parent\" data-id=\"0cf09e7\" data-element_type=\"container\">\n\t\t\t\t\t<div class=\"e-con-inner\">\n\t\t<div class=\"elementor-element elementor-element-577b8b4 e-flex e-con-boxed e-con e-child\" data-id=\"577b8b4\" data-element_type=\"container\">\n\t\t\t\t\t<div class=\"e-con-inner\">\n\t\t\t\t<div class=\"elementor-element elementor-element-7702bbb elementor-widget elementor-widget-template\" data-id=\"7702bbb\" data-element_type=\"widget\" data-widget_type=\"template.default\">\n\t\t\t\t<div class=\"elementor-widget-container\">\n\t\t\t\t\t<div class=\"elementor-template\">\n\t\t\t\t\t<div data-elementor-type=\"container\" data-elementor-id=\"522699\" class=\"elementor elementor-522699 elementor-521623\" data-elementor-post-type=\"elementor_library\">\n\t\t\t\t<div class=\"elementor-element elementor-element-3f969113 e-flex e-con-boxed e-con e-parent\" data-id=\"3f969113\" data-element_type=\"container\">\n\t\t\t\t\t<div class=\"e-con-inner\">\n\t\t<div class=\"elementor-element elementor-element-65ff43a5 e-con-full e-flex e-con e-child\" data-id=\"65ff43a5\" data-element_type=\"container\">\n\t\t\t\t<div class=\"elementor-element elementor-element-778fdbed elementor-widget elementor-widget-text-editor\" data-id=\"778fdbed\" data-element_type=\"widget\" data-widget_type=\"text-editor.default\">\n\t\t\t\t<div class=\"elementor-widget-container\">\n\t\t\t\t\t\t\t<p><a href=\"https:\/\/locabarcelona.egluu.com\/en\/sales-apartments-barcelona\/eixample\/\">Apartments for sale in l&#8217;Eixample<\/a><br \/><a href=\"https:\/\/locabarcelona.egluu.com\/en\/sales-apartments-barcelona\/apartments-for-sale-in-eixample-dreta\/\">Apartments for sale in Eixample Dreta<\/a><br \/><a href=\"https:\/\/locabarcelona.egluu.com\/en\/sales-apartments-barcelona\/antiga-esquerra-eixample\/\">Apartments in Antiga Esquerra de l&#8217;Eixample<\/a><br \/><a href=\"https:\/\/locabarcelona.egluu.com\/en\/sales-apartments-barcelona\/nova-esquerra-eixample\/\">Apartments in Nova Esquerra de l&#8217;Eixample<\/a><br \/><a href=\"https:\/\/locabarcelona.egluu.com\/en\/sales-apartments-barcelona\/fort-pienc\/\">Apartments for sale in Fort Pienc<\/a><br \/><a href=\"https:\/\/locabarcelona.egluu.com\/en\/sales-apartments-barcelona\/ciutat-vella\/\">Apartments for sale in Ciutat Vella<\/a><br \/><a href=\"https:\/\/locabarcelona.egluu.com\/ca\/sales-apartments-barcelona\/gothic-quarter\/\">Apartments for sale in El Gotico<\/a><br \/><a href=\"https:\/\/locabarcelona.egluu.com\/en\/sales-apartments-barcelona\/el-raval\/\">Apartments for sale in the Raval<\/a><br \/><a href=\"https:\/\/locabarcelona.egluu.com\/en\/sales-apartments-barcelona\/el-born\/\">Apartments for sale in El Born<\/a><br \/><a href=\"https:\/\/locabarcelona.egluu.com\/en\/sales-apartments-barcelona\/barceloneta\/\">Apartments for sale in Barceloneta<\/a><br \/><a href=\"https:\/\/locabarcelona.egluu.com\/en\/sales-apartments-barcelona\/sants-montjuic\/\">Apartments for sale in Sants-Montju\u00efc<\/a><br \/><a href=\"https:\/\/locabarcelona.egluu.com\/en\/sales-apartments-barcelona\/sants\/\">Apartments for sale in Sants<\/a><br \/><a href=\"https:\/\/locabarcelona.egluu.com\/en\/sales-apartments-barcelona\/poble-sec\/\">Apartments for sale in Poble Sec<\/a><br \/><a href=\"https:\/\/locabarcelona.egluu.com\/en\/sales-apartments-barcelona\/tres-torres\/\">Apartments for sale in Las Tres Torres<\/a><br \/><a href=\"https:\/\/locabarcelona.egluu.com\/en\/sales-apartments-barcelona\/sants-badal\/\">Apartments for sale in Sants Badal<\/a><br \/><a href=\"https:\/\/locabarcelona.egluu.com\/en\/sales-apartments-barcelona\/zona-franca\/\">Apartments for sale in Zona Franca<\/a><\/p>\t\t\t\t\t\t<\/div>\n\t\t\t\t<\/div>\n\t\t\t\t<\/div>\n\t\t<div class=\"elementor-element elementor-element-57de031d e-con-full e-flex e-con e-child\" data-id=\"57de031d\" data-element_type=\"container\">\n\t\t\t\t<div class=\"elementor-element elementor-element-12264ea9 elementor-widget elementor-widget-text-editor\" data-id=\"12264ea9\" data-element_type=\"widget\" data-widget_type=\"text-editor.default\">\n\t\t\t\t<div class=\"elementor-widget-container\">\n\t\t\t\t\t\t\t<p><a href=\"https:\/\/locabarcelona.egluu.com\/en\/sales-apartments-barcelona\/les-corts\/\">Apartments for sale in les Corts<\/a><br \/><a href=\"https:\/\/locabarcelona.egluu.com\/en\/sales-apartments-barcelona\/pedralbes\/\">Apartments for sale in Pedralbes<\/a><br \/><a href=\"https:\/\/locabarcelona.egluu.com\/en\/sales-apartments-barcelona\/sarria-sant-gervasi\/\">Apartments for sale in Sarria Sant Gervasi<\/a><br \/><a href=\"https:\/\/locabarcelona.egluu.com\/en\/sales-apartments-barcelona\/apartments-for-sale-in-gracia\/\">Apartments for sale in Gracia<\/a><br \/><a href=\"https:\/\/locabarcelona.egluu.com\/en\/sales-apartments-barcelona\/horta-guinardo\/\">Apartments for sale in Horta-Guinardo<\/a><br \/><a href=\"https:\/\/locabarcelona.egluu.com\/en\/sales-apartments-barcelona\/horta\/\"><span data-sheets-root=\"1\">Apartments for sale in Horta<\/span><\/a><br \/><a href=\"https:\/\/locabarcelona.egluu.com\/en\/sales-apartments-barcelona\/guinardo\/\">Apartments for sale in Guinardo<\/a><br \/><a href=\"https:\/\/locabarcelona.egluu.com\/en\/sales-apartments-barcelona\/nou-barris\/\">Apartments for sale in Nou Barris<\/a><br \/><a href=\"https:\/\/locabarcelona.egluu.com\/en\/sales-apartments-barcelona\/sant-andreu\/\">Apartments for sale in Sant Andreu<\/a><br \/><a href=\"https:\/\/locabarcelona.egluu.com\/en\/sales-apartments-barcelona\/sant-marti\/\">Apartments for sale in Sant Mart\u00ed<\/a><br \/><span data-sheets-root=\"1\"><a href=\"https:\/\/locabarcelona.egluu.com\/en\/sales-apartments-barcelona\/sant-marti-provencals\/\">Apartments for sale in Sant Marti de Prove\u00e7als<\/a><br \/><\/span><a href=\"https:\/\/locabarcelona.egluu.com\/en\/sales-apartments-barcelona\/el-clot\/\">Apartments for sale in El Clot<\/a><br \/><a href=\"https:\/\/locabarcelona.egluu.com\/en\/sales-apartments-barcelona\/poble-nou\/\">Apartments for sale in Poblenou<\/a><br \/><a href=\"https:\/\/locabarcelona.egluu.com\/en\/sales-apartments-barcelona\/diagonal-mar\/\">Apartments for sale in Diagonal Mar<\/a><br \/><a href=\"https:\/\/locabarcelona.egluu.com\/en\/sales-apartments-barcelona\/sagrada-familia\/\">Apartments for sale in Sagrada Familia<\/a><br \/><a href=\"https:\/\/locabarcelona.egluu.com\/en\/sales-apartments-barcelona\/sant-antoni\/\">Apartments for sale in Sant Antoni<\/a><\/p>\t\t\t\t\t\t<\/div>\n\t\t\t\t<\/div>\n\t\t\t\t<\/div>\n\t\t\t\t\t<\/div>\n\t\t\t\t<\/div>\n\t\t\t\t<\/div>\n\t\t\t\t<\/div>\n\t\t\t\t<\/div>\n\t\t\t\t<\/div>\n\t\t\t\t\t<\/div>\n\t\t\t\t<\/div>\n\t\t\t\t\t<\/div>\n\t\t\t\t<\/div>\n\t\t\t\t<\/div>\n\t\t","protected":false},"excerpt":{"rendered":"<p>Why Should You Buy an Apartment in Sant Mart\u00ed ? Buying an apartment in Sant Mart\u00ed is synonymous with purchasing a tranquil life. Life in Sant Mart\u00ed is widely recognized for its green spaces and peaceful residential atmosphere. It boasts one of the most privileged locations in the entire city, as the beach is just&#8230;<\/p>\n","protected":false},"author":344,"featured_media":0,"parent":506324,"menu_order":0,"comment_status":"closed","ping_status":"closed","template":"templates\/list-layout.php","meta":{"inline_featured_image":false,"footnotes":""},"yoast_head":"<!-- This site is optimized with the Yoast SEO Premium plugin v22.6 (Yoast SEO v22.6) - https:\/\/yoast.com\/wordpress\/plugins\/seo\/ -->\n<title>Apartments for sale in Sant Marti | Locabarcelona<\/title>\n<meta name=\"description\" content=\"As a local agency we know the advantages of Sant Marti and guarantee the best price for your apartment.\" \/>\n<meta name=\"robots\" content=\"noindex, follow, max-snippet:-1, max-image-preview:large, max-video-preview:-1\" \/>\n<meta property=\"og:locale\" content=\"en_US\" \/>\n<meta property=\"og:type\" content=\"article\" \/>\n<meta property=\"og:title\" content=\"Apartments for sale in Sant Marti | Locabarcelona\" \/>\n<meta property=\"og:description\" content=\"As a local agency we know the advantages of Sant Marti and guarantee the best price for your apartment.\" \/>\n<meta property=\"og:url\" content=\"https:\/\/locabarcelona.egluu.com\/en\/sales-apartments-barcelona\/sant-marti\/\" \/>\n<meta property=\"og:site_name\" content=\"Locabarcelona\" \/>\n<meta property=\"article:modified_time\" content=\"2024-08-21T10:30:31+00:00\" \/>\n<meta name=\"twitter:card\" content=\"summary_large_image\" \/>\n<meta name=\"twitter:label1\" content=\"Est. reading time\" \/>\n\t<meta name=\"twitter:data1\" content=\"5 minutes\" \/>\n<script type=\"application\/ld+json\" class=\"yoast-schema-graph\">{\"@context\":\"https:\/\/schema.org\",\"@graph\":[{\"@type\":\"WebPage\",\"@id\":\"https:\/\/locabarcelona.egluu.com\/en\/sales-apartments-barcelona\/sant-marti\/\",\"url\":\"https:\/\/locabarcelona.egluu.com\/en\/sales-apartments-barcelona\/sant-marti\/\",\"name\":\"Apartments for sale in Sant Marti | Locabarcelona\",\"isPartOf\":{\"@id\":\"https:\/\/locabarcelona.egluu.com\/en\/#website\"},\"datePublished\":\"2024-06-17T10:50:27+00:00\",\"dateModified\":\"2024-08-21T10:30:31+00:00\",\"description\":\"As a local agency we know the advantages of Sant Marti and guarantee the best price for your apartment.\",\"breadcrumb\":{\"@id\":\"https:\/\/locabarcelona.egluu.com\/en\/sales-apartments-barcelona\/sant-marti\/#breadcrumb\"},\"inLanguage\":\"en\",\"potentialAction\":[{\"@type\":\"ReadAction\",\"target\":[\"https:\/\/locabarcelona.egluu.com\/en\/sales-apartments-barcelona\/sant-marti\/\"]}]},{\"@type\":\"BreadcrumbList\",\"@id\":\"https:\/\/locabarcelona.egluu.com\/en\/sales-apartments-barcelona\/sant-marti\/#breadcrumb\",\"itemListElement\":[{\"@type\":\"ListItem\",\"position\":1,\"name\":\"Inicio\",\"item\":\"https:\/\/www.locabarcelona.com\/en\/\"},{\"@type\":\"ListItem\",\"position\":2,\"name\":\"Apartments for sale in Barcelona\",\"item\":\"https:\/\/www.locabarcelona.com\/en\/sales-apartments-barcelona\/\"},{\"@type\":\"ListItem\",\"position\":3,\"name\":\"Apartments for sale in Sant Marti\"}]},{\"@type\":\"WebSite\",\"@id\":\"https:\/\/locabarcelona.egluu.com\/en\/#website\",\"url\":\"https:\/\/locabarcelona.egluu.com\/en\/\",\"name\":\"Loca Barcelona\",\"description\":\"Real Estate Services\",\"publisher\":{\"@id\":\"https:\/\/locabarcelona.egluu.com\/en\/#organization\"},\"potentialAction\":[{\"@type\":\"SearchAction\",\"target\":{\"@type\":\"EntryPoint\",\"urlTemplate\":\"https:\/\/locabarcelona.egluu.com\/en\/?s={search_term_string}\"},\"query-input\":\"required name=search_term_string\"}],\"inLanguage\":\"en\"},{\"@type\":\"Organization\",\"@id\":\"https:\/\/locabarcelona.egluu.com\/en\/#organization\",\"name\":\"Loca Barcelona\",\"url\":\"https:\/\/locabarcelona.egluu.com\/en\/\",\"logo\":{\"@type\":\"ImageObject\",\"inLanguage\":\"en\",\"@id\":\"https:\/\/locabarcelona.egluu.com\/en\/#\/schema\/logo\/image\/\",\"url\":\"https:\/\/locabarcelona.egluu.com\/wp-content\/uploads\/2021\/10\/logo_locabarcelona_small.png\",\"contentUrl\":\"https:\/\/locabarcelona.egluu.com\/wp-content\/uploads\/2021\/10\/logo_locabarcelona_small.png\",\"width\":250,\"height\":149,\"caption\":\"Loca Barcelona\"},\"image\":{\"@id\":\"https:\/\/locabarcelona.egluu.com\/en\/#\/schema\/logo\/image\/\"}}]}<\/script>\n<!-- \/ Yoast SEO Premium plugin. -->","yoast_head_json":{"title":"Apartments for sale in Sant Marti | Locabarcelona","description":"As a local agency we know the advantages of Sant Marti and guarantee the best price for your apartment.","robots":{"index":"noindex","follow":"follow","max-snippet":"max-snippet:-1","max-image-preview":"max-image-preview:large","max-video-preview":"max-video-preview:-1"},"og_locale":"en_US","og_type":"article","og_title":"Apartments for sale in Sant Marti | Locabarcelona","og_description":"As a local agency we know the advantages of Sant Marti and guarantee the best price for your apartment.","og_url":"https:\/\/locabarcelona.egluu.com\/en\/sales-apartments-barcelona\/sant-marti\/","og_site_name":"Locabarcelona","article_modified_time":"2024-08-21T10:30:31+00:00","twitter_card":"summary_large_image","twitter_misc":{"Est. reading time":"5 minutes"},"schema":{"@context":"https:\/\/schema.org","@graph":[{"@type":"WebPage","@id":"https:\/\/locabarcelona.egluu.com\/en\/sales-apartments-barcelona\/sant-marti\/","url":"https:\/\/locabarcelona.egluu.com\/en\/sales-apartments-barcelona\/sant-marti\/","name":"Apartments for sale in Sant Marti | Locabarcelona","isPartOf":{"@id":"https:\/\/locabarcelona.egluu.com\/en\/#website"},"datePublished":"2024-06-17T10:50:27+00:00","dateModified":"2024-08-21T10:30:31+00:00","description":"As a local agency we know the advantages of Sant Marti and guarantee the best price for your apartment.","breadcrumb":{"@id":"https:\/\/locabarcelona.egluu.com\/en\/sales-apartments-barcelona\/sant-marti\/#breadcrumb"},"inLanguage":"en","potentialAction":[{"@type":"ReadAction","target":["https:\/\/locabarcelona.egluu.com\/en\/sales-apartments-barcelona\/sant-marti\/"]}]},{"@type":"BreadcrumbList","@id":"https:\/\/locabarcelona.egluu.com\/en\/sales-apartments-barcelona\/sant-marti\/#breadcrumb","itemListElement":[{"@type":"ListItem","position":1,"name":"Inicio","item":"https:\/\/www.locabarcelona.com\/en\/"},{"@type":"ListItem","position":2,"name":"Apartments for sale in Barcelona","item":"https:\/\/www.locabarcelona.com\/en\/sales-apartments-barcelona\/"},{"@type":"ListItem","position":3,"name":"Apartments for sale in Sant Marti"}]},{"@type":"WebSite","@id":"https:\/\/locabarcelona.egluu.com\/en\/#website","url":"https:\/\/locabarcelona.egluu.com\/en\/","name":"Loca Barcelona","description":"Real Estate Services","publisher":{"@id":"https:\/\/locabarcelona.egluu.com\/en\/#organization"},"potentialAction":[{"@type":"SearchAction","target":{"@type":"EntryPoint","urlTemplate":"https:\/\/locabarcelona.egluu.com\/en\/?s={search_term_string}"},"query-input":"required name=search_term_string"}],"inLanguage":"en"},{"@type":"Organization","@id":"https:\/\/locabarcelona.egluu.com\/en\/#organization","name":"Loca Barcelona","url":"https:\/\/locabarcelona.egluu.com\/en\/","logo":{"@type":"ImageObject","inLanguage":"en","@id":"https:\/\/locabarcelona.egluu.com\/en\/#\/schema\/logo\/image\/","url":"https:\/\/locabarcelona.egluu.com\/wp-content\/uploads\/2021\/10\/logo_locabarcelona_small.png","contentUrl":"https:\/\/locabarcelona.egluu.com\/wp-content\/uploads\/2021\/10\/logo_locabarcelona_small.png","width":250,"height":149,"caption":"Loca Barcelona"},"image":{"@id":"https:\/\/locabarcelona.egluu.com\/en\/#\/schema\/logo\/image\/"}}]}},"_links":{"self":[{"href":"https:\/\/locabarcelona.egluu.com\/en\/wp-json\/wp\/v2\/pages\/531190"}],"collection":[{"href":"https:\/\/locabarcelona.egluu.com\/en\/wp-json\/wp\/v2\/pages"}],"about":[{"href":"https:\/\/locabarcelona.egluu.com\/en\/wp-json\/wp\/v2\/types\/page"}],"author":[{"embeddable":true,"href":"https:\/\/locabarcelona.egluu.com\/en\/wp-json\/wp\/v2\/users\/344"}],"replies":[{"embeddable":true,"href":"https:\/\/locabarcelona.egluu.com\/en\/wp-json\/wp\/v2\/comments?post=531190"}],"version-history":[{"count":15,"href":"https:\/\/locabarcelona.egluu.com\/en\/wp-json\/wp\/v2\/pages\/531190\/revisions"}],"predecessor-version":[{"id":537641,"href":"https:\/\/locabarcelona.egluu.com\/en\/wp-json\/wp\/v2\/pages\/531190\/revisions\/537641"}],"up":[{"embeddable":true,"href":"https:\/\/locabarcelona.egluu.com\/en\/wp-json\/wp\/v2\/pages\/506324"}],"wp:attachment":[{"href":"https:\/\/locabarcelona.egluu.com\/en\/wp-json\/wp\/v2\/media?parent=531190"}],"curies":[{"name":"wp","href":"https:\/\/api.w.org\/{rel}","templated":true}]}}