{"id":531205,"date":"2024-06-17T12:49:29","date_gmt":"2024-06-17T10:49:29","guid":{"rendered":"https:\/\/locabarcelona.egluu.com\/?page_id=531205"},"modified":"2024-06-17T12:49:29","modified_gmt":"2024-06-17T10:49:29","slug":"zona-franca","status":"publish","type":"page","link":"https:\/\/locabarcelona.egluu.com\/en\/sales-apartments-barcelona\/zona-franca\/","title":{"rendered":"Apartments for sale in Zona Franca"},"content":{"rendered":"\t\t<div data-elementor-type=\"wp-page\" data-elementor-id=\"531205\" class=\"elementor elementor-531205 elementor-530943\" data-elementor-post-type=\"page\">\n\t\t\t\t\t\t<section class=\"elementor-section elementor-top-section elementor-element elementor-element-2fd2862a elementor-section-boxed elementor-section-height-default elementor-section-height-default\" data-id=\"2fd2862a\" data-element_type=\"section\">\n\t\t\t\t\t\t<div class=\"elementor-container elementor-column-gap-default\">\n\t\t\t\t\t<div class=\"elementor-column elementor-col-100 elementor-top-column elementor-element elementor-element-a3df5d7\" data-id=\"a3df5d7\" data-element_type=\"column\">\n\t\t\t<div class=\"elementor-widget-wrap elementor-element-populated\">\n\t\t\t\t\t\t<div class=\"elementor-element elementor-element-d447453 elementor-widget elementor-widget-heading\" data-id=\"d447453\" data-element_type=\"widget\" data-widget_type=\"heading.default\">\n\t\t\t\t<div class=\"elementor-widget-container\">\n\t\t\t<h2 class=\"elementor-heading-title elementor-size-default\">\u00bfPor qu\u00e9 deber\u00edas comprar un piso en Zona Franca?<\/h2>\t\t<\/div>\n\t\t\t\t<\/div>\n\t\t\t\t<div class=\"elementor-element elementor-element-4b68348 elementor-widget elementor-widget-text-editor\" data-id=\"4b68348\" data-element_type=\"widget\" data-widget_type=\"text-editor.default\">\n\t\t\t\t<div class=\"elementor-widget-container\">\n\t\t\t\t\t\t\t<p><strong>El barrio de Zona Franca<\/strong> es ampliamente conocido en Barcelona gracias a sus pisos en venta de obra nueva y a sus precios asequibles. Esta zona se encuentra en el fragmento sur del <span style=\"text-decoration: underline;\"><a href=\"https:\/\/locabarcelona.egluu.com\/es\/vivir-barcelona\/sants-montjuic\/\">distrito de Sants-Montjuic<\/a><\/span>, por lo que es la opci\u00f3n ideal si quieres tener la playa y la monta\u00f1a a escasos minutos de tu hogar.<\/p>\n<p><strong>Comprar un piso en Zona Franca<\/strong> es garant\u00eda de una vida tranquila en las afueras de la ciudad. Por lo que si quieres disfrutar de la vida y <span style=\"text-decoration: underline;\"><a href=\"https:\/\/locabarcelona.egluu.com\/es\/vivir-barcelona\/\">beneficios que ofrece Barcelona<\/a><\/span>, pero quieres huir de su ajetreo, este barrio es la opci\u00f3n perfecta para ti.<\/p>\n<p>As\u00ed que ya sabes, si buscas un lugar tranquilo que est\u00e9 bien comunicado y a un precio asequible, las casas en venta en Zona Franca son los que necesitas.<\/p>\n\t\t\t\t\t\t<\/div>\n\t\t\t\t<\/div>\n\t\t\t\t<div class=\"elementor-element elementor-element-c1d95ea elementor-widget elementor-widget-heading\" data-id=\"c1d95ea\" data-element_type=\"widget\" data-widget_type=\"heading.default\">\n\t\t\t\t<div class=\"elementor-widget-container\">\n\t\t\t<h2 class=\"elementor-heading-title elementor-size-default\">Comprar un piso en Zona Franca es f\u00e1cil con Loca Barcelona\n<\/h2>\t\t<\/div>\n\t\t\t\t<\/div>\n\t\t\t\t<div class=\"elementor-element elementor-element-33a3cbf elementor-widget elementor-widget-text-editor\" data-id=\"33a3cbf\" data-element_type=\"widget\" data-widget_type=\"text-editor.default\">\n\t\t\t\t<div class=\"elementor-widget-container\">\n\t\t\t\t\t\t\t<p>En Loca Barcelona sabemos de primera mano la importancia de encontrar perfecta el piso perfecto en Zona Franca. Por ello, nos enorgullece poder decir que estamos aqu\u00ed para hacer de ese proceso lo m\u00e1s sencillo posible. Conocemos cada rinc\u00f3n de este maravilloso barrio, lo que nos permite ofrecerte informaci\u00f3n detallada sobre las diferentes \u00e1reas, sus servicios locales y las tendencias del mercado.<\/p>\n<p>Nuestro equipo de expertos en el mercado inmobiliario se compromete d\u00eda a d\u00eda para proporcionarte toda la asistencia que necesitas, desde la exploraci\u00f3n de opciones disponibles hasta la finalizaci\u00f3n de la compra.<\/p>\n<p>Adem\u00e1s, ofrecemos diversos servicios a nuestros clientes para conseguir la excelencia en nuestras ventas. Nos aseguramos de que cada persona sea atendida con base en sus necesidades, para ello ponemos esto a tu disposici\u00f3n:<\/p>\n<ul>\n<li><strong><span style=\"text-decoration: underline;\"><a href=\"https:\/\/locabarcelona.egluu.com\/es\/venta-de-pisos-barcelona\/personal-shopper-inmobiliario-en-barcelona\/\">Personal shopper inmobiliario<\/a><\/span>:<\/strong> Si quieres contar con el respaldo y la seguridad que ofrece un experto inmobiliario dedicado solo a ti, este servicio es para ti. Un experto de nuestro equipo atender\u00e1 a tus dudas y necesidades. Adem\u00e1s, buscar\u00e1 el piso en venta en Zona Franca que m\u00e1s se adapte a lo que est\u00e1s buscando.<\/li>\n<li><strong>Informaci\u00f3n y ayuda con la obtenci\u00f3n de la Golden Visa:<\/strong> \u00bfEst\u00e1s interesado en invertir en inmueble espa\u00f1ol, pero no resides en Espa\u00f1a? \u00a1No te preocupes! Con la <span style=\"text-decoration: underline;\"><a href=\"https:\/\/locabarcelona.egluu.com\/es\/venta-de-pisos-barcelona\/golden-visa-espana\/\">Golden Visa<\/a><\/span> obtendr\u00e1s un permiso de residencia de manera r\u00e1pida con el cual podr\u00e1s realizar tus inversiones y vivir aqu\u00ed. Nosotros te proporcionaremos toda la informaci\u00f3n y te ayudaremos con el proceso de obtenci\u00f3n del visado.<\/li>\n<\/ul>\n<p>En Loca Barcelona te ofrecemos toda la orientaci\u00f3n y asistencia que puedas necesitar para hacer de la compra de tu piso en Zona Franca una experiencia sin complicaciones. Conf\u00eda en nosotros para hacer realidad tu sue\u00f1o de vivir en este gran barrio de Barcelona.<\/p>\n\t\t\t\t\t\t<\/div>\n\t\t\t\t<\/div>\n\t\t\t\t<div class=\"elementor-element elementor-element-1544067 elementor-widget elementor-widget-heading\" data-id=\"1544067\" data-element_type=\"widget\" data-widget_type=\"heading.default\">\n\t\t\t\t<div class=\"elementor-widget-container\">\n\t\t\t<h2 class=\"elementor-heading-title elementor-size-default\">\u00bfQuieres vender tu piso en Zona Franca?<\/h2>\t\t<\/div>\n\t\t\t\t<\/div>\n\t\t\t\t<div class=\"elementor-element elementor-element-1a8a150 elementor-widget elementor-widget-text-editor\" data-id=\"1a8a150\" data-element_type=\"widget\" data-widget_type=\"text-editor.default\">\n\t\t\t\t<div class=\"elementor-widget-container\">\n\t\t\t\t\t\t\t<p>Si est\u00e1s pensando en <strong>vender tu piso en Zona Franca<\/strong> estas en el lugar adecuado. Desde Loca Barcelona estamos comprometidos con la simplificaci\u00f3n de todo el proceso de venta de viviendas. Con nosotros podr\u00e1s obtener el mejor precio posible por tu piso en venta en Zona Franca, y para ello \u00fanicamente debes de seguir los siguientes pasos:<\/p>\n<ol>\n<li>Ponte en contacto con nosotros rellenando nuestro <span style=\"text-decoration: underline;\"><a href=\"https:\/\/locabarcelona.egluu.com\/es\/sobre-nosotros\/contactanos\/\">formulario de contacto<\/a><\/span>.<\/li>\n<li>Organizaremos una visita a tu casa para que uno de nuestros expertos tasadores pueda ponerle un precio de venta adecuado.<\/li>\n<li>Desde Loca Barcelona nos encargaremos de promocionar y de presentarle tu casa en venta en Zona franca a potenciales compradores.<\/li>\n<li>Elaboraremos el contrato y te asistiremos con todo el papeleo bajo supervisi\u00f3n de un abogado.<\/li>\n<li>Completaremos el proceso de venta ante un notario<\/li>\n<\/ol>\n<p>No te olvides de que si deseas conocer el valor aproximado de tu piso en zona franca en unos pocos minutos, puedes utilizar nuestro <span style=\"text-decoration: underline;\"><a href=\"https:\/\/locabarcelona.egluu.com\/es\/venta-de-pisos-barcelona\/cuanto-vale-mi-casa\/\">tasador de viviendas online<\/a><\/span> de manera gratuita. Pero recuerda que siempre es mejor contar con una tasaci\u00f3n precisa de un experto.<\/p>\n\t\t\t\t\t\t<\/div>\n\t\t\t\t<\/div>\n\t\t\t\t<div class=\"elementor-element elementor-element-d4e0925 elementor-widget elementor-widget-heading\" data-id=\"d4e0925\" data-element_type=\"widget\" data-widget_type=\"heading.default\">\n\t\t\t\t<div class=\"elementor-widget-container\">\n\t\t\t<h2 class=\"elementor-heading-title elementor-size-default\">Loca Barcelona: tu inmobiliaria de confianza en Zona Franca<\/h2>\t\t<\/div>\n\t\t\t\t<\/div>\n\t\t\t\t<div class=\"elementor-element elementor-element-8ab9fc0 elementor-widget elementor-widget-text-editor\" data-id=\"8ab9fc0\" data-element_type=\"widget\" data-widget_type=\"text-editor.default\">\n\t\t\t\t<div class=\"elementor-widget-container\">\n\t\t\t\t\t\t\t<p><a href=\"https:\/\/locabarcelona.egluu.com\/es\/\"><span style=\"text-decoration: underline;\">Loca Barcelona<\/span><\/a> es la inmobiliaria de confianza en Zona Franca de cada vez m\u00e1s personas. A\u00f1os de experiencia en el sector local nos permiten ofrecer un servicio excepcional a todos lo que buscan comprar o vender su piso. Por lo que ya sabes, si est\u00e1s interesado en ello, ponte en contacto con nosotros.<\/p>\n\t\t\t\t\t\t<\/div>\n\t\t\t\t<\/div>\n\t\t\t\t<div class=\"elementor-element elementor-element-d516972 elementor-widget elementor-widget-heading\" data-id=\"d516972\" data-element_type=\"widget\" data-widget_type=\"heading.default\">\n\t\t\t\t<div class=\"elementor-widget-container\">\n\t\t\t<h2 class=\"elementor-heading-title elementor-size-default\">Pisos en venta en Barcelona por distrito<\/h2>\t\t<\/div>\n\t\t\t\t<\/div>\n\t\t\t\t\t<\/div>\n\t\t<\/div>\n\t\t\t\t\t<\/div>\n\t\t<\/section>\n\t\t<div class=\"elementor-element elementor-element-04d895d e-flex e-con-boxed e-con e-parent\" data-id=\"04d895d\" data-element_type=\"container\">\n\t\t\t\t\t<div class=\"e-con-inner\">\n\t\t\t\t<div class=\"elementor-element elementor-element-853ff62 elementor-widget elementor-widget-template\" data-id=\"853ff62\" data-element_type=\"widget\" data-widget_type=\"template.default\">\n\t\t\t\t<div class=\"elementor-widget-container\">\n\t\t\t\t\t<div class=\"elementor-template\">\n\t\t\t\t\t<div data-elementor-type=\"container\" data-elementor-id=\"522699\" class=\"elementor elementor-522699 elementor-521623\" data-elementor-post-type=\"elementor_library\">\n\t\t\t\t<div class=\"elementor-element elementor-element-3f969113 e-flex e-con-boxed e-con e-parent\" data-id=\"3f969113\" data-element_type=\"container\">\n\t\t\t\t\t<div class=\"e-con-inner\">\n\t\t<div class=\"elementor-element elementor-element-65ff43a5 e-con-full e-flex e-con e-child\" data-id=\"65ff43a5\" data-element_type=\"container\">\n\t\t\t\t<div class=\"elementor-element elementor-element-778fdbed elementor-widget elementor-widget-text-editor\" data-id=\"778fdbed\" data-element_type=\"widget\" data-widget_type=\"text-editor.default\">\n\t\t\t\t<div class=\"elementor-widget-container\">\n\t\t\t\t\t\t\t<p><a href=\"https:\/\/locabarcelona.egluu.com\/en\/sales-apartments-barcelona\/eixample\/\">Apartments for sale in l&#8217;Eixample<\/a><br \/><a href=\"https:\/\/locabarcelona.egluu.com\/en\/sales-apartments-barcelona\/apartments-for-sale-in-eixample-dreta\/\">Apartments for sale in Eixample Dreta<\/a><br \/><a href=\"https:\/\/locabarcelona.egluu.com\/en\/sales-apartments-barcelona\/antiga-esquerra-eixample\/\">Apartments in Antiga Esquerra de l&#8217;Eixample<\/a><br \/><a href=\"https:\/\/locabarcelona.egluu.com\/en\/sales-apartments-barcelona\/nova-esquerra-eixample\/\">Apartments in Nova Esquerra de l&#8217;Eixample<\/a><br \/><a href=\"https:\/\/locabarcelona.egluu.com\/en\/sales-apartments-barcelona\/fort-pienc\/\">Apartments for sale in Fort Pienc<\/a><br \/><a href=\"https:\/\/locabarcelona.egluu.com\/en\/sales-apartments-barcelona\/ciutat-vella\/\">Apartments for sale in Ciutat Vella<\/a><br \/><a href=\"https:\/\/locabarcelona.egluu.com\/ca\/sales-apartments-barcelona\/gothic-quarter\/\">Apartments for sale in El Gotico<\/a><br \/><a href=\"https:\/\/locabarcelona.egluu.com\/en\/sales-apartments-barcelona\/el-raval\/\">Apartments for sale in the Raval<\/a><br \/><a href=\"https:\/\/locabarcelona.egluu.com\/en\/sales-apartments-barcelona\/el-born\/\">Apartments for sale in El Born<\/a><br \/><a href=\"https:\/\/locabarcelona.egluu.com\/en\/sales-apartments-barcelona\/barceloneta\/\">Apartments for sale in Barceloneta<\/a><br \/><a href=\"https:\/\/locabarcelona.egluu.com\/en\/sales-apartments-barcelona\/sants-montjuic\/\">Apartments for sale in Sants-Montju\u00efc<\/a><br \/><a href=\"https:\/\/locabarcelona.egluu.com\/en\/sales-apartments-barcelona\/sants\/\">Apartments for sale in Sants<\/a><br \/><a href=\"https:\/\/locabarcelona.egluu.com\/en\/sales-apartments-barcelona\/poble-sec\/\">Apartments for sale in Poble Sec<\/a><br \/><a href=\"https:\/\/locabarcelona.egluu.com\/en\/sales-apartments-barcelona\/tres-torres\/\">Apartments for sale in Las Tres Torres<\/a><br \/><a href=\"https:\/\/locabarcelona.egluu.com\/en\/sales-apartments-barcelona\/sants-badal\/\">Apartments for sale in Sants Badal<\/a><br \/><a href=\"https:\/\/locabarcelona.egluu.com\/en\/sales-apartments-barcelona\/zona-franca\/\">Apartments for sale in Zona Franca<\/a><\/p>\t\t\t\t\t\t<\/div>\n\t\t\t\t<\/div>\n\t\t\t\t<\/div>\n\t\t<div class=\"elementor-element elementor-element-57de031d e-con-full e-flex e-con e-child\" data-id=\"57de031d\" data-element_type=\"container\">\n\t\t\t\t<div class=\"elementor-element elementor-element-12264ea9 elementor-widget elementor-widget-text-editor\" data-id=\"12264ea9\" data-element_type=\"widget\" data-widget_type=\"text-editor.default\">\n\t\t\t\t<div class=\"elementor-widget-container\">\n\t\t\t\t\t\t\t<p><a href=\"https:\/\/locabarcelona.egluu.com\/en\/sales-apartments-barcelona\/les-corts\/\">Apartments for sale in les Corts<\/a><br \/><a href=\"https:\/\/locabarcelona.egluu.com\/en\/sales-apartments-barcelona\/pedralbes\/\">Apartments for sale in Pedralbes<\/a><br \/><a href=\"https:\/\/locabarcelona.egluu.com\/en\/sales-apartments-barcelona\/sarria-sant-gervasi\/\">Apartments for sale in Sarria Sant Gervasi<\/a><br \/><a href=\"https:\/\/locabarcelona.egluu.com\/en\/sales-apartments-barcelona\/apartments-for-sale-in-gracia\/\">Apartments for sale in Gracia<\/a><br \/><a href=\"https:\/\/locabarcelona.egluu.com\/en\/sales-apartments-barcelona\/horta-guinardo\/\">Apartments for sale in Horta-Guinardo<\/a><br \/><a href=\"https:\/\/locabarcelona.egluu.com\/en\/sales-apartments-barcelona\/horta\/\"><span data-sheets-root=\"1\">Apartments for sale in Horta<\/span><\/a><br \/><a href=\"https:\/\/locabarcelona.egluu.com\/en\/sales-apartments-barcelona\/guinardo\/\">Apartments for sale in Guinardo<\/a><br \/><a href=\"https:\/\/locabarcelona.egluu.com\/en\/sales-apartments-barcelona\/nou-barris\/\">Apartments for sale in Nou Barris<\/a><br \/><a href=\"https:\/\/locabarcelona.egluu.com\/en\/sales-apartments-barcelona\/sant-andreu\/\">Apartments for sale in Sant Andreu<\/a><br \/><a href=\"https:\/\/locabarcelona.egluu.com\/en\/sales-apartments-barcelona\/sant-marti\/\">Apartments for sale in Sant Mart\u00ed<\/a><br \/><span data-sheets-root=\"1\"><a href=\"https:\/\/locabarcelona.egluu.com\/en\/sales-apartments-barcelona\/sant-marti-provencals\/\">Apartments for sale in Sant Marti de Prove\u00e7als<\/a><br \/><\/span><a href=\"https:\/\/locabarcelona.egluu.com\/en\/sales-apartments-barcelona\/el-clot\/\">Apartments for sale in El Clot<\/a><br \/><a href=\"https:\/\/locabarcelona.egluu.com\/en\/sales-apartments-barcelona\/poble-nou\/\">Apartments for sale in Poblenou<\/a><br \/><a href=\"https:\/\/locabarcelona.egluu.com\/en\/sales-apartments-barcelona\/diagonal-mar\/\">Apartments for sale in Diagonal Mar<\/a><br \/><a href=\"https:\/\/locabarcelona.egluu.com\/en\/sales-apartments-barcelona\/sagrada-familia\/\">Apartments for sale in Sagrada Familia<\/a><br \/><a href=\"https:\/\/locabarcelona.egluu.com\/en\/sales-apartments-barcelona\/sant-antoni\/\">Apartments for sale in Sant Antoni<\/a><\/p>\t\t\t\t\t\t<\/div>\n\t\t\t\t<\/div>\n\t\t\t\t<\/div>\n\t\t\t\t\t<\/div>\n\t\t\t\t<\/div>\n\t\t\t\t<\/div>\n\t\t\t\t<\/div>\n\t\t\t\t<\/div>\n\t\t\t\t<\/div>\n\t\t\t\t\t<\/div>\n\t\t\t\t<\/div>\n\t\t\t\t<\/div>\n\t\t","protected":false},"excerpt":{"rendered":"<p>\u00bfPor qu\u00e9 deber\u00edas comprar un piso en Zona Franca? El barrio de Zona Franca es ampliamente conocido en Barcelona gracias a sus pisos en venta de obra nueva y a sus precios asequibles. Esta zona se encuentra en el fragmento sur del distrito de Sants-Montjuic, por lo que es la opci\u00f3n ideal si quieres tener&#8230;<\/p>\n","protected":false},"author":344,"featured_media":0,"parent":506324,"menu_order":0,"comment_status":"closed","ping_status":"closed","template":"templates\/list-layout.php","meta":{"inline_featured_image":false,"footnotes":""},"yoast_head":"<!-- This site is optimized with the Yoast SEO Premium plugin v22.6 (Yoast SEO v22.6) - https:\/\/yoast.com\/wordpress\/plugins\/seo\/ -->\n<title>Apartments for sale in Zona Franca | Locabarcelona<\/title>\n<meta name=\"description\" content=\"As a local agency we know the advantages of Zona Franca and guarantee the best price for your apartment.\" \/>\n<meta name=\"robots\" content=\"noindex, follow, max-snippet:-1, max-image-preview:large, max-video-preview:-1\" \/>\n<meta property=\"og:locale\" content=\"en_US\" \/>\n<meta property=\"og:type\" content=\"article\" \/>\n<meta property=\"og:title\" content=\"Apartments for sale in Zona Franca | Locabarcelona\" \/>\n<meta property=\"og:description\" content=\"As a local agency we know the advantages of Zona Franca and guarantee the best price for your apartment.\" \/>\n<meta property=\"og:url\" content=\"https:\/\/locabarcelona.egluu.com\/en\/sales-apartments-barcelona\/zona-franca\/\" \/>\n<meta property=\"og:site_name\" content=\"Locabarcelona\" \/>\n<meta name=\"twitter:card\" content=\"summary_large_image\" \/>\n<meta name=\"twitter:label1\" content=\"Est. reading time\" \/>\n\t<meta name=\"twitter:data1\" content=\"4 minutes\" \/>\n<script type=\"application\/ld+json\" class=\"yoast-schema-graph\">{\"@context\":\"https:\/\/schema.org\",\"@graph\":[{\"@type\":\"WebPage\",\"@id\":\"https:\/\/locabarcelona.egluu.com\/en\/sales-apartments-barcelona\/zona-franca\/\",\"url\":\"https:\/\/locabarcelona.egluu.com\/en\/sales-apartments-barcelona\/zona-franca\/\",\"name\":\"Apartments for sale in Zona Franca | Locabarcelona\",\"isPartOf\":{\"@id\":\"https:\/\/locabarcelona.egluu.com\/en\/#website\"},\"datePublished\":\"2024-06-17T10:49:29+00:00\",\"dateModified\":\"2024-06-17T10:49:29+00:00\",\"description\":\"As a local agency we know the advantages of Zona Franca and guarantee the best price for your apartment.\",\"breadcrumb\":{\"@id\":\"https:\/\/locabarcelona.egluu.com\/en\/sales-apartments-barcelona\/zona-franca\/#breadcrumb\"},\"inLanguage\":\"en\",\"potentialAction\":[{\"@type\":\"ReadAction\",\"target\":[\"https:\/\/locabarcelona.egluu.com\/en\/sales-apartments-barcelona\/zona-franca\/\"]}]},{\"@type\":\"BreadcrumbList\",\"@id\":\"https:\/\/locabarcelona.egluu.com\/en\/sales-apartments-barcelona\/zona-franca\/#breadcrumb\",\"itemListElement\":[{\"@type\":\"ListItem\",\"position\":1,\"name\":\"Inicio\",\"item\":\"https:\/\/www.locabarcelona.com\/en\/\"},{\"@type\":\"ListItem\",\"position\":2,\"name\":\"Apartments for sale in Barcelona\",\"item\":\"https:\/\/www.locabarcelona.com\/en\/sales-apartments-barcelona\/\"},{\"@type\":\"ListItem\",\"position\":3,\"name\":\"Apartments for sale in Zona Franca\"}]},{\"@type\":\"WebSite\",\"@id\":\"https:\/\/locabarcelona.egluu.com\/en\/#website\",\"url\":\"https:\/\/locabarcelona.egluu.com\/en\/\",\"name\":\"Loca Barcelona\",\"description\":\"Real Estate Services\",\"publisher\":{\"@id\":\"https:\/\/locabarcelona.egluu.com\/en\/#organization\"},\"potentialAction\":[{\"@type\":\"SearchAction\",\"target\":{\"@type\":\"EntryPoint\",\"urlTemplate\":\"https:\/\/locabarcelona.egluu.com\/en\/?s={search_term_string}\"},\"query-input\":\"required name=search_term_string\"}],\"inLanguage\":\"en\"},{\"@type\":\"Organization\",\"@id\":\"https:\/\/locabarcelona.egluu.com\/en\/#organization\",\"name\":\"Loca Barcelona\",\"url\":\"https:\/\/locabarcelona.egluu.com\/en\/\",\"logo\":{\"@type\":\"ImageObject\",\"inLanguage\":\"en\",\"@id\":\"https:\/\/locabarcelona.egluu.com\/en\/#\/schema\/logo\/image\/\",\"url\":\"https:\/\/locabarcelona.egluu.com\/wp-content\/uploads\/2021\/10\/logo_locabarcelona_small.png\",\"contentUrl\":\"https:\/\/locabarcelona.egluu.com\/wp-content\/uploads\/2021\/10\/logo_locabarcelona_small.png\",\"width\":250,\"height\":149,\"caption\":\"Loca Barcelona\"},\"image\":{\"@id\":\"https:\/\/locabarcelona.egluu.com\/en\/#\/schema\/logo\/image\/\"}}]}<\/script>\n<!-- \/ Yoast SEO Premium plugin. -->","yoast_head_json":{"title":"Apartments for sale in Zona Franca | Locabarcelona","description":"As a local agency we know the advantages of Zona Franca and guarantee the best price for your apartment.","robots":{"index":"noindex","follow":"follow","max-snippet":"max-snippet:-1","max-image-preview":"max-image-preview:large","max-video-preview":"max-video-preview:-1"},"og_locale":"en_US","og_type":"article","og_title":"Apartments for sale in Zona Franca | Locabarcelona","og_description":"As a local agency we know the advantages of Zona Franca and guarantee the best price for your apartment.","og_url":"https:\/\/locabarcelona.egluu.com\/en\/sales-apartments-barcelona\/zona-franca\/","og_site_name":"Locabarcelona","twitter_card":"summary_large_image","twitter_misc":{"Est. reading time":"4 minutes"},"schema":{"@context":"https:\/\/schema.org","@graph":[{"@type":"WebPage","@id":"https:\/\/locabarcelona.egluu.com\/en\/sales-apartments-barcelona\/zona-franca\/","url":"https:\/\/locabarcelona.egluu.com\/en\/sales-apartments-barcelona\/zona-franca\/","name":"Apartments for sale in Zona Franca | Locabarcelona","isPartOf":{"@id":"https:\/\/locabarcelona.egluu.com\/en\/#website"},"datePublished":"2024-06-17T10:49:29+00:00","dateModified":"2024-06-17T10:49:29+00:00","description":"As a local agency we know the advantages of Zona Franca and guarantee the best price for your apartment.","breadcrumb":{"@id":"https:\/\/locabarcelona.egluu.com\/en\/sales-apartments-barcelona\/zona-franca\/#breadcrumb"},"inLanguage":"en","potentialAction":[{"@type":"ReadAction","target":["https:\/\/locabarcelona.egluu.com\/en\/sales-apartments-barcelona\/zona-franca\/"]}]},{"@type":"BreadcrumbList","@id":"https:\/\/locabarcelona.egluu.com\/en\/sales-apartments-barcelona\/zona-franca\/#breadcrumb","itemListElement":[{"@type":"ListItem","position":1,"name":"Inicio","item":"https:\/\/www.locabarcelona.com\/en\/"},{"@type":"ListItem","position":2,"name":"Apartments for sale in Barcelona","item":"https:\/\/www.locabarcelona.com\/en\/sales-apartments-barcelona\/"},{"@type":"ListItem","position":3,"name":"Apartments for sale in Zona Franca"}]},{"@type":"WebSite","@id":"https:\/\/locabarcelona.egluu.com\/en\/#website","url":"https:\/\/locabarcelona.egluu.com\/en\/","name":"Loca Barcelona","description":"Real Estate Services","publisher":{"@id":"https:\/\/locabarcelona.egluu.com\/en\/#organization"},"potentialAction":[{"@type":"SearchAction","target":{"@type":"EntryPoint","urlTemplate":"https:\/\/locabarcelona.egluu.com\/en\/?s={search_term_string}"},"query-input":"required name=search_term_string"}],"inLanguage":"en"},{"@type":"Organization","@id":"https:\/\/locabarcelona.egluu.com\/en\/#organization","name":"Loca Barcelona","url":"https:\/\/locabarcelona.egluu.com\/en\/","logo":{"@type":"ImageObject","inLanguage":"en","@id":"https:\/\/locabarcelona.egluu.com\/en\/#\/schema\/logo\/image\/","url":"https:\/\/locabarcelona.egluu.com\/wp-content\/uploads\/2021\/10\/logo_locabarcelona_small.png","contentUrl":"https:\/\/locabarcelona.egluu.com\/wp-content\/uploads\/2021\/10\/logo_locabarcelona_small.png","width":250,"height":149,"caption":"Loca Barcelona"},"image":{"@id":"https:\/\/locabarcelona.egluu.com\/en\/#\/schema\/logo\/image\/"}}]}},"_links":{"self":[{"href":"https:\/\/locabarcelona.egluu.com\/en\/wp-json\/wp\/v2\/pages\/531205"}],"collection":[{"href":"https:\/\/locabarcelona.egluu.com\/en\/wp-json\/wp\/v2\/pages"}],"about":[{"href":"https:\/\/locabarcelona.egluu.com\/en\/wp-json\/wp\/v2\/types\/page"}],"author":[{"embeddable":true,"href":"https:\/\/locabarcelona.egluu.com\/en\/wp-json\/wp\/v2\/users\/344"}],"replies":[{"embeddable":true,"href":"https:\/\/locabarcelona.egluu.com\/en\/wp-json\/wp\/v2\/comments?post=531205"}],"version-history":[{"count":6,"href":"https:\/\/locabarcelona.egluu.com\/en\/wp-json\/wp\/v2\/pages\/531205\/revisions"}],"predecessor-version":[{"id":531242,"href":"https:\/\/locabarcelona.egluu.com\/en\/wp-json\/wp\/v2\/pages\/531205\/revisions\/531242"}],"up":[{"embeddable":true,"href":"https:\/\/locabarcelona.egluu.com\/en\/wp-json\/wp\/v2\/pages\/506324"}],"wp:attachment":[{"href":"https:\/\/locabarcelona.egluu.com\/en\/wp-json\/wp\/v2\/media?parent=531205"}],"curies":[{"name":"wp","href":"https:\/\/api.w.org\/{rel}","templated":true}]}}