{"id":532303,"date":"2024-06-28T13:14:13","date_gmt":"2024-06-28T11:14:13","guid":{"rendered":"https:\/\/locabarcelona.egluu.com\/?page_id=532303"},"modified":"2024-06-28T13:40:33","modified_gmt":"2024-06-28T11:40:33","slug":"apartments-for-rent-in-horta-guinardo","status":"publish","type":"page","link":"https:\/\/locabarcelona.egluu.com\/en\/property-for-rent\/horta-guinardo\/","title":{"rendered":"Apartments for rent in Horta-Guinardo"},"content":{"rendered":"\t\t<div data-elementor-type=\"wp-page\" data-elementor-id=\"532303\" class=\"elementor elementor-532303 elementor-438258\" data-elementor-post-type=\"page\">\n\t\t\t\t\t\t<section class=\"elementor-section elementor-top-section elementor-element elementor-element-5f2c34e8 elementor-section-boxed elementor-section-height-default elementor-section-height-default\" data-id=\"5f2c34e8\" data-element_type=\"section\">\n\t\t\t\t\t\t<div class=\"elementor-container elementor-column-gap-default\">\n\t\t\t\t\t<div class=\"elementor-column elementor-col-100 elementor-top-column elementor-element elementor-element-6db26b0b\" data-id=\"6db26b0b\" data-element_type=\"column\">\n\t\t\t<div class=\"elementor-widget-wrap elementor-element-populated\">\n\t\t\t\t\t\t<div class=\"elementor-element elementor-element-51118262 elementor-widget elementor-widget-text-editor\" data-id=\"51118262\" data-element_type=\"widget\" data-widget_type=\"text-editor.default\">\n\t\t\t\t<div class=\"elementor-widget-container\">\n\t\t\t\t\t\t\t<h2>Why rent an apartment in Horta-Guinardo<\/h2><p><a href=\"https:\/\/locabarcelona.egluu.com\/en\/\">Loca Barcelona<\/a>\u00a0offers you a wide choice of <strong>apartments for rent in Horta-Guinardo<\/strong>, such as renovated and designed apartments with terraces. In Horta-Guinardo is it easy to find flats with 1 to 4 bedrooms.<\/p><p>Like the districts Les Corts and Sarria &#8211; Sant Gervasi is Horta-Guinardo a <strong>quiet residential area<\/strong>. However, the main advantage is that it offers all the benefits of living close to the city centre while remaining an <strong>affordable area<\/strong>. In this neighbourhood, cheaper apartments of excellent quality can be found. For this reason, the area is very popular with students looking for accommodation in Barcelona. Student flats for rent in Horta-Guinard\u00f3 range from studios to duplexes and new construction.<\/p><p>The district has more than 42 schools, numerous campuses, language schools and 4 renowned libraries. That is why the district is particularly popular with families, who want to live away from the busy city centre\u00a0and close to the educational centres. The neighbourhood is in general <strong>friendly and quiet<\/strong>. It is the ideal place to reside if you want to experience the authentic Mediterranean lifestyle in Barcelona.<\/p><p>The area also has <strong>numerous supermarkets and independent shops<\/strong>, where you can do your weekly shopping. You have the opportunity to discover the Horta Market, where you can buy fresh products, have breakfast or buy clothes.<\/p><p>This district is also home to some of the best hospitals of the city. <strong>In the district, Vall D\u2019Hebron<\/strong>, is one of the largest and best equipped hospital complexes of the city situated. Have a look at our selection of rental properties and let us help you find the right accommodation in Barcelona for you.<\/p><p>Horta-Guinardo is an area of green hills. Although it is not one of the most touristy districts of the city, the most beautiful places are known by the locals. The district is home to the beautiful labyrinth of Horta, it is the oldest and most poetic park in the city, often described by locals as the garden of love. Other architectural gems include the Visual Poem sculpture by Joan Brossa and Hospital de la Santa Creu i Sant Paul, an important example of the Catalonian modernist movement.<\/p><p>In this area, thanks to its proximity to the Collserola Natural Park, you also have the opportunity to walk through magnificent parks and gardens like Jardines del Viver de Can Borni, an extraordinary garden to visit. And from the historical viewpoint, Turo de la Rovera, you can enjoy <strong>spectacular panoramic views of the city<\/strong>. This neighbourhood really makes you forget that you are in one of the busiest cities in Spain.<\/p><h2>What are the advantages of renting a home in Horta-Guinardo?<\/h2><p>Horta-Guinardo is located in the northeast of the city of Barcelona, it was once an independent municipality characterized mainly by a large agricultural area. Nowadays, the district Horta-Guinardo is <strong>one of the largest and greenest areas of the city<\/strong>.<\/p><p>Interestingly, it is one of the neighbourhoods with the largest supply of newly renovated and modern homes under development. This makes it a particularly pleasant place to live and makes it a great place to look for an apartment with air conditioning and other modern facilities, while looking for a cheap apartment in Barcelona.<\/p><p>The district exists of 11 neighbourhoods: <strong>El Baix Guinard\u00f3, El Guinard\u00f3, Can Bar\u00f3, El Carmel, La Font d&#8217;en Fargues, Horta, La Clota, Montbau, Sant Gen\u00eds dels Agudells, La Teixonera and La Vall d&#8217;Hebron<\/strong>.<\/p>\t\t\t\t\t\t<\/div>\n\t\t\t\t<\/div>\n\t\t\t\t\t<\/div>\n\t\t<\/div>\n\t\t\t\t\t<\/div>\n\t\t<\/section>\n\t\t\t\t<section class=\"elementor-section elementor-top-section elementor-element elementor-element-3df08ea2 elementor-section-boxed elementor-section-height-default elementor-section-height-default\" data-id=\"3df08ea2\" data-element_type=\"section\">\n\t\t\t\t\t\t<div class=\"elementor-container elementor-column-gap-default\">\n\t\t\t\t\t<div class=\"elementor-column elementor-col-100 elementor-top-column elementor-element elementor-element-49463f3c\" data-id=\"49463f3c\" data-element_type=\"column\">\n\t\t\t<div class=\"elementor-widget-wrap elementor-element-populated\">\n\t\t\t\t\t\t<div class=\"elementor-element elementor-element-eb0d097 elementor-widget elementor-widget-spacer\" data-id=\"eb0d097\" data-element_type=\"widget\" data-widget_type=\"spacer.default\">\n\t\t\t\t<div class=\"elementor-widget-container\">\n\t\t\t\t\t<div class=\"elementor-spacer\">\n\t\t\t<div class=\"elementor-spacer-inner\"><\/div>\n\t\t<\/div>\n\t\t\t\t<\/div>\n\t\t\t\t<\/div>\n\t\t\t\t<div class=\"elementor-element elementor-element-32b2015 elementor-widget elementor-widget-heading\" data-id=\"32b2015\" data-element_type=\"widget\" data-widget_type=\"heading.default\">\n\t\t\t\t<div class=\"elementor-widget-container\">\n\t\t\t<h2 class=\"elementor-heading-title elementor-size-default\">Frequent searches :\n<\/h2>\t\t<\/div>\n\t\t\t\t<\/div>\n\t\t\t\t<div class=\"elementor-element elementor-element-efc175d elementor-widget elementor-widget-template\" data-id=\"efc175d\" data-element_type=\"widget\" data-widget_type=\"template.default\">\n\t\t\t\t<div class=\"elementor-widget-container\">\n\t\t\t\t\t<div class=\"elementor-template\">\n\t\t\t\t\t<div data-elementor-type=\"section\" data-elementor-id=\"474789\" class=\"elementor elementor-474789\" data-elementor-post-type=\"elementor_library\">\n\t\t\t\t\t<section class=\"elementor-section elementor-top-section elementor-element elementor-element-2653c7f1 elementor-section-boxed elementor-section-height-default elementor-section-height-default\" data-id=\"2653c7f1\" data-element_type=\"section\">\n\t\t\t\t\t\t<div class=\"elementor-container elementor-column-gap-default\">\n\t\t\t\t\t<div class=\"elementor-column elementor-col-50 elementor-top-column elementor-element elementor-element-755f928\" data-id=\"755f928\" data-element_type=\"column\">\n\t\t\t<div class=\"elementor-widget-wrap elementor-element-populated\">\n\t\t\t\t\t\t<div class=\"elementor-element elementor-element-6e214b57 elementor-widget elementor-widget-text-editor\" data-id=\"6e214b57\" data-element_type=\"widget\" data-widget_type=\"text-editor.default\">\n\t\t\t\t<div class=\"elementor-widget-container\">\n\t\t\t\t\t\t\t<p><a href=\"https:\/\/locabarcelona.egluu.com\/en\/rental-agency-in-barcelona\/apartment-with-terrace-barcelona\/\" target=\"_blank\" rel=\"noopener\">Apartment with terrace<\/a><\/p><p><a href=\"https:\/\/locabarcelona.egluu.com\/en\/rental-agency-in-barcelona\/student-accommodation-barcelona\/\" target=\"_blank\" rel=\"noopener\">Student accommodation<\/a><\/p><p><a href=\"https:\/\/locabarcelona.egluu.com\/en\/rental-agency-in-barcelona\/shared-apartment-in-barcelona\/\" target=\"_blank\" rel=\"noopener\">Shared apartment<\/a><\/p>\t\t\t\t\t\t<\/div>\n\t\t\t\t<\/div>\n\t\t\t\t\t<\/div>\n\t\t<\/div>\n\t\t\t\t<div class=\"elementor-column elementor-col-50 elementor-top-column elementor-element elementor-element-37988f44\" data-id=\"37988f44\" data-element_type=\"column\">\n\t\t\t<div class=\"elementor-widget-wrap elementor-element-populated\">\n\t\t\t\t\t\t<div class=\"elementor-element elementor-element-576afdee elementor-widget elementor-widget-text-editor\" data-id=\"576afdee\" data-element_type=\"widget\" data-widget_type=\"text-editor.default\">\n\t\t\t\t<div class=\"elementor-widget-container\">\n\t\t\t\t\t\t\t<p><a href=\"https:\/\/locabarcelona.egluu.com\/en\/rental-agency-in-barcelona\/studio-in-barcelona\/\" target=\"_blank\" rel=\"noopener\">Apartment studio<\/a><\/p><p><a href=\"https:\/\/locabarcelona.egluu.com\/en\/rental-agency-in-barcelona\/rooftop-apartment-barcelona\/\" target=\"_blank\" rel=\"noopener\">Rooftop apartment<\/a><\/p><p><a href=\"https:\/\/locabarcelona.egluu.com\/en\/property-feature\/features\/furnished\/\">Furnished apartment<\/a><\/p>\t\t\t\t\t\t<\/div>\n\t\t\t\t<\/div>\n\t\t\t\t\t<\/div>\n\t\t<\/div>\n\t\t\t\t\t<\/div>\n\t\t<\/section>\n\t\t\t\t<\/div>\n\t\t\t\t<\/div>\n\t\t\t\t<\/div>\n\t\t\t\t<\/div>\n\t\t\t\t<div class=\"elementor-element elementor-element-92f9e6e elementor-widget elementor-widget-heading\" data-id=\"92f9e6e\" data-element_type=\"widget\" data-widget_type=\"heading.default\">\n\t\t\t\t<div class=\"elementor-widget-container\">\n\t\t\t<h2 class=\"elementor-heading-title elementor-size-default\">Apartments for rent by districts\n<\/h2>\t\t<\/div>\n\t\t\t\t<\/div>\n\t\t\t\t<div class=\"elementor-element elementor-element-1f8397d elementor-widget elementor-widget-template\" data-id=\"1f8397d\" data-element_type=\"widget\" data-widget_type=\"template.default\">\n\t\t\t\t<div class=\"elementor-widget-container\">\n\t\t\t\t\t<div class=\"elementor-template\">\n\t\t\t\t\t<div data-elementor-type=\"container\" data-elementor-id=\"522699\" class=\"elementor elementor-522699 elementor-521623\" data-elementor-post-type=\"elementor_library\">\n\t\t\t\t<div class=\"elementor-element elementor-element-3f969113 e-flex e-con-boxed e-con e-parent\" data-id=\"3f969113\" data-element_type=\"container\">\n\t\t\t\t\t<div class=\"e-con-inner\">\n\t\t<div class=\"elementor-element elementor-element-65ff43a5 e-con-full e-flex e-con e-child\" data-id=\"65ff43a5\" data-element_type=\"container\">\n\t\t\t\t<div class=\"elementor-element elementor-element-778fdbed elementor-widget elementor-widget-text-editor\" data-id=\"778fdbed\" data-element_type=\"widget\" data-widget_type=\"text-editor.default\">\n\t\t\t\t<div class=\"elementor-widget-container\">\n\t\t\t\t\t\t\t<p><a href=\"https:\/\/locabarcelona.egluu.com\/en\/sales-apartments-barcelona\/eixample\/\">Apartments for sale in l&#8217;Eixample<\/a><br \/><a href=\"https:\/\/locabarcelona.egluu.com\/en\/sales-apartments-barcelona\/apartments-for-sale-in-eixample-dreta\/\">Apartments for sale in Eixample Dreta<\/a><br \/><a href=\"https:\/\/locabarcelona.egluu.com\/en\/sales-apartments-barcelona\/antiga-esquerra-eixample\/\">Apartments in Antiga Esquerra de l&#8217;Eixample<\/a><br \/><a href=\"https:\/\/locabarcelona.egluu.com\/en\/sales-apartments-barcelona\/nova-esquerra-eixample\/\">Apartments in Nova Esquerra de l&#8217;Eixample<\/a><br \/><a href=\"https:\/\/locabarcelona.egluu.com\/en\/sales-apartments-barcelona\/fort-pienc\/\">Apartments for sale in Fort Pienc<\/a><br \/><a href=\"https:\/\/locabarcelona.egluu.com\/en\/sales-apartments-barcelona\/ciutat-vella\/\">Apartments for sale in Ciutat Vella<\/a><br \/><a href=\"https:\/\/locabarcelona.egluu.com\/ca\/sales-apartments-barcelona\/gothic-quarter\/\">Apartments for sale in El Gotico<\/a><br \/><a href=\"https:\/\/locabarcelona.egluu.com\/en\/sales-apartments-barcelona\/el-raval\/\">Apartments for sale in the Raval<\/a><br \/><a href=\"https:\/\/locabarcelona.egluu.com\/en\/sales-apartments-barcelona\/el-born\/\">Apartments for sale in El Born<\/a><br \/><a href=\"https:\/\/locabarcelona.egluu.com\/en\/sales-apartments-barcelona\/barceloneta\/\">Apartments for sale in Barceloneta<\/a><br \/><a href=\"https:\/\/locabarcelona.egluu.com\/en\/sales-apartments-barcelona\/sants-montjuic\/\">Apartments for sale in Sants-Montju\u00efc<\/a><br \/><a href=\"https:\/\/locabarcelona.egluu.com\/en\/sales-apartments-barcelona\/sants\/\">Apartments for sale in Sants<\/a><br \/><a href=\"https:\/\/locabarcelona.egluu.com\/en\/sales-apartments-barcelona\/poble-sec\/\">Apartments for sale in Poble Sec<\/a><br \/><a href=\"https:\/\/locabarcelona.egluu.com\/en\/sales-apartments-barcelona\/tres-torres\/\">Apartments for sale in Las Tres Torres<\/a><br \/><a href=\"https:\/\/locabarcelona.egluu.com\/en\/sales-apartments-barcelona\/sants-badal\/\">Apartments for sale in Sants Badal<\/a><br \/><a href=\"https:\/\/locabarcelona.egluu.com\/en\/sales-apartments-barcelona\/zona-franca\/\">Apartments for sale in Zona Franca<\/a><\/p>\t\t\t\t\t\t<\/div>\n\t\t\t\t<\/div>\n\t\t\t\t<\/div>\n\t\t<div class=\"elementor-element elementor-element-57de031d e-con-full e-flex e-con e-child\" data-id=\"57de031d\" data-element_type=\"container\">\n\t\t\t\t<div class=\"elementor-element elementor-element-12264ea9 elementor-widget elementor-widget-text-editor\" data-id=\"12264ea9\" data-element_type=\"widget\" data-widget_type=\"text-editor.default\">\n\t\t\t\t<div class=\"elementor-widget-container\">\n\t\t\t\t\t\t\t<p><a href=\"https:\/\/locabarcelona.egluu.com\/en\/sales-apartments-barcelona\/les-corts\/\">Apartments for sale in les Corts<\/a><br \/><a href=\"https:\/\/locabarcelona.egluu.com\/en\/sales-apartments-barcelona\/pedralbes\/\">Apartments for sale in Pedralbes<\/a><br \/><a href=\"https:\/\/locabarcelona.egluu.com\/en\/sales-apartments-barcelona\/sarria-sant-gervasi\/\">Apartments for sale in Sarria Sant Gervasi<\/a><br \/><a href=\"https:\/\/locabarcelona.egluu.com\/en\/sales-apartments-barcelona\/apartments-for-sale-in-gracia\/\">Apartments for sale in Gracia<\/a><br \/><a href=\"https:\/\/locabarcelona.egluu.com\/en\/sales-apartments-barcelona\/horta-guinardo\/\">Apartments for sale in Horta-Guinardo<\/a><br \/><a href=\"https:\/\/locabarcelona.egluu.com\/en\/sales-apartments-barcelona\/horta\/\"><span data-sheets-root=\"1\">Apartments for sale in Horta<\/span><\/a><br \/><a href=\"https:\/\/locabarcelona.egluu.com\/en\/sales-apartments-barcelona\/guinardo\/\">Apartments for sale in Guinardo<\/a><br \/><a href=\"https:\/\/locabarcelona.egluu.com\/en\/sales-apartments-barcelona\/nou-barris\/\">Apartments for sale in Nou Barris<\/a><br \/><a href=\"https:\/\/locabarcelona.egluu.com\/en\/sales-apartments-barcelona\/sant-andreu\/\">Apartments for sale in Sant Andreu<\/a><br \/><a href=\"https:\/\/locabarcelona.egluu.com\/en\/sales-apartments-barcelona\/sant-marti\/\">Apartments for sale in Sant Mart\u00ed<\/a><br \/><span data-sheets-root=\"1\"><a href=\"https:\/\/locabarcelona.egluu.com\/en\/sales-apartments-barcelona\/sant-marti-provencals\/\">Apartments for sale in Sant Marti de Prove\u00e7als<\/a><br \/><\/span><a href=\"https:\/\/locabarcelona.egluu.com\/en\/sales-apartments-barcelona\/el-clot\/\">Apartments for sale in El Clot<\/a><br \/><a href=\"https:\/\/locabarcelona.egluu.com\/en\/sales-apartments-barcelona\/poble-nou\/\">Apartments for sale in Poblenou<\/a><br \/><a href=\"https:\/\/locabarcelona.egluu.com\/en\/sales-apartments-barcelona\/diagonal-mar\/\">Apartments for sale in Diagonal Mar<\/a><br \/><a href=\"https:\/\/locabarcelona.egluu.com\/en\/sales-apartments-barcelona\/sagrada-familia\/\">Apartments for sale in Sagrada Familia<\/a><br \/><a href=\"https:\/\/locabarcelona.egluu.com\/en\/sales-apartments-barcelona\/sant-antoni\/\">Apartments for sale in Sant Antoni<\/a><\/p>\t\t\t\t\t\t<\/div>\n\t\t\t\t<\/div>\n\t\t\t\t<\/div>\n\t\t\t\t\t<\/div>\n\t\t\t\t<\/div>\n\t\t\t\t<\/div>\n\t\t\t\t<\/div>\n\t\t\t\t<\/div>\n\t\t\t\t<\/div>\n\t\t\t\t\t<\/div>\n\t\t<\/div>\n\t\t\t\t\t<\/div>\n\t\t<\/section>\n\t\t\t\t<\/div>\n\t\t","protected":false},"excerpt":{"rendered":"<p>Why rent an apartment in Horta-Guinardo Loca Barcelona\u00a0offers you a wide choice of apartments for rent in Horta-Guinardo, such as renovated and designed apartments with terraces. In Horta-Guinardo is it easy to find flats with 1 to 4 bedrooms. Like the districts Les Corts and Sarria &#8211; Sant Gervasi is Horta-Guinardo a quiet residential area&#8230;.<\/p>\n","protected":false},"author":344,"featured_media":0,"parent":446624,"menu_order":0,"comment_status":"closed","ping_status":"closed","template":"templates\/list-layout.php","meta":{"inline_featured_image":false,"footnotes":""},"yoast_head":"<!-- This site is optimized with the Yoast SEO Premium plugin v22.6 (Yoast SEO v22.6) - https:\/\/yoast.com\/wordpress\/plugins\/seo\/ -->\n<title>Apartments for rent in Horta-Guinardo | Locabarcelona<\/title>\n<meta name=\"description\" content=\"Looking to rent in Horta-Guinard\u00f3, Barcelona? Discover our wide selection of rental properties with Loca Barcelona.\" \/>\n<meta name=\"robots\" content=\"noindex, follow, max-snippet:-1, max-image-preview:large, max-video-preview:-1\" \/>\n<meta property=\"og:locale\" content=\"en_US\" \/>\n<meta property=\"og:type\" content=\"article\" \/>\n<meta property=\"og:title\" content=\"Apartments for rent in Horta-Guinardo | Locabarcelona\" \/>\n<meta property=\"og:description\" content=\"Looking to rent in Horta-Guinard\u00f3, Barcelona? Discover our wide selection of rental properties with Loca Barcelona.\" \/>\n<meta property=\"og:url\" content=\"https:\/\/locabarcelona.egluu.com\/en\/property-for-rent\/horta-guinardo\/\" \/>\n<meta property=\"og:site_name\" content=\"Locabarcelona\" \/>\n<meta property=\"article:modified_time\" content=\"2024-06-28T11:40:33+00:00\" \/>\n<meta name=\"twitter:card\" content=\"summary_large_image\" \/>\n<meta name=\"twitter:label1\" content=\"Est. reading time\" \/>\n\t<meta name=\"twitter:data1\" content=\"3 minutes\" \/>\n<script type=\"application\/ld+json\" class=\"yoast-schema-graph\">{\"@context\":\"https:\/\/schema.org\",\"@graph\":[{\"@type\":\"WebPage\",\"@id\":\"https:\/\/locabarcelona.egluu.com\/en\/property-for-rent\/horta-guinardo\/\",\"url\":\"https:\/\/locabarcelona.egluu.com\/en\/property-for-rent\/horta-guinardo\/\",\"name\":\"Apartments for rent in Horta-Guinardo | Locabarcelona\",\"isPartOf\":{\"@id\":\"https:\/\/locabarcelona.egluu.com\/en\/#website\"},\"datePublished\":\"2024-06-28T11:14:13+00:00\",\"dateModified\":\"2024-06-28T11:40:33+00:00\",\"description\":\"Looking to rent in Horta-Guinard\u00f3, Barcelona? Discover our wide selection of rental properties with Loca Barcelona.\",\"breadcrumb\":{\"@id\":\"https:\/\/locabarcelona.egluu.com\/en\/property-for-rent\/horta-guinardo\/#breadcrumb\"},\"inLanguage\":\"en\",\"potentialAction\":[{\"@type\":\"ReadAction\",\"target\":[\"https:\/\/locabarcelona.egluu.com\/en\/property-for-rent\/horta-guinardo\/\"]}]},{\"@type\":\"BreadcrumbList\",\"@id\":\"https:\/\/locabarcelona.egluu.com\/en\/property-for-rent\/horta-guinardo\/#breadcrumb\",\"itemListElement\":[{\"@type\":\"ListItem\",\"position\":1,\"name\":\"Inicio\",\"item\":\"https:\/\/www.locabarcelona.com\/en\/\"},{\"@type\":\"ListItem\",\"position\":2,\"name\":\"Rental agency in Barcelona\",\"item\":\"https:\/\/www.locabarcelona.com\/en\/property-for-rent\/\"},{\"@type\":\"ListItem\",\"position\":3,\"name\":\"Apartments for rent in Horta-Guinardo\"}]},{\"@type\":\"WebSite\",\"@id\":\"https:\/\/locabarcelona.egluu.com\/en\/#website\",\"url\":\"https:\/\/locabarcelona.egluu.com\/en\/\",\"name\":\"Loca Barcelona\",\"description\":\"Real Estate Services\",\"publisher\":{\"@id\":\"https:\/\/locabarcelona.egluu.com\/en\/#organization\"},\"potentialAction\":[{\"@type\":\"SearchAction\",\"target\":{\"@type\":\"EntryPoint\",\"urlTemplate\":\"https:\/\/locabarcelona.egluu.com\/en\/?s={search_term_string}\"},\"query-input\":\"required name=search_term_string\"}],\"inLanguage\":\"en\"},{\"@type\":\"Organization\",\"@id\":\"https:\/\/locabarcelona.egluu.com\/en\/#organization\",\"name\":\"Loca Barcelona\",\"url\":\"https:\/\/locabarcelona.egluu.com\/en\/\",\"logo\":{\"@type\":\"ImageObject\",\"inLanguage\":\"en\",\"@id\":\"https:\/\/locabarcelona.egluu.com\/en\/#\/schema\/logo\/image\/\",\"url\":\"https:\/\/locabarcelona.egluu.com\/wp-content\/uploads\/2021\/10\/logo_locabarcelona_small.png\",\"contentUrl\":\"https:\/\/locabarcelona.egluu.com\/wp-content\/uploads\/2021\/10\/logo_locabarcelona_small.png\",\"width\":250,\"height\":149,\"caption\":\"Loca Barcelona\"},\"image\":{\"@id\":\"https:\/\/locabarcelona.egluu.com\/en\/#\/schema\/logo\/image\/\"}}]}<\/script>\n<!-- \/ Yoast SEO Premium plugin. -->","yoast_head_json":{"title":"Apartments for rent in Horta-Guinardo | Locabarcelona","description":"Looking to rent in Horta-Guinard\u00f3, Barcelona? Discover our wide selection of rental properties with Loca Barcelona.","robots":{"index":"noindex","follow":"follow","max-snippet":"max-snippet:-1","max-image-preview":"max-image-preview:large","max-video-preview":"max-video-preview:-1"},"og_locale":"en_US","og_type":"article","og_title":"Apartments for rent in Horta-Guinardo | Locabarcelona","og_description":"Looking to rent in Horta-Guinard\u00f3, Barcelona? Discover our wide selection of rental properties with Loca Barcelona.","og_url":"https:\/\/locabarcelona.egluu.com\/en\/property-for-rent\/horta-guinardo\/","og_site_name":"Locabarcelona","article_modified_time":"2024-06-28T11:40:33+00:00","twitter_card":"summary_large_image","twitter_misc":{"Est. reading time":"3 minutes"},"schema":{"@context":"https:\/\/schema.org","@graph":[{"@type":"WebPage","@id":"https:\/\/locabarcelona.egluu.com\/en\/property-for-rent\/horta-guinardo\/","url":"https:\/\/locabarcelona.egluu.com\/en\/property-for-rent\/horta-guinardo\/","name":"Apartments for rent in Horta-Guinardo | Locabarcelona","isPartOf":{"@id":"https:\/\/locabarcelona.egluu.com\/en\/#website"},"datePublished":"2024-06-28T11:14:13+00:00","dateModified":"2024-06-28T11:40:33+00:00","description":"Looking to rent in Horta-Guinard\u00f3, Barcelona? Discover our wide selection of rental properties with Loca Barcelona.","breadcrumb":{"@id":"https:\/\/locabarcelona.egluu.com\/en\/property-for-rent\/horta-guinardo\/#breadcrumb"},"inLanguage":"en","potentialAction":[{"@type":"ReadAction","target":["https:\/\/locabarcelona.egluu.com\/en\/property-for-rent\/horta-guinardo\/"]}]},{"@type":"BreadcrumbList","@id":"https:\/\/locabarcelona.egluu.com\/en\/property-for-rent\/horta-guinardo\/#breadcrumb","itemListElement":[{"@type":"ListItem","position":1,"name":"Inicio","item":"https:\/\/www.locabarcelona.com\/en\/"},{"@type":"ListItem","position":2,"name":"Rental agency in Barcelona","item":"https:\/\/www.locabarcelona.com\/en\/property-for-rent\/"},{"@type":"ListItem","position":3,"name":"Apartments for rent in Horta-Guinardo"}]},{"@type":"WebSite","@id":"https:\/\/locabarcelona.egluu.com\/en\/#website","url":"https:\/\/locabarcelona.egluu.com\/en\/","name":"Loca Barcelona","description":"Real Estate Services","publisher":{"@id":"https:\/\/locabarcelona.egluu.com\/en\/#organization"},"potentialAction":[{"@type":"SearchAction","target":{"@type":"EntryPoint","urlTemplate":"https:\/\/locabarcelona.egluu.com\/en\/?s={search_term_string}"},"query-input":"required name=search_term_string"}],"inLanguage":"en"},{"@type":"Organization","@id":"https:\/\/locabarcelona.egluu.com\/en\/#organization","name":"Loca Barcelona","url":"https:\/\/locabarcelona.egluu.com\/en\/","logo":{"@type":"ImageObject","inLanguage":"en","@id":"https:\/\/locabarcelona.egluu.com\/en\/#\/schema\/logo\/image\/","url":"https:\/\/locabarcelona.egluu.com\/wp-content\/uploads\/2021\/10\/logo_locabarcelona_small.png","contentUrl":"https:\/\/locabarcelona.egluu.com\/wp-content\/uploads\/2021\/10\/logo_locabarcelona_small.png","width":250,"height":149,"caption":"Loca Barcelona"},"image":{"@id":"https:\/\/locabarcelona.egluu.com\/en\/#\/schema\/logo\/image\/"}}]}},"_links":{"self":[{"href":"https:\/\/locabarcelona.egluu.com\/en\/wp-json\/wp\/v2\/pages\/532303"}],"collection":[{"href":"https:\/\/locabarcelona.egluu.com\/en\/wp-json\/wp\/v2\/pages"}],"about":[{"href":"https:\/\/locabarcelona.egluu.com\/en\/wp-json\/wp\/v2\/types\/page"}],"author":[{"embeddable":true,"href":"https:\/\/locabarcelona.egluu.com\/en\/wp-json\/wp\/v2\/users\/344"}],"replies":[{"embeddable":true,"href":"https:\/\/locabarcelona.egluu.com\/en\/wp-json\/wp\/v2\/comments?post=532303"}],"version-history":[{"count":17,"href":"https:\/\/locabarcelona.egluu.com\/en\/wp-json\/wp\/v2\/pages\/532303\/revisions"}],"predecessor-version":[{"id":533134,"href":"https:\/\/locabarcelona.egluu.com\/en\/wp-json\/wp\/v2\/pages\/532303\/revisions\/533134"}],"up":[{"embeddable":true,"href":"https:\/\/locabarcelona.egluu.com\/en\/wp-json\/wp\/v2\/pages\/446624"}],"wp:attachment":[{"href":"https:\/\/locabarcelona.egluu.com\/en\/wp-json\/wp\/v2\/media?parent=532303"}],"curies":[{"name":"wp","href":"https:\/\/api.w.org\/{rel}","templated":true}]}}