{"id":438299,"date":"2022-02-11T10:52:15","date_gmt":"2022-02-11T09:52:15","guid":{"rendered":"https:\/\/locabarcelona.egluu.com\/?page_id=438299"},"modified":"2024-07-26T13:54:44","modified_gmt":"2024-07-26T11:54:44","slug":"alquiler-viviendas","status":"publish","type":"page","link":"https:\/\/locabarcelona.egluu.com\/es\/alquiler-viviendas\/","title":{"rendered":"Agencia de alquiler Barcelona"},"content":{"rendered":"\t\t<div data-elementor-type=\"wp-page\" data-elementor-id=\"438299\" class=\"elementor elementor-438299 elementor-438279\" data-elementor-post-type=\"page\">\n\t\t\t\t\t\t<section class=\"elementor-section elementor-top-section elementor-element elementor-element-1e264cd0 elementor-section-boxed elementor-section-height-default elementor-section-height-default\" data-id=\"1e264cd0\" data-element_type=\"section\">\n\t\t\t\t\t\t<div class=\"elementor-container elementor-column-gap-default\">\n\t\t\t\t\t<div class=\"elementor-column elementor-col-100 elementor-top-column elementor-element elementor-element-2686e737\" data-id=\"2686e737\" data-element_type=\"column\">\n\t\t\t<div class=\"elementor-widget-wrap elementor-element-populated\">\n\t\t\t\t\t\t<div class=\"elementor-element elementor-element-61c2a0a5 elementor-widget elementor-widget-text-editor\" data-id=\"61c2a0a5\" data-element_type=\"widget\" data-widget_type=\"text-editor.default\">\n\t\t\t\t<div class=\"elementor-widget-container\">\n\t\t\t\t\t\t\t<p><span style=\"font-weight: 400;\">Consultar una agencia de alquiler en Barcelona es indispensable antes de <\/span><span style=\"font-weight: 400;\">decidirse por <\/span><span style=\"font-weight: 400;\">comprar, alquilar o vender cualquier inmueble en la ciudad. La compa\u00f1\u00eda LocaBarcelona es la empresa m\u00e1s capacitada en la <\/span><span style=\"font-weight: 400;\">metr\u00f3poli <\/span><span style=\"font-weight: 400;\">para la compra-venta, ya sea de un departamento, estudio, piso o una casa.<\/span><\/p><h2><strong>\u00bfPor qu\u00e9 optar por una agencia de alquiler en Barcelona?<\/strong><\/h2><p>Al momento de alquilar o vender una propiedad surgen dudas, tanto en el propietario como en el inquilino o comprador. En ambos casos, ninguno de ellos es experto en el tema y tampoco est\u00e1 entre sus competencias laborales.<\/p><p><span style=\"font-weight: 400;\">En tal sentido, una agencia de alquiler en Barcelona <\/span><span style=\"font-weight: 400;\">gestiona<\/span><span style=\"font-weight: 400;\"> a diario la informaci\u00f3n legal, documentaci\u00f3n y tr\u00e1mites para garantizar l<\/span><span style=\"font-weight: 400;\">a transparencia<\/span><span style=\"font-weight: 400;\"> y buenas pr\u00e1cticas en la relaci\u00f3n entre propietarios<\/span><span style=\"font-weight: 400;\">,<\/span><span style=\"font-weight: 400;\"> inquilinos <\/span><span style=\"font-weight: 400;\">y <\/span><span style=\"font-weight: 400;\">compradores. Veamos algunas ventajas.<\/span><\/p><h3><strong>Para propietarios<\/strong><\/h3><ul><li>Estudio de tasaci\u00f3n para precios <span style=\"font-weight: 400;\">justos <\/span><span style=\"font-weight: 400;\">tanto para alquiler o venta<\/span><\/li><li>Asesoramiento legal en redacci\u00f3n de documentos<\/li><li>Elecci\u00f3n del inquilino o comprador<\/li><li>Gesti\u00f3n de contingencias<\/li><\/ul><h3><strong>Para el inquilino o comprador<\/strong><\/h3><ul><li>Precios justos<\/li><li>Inmuebles en perfectas condiciones<\/li><li>Asesoramiento legal en firma del contrato<\/li><li>Confidencialidad en manejo de datos<\/li><\/ul><h2><strong>Elegir LocaBarcelona como agencia de alquiler en Barcelona<\/strong><\/h2><p>Todos estos beneficios y m\u00e1s,<span style=\"font-weight: 400;\">\u00a0<\/span><span style=\"font-weight: 400;\">los encuentras en la<\/span> agencia inmobiliaria LocaBarcelona. Cualquier persona que haya planificado venir a la ciudad, bien sea por estudio, trabajo, o para vivir, encuentra en LocaBarcelona el aliado perfecto. Esta es una agencia inmobiliaria ubicada en la capital de Catalu\u00f1a y se especializada en el alquiler a corto, mediano y largo plazo.<\/p><p>Aqu\u00ed, se pueden alcanzar alojamientos para estancias de 3 a 11 meses; esto ser\u00eda pr\u00e1cticamente imposible de conseguir por los propios medios. Para el mediano y largo plazo, LocaBarcelona ofrece viviendas de entre 6 meses hasta 3 a\u00f1os y, en algunos casos, por m\u00e1s tiempo.<\/p><p>Al consultar con sus equipos de venta, podr\u00e1s observar que todos los inmuebles que LocaBarcelona tiene a tu disposici\u00f3n est\u00e1n ubicados en el centro hist\u00f3rico de la ciudad y no en las afueras ni en poblaciones de la periferia. Puedes elegir entre los barrios m\u00e1s c\u00e9ntricos como el barrio G\u00f3tico, el Raval, Eixample, Sants Montjuic, Sant Gervasi, y tantos otros m\u00e1s.<\/p><p>Estar\u00e1s siempre cerca de todos los sitios de inter\u00e9s y de los museos m\u00e1s interesantes de esta cosmopolita capital, como el Museo Picasso, el Museo Nacional de Arte de Catalu\u00f1a, el Museo de Ciencias Naturales o, simplemente, pasear por las calles medievales de los barrios antiguos de la ciudad. Disfrutar\u00e1s de su clima mediterr\u00e1neo, su gastronom\u00eda, un rico entorno de playa y el dinamismo excepcional que se respira en sus Ramblas.<\/p><p>LocaBarcelona ofrece diferentes tipos de inmuebles para alquilar como pisos, estudio, \u00e1tico, d\u00faplex o casas, bien sea a turistas, estudiantes, o inmigrantes que desean comenzar una nueva vida.<\/p><h2><strong>\u00bfQuieres alquilar en Barcelona?<\/strong><\/h2><p>Si quieres vivir en Barcelona, ya sea por un breve tiempo <span style=\"font-weight: 400;\">una larga estancia<\/span>, LocaBarcelona te brinda el apartamento que desees al instante, sin preocupaci\u00f3n ni papeleos. Su servicio de gesti\u00f3n inmobiliaria cubre todos los aspectos, desde asesor\u00eda legal en documentos hasta el mobiliario y equipamiento del piso.<\/p><p>En el <em>check-in<\/em> se verifica el estado del piso, el mobiliario y los contadores de los servicios; cuyo pago est\u00e1 incluido en el alquiler. Al finalizar el contrato, durante el <em>check-out<\/em> se comprobar\u00e1 de nuevo el estado, y los cargos fijos se ajustar\u00e1n al final, seg\u00fan el caso. De esta manera, se <span style=\"font-weight: 400;\">evitar\u00e1n<\/span> retenciones o pagos adicionales de garant\u00edas. Definitivamente, una agencia de alquiler en Barcelona, como LocaBarcelona te har\u00e1 que encontrar <span style=\"text-decoration: underline;\"><a href=\"https:\/\/locabarcelona.egluu.com\/es\/property-status\/venta\/\">pisos en venta<\/a><\/span> sea mucho m\u00e1s f\u00e1cil.<\/p>\t\t\t\t\t\t<\/div>\n\t\t\t\t<\/div>\n\t\t\t\t<div class=\"elementor-element elementor-element-280ce29 elementor-widget elementor-widget-spacer\" data-id=\"280ce29\" data-element_type=\"widget\" data-widget_type=\"spacer.default\">\n\t\t\t\t<div class=\"elementor-widget-container\">\n\t\t\t\t\t<div class=\"elementor-spacer\">\n\t\t\t<div class=\"elementor-spacer-inner\"><\/div>\n\t\t<\/div>\n\t\t\t\t<\/div>\n\t\t\t\t<\/div>\n\t\t\t\t\t<\/div>\n\t\t<\/div>\n\t\t\t\t\t<\/div>\n\t\t<\/section>\n\t\t\t\t<section class=\"elementor-section elementor-top-section elementor-element elementor-element-662b4967 elementor-section-boxed elementor-section-height-default elementor-section-height-default\" data-id=\"662b4967\" data-element_type=\"section\">\n\t\t\t\t\t\t<div class=\"elementor-container elementor-column-gap-default\">\n\t\t\t\t\t<div class=\"elementor-column elementor-col-100 elementor-top-column elementor-element elementor-element-499fed10\" data-id=\"499fed10\" data-element_type=\"column\">\n\t\t\t<div class=\"elementor-widget-wrap elementor-element-populated\">\n\t\t\t\t\t\t<div class=\"elementor-element elementor-element-1d4669fb elementor-widget elementor-widget-spacer\" data-id=\"1d4669fb\" data-element_type=\"widget\" data-widget_type=\"spacer.default\">\n\t\t\t\t<div class=\"elementor-widget-container\">\n\t\t\t\t\t<div class=\"elementor-spacer\">\n\t\t\t<div class=\"elementor-spacer-inner\"><\/div>\n\t\t<\/div>\n\t\t\t\t<\/div>\n\t\t\t\t<\/div>\n\t\t\t\t\t<\/div>\n\t\t<\/div>\n\t\t\t\t\t<\/div>\n\t\t<\/section>\n\t\t\t\t<section class=\"elementor-section elementor-top-section elementor-element elementor-element-3f6bd2b4 elementor-section-boxed elementor-section-height-default elementor-section-height-default\" data-id=\"3f6bd2b4\" data-element_type=\"section\">\n\t\t\t\t\t\t<div class=\"elementor-container elementor-column-gap-default\">\n\t\t\t\t\t<div class=\"elementor-column elementor-col-100 elementor-top-column elementor-element elementor-element-a0293d6\" data-id=\"a0293d6\" data-element_type=\"column\">\n\t\t\t<div class=\"elementor-widget-wrap elementor-element-populated\">\n\t\t\t\t\t\t<div class=\"elementor-element elementor-element-62fef74d elementor-widget elementor-widget-heading\" data-id=\"62fef74d\" data-element_type=\"widget\" data-widget_type=\"heading.default\">\n\t\t\t\t<div class=\"elementor-widget-container\">\n\t\t\t<h2 class=\"elementor-heading-title elementor-size-default\">Pisos en alquiler por distritos <\/h2>\t\t<\/div>\n\t\t\t\t<\/div>\n\t\t\t\t\t<\/div>\n\t\t<\/div>\n\t\t\t\t\t<\/div>\n\t\t<\/section>\n\t\t\t\t<section class=\"elementor-section elementor-top-section elementor-element elementor-element-3226e6e9 elementor-section-boxed elementor-section-height-default elementor-section-height-default\" data-id=\"3226e6e9\" data-element_type=\"section\">\n\t\t\t\t\t\t<div class=\"elementor-container elementor-column-gap-default\">\n\t\t\t\t\t<div class=\"elementor-column elementor-col-50 elementor-top-column elementor-element elementor-element-4093b8e2\" data-id=\"4093b8e2\" data-element_type=\"column\">\n\t\t\t<div class=\"elementor-widget-wrap elementor-element-populated\">\n\t\t\t\t\t\t<div class=\"elementor-element elementor-element-79e6b58f elementor-widget elementor-widget-global elementor-global-446206 elementor-widget-text-editor\" data-id=\"79e6b58f\" data-element_type=\"widget\" data-widget_type=\"text-editor.default\">\n\t\t\t\t<div class=\"elementor-widget-container\">\n\t\t\t\t\t\t\t<p><span data-sheets-value=\"{\"><a href=\"https:\/\/locabarcelona.egluu.com\/es\/alquiler-viviendas\/el-eixample\/\">Pisos en alquiler en l&#8217;Eixample<\/a><br \/><a href=\"https:\/\/locabarcelona.egluu.com\/es\/alquiler-viviendas\/eixample-dreta\/\">Pisos en alquiler en Eixample Dreta<\/a><br \/><a href=\"https:\/\/locabarcelona.egluu.com\/es\/alquiler-viviendas\/antiga-esquerra-eixample\/\">Pisos en Antiga Esquerra de l&#8217;Eixample<\/a><br \/><\/span><span data-sheets-value=\"{\"><a href=\"https:\/\/locabarcelona.egluu.com\/es\/alquiler-viviendas\/nova-esquerra-eixample\/\">Pisos en Nova Esquerra de l&#8217;Eixample<\/a><br \/><a href=\"https:\/\/locabarcelona.egluu.com\/es\/alquiler-viviendas\/fort-pienc\/\">Pisos en alquiler en Fort Pienc<\/a><br \/><a href=\"https:\/\/locabarcelona.egluu.com\/es\/alquiler-viviendas\/eixample\/sagrada-familia\/\">Pisos en alquiler en Sagrada Familia<\/a><br \/><a href=\"https:\/\/locabarcelona.egluu.com\/es\/alquiler-viviendas\/eixample\/sant-antoni\/\">Pisos en alquiler en Sant antoni<\/a><br \/><a href=\"https:\/\/locabarcelona.egluu.com\/es\/alquiler-viviendas\/ciutat-vella\/\">Pisos en alquiler en Ciutat Vella<\/a><br \/><a href=\"https:\/\/locabarcelona.egluu.com\/es\/alquiler-viviendas\/el-gotico\/\">Pisos en alquiler en el Gotico<\/a><br \/><a href=\"https:\/\/locabarcelona.egluu.com\/es\/alquiler-viviendas\/raval\/\">Pisos en alquiler en el Raval<\/a><br \/><a href=\"https:\/\/locabarcelona.egluu.com\/es\/alquiler-viviendas\/el-born\/\">Pisos en alquiler en el Born<\/a><br \/><a href=\"https:\/\/locabarcelona.egluu.com\/es\/alquiler-viviendas\/barceloneta\/\">Pisos en alquiler en Barceloneta<\/a><br \/><a href=\"https:\/\/locabarcelona.egluu.com\/es\/alquiler-viviendas\/sants-montjuic\/\">Pisos en alquiler en Sants-Montju\u00efc<\/a><br \/><a href=\"https:\/\/locabarcelona.egluu.com\/es\/alquiler-viviendas\/poble-sec\/\">Pisos en alquiler en Poble Sec<\/a><br \/><a href=\"https:\/\/locabarcelona.egluu.com\/es\/alquiler-viviendas\/sants\/\">Pisos en alquiler en Sants<\/a><br \/><a href=\"https:\/\/locabarcelona.egluu.com\/es\/alquiler-viviendas\/el-putxet-i-farro\/\">Pisos en alquiler en El Putxet i Farr\u00f3<\/a><br \/><a href=\"https:\/\/locabarcelona.egluu.com\/es\/alquiler-viviendas\/las-tres-torres\/\">Pisos en alquiler en Las Tres Torres<\/a><br \/><a href=\"https:\/\/locabarcelona.egluu.com\/es\/alquiler-viviendas\/montjuic\/\">Pisos en alquiler en Montjuic\u00a0<\/a><\/span><\/p>\t\t\t\t\t\t<\/div>\n\t\t\t\t<\/div>\n\t\t\t\t\t<\/div>\n\t\t<\/div>\n\t\t\t\t<div class=\"elementor-column elementor-col-50 elementor-top-column elementor-element elementor-element-799bdacf\" data-id=\"799bdacf\" data-element_type=\"column\">\n\t\t\t<div class=\"elementor-widget-wrap elementor-element-populated\">\n\t\t\t\t\t\t<div class=\"elementor-element elementor-element-785f1f95 elementor-widget elementor-widget-global elementor-global-446210 elementor-widget-text-editor\" data-id=\"785f1f95\" data-element_type=\"widget\" data-widget_type=\"text-editor.default\">\n\t\t\t\t<div class=\"elementor-widget-container\">\n\t\t\t\t\t\t\t<p><a href=\"https:\/\/locabarcelona.egluu.com\/es\/alquiler-viviendas\/les-corts\/\">Pisos en alquiler en les Corts<\/a><br \/><span data-sheets-value=\"{\"><a href=\"https:\/\/locabarcelona.egluu.com\/es\/alquiler-viviendas\/pedralbes\/\">Pisos en alquiler en Pedralbes<\/a><br \/><a href=\"https:\/\/locabarcelona.egluu.com\/es\/alquiler-viviendas\/sarria-sant-gervasi\/\">Pisos en alquiler en Sarria Sant Gervasi<\/a><br \/><a href=\"https:\/\/locabarcelona.egluu.com\/es\/alquiler-viviendas\/sarria\/\">Pisos en alquiler en Sarria<\/a><br \/><a href=\"https:\/\/locabarcelona.egluu.com\/es\/property-for-rent\/gracia\/\">Pisos en alquiler en Gracia<\/a><br \/><a href=\"https:\/\/locabarcelona.egluu.com\/es\/alquiler-viviendas\/vila-de-gracia\/\">Pisos en alquiler en Vila de Gr\u00e0cia<\/a><br \/><a href=\"https:\/\/locabarcelona.egluu.com\/es\/alquiler-viviendas\/horta-guinardo\/\">Pisos en alquiler en Horta-Guinardo<\/a><br \/><a href=\"https:\/\/locabarcelona.egluu.com\/es\/alquiler-viviendas\/nou-barris\/\">Pisos en alquiler en Nou Barris<\/a><br \/><a href=\"https:\/\/locabarcelona.egluu.com\/es\/alquiler-viviendas\/sant-andreu\/\">Pisos en alquiler en Sant Andreu<\/a><br \/><a href=\"https:\/\/locabarcelona.egluu.com\/es\/alquiler-viviendas\/sant-marti\/\">Pisos en alquiler en Sant Mart\u00ed<\/a><br \/><a href=\"https:\/\/locabarcelona.egluu.com\/es\/alquiler-viviendas\/el-clot\/\">Pisos en alquiler en el Clot<\/a><br \/><a href=\"https:\/\/locabarcelona.egluu.com\/es\/alquiler-viviendas\/vila-olimpica-del-poblenou\/\">Pisos en La vila olimpica del Poblenou<\/a><br \/><a href=\"https:\/\/locabarcelona.egluu.com\/es\/alquiler-viviendas\/poblenou\/\">Pisos en alquiler en Poblenou<\/a><br \/><a href=\"https:\/\/locabarcelona.egluu.com\/es\/alquiler-viviendas\/diagonal-mar\/\">Pisos en alquiler en Diagonal Mar<\/a><br \/><a href=\"https:\/\/locabarcelona.egluu.com\/es\/alquiler-viviendas\/sant-gervasi-la-bonanova\/\">Pisos en alquiler en Sant gervasi \u2013 la bonanova<\/a><br \/><a href=\"https:\/\/locabarcelona.egluu.com\/es\/alquiler-viviendas\/sant-gervasi-galvany\/\">Pisos en alquiler en Sant Gervasi Galvany<\/a><br \/><a href=\"https:\/\/locabarcelona.egluu.com\/es\/alquiler-viviendas\/zona-franca\/\">Pisos en alquiler en Zona Franca<\/a><br \/><a href=\"https:\/\/locabarcelona.egluu.com\/es\/alquiler-viviendas\/sants-badal\/\">Pisos en alquiler en Sants Badal<\/a><br \/><\/span><\/p>\t\t\t\t\t\t<\/div>\n\t\t\t\t<\/div>\n\t\t\t\t\t<\/div>\n\t\t<\/div>\n\t\t\t\t\t<\/div>\n\t\t<\/section>\n\t\t\t\t<\/div>\n\t\t","protected":false},"excerpt":{"rendered":"<p>Consultar una agencia de alquiler en Barcelona es indispensable antes de decidirse por comprar, alquilar o vender cualquier inmueble en la ciudad. La compa\u00f1\u00eda LocaBarcelona es la empresa m\u00e1s capacitada en la metr\u00f3poli para la compra-venta, ya sea de un departamento, estudio, piso o una casa. \u00bfPor qu\u00e9 optar por una agencia de alquiler en&#8230;<\/p>\n","protected":false},"author":344,"featured_media":0,"parent":0,"menu_order":0,"comment_status":"closed","ping_status":"closed","template":"templates\/list-layout.php","meta":{"inline_featured_image":false,"footnotes":""},"yoast_head":"<!-- This site is optimized with the Yoast SEO Premium plugin v22.6 (Yoast SEO v22.6) - https:\/\/yoast.com\/wordpress\/plugins\/seo\/ -->\n<title>Agencia de alquiler Barcelona | Locabarcelona<\/title>\n<meta name=\"description\" content=\"LOCA BARCELONA es la agencia de alquiler en Barcelona de referencia. Descubre sus diferentes ofertas y servicios inmobiliarios en Barcelona.\" \/>\n<meta name=\"robots\" content=\"noindex, follow, max-snippet:-1, max-image-preview:large, max-video-preview:-1\" \/>\n<meta property=\"og:locale\" content=\"es_ES\" \/>\n<meta property=\"og:type\" content=\"article\" \/>\n<meta property=\"og:title\" content=\"Agencia de alquiler Barcelona | Locabarcelona\" \/>\n<meta property=\"og:description\" content=\"LOCA BARCELONA es la agencia de alquiler en Barcelona de referencia. Descubre sus diferentes ofertas y servicios inmobiliarios en Barcelona.\" \/>\n<meta property=\"og:url\" content=\"https:\/\/locabarcelona.egluu.com\/es\/alquiler-viviendas\/\" \/>\n<meta property=\"og:site_name\" content=\"Locabarcelona\" \/>\n<meta property=\"article:modified_time\" content=\"2024-07-26T11:54:44+00:00\" \/>\n<meta name=\"twitter:card\" content=\"summary_large_image\" \/>\n<meta name=\"twitter:label1\" content=\"Est. reading time\" \/>\n\t<meta name=\"twitter:data1\" content=\"4 minutos\" \/>\n<script type=\"application\/ld+json\" class=\"yoast-schema-graph\">{\"@context\":\"https:\/\/schema.org\",\"@graph\":[{\"@type\":\"WebPage\",\"@id\":\"https:\/\/locabarcelona.egluu.com\/es\/alquiler-viviendas\/\",\"url\":\"https:\/\/locabarcelona.egluu.com\/es\/alquiler-viviendas\/\",\"name\":\"Agencia de alquiler Barcelona | Locabarcelona\",\"isPartOf\":{\"@id\":\"https:\/\/locabarcelona.egluu.com\/es\/#website\"},\"datePublished\":\"2022-02-11T09:52:15+00:00\",\"dateModified\":\"2024-07-26T11:54:44+00:00\",\"description\":\"LOCA BARCELONA es la agencia de alquiler en Barcelona de referencia. Descubre sus diferentes ofertas y servicios inmobiliarios en Barcelona.\",\"breadcrumb\":{\"@id\":\"https:\/\/locabarcelona.egluu.com\/es\/alquiler-viviendas\/#breadcrumb\"},\"inLanguage\":\"es\",\"potentialAction\":[{\"@type\":\"ReadAction\",\"target\":[\"https:\/\/locabarcelona.egluu.com\/es\/alquiler-viviendas\/\"]}]},{\"@type\":\"BreadcrumbList\",\"@id\":\"https:\/\/locabarcelona.egluu.com\/es\/alquiler-viviendas\/#breadcrumb\",\"itemListElement\":[{\"@type\":\"ListItem\",\"position\":1,\"name\":\"Inicio\",\"item\":\"https:\/\/www.locabarcelona.com\/es\/home\/\"},{\"@type\":\"ListItem\",\"position\":2,\"name\":\"Agencia de alquiler Barcelona\"}]},{\"@type\":\"WebSite\",\"@id\":\"https:\/\/locabarcelona.egluu.com\/es\/#website\",\"url\":\"https:\/\/locabarcelona.egluu.com\/es\/\",\"name\":\"Loca Barcelona\",\"description\":\"Real Estate Services\",\"publisher\":{\"@id\":\"https:\/\/locabarcelona.egluu.com\/es\/#organization\"},\"potentialAction\":[{\"@type\":\"SearchAction\",\"target\":{\"@type\":\"EntryPoint\",\"urlTemplate\":\"https:\/\/locabarcelona.egluu.com\/es\/?s={search_term_string}\"},\"query-input\":\"required name=search_term_string\"}],\"inLanguage\":\"es\"},{\"@type\":\"Organization\",\"@id\":\"https:\/\/locabarcelona.egluu.com\/es\/#organization\",\"name\":\"Loca Barcelona\",\"url\":\"https:\/\/locabarcelona.egluu.com\/es\/\",\"logo\":{\"@type\":\"ImageObject\",\"inLanguage\":\"es\",\"@id\":\"https:\/\/locabarcelona.egluu.com\/es\/#\/schema\/logo\/image\/\",\"url\":\"https:\/\/locabarcelona.egluu.com\/wp-content\/uploads\/2021\/10\/logo_locabarcelona_small.png\",\"contentUrl\":\"https:\/\/locabarcelona.egluu.com\/wp-content\/uploads\/2021\/10\/logo_locabarcelona_small.png\",\"width\":250,\"height\":149,\"caption\":\"Loca Barcelona\"},\"image\":{\"@id\":\"https:\/\/locabarcelona.egluu.com\/es\/#\/schema\/logo\/image\/\"}}]}<\/script>\n<!-- \/ Yoast SEO Premium plugin. -->","yoast_head_json":{"title":"Agencia de alquiler Barcelona | Locabarcelona","description":"LOCA BARCELONA es la agencia de alquiler en Barcelona de referencia. Descubre sus diferentes ofertas y servicios inmobiliarios en Barcelona.","robots":{"index":"noindex","follow":"follow","max-snippet":"max-snippet:-1","max-image-preview":"max-image-preview:large","max-video-preview":"max-video-preview:-1"},"og_locale":"es_ES","og_type":"article","og_title":"Agencia de alquiler Barcelona | Locabarcelona","og_description":"LOCA BARCELONA es la agencia de alquiler en Barcelona de referencia. Descubre sus diferentes ofertas y servicios inmobiliarios en Barcelona.","og_url":"https:\/\/locabarcelona.egluu.com\/es\/alquiler-viviendas\/","og_site_name":"Locabarcelona","article_modified_time":"2024-07-26T11:54:44+00:00","twitter_card":"summary_large_image","twitter_misc":{"Est. reading time":"4 minutos"},"schema":{"@context":"https:\/\/schema.org","@graph":[{"@type":"WebPage","@id":"https:\/\/locabarcelona.egluu.com\/es\/alquiler-viviendas\/","url":"https:\/\/locabarcelona.egluu.com\/es\/alquiler-viviendas\/","name":"Agencia de alquiler Barcelona | Locabarcelona","isPartOf":{"@id":"https:\/\/locabarcelona.egluu.com\/es\/#website"},"datePublished":"2022-02-11T09:52:15+00:00","dateModified":"2024-07-26T11:54:44+00:00","description":"LOCA BARCELONA es la agencia de alquiler en Barcelona de referencia. Descubre sus diferentes ofertas y servicios inmobiliarios en Barcelona.","breadcrumb":{"@id":"https:\/\/locabarcelona.egluu.com\/es\/alquiler-viviendas\/#breadcrumb"},"inLanguage":"es","potentialAction":[{"@type":"ReadAction","target":["https:\/\/locabarcelona.egluu.com\/es\/alquiler-viviendas\/"]}]},{"@type":"BreadcrumbList","@id":"https:\/\/locabarcelona.egluu.com\/es\/alquiler-viviendas\/#breadcrumb","itemListElement":[{"@type":"ListItem","position":1,"name":"Inicio","item":"https:\/\/www.locabarcelona.com\/es\/home\/"},{"@type":"ListItem","position":2,"name":"Agencia de alquiler Barcelona"}]},{"@type":"WebSite","@id":"https:\/\/locabarcelona.egluu.com\/es\/#website","url":"https:\/\/locabarcelona.egluu.com\/es\/","name":"Loca Barcelona","description":"Real Estate Services","publisher":{"@id":"https:\/\/locabarcelona.egluu.com\/es\/#organization"},"potentialAction":[{"@type":"SearchAction","target":{"@type":"EntryPoint","urlTemplate":"https:\/\/locabarcelona.egluu.com\/es\/?s={search_term_string}"},"query-input":"required name=search_term_string"}],"inLanguage":"es"},{"@type":"Organization","@id":"https:\/\/locabarcelona.egluu.com\/es\/#organization","name":"Loca Barcelona","url":"https:\/\/locabarcelona.egluu.com\/es\/","logo":{"@type":"ImageObject","inLanguage":"es","@id":"https:\/\/locabarcelona.egluu.com\/es\/#\/schema\/logo\/image\/","url":"https:\/\/locabarcelona.egluu.com\/wp-content\/uploads\/2021\/10\/logo_locabarcelona_small.png","contentUrl":"https:\/\/locabarcelona.egluu.com\/wp-content\/uploads\/2021\/10\/logo_locabarcelona_small.png","width":250,"height":149,"caption":"Loca Barcelona"},"image":{"@id":"https:\/\/locabarcelona.egluu.com\/es\/#\/schema\/logo\/image\/"}}]}},"_links":{"self":[{"href":"https:\/\/locabarcelona.egluu.com\/es\/wp-json\/wp\/v2\/pages\/438299"}],"collection":[{"href":"https:\/\/locabarcelona.egluu.com\/es\/wp-json\/wp\/v2\/pages"}],"about":[{"href":"https:\/\/locabarcelona.egluu.com\/es\/wp-json\/wp\/v2\/types\/page"}],"author":[{"embeddable":true,"href":"https:\/\/locabarcelona.egluu.com\/es\/wp-json\/wp\/v2\/users\/344"}],"replies":[{"embeddable":true,"href":"https:\/\/locabarcelona.egluu.com\/es\/wp-json\/wp\/v2\/comments?post=438299"}],"version-history":[{"count":3,"href":"https:\/\/locabarcelona.egluu.com\/es\/wp-json\/wp\/v2\/pages\/438299\/revisions"}],"predecessor-version":[{"id":535714,"href":"https:\/\/locabarcelona.egluu.com\/es\/wp-json\/wp\/v2\/pages\/438299\/revisions\/535714"}],"wp:attachment":[{"href":"https:\/\/locabarcelona.egluu.com\/es\/wp-json\/wp\/v2\/media?parent=438299"}],"curies":[{"name":"wp","href":"https:\/\/api.w.org\/{rel}","templated":true}]}}