{"id":438323,"date":"2022-02-11T13:29:49","date_gmt":"2022-02-11T12:29:49","guid":{"rendered":"https:\/\/locabarcelona.egluu.com\/?page_id=438323"},"modified":"2023-02-22T13:01:55","modified_gmt":"2023-02-22T12:01:55","slug":"horta-guinardo","status":"publish","type":"page","link":"https:\/\/locabarcelona.egluu.com\/es\/alquiler-viviendas\/horta-guinardo\/","title":{"rendered":"Pisos en alquiler en Horta-Guinardo"},"content":{"rendered":"\t\t<div data-elementor-type=\"wp-page\" data-elementor-id=\"438323\" class=\"elementor elementor-438323 elementor-438258\" data-elementor-post-type=\"page\">\n\t\t\t\t\t\t<section class=\"elementor-section elementor-top-section elementor-element elementor-element-5f2c34e8 elementor-section-boxed elementor-section-height-default elementor-section-height-default\" data-id=\"5f2c34e8\" data-element_type=\"section\">\n\t\t\t\t\t\t<div class=\"elementor-container elementor-column-gap-default\">\n\t\t\t\t\t<div class=\"elementor-column elementor-col-100 elementor-top-column elementor-element elementor-element-6db26b0b\" data-id=\"6db26b0b\" data-element_type=\"column\">\n\t\t\t<div class=\"elementor-widget-wrap elementor-element-populated\">\n\t\t\t\t\t\t<div class=\"elementor-element elementor-element-51118262 elementor-widget elementor-widget-text-editor\" data-id=\"51118262\" data-element_type=\"widget\" data-widget_type=\"text-editor.default\">\n\t\t\t\t<div class=\"elementor-widget-container\">\n\t\t\t\t\t\t\t<h2>\u00bfPor qu\u00e9 alquilar un piso en Horta-Guinardo?<\/h2><p>LOCA BARCELONA te ofrece una amplia selecci\u00f3n de <strong>pisos en alquiler en Horta-Guinardo<\/strong>, como pisos renovados y de dise\u00f1o con terrazas. En Horta-Guinardo es f\u00e1cil encontrar viviendas en alquiler de 1 a 4 habitaciones.<\/p><p>Al igual que los distritos de Les Corts y Sarria &#8211; Sant Gervasi, Horta-Guinard\u00f3 es una <strong>zona residencial tranquila<\/strong>. Sin embargo, su principal ventaja es que ofrece todas las ventajas de vivir cerca del centro de la ciudad sin dejar de ser <strong>un barrio asequible<\/strong>. De hecho, en esta zona se pueden encontrar pisos m\u00e1s baratos de excelente calidad. Por eso, la zona es muy popular entre los estudiantes que buscan alojamiento en Barcelona. Los pisos de estudiantes en alquiler en Horta-Guinard\u00f3 van desde estudios hasta d\u00faplex y edificios nuevos.\u00a0<\/p><p>El distrito cuenta con m\u00e1s de 42 escuelas, numerosos campus, as\u00ed como escuelas de idiomas y 4 bibliotecas de renombre. Por tal raz\u00f3n, el distrito tambi\u00e9n es especialmente popular entre las familias, que desean vivir lejos del bullicio del centro de la ciudad y cerca de los centros educativos. El distrito es, en general, <strong>amable y tranquilo<\/strong>. Es el lugar ideal para establecerse si quiere experimentar el aut\u00e9ntico estilo de vida mediterr\u00e1neo en Barcelona.\u00a0<\/p><p>El distrito tambi\u00e9n cuenta con <strong>numerosos supermercados y tiendas independientes<\/strong>, donde podr\u00e1s hacer tu compras semanales. Tendr\u00e1s la oportunidad de descubrir el Mercado de Horta, donde podr\u00e1s comprar productos frescos, desayunar o comprar ropa.\u00a0<\/p><p>Adem\u00e1s, en esta zona se encuentran algunos de los mejores hospitales de la ciudad. <strong>El barrio de Vall D&#8217;Hebron<\/strong> alberga uno de los complejos hospitalarios m\u00e1s grandes y mejor equipados de la ciudad. Echa un vistazo a nuestra selecci\u00f3n de alquileres y perm\u00edtanos ayudarte a encontrar el alojamiento adecuado para ti Barcelona.<\/p><p>Horta-Guinard\u00f3 es una zona de colinas verdes. Aunque no es una de las zonas m\u00e1s tur\u00edsticas de la ciudad, sus sitios m\u00e1s bellos son bien conocidos por los habituales. De hecho, el distrito alberga el magn\u00edfico Laberinto de Horta, el parque m\u00e1s antiguo y po\u00e9tico de la ciudad, a menudo descrito por los lugare\u00f1os como el jard\u00edn del amor. Otras joyas arquitect\u00f3nicas son: la escultura llamada Poema Visual de Joan Brossa, y el Hospital de la Santa Creu i Sant Paul, que es un ejemplo significativo del movimiento modernista catal\u00e1n.\u00a0<\/p><p>En esta zona, gracias a su proximidad al parque natural de Collserola, tambi\u00e9n tendr\u00e1s la oportunidad de pasear por suntuosos parques y jardines como los Jardines del Viver de Can Borni, un jard\u00edn excepcional para visitar. Asimismo, desde el hist\u00f3rico mirador del Turo de la Rovera se puede disfrutar de <strong>una espectacular vista panor\u00e1mica de la ciudad<\/strong>. Este barrio te har\u00e1 olvidar realmente que te encuentras en una de las ciudades m\u00e1s concurridas de Espa\u00f1a.<\/p><h2>\u00bfCu\u00e1les son las ventajas de alquilar una vivienda en Horta-Guinard\u00f3?<\/h2><p>Situado al noreste de la ciudad de Barcelona, fue en su d\u00eda un municipio independiente, caracterizado principalmente por una amplia zona agr\u00edcola. En la actualidad, el distrito de Horta-Guinard\u00f3 es <strong>una de las zonas m\u00e1s amplias y verdes de la ciudad<\/strong>.\u00a0<\/p><p>Curiosamente, es uno de los distritos con mayor oferta de <strong>propiedades reci\u00e9n renovadas<\/strong> y modernas en desarrollo. Esto hace que sea un lugar especialmente <strong>agradable para vivir<\/strong> y que busques un piso con <strong>aire acondicionado<\/strong>, adem\u00e1s de otras <strong>instalaciones modernas<\/strong>, mientras buscas un <strong>piso econ\u00f3mico en Barcelona<\/strong>.\u00a0<\/p><p>El distrito consta de 11 barrios: <strong>El Baix Guinard\u00f3, El Guinard\u00f3, Can Bar\u00f3, El Carmel, La Font d&#8217;en Fargues, Horta, La Clota, Montbau, Sant Gen\u00eds dels Agudells, La Teixonera y La Vall d&#8217;Hebron<\/strong>.<\/p>\t\t\t\t\t\t<\/div>\n\t\t\t\t<\/div>\n\t\t\t\t\t<\/div>\n\t\t<\/div>\n\t\t\t\t\t<\/div>\n\t\t<\/section>\n\t\t\t\t<section class=\"elementor-section elementor-top-section elementor-element elementor-element-3df08ea2 elementor-section-boxed elementor-section-height-default elementor-section-height-default\" data-id=\"3df08ea2\" data-element_type=\"section\">\n\t\t\t\t\t\t<div class=\"elementor-container elementor-column-gap-default\">\n\t\t\t\t\t<div class=\"elementor-column elementor-col-100 elementor-top-column elementor-element elementor-element-49463f3c\" data-id=\"49463f3c\" data-element_type=\"column\">\n\t\t\t<div class=\"elementor-widget-wrap elementor-element-populated\">\n\t\t\t\t\t\t<div class=\"elementor-element elementor-element-eb0d097 elementor-widget elementor-widget-spacer\" data-id=\"eb0d097\" data-element_type=\"widget\" data-widget_type=\"spacer.default\">\n\t\t\t\t<div class=\"elementor-widget-container\">\n\t\t\t\t\t<div class=\"elementor-spacer\">\n\t\t\t<div class=\"elementor-spacer-inner\"><\/div>\n\t\t<\/div>\n\t\t\t\t<\/div>\n\t\t\t\t<\/div>\n\t\t\t\t\t<\/div>\n\t\t<\/div>\n\t\t\t\t\t<\/div>\n\t\t<\/section>\n\t\t\t\t<section class=\"elementor-section elementor-top-section elementor-element elementor-element-b3cf946 elementor-section-boxed elementor-section-height-default elementor-section-height-default\" data-id=\"b3cf946\" data-element_type=\"section\">\n\t\t\t\t\t\t<div class=\"elementor-container elementor-column-gap-default\">\n\t\t\t\t\t<div class=\"elementor-column elementor-col-100 elementor-top-column elementor-element elementor-element-97206c7\" data-id=\"97206c7\" data-element_type=\"column\">\n\t\t\t<div class=\"elementor-widget-wrap elementor-element-populated\">\n\t\t\t\t\t\t<div class=\"elementor-element elementor-element-37077b1 elementor-widget elementor-widget-heading\" data-id=\"37077b1\" data-element_type=\"widget\" data-widget_type=\"heading.default\">\n\t\t\t\t<div class=\"elementor-widget-container\">\n\t\t\t<h2 class=\"elementor-heading-title elementor-size-default\">B\u00fasquedas frecuentes :<\/h2>\t\t<\/div>\n\t\t\t\t<\/div>\n\t\t\t\t\t<\/div>\n\t\t<\/div>\n\t\t\t\t\t<\/div>\n\t\t<\/section>\n\t\t\t\t<section class=\"elementor-section elementor-top-section elementor-element elementor-element-444bf6d2 elementor-section-boxed elementor-section-height-default elementor-section-height-default\" data-id=\"444bf6d2\" data-element_type=\"section\">\n\t\t\t\t\t\t<div class=\"elementor-container elementor-column-gap-default\">\n\t\t\t\t\t<div class=\"elementor-column elementor-col-50 elementor-top-column elementor-element elementor-element-5eb62bf7\" data-id=\"5eb62bf7\" data-element_type=\"column\">\n\t\t\t<div class=\"elementor-widget-wrap elementor-element-populated\">\n\t\t\t\t\t\t<div class=\"elementor-element elementor-element-7916c06d elementor-widget elementor-widget-text-editor\" data-id=\"7916c06d\" data-element_type=\"widget\" data-widget_type=\"text-editor.default\">\n\t\t\t\t<div class=\"elementor-widget-container\">\n\t\t\t\t\t\t\t<p><a href=\"https:\/\/locabarcelona.egluu.com\/es\/alquiler-viviendas\/pisos-estudiantes-barcelona\/\" target=\"_blank\" rel=\"noopener\">Pisos estudiantes<\/a><\/p><p><a href=\"https:\/\/locabarcelona.egluu.com\/es\/tipo-de-servicio\/compartir-piso-barcelona\/\" target=\"_blank\" rel=\"noopener\">Piso para compartir<\/a><\/p><p><a href=\"https:\/\/locabarcelona.egluu.com\/es\/property-feature\/caracteristicas\/pisos-amueblados\/\">Pisos alquiler amueblados<\/a><\/p><p><a href=\"https:\/\/locabarcelona.egluu.com\/es\/alquiler-viviendas\/estudio-barcelona\/\">Estudio alquiler<\/a><\/p>\t\t\t\t\t\t<\/div>\n\t\t\t\t<\/div>\n\t\t\t\t\t<\/div>\n\t\t<\/div>\n\t\t\t\t<div class=\"elementor-column elementor-col-50 elementor-top-column elementor-element elementor-element-4b4b83ce\" data-id=\"4b4b83ce\" data-element_type=\"column\">\n\t\t\t<div class=\"elementor-widget-wrap elementor-element-populated\">\n\t\t\t\t\t\t<div class=\"elementor-element elementor-element-76e6c3f4 elementor-widget elementor-widget-text-editor\" data-id=\"76e6c3f4\" data-element_type=\"widget\" data-widget_type=\"text-editor.default\">\n\t\t\t\t<div class=\"elementor-widget-container\">\n\t\t\t\t\t\t\t<p><a href=\"https:\/\/locabarcelona.egluu.com\/es\/alquiler-viviendas\/piso-con-terraza-barcelona\/\">Piso con terraza<\/a><\/p><p><a href=\"https:\/\/locabarcelona.egluu.com\/es\/alquiler-viviendas\/atico-en-barcelona\/\">Piso \u00e1tico<\/a><\/p><p><a href=\"https:\/\/locabarcelona.egluu.com\/es\/alquiler-viviendas\/pisos-de-2-habitaciones-en-barcelona\/\">Pisos de 2 habitaciones<\/a><\/p><p><a href=\"https:\/\/locabarcelona.egluu.com\/es\/alquiler-viviendas\/pisos-de-3-habitaciones-en-barcelona\/\">Pisos de 3 habitaciones<\/a><\/p>\t\t\t\t\t\t<\/div>\n\t\t\t\t<\/div>\n\t\t\t\t\t<\/div>\n\t\t<\/div>\n\t\t\t\t\t<\/div>\n\t\t<\/section>\n\t\t\t\t<section class=\"elementor-section elementor-top-section elementor-element elementor-element-4a864edb elementor-section-boxed elementor-section-height-default elementor-section-height-default\" data-id=\"4a864edb\" data-element_type=\"section\">\n\t\t\t\t\t\t<div class=\"elementor-container elementor-column-gap-default\">\n\t\t\t\t\t<div class=\"elementor-column elementor-col-100 elementor-top-column elementor-element elementor-element-2da237a3\" data-id=\"2da237a3\" data-element_type=\"column\">\n\t\t\t<div class=\"elementor-widget-wrap elementor-element-populated\">\n\t\t\t\t\t\t<div class=\"elementor-element elementor-element-5ada4d5c elementor-widget elementor-widget-heading\" data-id=\"5ada4d5c\" data-element_type=\"widget\" data-widget_type=\"heading.default\">\n\t\t\t\t<div class=\"elementor-widget-container\">\n\t\t\t<h2 class=\"elementor-heading-title elementor-size-default\">Pisos en alquiler por distritos <\/h2>\t\t<\/div>\n\t\t\t\t<\/div>\n\t\t\t\t\t<\/div>\n\t\t<\/div>\n\t\t\t\t\t<\/div>\n\t\t<\/section>\n\t\t\t\t<section class=\"elementor-section elementor-top-section elementor-element elementor-element-39370ab7 elementor-section-boxed elementor-section-height-default elementor-section-height-default\" data-id=\"39370ab7\" data-element_type=\"section\">\n\t\t\t\t\t\t<div class=\"elementor-container elementor-column-gap-default\">\n\t\t\t\t\t<div class=\"elementor-column elementor-col-50 elementor-top-column elementor-element elementor-element-60f8e143\" data-id=\"60f8e143\" data-element_type=\"column\">\n\t\t\t<div class=\"elementor-widget-wrap elementor-element-populated\">\n\t\t\t\t\t\t<div class=\"elementor-element elementor-element-75fe1941 elementor-widget elementor-widget-global elementor-global-446206 elementor-widget-text-editor\" data-id=\"75fe1941\" data-element_type=\"widget\" data-widget_type=\"text-editor.default\">\n\t\t\t\t<div class=\"elementor-widget-container\">\n\t\t\t\t\t\t\t<p><span data-sheets-value=\"{\"><a href=\"https:\/\/locabarcelona.egluu.com\/es\/alquiler-viviendas\/el-eixample\/\">Pisos en alquiler en l&#8217;Eixample<\/a><br \/><a href=\"https:\/\/locabarcelona.egluu.com\/es\/alquiler-viviendas\/eixample-dreta\/\">Pisos en alquiler en Eixample Dreta<\/a><br \/><a href=\"https:\/\/locabarcelona.egluu.com\/es\/alquiler-viviendas\/antiga-esquerra-eixample\/\">Pisos en Antiga Esquerra de l&#8217;Eixample<\/a><br \/><\/span><span data-sheets-value=\"{\"><a href=\"https:\/\/locabarcelona.egluu.com\/es\/alquiler-viviendas\/nova-esquerra-eixample\/\">Pisos en Nova Esquerra de l&#8217;Eixample<\/a><br \/><a href=\"https:\/\/locabarcelona.egluu.com\/es\/alquiler-viviendas\/fort-pienc\/\">Pisos en alquiler en Fort Pienc<\/a><br \/><a href=\"https:\/\/locabarcelona.egluu.com\/es\/alquiler-viviendas\/eixample\/sagrada-familia\/\">Pisos en alquiler en Sagrada Familia<\/a><br \/><a href=\"https:\/\/locabarcelona.egluu.com\/es\/alquiler-viviendas\/eixample\/sant-antoni\/\">Pisos en alquiler en Sant antoni<\/a><br \/><a href=\"https:\/\/locabarcelona.egluu.com\/es\/alquiler-viviendas\/ciutat-vella\/\">Pisos en alquiler en Ciutat Vella<\/a><br \/><a href=\"https:\/\/locabarcelona.egluu.com\/es\/alquiler-viviendas\/el-gotico\/\">Pisos en alquiler en el Gotico<\/a><br \/><a href=\"https:\/\/locabarcelona.egluu.com\/es\/alquiler-viviendas\/raval\/\">Pisos en alquiler en el Raval<\/a><br \/><a href=\"https:\/\/locabarcelona.egluu.com\/es\/alquiler-viviendas\/el-born\/\">Pisos en alquiler en el Born<\/a><br \/><a href=\"https:\/\/locabarcelona.egluu.com\/es\/alquiler-viviendas\/barceloneta\/\">Pisos en alquiler en Barceloneta<\/a><br \/><a href=\"https:\/\/locabarcelona.egluu.com\/es\/alquiler-viviendas\/sants-montjuic\/\">Pisos en alquiler en Sants-Montju\u00efc<\/a><br \/><a href=\"https:\/\/locabarcelona.egluu.com\/es\/alquiler-viviendas\/poble-sec\/\">Pisos en alquiler en Poble Sec<\/a><br \/><a href=\"https:\/\/locabarcelona.egluu.com\/es\/alquiler-viviendas\/sants\/\">Pisos en alquiler en Sants<\/a><br \/><a href=\"https:\/\/locabarcelona.egluu.com\/es\/alquiler-viviendas\/el-putxet-i-farro\/\">Pisos en alquiler en El Putxet i Farr\u00f3<\/a><br \/><a href=\"https:\/\/locabarcelona.egluu.com\/es\/alquiler-viviendas\/las-tres-torres\/\">Pisos en alquiler en Las Tres Torres<\/a><br \/><a href=\"https:\/\/locabarcelona.egluu.com\/es\/alquiler-viviendas\/montjuic\/\">Pisos en alquiler en Montjuic\u00a0<\/a><\/span><\/p>\t\t\t\t\t\t<\/div>\n\t\t\t\t<\/div>\n\t\t\t\t\t<\/div>\n\t\t<\/div>\n\t\t\t\t<div class=\"elementor-column elementor-col-50 elementor-top-column elementor-element elementor-element-722ef1b0\" data-id=\"722ef1b0\" data-element_type=\"column\">\n\t\t\t<div class=\"elementor-widget-wrap elementor-element-populated\">\n\t\t\t\t\t\t<div class=\"elementor-element elementor-element-550c313d elementor-widget elementor-widget-global elementor-global-446210 elementor-widget-text-editor\" data-id=\"550c313d\" data-element_type=\"widget\" data-widget_type=\"text-editor.default\">\n\t\t\t\t<div class=\"elementor-widget-container\">\n\t\t\t\t\t\t\t<p><a href=\"https:\/\/locabarcelona.egluu.com\/es\/alquiler-viviendas\/les-corts\/\">Pisos en alquiler en les Corts<\/a><br \/><span data-sheets-value=\"{\"><a href=\"https:\/\/locabarcelona.egluu.com\/es\/alquiler-viviendas\/pedralbes\/\">Pisos en alquiler en Pedralbes<\/a><br \/><a href=\"https:\/\/locabarcelona.egluu.com\/es\/alquiler-viviendas\/sarria-sant-gervasi\/\">Pisos en alquiler en Sarria Sant Gervasi<\/a><br \/><a href=\"https:\/\/locabarcelona.egluu.com\/es\/alquiler-viviendas\/sarria\/\">Pisos en alquiler en Sarria<\/a><br \/><a href=\"https:\/\/locabarcelona.egluu.com\/es\/property-for-rent\/gracia\/\">Pisos en alquiler en Gracia<\/a><br \/><a href=\"https:\/\/locabarcelona.egluu.com\/es\/alquiler-viviendas\/vila-de-gracia\/\">Pisos en alquiler en Vila de Gr\u00e0cia<\/a><br \/><a href=\"https:\/\/locabarcelona.egluu.com\/es\/alquiler-viviendas\/horta-guinardo\/\">Pisos en alquiler en Horta-Guinardo<\/a><br \/><a href=\"https:\/\/locabarcelona.egluu.com\/es\/alquiler-viviendas\/nou-barris\/\">Pisos en alquiler en Nou Barris<\/a><br \/><a href=\"https:\/\/locabarcelona.egluu.com\/es\/alquiler-viviendas\/sant-andreu\/\">Pisos en alquiler en Sant Andreu<\/a><br \/><a href=\"https:\/\/locabarcelona.egluu.com\/es\/alquiler-viviendas\/sant-marti\/\">Pisos en alquiler en Sant Mart\u00ed<\/a><br \/><a href=\"https:\/\/locabarcelona.egluu.com\/es\/alquiler-viviendas\/el-clot\/\">Pisos en alquiler en el Clot<\/a><br \/><a href=\"https:\/\/locabarcelona.egluu.com\/es\/alquiler-viviendas\/vila-olimpica-del-poblenou\/\">Pisos en La vila olimpica del Poblenou<\/a><br \/><a href=\"https:\/\/locabarcelona.egluu.com\/es\/alquiler-viviendas\/poblenou\/\">Pisos en alquiler en Poblenou<\/a><br \/><a href=\"https:\/\/locabarcelona.egluu.com\/es\/alquiler-viviendas\/diagonal-mar\/\">Pisos en alquiler en Diagonal Mar<\/a><br \/><a href=\"https:\/\/locabarcelona.egluu.com\/es\/alquiler-viviendas\/sant-gervasi-la-bonanova\/\">Pisos en alquiler en Sant gervasi \u2013 la bonanova<\/a><br \/><a href=\"https:\/\/locabarcelona.egluu.com\/es\/alquiler-viviendas\/sant-gervasi-galvany\/\">Pisos en alquiler en Sant Gervasi Galvany<\/a><br \/><a href=\"https:\/\/locabarcelona.egluu.com\/es\/alquiler-viviendas\/zona-franca\/\">Pisos en alquiler en Zona Franca<\/a><br \/><a href=\"https:\/\/locabarcelona.egluu.com\/es\/alquiler-viviendas\/sants-badal\/\">Pisos en alquiler en Sants Badal<\/a><br \/><\/span><\/p>\t\t\t\t\t\t<\/div>\n\t\t\t\t<\/div>\n\t\t\t\t\t<\/div>\n\t\t<\/div>\n\t\t\t\t\t<\/div>\n\t\t<\/section>\n\t\t\t\t<\/div>\n\t\t","protected":false},"excerpt":{"rendered":"<p>\u00bfPor qu\u00e9 alquilar un piso en Horta-Guinardo? LOCA BARCELONA te ofrece una amplia selecci\u00f3n de pisos en alquiler en Horta-Guinardo, como pisos renovados y de dise\u00f1o con terrazas. En Horta-Guinardo es f\u00e1cil encontrar viviendas en alquiler de 1 a 4 habitaciones. Al igual que los distritos de Les Corts y Sarria &#8211; Sant Gervasi, Horta-Guinard\u00f3&#8230;<\/p>\n","protected":false},"author":344,"featured_media":0,"parent":438299,"menu_order":0,"comment_status":"closed","ping_status":"closed","template":"templates\/list-layout.php","meta":{"inline_featured_image":false,"footnotes":""},"yoast_head":"<!-- This site is optimized with the Yoast SEO Premium plugin v22.6 (Yoast SEO v22.6) - https:\/\/yoast.com\/wordpress\/plugins\/seo\/ -->\n<title>Pisos en alquiler en Horta-Guinardo | Locabarcelona<\/title>\n<meta name=\"description\" content=\"LOCA BARCELONA ofrece una amplia selecci\u00f3n de propiedades en alquiler en Horta-Guinardo, tanto para estancias largas como cortas.\" \/>\n<meta name=\"robots\" content=\"noindex, follow, max-snippet:-1, max-image-preview:large, max-video-preview:-1\" \/>\n<meta property=\"og:locale\" content=\"es_ES\" \/>\n<meta property=\"og:type\" content=\"article\" \/>\n<meta property=\"og:title\" content=\"Pisos en alquiler en Horta-Guinardo | Locabarcelona\" \/>\n<meta property=\"og:description\" content=\"LOCA BARCELONA ofrece una amplia selecci\u00f3n de propiedades en alquiler en Horta-Guinardo, tanto para estancias largas como cortas.\" \/>\n<meta property=\"og:url\" content=\"https:\/\/locabarcelona.egluu.com\/es\/alquiler-viviendas\/horta-guinardo\/\" \/>\n<meta property=\"og:site_name\" content=\"Locabarcelona\" \/>\n<meta property=\"article:modified_time\" content=\"2023-02-22T12:01:55+00:00\" \/>\n<meta name=\"twitter:card\" content=\"summary_large_image\" \/>\n<meta name=\"twitter:label1\" content=\"Est. reading time\" \/>\n\t<meta name=\"twitter:data1\" content=\"4 minutos\" \/>\n<script type=\"application\/ld+json\" class=\"yoast-schema-graph\">{\"@context\":\"https:\/\/schema.org\",\"@graph\":[{\"@type\":\"WebPage\",\"@id\":\"https:\/\/locabarcelona.egluu.com\/es\/alquiler-viviendas\/horta-guinardo\/\",\"url\":\"https:\/\/locabarcelona.egluu.com\/es\/alquiler-viviendas\/horta-guinardo\/\",\"name\":\"Pisos en alquiler en Horta-Guinardo | Locabarcelona\",\"isPartOf\":{\"@id\":\"https:\/\/locabarcelona.egluu.com\/es\/#website\"},\"datePublished\":\"2022-02-11T12:29:49+00:00\",\"dateModified\":\"2023-02-22T12:01:55+00:00\",\"description\":\"LOCA BARCELONA ofrece una amplia selecci\u00f3n de propiedades en alquiler en Horta-Guinardo, tanto para estancias largas como cortas.\",\"breadcrumb\":{\"@id\":\"https:\/\/locabarcelona.egluu.com\/es\/alquiler-viviendas\/horta-guinardo\/#breadcrumb\"},\"inLanguage\":\"es\",\"potentialAction\":[{\"@type\":\"ReadAction\",\"target\":[\"https:\/\/locabarcelona.egluu.com\/es\/alquiler-viviendas\/horta-guinardo\/\"]}]},{\"@type\":\"BreadcrumbList\",\"@id\":\"https:\/\/locabarcelona.egluu.com\/es\/alquiler-viviendas\/horta-guinardo\/#breadcrumb\",\"itemListElement\":[{\"@type\":\"ListItem\",\"position\":1,\"name\":\"Inicio\",\"item\":\"https:\/\/www.locabarcelona.com\/es\/home\/\"},{\"@type\":\"ListItem\",\"position\":2,\"name\":\"Agencia de alquiler Barcelona\",\"item\":\"https:\/\/www.locabarcelona.com\/es\/alquiler-viviendas\/\"},{\"@type\":\"ListItem\",\"position\":3,\"name\":\"Pisos en alquiler en Horta-Guinardo\"}]},{\"@type\":\"WebSite\",\"@id\":\"https:\/\/locabarcelona.egluu.com\/es\/#website\",\"url\":\"https:\/\/locabarcelona.egluu.com\/es\/\",\"name\":\"Loca Barcelona\",\"description\":\"Real Estate Services\",\"publisher\":{\"@id\":\"https:\/\/locabarcelona.egluu.com\/es\/#organization\"},\"potentialAction\":[{\"@type\":\"SearchAction\",\"target\":{\"@type\":\"EntryPoint\",\"urlTemplate\":\"https:\/\/locabarcelona.egluu.com\/es\/?s={search_term_string}\"},\"query-input\":\"required name=search_term_string\"}],\"inLanguage\":\"es\"},{\"@type\":\"Organization\",\"@id\":\"https:\/\/locabarcelona.egluu.com\/es\/#organization\",\"name\":\"Loca Barcelona\",\"url\":\"https:\/\/locabarcelona.egluu.com\/es\/\",\"logo\":{\"@type\":\"ImageObject\",\"inLanguage\":\"es\",\"@id\":\"https:\/\/locabarcelona.egluu.com\/es\/#\/schema\/logo\/image\/\",\"url\":\"https:\/\/locabarcelona.egluu.com\/wp-content\/uploads\/2021\/10\/logo_locabarcelona_small.png\",\"contentUrl\":\"https:\/\/locabarcelona.egluu.com\/wp-content\/uploads\/2021\/10\/logo_locabarcelona_small.png\",\"width\":250,\"height\":149,\"caption\":\"Loca Barcelona\"},\"image\":{\"@id\":\"https:\/\/locabarcelona.egluu.com\/es\/#\/schema\/logo\/image\/\"}}]}<\/script>\n<!-- \/ Yoast SEO Premium plugin. -->","yoast_head_json":{"title":"Pisos en alquiler en Horta-Guinardo | Locabarcelona","description":"LOCA BARCELONA ofrece una amplia selecci\u00f3n de propiedades en alquiler en Horta-Guinardo, tanto para estancias largas como cortas.","robots":{"index":"noindex","follow":"follow","max-snippet":"max-snippet:-1","max-image-preview":"max-image-preview:large","max-video-preview":"max-video-preview:-1"},"og_locale":"es_ES","og_type":"article","og_title":"Pisos en alquiler en Horta-Guinardo | Locabarcelona","og_description":"LOCA BARCELONA ofrece una amplia selecci\u00f3n de propiedades en alquiler en Horta-Guinardo, tanto para estancias largas como cortas.","og_url":"https:\/\/locabarcelona.egluu.com\/es\/alquiler-viviendas\/horta-guinardo\/","og_site_name":"Locabarcelona","article_modified_time":"2023-02-22T12:01:55+00:00","twitter_card":"summary_large_image","twitter_misc":{"Est. reading time":"4 minutos"},"schema":{"@context":"https:\/\/schema.org","@graph":[{"@type":"WebPage","@id":"https:\/\/locabarcelona.egluu.com\/es\/alquiler-viviendas\/horta-guinardo\/","url":"https:\/\/locabarcelona.egluu.com\/es\/alquiler-viviendas\/horta-guinardo\/","name":"Pisos en alquiler en Horta-Guinardo | Locabarcelona","isPartOf":{"@id":"https:\/\/locabarcelona.egluu.com\/es\/#website"},"datePublished":"2022-02-11T12:29:49+00:00","dateModified":"2023-02-22T12:01:55+00:00","description":"LOCA BARCELONA ofrece una amplia selecci\u00f3n de propiedades en alquiler en Horta-Guinardo, tanto para estancias largas como cortas.","breadcrumb":{"@id":"https:\/\/locabarcelona.egluu.com\/es\/alquiler-viviendas\/horta-guinardo\/#breadcrumb"},"inLanguage":"es","potentialAction":[{"@type":"ReadAction","target":["https:\/\/locabarcelona.egluu.com\/es\/alquiler-viviendas\/horta-guinardo\/"]}]},{"@type":"BreadcrumbList","@id":"https:\/\/locabarcelona.egluu.com\/es\/alquiler-viviendas\/horta-guinardo\/#breadcrumb","itemListElement":[{"@type":"ListItem","position":1,"name":"Inicio","item":"https:\/\/www.locabarcelona.com\/es\/home\/"},{"@type":"ListItem","position":2,"name":"Agencia de alquiler Barcelona","item":"https:\/\/www.locabarcelona.com\/es\/alquiler-viviendas\/"},{"@type":"ListItem","position":3,"name":"Pisos en alquiler en Horta-Guinardo"}]},{"@type":"WebSite","@id":"https:\/\/locabarcelona.egluu.com\/es\/#website","url":"https:\/\/locabarcelona.egluu.com\/es\/","name":"Loca Barcelona","description":"Real Estate Services","publisher":{"@id":"https:\/\/locabarcelona.egluu.com\/es\/#organization"},"potentialAction":[{"@type":"SearchAction","target":{"@type":"EntryPoint","urlTemplate":"https:\/\/locabarcelona.egluu.com\/es\/?s={search_term_string}"},"query-input":"required name=search_term_string"}],"inLanguage":"es"},{"@type":"Organization","@id":"https:\/\/locabarcelona.egluu.com\/es\/#organization","name":"Loca Barcelona","url":"https:\/\/locabarcelona.egluu.com\/es\/","logo":{"@type":"ImageObject","inLanguage":"es","@id":"https:\/\/locabarcelona.egluu.com\/es\/#\/schema\/logo\/image\/","url":"https:\/\/locabarcelona.egluu.com\/wp-content\/uploads\/2021\/10\/logo_locabarcelona_small.png","contentUrl":"https:\/\/locabarcelona.egluu.com\/wp-content\/uploads\/2021\/10\/logo_locabarcelona_small.png","width":250,"height":149,"caption":"Loca Barcelona"},"image":{"@id":"https:\/\/locabarcelona.egluu.com\/es\/#\/schema\/logo\/image\/"}}]}},"_links":{"self":[{"href":"https:\/\/locabarcelona.egluu.com\/es\/wp-json\/wp\/v2\/pages\/438323"}],"collection":[{"href":"https:\/\/locabarcelona.egluu.com\/es\/wp-json\/wp\/v2\/pages"}],"about":[{"href":"https:\/\/locabarcelona.egluu.com\/es\/wp-json\/wp\/v2\/types\/page"}],"author":[{"embeddable":true,"href":"https:\/\/locabarcelona.egluu.com\/es\/wp-json\/wp\/v2\/users\/344"}],"replies":[{"embeddable":true,"href":"https:\/\/locabarcelona.egluu.com\/es\/wp-json\/wp\/v2\/comments?post=438323"}],"version-history":[{"count":0,"href":"https:\/\/locabarcelona.egluu.com\/es\/wp-json\/wp\/v2\/pages\/438323\/revisions"}],"up":[{"embeddable":true,"href":"https:\/\/locabarcelona.egluu.com\/es\/wp-json\/wp\/v2\/pages\/438299"}],"wp:attachment":[{"href":"https:\/\/locabarcelona.egluu.com\/es\/wp-json\/wp\/v2\/media?parent=438323"}],"curies":[{"name":"wp","href":"https:\/\/api.w.org\/{rel}","templated":true}]}}