{"id":438478,"date":"2022-02-11T16:22:56","date_gmt":"2022-02-11T15:22:56","guid":{"rendered":"https:\/\/locabarcelona.egluu.com\/?page_id=438478"},"modified":"2024-12-18T17:24:21","modified_gmt":"2024-12-18T16:24:21","slug":"diagonal-mar","status":"publish","type":"page","link":"https:\/\/locabarcelona.egluu.com\/es\/alquiler-viviendas\/diagonal-mar\/","title":{"rendered":"Pisos en alquiler en Diagonal Mar"},"content":{"rendered":"\t\t<div data-elementor-type=\"wp-page\" data-elementor-id=\"438478\" class=\"elementor elementor-438478 elementor-438275\" data-elementor-post-type=\"page\">\n\t\t\t\t\t\t<section class=\"elementor-section elementor-top-section elementor-element elementor-element-577ecb5 elementor-section-boxed elementor-section-height-default elementor-section-height-default\" data-id=\"577ecb5\" data-element_type=\"section\">\n\t\t\t\t\t\t<div class=\"elementor-container elementor-column-gap-default\">\n\t\t\t\t\t<div class=\"elementor-column elementor-col-100 elementor-top-column elementor-element elementor-element-321cd34\" data-id=\"321cd34\" data-element_type=\"column\">\n\t\t\t<div class=\"elementor-widget-wrap elementor-element-populated\">\n\t\t\t\t\t\t<div class=\"elementor-element elementor-element-6301ec elementor-widget elementor-widget-text-editor\" data-id=\"6301ec\" data-element_type=\"widget\" data-widget_type=\"text-editor.default\">\n\t\t\t\t<div class=\"elementor-widget-container\">\n\t\t\t\t\t\t\t<h2><strong>\u00bfPor qu\u00e9 Diagonal Mar es un gran lugar para alquilar un piso en Barcelona?\u00a0<\/strong><\/h2><p><span style=\"font-weight: 400;\">LOCA BARCELONA ofrece <\/span><b>una selecci\u00f3n \u00fanica de pisos en alquiler en Diagonal Mar<\/b><span style=\"font-weight: 400;\">, como grandes, modernos y luminosos pisos de lujo con muchas facilidades a <\/span><b>poca distancia de las playas<\/b><span style=\"font-weight: 400;\"> de Barcelona. Las propiedades populares, como los pisos con terraza o los pisos con vistas al mar, se encuentran en esta zona.\u00a0<\/span><\/p><p><span style=\"font-weight: 400;\">Los Juegos Ol\u00edmpicos de Barcelona han cambiado la estructura subyacente de la ciudad, especialmente en el distrito de <\/span><b>Sant Mart\u00ed<\/b><span style=\"font-weight: 400;\">, donde se encuentra el barrio de <\/span><b>Diagonal Mar<\/b><span style=\"font-weight: 400;\">. Muchos emplazamientos industriales han sido sustituidos por modernos edificios, espacios verdes y centros de negocios. Aunque quedan muchos vestigios de su pasado industrial, el desarrollo del distrito acent\u00faa su ambiente mediterr\u00e1neo.\u00a0<\/span><\/p><p><span style=\"font-weight: 400;\">Su proximidad al vecino barrio de <\/span><b>Poblenou<\/b><span style=\"font-weight: 400;\">, donde se encuentran muchos campus universitarios, lo convierte en una zona ideal para los estudiantes que desean alquilar un piso cerca del mar. Hay muchos estudios y pisos de varias habitaciones disponibles, que son <\/span><b>ideales para compartir<\/b><span style=\"font-weight: 400;\"> en Diagonal Mar.<\/span><\/p><p><span style=\"font-weight: 400;\">Tambi\u00e9n hay colegios en la zona, lo que la hace especialmente adecuada para las familias que quieren mudarse a Barcelona. Situado a pocas paradas de metro del Tech City District de la ciudad, es un lugar perfecto para vivir.\u00a0<\/span><\/p><p><span style=\"font-weight: 400;\">Diagonal Mar es tambi\u00e9n un sitio perfecto para los turistas que quieren vivir lejos del centro hist\u00f3rico y m\u00e1s cerca de la playa. LOCA BARCELONA ofrece una amplia gama de <span style=\"text-decoration: underline;\"><a href=\"https:\/\/locabarcelona.egluu.com\/es\/property-status\/alquiler-turistico\/\">alquileres tur\u00edsticos<\/a><\/span> totalmente amueblados en Diagonal Mar, desde pisos con <\/span><b>aire acondicionado<\/b><span style=\"font-weight: 400;\"> hasta \u00e1ticos. Todos los alquileres tur\u00edsticos que ofrecemos est\u00e1n totalmente <\/span><b>amueblados<\/b><span style=\"font-weight: 400;\">, con <\/span><b>WIFI incluido<\/b><span style=\"font-weight: 400;\">. Igualmente, si lo que buscas es quedarte en Diagonal Mar durante unos meses, o unos a\u00f1os, te ofrecemos <\/span><b>alquileres mensuales<\/b><span style=\"font-weight: 400;\"> totalmente amueblados con WIFI incluido, y alquileres de larga duraci\u00f3n parcialmente amueblados o vac\u00edos.\u00a0<\/span><\/p><h2><strong>\u00bfCu\u00e1les son las ventajas de alquilar un piso en Diagonal Mar?\u00a0<\/strong><\/h2><p><span style=\"font-weight: 400;\">No s\u00f3lo podr\u00e1s vivir junto al mar, sino que tambi\u00e9n podr\u00e1s disfrutar de la oferta cultural de la zona. De hecho, podr\u00e1s descubrir<\/span><b> el F\u00f3rum<\/b><span style=\"font-weight: 400;\">, la nueva sede del <\/span><b>Museo de Historia Natural<\/b><span style=\"font-weight: 400;\"> de Barcelona. El museo ofrece varias exposiciones a lo largo del a\u00f1o, as\u00ed como festivales de m\u00fasica como el Primavera Sound Cruilla y La Merc\u00e9 (una importante fiesta de Barcelona). Diagonal Mar es un lugar ideal para alquilar un piso si te gusta la modernidad, la cultura y la playa.<\/span><\/p><p><span style=\"font-weight: 400;\">Tambi\u00e9n puedes relajarte en<\/span><b> el Parque de la Diagonal<\/b><span style=\"font-weight: 400;\">, o tomar una copa en un bar local con amigos si vives en esta zona. Esta zona es especialmente conocida por sus restaurantes de cocina internacional y europea. Adem\u00e1s, est\u00e1 a pocos pasos de restaurantes m\u00e1s tradicionales y catalanes, como<\/span><b> el Born<\/b><span style=\"font-weight: 400;\"> o la <\/span><b>Barceloneta<\/b><span style=\"font-weight: 400;\">. En <\/span><b>Diagonal Mar<\/b><span style=\"font-weight: 400;\"> tambi\u00e9n se encuentra el centro comercial Diagonal, uno de los mayores centros comerciales de Espa\u00f1a, donde se puede encontrar desde supermercados hasta tiendas de grandes marcas.\u00a0<\/span><\/p><p><span style=\"font-weight: 400;\">Esta zona est\u00e1 conectada con otras partes de la ciudad, ya que est\u00e1 a s\u00f3lo 20 minutos en metro del centro de Barcelona. Est\u00e1s a pocas paradas de muchos campus universitarios, como el de la<\/span><b> Pompeu Fabra Poblenou<\/b><span style=\"font-weight: 400;\">. Consulta ahora nuestra selecci\u00f3n de pisos en alquiler en Diagonal Mar.\u00a0<\/span><\/p>\t\t\t\t\t\t<\/div>\n\t\t\t\t<\/div>\n\t\t\t\t\t<\/div>\n\t\t<\/div>\n\t\t\t\t\t<\/div>\n\t\t<\/section>\n\t\t\t\t<section class=\"elementor-section elementor-top-section elementor-element elementor-element-976674a elementor-section-boxed elementor-section-height-default elementor-section-height-default\" data-id=\"976674a\" data-element_type=\"section\">\n\t\t\t\t\t\t<div class=\"elementor-container elementor-column-gap-default\">\n\t\t\t\t\t<div class=\"elementor-column elementor-col-100 elementor-top-column elementor-element elementor-element-5a1482c\" data-id=\"5a1482c\" data-element_type=\"column\">\n\t\t\t<div class=\"elementor-widget-wrap elementor-element-populated\">\n\t\t\t\t\t\t<div class=\"elementor-element elementor-element-646f1bc elementor-widget elementor-widget-heading\" data-id=\"646f1bc\" data-element_type=\"widget\" data-widget_type=\"heading.default\">\n\t\t\t\t<div class=\"elementor-widget-container\">\n\t\t\t<h2 class=\"elementor-heading-title elementor-size-default\">B\u00fasquedas frecuentes :<\/h2>\t\t<\/div>\n\t\t\t\t<\/div>\n\t\t\t\t\t<\/div>\n\t\t<\/div>\n\t\t\t\t\t<\/div>\n\t\t<\/section>\n\t\t\t\t<section class=\"elementor-section elementor-top-section elementor-element elementor-element-1492c858 elementor-section-boxed elementor-section-height-default elementor-section-height-default\" data-id=\"1492c858\" data-element_type=\"section\">\n\t\t\t\t\t\t<div class=\"elementor-container elementor-column-gap-default\">\n\t\t\t\t\t<div class=\"elementor-column elementor-col-50 elementor-top-column elementor-element elementor-element-b29cbc3\" data-id=\"b29cbc3\" data-element_type=\"column\">\n\t\t\t<div class=\"elementor-widget-wrap elementor-element-populated\">\n\t\t\t\t\t\t<div class=\"elementor-element elementor-element-7d6ec0fa elementor-widget elementor-widget-text-editor\" data-id=\"7d6ec0fa\" data-element_type=\"widget\" data-widget_type=\"text-editor.default\">\n\t\t\t\t<div class=\"elementor-widget-container\">\n\t\t\t\t\t\t\t<p><a href=\"https:\/\/locabarcelona.egluu.com\/es\/alquiler-viviendas\/pisos-estudiantes-barcelona\/\" target=\"_blank\" rel=\"noopener\">Pisos estudiantes<\/a><\/p><p><a href=\"https:\/\/locabarcelona.egluu.com\/es\/tipo-de-servicio\/compartir-piso-barcelona\/\" target=\"_blank\" rel=\"noopener\">Piso para compartir<\/a><\/p><p><a href=\"https:\/\/locabarcelona.egluu.com\/es\/property-feature\/caracteristicas\/pisos-amueblados\/\">Pisos alquiler amueblados<\/a><\/p><p><a href=\"https:\/\/locabarcelona.egluu.com\/es\/alquiler-viviendas\/estudio-barcelona\/\">Estudio alquiler<\/a><\/p>\t\t\t\t\t\t<\/div>\n\t\t\t\t<\/div>\n\t\t\t\t\t<\/div>\n\t\t<\/div>\n\t\t\t\t<div class=\"elementor-column elementor-col-50 elementor-top-column elementor-element elementor-element-7deb053f\" data-id=\"7deb053f\" data-element_type=\"column\">\n\t\t\t<div class=\"elementor-widget-wrap elementor-element-populated\">\n\t\t\t\t\t\t<div class=\"elementor-element elementor-element-667674e9 elementor-widget elementor-widget-text-editor\" data-id=\"667674e9\" data-element_type=\"widget\" data-widget_type=\"text-editor.default\">\n\t\t\t\t<div class=\"elementor-widget-container\">\n\t\t\t\t\t\t\t<p><a href=\"https:\/\/locabarcelona.egluu.com\/es\/alquiler-viviendas\/piso-con-terraza-barcelona\/\">Piso con terraza<\/a><\/p><p><a href=\"https:\/\/locabarcelona.egluu.com\/es\/alquiler-viviendas\/atico-en-barcelona\/\">Piso \u00e1tico<\/a><\/p><p><a href=\"https:\/\/locabarcelona.egluu.com\/es\/alquiler-viviendas\/pisos-de-2-habitaciones-en-barcelona\/\">Pisos de 2 habitaciones<\/a><\/p><p><a href=\"https:\/\/locabarcelona.egluu.com\/es\/alquiler-viviendas\/pisos-de-3-habitaciones-en-barcelona\/\">Pisos de 3 habitaciones<\/a><\/p>\t\t\t\t\t\t<\/div>\n\t\t\t\t<\/div>\n\t\t\t\t\t<\/div>\n\t\t<\/div>\n\t\t\t\t\t<\/div>\n\t\t<\/section>\n\t\t\t\t<section class=\"elementor-section elementor-top-section elementor-element elementor-element-11001b5d elementor-section-boxed elementor-section-height-default elementor-section-height-default\" data-id=\"11001b5d\" data-element_type=\"section\">\n\t\t\t\t\t\t<div class=\"elementor-container elementor-column-gap-default\">\n\t\t\t\t\t<div class=\"elementor-column elementor-col-100 elementor-top-column elementor-element elementor-element-4267783c\" data-id=\"4267783c\" data-element_type=\"column\">\n\t\t\t<div class=\"elementor-widget-wrap elementor-element-populated\">\n\t\t\t\t\t\t<div class=\"elementor-element elementor-element-919950 elementor-widget elementor-widget-heading\" data-id=\"919950\" data-element_type=\"widget\" data-widget_type=\"heading.default\">\n\t\t\t\t<div class=\"elementor-widget-container\">\n\t\t\t<h2 class=\"elementor-heading-title elementor-size-default\">Pisos en alquiler por distritos <\/h2>\t\t<\/div>\n\t\t\t\t<\/div>\n\t\t\t\t\t<\/div>\n\t\t<\/div>\n\t\t\t\t\t<\/div>\n\t\t<\/section>\n\t\t\t\t<section class=\"elementor-section elementor-top-section elementor-element elementor-element-4b365916 elementor-section-boxed elementor-section-height-default elementor-section-height-default\" data-id=\"4b365916\" data-element_type=\"section\">\n\t\t\t\t\t\t<div class=\"elementor-container elementor-column-gap-default\">\n\t\t\t\t\t<div class=\"elementor-column elementor-col-50 elementor-top-column elementor-element elementor-element-6512bcb\" data-id=\"6512bcb\" data-element_type=\"column\">\n\t\t\t<div class=\"elementor-widget-wrap elementor-element-populated\">\n\t\t\t\t\t\t<div class=\"elementor-element elementor-element-651f1f70 elementor-widget elementor-widget-global elementor-global-446206 elementor-widget-text-editor\" data-id=\"651f1f70\" data-element_type=\"widget\" data-widget_type=\"text-editor.default\">\n\t\t\t\t<div class=\"elementor-widget-container\">\n\t\t\t\t\t\t\t<p><span data-sheets-value=\"{\"><a href=\"https:\/\/locabarcelona.egluu.com\/es\/alquiler-viviendas\/el-eixample\/\">Pisos en alquiler en l&#8217;Eixample<\/a><br \/><a href=\"https:\/\/locabarcelona.egluu.com\/es\/alquiler-viviendas\/eixample-dreta\/\">Pisos en alquiler en Eixample Dreta<\/a><br \/><a href=\"https:\/\/locabarcelona.egluu.com\/es\/alquiler-viviendas\/antiga-esquerra-eixample\/\">Pisos en Antiga Esquerra de l&#8217;Eixample<\/a><br \/><\/span><span data-sheets-value=\"{\"><a href=\"https:\/\/locabarcelona.egluu.com\/es\/alquiler-viviendas\/nova-esquerra-eixample\/\">Pisos en Nova Esquerra de l&#8217;Eixample<\/a><br \/><a href=\"https:\/\/locabarcelona.egluu.com\/es\/alquiler-viviendas\/fort-pienc\/\">Pisos en alquiler en Fort Pienc<\/a><br \/><a href=\"https:\/\/locabarcelona.egluu.com\/es\/alquiler-viviendas\/eixample\/sagrada-familia\/\">Pisos en alquiler en Sagrada Familia<\/a><br \/><a href=\"https:\/\/locabarcelona.egluu.com\/es\/alquiler-viviendas\/eixample\/sant-antoni\/\">Pisos en alquiler en Sant antoni<\/a><br \/><a href=\"https:\/\/locabarcelona.egluu.com\/es\/alquiler-viviendas\/ciutat-vella\/\">Pisos en alquiler en Ciutat Vella<\/a><br \/><a href=\"https:\/\/locabarcelona.egluu.com\/es\/alquiler-viviendas\/el-gotico\/\">Pisos en alquiler en el Gotico<\/a><br \/><a href=\"https:\/\/locabarcelona.egluu.com\/es\/alquiler-viviendas\/raval\/\">Pisos en alquiler en el Raval<\/a><br \/><a href=\"https:\/\/locabarcelona.egluu.com\/es\/alquiler-viviendas\/el-born\/\">Pisos en alquiler en el Born<\/a><br \/><a href=\"https:\/\/locabarcelona.egluu.com\/es\/alquiler-viviendas\/barceloneta\/\">Pisos en alquiler en Barceloneta<\/a><br \/><a href=\"https:\/\/locabarcelona.egluu.com\/es\/alquiler-viviendas\/sants-montjuic\/\">Pisos en alquiler en Sants-Montju\u00efc<\/a><br \/><a href=\"https:\/\/locabarcelona.egluu.com\/es\/alquiler-viviendas\/poble-sec\/\">Pisos en alquiler en Poble Sec<\/a><br \/><a href=\"https:\/\/locabarcelona.egluu.com\/es\/alquiler-viviendas\/sants\/\">Pisos en alquiler en Sants<\/a><br \/><a href=\"https:\/\/locabarcelona.egluu.com\/es\/alquiler-viviendas\/el-putxet-i-farro\/\">Pisos en alquiler en El Putxet i Farr\u00f3<\/a><br \/><a href=\"https:\/\/locabarcelona.egluu.com\/es\/alquiler-viviendas\/las-tres-torres\/\">Pisos en alquiler en Las Tres Torres<\/a><br \/><a href=\"https:\/\/locabarcelona.egluu.com\/es\/alquiler-viviendas\/montjuic\/\">Pisos en alquiler en Montjuic\u00a0<\/a><\/span><\/p>\t\t\t\t\t\t<\/div>\n\t\t\t\t<\/div>\n\t\t\t\t\t<\/div>\n\t\t<\/div>\n\t\t\t\t<div class=\"elementor-column elementor-col-50 elementor-top-column elementor-element elementor-element-2aaebbaf\" data-id=\"2aaebbaf\" data-element_type=\"column\">\n\t\t\t<div class=\"elementor-widget-wrap elementor-element-populated\">\n\t\t\t\t\t\t<div class=\"elementor-element elementor-element-477ff1d2 elementor-widget elementor-widget-global elementor-global-446210 elementor-widget-text-editor\" data-id=\"477ff1d2\" data-element_type=\"widget\" data-widget_type=\"text-editor.default\">\n\t\t\t\t<div class=\"elementor-widget-container\">\n\t\t\t\t\t\t\t<p><a href=\"https:\/\/locabarcelona.egluu.com\/es\/alquiler-viviendas\/les-corts\/\">Pisos en alquiler en les Corts<\/a><br \/><span data-sheets-value=\"{\"><a href=\"https:\/\/locabarcelona.egluu.com\/es\/alquiler-viviendas\/pedralbes\/\">Pisos en alquiler en Pedralbes<\/a><br \/><a href=\"https:\/\/locabarcelona.egluu.com\/es\/alquiler-viviendas\/sarria-sant-gervasi\/\">Pisos en alquiler en Sarria Sant Gervasi<\/a><br \/><a href=\"https:\/\/locabarcelona.egluu.com\/es\/alquiler-viviendas\/sarria\/\">Pisos en alquiler en Sarria<\/a><br \/><a href=\"https:\/\/locabarcelona.egluu.com\/es\/property-for-rent\/gracia\/\">Pisos en alquiler en Gracia<\/a><br \/><a href=\"https:\/\/locabarcelona.egluu.com\/es\/alquiler-viviendas\/vila-de-gracia\/\">Pisos en alquiler en Vila de Gr\u00e0cia<\/a><br \/><a href=\"https:\/\/locabarcelona.egluu.com\/es\/alquiler-viviendas\/horta-guinardo\/\">Pisos en alquiler en Horta-Guinardo<\/a><br \/><a href=\"https:\/\/locabarcelona.egluu.com\/es\/alquiler-viviendas\/nou-barris\/\">Pisos en alquiler en Nou Barris<\/a><br \/><a href=\"https:\/\/locabarcelona.egluu.com\/es\/alquiler-viviendas\/sant-andreu\/\">Pisos en alquiler en Sant Andreu<\/a><br \/><a href=\"https:\/\/locabarcelona.egluu.com\/es\/alquiler-viviendas\/sant-marti\/\">Pisos en alquiler en Sant Mart\u00ed<\/a><br \/><a href=\"https:\/\/locabarcelona.egluu.com\/es\/alquiler-viviendas\/el-clot\/\">Pisos en alquiler en el Clot<\/a><br \/><a href=\"https:\/\/locabarcelona.egluu.com\/es\/alquiler-viviendas\/vila-olimpica-del-poblenou\/\">Pisos en La vila olimpica del Poblenou<\/a><br \/><a href=\"https:\/\/locabarcelona.egluu.com\/es\/alquiler-viviendas\/poblenou\/\">Pisos en alquiler en Poblenou<\/a><br \/><a href=\"https:\/\/locabarcelona.egluu.com\/es\/alquiler-viviendas\/diagonal-mar\/\">Pisos en alquiler en Diagonal Mar<\/a><br \/><a href=\"https:\/\/locabarcelona.egluu.com\/es\/alquiler-viviendas\/sant-gervasi-la-bonanova\/\">Pisos en alquiler en Sant gervasi \u2013 la bonanova<\/a><br \/><a href=\"https:\/\/locabarcelona.egluu.com\/es\/alquiler-viviendas\/sant-gervasi-galvany\/\">Pisos en alquiler en Sant Gervasi Galvany<\/a><br \/><a href=\"https:\/\/locabarcelona.egluu.com\/es\/alquiler-viviendas\/zona-franca\/\">Pisos en alquiler en Zona Franca<\/a><br \/><a href=\"https:\/\/locabarcelona.egluu.com\/es\/alquiler-viviendas\/sants-badal\/\">Pisos en alquiler en Sants Badal<\/a><br \/><\/span><\/p>\t\t\t\t\t\t<\/div>\n\t\t\t\t<\/div>\n\t\t\t\t\t<\/div>\n\t\t<\/div>\n\t\t\t\t\t<\/div>\n\t\t<\/section>\n\t\t\t\t<\/div>\n\t\t","protected":false},"excerpt":{"rendered":"<p>\u00bfPor qu\u00e9 Diagonal Mar es un gran lugar para alquilar un piso en Barcelona?\u00a0 LOCA BARCELONA ofrece una selecci\u00f3n \u00fanica de pisos en alquiler en Diagonal Mar, como grandes, modernos y luminosos pisos de lujo con muchas facilidades a poca distancia de las playas de Barcelona. Las propiedades populares, como los pisos con terraza o&#8230;<\/p>\n","protected":false},"author":344,"featured_media":0,"parent":438299,"menu_order":0,"comment_status":"closed","ping_status":"closed","template":"templates\/list-layout.php","meta":{"inline_featured_image":false,"footnotes":""},"yoast_head":"<!-- This site is optimized with the Yoast SEO Premium plugin v22.6 (Yoast SEO v22.6) - https:\/\/yoast.com\/wordpress\/plugins\/seo\/ -->\n<title>Pisos en alquiler en Diagonal Mar | Locabarcelona<\/title>\n<meta name=\"robots\" content=\"noindex, follow, max-snippet:-1, max-image-preview:large, max-video-preview:-1\" \/>\n<meta property=\"og:locale\" content=\"es_ES\" \/>\n<meta property=\"og:type\" content=\"article\" \/>\n<meta property=\"og:title\" content=\"Pisos en alquiler en Diagonal Mar | Locabarcelona\" \/>\n<meta property=\"og:description\" content=\"\u00bfPor qu\u00e9 Diagonal Mar es un gran lugar para alquilar un piso en Barcelona?\u00a0 LOCA BARCELONA ofrece una selecci\u00f3n \u00fanica de pisos en alquiler en Diagonal Mar, como grandes, modernos y luminosos pisos de lujo con muchas facilidades a poca distancia de las playas de Barcelona. Las propiedades populares, como los pisos con terraza o...\" \/>\n<meta property=\"og:url\" content=\"https:\/\/locabarcelona.egluu.com\/es\/alquiler-viviendas\/diagonal-mar\/\" \/>\n<meta property=\"og:site_name\" content=\"Locabarcelona\" \/>\n<meta property=\"article:modified_time\" content=\"2024-12-18T16:24:21+00:00\" \/>\n<meta name=\"twitter:card\" content=\"summary_large_image\" \/>\n<meta name=\"twitter:label1\" content=\"Est. reading time\" \/>\n\t<meta name=\"twitter:data1\" content=\"4 minutos\" \/>\n<script type=\"application\/ld+json\" class=\"yoast-schema-graph\">{\"@context\":\"https:\/\/schema.org\",\"@graph\":[{\"@type\":\"WebPage\",\"@id\":\"https:\/\/locabarcelona.egluu.com\/es\/alquiler-viviendas\/diagonal-mar\/\",\"url\":\"https:\/\/locabarcelona.egluu.com\/es\/alquiler-viviendas\/diagonal-mar\/\",\"name\":\"Pisos en alquiler en Diagonal Mar | Locabarcelona\",\"isPartOf\":{\"@id\":\"https:\/\/locabarcelona.egluu.com\/es\/#website\"},\"datePublished\":\"2022-02-11T15:22:56+00:00\",\"dateModified\":\"2024-12-18T16:24:21+00:00\",\"breadcrumb\":{\"@id\":\"https:\/\/locabarcelona.egluu.com\/es\/alquiler-viviendas\/diagonal-mar\/#breadcrumb\"},\"inLanguage\":\"es\",\"potentialAction\":[{\"@type\":\"ReadAction\",\"target\":[\"https:\/\/locabarcelona.egluu.com\/es\/alquiler-viviendas\/diagonal-mar\/\"]}]},{\"@type\":\"BreadcrumbList\",\"@id\":\"https:\/\/locabarcelona.egluu.com\/es\/alquiler-viviendas\/diagonal-mar\/#breadcrumb\",\"itemListElement\":[{\"@type\":\"ListItem\",\"position\":1,\"name\":\"Inicio\",\"item\":\"https:\/\/www.locabarcelona.com\/es\/home\/\"},{\"@type\":\"ListItem\",\"position\":2,\"name\":\"Agencia de alquiler Barcelona\",\"item\":\"https:\/\/www.locabarcelona.com\/es\/alquiler-viviendas\/\"},{\"@type\":\"ListItem\",\"position\":3,\"name\":\"Pisos en alquiler en Diagonal Mar\"}]},{\"@type\":\"WebSite\",\"@id\":\"https:\/\/locabarcelona.egluu.com\/es\/#website\",\"url\":\"https:\/\/locabarcelona.egluu.com\/es\/\",\"name\":\"Loca Barcelona\",\"description\":\"Real Estate Services\",\"publisher\":{\"@id\":\"https:\/\/locabarcelona.egluu.com\/es\/#organization\"},\"potentialAction\":[{\"@type\":\"SearchAction\",\"target\":{\"@type\":\"EntryPoint\",\"urlTemplate\":\"https:\/\/locabarcelona.egluu.com\/es\/?s={search_term_string}\"},\"query-input\":\"required name=search_term_string\"}],\"inLanguage\":\"es\"},{\"@type\":\"Organization\",\"@id\":\"https:\/\/locabarcelona.egluu.com\/es\/#organization\",\"name\":\"Loca Barcelona\",\"url\":\"https:\/\/locabarcelona.egluu.com\/es\/\",\"logo\":{\"@type\":\"ImageObject\",\"inLanguage\":\"es\",\"@id\":\"https:\/\/locabarcelona.egluu.com\/es\/#\/schema\/logo\/image\/\",\"url\":\"https:\/\/locabarcelona.egluu.com\/wp-content\/uploads\/2021\/10\/logo_locabarcelona_small.png\",\"contentUrl\":\"https:\/\/locabarcelona.egluu.com\/wp-content\/uploads\/2021\/10\/logo_locabarcelona_small.png\",\"width\":250,\"height\":149,\"caption\":\"Loca Barcelona\"},\"image\":{\"@id\":\"https:\/\/locabarcelona.egluu.com\/es\/#\/schema\/logo\/image\/\"}}]}<\/script>\n<!-- \/ Yoast SEO Premium plugin. -->","yoast_head_json":{"title":"Pisos en alquiler en Diagonal Mar | Locabarcelona","robots":{"index":"noindex","follow":"follow","max-snippet":"max-snippet:-1","max-image-preview":"max-image-preview:large","max-video-preview":"max-video-preview:-1"},"og_locale":"es_ES","og_type":"article","og_title":"Pisos en alquiler en Diagonal Mar | Locabarcelona","og_description":"\u00bfPor qu\u00e9 Diagonal Mar es un gran lugar para alquilar un piso en Barcelona?\u00a0 LOCA BARCELONA ofrece una selecci\u00f3n \u00fanica de pisos en alquiler en Diagonal Mar, como grandes, modernos y luminosos pisos de lujo con muchas facilidades a poca distancia de las playas de Barcelona. Las propiedades populares, como los pisos con terraza o...","og_url":"https:\/\/locabarcelona.egluu.com\/es\/alquiler-viviendas\/diagonal-mar\/","og_site_name":"Locabarcelona","article_modified_time":"2024-12-18T16:24:21+00:00","twitter_card":"summary_large_image","twitter_misc":{"Est. reading time":"4 minutos"},"schema":{"@context":"https:\/\/schema.org","@graph":[{"@type":"WebPage","@id":"https:\/\/locabarcelona.egluu.com\/es\/alquiler-viviendas\/diagonal-mar\/","url":"https:\/\/locabarcelona.egluu.com\/es\/alquiler-viviendas\/diagonal-mar\/","name":"Pisos en alquiler en Diagonal Mar | Locabarcelona","isPartOf":{"@id":"https:\/\/locabarcelona.egluu.com\/es\/#website"},"datePublished":"2022-02-11T15:22:56+00:00","dateModified":"2024-12-18T16:24:21+00:00","breadcrumb":{"@id":"https:\/\/locabarcelona.egluu.com\/es\/alquiler-viviendas\/diagonal-mar\/#breadcrumb"},"inLanguage":"es","potentialAction":[{"@type":"ReadAction","target":["https:\/\/locabarcelona.egluu.com\/es\/alquiler-viviendas\/diagonal-mar\/"]}]},{"@type":"BreadcrumbList","@id":"https:\/\/locabarcelona.egluu.com\/es\/alquiler-viviendas\/diagonal-mar\/#breadcrumb","itemListElement":[{"@type":"ListItem","position":1,"name":"Inicio","item":"https:\/\/www.locabarcelona.com\/es\/home\/"},{"@type":"ListItem","position":2,"name":"Agencia de alquiler Barcelona","item":"https:\/\/www.locabarcelona.com\/es\/alquiler-viviendas\/"},{"@type":"ListItem","position":3,"name":"Pisos en alquiler en Diagonal Mar"}]},{"@type":"WebSite","@id":"https:\/\/locabarcelona.egluu.com\/es\/#website","url":"https:\/\/locabarcelona.egluu.com\/es\/","name":"Loca Barcelona","description":"Real Estate Services","publisher":{"@id":"https:\/\/locabarcelona.egluu.com\/es\/#organization"},"potentialAction":[{"@type":"SearchAction","target":{"@type":"EntryPoint","urlTemplate":"https:\/\/locabarcelona.egluu.com\/es\/?s={search_term_string}"},"query-input":"required name=search_term_string"}],"inLanguage":"es"},{"@type":"Organization","@id":"https:\/\/locabarcelona.egluu.com\/es\/#organization","name":"Loca Barcelona","url":"https:\/\/locabarcelona.egluu.com\/es\/","logo":{"@type":"ImageObject","inLanguage":"es","@id":"https:\/\/locabarcelona.egluu.com\/es\/#\/schema\/logo\/image\/","url":"https:\/\/locabarcelona.egluu.com\/wp-content\/uploads\/2021\/10\/logo_locabarcelona_small.png","contentUrl":"https:\/\/locabarcelona.egluu.com\/wp-content\/uploads\/2021\/10\/logo_locabarcelona_small.png","width":250,"height":149,"caption":"Loca Barcelona"},"image":{"@id":"https:\/\/locabarcelona.egluu.com\/es\/#\/schema\/logo\/image\/"}}]}},"_links":{"self":[{"href":"https:\/\/locabarcelona.egluu.com\/es\/wp-json\/wp\/v2\/pages\/438478"}],"collection":[{"href":"https:\/\/locabarcelona.egluu.com\/es\/wp-json\/wp\/v2\/pages"}],"about":[{"href":"https:\/\/locabarcelona.egluu.com\/es\/wp-json\/wp\/v2\/types\/page"}],"author":[{"embeddable":true,"href":"https:\/\/locabarcelona.egluu.com\/es\/wp-json\/wp\/v2\/users\/344"}],"replies":[{"embeddable":true,"href":"https:\/\/locabarcelona.egluu.com\/es\/wp-json\/wp\/v2\/comments?post=438478"}],"version-history":[{"count":3,"href":"https:\/\/locabarcelona.egluu.com\/es\/wp-json\/wp\/v2\/pages\/438478\/revisions"}],"predecessor-version":[{"id":554989,"href":"https:\/\/locabarcelona.egluu.com\/es\/wp-json\/wp\/v2\/pages\/438478\/revisions\/554989"}],"up":[{"embeddable":true,"href":"https:\/\/locabarcelona.egluu.com\/es\/wp-json\/wp\/v2\/pages\/438299"}],"wp:attachment":[{"href":"https:\/\/locabarcelona.egluu.com\/es\/wp-json\/wp\/v2\/media?parent=438478"}],"curies":[{"name":"wp","href":"https:\/\/api.w.org\/{rel}","templated":true}]}}