{"id":446689,"date":"2022-04-29T13:03:02","date_gmt":"2022-04-29T11:03:02","guid":{"rendered":"https:\/\/locabarcelona.egluu.com\/?page_id=446689"},"modified":"2023-02-06T15:51:31","modified_gmt":"2023-02-06T14:51:31","slug":"el-eixample","status":"publish","type":"page","link":"https:\/\/locabarcelona.egluu.com\/es\/alquiler-viviendas\/el-eixample\/","title":{"rendered":"Piso en alquiler en el Eixample"},"content":{"rendered":"\t\t<div data-elementor-type=\"wp-page\" data-elementor-id=\"446689\" class=\"elementor elementor-446689 elementor-446681\" data-elementor-post-type=\"page\">\n\t\t\t\t\t\t<section class=\"elementor-section elementor-top-section elementor-element elementor-element-2fd2862a elementor-section-boxed elementor-section-height-default elementor-section-height-default\" data-id=\"2fd2862a\" data-element_type=\"section\">\n\t\t\t\t\t\t<div class=\"elementor-container elementor-column-gap-default\">\n\t\t\t\t\t<div class=\"elementor-column elementor-col-100 elementor-top-column elementor-element elementor-element-a3df5d7\" data-id=\"a3df5d7\" data-element_type=\"column\">\n\t\t\t<div class=\"elementor-widget-wrap elementor-element-populated\">\n\t\t\t\t\t\t<div class=\"elementor-element elementor-element-398c8d46 elementor-widget elementor-widget-text-editor\" data-id=\"398c8d46\" data-element_type=\"widget\" data-widget_type=\"text-editor.default\">\n\t\t\t\t<div class=\"elementor-widget-container\">\n\t\t\t\t\t\t\t<h2>\u00bfPor qu\u00e9 alquilar un piso en el Eixample?<\/h2><p><span style=\"font-weight: 400;\">LOCA BARCELONA ofrece una gama \u00fanica de <\/span><b>pisos en alquiler en el Eixample<\/b><span style=\"font-weight: 400;\">, c<\/span><span style=\"font-weight: 400;\">omo apartamentos <\/span><b>modernos y espaciosos de alquiler de 2 habitaciones<\/b><span style=\"font-weight: 400;\">, en los que se han mantenido caracter\u00edsticas aut\u00e9nticas, como los azulejos de mosaico, al tiempo que se ha introducido el lujo del confort moderno. <\/span><b>Los edificios del Eixample<\/b><span style=\"font-weight: 400;\"> son famosos por sus hermosas fachadas y sus lujosos pisos con techos altos. En esta zona se pueden encontrar propiedades muy solicitadas, como pisos renovados con terrazas y pisos con balcones.<\/span><\/p><p><span style=\"font-weight: 400;\">El Eixample es una de las mejores zonas para vivir en Barcelona, por su c\u00e9ntrica ubicaci\u00f3n y sus comodidades. La zona tambi\u00e9n es conocida por su excelente escena culinaria local, con restaurantes galardonados y bares extravagantes como Hemingway Gin &amp; Cocktail Bar y Dry Martini. En el Eixample tambi\u00e9n se encuentra la elegante avenida comercial Passeig de Gr\u00e0cia, donde hay numerosas tiendas de dise\u00f1o como Max Mara, Versace o Maje.\u00a0<\/span><\/p><p><span style=\"font-weight: 400;\">El barrio es ideal si deseas vivir en una zona l<\/span><span style=\"font-weight: 400;\">lena de <\/span><span style=\"font-weight: 400;\">maravillas arquitect\u00f3nicas. De hecho, la zona del Eixample es conocida mundialmente por sus monumentos modernistas como la Casa Batll\u00f3, la Pedrera o la Casa Cavalet y la Sagrada Familia, dise\u00f1ados por Gaud\u00ed.<\/span><\/p><p><span style=\"font-weight: 400;\">Aunque rico en atracciones tur\u00edsticas y restaurantes, el Eixample es una <\/span><span style=\"font-weight: 400;\">de las<\/span><span style=\"font-weight: 400;\">\u00a0 <\/span><span style=\"font-weight: 400;\">zonas<\/span><span style=\"font-weight: 400;\">\u00a0 <\/span><span style=\"font-weight: 400;\">m\u00e1s tranquilas<\/span><span style=\"font-weight: 400;\"> de Barcelona. Tambi\u00e9n est\u00e1 muy bien comunicada por transporte p\u00fablico, y se puede llegar al aeropuerto de Barcelona en 20 minutos. Adem\u00e1s, se encuentra <\/span><span style=\"font-weight: 400;\">cerca de <\/span><span style=\"font-weight: 400;\">la principal estaci\u00f3n de tren de Barcelona, la estaci\u00f3n de Sants, no muy lejos de esta zona. Los barrios vecinos de <\/span><b>Ciutat Vella<\/b><span style=\"font-weight: 400;\">, <\/span><b>Gr\u00e0cia<\/b><span style=\"font-weight: 400;\"> y <\/span><b>Horta <\/b><b>Guinard\u00f3<\/b><span style=\"font-weight: 400;\"> tambi\u00e9n son f\u00e1cilmente accesibles.\u00a0<\/span><\/p><h2>\u00bfCu\u00e1les son las ventajas de alquilar un piso en el Eixample?<\/h2><p><span style=\"font-weight: 400;\">Dise\u00f1ado en 1859 por Ildefons Cerd\u00e0 como una extensi\u00f3n de la ciudad original de Barcelona, el Eixample es un gran barrio estructurado por una cuadr\u00edcula de grandes avenidas verdes y soleadas, que ofrece una sensaci\u00f3n de <\/span><span style=\"font-weight: 400;\">libertad <\/span><span style=\"font-weight: 400;\">muy agradable. La zona se diferencia del resto de la ciudad no solamente por su singular estructura cuadriculada, sino tambi\u00e9n por sus espectaculares fachadas modernistas y su singular encanto. Puedes encontrar una amplia gama de <\/span><b>pisos d\u00faplex y de 3 habitaciones en alquiler en el Eixample<\/b><span style=\"font-weight: 400;\">.<\/span><\/p><p><span style=\"font-weight: 400;\">El \u00e1rea est\u00e1 dividida en 4 zonas:<\/span><\/p><p>\u00a0<\/p><h3>Eixample Dreta<\/h3><p><span style=\"font-weight: 400;\">Esta exclusiva zona alberga muchos colegios internacionales, as\u00ed como el famoso Paseo de Gracia, la avenida comercial de lujo de la ciudad. Tambi\u00e9n encontrar\u00e1s muchos tipos de restaurantes para todos los gustos y presupuestos. Este es un buen lugar para buscar si quieres<\/span><b> alquilar un piso con servicios o un piso en la azotea con terraza<\/b><span style=\"font-weight: 400;\">.<\/span><\/p><p>\u00a0<\/p><h3>Antiga Esquerra<\/h3><p><span style=\"font-weight: 400;\">L&#8217;antiga Esquerra<\/span><span style=\"font-weight: 400;\"> es la parte m\u00e1s antigua de la zona, y es especialmente conocida por sus numerosas tiendas y su vida nocturna. Tambi\u00e9n alberga el barrio <\/span><span style=\"font-weight: 400;\">LGTBI <\/span><span style=\"font-weight: 400;\">de Barcelona.\u00a0\u00a0<\/span><\/p><p>\u00a0<\/p><h3>Sagrada Familia<\/h3><p><span style=\"font-weight: 400;\">En esta zona se encuentra el famoso monumento de la Sagrada Familia. Aqu\u00ed encontrar\u00e1s una gran variedad de pisos en alquiler en el Eixample.<\/span><\/p><p>\u00a0<\/p><h3>Nova Esquerra<\/h3><p><span style=\"font-weight: 400;\">La zona es ideal para encontrar un piso de alquiler en Barcelona,ya sea a corto o largo plazo, tenemos lo que necesitas.\u00a0<\/span><\/p><p><span style=\"font-weight: 400;\">La Nova Esquerra tambi\u00e9n se encuentra a poca distancia de la estaci\u00f3n de tren de Sants, lo que es muy conveniente para viajar dentro de Espa\u00f1a o al extranjero.\u00a0<\/span><\/p><p>\u00a0<\/p><h3>Sant Antoni<\/h3><p><span style=\"font-weight: 400;\">Sant Antoni es la zona m\u00e1s moderna de la ciudad. Aqu\u00ed encontrar\u00e1s muchos <\/span><b>pisos baratos en alquiler<\/b><span style=\"font-weight: 400;\">, as\u00ed como <\/span><b>alquileres amueblados a largo plazo<\/b><span style=\"font-weight: 400;\"> y <\/span><b>alquileres de temporada<\/b><span style=\"font-weight: 400;\">.\u00a0<\/span><\/p><p>\u00a0<\/p><h3>El Fort Pienc<\/h3><p><span style=\"font-weight: 400;\">Esta zona es probablemente la m\u00e1s peque\u00f1a del Eixample y es conocida por albergar muchos de los lugares emblem\u00e1ticos de la ciudad. Esta zona est\u00e1 a pocos pasos del famoso Arco de Triunfo, un compromiso si quieres vivir entre la playa y el centro de la ciudad. \u00a1Encuentre ahora su piso de alquiler en el Eixample!<\/span><\/p><h2>\u00a0<\/h2>\t\t\t\t\t\t<\/div>\n\t\t\t\t<\/div>\n\t\t\t\t<div class=\"elementor-element elementor-element-1d38a17 elementor-widget elementor-widget-spacer\" data-id=\"1d38a17\" data-element_type=\"widget\" data-widget_type=\"spacer.default\">\n\t\t\t\t<div class=\"elementor-widget-container\">\n\t\t\t\t\t<div class=\"elementor-spacer\">\n\t\t\t<div class=\"elementor-spacer-inner\"><\/div>\n\t\t<\/div>\n\t\t\t\t<\/div>\n\t\t\t\t<\/div>\n\t\t\t\t\t<\/div>\n\t\t<\/div>\n\t\t\t\t\t<\/div>\n\t\t<\/section>\n\t\t\t\t<section class=\"elementor-section elementor-top-section elementor-element elementor-element-7d222331 elementor-section-boxed elementor-section-height-default elementor-section-height-default\" data-id=\"7d222331\" data-element_type=\"section\">\n\t\t\t\t\t\t<div class=\"elementor-container elementor-column-gap-default\">\n\t\t\t\t\t<div class=\"elementor-column elementor-col-50 elementor-top-column elementor-element elementor-element-28d515b1\" data-id=\"28d515b1\" data-element_type=\"column\">\n\t\t\t<div class=\"elementor-widget-wrap elementor-element-populated\">\n\t\t\t\t\t\t<div class=\"elementor-element elementor-element-52888b2d elementor-widget elementor-widget-text-editor\" data-id=\"52888b2d\" data-element_type=\"widget\" data-widget_type=\"text-editor.default\">\n\t\t\t\t<div class=\"elementor-widget-container\">\n\t\t\t\t\t\t\t<p><span data-sheets-value=\"{\"><a href=\"https:\/\/locabarcelona.egluu.com\/es\/alquiler-viviendas\/poblenou\/\">Pisos en alquiler en Poblenou<\/a><br \/><a href=\"https:\/\/locabarcelona.egluu.com\/es\/alquiler-viviendas\/barceloneta\/\">Pisos en alquiler en Barceloneta<\/a><br \/><a href=\"https:\/\/locabarcelona.egluu.com\/es\/alquiler-viviendas\/gracia\/\">Pisos en alquiler en Gracia<\/a><br \/><a href=\"https:\/\/locabarcelona.egluu.com\/fr\/agence-immobiliere-barcelone\/location-touristique\/eixample\/\">Pisos en alquiler en l&#8217;Eixample<\/a><br \/><a href=\"https:\/\/locabarcelona.egluu.com\/es\/alquiler-viviendas\/eixample\/sant-antoni\/\">Pisos en alquiler en Sant antoni<\/a><br \/><a href=\"https:\/\/locabarcelona.egluu.com\/es\/alquiler-viviendas\/el-born\/\">Pisos en alquiler en el Born<\/a><br \/><a href=\"https:\/\/locabarcelona.egluu.com\/es\/alquiler-viviendas\/el-gotico\/\">Pisos en alquiler en el Gotico<\/a><br \/><a href=\"https:\/\/locabarcelona.egluu.com\/es\/alquiler-viviendas\/diagonal-mar\/\">Pisos en alquiler en Diagonal Mar<\/a><br \/><\/span><\/p>\t\t\t\t\t\t<\/div>\n\t\t\t\t<\/div>\n\t\t\t\t\t<\/div>\n\t\t<\/div>\n\t\t\t\t<div class=\"elementor-column elementor-col-50 elementor-top-column elementor-element elementor-element-3894f8a7\" data-id=\"3894f8a7\" data-element_type=\"column\">\n\t\t\t<div class=\"elementor-widget-wrap elementor-element-populated\">\n\t\t\t\t\t\t<div class=\"elementor-element elementor-element-15a89ff2 elementor-widget elementor-widget-text-editor\" data-id=\"15a89ff2\" data-element_type=\"widget\" data-widget_type=\"text-editor.default\">\n\t\t\t\t<div class=\"elementor-widget-container\">\n\t\t\t\t\t\t\t<p><a href=\"https:\/\/locabarcelona.egluu.com\/es\/alquiler-viviendas\/poble-sec\/\">Pisos en alquiler en Poble Sec<\/a><br \/><a href=\"https:\/\/locabarcelona.egluu.com\/es\/alquiler-viviendas\/horta-guinardo\/\">Pisos en alquiler en Horta-Guinardo<\/a><br \/><a href=\"https:\/\/locabarcelona.egluu.com\/es\/alquiler-viviendas\/sant-andreu\/\">Pisos en alquiler en Sant Andreu<\/a><br \/><a href=\"https:\/\/locabarcelona.egluu.com\/es\/alquiler-viviendas\/sarria\/\">Pisos en alquiler en Sarria<\/a><br \/><a href=\"https:\/\/locabarcelona.egluu.com\/es\/alquiler-viviendas\/pedralbes\/\">Pisos en alquiler en Pedralbes<\/a><br \/><a href=\"https:\/\/locabarcelona.egluu.com\/es\/alquiler-viviendas\/el-clot\/\">Pisos en alquiler en el Clot<\/a><br \/><a href=\"https:\/\/locabarcelona.egluu.com\/es\/alquiler-viviendas\/eixample\/sagrada-familia\/\">Pisos en alquiler en Sagrada Familia<\/a><br \/><a href=\"https:\/\/locabarcelona.egluu.com\/es\/alquiler-viviendas\/sants\/\">Pisos en alquiler en Sants<\/a><\/p>\t\t\t\t\t\t<\/div>\n\t\t\t\t<\/div>\n\t\t\t\t\t<\/div>\n\t\t<\/div>\n\t\t\t\t\t<\/div>\n\t\t<\/section>\n\t\t\t\t<\/div>\n\t\t","protected":false},"excerpt":{"rendered":"<p>\u00bfPor qu\u00e9 alquilar un piso en el Eixample? LOCA BARCELONA ofrece una gama \u00fanica de pisos en alquiler en el Eixample, como apartamentos modernos y espaciosos de alquiler de 2 habitaciones, en los que se han mantenido caracter\u00edsticas aut\u00e9nticas, como los azulejos de mosaico, al tiempo que se ha introducido el lujo del confort moderno&#8230;.<\/p>\n","protected":false},"author":344,"featured_media":0,"parent":438299,"menu_order":0,"comment_status":"closed","ping_status":"closed","template":"templates\/list-layout.php","meta":{"inline_featured_image":false,"footnotes":""},"yoast_head":"<!-- This site is optimized with the Yoast SEO Premium plugin v22.6 (Yoast SEO v22.6) - https:\/\/yoast.com\/wordpress\/plugins\/seo\/ -->\n<title>Piso en alquiler en el Eixample | Locabarcelona<\/title>\n<meta name=\"description\" content=\"\u00bfBuscas un piso de alquiler en el Eixample? Descubre todo lo que necesitas saber sobre el alquiler en el Eixample con LOCA BARCELONA.\" \/>\n<meta name=\"robots\" content=\"noindex, follow, max-snippet:-1, max-image-preview:large, max-video-preview:-1\" \/>\n<meta property=\"og:locale\" content=\"es_ES\" \/>\n<meta property=\"og:type\" content=\"article\" \/>\n<meta property=\"og:title\" content=\"Piso en alquiler en el Eixample | Locabarcelona\" \/>\n<meta property=\"og:description\" content=\"\u00bfBuscas un piso de alquiler en el Eixample? Descubre todo lo que necesitas saber sobre el alquiler en el Eixample con LOCA BARCELONA.\" \/>\n<meta property=\"og:url\" content=\"https:\/\/locabarcelona.egluu.com\/es\/alquiler-viviendas\/el-eixample\/\" \/>\n<meta property=\"og:site_name\" content=\"Locabarcelona\" \/>\n<meta property=\"article:modified_time\" content=\"2023-02-06T14:51:31+00:00\" \/>\n<meta name=\"twitter:card\" content=\"summary_large_image\" \/>\n<meta name=\"twitter:label1\" content=\"Est. reading time\" \/>\n\t<meta name=\"twitter:data1\" content=\"4 minutos\" \/>\n<script type=\"application\/ld+json\" class=\"yoast-schema-graph\">{\"@context\":\"https:\/\/schema.org\",\"@graph\":[{\"@type\":\"WebPage\",\"@id\":\"https:\/\/locabarcelona.egluu.com\/es\/alquiler-viviendas\/el-eixample\/\",\"url\":\"https:\/\/locabarcelona.egluu.com\/es\/alquiler-viviendas\/el-eixample\/\",\"name\":\"Piso en alquiler en el Eixample | Locabarcelona\",\"isPartOf\":{\"@id\":\"https:\/\/locabarcelona.egluu.com\/es\/#website\"},\"datePublished\":\"2022-04-29T11:03:02+00:00\",\"dateModified\":\"2023-02-06T14:51:31+00:00\",\"description\":\"\u00bfBuscas un piso de alquiler en el Eixample? Descubre todo lo que necesitas saber sobre el alquiler en el Eixample con LOCA BARCELONA.\",\"breadcrumb\":{\"@id\":\"https:\/\/locabarcelona.egluu.com\/es\/alquiler-viviendas\/el-eixample\/#breadcrumb\"},\"inLanguage\":\"es\",\"potentialAction\":[{\"@type\":\"ReadAction\",\"target\":[\"https:\/\/locabarcelona.egluu.com\/es\/alquiler-viviendas\/el-eixample\/\"]}]},{\"@type\":\"BreadcrumbList\",\"@id\":\"https:\/\/locabarcelona.egluu.com\/es\/alquiler-viviendas\/el-eixample\/#breadcrumb\",\"itemListElement\":[{\"@type\":\"ListItem\",\"position\":1,\"name\":\"Inicio\",\"item\":\"https:\/\/www.locabarcelona.com\/es\/home\/\"},{\"@type\":\"ListItem\",\"position\":2,\"name\":\"Agencia de alquiler Barcelona\",\"item\":\"https:\/\/www.locabarcelona.com\/es\/alquiler-viviendas\/\"},{\"@type\":\"ListItem\",\"position\":3,\"name\":\"Piso en alquiler en el Eixample\"}]},{\"@type\":\"WebSite\",\"@id\":\"https:\/\/locabarcelona.egluu.com\/es\/#website\",\"url\":\"https:\/\/locabarcelona.egluu.com\/es\/\",\"name\":\"Loca Barcelona\",\"description\":\"Real Estate Services\",\"publisher\":{\"@id\":\"https:\/\/locabarcelona.egluu.com\/es\/#organization\"},\"potentialAction\":[{\"@type\":\"SearchAction\",\"target\":{\"@type\":\"EntryPoint\",\"urlTemplate\":\"https:\/\/locabarcelona.egluu.com\/es\/?s={search_term_string}\"},\"query-input\":\"required name=search_term_string\"}],\"inLanguage\":\"es\"},{\"@type\":\"Organization\",\"@id\":\"https:\/\/locabarcelona.egluu.com\/es\/#organization\",\"name\":\"Loca Barcelona\",\"url\":\"https:\/\/locabarcelona.egluu.com\/es\/\",\"logo\":{\"@type\":\"ImageObject\",\"inLanguage\":\"es\",\"@id\":\"https:\/\/locabarcelona.egluu.com\/es\/#\/schema\/logo\/image\/\",\"url\":\"https:\/\/locabarcelona.egluu.com\/wp-content\/uploads\/2021\/10\/logo_locabarcelona_small.png\",\"contentUrl\":\"https:\/\/locabarcelona.egluu.com\/wp-content\/uploads\/2021\/10\/logo_locabarcelona_small.png\",\"width\":250,\"height\":149,\"caption\":\"Loca Barcelona\"},\"image\":{\"@id\":\"https:\/\/locabarcelona.egluu.com\/es\/#\/schema\/logo\/image\/\"}}]}<\/script>\n<!-- \/ Yoast SEO Premium plugin. -->","yoast_head_json":{"title":"Piso en alquiler en el Eixample | Locabarcelona","description":"\u00bfBuscas un piso de alquiler en el Eixample? Descubre todo lo que necesitas saber sobre el alquiler en el Eixample con LOCA BARCELONA.","robots":{"index":"noindex","follow":"follow","max-snippet":"max-snippet:-1","max-image-preview":"max-image-preview:large","max-video-preview":"max-video-preview:-1"},"og_locale":"es_ES","og_type":"article","og_title":"Piso en alquiler en el Eixample | Locabarcelona","og_description":"\u00bfBuscas un piso de alquiler en el Eixample? Descubre todo lo que necesitas saber sobre el alquiler en el Eixample con LOCA BARCELONA.","og_url":"https:\/\/locabarcelona.egluu.com\/es\/alquiler-viviendas\/el-eixample\/","og_site_name":"Locabarcelona","article_modified_time":"2023-02-06T14:51:31+00:00","twitter_card":"summary_large_image","twitter_misc":{"Est. reading time":"4 minutos"},"schema":{"@context":"https:\/\/schema.org","@graph":[{"@type":"WebPage","@id":"https:\/\/locabarcelona.egluu.com\/es\/alquiler-viviendas\/el-eixample\/","url":"https:\/\/locabarcelona.egluu.com\/es\/alquiler-viviendas\/el-eixample\/","name":"Piso en alquiler en el Eixample | Locabarcelona","isPartOf":{"@id":"https:\/\/locabarcelona.egluu.com\/es\/#website"},"datePublished":"2022-04-29T11:03:02+00:00","dateModified":"2023-02-06T14:51:31+00:00","description":"\u00bfBuscas un piso de alquiler en el Eixample? Descubre todo lo que necesitas saber sobre el alquiler en el Eixample con LOCA BARCELONA.","breadcrumb":{"@id":"https:\/\/locabarcelona.egluu.com\/es\/alquiler-viviendas\/el-eixample\/#breadcrumb"},"inLanguage":"es","potentialAction":[{"@type":"ReadAction","target":["https:\/\/locabarcelona.egluu.com\/es\/alquiler-viviendas\/el-eixample\/"]}]},{"@type":"BreadcrumbList","@id":"https:\/\/locabarcelona.egluu.com\/es\/alquiler-viviendas\/el-eixample\/#breadcrumb","itemListElement":[{"@type":"ListItem","position":1,"name":"Inicio","item":"https:\/\/www.locabarcelona.com\/es\/home\/"},{"@type":"ListItem","position":2,"name":"Agencia de alquiler Barcelona","item":"https:\/\/www.locabarcelona.com\/es\/alquiler-viviendas\/"},{"@type":"ListItem","position":3,"name":"Piso en alquiler en el Eixample"}]},{"@type":"WebSite","@id":"https:\/\/locabarcelona.egluu.com\/es\/#website","url":"https:\/\/locabarcelona.egluu.com\/es\/","name":"Loca Barcelona","description":"Real Estate Services","publisher":{"@id":"https:\/\/locabarcelona.egluu.com\/es\/#organization"},"potentialAction":[{"@type":"SearchAction","target":{"@type":"EntryPoint","urlTemplate":"https:\/\/locabarcelona.egluu.com\/es\/?s={search_term_string}"},"query-input":"required name=search_term_string"}],"inLanguage":"es"},{"@type":"Organization","@id":"https:\/\/locabarcelona.egluu.com\/es\/#organization","name":"Loca Barcelona","url":"https:\/\/locabarcelona.egluu.com\/es\/","logo":{"@type":"ImageObject","inLanguage":"es","@id":"https:\/\/locabarcelona.egluu.com\/es\/#\/schema\/logo\/image\/","url":"https:\/\/locabarcelona.egluu.com\/wp-content\/uploads\/2021\/10\/logo_locabarcelona_small.png","contentUrl":"https:\/\/locabarcelona.egluu.com\/wp-content\/uploads\/2021\/10\/logo_locabarcelona_small.png","width":250,"height":149,"caption":"Loca Barcelona"},"image":{"@id":"https:\/\/locabarcelona.egluu.com\/es\/#\/schema\/logo\/image\/"}}]}},"_links":{"self":[{"href":"https:\/\/locabarcelona.egluu.com\/es\/wp-json\/wp\/v2\/pages\/446689"}],"collection":[{"href":"https:\/\/locabarcelona.egluu.com\/es\/wp-json\/wp\/v2\/pages"}],"about":[{"href":"https:\/\/locabarcelona.egluu.com\/es\/wp-json\/wp\/v2\/types\/page"}],"author":[{"embeddable":true,"href":"https:\/\/locabarcelona.egluu.com\/es\/wp-json\/wp\/v2\/users\/344"}],"replies":[{"embeddable":true,"href":"https:\/\/locabarcelona.egluu.com\/es\/wp-json\/wp\/v2\/comments?post=446689"}],"version-history":[{"count":0,"href":"https:\/\/locabarcelona.egluu.com\/es\/wp-json\/wp\/v2\/pages\/446689\/revisions"}],"up":[{"embeddable":true,"href":"https:\/\/locabarcelona.egluu.com\/es\/wp-json\/wp\/v2\/pages\/438299"}],"wp:attachment":[{"href":"https:\/\/locabarcelona.egluu.com\/es\/wp-json\/wp\/v2\/media?parent=446689"}],"curies":[{"name":"wp","href":"https:\/\/api.w.org\/{rel}","templated":true}]}}