{"id":461236,"date":"2022-09-02T11:56:00","date_gmt":"2022-09-02T09:56:00","guid":{"rendered":"https:\/\/locabarcelona.egluu.com\/?page_id=461236"},"modified":"2023-02-22T15:43:05","modified_gmt":"2023-02-22T14:43:05","slug":"montjuic","status":"publish","type":"page","link":"https:\/\/locabarcelona.egluu.com\/es\/alquiler-viviendas\/montjuic\/","title":{"rendered":"Pisos en alquiler en Montju\u00efc"},"content":{"rendered":"\t\t<div data-elementor-type=\"wp-page\" data-elementor-id=\"461236\" class=\"elementor elementor-461236\" data-elementor-post-type=\"page\">\n\t\t\t\t\t\t<section class=\"elementor-section elementor-top-section elementor-element elementor-element-5f2c34e8 elementor-section-boxed elementor-section-height-default elementor-section-height-default\" data-id=\"5f2c34e8\" data-element_type=\"section\">\n\t\t\t\t\t\t<div class=\"elementor-container elementor-column-gap-default\">\n\t\t\t\t\t<div class=\"elementor-column elementor-col-100 elementor-top-column elementor-element elementor-element-6db26b0b\" data-id=\"6db26b0b\" data-element_type=\"column\">\n\t\t\t<div class=\"elementor-widget-wrap elementor-element-populated\">\n\t\t\t\t\t\t<div class=\"elementor-element elementor-element-51118262 elementor-widget elementor-widget-text-editor\" data-id=\"51118262\" data-element_type=\"widget\" data-widget_type=\"text-editor.default\">\n\t\t\t\t<div class=\"elementor-widget-container\">\n\t\t\t\t\t\t\t<h2>\u00bfPor qu\u00e9 alquilar un piso en Montjuic?<\/h2><p><strong>Montjuic<\/strong> se encuentra en la colina m\u00e1s agradable y conocida de Barcelona. Este barrio verde tiene vistas al <strong>casco antiguo<\/strong> y al puerto industrial. El patrimonio es reciente, ya que muchos edificios se construyeron para <strong>la Exposici\u00f3n Universal de 1929<\/strong> y <strong>los Juegos Ol\u00edmpicos de 1992<\/strong>.<\/p><h3>Una de las zonas tur\u00edsticas m\u00e1s populares de Barcelona<\/h3><p>Para disfrutar de una gran vista de Barcelona y del mar, sube a la cima de la colina, que se eleva a 170 metros. Podr\u00e1s ver los yates anclados cerca de la costa y los del puerto viejo.<br \/>Entre los monumentos y edificios m\u00e1s visitados se encuentran:<\/p><ul><li>El <strong>Castillo de Montjuic<\/strong><\/li><li>El <strong>Palacio Nacional<\/strong><\/li><li>El <strong>Jard\u00edn Bot\u00e1nico<\/strong><\/li><li>La <strong>Fuente M\u00e1gica<\/strong><\/li><li>El <strong>Poble Espanyol<\/strong><\/li><li>El <strong>Estadio Ol\u00edmpico Lluis Companys<\/strong><\/li><\/ul><h3>Momentos de relax en los espacios verdes de Montjuic<\/h3><p><strong>Montjuic<\/strong> cuenta con amplios espacios verdes perfectamente distribuidos: descubre los numerosos parques y jardines en los que es agradable seguir rutas naturales, ir en bicicleta, hacer footing, llevar a los ni\u00f1os a los parques infantiles o simplemente dar un paseo.<\/p><p>La <strong>villa ol\u00edmpica y la piscina<\/strong> ofrecen las instalaciones ideales para los deportistas: es posible practicar todo tipo de deportes a pocos pasos de <strong>tu alquiler de vacaciones o loft en Montjuic<\/strong>. Cerca de all\u00ed, <strong>el Museo Ol\u00edmpico y del Deporte<\/strong> relata la aventura de los Juegos y sus principales acontecimientos. <\/p><h2>\u00bfQu\u00e9 puedo esperar del alquiler de un piso en Montjuic?<\/h2><p><strong>Montjuic<\/strong> acoge cada a\u00f1o diversos eventos, como el <strong>Festival de Cine al Aire Libre<\/strong> en julio en los jardines del castillo y los picnics al aire libre en uno de los parques m\u00e1s populares. <strong>Alquilar un piso en Montjuic<\/strong> promete grandes momentos durante todo el a\u00f1o.<\/p><h3>Pisos en alquiler en Montjuic<\/h3><p>A menudo con balc\u00f3n, terraza o espacio exterior, los <strong>pisos en alquiler en Montjuic<\/strong> ofrecen muchas comodidades. Muchos de ellos est\u00e1n climatizados para ofrecer confort t\u00e9rmico en todas las estaciones.<\/p><p>Con Loca Barcelona, puedes elegir <strong>un estudio o un piso de 2 a 4 habitaciones<\/strong> y mucho m\u00e1s. Tanto si te gusta la decoraci\u00f3n t\u00edpica de Barcelona como el dise\u00f1o contempor\u00e1neo, te encantar\u00e1 la luminosidad y la perfecta distribuci\u00f3n de estos <strong>alquileres de temporada<\/strong> o para todo el a\u00f1o en <strong>Montjuic<\/strong>.<\/p><p>Para llegar a los diferentes sitios, puedes tomar el transporte p\u00fablico o el funicular desde el castillo hasta la parada de <strong>metro \u201cParal.lel\u201d<\/strong>, o el telef\u00e9rico que termina en la Barceloneta.<\/p><h3>Un entorno ideal para familias y residentes extranjeros<\/h3><p><strong>Montjuic<\/strong> es tambi\u00e9n un barrio comercial y cultural. Aqu\u00ed se celebran regularmente numerosos mercados con productos variados de temporada, especialmente en <strong>el Parque de Montjuic<\/strong>. <\/p><p>En las alturas hay varios restaurantes y bares para pasar un buen rato frente al mar o para conocer gente. Cerca del Passeig de Montjuic se pueden encontrar tiendas tradicionales y boutiques de lujo.<\/p><p><strong>Alquilando un piso en Montjuic<\/strong> con<a href=\"https:\/\/locabarcelona.egluu.com\/es\/\"> Loca Barcelona<\/a>, podr\u00e1s vivir lo mejor de Barcelona, en el coraz\u00f3n de una de sus zonas m\u00e1s bellas.<\/p>\t\t\t\t\t\t<\/div>\n\t\t\t\t<\/div>\n\t\t\t\t\t<\/div>\n\t\t<\/div>\n\t\t\t\t\t<\/div>\n\t\t<\/section>\n\t\t\t\t<section class=\"elementor-section elementor-top-section elementor-element elementor-element-3df08ea2 elementor-section-boxed elementor-section-height-default elementor-section-height-default\" data-id=\"3df08ea2\" data-element_type=\"section\">\n\t\t\t\t\t\t<div class=\"elementor-container elementor-column-gap-default\">\n\t\t\t\t\t<div class=\"elementor-column elementor-col-100 elementor-top-column elementor-element elementor-element-49463f3c\" data-id=\"49463f3c\" data-element_type=\"column\">\n\t\t\t<div class=\"elementor-widget-wrap elementor-element-populated\">\n\t\t\t\t\t\t<div class=\"elementor-element elementor-element-eb0d097 elementor-widget elementor-widget-spacer\" data-id=\"eb0d097\" data-element_type=\"widget\" data-widget_type=\"spacer.default\">\n\t\t\t\t<div class=\"elementor-widget-container\">\n\t\t\t\t\t<div class=\"elementor-spacer\">\n\t\t\t<div class=\"elementor-spacer-inner\"><\/div>\n\t\t<\/div>\n\t\t\t\t<\/div>\n\t\t\t\t<\/div>\n\t\t\t\t\t<\/div>\n\t\t<\/div>\n\t\t\t\t\t<\/div>\n\t\t<\/section>\n\t\t\t\t<section class=\"elementor-section elementor-top-section elementor-element elementor-element-c463bc7 elementor-section-boxed elementor-section-height-default elementor-section-height-default\" data-id=\"c463bc7\" data-element_type=\"section\">\n\t\t\t\t\t\t<div class=\"elementor-container elementor-column-gap-default\">\n\t\t\t\t\t<div class=\"elementor-column elementor-col-100 elementor-top-column elementor-element elementor-element-2fbc55c\" data-id=\"2fbc55c\" data-element_type=\"column\">\n\t\t\t<div class=\"elementor-widget-wrap elementor-element-populated\">\n\t\t\t\t\t\t<div class=\"elementor-element elementor-element-6bbca2b elementor-widget elementor-widget-heading\" data-id=\"6bbca2b\" data-element_type=\"widget\" data-widget_type=\"heading.default\">\n\t\t\t\t<div class=\"elementor-widget-container\">\n\t\t\t<h2 class=\"elementor-heading-title elementor-size-default\">B\u00fasquedas frecuentes :<\/h2>\t\t<\/div>\n\t\t\t\t<\/div>\n\t\t\t\t\t<\/div>\n\t\t<\/div>\n\t\t\t\t\t<\/div>\n\t\t<\/section>\n\t\t\t\t<section class=\"elementor-section elementor-top-section elementor-element elementor-element-496b94d7 elementor-section-boxed elementor-section-height-default elementor-section-height-default\" data-id=\"496b94d7\" data-element_type=\"section\">\n\t\t\t\t\t\t<div class=\"elementor-container elementor-column-gap-default\">\n\t\t\t\t\t<div class=\"elementor-column elementor-col-50 elementor-top-column elementor-element elementor-element-443e664c\" data-id=\"443e664c\" data-element_type=\"column\">\n\t\t\t<div class=\"elementor-widget-wrap elementor-element-populated\">\n\t\t\t\t\t\t<div class=\"elementor-element elementor-element-6b08f053 elementor-widget elementor-widget-text-editor\" data-id=\"6b08f053\" data-element_type=\"widget\" data-widget_type=\"text-editor.default\">\n\t\t\t\t<div class=\"elementor-widget-container\">\n\t\t\t\t\t\t\t<p><a href=\"https:\/\/locabarcelona.egluu.com\/es\/alquiler-viviendas\/pisos-estudiantes-barcelona\/\" target=\"_blank\" rel=\"noopener\">Pisos estudiantes<\/a><\/p><p><a href=\"https:\/\/locabarcelona.egluu.com\/es\/tipo-de-servicio\/compartir-piso-barcelona\/\" target=\"_blank\" rel=\"noopener\">Piso para compartir<\/a><\/p><p><a href=\"https:\/\/locabarcelona.egluu.com\/es\/property-feature\/caracteristicas\/pisos-amueblados\/\">Pisos alquiler amueblados<\/a><\/p><p><a href=\"https:\/\/locabarcelona.egluu.com\/es\/alquiler-viviendas\/estudio-barcelona\/\">Estudio alquiler<\/a><\/p>\t\t\t\t\t\t<\/div>\n\t\t\t\t<\/div>\n\t\t\t\t\t<\/div>\n\t\t<\/div>\n\t\t\t\t<div class=\"elementor-column elementor-col-50 elementor-top-column elementor-element elementor-element-7657743c\" data-id=\"7657743c\" data-element_type=\"column\">\n\t\t\t<div class=\"elementor-widget-wrap elementor-element-populated\">\n\t\t\t\t\t\t<div class=\"elementor-element elementor-element-20b311be elementor-widget elementor-widget-text-editor\" data-id=\"20b311be\" data-element_type=\"widget\" data-widget_type=\"text-editor.default\">\n\t\t\t\t<div class=\"elementor-widget-container\">\n\t\t\t\t\t\t\t<p><a href=\"https:\/\/locabarcelona.egluu.com\/es\/alquiler-viviendas\/piso-con-terraza-barcelona\/\">Piso con terraza<\/a><\/p><p><a href=\"https:\/\/locabarcelona.egluu.com\/es\/alquiler-viviendas\/atico-en-barcelona\/\">Piso \u00e1tico<\/a><\/p><p><a href=\"https:\/\/locabarcelona.egluu.com\/es\/alquiler-viviendas\/pisos-de-2-habitaciones-en-barcelona\/\">Pisos de 2 habitaciones<\/a><\/p><p><a href=\"https:\/\/locabarcelona.egluu.com\/es\/alquiler-viviendas\/pisos-de-3-habitaciones-en-barcelona\/\">Pisos de 3 habitaciones<\/a><\/p>\t\t\t\t\t\t<\/div>\n\t\t\t\t<\/div>\n\t\t\t\t\t<\/div>\n\t\t<\/div>\n\t\t\t\t\t<\/div>\n\t\t<\/section>\n\t\t\t\t<section class=\"elementor-section elementor-top-section elementor-element elementor-element-4a864edb elementor-section-boxed elementor-section-height-default elementor-section-height-default\" data-id=\"4a864edb\" data-element_type=\"section\">\n\t\t\t\t\t\t<div class=\"elementor-container elementor-column-gap-default\">\n\t\t\t\t\t<div class=\"elementor-column elementor-col-100 elementor-top-column elementor-element elementor-element-2da237a3\" data-id=\"2da237a3\" data-element_type=\"column\">\n\t\t\t<div class=\"elementor-widget-wrap elementor-element-populated\">\n\t\t\t\t\t\t<div class=\"elementor-element elementor-element-5ada4d5c elementor-widget elementor-widget-heading\" data-id=\"5ada4d5c\" data-element_type=\"widget\" data-widget_type=\"heading.default\">\n\t\t\t\t<div class=\"elementor-widget-container\">\n\t\t\t<h2 class=\"elementor-heading-title elementor-size-default\">Pisos en alquiler por distritos <\/h2>\t\t<\/div>\n\t\t\t\t<\/div>\n\t\t\t\t\t<\/div>\n\t\t<\/div>\n\t\t\t\t\t<\/div>\n\t\t<\/section>\n\t\t\t\t<section class=\"elementor-section elementor-top-section elementor-element elementor-element-39370ab7 elementor-section-boxed elementor-section-height-default elementor-section-height-default\" data-id=\"39370ab7\" data-element_type=\"section\">\n\t\t\t\t\t\t<div class=\"elementor-container elementor-column-gap-default\">\n\t\t\t\t\t<div class=\"elementor-column elementor-col-50 elementor-top-column elementor-element elementor-element-60f8e143\" data-id=\"60f8e143\" data-element_type=\"column\">\n\t\t\t<div class=\"elementor-widget-wrap elementor-element-populated\">\n\t\t\t\t\t\t<div class=\"elementor-element elementor-element-75fe1941 elementor-widget elementor-widget-global elementor-global-446206 elementor-widget-text-editor\" data-id=\"75fe1941\" data-element_type=\"widget\" data-widget_type=\"text-editor.default\">\n\t\t\t\t<div class=\"elementor-widget-container\">\n\t\t\t\t\t\t\t<p><span data-sheets-value=\"{\"><a href=\"https:\/\/locabarcelona.egluu.com\/es\/alquiler-viviendas\/el-eixample\/\">Pisos en alquiler en l&#8217;Eixample<\/a><br \/><a href=\"https:\/\/locabarcelona.egluu.com\/es\/alquiler-viviendas\/eixample-dreta\/\">Pisos en alquiler en Eixample Dreta<\/a><br \/><a href=\"https:\/\/locabarcelona.egluu.com\/es\/alquiler-viviendas\/antiga-esquerra-eixample\/\">Pisos en Antiga Esquerra de l&#8217;Eixample<\/a><br \/><\/span><span data-sheets-value=\"{\"><a href=\"https:\/\/locabarcelona.egluu.com\/es\/alquiler-viviendas\/nova-esquerra-eixample\/\">Pisos en Nova Esquerra de l&#8217;Eixample<\/a><br \/><a href=\"https:\/\/locabarcelona.egluu.com\/es\/alquiler-viviendas\/fort-pienc\/\">Pisos en alquiler en Fort Pienc<\/a><br \/><a href=\"https:\/\/locabarcelona.egluu.com\/es\/alquiler-viviendas\/eixample\/sagrada-familia\/\">Pisos en alquiler en Sagrada Familia<\/a><br \/><a href=\"https:\/\/locabarcelona.egluu.com\/es\/alquiler-viviendas\/eixample\/sant-antoni\/\">Pisos en alquiler en Sant antoni<\/a><br \/><a href=\"https:\/\/locabarcelona.egluu.com\/es\/alquiler-viviendas\/ciutat-vella\/\">Pisos en alquiler en Ciutat Vella<\/a><br \/><a href=\"https:\/\/locabarcelona.egluu.com\/es\/alquiler-viviendas\/el-gotico\/\">Pisos en alquiler en el Gotico<\/a><br \/><a href=\"https:\/\/locabarcelona.egluu.com\/es\/alquiler-viviendas\/raval\/\">Pisos en alquiler en el Raval<\/a><br \/><a href=\"https:\/\/locabarcelona.egluu.com\/es\/alquiler-viviendas\/el-born\/\">Pisos en alquiler en el Born<\/a><br \/><a href=\"https:\/\/locabarcelona.egluu.com\/es\/alquiler-viviendas\/barceloneta\/\">Pisos en alquiler en Barceloneta<\/a><br \/><a href=\"https:\/\/locabarcelona.egluu.com\/es\/alquiler-viviendas\/sants-montjuic\/\">Pisos en alquiler en Sants-Montju\u00efc<\/a><br \/><a href=\"https:\/\/locabarcelona.egluu.com\/es\/alquiler-viviendas\/poble-sec\/\">Pisos en alquiler en Poble Sec<\/a><br \/><a href=\"https:\/\/locabarcelona.egluu.com\/es\/alquiler-viviendas\/sants\/\">Pisos en alquiler en Sants<\/a><br \/><a href=\"https:\/\/locabarcelona.egluu.com\/es\/alquiler-viviendas\/el-putxet-i-farro\/\">Pisos en alquiler en El Putxet i Farr\u00f3<\/a><br \/><a href=\"https:\/\/locabarcelona.egluu.com\/es\/alquiler-viviendas\/las-tres-torres\/\">Pisos en alquiler en Las Tres Torres<\/a><br \/><a href=\"https:\/\/locabarcelona.egluu.com\/es\/alquiler-viviendas\/montjuic\/\">Pisos en alquiler en Montjuic\u00a0<\/a><\/span><\/p>\t\t\t\t\t\t<\/div>\n\t\t\t\t<\/div>\n\t\t\t\t\t<\/div>\n\t\t<\/div>\n\t\t\t\t<div class=\"elementor-column elementor-col-50 elementor-top-column elementor-element elementor-element-722ef1b0\" data-id=\"722ef1b0\" data-element_type=\"column\">\n\t\t\t<div class=\"elementor-widget-wrap elementor-element-populated\">\n\t\t\t\t\t\t<div class=\"elementor-element elementor-element-550c313d elementor-widget elementor-widget-global elementor-global-446210 elementor-widget-text-editor\" data-id=\"550c313d\" data-element_type=\"widget\" data-widget_type=\"text-editor.default\">\n\t\t\t\t<div class=\"elementor-widget-container\">\n\t\t\t\t\t\t\t<p><a href=\"https:\/\/locabarcelona.egluu.com\/es\/alquiler-viviendas\/les-corts\/\">Pisos en alquiler en les Corts<\/a><br \/><span data-sheets-value=\"{\"><a href=\"https:\/\/locabarcelona.egluu.com\/es\/alquiler-viviendas\/pedralbes\/\">Pisos en alquiler en Pedralbes<\/a><br \/><a href=\"https:\/\/locabarcelona.egluu.com\/es\/alquiler-viviendas\/sarria-sant-gervasi\/\">Pisos en alquiler en Sarria Sant Gervasi<\/a><br \/><a href=\"https:\/\/locabarcelona.egluu.com\/es\/alquiler-viviendas\/sarria\/\">Pisos en alquiler en Sarria<\/a><br \/><a href=\"https:\/\/locabarcelona.egluu.com\/es\/property-for-rent\/gracia\/\">Pisos en alquiler en Gracia<\/a><br \/><a href=\"https:\/\/locabarcelona.egluu.com\/es\/alquiler-viviendas\/vila-de-gracia\/\">Pisos en alquiler en Vila de Gr\u00e0cia<\/a><br \/><a href=\"https:\/\/locabarcelona.egluu.com\/es\/alquiler-viviendas\/horta-guinardo\/\">Pisos en alquiler en Horta-Guinardo<\/a><br \/><a href=\"https:\/\/locabarcelona.egluu.com\/es\/alquiler-viviendas\/nou-barris\/\">Pisos en alquiler en Nou Barris<\/a><br \/><a href=\"https:\/\/locabarcelona.egluu.com\/es\/alquiler-viviendas\/sant-andreu\/\">Pisos en alquiler en Sant Andreu<\/a><br \/><a href=\"https:\/\/locabarcelona.egluu.com\/es\/alquiler-viviendas\/sant-marti\/\">Pisos en alquiler en Sant Mart\u00ed<\/a><br \/><a href=\"https:\/\/locabarcelona.egluu.com\/es\/alquiler-viviendas\/el-clot\/\">Pisos en alquiler en el Clot<\/a><br \/><a href=\"https:\/\/locabarcelona.egluu.com\/es\/alquiler-viviendas\/vila-olimpica-del-poblenou\/\">Pisos en La vila olimpica del Poblenou<\/a><br \/><a href=\"https:\/\/locabarcelona.egluu.com\/es\/alquiler-viviendas\/poblenou\/\">Pisos en alquiler en Poblenou<\/a><br \/><a href=\"https:\/\/locabarcelona.egluu.com\/es\/alquiler-viviendas\/diagonal-mar\/\">Pisos en alquiler en Diagonal Mar<\/a><br \/><a href=\"https:\/\/locabarcelona.egluu.com\/es\/alquiler-viviendas\/sant-gervasi-la-bonanova\/\">Pisos en alquiler en Sant gervasi \u2013 la bonanova<\/a><br \/><a href=\"https:\/\/locabarcelona.egluu.com\/es\/alquiler-viviendas\/sant-gervasi-galvany\/\">Pisos en alquiler en Sant Gervasi Galvany<\/a><br \/><a href=\"https:\/\/locabarcelona.egluu.com\/es\/alquiler-viviendas\/zona-franca\/\">Pisos en alquiler en Zona Franca<\/a><br \/><a href=\"https:\/\/locabarcelona.egluu.com\/es\/alquiler-viviendas\/sants-badal\/\">Pisos en alquiler en Sants Badal<\/a><br \/><\/span><\/p>\t\t\t\t\t\t<\/div>\n\t\t\t\t<\/div>\n\t\t\t\t\t<\/div>\n\t\t<\/div>\n\t\t\t\t\t<\/div>\n\t\t<\/section>\n\t\t\t\t<\/div>\n\t\t","protected":false},"excerpt":{"rendered":"<p>\u00bfPor qu\u00e9 alquilar un piso en Montjuic? Montjuic se encuentra en la colina m\u00e1s agradable y conocida de Barcelona. Este barrio verde tiene vistas al casco antiguo y al puerto industrial. El patrimonio es reciente, ya que muchos edificios se construyeron para la Exposici\u00f3n Universal de 1929 y los Juegos Ol\u00edmpicos de 1992. Una de&#8230;<\/p>\n","protected":false},"author":344,"featured_media":0,"parent":438299,"menu_order":0,"comment_status":"closed","ping_status":"closed","template":"templates\/list-layout.php","meta":{"inline_featured_image":false,"footnotes":""},"yoast_head":"<!-- This site is optimized with the Yoast SEO Premium plugin v22.6 (Yoast SEO v22.6) - https:\/\/yoast.com\/wordpress\/plugins\/seo\/ -->\n<title>Pisos en alquiler en Montju\u00efc | Locabarcelona<\/title>\n<meta name=\"description\" content=\"LOCA BARCELONA ofrece una amplia selecci\u00f3n de propiedades en alquiler en Montjuic, tanto para estancias largas como cortas.\" \/>\n<meta name=\"robots\" content=\"noindex, follow, max-snippet:-1, max-image-preview:large, max-video-preview:-1\" \/>\n<meta property=\"og:locale\" content=\"es_ES\" \/>\n<meta property=\"og:type\" content=\"article\" \/>\n<meta property=\"og:title\" content=\"Pisos en alquiler en Montju\u00efc | Locabarcelona\" \/>\n<meta property=\"og:description\" content=\"LOCA BARCELONA ofrece una amplia selecci\u00f3n de propiedades en alquiler en Montjuic, tanto para estancias largas como cortas.\" \/>\n<meta property=\"og:url\" content=\"https:\/\/locabarcelona.egluu.com\/es\/alquiler-viviendas\/montjuic\/\" \/>\n<meta property=\"og:site_name\" content=\"Locabarcelona\" \/>\n<meta property=\"article:modified_time\" content=\"2023-02-22T14:43:05+00:00\" \/>\n<meta name=\"twitter:card\" content=\"summary_large_image\" \/>\n<meta name=\"twitter:label1\" content=\"Est. reading time\" \/>\n\t<meta name=\"twitter:data1\" content=\"4 minutos\" \/>\n<script type=\"application\/ld+json\" class=\"yoast-schema-graph\">{\"@context\":\"https:\/\/schema.org\",\"@graph\":[{\"@type\":\"WebPage\",\"@id\":\"https:\/\/locabarcelona.egluu.com\/es\/alquiler-viviendas\/montjuic\/\",\"url\":\"https:\/\/locabarcelona.egluu.com\/es\/alquiler-viviendas\/montjuic\/\",\"name\":\"Pisos en alquiler en Montju\u00efc | Locabarcelona\",\"isPartOf\":{\"@id\":\"https:\/\/locabarcelona.egluu.com\/es\/#website\"},\"datePublished\":\"2022-09-02T09:56:00+00:00\",\"dateModified\":\"2023-02-22T14:43:05+00:00\",\"description\":\"LOCA BARCELONA ofrece una amplia selecci\u00f3n de propiedades en alquiler en Montjuic, tanto para estancias largas como cortas.\",\"breadcrumb\":{\"@id\":\"https:\/\/locabarcelona.egluu.com\/es\/alquiler-viviendas\/montjuic\/#breadcrumb\"},\"inLanguage\":\"es\",\"potentialAction\":[{\"@type\":\"ReadAction\",\"target\":[\"https:\/\/locabarcelona.egluu.com\/es\/alquiler-viviendas\/montjuic\/\"]}]},{\"@type\":\"BreadcrumbList\",\"@id\":\"https:\/\/locabarcelona.egluu.com\/es\/alquiler-viviendas\/montjuic\/#breadcrumb\",\"itemListElement\":[{\"@type\":\"ListItem\",\"position\":1,\"name\":\"Inicio\",\"item\":\"https:\/\/www.locabarcelona.com\/es\/home\/\"},{\"@type\":\"ListItem\",\"position\":2,\"name\":\"Agencia de alquiler Barcelona\",\"item\":\"https:\/\/www.locabarcelona.com\/es\/alquiler-viviendas\/\"},{\"@type\":\"ListItem\",\"position\":3,\"name\":\"Pisos en alquiler en Montju\u00efc\"}]},{\"@type\":\"WebSite\",\"@id\":\"https:\/\/locabarcelona.egluu.com\/es\/#website\",\"url\":\"https:\/\/locabarcelona.egluu.com\/es\/\",\"name\":\"Loca Barcelona\",\"description\":\"Real Estate Services\",\"publisher\":{\"@id\":\"https:\/\/locabarcelona.egluu.com\/es\/#organization\"},\"potentialAction\":[{\"@type\":\"SearchAction\",\"target\":{\"@type\":\"EntryPoint\",\"urlTemplate\":\"https:\/\/locabarcelona.egluu.com\/es\/?s={search_term_string}\"},\"query-input\":\"required name=search_term_string\"}],\"inLanguage\":\"es\"},{\"@type\":\"Organization\",\"@id\":\"https:\/\/locabarcelona.egluu.com\/es\/#organization\",\"name\":\"Loca Barcelona\",\"url\":\"https:\/\/locabarcelona.egluu.com\/es\/\",\"logo\":{\"@type\":\"ImageObject\",\"inLanguage\":\"es\",\"@id\":\"https:\/\/locabarcelona.egluu.com\/es\/#\/schema\/logo\/image\/\",\"url\":\"https:\/\/locabarcelona.egluu.com\/wp-content\/uploads\/2021\/10\/logo_locabarcelona_small.png\",\"contentUrl\":\"https:\/\/locabarcelona.egluu.com\/wp-content\/uploads\/2021\/10\/logo_locabarcelona_small.png\",\"width\":250,\"height\":149,\"caption\":\"Loca Barcelona\"},\"image\":{\"@id\":\"https:\/\/locabarcelona.egluu.com\/es\/#\/schema\/logo\/image\/\"}}]}<\/script>\n<!-- \/ Yoast SEO Premium plugin. -->","yoast_head_json":{"title":"Pisos en alquiler en Montju\u00efc | Locabarcelona","description":"LOCA BARCELONA ofrece una amplia selecci\u00f3n de propiedades en alquiler en Montjuic, tanto para estancias largas como cortas.","robots":{"index":"noindex","follow":"follow","max-snippet":"max-snippet:-1","max-image-preview":"max-image-preview:large","max-video-preview":"max-video-preview:-1"},"og_locale":"es_ES","og_type":"article","og_title":"Pisos en alquiler en Montju\u00efc | Locabarcelona","og_description":"LOCA BARCELONA ofrece una amplia selecci\u00f3n de propiedades en alquiler en Montjuic, tanto para estancias largas como cortas.","og_url":"https:\/\/locabarcelona.egluu.com\/es\/alquiler-viviendas\/montjuic\/","og_site_name":"Locabarcelona","article_modified_time":"2023-02-22T14:43:05+00:00","twitter_card":"summary_large_image","twitter_misc":{"Est. reading time":"4 minutos"},"schema":{"@context":"https:\/\/schema.org","@graph":[{"@type":"WebPage","@id":"https:\/\/locabarcelona.egluu.com\/es\/alquiler-viviendas\/montjuic\/","url":"https:\/\/locabarcelona.egluu.com\/es\/alquiler-viviendas\/montjuic\/","name":"Pisos en alquiler en Montju\u00efc | Locabarcelona","isPartOf":{"@id":"https:\/\/locabarcelona.egluu.com\/es\/#website"},"datePublished":"2022-09-02T09:56:00+00:00","dateModified":"2023-02-22T14:43:05+00:00","description":"LOCA BARCELONA ofrece una amplia selecci\u00f3n de propiedades en alquiler en Montjuic, tanto para estancias largas como cortas.","breadcrumb":{"@id":"https:\/\/locabarcelona.egluu.com\/es\/alquiler-viviendas\/montjuic\/#breadcrumb"},"inLanguage":"es","potentialAction":[{"@type":"ReadAction","target":["https:\/\/locabarcelona.egluu.com\/es\/alquiler-viviendas\/montjuic\/"]}]},{"@type":"BreadcrumbList","@id":"https:\/\/locabarcelona.egluu.com\/es\/alquiler-viviendas\/montjuic\/#breadcrumb","itemListElement":[{"@type":"ListItem","position":1,"name":"Inicio","item":"https:\/\/www.locabarcelona.com\/es\/home\/"},{"@type":"ListItem","position":2,"name":"Agencia de alquiler Barcelona","item":"https:\/\/www.locabarcelona.com\/es\/alquiler-viviendas\/"},{"@type":"ListItem","position":3,"name":"Pisos en alquiler en Montju\u00efc"}]},{"@type":"WebSite","@id":"https:\/\/locabarcelona.egluu.com\/es\/#website","url":"https:\/\/locabarcelona.egluu.com\/es\/","name":"Loca Barcelona","description":"Real Estate Services","publisher":{"@id":"https:\/\/locabarcelona.egluu.com\/es\/#organization"},"potentialAction":[{"@type":"SearchAction","target":{"@type":"EntryPoint","urlTemplate":"https:\/\/locabarcelona.egluu.com\/es\/?s={search_term_string}"},"query-input":"required name=search_term_string"}],"inLanguage":"es"},{"@type":"Organization","@id":"https:\/\/locabarcelona.egluu.com\/es\/#organization","name":"Loca Barcelona","url":"https:\/\/locabarcelona.egluu.com\/es\/","logo":{"@type":"ImageObject","inLanguage":"es","@id":"https:\/\/locabarcelona.egluu.com\/es\/#\/schema\/logo\/image\/","url":"https:\/\/locabarcelona.egluu.com\/wp-content\/uploads\/2021\/10\/logo_locabarcelona_small.png","contentUrl":"https:\/\/locabarcelona.egluu.com\/wp-content\/uploads\/2021\/10\/logo_locabarcelona_small.png","width":250,"height":149,"caption":"Loca Barcelona"},"image":{"@id":"https:\/\/locabarcelona.egluu.com\/es\/#\/schema\/logo\/image\/"}}]}},"_links":{"self":[{"href":"https:\/\/locabarcelona.egluu.com\/es\/wp-json\/wp\/v2\/pages\/461236"}],"collection":[{"href":"https:\/\/locabarcelona.egluu.com\/es\/wp-json\/wp\/v2\/pages"}],"about":[{"href":"https:\/\/locabarcelona.egluu.com\/es\/wp-json\/wp\/v2\/types\/page"}],"author":[{"embeddable":true,"href":"https:\/\/locabarcelona.egluu.com\/es\/wp-json\/wp\/v2\/users\/344"}],"replies":[{"embeddable":true,"href":"https:\/\/locabarcelona.egluu.com\/es\/wp-json\/wp\/v2\/comments?post=461236"}],"version-history":[{"count":0,"href":"https:\/\/locabarcelona.egluu.com\/es\/wp-json\/wp\/v2\/pages\/461236\/revisions"}],"up":[{"embeddable":true,"href":"https:\/\/locabarcelona.egluu.com\/es\/wp-json\/wp\/v2\/pages\/438299"}],"wp:attachment":[{"href":"https:\/\/locabarcelona.egluu.com\/es\/wp-json\/wp\/v2\/media?parent=461236"}],"curies":[{"name":"wp","href":"https:\/\/api.w.org\/{rel}","templated":true}]}}