{"id":464870,"date":"2022-10-21T10:53:53","date_gmt":"2022-10-21T08:53:53","guid":{"rendered":"https:\/\/locabarcelona.egluu.com\/?page_id=464870"},"modified":"2023-02-03T16:26:40","modified_gmt":"2023-02-03T15:26:40","slug":"pisos-estudiantes-barcelona","status":"publish","type":"page","link":"https:\/\/locabarcelona.egluu.com\/es\/alquiler-viviendas\/pisos-estudiantes-barcelona\/","title":{"rendered":"Pisos de estudiantes en Barcelona"},"content":{"rendered":"\t\t<div data-elementor-type=\"wp-page\" data-elementor-id=\"464870\" class=\"elementor elementor-464870 elementor-464801\" data-elementor-post-type=\"page\">\n\t\t\t\t\t\t<section class=\"elementor-section elementor-top-section elementor-element elementor-element-5eb09a9d elementor-section-boxed elementor-section-height-default elementor-section-height-default\" data-id=\"5eb09a9d\" data-element_type=\"section\">\n\t\t\t\t\t\t<div class=\"elementor-container elementor-column-gap-default\">\n\t\t\t\t\t<div class=\"elementor-column elementor-col-100 elementor-top-column elementor-element elementor-element-52585c4c\" data-id=\"52585c4c\" data-element_type=\"column\">\n\t\t\t<div class=\"elementor-widget-wrap elementor-element-populated\">\n\t\t\t\t\t\t<div class=\"elementor-element elementor-element-530427d4 elementor-widget elementor-widget-text-editor\" data-id=\"530427d4\" data-element_type=\"widget\" data-widget_type=\"text-editor.default\">\n\t\t\t\t<div class=\"elementor-widget-container\">\n\t\t\t\t\t\t\t<p><a href=\"https:\/\/locabarcelona.egluu.com\/es\/\"><strong>LOCA BARCELONA<\/strong><\/a> es la gran referencia para encontrar <strong>pisos de estudiantes en alquiler en Barcelona<\/strong>, ya que facilitamos a cada usuario poder conseguir el alojamiento perfecto, en inmuebles de <strong>ubicaci\u00f3n c\u00e9ntrica<\/strong> totalmente equipados, <a href=\"https:\/\/locabarcelona.egluu.com\/es\/property-feature\/caracteristicas\/pisos-amueblados\/\">amueblados<\/a> y que tienen las m\u00e1ximas comodidades, incluyendo climatizaci\u00f3n y red WIFI.<\/p><h2>La mejor opci\u00f3n para alquilar un piso de estudiantes en Barcelona<\/h2><p><strong>Alquilar un piso de estudiantes en Barcelona<\/strong> es la soluci\u00f3n ideal desde para alumnos de fuera de la ciudad o erasmus, hasta j\u00f3venes profesionales que est\u00e9n haciendo pr\u00e1cticas en alguna empresa. As\u00ed, es una <strong>opci\u00f3n econ\u00f3mica<\/strong> que permite residir en una zona c\u00e9ntrica disfrutando de todas las ventajas de tener un <strong>alojamiento de calidad<\/strong>. Adem\u00e1s, en la selecci\u00f3n de inmuebles de LOCA BARCELONA podr\u00e1s encontrar:<\/p><ul><li>Apartamentos bien situados en <strong>el centro de Barcelona<\/strong>, en los barrios de los distritos del coraz\u00f3n de la ciudad: <a href=\"https:\/\/locabarcelona.egluu.com\/es\/alquiler-viviendas\/les-corts\/\">Les Corts<\/a>, <a href=\"https:\/\/locabarcelona.egluu.com\/es\/alquiler-viviendas\/gracia\/\">Gracia<\/a>, <a href=\"https:\/\/locabarcelona.egluu.com\/es\/alquiler-viviendas\/sants\/\">Sants<\/a>, <a href=\"https:\/\/locabarcelona.egluu.com\/es\/alquiler-viviendas\/horta-guinardo\/\">Horta- Guinardo<\/a>, <a href=\"https:\/\/locabarcelona.egluu.com\/es\/alquiler-viviendas\/el-eixample\/\">Eixample<\/a>, etc.<\/li><li>Localizaciones cercanas a diferentes <strong>universidades<\/strong> y <strong>facultades de la ciudad<\/strong> de Barcelona: Pompeu-Fabra, UPC, Campus Universitario del Mar, etc.<\/li><li>Oportunidad para que pueda <strong>alquilar el estudiante en Barcelona<\/strong> pisos totalmente <strong>amueblados<\/strong> y <strong>equipados<\/strong> con cocinas dotadas de hasta el \u00faltimo accesorio.<\/li><li>Posibilidad de escoger entre <a href=\"https:\/\/locabarcelona.egluu.com\/es\/property-status\/alquiler-de-temporada\/\">alquileres de temporada<\/a> (desde 32 d\u00edas hasta 11 meses) y de <a href=\"https:\/\/locabarcelona.egluu.com\/es\/property-status\/alquiler-larga-estancia\/\">larga estancia<\/a> (desde 6 meses hasta 5 a\u00f1os).<\/li><\/ul><h2>Pisos de estudiantes en Barcelona de calidad en alquiler<\/h2><p>Acceder a <strong>pisos de estudiantes en Barcelona<\/strong> de calidad en alquiler solo es factible recurriendo a una inmobiliaria especializada como <strong>LOCA BARCELONA<\/strong>, debido a que los propietarios para poner sus inmuebles en el mercado suelen confiar exclusivamente en profesionales acreditados.<\/p><p>Asimismo, nuestro <strong>equipo de expertos<\/strong> selecciona cuidadosamente cada propiedad que incluimos en cartera para ofrecer:<\/p><ul><li>Pisos, apartamentos y <a href=\"https:\/\/locabarcelona.egluu.com\/es\/alquiler-viviendas\/estudio-barcelona\/\"><strong>estudios de estudiante<\/strong><\/a> en Barcelona en perfectas condiciones para poder entrar a residir de manera inmediata.<\/li><li>Alojamientos con <strong>todas las comodidades<\/strong>: mobiliario completo, cocinas equipadas, climatizaci\u00f3n, conexiones WIFI, <a href=\"https:\/\/locabarcelona.egluu.com\/es\/alquiler-viviendas\/piso-con-terraza-barcelona\/\">terrazas<\/a>, etc.<\/li><li>Alquileres con <strong>duraci\u00f3n a medida<\/strong>, ya sea un curso acad\u00e9mico completo, los seis meses que dura una estancia erasmus, etc.<\/li><\/ul><h2>\u00bfQuiere alquilar su propiedad?<\/h2><p>Si quiere <strong>alquilar su propiedad<\/strong> desde <strong>LOCA BARCELONA<\/strong> damos <strong>todas las facilidades<\/strong>, como bien saben los numerosos propietarios y gestores de patrimonios e <strong>inversiones inmobiliarias<\/strong> que conf\u00edan en nosotros.<\/p><p>As\u00ed, ofrecemos una cobertura integral para guiar a nuestros clientes a lo largo de todo el proceso de lanzamiento al <strong>mercado del inmueble<\/strong>, atendiendo las distintas vertientes: legal, fiscal, administrativa y comercial. Siempre, bajo un modelo de gesti\u00f3n a la carta, rentas aseguradas y <strong>seguimiento personalizado<\/strong>.<\/p><p>No dude en confiar su propiedad a especialistas en <strong>alquiler de pisos estudiantes en Barcelona<\/strong>. \u00a1<a href=\"https:\/\/locabarcelona.egluu.com\/es\/sobre-nosotros\/contactanos\/\">Cont\u00e1ctenos<\/a> y le explicaremos con m\u00e1s detalle todo lo que podemos aportarle!<\/p>\t\t\t\t\t\t<\/div>\n\t\t\t\t<\/div>\n\t\t\t\t<div class=\"elementor-element elementor-element-71ac28d elementor-widget elementor-widget-spacer\" data-id=\"71ac28d\" data-element_type=\"widget\" data-widget_type=\"spacer.default\">\n\t\t\t\t<div class=\"elementor-widget-container\">\n\t\t\t\t\t<div class=\"elementor-spacer\">\n\t\t\t<div class=\"elementor-spacer-inner\"><\/div>\n\t\t<\/div>\n\t\t\t\t<\/div>\n\t\t\t\t<\/div>\n\t\t\t\t\t<\/div>\n\t\t<\/div>\n\t\t\t\t\t<\/div>\n\t\t<\/section>\n\t\t\t\t<section class=\"elementor-section elementor-top-section elementor-element elementor-element-440ee534 elementor-section-boxed elementor-section-height-default elementor-section-height-default\" data-id=\"440ee534\" data-element_type=\"section\">\n\t\t\t\t\t\t<div class=\"elementor-container elementor-column-gap-default\">\n\t\t\t\t\t<div class=\"elementor-column elementor-col-100 elementor-top-column elementor-element elementor-element-2fbdaf67\" data-id=\"2fbdaf67\" data-element_type=\"column\">\n\t\t\t<div class=\"elementor-widget-wrap elementor-element-populated\">\n\t\t\t\t\t\t<div class=\"elementor-element elementor-element-42739542 elementor-widget elementor-widget-heading\" data-id=\"42739542\" data-element_type=\"widget\" data-widget_type=\"heading.default\">\n\t\t\t\t<div class=\"elementor-widget-container\">\n\t\t\t<h2 class=\"elementor-heading-title elementor-size-default\">Pisos en alquiler por distritos <\/h2>\t\t<\/div>\n\t\t\t\t<\/div>\n\t\t\t\t\t<\/div>\n\t\t<\/div>\n\t\t\t\t\t<\/div>\n\t\t<\/section>\n\t\t\t\t<section class=\"elementor-section elementor-top-section elementor-element elementor-element-32d63ea1 elementor-section-boxed elementor-section-height-default elementor-section-height-default\" data-id=\"32d63ea1\" data-element_type=\"section\">\n\t\t\t\t\t\t<div class=\"elementor-container elementor-column-gap-default\">\n\t\t\t\t\t<div class=\"elementor-column elementor-col-50 elementor-top-column elementor-element elementor-element-2c2e4e4\" data-id=\"2c2e4e4\" data-element_type=\"column\">\n\t\t\t<div class=\"elementor-widget-wrap elementor-element-populated\">\n\t\t\t\t\t\t<div class=\"elementor-element elementor-element-316260e6 elementor-widget elementor-widget-global elementor-global-446206 elementor-widget-text-editor\" data-id=\"316260e6\" data-element_type=\"widget\" data-widget_type=\"text-editor.default\">\n\t\t\t\t<div class=\"elementor-widget-container\">\n\t\t\t\t\t\t\t<p><span data-sheets-value=\"{\"><a href=\"https:\/\/locabarcelona.egluu.com\/es\/alquiler-viviendas\/el-eixample\/\">Pisos en alquiler en l&#8217;Eixample<\/a><br \/><a href=\"https:\/\/locabarcelona.egluu.com\/es\/alquiler-viviendas\/eixample-dreta\/\">Pisos en alquiler en Eixample Dreta<\/a><br \/><a href=\"https:\/\/locabarcelona.egluu.com\/es\/alquiler-viviendas\/antiga-esquerra-eixample\/\">Pisos en Antiga Esquerra de l&#8217;Eixample<\/a><br \/><\/span><span data-sheets-value=\"{\"><a href=\"https:\/\/locabarcelona.egluu.com\/es\/alquiler-viviendas\/nova-esquerra-eixample\/\">Pisos en Nova Esquerra de l&#8217;Eixample<\/a><br \/><a href=\"https:\/\/locabarcelona.egluu.com\/es\/alquiler-viviendas\/fort-pienc\/\">Pisos en alquiler en Fort Pienc<\/a><br \/><a href=\"https:\/\/locabarcelona.egluu.com\/es\/alquiler-viviendas\/eixample\/sagrada-familia\/\">Pisos en alquiler en Sagrada Familia<\/a><br \/><a href=\"https:\/\/locabarcelona.egluu.com\/es\/alquiler-viviendas\/eixample\/sant-antoni\/\">Pisos en alquiler en Sant antoni<\/a><br \/><a href=\"https:\/\/locabarcelona.egluu.com\/es\/alquiler-viviendas\/ciutat-vella\/\">Pisos en alquiler en Ciutat Vella<\/a><br \/><a href=\"https:\/\/locabarcelona.egluu.com\/es\/alquiler-viviendas\/el-gotico\/\">Pisos en alquiler en el Gotico<\/a><br \/><a href=\"https:\/\/locabarcelona.egluu.com\/es\/alquiler-viviendas\/raval\/\">Pisos en alquiler en el Raval<\/a><br \/><a href=\"https:\/\/locabarcelona.egluu.com\/es\/alquiler-viviendas\/el-born\/\">Pisos en alquiler en el Born<\/a><br \/><a href=\"https:\/\/locabarcelona.egluu.com\/es\/alquiler-viviendas\/barceloneta\/\">Pisos en alquiler en Barceloneta<\/a><br \/><a href=\"https:\/\/locabarcelona.egluu.com\/es\/alquiler-viviendas\/sants-montjuic\/\">Pisos en alquiler en Sants-Montju\u00efc<\/a><br \/><a href=\"https:\/\/locabarcelona.egluu.com\/es\/alquiler-viviendas\/poble-sec\/\">Pisos en alquiler en Poble Sec<\/a><br \/><a href=\"https:\/\/locabarcelona.egluu.com\/es\/alquiler-viviendas\/sants\/\">Pisos en alquiler en Sants<\/a><br \/><a href=\"https:\/\/locabarcelona.egluu.com\/es\/alquiler-viviendas\/el-putxet-i-farro\/\">Pisos en alquiler en El Putxet i Farr\u00f3<\/a><br \/><a href=\"https:\/\/locabarcelona.egluu.com\/es\/alquiler-viviendas\/las-tres-torres\/\">Pisos en alquiler en Las Tres Torres<\/a><br \/><a href=\"https:\/\/locabarcelona.egluu.com\/es\/alquiler-viviendas\/montjuic\/\">Pisos en alquiler en Montjuic\u00a0<\/a><\/span><\/p>\t\t\t\t\t\t<\/div>\n\t\t\t\t<\/div>\n\t\t\t\t\t<\/div>\n\t\t<\/div>\n\t\t\t\t<div class=\"elementor-column elementor-col-50 elementor-top-column elementor-element elementor-element-5cb6588a\" data-id=\"5cb6588a\" data-element_type=\"column\">\n\t\t\t<div class=\"elementor-widget-wrap elementor-element-populated\">\n\t\t\t\t\t\t<div class=\"elementor-element elementor-element-3488609b elementor-widget elementor-widget-global elementor-global-446210 elementor-widget-text-editor\" data-id=\"3488609b\" data-element_type=\"widget\" data-widget_type=\"text-editor.default\">\n\t\t\t\t<div class=\"elementor-widget-container\">\n\t\t\t\t\t\t\t<p><a href=\"https:\/\/locabarcelona.egluu.com\/es\/alquiler-viviendas\/les-corts\/\">Pisos en alquiler en les Corts<\/a><br \/><span data-sheets-value=\"{\"><a href=\"https:\/\/locabarcelona.egluu.com\/es\/alquiler-viviendas\/pedralbes\/\">Pisos en alquiler en Pedralbes<\/a><br \/><a href=\"https:\/\/locabarcelona.egluu.com\/es\/alquiler-viviendas\/sarria-sant-gervasi\/\">Pisos en alquiler en Sarria Sant Gervasi<\/a><br \/><a href=\"https:\/\/locabarcelona.egluu.com\/es\/alquiler-viviendas\/sarria\/\">Pisos en alquiler en Sarria<\/a><br \/><a href=\"https:\/\/locabarcelona.egluu.com\/es\/property-for-rent\/gracia\/\">Pisos en alquiler en Gracia<\/a><br \/><a href=\"https:\/\/locabarcelona.egluu.com\/es\/alquiler-viviendas\/vila-de-gracia\/\">Pisos en alquiler en Vila de Gr\u00e0cia<\/a><br \/><a href=\"https:\/\/locabarcelona.egluu.com\/es\/alquiler-viviendas\/horta-guinardo\/\">Pisos en alquiler en Horta-Guinardo<\/a><br \/><a href=\"https:\/\/locabarcelona.egluu.com\/es\/alquiler-viviendas\/nou-barris\/\">Pisos en alquiler en Nou Barris<\/a><br \/><a href=\"https:\/\/locabarcelona.egluu.com\/es\/alquiler-viviendas\/sant-andreu\/\">Pisos en alquiler en Sant Andreu<\/a><br \/><a href=\"https:\/\/locabarcelona.egluu.com\/es\/alquiler-viviendas\/sant-marti\/\">Pisos en alquiler en Sant Mart\u00ed<\/a><br \/><a href=\"https:\/\/locabarcelona.egluu.com\/es\/alquiler-viviendas\/el-clot\/\">Pisos en alquiler en el Clot<\/a><br \/><a href=\"https:\/\/locabarcelona.egluu.com\/es\/alquiler-viviendas\/vila-olimpica-del-poblenou\/\">Pisos en La vila olimpica del Poblenou<\/a><br \/><a href=\"https:\/\/locabarcelona.egluu.com\/es\/alquiler-viviendas\/poblenou\/\">Pisos en alquiler en Poblenou<\/a><br \/><a href=\"https:\/\/locabarcelona.egluu.com\/es\/alquiler-viviendas\/diagonal-mar\/\">Pisos en alquiler en Diagonal Mar<\/a><br \/><a href=\"https:\/\/locabarcelona.egluu.com\/es\/alquiler-viviendas\/sant-gervasi-la-bonanova\/\">Pisos en alquiler en Sant gervasi \u2013 la bonanova<\/a><br \/><a href=\"https:\/\/locabarcelona.egluu.com\/es\/alquiler-viviendas\/sant-gervasi-galvany\/\">Pisos en alquiler en Sant Gervasi Galvany<\/a><br \/><a href=\"https:\/\/locabarcelona.egluu.com\/es\/alquiler-viviendas\/zona-franca\/\">Pisos en alquiler en Zona Franca<\/a><br \/><a href=\"https:\/\/locabarcelona.egluu.com\/es\/alquiler-viviendas\/sants-badal\/\">Pisos en alquiler en Sants Badal<\/a><br \/><\/span><\/p>\t\t\t\t\t\t<\/div>\n\t\t\t\t<\/div>\n\t\t\t\t\t<\/div>\n\t\t<\/div>\n\t\t\t\t\t<\/div>\n\t\t<\/section>\n\t\t\t\t<\/div>\n\t\t","protected":false},"excerpt":{"rendered":"<p>LOCA BARCELONA es la gran referencia para encontrar pisos de estudiantes en alquiler en Barcelona, ya que facilitamos a cada usuario poder conseguir el alojamiento perfecto, en inmuebles de ubicaci\u00f3n c\u00e9ntrica totalmente equipados, amueblados y que tienen las m\u00e1ximas comodidades, incluyendo climatizaci\u00f3n y red WIFI. La mejor opci\u00f3n para alquilar un piso de estudiantes en&#8230;<\/p>\n","protected":false},"author":344,"featured_media":0,"parent":438299,"menu_order":0,"comment_status":"closed","ping_status":"closed","template":"templates\/list-layout.php","meta":{"inline_featured_image":false,"footnotes":""},"yoast_head":"<!-- This site is optimized with the Yoast SEO Premium plugin v22.6 (Yoast SEO v22.6) - https:\/\/yoast.com\/wordpress\/plugins\/seo\/ -->\n<title>Pisos y estudios de estudiantes en Barcelona - LOCA BARCELONA<\/title>\n<meta name=\"description\" content=\"Encuentra justo lo que est\u00e1s buscando para alquilar en nuestra oferta de pisos de estudiantes en Barcelona.\u2714\ufe0f \u00a1Consulta nuestras opcienes!\" \/>\n<meta name=\"robots\" content=\"noindex, follow, max-snippet:-1, max-image-preview:large, max-video-preview:-1\" \/>\n<meta property=\"og:locale\" content=\"es_ES\" \/>\n<meta property=\"og:type\" content=\"article\" \/>\n<meta property=\"og:title\" content=\"Pisos y estudios de estudiantes en Barcelona - LOCA BARCELONA\" \/>\n<meta property=\"og:description\" content=\"Encuentra justo lo que est\u00e1s buscando para alquilar en nuestra oferta de pisos de estudiantes en Barcelona.\u2714\ufe0f \u00a1Consulta nuestras opcienes!\" \/>\n<meta property=\"og:url\" content=\"https:\/\/locabarcelona.egluu.com\/es\/alquiler-viviendas\/pisos-estudiantes-barcelona\/\" \/>\n<meta property=\"og:site_name\" content=\"Locabarcelona\" \/>\n<meta property=\"article:modified_time\" content=\"2023-02-03T15:26:40+00:00\" \/>\n<meta name=\"twitter:card\" content=\"summary_large_image\" \/>\n<meta name=\"twitter:label1\" content=\"Est. reading time\" \/>\n\t<meta name=\"twitter:data1\" content=\"4 minutos\" \/>\n<script type=\"application\/ld+json\" class=\"yoast-schema-graph\">{\"@context\":\"https:\/\/schema.org\",\"@graph\":[{\"@type\":\"WebPage\",\"@id\":\"https:\/\/locabarcelona.egluu.com\/es\/alquiler-viviendas\/pisos-estudiantes-barcelona\/\",\"url\":\"https:\/\/locabarcelona.egluu.com\/es\/alquiler-viviendas\/pisos-estudiantes-barcelona\/\",\"name\":\"Pisos y estudios de estudiantes en Barcelona - LOCA BARCELONA\",\"isPartOf\":{\"@id\":\"https:\/\/locabarcelona.egluu.com\/es\/#website\"},\"datePublished\":\"2022-10-21T08:53:53+00:00\",\"dateModified\":\"2023-02-03T15:26:40+00:00\",\"description\":\"Encuentra justo lo que est\u00e1s buscando para alquilar en nuestra oferta de pisos de estudiantes en Barcelona.\u2714\ufe0f \u00a1Consulta nuestras opcienes!\",\"breadcrumb\":{\"@id\":\"https:\/\/locabarcelona.egluu.com\/es\/alquiler-viviendas\/pisos-estudiantes-barcelona\/#breadcrumb\"},\"inLanguage\":\"es\",\"potentialAction\":[{\"@type\":\"ReadAction\",\"target\":[\"https:\/\/locabarcelona.egluu.com\/es\/alquiler-viviendas\/pisos-estudiantes-barcelona\/\"]}]},{\"@type\":\"BreadcrumbList\",\"@id\":\"https:\/\/locabarcelona.egluu.com\/es\/alquiler-viviendas\/pisos-estudiantes-barcelona\/#breadcrumb\",\"itemListElement\":[{\"@type\":\"ListItem\",\"position\":1,\"name\":\"Inicio\",\"item\":\"https:\/\/www.locabarcelona.com\/es\/home\/\"},{\"@type\":\"ListItem\",\"position\":2,\"name\":\"Agencia de alquiler Barcelona\",\"item\":\"https:\/\/www.locabarcelona.com\/es\/alquiler-viviendas\/\"},{\"@type\":\"ListItem\",\"position\":3,\"name\":\"Pisos de estudiantes en Barcelona\"}]},{\"@type\":\"WebSite\",\"@id\":\"https:\/\/locabarcelona.egluu.com\/es\/#website\",\"url\":\"https:\/\/locabarcelona.egluu.com\/es\/\",\"name\":\"Loca Barcelona\",\"description\":\"Real Estate Services\",\"publisher\":{\"@id\":\"https:\/\/locabarcelona.egluu.com\/es\/#organization\"},\"potentialAction\":[{\"@type\":\"SearchAction\",\"target\":{\"@type\":\"EntryPoint\",\"urlTemplate\":\"https:\/\/locabarcelona.egluu.com\/es\/?s={search_term_string}\"},\"query-input\":\"required name=search_term_string\"}],\"inLanguage\":\"es\"},{\"@type\":\"Organization\",\"@id\":\"https:\/\/locabarcelona.egluu.com\/es\/#organization\",\"name\":\"Loca Barcelona\",\"url\":\"https:\/\/locabarcelona.egluu.com\/es\/\",\"logo\":{\"@type\":\"ImageObject\",\"inLanguage\":\"es\",\"@id\":\"https:\/\/locabarcelona.egluu.com\/es\/#\/schema\/logo\/image\/\",\"url\":\"https:\/\/locabarcelona.egluu.com\/wp-content\/uploads\/2021\/10\/logo_locabarcelona_small.png\",\"contentUrl\":\"https:\/\/locabarcelona.egluu.com\/wp-content\/uploads\/2021\/10\/logo_locabarcelona_small.png\",\"width\":250,\"height\":149,\"caption\":\"Loca Barcelona\"},\"image\":{\"@id\":\"https:\/\/locabarcelona.egluu.com\/es\/#\/schema\/logo\/image\/\"}}]}<\/script>\n<!-- \/ Yoast SEO Premium plugin. -->","yoast_head_json":{"title":"Pisos y estudios de estudiantes en Barcelona - LOCA BARCELONA","description":"Encuentra justo lo que est\u00e1s buscando para alquilar en nuestra oferta de pisos de estudiantes en Barcelona.\u2714\ufe0f \u00a1Consulta nuestras opcienes!","robots":{"index":"noindex","follow":"follow","max-snippet":"max-snippet:-1","max-image-preview":"max-image-preview:large","max-video-preview":"max-video-preview:-1"},"og_locale":"es_ES","og_type":"article","og_title":"Pisos y estudios de estudiantes en Barcelona - LOCA BARCELONA","og_description":"Encuentra justo lo que est\u00e1s buscando para alquilar en nuestra oferta de pisos de estudiantes en Barcelona.\u2714\ufe0f \u00a1Consulta nuestras opcienes!","og_url":"https:\/\/locabarcelona.egluu.com\/es\/alquiler-viviendas\/pisos-estudiantes-barcelona\/","og_site_name":"Locabarcelona","article_modified_time":"2023-02-03T15:26:40+00:00","twitter_card":"summary_large_image","twitter_misc":{"Est. reading time":"4 minutos"},"schema":{"@context":"https:\/\/schema.org","@graph":[{"@type":"WebPage","@id":"https:\/\/locabarcelona.egluu.com\/es\/alquiler-viviendas\/pisos-estudiantes-barcelona\/","url":"https:\/\/locabarcelona.egluu.com\/es\/alquiler-viviendas\/pisos-estudiantes-barcelona\/","name":"Pisos y estudios de estudiantes en Barcelona - LOCA BARCELONA","isPartOf":{"@id":"https:\/\/locabarcelona.egluu.com\/es\/#website"},"datePublished":"2022-10-21T08:53:53+00:00","dateModified":"2023-02-03T15:26:40+00:00","description":"Encuentra justo lo que est\u00e1s buscando para alquilar en nuestra oferta de pisos de estudiantes en Barcelona.\u2714\ufe0f \u00a1Consulta nuestras opcienes!","breadcrumb":{"@id":"https:\/\/locabarcelona.egluu.com\/es\/alquiler-viviendas\/pisos-estudiantes-barcelona\/#breadcrumb"},"inLanguage":"es","potentialAction":[{"@type":"ReadAction","target":["https:\/\/locabarcelona.egluu.com\/es\/alquiler-viviendas\/pisos-estudiantes-barcelona\/"]}]},{"@type":"BreadcrumbList","@id":"https:\/\/locabarcelona.egluu.com\/es\/alquiler-viviendas\/pisos-estudiantes-barcelona\/#breadcrumb","itemListElement":[{"@type":"ListItem","position":1,"name":"Inicio","item":"https:\/\/www.locabarcelona.com\/es\/home\/"},{"@type":"ListItem","position":2,"name":"Agencia de alquiler Barcelona","item":"https:\/\/www.locabarcelona.com\/es\/alquiler-viviendas\/"},{"@type":"ListItem","position":3,"name":"Pisos de estudiantes en Barcelona"}]},{"@type":"WebSite","@id":"https:\/\/locabarcelona.egluu.com\/es\/#website","url":"https:\/\/locabarcelona.egluu.com\/es\/","name":"Loca Barcelona","description":"Real Estate Services","publisher":{"@id":"https:\/\/locabarcelona.egluu.com\/es\/#organization"},"potentialAction":[{"@type":"SearchAction","target":{"@type":"EntryPoint","urlTemplate":"https:\/\/locabarcelona.egluu.com\/es\/?s={search_term_string}"},"query-input":"required name=search_term_string"}],"inLanguage":"es"},{"@type":"Organization","@id":"https:\/\/locabarcelona.egluu.com\/es\/#organization","name":"Loca Barcelona","url":"https:\/\/locabarcelona.egluu.com\/es\/","logo":{"@type":"ImageObject","inLanguage":"es","@id":"https:\/\/locabarcelona.egluu.com\/es\/#\/schema\/logo\/image\/","url":"https:\/\/locabarcelona.egluu.com\/wp-content\/uploads\/2021\/10\/logo_locabarcelona_small.png","contentUrl":"https:\/\/locabarcelona.egluu.com\/wp-content\/uploads\/2021\/10\/logo_locabarcelona_small.png","width":250,"height":149,"caption":"Loca Barcelona"},"image":{"@id":"https:\/\/locabarcelona.egluu.com\/es\/#\/schema\/logo\/image\/"}}]}},"_links":{"self":[{"href":"https:\/\/locabarcelona.egluu.com\/es\/wp-json\/wp\/v2\/pages\/464870"}],"collection":[{"href":"https:\/\/locabarcelona.egluu.com\/es\/wp-json\/wp\/v2\/pages"}],"about":[{"href":"https:\/\/locabarcelona.egluu.com\/es\/wp-json\/wp\/v2\/types\/page"}],"author":[{"embeddable":true,"href":"https:\/\/locabarcelona.egluu.com\/es\/wp-json\/wp\/v2\/users\/344"}],"replies":[{"embeddable":true,"href":"https:\/\/locabarcelona.egluu.com\/es\/wp-json\/wp\/v2\/comments?post=464870"}],"version-history":[{"count":1,"href":"https:\/\/locabarcelona.egluu.com\/es\/wp-json\/wp\/v2\/pages\/464870\/revisions"}],"predecessor-version":[{"id":526684,"href":"https:\/\/locabarcelona.egluu.com\/es\/wp-json\/wp\/v2\/pages\/464870\/revisions\/526684"}],"up":[{"embeddable":true,"href":"https:\/\/locabarcelona.egluu.com\/es\/wp-json\/wp\/v2\/pages\/438299"}],"wp:attachment":[{"href":"https:\/\/locabarcelona.egluu.com\/es\/wp-json\/wp\/v2\/media?parent=464870"}],"curies":[{"name":"wp","href":"https:\/\/api.w.org\/{rel}","templated":true}]}}