{"id":464878,"date":"2022-10-21T11:27:06","date_gmt":"2022-10-21T09:27:06","guid":{"rendered":"https:\/\/locabarcelona.egluu.com\/?page_id=464878"},"modified":"2023-01-18T10:23:21","modified_gmt":"2023-01-18T09:23:21","slug":"compartir-piso-barcelona","status":"publish","type":"page","link":"https:\/\/locabarcelona.egluu.com\/es\/alquiler-viviendas\/compartir-piso-barcelona\/","title":{"rendered":"Compartir piso en Barcelona"},"content":{"rendered":"\t\t<div data-elementor-type=\"wp-page\" data-elementor-id=\"464878\" class=\"elementor elementor-464878 elementor-464795\" data-elementor-post-type=\"page\">\n\t\t\t\t\t\t<section class=\"elementor-section elementor-top-section elementor-element elementor-element-5eb09a9d elementor-section-boxed elementor-section-height-default elementor-section-height-default\" data-id=\"5eb09a9d\" data-element_type=\"section\">\n\t\t\t\t\t\t<div class=\"elementor-container elementor-column-gap-default\">\n\t\t\t\t\t<div class=\"elementor-column elementor-col-100 elementor-top-column elementor-element elementor-element-52585c4c\" data-id=\"52585c4c\" data-element_type=\"column\">\n\t\t\t<div class=\"elementor-widget-wrap elementor-element-populated\">\n\t\t\t\t\t\t<div class=\"elementor-element elementor-element-530427d4 elementor-widget elementor-widget-text-editor\" data-id=\"530427d4\" data-element_type=\"widget\" data-widget_type=\"text-editor.default\">\n\t\t\t\t<div class=\"elementor-widget-container\">\n\t\t\t\t\t\t\t<p><strong>Compartir piso en Barcelona<\/strong> por todas las ventajas que ofrece puede ser la soluci\u00f3n perfecta desde para estudiantes universitarios hasta para j\u00f3venes profesionales que acaben de aterrizar en la ciudad.<\/p><p><strong>LOCA BARCELONA<\/strong> es el gran referente este tipo de alquileres, ya que ayudamos a los inquilinos a encontrar <strong>alojamientos de calidad<\/strong>, con habitaciones y zonas comunes totalmente amuebladas y equipadas, red WIFI, climatizaci\u00f3n, terraza y todos los detalles que puedas imaginar para disfrutar del mayor confort.<\/p><h2>Ventajas de compartir piso en Barcelona<\/h2><p>Compartir piso en Barcelona en alquiler puede ser muy beneficioso a m\u00faltiples niveles:<\/p><ul><li>Es una <strong>opci\u00f3n muy econ\u00f3mica<\/strong>, lo que la hace muy atractiva para estudiantes de fuera, erasmus o incluso profesionales que est\u00e9n en posiciones j\u00fanior o tengan que residir un tiempo determinado en la ciudad para la realizaci\u00f3n de alg\u00fan proyecto.<\/li><li>Permite residir en <strong>ubicaciones c\u00e9ntricas<\/strong> que de otro modo estar\u00edan vedadas.<\/li><li>Para los alumnos reci\u00e9n aterrizados en la ciudad <strong>compartir un <a href=\"https:\/\/locabarcelona.egluu.com\/es\/alquiler-viviendas\/pisos-estudiantes-barcelona\/\">piso de estudiantes en Barcelona<\/a><\/strong> es una fant\u00e1stica v\u00eda para conocer gente, y comenzar vivir a fondo la experiencia de la vida universitaria.<\/li><\/ul><p>Adem\u00e1s, a todas estas ventajas objetivas, se a\u00f1aden las especiales que ofrecemos desde <strong>LOCA BARCELONA<\/strong>, con una amplia selecci\u00f3n de inmuebles totalmente equipados que est\u00e1n ubicados en pleno <strong>coraz\u00f3n de la ciudad<\/strong>, cerca por tanto de sus lugares m\u00e1s emblem\u00e1ticos, y en todos los casos siempre dentro de los distritos en los que se divide la urbe, <strong>no en las poblaciones del extrarradio<\/strong>.<\/p><h2>Oportunidad de compartir un piso en Barcelona de calidad<\/h2><p>Poder <strong>compartir un piso de calidad en Barcelona<\/strong> es algo que est\u00e1 al alcance de la mano, siempre que se acuda a una agencia inmobiliaria de prestigio, que goce de <strong>la confianza de los caseros<\/strong> para dejar en sus manos propiedades que de otro modo quiz\u00e1s no estar\u00edan ni siquiera en <strong>el mercado de alquiler<\/strong>. As\u00ed, todos los inmuebles de la cartera de LOCA BARCELONA han sido seleccionados por expertos, para garantizar a los inquilinos:<\/p><ul><li>Acceder a un <strong>piso de calidad<\/strong>, <a href=\"https:\/\/locabarcelona.egluu.com\/es\/property-feature\/caracteristicas\/pisos-amueblados\/\">totalmente amueblado<\/a>, con cocina equipada, climatizaci\u00f3n, red WIFI y terraza.\u00a1Puede acceder a un piso de <a href=\"https:\/\/locabarcelona.egluu.com\/es\/alquiler-viviendas\/pisos-de-2-habitaciones-en-barcelona\/\">2<\/a>, <a href=\"https:\/\/locabarcelona.egluu.com\/es\/alquiler-viviendas\/pisos-de-3-habitaciones-en-barcelona\/\">3 o m\u00e1s dormitorios<\/a>!<\/li><li><strong>Acompa\u00f1amiento desde el primer momento<\/strong> para encontrar la opci\u00f3n que mejor se adec\u00faa al usuario.<\/li><li>Posibilidad de <strong>reservar alquileres<\/strong> por el periodo que se necesite, ya sea para estancias m\u00e1s cortas por motivos profesionales o m\u00e1s largas, que abarquen por ejemplo todo el curso acad\u00e9mico.<\/li><\/ul><h2>\u00bfQuiere alquilar su propiedad?<\/h2><p>Si desea alquilar su propiedad desde <strong>LOCA BARCELONA<\/strong> podemos ofrecerle un <strong>servicio de gesti\u00f3n integral<\/strong>, para que no se tenga que preocupar por nada. Adem\u00e1s, como pueden acreditar los numerosos propietarios e inversores que conf\u00edan en nosotros nos distinguimos por nuestra <strong>atenci\u00f3n personalizada y cercana<\/strong>, as\u00ed como por informar de manera inmediata de <strong>cualquier novedad<\/strong> relacionada con la puesta en el mercado de los inmuebles.<\/p><p>Si quiere<strong> rentabilizar su propiedad<\/strong> con inquilinos que quieran compartir piso en Barcelona no dude en hac\u00e9rnoslo saber. \u00a1<a href=\"https:\/\/locabarcelona.egluu.com\/es\/sobre-nosotros\/contactanos\/\">Cont\u00e1ctenos<\/a> y nosotros nos ocuparemos de todo!<\/p>\t\t\t\t\t\t<\/div>\n\t\t\t\t<\/div>\n\t\t\t\t<div class=\"elementor-element elementor-element-71ac28d elementor-widget elementor-widget-spacer\" data-id=\"71ac28d\" data-element_type=\"widget\" data-widget_type=\"spacer.default\">\n\t\t\t\t<div class=\"elementor-widget-container\">\n\t\t\t\t\t<div class=\"elementor-spacer\">\n\t\t\t<div class=\"elementor-spacer-inner\"><\/div>\n\t\t<\/div>\n\t\t\t\t<\/div>\n\t\t\t\t<\/div>\n\t\t\t\t\t<\/div>\n\t\t<\/div>\n\t\t\t\t\t<\/div>\n\t\t<\/section>\n\t\t\t\t<section class=\"elementor-section elementor-top-section elementor-element elementor-element-146a6d7 elementor-section-boxed elementor-section-height-default elementor-section-height-default\" data-id=\"146a6d7\" data-element_type=\"section\">\n\t\t\t\t\t\t<div class=\"elementor-container elementor-column-gap-default\">\n\t\t\t\t\t<div class=\"elementor-column elementor-col-100 elementor-top-column elementor-element elementor-element-4282a2cf\" data-id=\"4282a2cf\" data-element_type=\"column\">\n\t\t\t<div class=\"elementor-widget-wrap elementor-element-populated\">\n\t\t\t\t\t\t<div class=\"elementor-element elementor-element-41e1c7fc elementor-widget elementor-widget-heading\" data-id=\"41e1c7fc\" data-element_type=\"widget\" data-widget_type=\"heading.default\">\n\t\t\t\t<div class=\"elementor-widget-container\">\n\t\t\t<h2 class=\"elementor-heading-title elementor-size-default\">Pisos en alquiler por distritos <\/h2>\t\t<\/div>\n\t\t\t\t<\/div>\n\t\t\t\t\t<\/div>\n\t\t<\/div>\n\t\t\t\t\t<\/div>\n\t\t<\/section>\n\t\t\t\t<section class=\"elementor-section elementor-top-section elementor-element elementor-element-1acf9144 elementor-section-boxed elementor-section-height-default elementor-section-height-default\" data-id=\"1acf9144\" data-element_type=\"section\">\n\t\t\t\t\t\t<div class=\"elementor-container elementor-column-gap-default\">\n\t\t\t\t\t<div class=\"elementor-column elementor-col-50 elementor-top-column elementor-element elementor-element-7a51eae\" data-id=\"7a51eae\" data-element_type=\"column\">\n\t\t\t<div class=\"elementor-widget-wrap elementor-element-populated\">\n\t\t\t\t\t\t<div class=\"elementor-element elementor-element-fcee11e elementor-widget elementor-widget-global elementor-global-446206 elementor-widget-text-editor\" data-id=\"fcee11e\" data-element_type=\"widget\" data-widget_type=\"text-editor.default\">\n\t\t\t\t<div class=\"elementor-widget-container\">\n\t\t\t\t\t\t\t<p><span data-sheets-value=\"{\"><a href=\"https:\/\/locabarcelona.egluu.com\/es\/alquiler-viviendas\/el-eixample\/\">Pisos en alquiler en l&#8217;Eixample<\/a><br \/><a href=\"https:\/\/locabarcelona.egluu.com\/es\/alquiler-viviendas\/eixample-dreta\/\">Pisos en alquiler en Eixample Dreta<\/a><br \/><a href=\"https:\/\/locabarcelona.egluu.com\/es\/alquiler-viviendas\/antiga-esquerra-eixample\/\">Pisos en Antiga Esquerra de l&#8217;Eixample<\/a><br \/><\/span><span data-sheets-value=\"{\"><a href=\"https:\/\/locabarcelona.egluu.com\/es\/alquiler-viviendas\/nova-esquerra-eixample\/\">Pisos en Nova Esquerra de l&#8217;Eixample<\/a><br \/><a href=\"https:\/\/locabarcelona.egluu.com\/es\/alquiler-viviendas\/fort-pienc\/\">Pisos en alquiler en Fort Pienc<\/a><br \/><a href=\"https:\/\/locabarcelona.egluu.com\/es\/alquiler-viviendas\/eixample\/sagrada-familia\/\">Pisos en alquiler en Sagrada Familia<\/a><br \/><a href=\"https:\/\/locabarcelona.egluu.com\/es\/alquiler-viviendas\/eixample\/sant-antoni\/\">Pisos en alquiler en Sant antoni<\/a><br \/><a href=\"https:\/\/locabarcelona.egluu.com\/es\/alquiler-viviendas\/ciutat-vella\/\">Pisos en alquiler en Ciutat Vella<\/a><br \/><a href=\"https:\/\/locabarcelona.egluu.com\/es\/alquiler-viviendas\/el-gotico\/\">Pisos en alquiler en el Gotico<\/a><br \/><a href=\"https:\/\/locabarcelona.egluu.com\/es\/alquiler-viviendas\/raval\/\">Pisos en alquiler en el Raval<\/a><br \/><a href=\"https:\/\/locabarcelona.egluu.com\/es\/alquiler-viviendas\/el-born\/\">Pisos en alquiler en el Born<\/a><br \/><a href=\"https:\/\/locabarcelona.egluu.com\/es\/alquiler-viviendas\/barceloneta\/\">Pisos en alquiler en Barceloneta<\/a><br \/><a href=\"https:\/\/locabarcelona.egluu.com\/es\/alquiler-viviendas\/sants-montjuic\/\">Pisos en alquiler en Sants-Montju\u00efc<\/a><br \/><a href=\"https:\/\/locabarcelona.egluu.com\/es\/alquiler-viviendas\/poble-sec\/\">Pisos en alquiler en Poble Sec<\/a><br \/><a href=\"https:\/\/locabarcelona.egluu.com\/es\/alquiler-viviendas\/sants\/\">Pisos en alquiler en Sants<\/a><br \/><a href=\"https:\/\/locabarcelona.egluu.com\/es\/alquiler-viviendas\/el-putxet-i-farro\/\">Pisos en alquiler en El Putxet i Farr\u00f3<\/a><br \/><a href=\"https:\/\/locabarcelona.egluu.com\/es\/alquiler-viviendas\/las-tres-torres\/\">Pisos en alquiler en Las Tres Torres<\/a><br \/><a href=\"https:\/\/locabarcelona.egluu.com\/es\/alquiler-viviendas\/montjuic\/\">Pisos en alquiler en Montjuic\u00a0<\/a><\/span><\/p>\t\t\t\t\t\t<\/div>\n\t\t\t\t<\/div>\n\t\t\t\t\t<\/div>\n\t\t<\/div>\n\t\t\t\t<div class=\"elementor-column elementor-col-50 elementor-top-column elementor-element elementor-element-70d7db7f\" data-id=\"70d7db7f\" data-element_type=\"column\">\n\t\t\t<div class=\"elementor-widget-wrap elementor-element-populated\">\n\t\t\t\t\t\t<div class=\"elementor-element elementor-element-f8bbac elementor-widget elementor-widget-global elementor-global-446210 elementor-widget-text-editor\" data-id=\"f8bbac\" data-element_type=\"widget\" data-widget_type=\"text-editor.default\">\n\t\t\t\t<div class=\"elementor-widget-container\">\n\t\t\t\t\t\t\t<p><a href=\"https:\/\/locabarcelona.egluu.com\/es\/alquiler-viviendas\/les-corts\/\">Pisos en alquiler en les Corts<\/a><br \/><span data-sheets-value=\"{\"><a href=\"https:\/\/locabarcelona.egluu.com\/es\/alquiler-viviendas\/pedralbes\/\">Pisos en alquiler en Pedralbes<\/a><br \/><a href=\"https:\/\/locabarcelona.egluu.com\/es\/alquiler-viviendas\/sarria-sant-gervasi\/\">Pisos en alquiler en Sarria Sant Gervasi<\/a><br \/><a href=\"https:\/\/locabarcelona.egluu.com\/es\/alquiler-viviendas\/sarria\/\">Pisos en alquiler en Sarria<\/a><br \/><a href=\"https:\/\/locabarcelona.egluu.com\/es\/property-for-rent\/gracia\/\">Pisos en alquiler en Gracia<\/a><br \/><a href=\"https:\/\/locabarcelona.egluu.com\/es\/alquiler-viviendas\/vila-de-gracia\/\">Pisos en alquiler en Vila de Gr\u00e0cia<\/a><br \/><a href=\"https:\/\/locabarcelona.egluu.com\/es\/alquiler-viviendas\/horta-guinardo\/\">Pisos en alquiler en Horta-Guinardo<\/a><br \/><a href=\"https:\/\/locabarcelona.egluu.com\/es\/alquiler-viviendas\/nou-barris\/\">Pisos en alquiler en Nou Barris<\/a><br \/><a href=\"https:\/\/locabarcelona.egluu.com\/es\/alquiler-viviendas\/sant-andreu\/\">Pisos en alquiler en Sant Andreu<\/a><br \/><a href=\"https:\/\/locabarcelona.egluu.com\/es\/alquiler-viviendas\/sant-marti\/\">Pisos en alquiler en Sant Mart\u00ed<\/a><br \/><a href=\"https:\/\/locabarcelona.egluu.com\/es\/alquiler-viviendas\/el-clot\/\">Pisos en alquiler en el Clot<\/a><br \/><a href=\"https:\/\/locabarcelona.egluu.com\/es\/alquiler-viviendas\/vila-olimpica-del-poblenou\/\">Pisos en La vila olimpica del Poblenou<\/a><br \/><a href=\"https:\/\/locabarcelona.egluu.com\/es\/alquiler-viviendas\/poblenou\/\">Pisos en alquiler en Poblenou<\/a><br \/><a href=\"https:\/\/locabarcelona.egluu.com\/es\/alquiler-viviendas\/diagonal-mar\/\">Pisos en alquiler en Diagonal Mar<\/a><br \/><a href=\"https:\/\/locabarcelona.egluu.com\/es\/alquiler-viviendas\/sant-gervasi-la-bonanova\/\">Pisos en alquiler en Sant gervasi \u2013 la bonanova<\/a><br \/><a href=\"https:\/\/locabarcelona.egluu.com\/es\/alquiler-viviendas\/sant-gervasi-galvany\/\">Pisos en alquiler en Sant Gervasi Galvany<\/a><br \/><a href=\"https:\/\/locabarcelona.egluu.com\/es\/alquiler-viviendas\/zona-franca\/\">Pisos en alquiler en Zona Franca<\/a><br \/><a href=\"https:\/\/locabarcelona.egluu.com\/es\/alquiler-viviendas\/sants-badal\/\">Pisos en alquiler en Sants Badal<\/a><br \/><\/span><\/p>\t\t\t\t\t\t<\/div>\n\t\t\t\t<\/div>\n\t\t\t\t\t<\/div>\n\t\t<\/div>\n\t\t\t\t\t<\/div>\n\t\t<\/section>\n\t\t\t\t<\/div>\n\t\t","protected":false},"excerpt":{"rendered":"<p>Compartir piso en Barcelona por todas las ventajas que ofrece puede ser la soluci\u00f3n perfecta desde para estudiantes universitarios hasta para j\u00f3venes profesionales que acaben de aterrizar en la ciudad. LOCA BARCELONA es el gran referente este tipo de alquileres, ya que ayudamos a los inquilinos a encontrar alojamientos de calidad, con habitaciones y zonas&#8230;<\/p>\n","protected":false},"author":344,"featured_media":0,"parent":438299,"menu_order":0,"comment_status":"closed","ping_status":"closed","template":"templates\/list-layout.php","meta":{"inline_featured_image":false,"footnotes":""},"yoast_head":"<!-- This site is optimized with the Yoast SEO Premium plugin v22.6 (Yoast SEO v22.6) - https:\/\/yoast.com\/wordpress\/plugins\/seo\/ -->\n<title>Compartir piso en Barcelona | Locabarcelona<\/title>\n<meta name=\"description\" content=\"Encuentra exactamente todo lo que deseas para compartir piso en Barcelona \u2714\ufe0f \u00a1Consulta las opciones que ofrecemos y haz ya tu reserva!\" \/>\n<meta name=\"robots\" content=\"noindex, follow, max-snippet:-1, max-image-preview:large, max-video-preview:-1\" \/>\n<meta property=\"og:locale\" content=\"es_ES\" \/>\n<meta property=\"og:type\" content=\"article\" \/>\n<meta property=\"og:title\" content=\"Compartir piso en Barcelona | Locabarcelona\" \/>\n<meta property=\"og:description\" content=\"Encuentra exactamente todo lo que deseas para compartir piso en Barcelona \u2714\ufe0f \u00a1Consulta las opciones que ofrecemos y haz ya tu reserva!\" \/>\n<meta property=\"og:url\" content=\"https:\/\/locabarcelona.egluu.com\/es\/alquiler-viviendas\/compartir-piso-barcelona\/\" \/>\n<meta property=\"og:site_name\" content=\"Locabarcelona\" \/>\n<meta property=\"article:modified_time\" content=\"2023-01-18T09:23:21+00:00\" \/>\n<meta name=\"twitter:card\" content=\"summary_large_image\" \/>\n<meta name=\"twitter:label1\" content=\"Est. reading time\" \/>\n\t<meta name=\"twitter:data1\" content=\"4 minutos\" \/>\n<script type=\"application\/ld+json\" class=\"yoast-schema-graph\">{\"@context\":\"https:\/\/schema.org\",\"@graph\":[{\"@type\":\"WebPage\",\"@id\":\"https:\/\/locabarcelona.egluu.com\/es\/alquiler-viviendas\/compartir-piso-barcelona\/\",\"url\":\"https:\/\/locabarcelona.egluu.com\/es\/alquiler-viviendas\/compartir-piso-barcelona\/\",\"name\":\"Compartir piso en Barcelona | Locabarcelona\",\"isPartOf\":{\"@id\":\"https:\/\/locabarcelona.egluu.com\/es\/#website\"},\"datePublished\":\"2022-10-21T09:27:06+00:00\",\"dateModified\":\"2023-01-18T09:23:21+00:00\",\"description\":\"Encuentra exactamente todo lo que deseas para compartir piso en Barcelona \u2714\ufe0f \u00a1Consulta las opciones que ofrecemos y haz ya tu reserva!\",\"breadcrumb\":{\"@id\":\"https:\/\/locabarcelona.egluu.com\/es\/alquiler-viviendas\/compartir-piso-barcelona\/#breadcrumb\"},\"inLanguage\":\"es\",\"potentialAction\":[{\"@type\":\"ReadAction\",\"target\":[\"https:\/\/locabarcelona.egluu.com\/es\/alquiler-viviendas\/compartir-piso-barcelona\/\"]}]},{\"@type\":\"BreadcrumbList\",\"@id\":\"https:\/\/locabarcelona.egluu.com\/es\/alquiler-viviendas\/compartir-piso-barcelona\/#breadcrumb\",\"itemListElement\":[{\"@type\":\"ListItem\",\"position\":1,\"name\":\"Inicio\",\"item\":\"https:\/\/www.locabarcelona.com\/es\/home\/\"},{\"@type\":\"ListItem\",\"position\":2,\"name\":\"Agencia de alquiler Barcelona\",\"item\":\"https:\/\/www.locabarcelona.com\/es\/alquiler-viviendas\/\"},{\"@type\":\"ListItem\",\"position\":3,\"name\":\"Compartir piso en Barcelona\"}]},{\"@type\":\"WebSite\",\"@id\":\"https:\/\/locabarcelona.egluu.com\/es\/#website\",\"url\":\"https:\/\/locabarcelona.egluu.com\/es\/\",\"name\":\"Loca Barcelona\",\"description\":\"Real Estate Services\",\"publisher\":{\"@id\":\"https:\/\/locabarcelona.egluu.com\/es\/#organization\"},\"potentialAction\":[{\"@type\":\"SearchAction\",\"target\":{\"@type\":\"EntryPoint\",\"urlTemplate\":\"https:\/\/locabarcelona.egluu.com\/es\/?s={search_term_string}\"},\"query-input\":\"required name=search_term_string\"}],\"inLanguage\":\"es\"},{\"@type\":\"Organization\",\"@id\":\"https:\/\/locabarcelona.egluu.com\/es\/#organization\",\"name\":\"Loca Barcelona\",\"url\":\"https:\/\/locabarcelona.egluu.com\/es\/\",\"logo\":{\"@type\":\"ImageObject\",\"inLanguage\":\"es\",\"@id\":\"https:\/\/locabarcelona.egluu.com\/es\/#\/schema\/logo\/image\/\",\"url\":\"https:\/\/locabarcelona.egluu.com\/wp-content\/uploads\/2021\/10\/logo_locabarcelona_small.png\",\"contentUrl\":\"https:\/\/locabarcelona.egluu.com\/wp-content\/uploads\/2021\/10\/logo_locabarcelona_small.png\",\"width\":250,\"height\":149,\"caption\":\"Loca Barcelona\"},\"image\":{\"@id\":\"https:\/\/locabarcelona.egluu.com\/es\/#\/schema\/logo\/image\/\"}}]}<\/script>\n<!-- \/ Yoast SEO Premium plugin. -->","yoast_head_json":{"title":"Compartir piso en Barcelona | Locabarcelona","description":"Encuentra exactamente todo lo que deseas para compartir piso en Barcelona \u2714\ufe0f \u00a1Consulta las opciones que ofrecemos y haz ya tu reserva!","robots":{"index":"noindex","follow":"follow","max-snippet":"max-snippet:-1","max-image-preview":"max-image-preview:large","max-video-preview":"max-video-preview:-1"},"og_locale":"es_ES","og_type":"article","og_title":"Compartir piso en Barcelona | Locabarcelona","og_description":"Encuentra exactamente todo lo que deseas para compartir piso en Barcelona \u2714\ufe0f \u00a1Consulta las opciones que ofrecemos y haz ya tu reserva!","og_url":"https:\/\/locabarcelona.egluu.com\/es\/alquiler-viviendas\/compartir-piso-barcelona\/","og_site_name":"Locabarcelona","article_modified_time":"2023-01-18T09:23:21+00:00","twitter_card":"summary_large_image","twitter_misc":{"Est. reading time":"4 minutos"},"schema":{"@context":"https:\/\/schema.org","@graph":[{"@type":"WebPage","@id":"https:\/\/locabarcelona.egluu.com\/es\/alquiler-viviendas\/compartir-piso-barcelona\/","url":"https:\/\/locabarcelona.egluu.com\/es\/alquiler-viviendas\/compartir-piso-barcelona\/","name":"Compartir piso en Barcelona | Locabarcelona","isPartOf":{"@id":"https:\/\/locabarcelona.egluu.com\/es\/#website"},"datePublished":"2022-10-21T09:27:06+00:00","dateModified":"2023-01-18T09:23:21+00:00","description":"Encuentra exactamente todo lo que deseas para compartir piso en Barcelona \u2714\ufe0f \u00a1Consulta las opciones que ofrecemos y haz ya tu reserva!","breadcrumb":{"@id":"https:\/\/locabarcelona.egluu.com\/es\/alquiler-viviendas\/compartir-piso-barcelona\/#breadcrumb"},"inLanguage":"es","potentialAction":[{"@type":"ReadAction","target":["https:\/\/locabarcelona.egluu.com\/es\/alquiler-viviendas\/compartir-piso-barcelona\/"]}]},{"@type":"BreadcrumbList","@id":"https:\/\/locabarcelona.egluu.com\/es\/alquiler-viviendas\/compartir-piso-barcelona\/#breadcrumb","itemListElement":[{"@type":"ListItem","position":1,"name":"Inicio","item":"https:\/\/www.locabarcelona.com\/es\/home\/"},{"@type":"ListItem","position":2,"name":"Agencia de alquiler Barcelona","item":"https:\/\/www.locabarcelona.com\/es\/alquiler-viviendas\/"},{"@type":"ListItem","position":3,"name":"Compartir piso en Barcelona"}]},{"@type":"WebSite","@id":"https:\/\/locabarcelona.egluu.com\/es\/#website","url":"https:\/\/locabarcelona.egluu.com\/es\/","name":"Loca Barcelona","description":"Real Estate Services","publisher":{"@id":"https:\/\/locabarcelona.egluu.com\/es\/#organization"},"potentialAction":[{"@type":"SearchAction","target":{"@type":"EntryPoint","urlTemplate":"https:\/\/locabarcelona.egluu.com\/es\/?s={search_term_string}"},"query-input":"required name=search_term_string"}],"inLanguage":"es"},{"@type":"Organization","@id":"https:\/\/locabarcelona.egluu.com\/es\/#organization","name":"Loca Barcelona","url":"https:\/\/locabarcelona.egluu.com\/es\/","logo":{"@type":"ImageObject","inLanguage":"es","@id":"https:\/\/locabarcelona.egluu.com\/es\/#\/schema\/logo\/image\/","url":"https:\/\/locabarcelona.egluu.com\/wp-content\/uploads\/2021\/10\/logo_locabarcelona_small.png","contentUrl":"https:\/\/locabarcelona.egluu.com\/wp-content\/uploads\/2021\/10\/logo_locabarcelona_small.png","width":250,"height":149,"caption":"Loca Barcelona"},"image":{"@id":"https:\/\/locabarcelona.egluu.com\/es\/#\/schema\/logo\/image\/"}}]}},"_links":{"self":[{"href":"https:\/\/locabarcelona.egluu.com\/es\/wp-json\/wp\/v2\/pages\/464878"}],"collection":[{"href":"https:\/\/locabarcelona.egluu.com\/es\/wp-json\/wp\/v2\/pages"}],"about":[{"href":"https:\/\/locabarcelona.egluu.com\/es\/wp-json\/wp\/v2\/types\/page"}],"author":[{"embeddable":true,"href":"https:\/\/locabarcelona.egluu.com\/es\/wp-json\/wp\/v2\/users\/344"}],"replies":[{"embeddable":true,"href":"https:\/\/locabarcelona.egluu.com\/es\/wp-json\/wp\/v2\/comments?post=464878"}],"version-history":[{"count":0,"href":"https:\/\/locabarcelona.egluu.com\/es\/wp-json\/wp\/v2\/pages\/464878\/revisions"}],"up":[{"embeddable":true,"href":"https:\/\/locabarcelona.egluu.com\/es\/wp-json\/wp\/v2\/pages\/438299"}],"wp:attachment":[{"href":"https:\/\/locabarcelona.egluu.com\/es\/wp-json\/wp\/v2\/media?parent=464878"}],"curies":[{"name":"wp","href":"https:\/\/api.w.org\/{rel}","templated":true}]}}