{"id":465380,"date":"2022-10-28T12:41:01","date_gmt":"2022-10-28T10:41:01","guid":{"rendered":"https:\/\/locabarcelona.egluu.com\/?page_id=465380"},"modified":"2024-07-26T14:12:47","modified_gmt":"2024-07-26T12:12:47","slug":"alquiler-de-piso-en-barcelona","status":"publish","type":"page","link":"https:\/\/locabarcelona.egluu.com\/es\/alquiler-de-piso-en-barcelona\/","title":{"rendered":"Alquiler de piso en Barcelona"},"content":{"rendered":"\t\t<div data-elementor-type=\"wp-page\" data-elementor-id=\"465380\" class=\"elementor elementor-465380\" data-elementor-post-type=\"page\">\n\t\t\t\t\t\t<section class=\"elementor-section elementor-top-section elementor-element elementor-element-2ce880e elementor-section-boxed elementor-section-height-default elementor-section-height-default\" data-id=\"2ce880e\" data-element_type=\"section\">\n\t\t\t\t\t\t<div class=\"elementor-container elementor-column-gap-default\">\n\t\t\t\t\t<div class=\"elementor-column elementor-col-100 elementor-top-column elementor-element elementor-element-609a854\" data-id=\"609a854\" data-element_type=\"column\">\n\t\t\t<div class=\"elementor-widget-wrap elementor-element-populated\">\n\t\t\t\t\t\t<div class=\"elementor-element elementor-element-841ebaa elementor-widget elementor-widget-text-editor\" data-id=\"841ebaa\" data-element_type=\"widget\" data-widget_type=\"text-editor.default\">\n\t\t\t\t<div class=\"elementor-widget-container\">\n\t\t\t\t\t\t\t<p><a href=\"https:\/\/locabarcelona.egluu.com\/es\/\">LOCA BARCELONA<\/a> es la inmobiliaria de referencia para quienes anhelan el <strong>alquiler de un piso en Barcelona<\/strong> que lo tenga todo. Hablamos de que sea una vivienda de <strong>primera calidad<\/strong>, con una <strong>ubicaci\u00f3n c\u00e9ntrica<\/strong> dentro de la ciudad, equipada con todo lo necesario y con extras tan interesantes como terraza, balc\u00f3n, techos altos\u2026<\/p><h2>Encuentra el piso de tus sue\u00f1os en Barcelona<\/h2><p>Encontrar <strong>pisos en Barcelona<\/strong> que re\u00fanan todas esas cualidades no resulta una misi\u00f3n imposible si recurres a los mejores especialistas, profesionales con una <strong>amplia experiencia en el sector inmobiliario<\/strong> de la ciudad como los que trabajan en LOCA BARCELONA, que te ayudar\u00e1n a encontrar la <strong>vivienda ideal<\/strong> para ti, ya sea para una <a href=\"https:\/\/locabarcelona.egluu.com\/es\/property-status\/alquiler-larga-estancia\/\">estancia a largo plazo<\/a> u otra m\u00e1s corta como <a href=\"https:\/\/locabarcelona.egluu.com\/es\/property-status\/alquiler-de-temporada\/\">estancia de temporada<\/a>.<\/p><p>Adem\u00e1s, pondremos a tu disposici\u00f3n un <strong>ampl\u00edsimo cat\u00e1logo de viviendas selectas<\/strong> repartidas por las principales zonas del casco urbano, para que alquiles el piso en Barcelona que deseas, un <strong>hogar<\/strong> al que no le falte un detalle para que puedas disfrutar del m\u00e1ximo confort y la mayor <strong>calidad de vida dom\u00e9stica<\/strong>. Un inmueble que en definitiva pueda ofrecerte comodidades b\u00e1sicas y extras como:<\/p><ul><li><a href=\"https:\/\/locabarcelona.egluu.com\/es\/property-feature\/caracteristicas\/pisos-amueblados\/\">Mobiliario completo<\/a><\/li><li>Cocina totalmente equipada<\/li><li>Conexi\u00f3n wifi<\/li><li>Climatizaci\u00f3n<\/li><li>Terraza con balc\u00f3n<\/li><li>Techos altos<\/li><\/ul><p>\u00a1Y mucho m\u00e1s! \u00a1Con <strong>LOCA BARCELONA<\/strong> el \u00fanico l\u00edmite son tus sue\u00f1os!<\/p><h2>\u00bfC\u00f3mo encontrar un piso en alquiler en Barcelona?<\/h2><p>El <strong>alquiler de pisos en Barcelona<\/strong> que ofrezcan todo lo que anhelas no tiene por qu\u00e9 ser dif\u00edcil. Siempre, eso s\u00ed, que hagas una <strong>buena planificaci\u00f3n<\/strong>, que empiece por la definici\u00f3n del <strong>presupuesto<\/strong> que puedes destinar mensualmente a la vivienda, la zona que te interesa por la cercan\u00eda o buena conexi\u00f3n con tu trabajo\/centro de estudios y el <strong>ambiente<\/strong> que te gustar\u00eda que tuviese tu nuevo barrio. Algo que puedes pulsar sencillamente haciendo una visita al lugar, para observar c\u00f3mo es all\u00ed la vida e incluso charlar con algunos vecinos.<\/p><p>Asimismo, a la hora de decidirse por el alquiler de un piso en Barcelona es importante estudiar <strong>la cercan\u00eda de servicios p\u00fablicos<\/strong> que puedas precisar, desde guarder\u00edas hasta centros deportivos; y por supuesto valorar las combinaciones de <strong>transporte p\u00fablico<\/strong> que hay, dado que se trata de una ciudad que tiene un tama\u00f1o considerable, y las buenas comunicaciones resultan claves aunque se vaya a vivir en una ubicaci\u00f3n c\u00e9ntrica.<\/p><p>Con todo, puedes tener la tranquilidad que <strong>desde LOCA BARCELONA te ayudaremos<\/strong> para que encuentres el <strong>piso de alquiler en Barcelona<\/strong> que m\u00e1s se adecue a tus necesidades y preferencias, y de que te ofreceremos el mejor <strong>asesoramiento experto<\/strong> a lo largo de todo el proceso, para que hallar la vivienda que tienes en mente te sea m\u00e1s sencillo y r\u00e1pido.<\/p><h2>\u00bfQuieres alquilar o vender tu piso en Barcelona?<\/h2><p>Si buscas una inmobiliaria especializada en gestionar alquileres o <a href=\"https:\/\/locabarcelona.egluu.com\/es\/property-status\/venta\/\">pisos en venta en Barcelona<\/a>, en la nuestra tenemos un amplio bagaje ofreciendo servicios a medida a multitud de inversores y propietarios de inmuebles de la ciudad.<\/p><p>Adem\u00e1s, aportamos una <strong>cobertura completa<\/strong> que abarca toda la vertiente fiscal, jur\u00eddica, administrativa y comercial, llevando de la mano del cliente desde el principio para que no se tenga que preocupar por nada.<\/p><p>Bajo este prisma, les damos todas las <strong>facilidades<\/strong> a los arrendadores que quieren lanzar al mercado sus propiedades y poner, por ejemplo, en alquiler un piso en Barcelona con unas plenas garant\u00edas en cuanto a <strong>rentabilidad<\/strong>, <strong>percepci\u00f3n de rentas<\/strong> y <strong>monitoreo<\/strong> de la integridad del inmueble.<\/p><p>\u00a1Conf\u00eda en <strong>los mejores especialistas<\/strong> en gestionar alquileres y <a href=\"https:\/\/locabarcelona.egluu.com\/es\/property-status\/venta\/\">pisos en venta en Barcelona<\/a>! \u00a1<a href=\"https:\/\/locabarcelona.egluu.com\/es\/sobre-nosotros\/contactanos\/\">Contacta con LOCA BARCELONA<\/a>, estaremos encantados de atenderte y detallarte todo lo que podemos ofrecerte!<\/p>\t\t\t\t\t\t<\/div>\n\t\t\t\t<\/div>\n\t\t\t\t\t<\/div>\n\t\t<\/div>\n\t\t\t\t\t<\/div>\n\t\t<\/section>\n\t\t\t\t<\/div>\n\t\t","protected":false},"excerpt":{"rendered":"<p>LOCA BARCELONA es la inmobiliaria de referencia para quienes anhelan el alquiler de un piso en Barcelona que lo tenga todo. Hablamos de que sea una vivienda de primera calidad, con una ubicaci\u00f3n c\u00e9ntrica dentro de la ciudad, equipada con todo lo necesario y con extras tan interesantes como terraza, balc\u00f3n, techos altos\u2026 Encuentra el&#8230;<\/p>\n","protected":false},"author":344,"featured_media":0,"parent":0,"menu_order":0,"comment_status":"closed","ping_status":"closed","template":"templates\/list-layout.php","meta":{"inline_featured_image":false,"footnotes":""},"yoast_head":"<!-- This site is optimized with the Yoast SEO Premium plugin v22.6 (Yoast SEO v22.6) - https:\/\/yoast.com\/wordpress\/plugins\/seo\/ -->\n<title>Alquiler de piso en Barcelona | Locabarcelona<\/title>\n<meta name=\"description\" content=\"Loca Barcelona es una referencia para quienes anhelan el alquiler de un piso en Barcelona. \u00a1Encuentra nuestra selecci\u00f3n de pisos!\" \/>\n<meta name=\"robots\" content=\"noindex, follow, max-snippet:-1, max-image-preview:large, max-video-preview:-1\" \/>\n<meta property=\"og:locale\" content=\"es_ES\" \/>\n<meta property=\"og:type\" content=\"article\" \/>\n<meta property=\"og:title\" content=\"Alquiler de piso en Barcelona | Locabarcelona\" \/>\n<meta property=\"og:description\" content=\"Loca Barcelona es una referencia para quienes anhelan el alquiler de un piso en Barcelona. \u00a1Encuentra nuestra selecci\u00f3n de pisos!\" \/>\n<meta property=\"og:url\" content=\"https:\/\/locabarcelona.egluu.com\/es\/alquiler-de-piso-en-barcelona\/\" \/>\n<meta property=\"og:site_name\" content=\"Locabarcelona\" \/>\n<meta property=\"article:modified_time\" content=\"2024-07-26T12:12:47+00:00\" \/>\n<meta name=\"twitter:card\" content=\"summary_large_image\" \/>\n<meta name=\"twitter:label1\" content=\"Est. reading time\" \/>\n\t<meta name=\"twitter:data1\" content=\"3 minutos\" \/>\n<script type=\"application\/ld+json\" class=\"yoast-schema-graph\">{\"@context\":\"https:\/\/schema.org\",\"@graph\":[{\"@type\":\"WebPage\",\"@id\":\"https:\/\/locabarcelona.egluu.com\/es\/alquiler-de-piso-en-barcelona\/\",\"url\":\"https:\/\/locabarcelona.egluu.com\/es\/alquiler-de-piso-en-barcelona\/\",\"name\":\"Alquiler de piso en Barcelona | Locabarcelona\",\"isPartOf\":{\"@id\":\"https:\/\/locabarcelona.egluu.com\/es\/#website\"},\"datePublished\":\"2022-10-28T10:41:01+00:00\",\"dateModified\":\"2024-07-26T12:12:47+00:00\",\"description\":\"Loca Barcelona es una referencia para quienes anhelan el alquiler de un piso en Barcelona. \u00a1Encuentra nuestra selecci\u00f3n de pisos!\",\"breadcrumb\":{\"@id\":\"https:\/\/locabarcelona.egluu.com\/es\/alquiler-de-piso-en-barcelona\/#breadcrumb\"},\"inLanguage\":\"es\",\"potentialAction\":[{\"@type\":\"ReadAction\",\"target\":[\"https:\/\/locabarcelona.egluu.com\/es\/alquiler-de-piso-en-barcelona\/\"]}]},{\"@type\":\"BreadcrumbList\",\"@id\":\"https:\/\/locabarcelona.egluu.com\/es\/alquiler-de-piso-en-barcelona\/#breadcrumb\",\"itemListElement\":[{\"@type\":\"ListItem\",\"position\":1,\"name\":\"Inicio\",\"item\":\"https:\/\/www.locabarcelona.com\/es\/home\/\"},{\"@type\":\"ListItem\",\"position\":2,\"name\":\"Alquiler de piso en Barcelona\"}]},{\"@type\":\"WebSite\",\"@id\":\"https:\/\/locabarcelona.egluu.com\/es\/#website\",\"url\":\"https:\/\/locabarcelona.egluu.com\/es\/\",\"name\":\"Loca Barcelona\",\"description\":\"Real Estate Services\",\"publisher\":{\"@id\":\"https:\/\/locabarcelona.egluu.com\/es\/#organization\"},\"potentialAction\":[{\"@type\":\"SearchAction\",\"target\":{\"@type\":\"EntryPoint\",\"urlTemplate\":\"https:\/\/locabarcelona.egluu.com\/es\/?s={search_term_string}\"},\"query-input\":\"required name=search_term_string\"}],\"inLanguage\":\"es\"},{\"@type\":\"Organization\",\"@id\":\"https:\/\/locabarcelona.egluu.com\/es\/#organization\",\"name\":\"Loca Barcelona\",\"url\":\"https:\/\/locabarcelona.egluu.com\/es\/\",\"logo\":{\"@type\":\"ImageObject\",\"inLanguage\":\"es\",\"@id\":\"https:\/\/locabarcelona.egluu.com\/es\/#\/schema\/logo\/image\/\",\"url\":\"https:\/\/locabarcelona.egluu.com\/wp-content\/uploads\/2021\/10\/logo_locabarcelona_small.png\",\"contentUrl\":\"https:\/\/locabarcelona.egluu.com\/wp-content\/uploads\/2021\/10\/logo_locabarcelona_small.png\",\"width\":250,\"height\":149,\"caption\":\"Loca Barcelona\"},\"image\":{\"@id\":\"https:\/\/locabarcelona.egluu.com\/es\/#\/schema\/logo\/image\/\"}}]}<\/script>\n<!-- \/ Yoast SEO Premium plugin. -->","yoast_head_json":{"title":"Alquiler de piso en Barcelona | Locabarcelona","description":"Loca Barcelona es una referencia para quienes anhelan el alquiler de un piso en Barcelona. \u00a1Encuentra nuestra selecci\u00f3n de pisos!","robots":{"index":"noindex","follow":"follow","max-snippet":"max-snippet:-1","max-image-preview":"max-image-preview:large","max-video-preview":"max-video-preview:-1"},"og_locale":"es_ES","og_type":"article","og_title":"Alquiler de piso en Barcelona | Locabarcelona","og_description":"Loca Barcelona es una referencia para quienes anhelan el alquiler de un piso en Barcelona. \u00a1Encuentra nuestra selecci\u00f3n de pisos!","og_url":"https:\/\/locabarcelona.egluu.com\/es\/alquiler-de-piso-en-barcelona\/","og_site_name":"Locabarcelona","article_modified_time":"2024-07-26T12:12:47+00:00","twitter_card":"summary_large_image","twitter_misc":{"Est. reading time":"3 minutos"},"schema":{"@context":"https:\/\/schema.org","@graph":[{"@type":"WebPage","@id":"https:\/\/locabarcelona.egluu.com\/es\/alquiler-de-piso-en-barcelona\/","url":"https:\/\/locabarcelona.egluu.com\/es\/alquiler-de-piso-en-barcelona\/","name":"Alquiler de piso en Barcelona | Locabarcelona","isPartOf":{"@id":"https:\/\/locabarcelona.egluu.com\/es\/#website"},"datePublished":"2022-10-28T10:41:01+00:00","dateModified":"2024-07-26T12:12:47+00:00","description":"Loca Barcelona es una referencia para quienes anhelan el alquiler de un piso en Barcelona. \u00a1Encuentra nuestra selecci\u00f3n de pisos!","breadcrumb":{"@id":"https:\/\/locabarcelona.egluu.com\/es\/alquiler-de-piso-en-barcelona\/#breadcrumb"},"inLanguage":"es","potentialAction":[{"@type":"ReadAction","target":["https:\/\/locabarcelona.egluu.com\/es\/alquiler-de-piso-en-barcelona\/"]}]},{"@type":"BreadcrumbList","@id":"https:\/\/locabarcelona.egluu.com\/es\/alquiler-de-piso-en-barcelona\/#breadcrumb","itemListElement":[{"@type":"ListItem","position":1,"name":"Inicio","item":"https:\/\/www.locabarcelona.com\/es\/home\/"},{"@type":"ListItem","position":2,"name":"Alquiler de piso en Barcelona"}]},{"@type":"WebSite","@id":"https:\/\/locabarcelona.egluu.com\/es\/#website","url":"https:\/\/locabarcelona.egluu.com\/es\/","name":"Loca Barcelona","description":"Real Estate Services","publisher":{"@id":"https:\/\/locabarcelona.egluu.com\/es\/#organization"},"potentialAction":[{"@type":"SearchAction","target":{"@type":"EntryPoint","urlTemplate":"https:\/\/locabarcelona.egluu.com\/es\/?s={search_term_string}"},"query-input":"required name=search_term_string"}],"inLanguage":"es"},{"@type":"Organization","@id":"https:\/\/locabarcelona.egluu.com\/es\/#organization","name":"Loca Barcelona","url":"https:\/\/locabarcelona.egluu.com\/es\/","logo":{"@type":"ImageObject","inLanguage":"es","@id":"https:\/\/locabarcelona.egluu.com\/es\/#\/schema\/logo\/image\/","url":"https:\/\/locabarcelona.egluu.com\/wp-content\/uploads\/2021\/10\/logo_locabarcelona_small.png","contentUrl":"https:\/\/locabarcelona.egluu.com\/wp-content\/uploads\/2021\/10\/logo_locabarcelona_small.png","width":250,"height":149,"caption":"Loca Barcelona"},"image":{"@id":"https:\/\/locabarcelona.egluu.com\/es\/#\/schema\/logo\/image\/"}}]}},"_links":{"self":[{"href":"https:\/\/locabarcelona.egluu.com\/es\/wp-json\/wp\/v2\/pages\/465380"}],"collection":[{"href":"https:\/\/locabarcelona.egluu.com\/es\/wp-json\/wp\/v2\/pages"}],"about":[{"href":"https:\/\/locabarcelona.egluu.com\/es\/wp-json\/wp\/v2\/types\/page"}],"author":[{"embeddable":true,"href":"https:\/\/locabarcelona.egluu.com\/es\/wp-json\/wp\/v2\/users\/344"}],"replies":[{"embeddable":true,"href":"https:\/\/locabarcelona.egluu.com\/es\/wp-json\/wp\/v2\/comments?post=465380"}],"version-history":[{"count":3,"href":"https:\/\/locabarcelona.egluu.com\/es\/wp-json\/wp\/v2\/pages\/465380\/revisions"}],"predecessor-version":[{"id":535720,"href":"https:\/\/locabarcelona.egluu.com\/es\/wp-json\/wp\/v2\/pages\/465380\/revisions\/535720"}],"wp:attachment":[{"href":"https:\/\/locabarcelona.egluu.com\/es\/wp-json\/wp\/v2\/media?parent=465380"}],"curies":[{"name":"wp","href":"https:\/\/api.w.org\/{rel}","templated":true}]}}