{"id":467464,"date":"2022-12-07T11:24:04","date_gmt":"2022-12-07T10:24:04","guid":{"rendered":"https:\/\/locabarcelona.egluu.com\/?page_id=467464"},"modified":"2022-12-07T11:29:10","modified_gmt":"2022-12-07T10:29:10","slug":"estudio-barcelona","status":"publish","type":"page","link":"https:\/\/locabarcelona.egluu.com\/es\/alquiler-viviendas\/estudio-barcelona\/","title":{"rendered":"Estudio en alquiler Barcelona"},"content":{"rendered":"\t\t<div data-elementor-type=\"wp-page\" data-elementor-id=\"467464\" class=\"elementor elementor-467464 elementor-464853\" data-elementor-post-type=\"page\">\n\t\t\t\t\t\t<section class=\"elementor-section elementor-top-section elementor-element elementor-element-5eb09a9d elementor-section-boxed elementor-section-height-default elementor-section-height-default\" data-id=\"5eb09a9d\" data-element_type=\"section\">\n\t\t\t\t\t\t<div class=\"elementor-container elementor-column-gap-default\">\n\t\t\t\t\t<div class=\"elementor-column elementor-col-100 elementor-top-column elementor-element elementor-element-52585c4c\" data-id=\"52585c4c\" data-element_type=\"column\">\n\t\t\t<div class=\"elementor-widget-wrap elementor-element-populated\">\n\t\t\t\t\t\t<div class=\"elementor-element elementor-element-530427d4 elementor-widget elementor-widget-text-editor\" data-id=\"530427d4\" data-element_type=\"widget\" data-widget_type=\"text-editor.default\">\n\t\t\t\t<div class=\"elementor-widget-container\">\n\t\t\t\t\t\t\t<p>LOCA BARCELONA es la agencia inmobiliaria de referencia para <strong>encontrar un buen estudio de alquiler en Barcelona<\/strong>, ya que en nuestro cat\u00e1logo ofrecemos unas excelentes oportunidades para <a href=\"https:\/\/locabarcelona.egluu.com\/es\/property-status\/alquiler-larga-estancia\/\">estancias de largo plazo<\/a> y <a href=\"https:\/\/locabarcelona.egluu.com\/es\/property-status\/alquiler-de-temporada\/\">alquiler de temporada<\/a>. Adem\u00e1s, nuestros estudios se ubican en las mejores zonas de la ciudad, y est\u00e1n completamente amueblados y equipados para ofrecer el m\u00e1ximo confort.<\/p><h2>Encuentra el estudio de tus sue\u00f1os en Barcelona<\/h2><p>\u00bfTe gustar\u00eda <strong>alquilar un estudio en Barcelona<\/strong> que re\u00fana todas las cualidades que deseas? Nosotros te ofrecemos una ampl\u00edsima selecci\u00f3n de alojamientos repartidos por las ubicaciones m\u00e1s emblem\u00e1ticas del centro de la ciudad condal. Unas <strong>viviendas de calidad<\/strong> ideales <a href=\"https:\/\/locabarcelona.egluu.com\/es\/alquiler-viviendas\/pisos-estudiantes-barcelona\/\">para los estudiantes<\/a>, que han sido escogidas por sus caracter\u00edsticas especiales por un equipo de profesionales con una ampl\u00edsima experiencia en el sector inmobiliario.<\/p><p>As\u00ed, tendr\u00e1s la oportunidad de<strong> alquilar un estudio en Barcelona<\/strong> <a href=\"https:\/\/locabarcelona.egluu.com\/es\/property-feature\/caracteristicas\/pisos-amueblados\/\">totalmente amueblado<\/a>, con cocina equipada hasta el \u00faltimo detalle, climatizaci\u00f3n, wifi y todo lo que puedas precisar para disfrutar del m\u00e1ximo confort. Sin olvidar otros extras adicionales muy interesantes que tambi\u00e9n puedes obtener como:<\/p><ul><li>Excelentes vistas<\/li><li>Balcones<\/li><li>Terrazas<\/li><li>Techos altos<\/li><\/ul><p>Por todas las oportunidades que brinda nuestro cat\u00e1logo nos hemos convertido en el gran referente a la hora de encontrar vivienda en la ciudad, tanto para usuarios nacionales como europeos, ya se trate asimismo de estancias largas o m\u00e1s cortas por estudios o por motivos laborales, por ejemplo, para desarrollar un proyecto que requiera trasladarse aqu\u00ed. \u00a1Conseguir un <strong>estudio en alquiler en Barcelona<\/strong> de ensue\u00f1o es un lujo al alcance de la mano con LOCA BARCELONA!<\/p><h2>\u00bfC\u00f3mo encontrar un estudio en alquiler en Barcelona?<\/h2><p>Para poder encontrar un estudio en Barcelona que cumpla todas tus expectativas has de seguir una serie de pasos b\u00e1sicos. En primer lugar, resultar\u00eda recomendable definir el presupuesto del que dispondr\u00edas y la zona donde te gustar\u00eda vivir, valorando tambi\u00e9n su cercan\u00eda a tu lugar de trabajo o centro de estudios.<\/p><p>Si est\u00e1s dudando entre varios barrios para el alquiler de tu estudio en Barcelona, puede ser una buena idea visitarlos para conocer su ambiente, los servicios que tiene, las posibilidades que ofrece o las conexiones de transporte p\u00fablico existentes.<\/p><p>Desde LOCA BARCELONA te podemos ayudar a encontrar el estudio en Barcelona ideal para ti, de acuerdo a tus preferencias y necesidades espec\u00edficas, ya sea para una estancia larga, intermedia o corta.<\/p><h2>\u00bfQuieres alquilar o vender tu estudio en Barcelona?<\/h2><p>Si deseas alquilar o <strong>vender un estudio en Barcelona<\/strong> de tu propiedad tambi\u00e9n te damos todas las facilidades, con un <strong>servicio personalizado<\/strong> especialmente enfocado a propietarios y fondos de inversi\u00f3n, que proporciona acompa\u00f1amiento a lo largo de todo el proceso de puesta en el mercado de la vivienda.<\/p><p>Adem\u00e1s, nos orientamos a lograr <strong>una rentabilizaci\u00f3n \u00f3ptima<\/strong> de los inmuebles, desplegamos un marketing eficiente que da resultados de manera r\u00e1pida; y ofrecemos un monitoreo y reporte regular, revisiones y reportajes fotogr\u00e1ficos tras cada alquiler as\u00ed como asistencia legal gratuita en caso de que resultase necesario.<\/p><p>Tanto si buscas un estudio en alquiler en Barcelona como si quieres poner en el mercado el tuyo no dudes en confiar en LOCA BARCELONA. \u00a1<a href=\"https:\/\/locabarcelona.egluu.com\/es\/sobre-nosotros\/contactanos\/\">Cont\u00e1ctanos<\/a>, estaremos encantados de ayudarte!<\/p>\t\t\t\t\t\t<\/div>\n\t\t\t\t<\/div>\n\t\t\t\t<div class=\"elementor-element elementor-element-71ac28d elementor-widget elementor-widget-spacer\" data-id=\"71ac28d\" data-element_type=\"widget\" data-widget_type=\"spacer.default\">\n\t\t\t\t<div class=\"elementor-widget-container\">\n\t\t\t\t\t<div class=\"elementor-spacer\">\n\t\t\t<div class=\"elementor-spacer-inner\"><\/div>\n\t\t<\/div>\n\t\t\t\t<\/div>\n\t\t\t\t<\/div>\n\t\t\t\t\t<\/div>\n\t\t<\/div>\n\t\t\t\t\t<\/div>\n\t\t<\/section>\n\t\t\t\t<section class=\"elementor-section elementor-top-section elementor-element elementor-element-5d714767 elementor-section-boxed elementor-section-height-default elementor-section-height-default\" data-id=\"5d714767\" data-element_type=\"section\">\n\t\t\t\t\t\t<div class=\"elementor-container elementor-column-gap-default\">\n\t\t\t\t\t<div class=\"elementor-column elementor-col-100 elementor-top-column elementor-element elementor-element-7e4d97b9\" data-id=\"7e4d97b9\" data-element_type=\"column\">\n\t\t\t<div class=\"elementor-widget-wrap elementor-element-populated\">\n\t\t\t\t\t\t<div class=\"elementor-element elementor-element-1f439aba elementor-widget elementor-widget-spacer\" data-id=\"1f439aba\" data-element_type=\"widget\" data-widget_type=\"spacer.default\">\n\t\t\t\t<div class=\"elementor-widget-container\">\n\t\t\t\t\t<div class=\"elementor-spacer\">\n\t\t\t<div class=\"elementor-spacer-inner\"><\/div>\n\t\t<\/div>\n\t\t\t\t<\/div>\n\t\t\t\t<\/div>\n\t\t\t\t\t<\/div>\n\t\t<\/div>\n\t\t\t\t\t<\/div>\n\t\t<\/section>\n\t\t\t\t<section class=\"elementor-section elementor-top-section elementor-element elementor-element-502b6196 elementor-section-boxed elementor-section-height-default elementor-section-height-default\" data-id=\"502b6196\" data-element_type=\"section\">\n\t\t\t\t\t\t<div class=\"elementor-container elementor-column-gap-default\">\n\t\t\t\t\t<div class=\"elementor-column elementor-col-100 elementor-top-column elementor-element elementor-element-747645d6\" data-id=\"747645d6\" data-element_type=\"column\">\n\t\t\t<div class=\"elementor-widget-wrap elementor-element-populated\">\n\t\t\t\t\t\t<div class=\"elementor-element elementor-element-5f021fbe elementor-widget elementor-widget-heading\" data-id=\"5f021fbe\" data-element_type=\"widget\" data-widget_type=\"heading.default\">\n\t\t\t\t<div class=\"elementor-widget-container\">\n\t\t\t<h2 class=\"elementor-heading-title elementor-size-default\">Pisos en alquiler por distritos <\/h2>\t\t<\/div>\n\t\t\t\t<\/div>\n\t\t\t\t\t<\/div>\n\t\t<\/div>\n\t\t\t\t\t<\/div>\n\t\t<\/section>\n\t\t\t\t<section class=\"elementor-section elementor-top-section elementor-element elementor-element-230057bd elementor-section-boxed elementor-section-height-default elementor-section-height-default\" data-id=\"230057bd\" data-element_type=\"section\">\n\t\t\t\t\t\t<div class=\"elementor-container elementor-column-gap-default\">\n\t\t\t\t\t<div class=\"elementor-column elementor-col-50 elementor-top-column elementor-element elementor-element-7bdc610c\" data-id=\"7bdc610c\" data-element_type=\"column\">\n\t\t\t<div class=\"elementor-widget-wrap elementor-element-populated\">\n\t\t\t\t\t\t<div class=\"elementor-element elementor-element-30162428 elementor-widget elementor-widget-global elementor-global-446206 elementor-widget-text-editor\" data-id=\"30162428\" data-element_type=\"widget\" data-widget_type=\"text-editor.default\">\n\t\t\t\t<div class=\"elementor-widget-container\">\n\t\t\t\t\t\t\t<p><span data-sheets-value=\"{\"><a href=\"https:\/\/locabarcelona.egluu.com\/es\/alquiler-viviendas\/el-eixample\/\">Pisos en alquiler en l&#8217;Eixample<\/a><br \/><a href=\"https:\/\/locabarcelona.egluu.com\/es\/alquiler-viviendas\/eixample-dreta\/\">Pisos en alquiler en Eixample Dreta<\/a><br \/><a href=\"https:\/\/locabarcelona.egluu.com\/es\/alquiler-viviendas\/antiga-esquerra-eixample\/\">Pisos en Antiga Esquerra de l&#8217;Eixample<\/a><br \/><\/span><span data-sheets-value=\"{\"><a href=\"https:\/\/locabarcelona.egluu.com\/es\/alquiler-viviendas\/nova-esquerra-eixample\/\">Pisos en Nova Esquerra de l&#8217;Eixample<\/a><br \/><a href=\"https:\/\/locabarcelona.egluu.com\/es\/alquiler-viviendas\/fort-pienc\/\">Pisos en alquiler en Fort Pienc<\/a><br \/><a href=\"https:\/\/locabarcelona.egluu.com\/es\/alquiler-viviendas\/eixample\/sagrada-familia\/\">Pisos en alquiler en Sagrada Familia<\/a><br \/><a href=\"https:\/\/locabarcelona.egluu.com\/es\/alquiler-viviendas\/eixample\/sant-antoni\/\">Pisos en alquiler en Sant antoni<\/a><br \/><a href=\"https:\/\/locabarcelona.egluu.com\/es\/alquiler-viviendas\/ciutat-vella\/\">Pisos en alquiler en Ciutat Vella<\/a><br \/><a href=\"https:\/\/locabarcelona.egluu.com\/es\/alquiler-viviendas\/el-gotico\/\">Pisos en alquiler en el Gotico<\/a><br \/><a href=\"https:\/\/locabarcelona.egluu.com\/es\/alquiler-viviendas\/raval\/\">Pisos en alquiler en el Raval<\/a><br \/><a href=\"https:\/\/locabarcelona.egluu.com\/es\/alquiler-viviendas\/el-born\/\">Pisos en alquiler en el Born<\/a><br \/><a href=\"https:\/\/locabarcelona.egluu.com\/es\/alquiler-viviendas\/barceloneta\/\">Pisos en alquiler en Barceloneta<\/a><br \/><a href=\"https:\/\/locabarcelona.egluu.com\/es\/alquiler-viviendas\/sants-montjuic\/\">Pisos en alquiler en Sants-Montju\u00efc<\/a><br \/><a href=\"https:\/\/locabarcelona.egluu.com\/es\/alquiler-viviendas\/poble-sec\/\">Pisos en alquiler en Poble Sec<\/a><br \/><a href=\"https:\/\/locabarcelona.egluu.com\/es\/alquiler-viviendas\/sants\/\">Pisos en alquiler en Sants<\/a><br \/><a href=\"https:\/\/locabarcelona.egluu.com\/es\/alquiler-viviendas\/el-putxet-i-farro\/\">Pisos en alquiler en El Putxet i Farr\u00f3<\/a><br \/><a href=\"https:\/\/locabarcelona.egluu.com\/es\/alquiler-viviendas\/las-tres-torres\/\">Pisos en alquiler en Las Tres Torres<\/a><br \/><a href=\"https:\/\/locabarcelona.egluu.com\/es\/alquiler-viviendas\/montjuic\/\">Pisos en alquiler en Montjuic\u00a0<\/a><\/span><\/p>\t\t\t\t\t\t<\/div>\n\t\t\t\t<\/div>\n\t\t\t\t\t<\/div>\n\t\t<\/div>\n\t\t\t\t<div class=\"elementor-column elementor-col-50 elementor-top-column elementor-element elementor-element-4c31feb1\" data-id=\"4c31feb1\" data-element_type=\"column\">\n\t\t\t<div class=\"elementor-widget-wrap elementor-element-populated\">\n\t\t\t\t\t\t<div class=\"elementor-element elementor-element-49f39045 elementor-widget elementor-widget-global elementor-global-446210 elementor-widget-text-editor\" data-id=\"49f39045\" data-element_type=\"widget\" data-widget_type=\"text-editor.default\">\n\t\t\t\t<div class=\"elementor-widget-container\">\n\t\t\t\t\t\t\t<p><a href=\"https:\/\/locabarcelona.egluu.com\/es\/alquiler-viviendas\/les-corts\/\">Pisos en alquiler en les Corts<\/a><br \/><span data-sheets-value=\"{\"><a href=\"https:\/\/locabarcelona.egluu.com\/es\/alquiler-viviendas\/pedralbes\/\">Pisos en alquiler en Pedralbes<\/a><br \/><a href=\"https:\/\/locabarcelona.egluu.com\/es\/alquiler-viviendas\/sarria-sant-gervasi\/\">Pisos en alquiler en Sarria Sant Gervasi<\/a><br \/><a href=\"https:\/\/locabarcelona.egluu.com\/es\/alquiler-viviendas\/sarria\/\">Pisos en alquiler en Sarria<\/a><br \/><a href=\"https:\/\/locabarcelona.egluu.com\/es\/property-for-rent\/gracia\/\">Pisos en alquiler en Gracia<\/a><br \/><a href=\"https:\/\/locabarcelona.egluu.com\/es\/alquiler-viviendas\/vila-de-gracia\/\">Pisos en alquiler en Vila de Gr\u00e0cia<\/a><br \/><a href=\"https:\/\/locabarcelona.egluu.com\/es\/alquiler-viviendas\/horta-guinardo\/\">Pisos en alquiler en Horta-Guinardo<\/a><br \/><a href=\"https:\/\/locabarcelona.egluu.com\/es\/alquiler-viviendas\/nou-barris\/\">Pisos en alquiler en Nou Barris<\/a><br \/><a href=\"https:\/\/locabarcelona.egluu.com\/es\/alquiler-viviendas\/sant-andreu\/\">Pisos en alquiler en Sant Andreu<\/a><br \/><a href=\"https:\/\/locabarcelona.egluu.com\/es\/alquiler-viviendas\/sant-marti\/\">Pisos en alquiler en Sant Mart\u00ed<\/a><br \/><a href=\"https:\/\/locabarcelona.egluu.com\/es\/alquiler-viviendas\/el-clot\/\">Pisos en alquiler en el Clot<\/a><br \/><a href=\"https:\/\/locabarcelona.egluu.com\/es\/alquiler-viviendas\/vila-olimpica-del-poblenou\/\">Pisos en La vila olimpica del Poblenou<\/a><br \/><a href=\"https:\/\/locabarcelona.egluu.com\/es\/alquiler-viviendas\/poblenou\/\">Pisos en alquiler en Poblenou<\/a><br \/><a href=\"https:\/\/locabarcelona.egluu.com\/es\/alquiler-viviendas\/diagonal-mar\/\">Pisos en alquiler en Diagonal Mar<\/a><br \/><a href=\"https:\/\/locabarcelona.egluu.com\/es\/alquiler-viviendas\/sant-gervasi-la-bonanova\/\">Pisos en alquiler en Sant gervasi \u2013 la bonanova<\/a><br \/><a href=\"https:\/\/locabarcelona.egluu.com\/es\/alquiler-viviendas\/sant-gervasi-galvany\/\">Pisos en alquiler en Sant Gervasi Galvany<\/a><br \/><a href=\"https:\/\/locabarcelona.egluu.com\/es\/alquiler-viviendas\/zona-franca\/\">Pisos en alquiler en Zona Franca<\/a><br \/><a href=\"https:\/\/locabarcelona.egluu.com\/es\/alquiler-viviendas\/sants-badal\/\">Pisos en alquiler en Sants Badal<\/a><br \/><\/span><\/p>\t\t\t\t\t\t<\/div>\n\t\t\t\t<\/div>\n\t\t\t\t\t<\/div>\n\t\t<\/div>\n\t\t\t\t\t<\/div>\n\t\t<\/section>\n\t\t\t\t<\/div>\n\t\t","protected":false},"excerpt":{"rendered":"<p>LOCA BARCELONA es la agencia inmobiliaria de referencia para encontrar un buen estudio de alquiler en Barcelona, ya que en nuestro cat\u00e1logo ofrecemos unas excelentes oportunidades para estancias de largo plazo y alquiler de temporada. Adem\u00e1s, nuestros estudios se ubican en las mejores zonas de la ciudad, y est\u00e1n completamente amueblados y equipados para ofrecer&#8230;<\/p>\n","protected":false},"author":344,"featured_media":0,"parent":438299,"menu_order":0,"comment_status":"closed","ping_status":"closed","template":"templates\/list-layout.php","meta":{"inline_featured_image":false,"footnotes":""},"yoast_head":"<!-- This site is optimized with the Yoast SEO Premium plugin v22.6 (Yoast SEO v22.6) - https:\/\/yoast.com\/wordpress\/plugins\/seo\/ -->\n<title>Estudio en alquiler Barcelona | Locabarcelona<\/title>\n<meta name=\"description\" content=\"Encuentra ahora tu estudio en Barcelona\u2705\u00a1Estudiantes o j\u00f3venes profesionales encuentran un estudio en la zona de su elecci\u00f3n!\" \/>\n<meta name=\"robots\" content=\"noindex, follow, max-snippet:-1, max-image-preview:large, max-video-preview:-1\" \/>\n<meta property=\"og:locale\" content=\"es_ES\" \/>\n<meta property=\"og:type\" content=\"article\" \/>\n<meta property=\"og:title\" content=\"Estudio en alquiler Barcelona | Locabarcelona\" \/>\n<meta property=\"og:description\" content=\"Encuentra ahora tu estudio en Barcelona\u2705\u00a1Estudiantes o j\u00f3venes profesionales encuentran un estudio en la zona de su elecci\u00f3n!\" \/>\n<meta property=\"og:url\" content=\"https:\/\/locabarcelona.egluu.com\/es\/alquiler-viviendas\/estudio-barcelona\/\" \/>\n<meta property=\"og:site_name\" content=\"Locabarcelona\" \/>\n<meta property=\"article:modified_time\" content=\"2022-12-07T10:29:10+00:00\" \/>\n<meta name=\"twitter:card\" content=\"summary_large_image\" \/>\n<meta name=\"twitter:label1\" content=\"Est. reading time\" \/>\n\t<meta name=\"twitter:data1\" content=\"4 minutos\" \/>\n<script type=\"application\/ld+json\" class=\"yoast-schema-graph\">{\"@context\":\"https:\/\/schema.org\",\"@graph\":[{\"@type\":\"WebPage\",\"@id\":\"https:\/\/locabarcelona.egluu.com\/es\/alquiler-viviendas\/estudio-barcelona\/\",\"url\":\"https:\/\/locabarcelona.egluu.com\/es\/alquiler-viviendas\/estudio-barcelona\/\",\"name\":\"Estudio en alquiler Barcelona | Locabarcelona\",\"isPartOf\":{\"@id\":\"https:\/\/locabarcelona.egluu.com\/es\/#website\"},\"datePublished\":\"2022-12-07T10:24:04+00:00\",\"dateModified\":\"2022-12-07T10:29:10+00:00\",\"description\":\"Encuentra ahora tu estudio en Barcelona\u2705\u00a1Estudiantes o j\u00f3venes profesionales encuentran un estudio en la zona de su elecci\u00f3n!\",\"breadcrumb\":{\"@id\":\"https:\/\/locabarcelona.egluu.com\/es\/alquiler-viviendas\/estudio-barcelona\/#breadcrumb\"},\"inLanguage\":\"es\",\"potentialAction\":[{\"@type\":\"ReadAction\",\"target\":[\"https:\/\/locabarcelona.egluu.com\/es\/alquiler-viviendas\/estudio-barcelona\/\"]}]},{\"@type\":\"BreadcrumbList\",\"@id\":\"https:\/\/locabarcelona.egluu.com\/es\/alquiler-viviendas\/estudio-barcelona\/#breadcrumb\",\"itemListElement\":[{\"@type\":\"ListItem\",\"position\":1,\"name\":\"Inicio\",\"item\":\"https:\/\/www.locabarcelona.com\/es\/home\/\"},{\"@type\":\"ListItem\",\"position\":2,\"name\":\"Agencia de alquiler Barcelona\",\"item\":\"https:\/\/www.locabarcelona.com\/es\/alquiler-viviendas\/\"},{\"@type\":\"ListItem\",\"position\":3,\"name\":\"Estudio en alquiler Barcelona\"}]},{\"@type\":\"WebSite\",\"@id\":\"https:\/\/locabarcelona.egluu.com\/es\/#website\",\"url\":\"https:\/\/locabarcelona.egluu.com\/es\/\",\"name\":\"Loca Barcelona\",\"description\":\"Real Estate Services\",\"publisher\":{\"@id\":\"https:\/\/locabarcelona.egluu.com\/es\/#organization\"},\"potentialAction\":[{\"@type\":\"SearchAction\",\"target\":{\"@type\":\"EntryPoint\",\"urlTemplate\":\"https:\/\/locabarcelona.egluu.com\/es\/?s={search_term_string}\"},\"query-input\":\"required name=search_term_string\"}],\"inLanguage\":\"es\"},{\"@type\":\"Organization\",\"@id\":\"https:\/\/locabarcelona.egluu.com\/es\/#organization\",\"name\":\"Loca Barcelona\",\"url\":\"https:\/\/locabarcelona.egluu.com\/es\/\",\"logo\":{\"@type\":\"ImageObject\",\"inLanguage\":\"es\",\"@id\":\"https:\/\/locabarcelona.egluu.com\/es\/#\/schema\/logo\/image\/\",\"url\":\"https:\/\/locabarcelona.egluu.com\/wp-content\/uploads\/2021\/10\/logo_locabarcelona_small.png\",\"contentUrl\":\"https:\/\/locabarcelona.egluu.com\/wp-content\/uploads\/2021\/10\/logo_locabarcelona_small.png\",\"width\":250,\"height\":149,\"caption\":\"Loca Barcelona\"},\"image\":{\"@id\":\"https:\/\/locabarcelona.egluu.com\/es\/#\/schema\/logo\/image\/\"}}]}<\/script>\n<!-- \/ Yoast SEO Premium plugin. -->","yoast_head_json":{"title":"Estudio en alquiler Barcelona | Locabarcelona","description":"Encuentra ahora tu estudio en Barcelona\u2705\u00a1Estudiantes o j\u00f3venes profesionales encuentran un estudio en la zona de su elecci\u00f3n!","robots":{"index":"noindex","follow":"follow","max-snippet":"max-snippet:-1","max-image-preview":"max-image-preview:large","max-video-preview":"max-video-preview:-1"},"og_locale":"es_ES","og_type":"article","og_title":"Estudio en alquiler Barcelona | Locabarcelona","og_description":"Encuentra ahora tu estudio en Barcelona\u2705\u00a1Estudiantes o j\u00f3venes profesionales encuentran un estudio en la zona de su elecci\u00f3n!","og_url":"https:\/\/locabarcelona.egluu.com\/es\/alquiler-viviendas\/estudio-barcelona\/","og_site_name":"Locabarcelona","article_modified_time":"2022-12-07T10:29:10+00:00","twitter_card":"summary_large_image","twitter_misc":{"Est. reading time":"4 minutos"},"schema":{"@context":"https:\/\/schema.org","@graph":[{"@type":"WebPage","@id":"https:\/\/locabarcelona.egluu.com\/es\/alquiler-viviendas\/estudio-barcelona\/","url":"https:\/\/locabarcelona.egluu.com\/es\/alquiler-viviendas\/estudio-barcelona\/","name":"Estudio en alquiler Barcelona | Locabarcelona","isPartOf":{"@id":"https:\/\/locabarcelona.egluu.com\/es\/#website"},"datePublished":"2022-12-07T10:24:04+00:00","dateModified":"2022-12-07T10:29:10+00:00","description":"Encuentra ahora tu estudio en Barcelona\u2705\u00a1Estudiantes o j\u00f3venes profesionales encuentran un estudio en la zona de su elecci\u00f3n!","breadcrumb":{"@id":"https:\/\/locabarcelona.egluu.com\/es\/alquiler-viviendas\/estudio-barcelona\/#breadcrumb"},"inLanguage":"es","potentialAction":[{"@type":"ReadAction","target":["https:\/\/locabarcelona.egluu.com\/es\/alquiler-viviendas\/estudio-barcelona\/"]}]},{"@type":"BreadcrumbList","@id":"https:\/\/locabarcelona.egluu.com\/es\/alquiler-viviendas\/estudio-barcelona\/#breadcrumb","itemListElement":[{"@type":"ListItem","position":1,"name":"Inicio","item":"https:\/\/www.locabarcelona.com\/es\/home\/"},{"@type":"ListItem","position":2,"name":"Agencia de alquiler Barcelona","item":"https:\/\/www.locabarcelona.com\/es\/alquiler-viviendas\/"},{"@type":"ListItem","position":3,"name":"Estudio en alquiler Barcelona"}]},{"@type":"WebSite","@id":"https:\/\/locabarcelona.egluu.com\/es\/#website","url":"https:\/\/locabarcelona.egluu.com\/es\/","name":"Loca Barcelona","description":"Real Estate Services","publisher":{"@id":"https:\/\/locabarcelona.egluu.com\/es\/#organization"},"potentialAction":[{"@type":"SearchAction","target":{"@type":"EntryPoint","urlTemplate":"https:\/\/locabarcelona.egluu.com\/es\/?s={search_term_string}"},"query-input":"required name=search_term_string"}],"inLanguage":"es"},{"@type":"Organization","@id":"https:\/\/locabarcelona.egluu.com\/es\/#organization","name":"Loca Barcelona","url":"https:\/\/locabarcelona.egluu.com\/es\/","logo":{"@type":"ImageObject","inLanguage":"es","@id":"https:\/\/locabarcelona.egluu.com\/es\/#\/schema\/logo\/image\/","url":"https:\/\/locabarcelona.egluu.com\/wp-content\/uploads\/2021\/10\/logo_locabarcelona_small.png","contentUrl":"https:\/\/locabarcelona.egluu.com\/wp-content\/uploads\/2021\/10\/logo_locabarcelona_small.png","width":250,"height":149,"caption":"Loca Barcelona"},"image":{"@id":"https:\/\/locabarcelona.egluu.com\/es\/#\/schema\/logo\/image\/"}}]}},"_links":{"self":[{"href":"https:\/\/locabarcelona.egluu.com\/es\/wp-json\/wp\/v2\/pages\/467464"}],"collection":[{"href":"https:\/\/locabarcelona.egluu.com\/es\/wp-json\/wp\/v2\/pages"}],"about":[{"href":"https:\/\/locabarcelona.egluu.com\/es\/wp-json\/wp\/v2\/types\/page"}],"author":[{"embeddable":true,"href":"https:\/\/locabarcelona.egluu.com\/es\/wp-json\/wp\/v2\/users\/344"}],"replies":[{"embeddable":true,"href":"https:\/\/locabarcelona.egluu.com\/es\/wp-json\/wp\/v2\/comments?post=467464"}],"version-history":[{"count":0,"href":"https:\/\/locabarcelona.egluu.com\/es\/wp-json\/wp\/v2\/pages\/467464\/revisions"}],"up":[{"embeddable":true,"href":"https:\/\/locabarcelona.egluu.com\/es\/wp-json\/wp\/v2\/pages\/438299"}],"wp:attachment":[{"href":"https:\/\/locabarcelona.egluu.com\/es\/wp-json\/wp\/v2\/media?parent=467464"}],"curies":[{"name":"wp","href":"https:\/\/api.w.org\/{rel}","templated":true}]}}