{"id":471092,"date":"2023-01-18T09:32:08","date_gmt":"2023-01-18T08:32:08","guid":{"rendered":"https:\/\/locabarcelona.egluu.com\/?page_id=471092"},"modified":"2023-01-18T10:06:38","modified_gmt":"2023-01-18T09:06:38","slug":"atico-en-barcelona","status":"publish","type":"page","link":"https:\/\/locabarcelona.egluu.com\/es\/alquiler-viviendas\/atico-en-barcelona\/","title":{"rendered":"\u00c1tico en Barcelona"},"content":{"rendered":"\t\t<div data-elementor-type=\"wp-page\" data-elementor-id=\"471092\" class=\"elementor elementor-471092 elementor-471086\" data-elementor-post-type=\"page\">\n\t\t\t\t\t\t<section class=\"elementor-section elementor-top-section elementor-element elementor-element-6e46e1ad elementor-section-boxed elementor-section-height-default elementor-section-height-default\" data-id=\"6e46e1ad\" data-element_type=\"section\">\n\t\t\t\t\t\t<div class=\"elementor-container elementor-column-gap-default\">\n\t\t\t\t\t<div class=\"elementor-column elementor-col-100 elementor-top-column elementor-element elementor-element-59c1b642\" data-id=\"59c1b642\" data-element_type=\"column\">\n\t\t\t<div class=\"elementor-widget-wrap elementor-element-populated\">\n\t\t\t\t\t\t<div class=\"elementor-element elementor-element-21344363 elementor-widget elementor-widget-text-editor\" data-id=\"21344363\" data-element_type=\"widget\" data-widget_type=\"text-editor.default\">\n\t\t\t\t<div class=\"elementor-widget-container\">\n\t\t\t\t\t\t\t<h2>\u00bfC\u00f3mo encontrar un \u00e1tico en Barcelona?<\/h2><p>Disfrutar de un <strong>\u00e1tico en Barcelona<\/strong> es una opci\u00f3n muy sugestiva si consideramos las incre\u00edbles vistas panor\u00e1micas que se podr\u00edan contemplar de la ciudad, y su clima propicio para estar al aire libre buena parte del a\u00f1o. A continuaci\u00f3n, damos algunos consejos para conseguir una vivienda de este tipo, tanto para quienes est\u00e9n barajando comprar como los que tengan en mente un alquiler.<\/p><h2>\u00bfQu\u00e9 ventajas ofrece un \u00e1tico en Barcelona?<\/h2><p>Como bien sabemos, un \u00e1tico es una <strong>modalidad de piso muy codiciada<\/strong> por varios motivos:<\/p><ul><li>Permite disponer de una <strong>amplia <a href=\"https:\/\/locabarcelona.egluu.com\/es\/alquiler-viviendas\/piso-con-terraza-barcelona\/\">terraza<\/a><\/strong>, ideal desde para juntarse con la familia o los amigos, hasta para instalar un sol\u00e1rium.<\/li><li>Brinda la oportunidad de contemplar unas <strong>estupendas vistas<\/strong>.<\/li><li>Tienen una <strong>mayor iluminaci\u00f3n<\/strong>, con lo que ello supone de calidez en los hogares.<\/li><li>El interior de este tipo de inmuebles por lo general suele ser <strong>mucho m\u00e1s espacioso<\/strong>.<\/li><li>Se escucha <strong>menos ruido<\/strong>, tanto de la calle como de los vecinos, al no tener en una planta de arriba.<\/li><\/ul><p>A todas estas ventajas que podr\u00edamos denominar &#8216;objetivas&#8217;, si hablamos de un \u00e1tico en Barcelona se sumar\u00edan algunas otras m\u00e1s. As\u00ed, a poco que el inmueble tenga una ubicaci\u00f3n algo c\u00e9ntrica, ser\u00e1 posible contemplar desde una posici\u00f3n privilegiada las <strong>vistas prodigiosas<\/strong> que depara la ciudad a quien la contempla desde las alturas.<\/p><p>Adem\u00e1s, a un \u00e1tico en Barcelona se le <strong>saca mucho partido<\/strong> por el <strong>buen clima<\/strong> que hace todo el a\u00f1o, incluyendo algunos d\u00edas invernales, dado que el mar act\u00faa de regulador t\u00e9rmico, lo que propicia la moderaci\u00f3n en las temperaturas.<\/p><h2>\u00bfC\u00f3mo encontrar un \u00e1tico en venta en Barcelona?<\/h2><p>Las recomendaciones para hallar el <strong>\u00e1tico en venta en Barcelona<\/strong> que buscamos, en lo sustancial, no diferir\u00edan mucho de los consejos para encontrar otro tipo de inmueble.<\/p><p>Al menos, en cuanto a los <strong>primeros pasos<\/strong> de definici\u00f3n del <strong>presupuesto disponible<\/strong> y <strong>elecci\u00f3n de la zona<\/strong> que se desea. Habr\u00eda que ver tambi\u00e9n si el ambiente de ese barrio nos gusta, ya que siempre se har\u00e1 algo de vida en \u00e9l por mucho que pensemos que no saldremos de nuestro maravilloso \u00e1tico.<\/p><p>Los siguientes pasos para encontrar un \u00e1tico en venta en Barcelona s\u00ed que tendr\u00edan que ser diferentes para que la <strong>b\u00fasqueda sea efectiva<\/strong>. Lo mejor soluci\u00f3n siempre ser\u00e1 recurrir a una <strong>inmobiliaria especializada<\/strong> en comercializaci\u00f3n de propiedades de calidad y con <strong>caracter\u00edsticas muy concretas<\/strong>.<\/p><p>En <strong>LOCA BARCELONA<\/strong> nos distinguimos precisamente por ofrecer un <strong>servicio personalizado a los usuarios<\/strong>, para que puedan encontrar la vivienda que buscan en la zona que desean. \u00a1<a href=\"https:\/\/locabarcelona.egluu.com\/es\/\">Cont\u00e1ctanos<\/a> y te ayudaremos a encontrar el \u00e1tico en venta en Barcelona ideal para ti!<\/p><h2>\u00bfC\u00f3mo encontrar un \u00e1tico en alquiler en Barcelona?<\/h2><p>Los consejos para dar con un <strong>\u00e1tico en alquiler en Barcelona<\/strong> que se adapte a lo que queremos ser\u00edan similares que los de la compra, pero con una <strong>importante salvedad<\/strong>, ya que los <strong>due\u00f1os<\/strong> de este tipo de propiedades son reacios a alquilarlas por <strong>motivos obvios<\/strong>, al no querer exponer a posibles deterioros unas viviendas muy valiosas por sus caracter\u00edsticas especiales.<\/p><p>Por ello, de nuevo, es muy importante recurrir a una <strong>inmobiliaria<\/strong> que est\u00e9 especializada en gestionar <strong>alquileres de inmuebles de este tipo<\/strong>. En <strong>LOCA BARCELONA<\/strong>, por todas las garant\u00edas que ofrecemos a los propietarios, gozamos de la <strong>confianza de los due\u00f1os<\/strong> de los <strong>mejores pisos<\/strong> y <strong>\u00e1ticos en alquiler en Barcelona<\/strong>, por lo que te podemos prestar una ayuda muy efectiva para conseguir la vivienda de tus sue\u00f1os.<\/p><p><strong>No dudes en recurrir a nosotros<\/strong> si est\u00e1s buscando un \u00e1tico en Barcelona, ya sea para compra o alquiler, \u00a1<a href=\"https:\/\/locabarcelona.egluu.com\/es\/\">cont\u00e1ctanos<\/a> y te acompa\u00f1aremos a lo largo de todo el camino hasta que puedas disfrutar de la vivienda que tienes en mente!<\/p>\t\t\t\t\t\t<\/div>\n\t\t\t\t<\/div>\n\t\t\t\t\t<\/div>\n\t\t<\/div>\n\t\t\t\t\t<\/div>\n\t\t<\/section>\n\t\t\t\t<section class=\"elementor-section elementor-top-section elementor-element elementor-element-52748c68 elementor-section-boxed elementor-section-height-default elementor-section-height-default\" data-id=\"52748c68\" data-element_type=\"section\">\n\t\t\t\t\t\t<div class=\"elementor-container elementor-column-gap-default\">\n\t\t\t\t\t<div class=\"elementor-column elementor-col-100 elementor-top-column elementor-element elementor-element-231e1936\" data-id=\"231e1936\" data-element_type=\"column\">\n\t\t\t<div class=\"elementor-widget-wrap elementor-element-populated\">\n\t\t\t\t\t\t<div class=\"elementor-element elementor-element-7b290d2 elementor-widget elementor-widget-heading\" data-id=\"7b290d2\" data-element_type=\"widget\" data-widget_type=\"heading.default\">\n\t\t\t\t<div class=\"elementor-widget-container\">\n\t\t\t<h2 class=\"elementor-heading-title elementor-size-default\">Pisos por barrios :<\/h2>\t\t<\/div>\n\t\t\t\t<\/div>\n\t\t\t\t\t<\/div>\n\t\t<\/div>\n\t\t\t\t\t<\/div>\n\t\t<\/section>\n\t\t\t\t<section class=\"elementor-section elementor-top-section elementor-element elementor-element-7c81a9f7 elementor-section-boxed elementor-section-height-default elementor-section-height-default\" data-id=\"7c81a9f7\" data-element_type=\"section\">\n\t\t\t\t\t\t<div class=\"elementor-container elementor-column-gap-default\">\n\t\t\t\t\t<div class=\"elementor-column elementor-col-50 elementor-top-column elementor-element elementor-element-4577dda2\" data-id=\"4577dda2\" data-element_type=\"column\">\n\t\t\t<div class=\"elementor-widget-wrap elementor-element-populated\">\n\t\t\t\t\t\t<div class=\"elementor-element elementor-element-5d8cc68 elementor-widget elementor-widget-global elementor-global-446206 elementor-widget-text-editor\" data-id=\"5d8cc68\" data-element_type=\"widget\" data-widget_type=\"text-editor.default\">\n\t\t\t\t<div class=\"elementor-widget-container\">\n\t\t\t\t\t\t\t<p><span data-sheets-value=\"{\"><a href=\"https:\/\/locabarcelona.egluu.com\/es\/alquiler-viviendas\/el-eixample\/\">Pisos en alquiler en l&#8217;Eixample<\/a><br \/><a href=\"https:\/\/locabarcelona.egluu.com\/es\/alquiler-viviendas\/eixample-dreta\/\">Pisos en alquiler en Eixample Dreta<\/a><br \/><a href=\"https:\/\/locabarcelona.egluu.com\/es\/alquiler-viviendas\/antiga-esquerra-eixample\/\">Pisos en Antiga Esquerra de l&#8217;Eixample<\/a><br \/><\/span><span data-sheets-value=\"{\"><a href=\"https:\/\/locabarcelona.egluu.com\/es\/alquiler-viviendas\/nova-esquerra-eixample\/\">Pisos en Nova Esquerra de l&#8217;Eixample<\/a><br \/><a href=\"https:\/\/locabarcelona.egluu.com\/es\/alquiler-viviendas\/fort-pienc\/\">Pisos en alquiler en Fort Pienc<\/a><br \/><a href=\"https:\/\/locabarcelona.egluu.com\/es\/alquiler-viviendas\/eixample\/sagrada-familia\/\">Pisos en alquiler en Sagrada Familia<\/a><br \/><a href=\"https:\/\/locabarcelona.egluu.com\/es\/alquiler-viviendas\/eixample\/sant-antoni\/\">Pisos en alquiler en Sant antoni<\/a><br \/><a href=\"https:\/\/locabarcelona.egluu.com\/es\/alquiler-viviendas\/ciutat-vella\/\">Pisos en alquiler en Ciutat Vella<\/a><br \/><a href=\"https:\/\/locabarcelona.egluu.com\/es\/alquiler-viviendas\/el-gotico\/\">Pisos en alquiler en el Gotico<\/a><br \/><a href=\"https:\/\/locabarcelona.egluu.com\/es\/alquiler-viviendas\/raval\/\">Pisos en alquiler en el Raval<\/a><br \/><a href=\"https:\/\/locabarcelona.egluu.com\/es\/alquiler-viviendas\/el-born\/\">Pisos en alquiler en el Born<\/a><br \/><a href=\"https:\/\/locabarcelona.egluu.com\/es\/alquiler-viviendas\/barceloneta\/\">Pisos en alquiler en Barceloneta<\/a><br \/><a href=\"https:\/\/locabarcelona.egluu.com\/es\/alquiler-viviendas\/sants-montjuic\/\">Pisos en alquiler en Sants-Montju\u00efc<\/a><br \/><a href=\"https:\/\/locabarcelona.egluu.com\/es\/alquiler-viviendas\/poble-sec\/\">Pisos en alquiler en Poble Sec<\/a><br \/><a href=\"https:\/\/locabarcelona.egluu.com\/es\/alquiler-viviendas\/sants\/\">Pisos en alquiler en Sants<\/a><br \/><a href=\"https:\/\/locabarcelona.egluu.com\/es\/alquiler-viviendas\/el-putxet-i-farro\/\">Pisos en alquiler en El Putxet i Farr\u00f3<\/a><br \/><a href=\"https:\/\/locabarcelona.egluu.com\/es\/alquiler-viviendas\/las-tres-torres\/\">Pisos en alquiler en Las Tres Torres<\/a><br \/><a href=\"https:\/\/locabarcelona.egluu.com\/es\/alquiler-viviendas\/montjuic\/\">Pisos en alquiler en Montjuic\u00a0<\/a><\/span><\/p>\t\t\t\t\t\t<\/div>\n\t\t\t\t<\/div>\n\t\t\t\t\t<\/div>\n\t\t<\/div>\n\t\t\t\t<div class=\"elementor-column elementor-col-50 elementor-top-column elementor-element elementor-element-777be4f5\" data-id=\"777be4f5\" data-element_type=\"column\">\n\t\t\t<div class=\"elementor-widget-wrap elementor-element-populated\">\n\t\t\t\t\t\t<div class=\"elementor-element elementor-element-ef5c6b1 elementor-widget elementor-widget-global elementor-global-446210 elementor-widget-text-editor\" data-id=\"ef5c6b1\" data-element_type=\"widget\" data-widget_type=\"text-editor.default\">\n\t\t\t\t<div class=\"elementor-widget-container\">\n\t\t\t\t\t\t\t<p><a href=\"https:\/\/locabarcelona.egluu.com\/es\/alquiler-viviendas\/les-corts\/\">Pisos en alquiler en les Corts<\/a><br \/><span data-sheets-value=\"{\"><a href=\"https:\/\/locabarcelona.egluu.com\/es\/alquiler-viviendas\/pedralbes\/\">Pisos en alquiler en Pedralbes<\/a><br \/><a href=\"https:\/\/locabarcelona.egluu.com\/es\/alquiler-viviendas\/sarria-sant-gervasi\/\">Pisos en alquiler en Sarria Sant Gervasi<\/a><br \/><a href=\"https:\/\/locabarcelona.egluu.com\/es\/alquiler-viviendas\/sarria\/\">Pisos en alquiler en Sarria<\/a><br \/><a href=\"https:\/\/locabarcelona.egluu.com\/es\/property-for-rent\/gracia\/\">Pisos en alquiler en Gracia<\/a><br \/><a href=\"https:\/\/locabarcelona.egluu.com\/es\/alquiler-viviendas\/vila-de-gracia\/\">Pisos en alquiler en Vila de Gr\u00e0cia<\/a><br \/><a href=\"https:\/\/locabarcelona.egluu.com\/es\/alquiler-viviendas\/horta-guinardo\/\">Pisos en alquiler en Horta-Guinardo<\/a><br \/><a href=\"https:\/\/locabarcelona.egluu.com\/es\/alquiler-viviendas\/nou-barris\/\">Pisos en alquiler en Nou Barris<\/a><br \/><a href=\"https:\/\/locabarcelona.egluu.com\/es\/alquiler-viviendas\/sant-andreu\/\">Pisos en alquiler en Sant Andreu<\/a><br \/><a href=\"https:\/\/locabarcelona.egluu.com\/es\/alquiler-viviendas\/sant-marti\/\">Pisos en alquiler en Sant Mart\u00ed<\/a><br \/><a href=\"https:\/\/locabarcelona.egluu.com\/es\/alquiler-viviendas\/el-clot\/\">Pisos en alquiler en el Clot<\/a><br \/><a href=\"https:\/\/locabarcelona.egluu.com\/es\/alquiler-viviendas\/vila-olimpica-del-poblenou\/\">Pisos en La vila olimpica del Poblenou<\/a><br \/><a href=\"https:\/\/locabarcelona.egluu.com\/es\/alquiler-viviendas\/poblenou\/\">Pisos en alquiler en Poblenou<\/a><br \/><a href=\"https:\/\/locabarcelona.egluu.com\/es\/alquiler-viviendas\/diagonal-mar\/\">Pisos en alquiler en Diagonal Mar<\/a><br \/><a href=\"https:\/\/locabarcelona.egluu.com\/es\/alquiler-viviendas\/sant-gervasi-la-bonanova\/\">Pisos en alquiler en Sant gervasi \u2013 la bonanova<\/a><br \/><a href=\"https:\/\/locabarcelona.egluu.com\/es\/alquiler-viviendas\/sant-gervasi-galvany\/\">Pisos en alquiler en Sant Gervasi Galvany<\/a><br \/><a href=\"https:\/\/locabarcelona.egluu.com\/es\/alquiler-viviendas\/zona-franca\/\">Pisos en alquiler en Zona Franca<\/a><br \/><a href=\"https:\/\/locabarcelona.egluu.com\/es\/alquiler-viviendas\/sants-badal\/\">Pisos en alquiler en Sants Badal<\/a><br \/><\/span><\/p>\t\t\t\t\t\t<\/div>\n\t\t\t\t<\/div>\n\t\t\t\t\t<\/div>\n\t\t<\/div>\n\t\t\t\t\t<\/div>\n\t\t<\/section>\n\t\t\t\t<\/div>\n\t\t","protected":false},"excerpt":{"rendered":"<p>\u00bfC\u00f3mo encontrar un \u00e1tico en Barcelona? Disfrutar de un \u00e1tico en Barcelona es una opci\u00f3n muy sugestiva si consideramos las incre\u00edbles vistas panor\u00e1micas que se podr\u00edan contemplar de la ciudad, y su clima propicio para estar al aire libre buena parte del a\u00f1o. A continuaci\u00f3n, damos algunos consejos para conseguir una vivienda de este tipo,&#8230;<\/p>\n","protected":false},"author":344,"featured_media":0,"parent":438299,"menu_order":0,"comment_status":"closed","ping_status":"closed","template":"templates\/list-layout.php","meta":{"inline_featured_image":false,"footnotes":""},"yoast_head":"<!-- This site is optimized with the Yoast SEO Premium plugin v22.6 (Yoast SEO v22.6) - https:\/\/yoast.com\/wordpress\/plugins\/seo\/ -->\n<title>\u00c1tico en Barcelona | Locabarcelona<\/title>\n<meta name=\"description\" content=\"Encuentra el \u00e1tico de tu sue\u00f1o en Barcelona \u2600\ufe0f\u2600\ufe0f\u2600\ufe0f \u00a1Descubra nuestra selecci\u00f3n de \u00e1tico&#039;s en el barrio de su elecci\u00f3n!\" \/>\n<meta name=\"robots\" content=\"noindex, follow, max-snippet:-1, max-image-preview:large, max-video-preview:-1\" \/>\n<meta property=\"og:locale\" content=\"es_ES\" \/>\n<meta property=\"og:type\" content=\"article\" \/>\n<meta property=\"og:title\" content=\"\u00c1tico en Barcelona | Locabarcelona\" \/>\n<meta property=\"og:description\" content=\"Encuentra el \u00e1tico de tu sue\u00f1o en Barcelona \u2600\ufe0f\u2600\ufe0f\u2600\ufe0f \u00a1Descubra nuestra selecci\u00f3n de \u00e1tico&#039;s en el barrio de su elecci\u00f3n!\" \/>\n<meta property=\"og:url\" content=\"https:\/\/locabarcelona.egluu.com\/es\/alquiler-viviendas\/atico-en-barcelona\/\" \/>\n<meta property=\"og:site_name\" content=\"Locabarcelona\" \/>\n<meta property=\"article:modified_time\" content=\"2023-01-18T09:06:38+00:00\" \/>\n<meta name=\"twitter:card\" content=\"summary_large_image\" \/>\n<meta name=\"twitter:label1\" content=\"Est. reading time\" \/>\n\t<meta name=\"twitter:data1\" content=\"4 minutos\" \/>\n<script type=\"application\/ld+json\" class=\"yoast-schema-graph\">{\"@context\":\"https:\/\/schema.org\",\"@graph\":[{\"@type\":\"WebPage\",\"@id\":\"https:\/\/locabarcelona.egluu.com\/es\/alquiler-viviendas\/atico-en-barcelona\/\",\"url\":\"https:\/\/locabarcelona.egluu.com\/es\/alquiler-viviendas\/atico-en-barcelona\/\",\"name\":\"\u00c1tico en Barcelona | Locabarcelona\",\"isPartOf\":{\"@id\":\"https:\/\/locabarcelona.egluu.com\/es\/#website\"},\"datePublished\":\"2023-01-18T08:32:08+00:00\",\"dateModified\":\"2023-01-18T09:06:38+00:00\",\"description\":\"Encuentra el \u00e1tico de tu sue\u00f1o en Barcelona \u2600\ufe0f\u2600\ufe0f\u2600\ufe0f \u00a1Descubra nuestra selecci\u00f3n de \u00e1tico's en el barrio de su elecci\u00f3n!\",\"breadcrumb\":{\"@id\":\"https:\/\/locabarcelona.egluu.com\/es\/alquiler-viviendas\/atico-en-barcelona\/#breadcrumb\"},\"inLanguage\":\"es\",\"potentialAction\":[{\"@type\":\"ReadAction\",\"target\":[\"https:\/\/locabarcelona.egluu.com\/es\/alquiler-viviendas\/atico-en-barcelona\/\"]}]},{\"@type\":\"BreadcrumbList\",\"@id\":\"https:\/\/locabarcelona.egluu.com\/es\/alquiler-viviendas\/atico-en-barcelona\/#breadcrumb\",\"itemListElement\":[{\"@type\":\"ListItem\",\"position\":1,\"name\":\"Inicio\",\"item\":\"https:\/\/www.locabarcelona.com\/es\/home\/\"},{\"@type\":\"ListItem\",\"position\":2,\"name\":\"Agencia de alquiler Barcelona\",\"item\":\"https:\/\/www.locabarcelona.com\/es\/alquiler-viviendas\/\"},{\"@type\":\"ListItem\",\"position\":3,\"name\":\"\u00c1tico en Barcelona\"}]},{\"@type\":\"WebSite\",\"@id\":\"https:\/\/locabarcelona.egluu.com\/es\/#website\",\"url\":\"https:\/\/locabarcelona.egluu.com\/es\/\",\"name\":\"Loca Barcelona\",\"description\":\"Real Estate Services\",\"publisher\":{\"@id\":\"https:\/\/locabarcelona.egluu.com\/es\/#organization\"},\"potentialAction\":[{\"@type\":\"SearchAction\",\"target\":{\"@type\":\"EntryPoint\",\"urlTemplate\":\"https:\/\/locabarcelona.egluu.com\/es\/?s={search_term_string}\"},\"query-input\":\"required name=search_term_string\"}],\"inLanguage\":\"es\"},{\"@type\":\"Organization\",\"@id\":\"https:\/\/locabarcelona.egluu.com\/es\/#organization\",\"name\":\"Loca Barcelona\",\"url\":\"https:\/\/locabarcelona.egluu.com\/es\/\",\"logo\":{\"@type\":\"ImageObject\",\"inLanguage\":\"es\",\"@id\":\"https:\/\/locabarcelona.egluu.com\/es\/#\/schema\/logo\/image\/\",\"url\":\"https:\/\/locabarcelona.egluu.com\/wp-content\/uploads\/2021\/10\/logo_locabarcelona_small.png\",\"contentUrl\":\"https:\/\/locabarcelona.egluu.com\/wp-content\/uploads\/2021\/10\/logo_locabarcelona_small.png\",\"width\":250,\"height\":149,\"caption\":\"Loca Barcelona\"},\"image\":{\"@id\":\"https:\/\/locabarcelona.egluu.com\/es\/#\/schema\/logo\/image\/\"}}]}<\/script>\n<!-- \/ Yoast SEO Premium plugin. -->","yoast_head_json":{"title":"\u00c1tico en Barcelona | Locabarcelona","description":"Encuentra el \u00e1tico de tu sue\u00f1o en Barcelona \u2600\ufe0f\u2600\ufe0f\u2600\ufe0f \u00a1Descubra nuestra selecci\u00f3n de \u00e1tico's en el barrio de su elecci\u00f3n!","robots":{"index":"noindex","follow":"follow","max-snippet":"max-snippet:-1","max-image-preview":"max-image-preview:large","max-video-preview":"max-video-preview:-1"},"og_locale":"es_ES","og_type":"article","og_title":"\u00c1tico en Barcelona | Locabarcelona","og_description":"Encuentra el \u00e1tico de tu sue\u00f1o en Barcelona \u2600\ufe0f\u2600\ufe0f\u2600\ufe0f \u00a1Descubra nuestra selecci\u00f3n de \u00e1tico's en el barrio de su elecci\u00f3n!","og_url":"https:\/\/locabarcelona.egluu.com\/es\/alquiler-viviendas\/atico-en-barcelona\/","og_site_name":"Locabarcelona","article_modified_time":"2023-01-18T09:06:38+00:00","twitter_card":"summary_large_image","twitter_misc":{"Est. reading time":"4 minutos"},"schema":{"@context":"https:\/\/schema.org","@graph":[{"@type":"WebPage","@id":"https:\/\/locabarcelona.egluu.com\/es\/alquiler-viviendas\/atico-en-barcelona\/","url":"https:\/\/locabarcelona.egluu.com\/es\/alquiler-viviendas\/atico-en-barcelona\/","name":"\u00c1tico en Barcelona | Locabarcelona","isPartOf":{"@id":"https:\/\/locabarcelona.egluu.com\/es\/#website"},"datePublished":"2023-01-18T08:32:08+00:00","dateModified":"2023-01-18T09:06:38+00:00","description":"Encuentra el \u00e1tico de tu sue\u00f1o en Barcelona \u2600\ufe0f\u2600\ufe0f\u2600\ufe0f \u00a1Descubra nuestra selecci\u00f3n de \u00e1tico's en el barrio de su elecci\u00f3n!","breadcrumb":{"@id":"https:\/\/locabarcelona.egluu.com\/es\/alquiler-viviendas\/atico-en-barcelona\/#breadcrumb"},"inLanguage":"es","potentialAction":[{"@type":"ReadAction","target":["https:\/\/locabarcelona.egluu.com\/es\/alquiler-viviendas\/atico-en-barcelona\/"]}]},{"@type":"BreadcrumbList","@id":"https:\/\/locabarcelona.egluu.com\/es\/alquiler-viviendas\/atico-en-barcelona\/#breadcrumb","itemListElement":[{"@type":"ListItem","position":1,"name":"Inicio","item":"https:\/\/www.locabarcelona.com\/es\/home\/"},{"@type":"ListItem","position":2,"name":"Agencia de alquiler Barcelona","item":"https:\/\/www.locabarcelona.com\/es\/alquiler-viviendas\/"},{"@type":"ListItem","position":3,"name":"\u00c1tico en Barcelona"}]},{"@type":"WebSite","@id":"https:\/\/locabarcelona.egluu.com\/es\/#website","url":"https:\/\/locabarcelona.egluu.com\/es\/","name":"Loca Barcelona","description":"Real Estate Services","publisher":{"@id":"https:\/\/locabarcelona.egluu.com\/es\/#organization"},"potentialAction":[{"@type":"SearchAction","target":{"@type":"EntryPoint","urlTemplate":"https:\/\/locabarcelona.egluu.com\/es\/?s={search_term_string}"},"query-input":"required name=search_term_string"}],"inLanguage":"es"},{"@type":"Organization","@id":"https:\/\/locabarcelona.egluu.com\/es\/#organization","name":"Loca Barcelona","url":"https:\/\/locabarcelona.egluu.com\/es\/","logo":{"@type":"ImageObject","inLanguage":"es","@id":"https:\/\/locabarcelona.egluu.com\/es\/#\/schema\/logo\/image\/","url":"https:\/\/locabarcelona.egluu.com\/wp-content\/uploads\/2021\/10\/logo_locabarcelona_small.png","contentUrl":"https:\/\/locabarcelona.egluu.com\/wp-content\/uploads\/2021\/10\/logo_locabarcelona_small.png","width":250,"height":149,"caption":"Loca Barcelona"},"image":{"@id":"https:\/\/locabarcelona.egluu.com\/es\/#\/schema\/logo\/image\/"}}]}},"_links":{"self":[{"href":"https:\/\/locabarcelona.egluu.com\/es\/wp-json\/wp\/v2\/pages\/471092"}],"collection":[{"href":"https:\/\/locabarcelona.egluu.com\/es\/wp-json\/wp\/v2\/pages"}],"about":[{"href":"https:\/\/locabarcelona.egluu.com\/es\/wp-json\/wp\/v2\/types\/page"}],"author":[{"embeddable":true,"href":"https:\/\/locabarcelona.egluu.com\/es\/wp-json\/wp\/v2\/users\/344"}],"replies":[{"embeddable":true,"href":"https:\/\/locabarcelona.egluu.com\/es\/wp-json\/wp\/v2\/comments?post=471092"}],"version-history":[{"count":0,"href":"https:\/\/locabarcelona.egluu.com\/es\/wp-json\/wp\/v2\/pages\/471092\/revisions"}],"up":[{"embeddable":true,"href":"https:\/\/locabarcelona.egluu.com\/es\/wp-json\/wp\/v2\/pages\/438299"}],"wp:attachment":[{"href":"https:\/\/locabarcelona.egluu.com\/es\/wp-json\/wp\/v2\/media?parent=471092"}],"curies":[{"name":"wp","href":"https:\/\/api.w.org\/{rel}","templated":true}]}}