{"id":471100,"date":"2023-01-18T09:53:48","date_gmt":"2023-01-18T08:53:48","guid":{"rendered":"https:\/\/locabarcelona.egluu.com\/?page_id=471100"},"modified":"2023-01-18T09:57:49","modified_gmt":"2023-01-18T08:57:49","slug":"pisos-de-2-habitaciones-en-barcelona","status":"publish","type":"page","link":"https:\/\/locabarcelona.egluu.com\/es\/alquiler-viviendas\/pisos-de-2-habitaciones-en-barcelona\/","title":{"rendered":"Pisos de 2 habitaciones en Barcelona"},"content":{"rendered":"\t\t<div data-elementor-type=\"wp-page\" data-elementor-id=\"471100\" class=\"elementor elementor-471100\" data-elementor-post-type=\"page\">\n\t\t\t\t\t\t<section class=\"elementor-section elementor-top-section elementor-element elementor-element-5eb09a9d elementor-section-boxed elementor-section-height-default elementor-section-height-default\" data-id=\"5eb09a9d\" data-element_type=\"section\">\n\t\t\t\t\t\t<div class=\"elementor-container elementor-column-gap-default\">\n\t\t\t\t\t<div class=\"elementor-column elementor-col-100 elementor-top-column elementor-element elementor-element-52585c4c\" data-id=\"52585c4c\" data-element_type=\"column\">\n\t\t\t<div class=\"elementor-widget-wrap elementor-element-populated\">\n\t\t\t\t\t\t<div class=\"elementor-element elementor-element-530427d4 elementor-widget elementor-widget-text-editor\" data-id=\"530427d4\" data-element_type=\"widget\" data-widget_type=\"text-editor.default\">\n\t\t\t\t<div class=\"elementor-widget-container\">\n\t\t\t\t\t\t\t<div class=\"order-details-big__content\"><div class=\"tab-content\"><div id=\"tab_original_text\" class=\"tab-pane active\"><div class=\"tab-pane-content\"><div class=\"slim-scroll-tab tab-content\"><div id=\"preview_originaltext\" class=\"tab-pane html-preview-tab-content active\"><div class=\"no-scroll\"><h2 class=\"more-space\"><strong>Como alquilar un piso de 2 habitaciones en Barcelona<\/strong><\/h2><div>\u00a0<\/div><div class=\"text-content\">Los <strong>pisos con 2 dormitorios en Barcelona<\/strong> son muy demandados por familias con ni\u00f1os, pero tambi\u00e9n por parejas que no los tienen o personas que viven solas y desean tener una habitaci\u00f3n adicional como vestidor, despacho, lugar de teletrabajo, cuarto de invitados o cualquier otra funcionalidad que se pueda extraer al disponer de un <strong>espacio libre adicional<\/strong>. Desde <strong>LOCA BARCELONA<\/strong> ayudamos a nuestros clientes a encontrar la vivienda con el n\u00famero de habitaciones que precisan para dar la mejor respuesta a sus necesidades.<\/div><div class=\"text-content\"><br \/><h2><strong>Los mejores pisos de 2 dormitorios en Barcelona<\/strong><\/h2><p>En nuestro cat\u00e1logo podr\u00e1s encontrar una gran variedad de <strong>pisos de 2 dormitorios en Barcelona<\/strong> <strong>centro<\/strong>, repartidos por las principales zonas del casco urbano de la ciudad, no en las afueras ni en los municipios de alrededor.<\/p><br \/><p>Adem\u00e1s, contamos con pisos de dos dormitorios en Barcelona totalmente <strong>amueblados<\/strong>, con <strong>cocina equipada<\/strong> al detalle, <strong>climatizaci\u00f3n<\/strong>, <strong>wifi<\/strong> y todas las comodidades precisas para disfrutar del m\u00e1ximo confort dom\u00e9stico. A todo ello, se pueden sumar tambi\u00e9n extras muy deseados como <strong>techos altos<\/strong>, <strong>balcones<\/strong>, terrazas con vistas \u00a1Y mucho m\u00e1s!<\/p><br \/><p>\u00a1<a href=\"https:\/\/locabarcelona.egluu.com\/es\/\">Cont\u00e1ctanos<\/a> y te ayudaremos a encontrar el piso con dos dormitorios en Barcelona con <strong>todas las caracter\u00edsticas que quieres<\/strong>!<\/p><h2><strong>Servicio a medida para alquilar piso de 2 habitaciones en Barcelona<\/strong><\/h2><br \/><p>Asimismo, damos la posibilidad de <strong>alquilar piso de 2 habitaciones en Barcelona<\/strong> para <strong>estancias de corta, media y larga duraci\u00f3n<\/strong>. Con ello, nos adaptamos a la perfecci\u00f3n a las necesidades de usuarios de todos los perfiles, desde de <strong>familias con uno o dos ni\u00f1os<\/strong> que est\u00e1n buscando una vivienda para residir, hasta de <strong>profesionales o ejecutivos extranjeros<\/strong> que van estar una temporada en la ciudad para participar en el alg\u00fan proyecto y desean beneficiarse de las funcionalidades que puede ofrecer un cuarto adicional: recibir invitados mientras dure su estancia, contar con un \u00e1rea de trabajo o relax independiente, etc.<\/p><br \/><p>Igualmente, con nuestros <strong>alquileres de temporada<\/strong> que pueden llegar a los once meses aportamos la soluci\u00f3n perfecta a muchos alumnos procedentes de pa\u00edses europeos que participan en programas <strong>Erasmus<\/strong>, y desean alquilar piso de 2 habitaciones en Barcelona para poder recibir visitas de familiares y amigos durante los meses que est\u00e9n estudiando en la ciudad.<\/p><br \/><h2><strong>El mejor cat\u00e1logo de pisos en alquiler de 2 habitaciones Barcelona<\/strong><\/h2><br \/><p>Las carteras de<strong> pisos en alquiler de 2 habitaciones Barcelona<\/strong> han sido cuidadosamente conformadas por nuestros <strong>profesionales<\/strong>, que <strong>seleccionan exclusivamente<\/strong> viviendas de calidad y ubicadas en las mejores zonas de la ciudad. Algo que podemos hacer gracias gracias a la confianza depositada en nosotros por los propietarios de estos inmuebles, a los que siempre aseguramos la \u00f3ptima gesti\u00f3n de sus propiedades.<\/p><br \/><p>Adem\u00e1s, desde <strong>LOCA BARCELONA<\/strong> no solo ofrecemos los mejores pisos en alquiler de dos habitaciones, sino que tambi\u00e9n aportamos un <strong>servicio totalmente personalizado<\/strong>, que les permite a los futuros inquilinos recibir <strong>acompa\u00f1amiento a lo largo de todo el proceso<\/strong>, desde el inicio de la b\u00fasqueda hasta la formalizaci\u00f3n de los contratos.<\/p><br \/><p>Por todo ello, somos un referente para quienes buscan tanto pisos dos dormitorios en Barcelona como de <strong>cualquier n\u00famero de habitaciones<\/strong>, viviendas que en todos los casos est\u00e1n siempre en las mejores ubicaciones, totalmente equipadas y con los extras deseados, ya sea para alquileres de temporada o de larga duraci\u00f3n.<\/p><br \/><p>\u00a1<a href=\"https:\/\/locabarcelona.egluu.com\/es\/\">Cont\u00e1ctanos<\/a> e inf\u00f3rmate sobre los <strong>pisos en alquiler de 2 habitaciones en Barcelona<\/strong> que tenemos disponibles ahora mismo!<\/p><\/div><\/div><\/div><\/div><\/div><\/div><\/div><\/div>\t\t\t\t\t\t<\/div>\n\t\t\t\t<\/div>\n\t\t\t\t<div class=\"elementor-element elementor-element-71ac28d elementor-widget elementor-widget-spacer\" data-id=\"71ac28d\" data-element_type=\"widget\" data-widget_type=\"spacer.default\">\n\t\t\t\t<div class=\"elementor-widget-container\">\n\t\t\t\t\t<div class=\"elementor-spacer\">\n\t\t\t<div class=\"elementor-spacer-inner\"><\/div>\n\t\t<\/div>\n\t\t\t\t<\/div>\n\t\t\t\t<\/div>\n\t\t\t\t\t<\/div>\n\t\t<\/div>\n\t\t\t\t\t<\/div>\n\t\t<\/section>\n\t\t\t\t<section class=\"elementor-section elementor-top-section elementor-element elementor-element-5d714767 elementor-section-boxed elementor-section-height-default elementor-section-height-default\" data-id=\"5d714767\" data-element_type=\"section\">\n\t\t\t\t\t\t<div class=\"elementor-container elementor-column-gap-default\">\n\t\t\t\t\t<div class=\"elementor-column elementor-col-100 elementor-top-column elementor-element elementor-element-7e4d97b9\" data-id=\"7e4d97b9\" data-element_type=\"column\">\n\t\t\t<div class=\"elementor-widget-wrap elementor-element-populated\">\n\t\t\t\t\t\t<div class=\"elementor-element elementor-element-1f439aba elementor-widget elementor-widget-spacer\" data-id=\"1f439aba\" data-element_type=\"widget\" data-widget_type=\"spacer.default\">\n\t\t\t\t<div class=\"elementor-widget-container\">\n\t\t\t\t\t<div class=\"elementor-spacer\">\n\t\t\t<div class=\"elementor-spacer-inner\"><\/div>\n\t\t<\/div>\n\t\t\t\t<\/div>\n\t\t\t\t<\/div>\n\t\t\t\t\t<\/div>\n\t\t<\/div>\n\t\t\t\t\t<\/div>\n\t\t<\/section>\n\t\t\t\t<section class=\"elementor-section elementor-top-section elementor-element elementor-element-502b6196 elementor-section-boxed elementor-section-height-default elementor-section-height-default\" data-id=\"502b6196\" data-element_type=\"section\">\n\t\t\t\t\t\t<div class=\"elementor-container elementor-column-gap-default\">\n\t\t\t\t\t<div class=\"elementor-column elementor-col-100 elementor-top-column elementor-element elementor-element-747645d6\" data-id=\"747645d6\" data-element_type=\"column\">\n\t\t\t<div class=\"elementor-widget-wrap elementor-element-populated\">\n\t\t\t\t\t\t<div class=\"elementor-element elementor-element-5f021fbe elementor-widget elementor-widget-heading\" data-id=\"5f021fbe\" data-element_type=\"widget\" data-widget_type=\"heading.default\">\n\t\t\t\t<div class=\"elementor-widget-container\">\n\t\t\t<h2 class=\"elementor-heading-title elementor-size-default\">Pisos en alquiler por distritos <\/h2>\t\t<\/div>\n\t\t\t\t<\/div>\n\t\t\t\t\t<\/div>\n\t\t<\/div>\n\t\t\t\t\t<\/div>\n\t\t<\/section>\n\t\t\t\t<section class=\"elementor-section elementor-top-section elementor-element elementor-element-230057bd elementor-section-boxed elementor-section-height-default elementor-section-height-default\" data-id=\"230057bd\" data-element_type=\"section\">\n\t\t\t\t\t\t<div class=\"elementor-container elementor-column-gap-default\">\n\t\t\t\t\t<div class=\"elementor-column elementor-col-50 elementor-top-column elementor-element elementor-element-7bdc610c\" data-id=\"7bdc610c\" data-element_type=\"column\">\n\t\t\t<div class=\"elementor-widget-wrap elementor-element-populated\">\n\t\t\t\t\t\t<div class=\"elementor-element elementor-element-30162428 elementor-widget elementor-widget-global elementor-global-446206 elementor-widget-text-editor\" data-id=\"30162428\" data-element_type=\"widget\" data-widget_type=\"text-editor.default\">\n\t\t\t\t<div class=\"elementor-widget-container\">\n\t\t\t\t\t\t\t<p><span data-sheets-value=\"{\"><a href=\"https:\/\/locabarcelona.egluu.com\/es\/alquiler-viviendas\/el-eixample\/\">Pisos en alquiler en l&#8217;Eixample<\/a><br \/><a href=\"https:\/\/locabarcelona.egluu.com\/es\/alquiler-viviendas\/eixample-dreta\/\">Pisos en alquiler en Eixample Dreta<\/a><br \/><a href=\"https:\/\/locabarcelona.egluu.com\/es\/alquiler-viviendas\/antiga-esquerra-eixample\/\">Pisos en Antiga Esquerra de l&#8217;Eixample<\/a><br \/><\/span><span data-sheets-value=\"{\"><a href=\"https:\/\/locabarcelona.egluu.com\/es\/alquiler-viviendas\/nova-esquerra-eixample\/\">Pisos en Nova Esquerra de l&#8217;Eixample<\/a><br \/><a href=\"https:\/\/locabarcelona.egluu.com\/es\/alquiler-viviendas\/fort-pienc\/\">Pisos en alquiler en Fort Pienc<\/a><br \/><a href=\"https:\/\/locabarcelona.egluu.com\/es\/alquiler-viviendas\/eixample\/sagrada-familia\/\">Pisos en alquiler en Sagrada Familia<\/a><br \/><a href=\"https:\/\/locabarcelona.egluu.com\/es\/alquiler-viviendas\/eixample\/sant-antoni\/\">Pisos en alquiler en Sant antoni<\/a><br \/><a href=\"https:\/\/locabarcelona.egluu.com\/es\/alquiler-viviendas\/ciutat-vella\/\">Pisos en alquiler en Ciutat Vella<\/a><br \/><a href=\"https:\/\/locabarcelona.egluu.com\/es\/alquiler-viviendas\/el-gotico\/\">Pisos en alquiler en el Gotico<\/a><br \/><a href=\"https:\/\/locabarcelona.egluu.com\/es\/alquiler-viviendas\/raval\/\">Pisos en alquiler en el Raval<\/a><br \/><a href=\"https:\/\/locabarcelona.egluu.com\/es\/alquiler-viviendas\/el-born\/\">Pisos en alquiler en el Born<\/a><br \/><a href=\"https:\/\/locabarcelona.egluu.com\/es\/alquiler-viviendas\/barceloneta\/\">Pisos en alquiler en Barceloneta<\/a><br \/><a href=\"https:\/\/locabarcelona.egluu.com\/es\/alquiler-viviendas\/sants-montjuic\/\">Pisos en alquiler en Sants-Montju\u00efc<\/a><br \/><a href=\"https:\/\/locabarcelona.egluu.com\/es\/alquiler-viviendas\/poble-sec\/\">Pisos en alquiler en Poble Sec<\/a><br \/><a href=\"https:\/\/locabarcelona.egluu.com\/es\/alquiler-viviendas\/sants\/\">Pisos en alquiler en Sants<\/a><br \/><a href=\"https:\/\/locabarcelona.egluu.com\/es\/alquiler-viviendas\/el-putxet-i-farro\/\">Pisos en alquiler en El Putxet i Farr\u00f3<\/a><br \/><a href=\"https:\/\/locabarcelona.egluu.com\/es\/alquiler-viviendas\/las-tres-torres\/\">Pisos en alquiler en Las Tres Torres<\/a><br \/><a href=\"https:\/\/locabarcelona.egluu.com\/es\/alquiler-viviendas\/montjuic\/\">Pisos en alquiler en Montjuic\u00a0<\/a><\/span><\/p>\t\t\t\t\t\t<\/div>\n\t\t\t\t<\/div>\n\t\t\t\t\t<\/div>\n\t\t<\/div>\n\t\t\t\t<div class=\"elementor-column elementor-col-50 elementor-top-column elementor-element elementor-element-4c31feb1\" data-id=\"4c31feb1\" data-element_type=\"column\">\n\t\t\t<div class=\"elementor-widget-wrap elementor-element-populated\">\n\t\t\t\t\t\t<div class=\"elementor-element elementor-element-49f39045 elementor-widget elementor-widget-global elementor-global-446210 elementor-widget-text-editor\" data-id=\"49f39045\" data-element_type=\"widget\" data-widget_type=\"text-editor.default\">\n\t\t\t\t<div class=\"elementor-widget-container\">\n\t\t\t\t\t\t\t<p><a href=\"https:\/\/locabarcelona.egluu.com\/es\/alquiler-viviendas\/les-corts\/\">Pisos en alquiler en les Corts<\/a><br \/><span data-sheets-value=\"{\"><a href=\"https:\/\/locabarcelona.egluu.com\/es\/alquiler-viviendas\/pedralbes\/\">Pisos en alquiler en Pedralbes<\/a><br \/><a href=\"https:\/\/locabarcelona.egluu.com\/es\/alquiler-viviendas\/sarria-sant-gervasi\/\">Pisos en alquiler en Sarria Sant Gervasi<\/a><br \/><a href=\"https:\/\/locabarcelona.egluu.com\/es\/alquiler-viviendas\/sarria\/\">Pisos en alquiler en Sarria<\/a><br \/><a href=\"https:\/\/locabarcelona.egluu.com\/es\/property-for-rent\/gracia\/\">Pisos en alquiler en Gracia<\/a><br \/><a href=\"https:\/\/locabarcelona.egluu.com\/es\/alquiler-viviendas\/vila-de-gracia\/\">Pisos en alquiler en Vila de Gr\u00e0cia<\/a><br \/><a href=\"https:\/\/locabarcelona.egluu.com\/es\/alquiler-viviendas\/horta-guinardo\/\">Pisos en alquiler en Horta-Guinardo<\/a><br \/><a href=\"https:\/\/locabarcelona.egluu.com\/es\/alquiler-viviendas\/nou-barris\/\">Pisos en alquiler en Nou Barris<\/a><br \/><a href=\"https:\/\/locabarcelona.egluu.com\/es\/alquiler-viviendas\/sant-andreu\/\">Pisos en alquiler en Sant Andreu<\/a><br \/><a href=\"https:\/\/locabarcelona.egluu.com\/es\/alquiler-viviendas\/sant-marti\/\">Pisos en alquiler en Sant Mart\u00ed<\/a><br \/><a href=\"https:\/\/locabarcelona.egluu.com\/es\/alquiler-viviendas\/el-clot\/\">Pisos en alquiler en el Clot<\/a><br \/><a href=\"https:\/\/locabarcelona.egluu.com\/es\/alquiler-viviendas\/vila-olimpica-del-poblenou\/\">Pisos en La vila olimpica del Poblenou<\/a><br \/><a href=\"https:\/\/locabarcelona.egluu.com\/es\/alquiler-viviendas\/poblenou\/\">Pisos en alquiler en Poblenou<\/a><br \/><a href=\"https:\/\/locabarcelona.egluu.com\/es\/alquiler-viviendas\/diagonal-mar\/\">Pisos en alquiler en Diagonal Mar<\/a><br \/><a href=\"https:\/\/locabarcelona.egluu.com\/es\/alquiler-viviendas\/sant-gervasi-la-bonanova\/\">Pisos en alquiler en Sant gervasi \u2013 la bonanova<\/a><br \/><a href=\"https:\/\/locabarcelona.egluu.com\/es\/alquiler-viviendas\/sant-gervasi-galvany\/\">Pisos en alquiler en Sant Gervasi Galvany<\/a><br \/><a href=\"https:\/\/locabarcelona.egluu.com\/es\/alquiler-viviendas\/zona-franca\/\">Pisos en alquiler en Zona Franca<\/a><br \/><a href=\"https:\/\/locabarcelona.egluu.com\/es\/alquiler-viviendas\/sants-badal\/\">Pisos en alquiler en Sants Badal<\/a><br \/><\/span><\/p>\t\t\t\t\t\t<\/div>\n\t\t\t\t<\/div>\n\t\t\t\t\t<\/div>\n\t\t<\/div>\n\t\t\t\t\t<\/div>\n\t\t<\/section>\n\t\t\t\t<\/div>\n\t\t","protected":false},"excerpt":{"rendered":"<p>Como alquilar un piso de 2 habitaciones en Barcelona \u00a0Los pisos con 2 dormitorios en Barcelona son muy demandados por familias con ni\u00f1os, pero tambi\u00e9n por parejas que no los tienen o personas que viven solas y desean tener una habitaci\u00f3n adicional como vestidor, despacho, lugar de teletrabajo, cuarto de invitados o cualquier otra funcionalidad&#8230;<\/p>\n","protected":false},"author":344,"featured_media":0,"parent":438299,"menu_order":0,"comment_status":"closed","ping_status":"closed","template":"templates\/list-layout.php","meta":{"inline_featured_image":false,"footnotes":""},"yoast_head":"<!-- This site is optimized with the Yoast SEO Premium plugin v22.6 (Yoast SEO v22.6) - https:\/\/yoast.com\/wordpress\/plugins\/seo\/ -->\n<title>Pisos de 2 habitaciones en Barcelona | Locabarcelona<\/title>\n<meta name=\"description\" content=\"Encuentra ahora tu piso con 2 habitaciones en Barcelona! \u2600\ufe0f\u2600\ufe0f\u2600\ufe0f \u00a1Descubre nuestra selecci\u00f3n de piso con 2 dormitorios y reserva ya una visita!\" \/>\n<meta name=\"robots\" content=\"noindex, follow, max-snippet:-1, max-image-preview:large, max-video-preview:-1\" \/>\n<meta property=\"og:locale\" content=\"es_ES\" \/>\n<meta property=\"og:type\" content=\"article\" \/>\n<meta property=\"og:title\" content=\"Pisos de 2 habitaciones en Barcelona | Locabarcelona\" \/>\n<meta property=\"og:description\" content=\"Encuentra ahora tu piso con 2 habitaciones en Barcelona! \u2600\ufe0f\u2600\ufe0f\u2600\ufe0f \u00a1Descubre nuestra selecci\u00f3n de piso con 2 dormitorios y reserva ya una visita!\" \/>\n<meta property=\"og:url\" content=\"https:\/\/locabarcelona.egluu.com\/es\/alquiler-viviendas\/pisos-de-2-habitaciones-en-barcelona\/\" \/>\n<meta property=\"og:site_name\" content=\"Locabarcelona\" \/>\n<meta property=\"article:modified_time\" content=\"2023-01-18T08:57:49+00:00\" \/>\n<meta name=\"twitter:card\" content=\"summary_large_image\" \/>\n<meta name=\"twitter:label1\" content=\"Est. reading time\" \/>\n\t<meta name=\"twitter:data1\" content=\"4 minutos\" \/>\n<script type=\"application\/ld+json\" class=\"yoast-schema-graph\">{\"@context\":\"https:\/\/schema.org\",\"@graph\":[{\"@type\":\"WebPage\",\"@id\":\"https:\/\/locabarcelona.egluu.com\/es\/alquiler-viviendas\/pisos-de-2-habitaciones-en-barcelona\/\",\"url\":\"https:\/\/locabarcelona.egluu.com\/es\/alquiler-viviendas\/pisos-de-2-habitaciones-en-barcelona\/\",\"name\":\"Pisos de 2 habitaciones en Barcelona | Locabarcelona\",\"isPartOf\":{\"@id\":\"https:\/\/locabarcelona.egluu.com\/es\/#website\"},\"datePublished\":\"2023-01-18T08:53:48+00:00\",\"dateModified\":\"2023-01-18T08:57:49+00:00\",\"description\":\"Encuentra ahora tu piso con 2 habitaciones en Barcelona! \u2600\ufe0f\u2600\ufe0f\u2600\ufe0f \u00a1Descubre nuestra selecci\u00f3n de piso con 2 dormitorios y reserva ya una visita!\",\"breadcrumb\":{\"@id\":\"https:\/\/locabarcelona.egluu.com\/es\/alquiler-viviendas\/pisos-de-2-habitaciones-en-barcelona\/#breadcrumb\"},\"inLanguage\":\"es\",\"potentialAction\":[{\"@type\":\"ReadAction\",\"target\":[\"https:\/\/locabarcelona.egluu.com\/es\/alquiler-viviendas\/pisos-de-2-habitaciones-en-barcelona\/\"]}]},{\"@type\":\"BreadcrumbList\",\"@id\":\"https:\/\/locabarcelona.egluu.com\/es\/alquiler-viviendas\/pisos-de-2-habitaciones-en-barcelona\/#breadcrumb\",\"itemListElement\":[{\"@type\":\"ListItem\",\"position\":1,\"name\":\"Inicio\",\"item\":\"https:\/\/www.locabarcelona.com\/es\/home\/\"},{\"@type\":\"ListItem\",\"position\":2,\"name\":\"Agencia de alquiler Barcelona\",\"item\":\"https:\/\/www.locabarcelona.com\/es\/alquiler-viviendas\/\"},{\"@type\":\"ListItem\",\"position\":3,\"name\":\"Pisos de 2 habitaciones en Barcelona\"}]},{\"@type\":\"WebSite\",\"@id\":\"https:\/\/locabarcelona.egluu.com\/es\/#website\",\"url\":\"https:\/\/locabarcelona.egluu.com\/es\/\",\"name\":\"Loca Barcelona\",\"description\":\"Real Estate Services\",\"publisher\":{\"@id\":\"https:\/\/locabarcelona.egluu.com\/es\/#organization\"},\"potentialAction\":[{\"@type\":\"SearchAction\",\"target\":{\"@type\":\"EntryPoint\",\"urlTemplate\":\"https:\/\/locabarcelona.egluu.com\/es\/?s={search_term_string}\"},\"query-input\":\"required name=search_term_string\"}],\"inLanguage\":\"es\"},{\"@type\":\"Organization\",\"@id\":\"https:\/\/locabarcelona.egluu.com\/es\/#organization\",\"name\":\"Loca Barcelona\",\"url\":\"https:\/\/locabarcelona.egluu.com\/es\/\",\"logo\":{\"@type\":\"ImageObject\",\"inLanguage\":\"es\",\"@id\":\"https:\/\/locabarcelona.egluu.com\/es\/#\/schema\/logo\/image\/\",\"url\":\"https:\/\/locabarcelona.egluu.com\/wp-content\/uploads\/2021\/10\/logo_locabarcelona_small.png\",\"contentUrl\":\"https:\/\/locabarcelona.egluu.com\/wp-content\/uploads\/2021\/10\/logo_locabarcelona_small.png\",\"width\":250,\"height\":149,\"caption\":\"Loca Barcelona\"},\"image\":{\"@id\":\"https:\/\/locabarcelona.egluu.com\/es\/#\/schema\/logo\/image\/\"}}]}<\/script>\n<!-- \/ Yoast SEO Premium plugin. -->","yoast_head_json":{"title":"Pisos de 2 habitaciones en Barcelona | Locabarcelona","description":"Encuentra ahora tu piso con 2 habitaciones en Barcelona! \u2600\ufe0f\u2600\ufe0f\u2600\ufe0f \u00a1Descubre nuestra selecci\u00f3n de piso con 2 dormitorios y reserva ya una visita!","robots":{"index":"noindex","follow":"follow","max-snippet":"max-snippet:-1","max-image-preview":"max-image-preview:large","max-video-preview":"max-video-preview:-1"},"og_locale":"es_ES","og_type":"article","og_title":"Pisos de 2 habitaciones en Barcelona | Locabarcelona","og_description":"Encuentra ahora tu piso con 2 habitaciones en Barcelona! \u2600\ufe0f\u2600\ufe0f\u2600\ufe0f \u00a1Descubre nuestra selecci\u00f3n de piso con 2 dormitorios y reserva ya una visita!","og_url":"https:\/\/locabarcelona.egluu.com\/es\/alquiler-viviendas\/pisos-de-2-habitaciones-en-barcelona\/","og_site_name":"Locabarcelona","article_modified_time":"2023-01-18T08:57:49+00:00","twitter_card":"summary_large_image","twitter_misc":{"Est. reading time":"4 minutos"},"schema":{"@context":"https:\/\/schema.org","@graph":[{"@type":"WebPage","@id":"https:\/\/locabarcelona.egluu.com\/es\/alquiler-viviendas\/pisos-de-2-habitaciones-en-barcelona\/","url":"https:\/\/locabarcelona.egluu.com\/es\/alquiler-viviendas\/pisos-de-2-habitaciones-en-barcelona\/","name":"Pisos de 2 habitaciones en Barcelona | Locabarcelona","isPartOf":{"@id":"https:\/\/locabarcelona.egluu.com\/es\/#website"},"datePublished":"2023-01-18T08:53:48+00:00","dateModified":"2023-01-18T08:57:49+00:00","description":"Encuentra ahora tu piso con 2 habitaciones en Barcelona! \u2600\ufe0f\u2600\ufe0f\u2600\ufe0f \u00a1Descubre nuestra selecci\u00f3n de piso con 2 dormitorios y reserva ya una visita!","breadcrumb":{"@id":"https:\/\/locabarcelona.egluu.com\/es\/alquiler-viviendas\/pisos-de-2-habitaciones-en-barcelona\/#breadcrumb"},"inLanguage":"es","potentialAction":[{"@type":"ReadAction","target":["https:\/\/locabarcelona.egluu.com\/es\/alquiler-viviendas\/pisos-de-2-habitaciones-en-barcelona\/"]}]},{"@type":"BreadcrumbList","@id":"https:\/\/locabarcelona.egluu.com\/es\/alquiler-viviendas\/pisos-de-2-habitaciones-en-barcelona\/#breadcrumb","itemListElement":[{"@type":"ListItem","position":1,"name":"Inicio","item":"https:\/\/www.locabarcelona.com\/es\/home\/"},{"@type":"ListItem","position":2,"name":"Agencia de alquiler Barcelona","item":"https:\/\/www.locabarcelona.com\/es\/alquiler-viviendas\/"},{"@type":"ListItem","position":3,"name":"Pisos de 2 habitaciones en Barcelona"}]},{"@type":"WebSite","@id":"https:\/\/locabarcelona.egluu.com\/es\/#website","url":"https:\/\/locabarcelona.egluu.com\/es\/","name":"Loca Barcelona","description":"Real Estate Services","publisher":{"@id":"https:\/\/locabarcelona.egluu.com\/es\/#organization"},"potentialAction":[{"@type":"SearchAction","target":{"@type":"EntryPoint","urlTemplate":"https:\/\/locabarcelona.egluu.com\/es\/?s={search_term_string}"},"query-input":"required name=search_term_string"}],"inLanguage":"es"},{"@type":"Organization","@id":"https:\/\/locabarcelona.egluu.com\/es\/#organization","name":"Loca Barcelona","url":"https:\/\/locabarcelona.egluu.com\/es\/","logo":{"@type":"ImageObject","inLanguage":"es","@id":"https:\/\/locabarcelona.egluu.com\/es\/#\/schema\/logo\/image\/","url":"https:\/\/locabarcelona.egluu.com\/wp-content\/uploads\/2021\/10\/logo_locabarcelona_small.png","contentUrl":"https:\/\/locabarcelona.egluu.com\/wp-content\/uploads\/2021\/10\/logo_locabarcelona_small.png","width":250,"height":149,"caption":"Loca Barcelona"},"image":{"@id":"https:\/\/locabarcelona.egluu.com\/es\/#\/schema\/logo\/image\/"}}]}},"_links":{"self":[{"href":"https:\/\/locabarcelona.egluu.com\/es\/wp-json\/wp\/v2\/pages\/471100"}],"collection":[{"href":"https:\/\/locabarcelona.egluu.com\/es\/wp-json\/wp\/v2\/pages"}],"about":[{"href":"https:\/\/locabarcelona.egluu.com\/es\/wp-json\/wp\/v2\/types\/page"}],"author":[{"embeddable":true,"href":"https:\/\/locabarcelona.egluu.com\/es\/wp-json\/wp\/v2\/users\/344"}],"replies":[{"embeddable":true,"href":"https:\/\/locabarcelona.egluu.com\/es\/wp-json\/wp\/v2\/comments?post=471100"}],"version-history":[{"count":0,"href":"https:\/\/locabarcelona.egluu.com\/es\/wp-json\/wp\/v2\/pages\/471100\/revisions"}],"up":[{"embeddable":true,"href":"https:\/\/locabarcelona.egluu.com\/es\/wp-json\/wp\/v2\/pages\/438299"}],"wp:attachment":[{"href":"https:\/\/locabarcelona.egluu.com\/es\/wp-json\/wp\/v2\/media?parent=471100"}],"curies":[{"name":"wp","href":"https:\/\/api.w.org\/{rel}","templated":true}]}}