{"id":503108,"date":"2023-11-23T16:37:33","date_gmt":"2023-11-23T15:37:33","guid":{"rendered":"https:\/\/locabarcelona.egluu.com\/?page_id=503108"},"modified":"2024-01-25T10:30:03","modified_gmt":"2024-01-25T09:30:03","slug":"gracia","status":"publish","type":"page","link":"https:\/\/locabarcelona.egluu.com\/es\/alquiler-viviendas\/gracia\/","title":{"rendered":"Pisos En Alquiler En Gracia"},"content":{"rendered":"\t\t<div data-elementor-type=\"wp-page\" data-elementor-id=\"503108\" class=\"elementor elementor-503108 elementor-438310\" data-elementor-post-type=\"page\">\n\t\t\t\t\t\t<section class=\"elementor-section elementor-top-section elementor-element elementor-element-1f42b331 elementor-section-boxed elementor-section-height-default elementor-section-height-default\" data-id=\"1f42b331\" data-element_type=\"section\">\n\t\t\t\t\t\t<div class=\"elementor-container elementor-column-gap-default\">\n\t\t\t\t\t<div class=\"elementor-column elementor-col-100 elementor-top-column elementor-element elementor-element-1f302d72\" data-id=\"1f302d72\" data-element_type=\"column\">\n\t\t\t<div class=\"elementor-widget-wrap elementor-element-populated\">\n\t\t\t\t\t\t<div class=\"elementor-element elementor-element-19dabd9a elementor-widget elementor-widget-text-editor\" data-id=\"19dabd9a\" data-element_type=\"widget\" data-widget_type=\"text-editor.default\">\n\t\t\t\t<div class=\"elementor-widget-container\">\n\t\t\t\t\t\t\t<h2>\u00bfPor qu\u00e9 deber\u00edas alquilar un piso en Gr\u00e0cia?<\/h2><p><a href=\"https:\/\/locabarcelona.egluu.com\/es\/\">Loca Barcelona<\/a> te ofrece una amplia variedad de <strong>apartamentos en alquiler en Gr\u00e0cia<\/strong>, luminosos apartamentos renovados, que se funden con el ambiente de la zona, al tiempo que ofrecen todo el lujo del confort moderno. Los pisos de Gr\u00e0cia son conocidos por su encanto y sus apartamentos familiares. En este barrio tambi\u00e9n se pueden encontrar lofts, pisos altos y apartamentos con terraza o balc\u00f3n. \u00a1Echa un vistazo a nuestros <a href=\"https:\/\/locabarcelona.egluu.com\/es\/alquilar-un-piso-en-barcelona\/\">pisos en alquiler<\/a> en Gr\u00e0cia!<\/p><h2>Un barrio c\u00e1lido y acogedor<\/h2><p>Esta es una de las zonas m\u00e1s populares de la ciudad gracias a una mezcla de residentes. Aqu\u00ed, los nuevos residentes, bohemios y alternativos, se mezclan con los locales que han vivido aqu\u00ed durante generaciones.<\/p><p>Si tienes la suerte de estar en Gr\u00e0cia en agosto, te recomendamos participar en la famosa fiesta de Gr\u00e0cia, donde podr\u00e1s conocer a tus vecinos en un ambiente c\u00e1lido. Durante este evento, los vecinos decoran las calles seg\u00fan un tema \u00fanico, mientras la m\u00fasica resuena por todo el barrio. Es un barrio acogedor, que te sumergir\u00e1 en el estilo de vida mediterr\u00e1neo.<\/p><p>Encontrar\u00e1s la misma diversidad en la amplia gama de tiendas de la zona. No s\u00f3lo hay muchas tiendas org\u00e1nicas, sino tambi\u00e9n panader\u00edas tradicionales, tiendas culturales e independientes situadas cerca de tu apartamento de Barcelona. Tambi\u00e9n podr\u00e1s disfrutar de sus mercados locales, como el Mercat de l&#8217;Abaceria Central, que extas\u00eda los sentidos con sus colores y olores.<\/p><h2>Alquilar un apartamento en Gracia para familias<\/h2><p>Gr\u00e0cia es una zona ideal para familias, con una amplia oferta de apartamentos de 4 y 5 dormitorios con terrazas y jardines comunitarios. Adem\u00e1s, la zona es muy tranquila en comparaci\u00f3n con el centro hist\u00f3rico de <a href=\"https:\/\/locabarcelona.egluu.com\/es\/alquiler-viviendas\/ciutat-vella\/\">Ciutat Vella<\/a>, y est\u00e1 especialmente bien comunicada por transporte.<\/p><p>Sus encantadoras plazas, caf\u00e9s y restaurantes tambi\u00e9n lo convierten en el lugar ideal para que los j\u00f3venes se relajen tomando un caf\u00e9 o una copa de vermut. Gr\u00e0cia es sin duda una de las mejores zonas para <strong>alquilar un piso en Barcelona<\/strong>, tanto para familias como para j\u00f3venes profesionales que buscan mudarse a Barcelona <a href=\"https:\/\/locabarcelona.egluu.com\/es\/property-status\/alquiler-de-temporada\/\">por unos meses<\/a>, a\u00f1os o indefinidamente.<\/p><h2>Vivir en un piso en Gran de Gr\u00e0cia: \u00bfqu\u00e9 ventajas tiene?<\/h2><p>Situado en el norte de Barcelona, Gr\u00e0cia destaca no s\u00f3lo por su estilo de vida tranquilo y atractivo, sino tambi\u00e9n por sus famosos monumentos hist\u00f3ricos repartidos por todo el distrito. Entre ellos destacan el famoso <strong>Park G\u00fcell y la Casa Vicens de Gaud\u00ed,<\/strong> as\u00ed como la <strong>Casa Comalat<\/strong> construida por Salvador Valeri i Pupurull. Adem\u00e1s, m\u00e1s all\u00e1 de sus monumentos, muchas de las calles de la zona est\u00e1n inspiradas en el estilo modernista del siglo XIX, lo que hace que el barrio sea realmente \u00fanico.<\/p><p><strong>Alquilar un piso en Gracia con terraza<\/strong> es una idea magnifica, tanto si tu estancia en Barcelona es para unos d\u00edas, meses o <a href=\"https:\/\/locabarcelona.egluu.com\/es\/property-status\/alquiler-larga-estancia\/\">incluso a\u00f1os<\/a>. Te invitamos a echar un vistazo a nuestras oportunidades de <strong>alquiler en Gr\u00e0cia<\/strong> para ver en qu\u00e9 fant\u00e1stico apartamentos podr\u00eda estar viviendo. Nuestra selecci\u00f3n de alquileres es muy variada, desde los pisos m\u00e1s altos hasta los apartamentos m\u00e1s grandes de 4 dormitorios. En Loca Barcelona, te ayudamos a encontrar el apartamento perfecto.<\/p><p>La zona est\u00e1 formada por 5 barrios: <a href=\"https:\/\/locabarcelona.egluu.com\/es\/alquiler-viviendas\/vila-de-gracia\/\">Vila de Gr\u00e0cia<\/a>, Camp d&#8217;en Grassot I Gr\u00e0cia Nova, La Salut, Vallcarca I els Penitents y El Coll.<\/p><p>Aunque algunos turistas se aventuran en el barrio de Gr\u00e0cia s\u00f3lo para visitar el Parc G\u00fcell, la zona sigue siendo relativamente desconocida para los extranjeros. La <strong>calma y la belleza de Gr\u00e0cia<\/strong> han inspirado a muchos artesanos y artistas del distrito. Vivir en una de las maravillosas plazas de Gr\u00e0cia, que parecen sacadas de una pel\u00edcula, puede ser justo lo que est\u00e1 buscando.<\/p>\t\t\t\t\t\t<\/div>\n\t\t\t\t<\/div>\n\t\t\t\t\t<\/div>\n\t\t<\/div>\n\t\t\t\t\t<\/div>\n\t\t<\/section>\n\t\t\t\t<section class=\"elementor-section elementor-top-section elementor-element elementor-element-74d27cc elementor-section-boxed elementor-section-height-default elementor-section-height-default\" data-id=\"74d27cc\" data-element_type=\"section\">\n\t\t\t\t\t\t<div class=\"elementor-container elementor-column-gap-default\">\n\t\t\t\t\t<div class=\"elementor-column elementor-col-100 elementor-top-column elementor-element elementor-element-f9431c5\" data-id=\"f9431c5\" data-element_type=\"column\">\n\t\t\t<div class=\"elementor-widget-wrap elementor-element-populated\">\n\t\t\t\t\t\t<div class=\"elementor-element elementor-element-b2f8abc elementor-widget elementor-widget-heading\" data-id=\"b2f8abc\" data-element_type=\"widget\" data-widget_type=\"heading.default\">\n\t\t\t\t<div class=\"elementor-widget-container\">\n\t\t\t<h2 class=\"elementor-heading-title elementor-size-default\">B\u00fasquedas frecuentes:<\/h2>\t\t<\/div>\n\t\t\t\t<\/div>\n\t\t\t\t\t<\/div>\n\t\t<\/div>\n\t\t\t\t\t<\/div>\n\t\t<\/section>\n\t\t\t\t<section class=\"elementor-section elementor-top-section elementor-element elementor-element-6c58a124 elementor-section-boxed elementor-section-height-default elementor-section-height-default\" data-id=\"6c58a124\" data-element_type=\"section\">\n\t\t\t\t\t\t<div class=\"elementor-container elementor-column-gap-default\">\n\t\t\t\t\t<div class=\"elementor-column elementor-col-50 elementor-top-column elementor-element elementor-element-60f322e\" data-id=\"60f322e\" data-element_type=\"column\">\n\t\t\t<div class=\"elementor-widget-wrap elementor-element-populated\">\n\t\t\t\t\t\t<div class=\"elementor-element elementor-element-f86058d elementor-widget elementor-widget-text-editor\" data-id=\"f86058d\" data-element_type=\"widget\" data-widget_type=\"text-editor.default\">\n\t\t\t\t<div class=\"elementor-widget-container\">\n\t\t\t\t\t\t\t<p><a href=\"https:\/\/locabarcelona.egluu.com\/es\/alquiler-viviendas\/pisos-estudiantes-barcelona\/\" target=\"_blank\" rel=\"noopener\">Pisos estudiantes<\/a><\/p><p><a href=\"https:\/\/locabarcelona.egluu.com\/es\/tipo-de-servicio\/compartir-piso-barcelona\/\" target=\"_blank\" rel=\"noopener\">Piso para compartir<\/a><\/p><p><a href=\"https:\/\/locabarcelona.egluu.com\/es\/property-feature\/caracteristicas\/pisos-amueblados\/\">Pisos alquiler amueblados<\/a><\/p><p><a href=\"https:\/\/locabarcelona.egluu.com\/es\/alquiler-viviendas\/estudio-barcelona\/\">Estudio alquiler<\/a><\/p>\t\t\t\t\t\t<\/div>\n\t\t\t\t<\/div>\n\t\t\t\t\t<\/div>\n\t\t<\/div>\n\t\t\t\t<div class=\"elementor-column elementor-col-50 elementor-top-column elementor-element elementor-element-3c8ef9b7\" data-id=\"3c8ef9b7\" data-element_type=\"column\">\n\t\t\t<div class=\"elementor-widget-wrap elementor-element-populated\">\n\t\t\t\t\t\t<div class=\"elementor-element elementor-element-e697cdb elementor-widget elementor-widget-text-editor\" data-id=\"e697cdb\" data-element_type=\"widget\" data-widget_type=\"text-editor.default\">\n\t\t\t\t<div class=\"elementor-widget-container\">\n\t\t\t\t\t\t\t<p><a href=\"https:\/\/locabarcelona.egluu.com\/es\/alquiler-viviendas\/piso-con-terraza-barcelona\/\">Piso con terraza<\/a><\/p><p><a href=\"https:\/\/locabarcelona.egluu.com\/es\/alquiler-viviendas\/atico-en-barcelona\/\">Piso \u00e1tico<\/a><\/p><p><a href=\"https:\/\/locabarcelona.egluu.com\/es\/alquiler-viviendas\/pisos-de-2-habitaciones-en-barcelona\/\">Pisos de 2 habitaciones<\/a><\/p><p><a href=\"https:\/\/locabarcelona.egluu.com\/es\/alquiler-viviendas\/pisos-de-3-habitaciones-en-barcelona\/\">Pisos de 3 habitaciones<\/a><\/p>\t\t\t\t\t\t<\/div>\n\t\t\t\t<\/div>\n\t\t\t\t\t<\/div>\n\t\t<\/div>\n\t\t\t\t\t<\/div>\n\t\t<\/section>\n\t\t\t\t<section class=\"elementor-section elementor-top-section elementor-element elementor-element-74907c0 elementor-section-boxed elementor-section-height-default elementor-section-height-default\" data-id=\"74907c0\" data-element_type=\"section\">\n\t\t\t\t\t\t<div class=\"elementor-container elementor-column-gap-default\">\n\t\t\t\t\t<div class=\"elementor-column elementor-col-100 elementor-top-column elementor-element elementor-element-ba48e57\" data-id=\"ba48e57\" data-element_type=\"column\">\n\t\t\t<div class=\"elementor-widget-wrap elementor-element-populated\">\n\t\t\t\t\t\t<div class=\"elementor-element elementor-element-d12d10a elementor-widget elementor-widget-heading\" data-id=\"d12d10a\" data-element_type=\"widget\" data-widget_type=\"heading.default\">\n\t\t\t\t<div class=\"elementor-widget-container\">\n\t\t\t<h2 class=\"elementor-heading-title elementor-size-default\">Pisos en alquiler por distritos <\/h2>\t\t<\/div>\n\t\t\t\t<\/div>\n\t\t\t\t\t<\/div>\n\t\t<\/div>\n\t\t\t\t\t<\/div>\n\t\t<\/section>\n\t\t\t\t<section class=\"elementor-section elementor-top-section elementor-element elementor-element-5f45a5c elementor-section-boxed elementor-section-height-default elementor-section-height-default\" data-id=\"5f45a5c\" data-element_type=\"section\">\n\t\t\t\t\t\t<div class=\"elementor-container elementor-column-gap-default\">\n\t\t\t\t\t<div class=\"elementor-column elementor-col-50 elementor-top-column elementor-element elementor-element-ee3c16e\" data-id=\"ee3c16e\" data-element_type=\"column\">\n\t\t\t<div class=\"elementor-widget-wrap elementor-element-populated\">\n\t\t\t\t\t\t<div class=\"elementor-element elementor-element-c12cdce elementor-widget elementor-widget-global elementor-global-446206 elementor-widget-text-editor\" data-id=\"c12cdce\" data-element_type=\"widget\" data-widget_type=\"text-editor.default\">\n\t\t\t\t<div class=\"elementor-widget-container\">\n\t\t\t\t\t\t\t<p><span data-sheets-value=\"{\"><a href=\"https:\/\/locabarcelona.egluu.com\/es\/alquiler-viviendas\/el-eixample\/\">Pisos en alquiler en l&#8217;Eixample<\/a><br \/><a href=\"https:\/\/locabarcelona.egluu.com\/es\/alquiler-viviendas\/eixample-dreta\/\">Pisos en alquiler en Eixample Dreta<\/a><br \/><a href=\"https:\/\/locabarcelona.egluu.com\/es\/alquiler-viviendas\/antiga-esquerra-eixample\/\">Pisos en Antiga Esquerra de l&#8217;Eixample<\/a><br \/><\/span><span data-sheets-value=\"{\"><a href=\"https:\/\/locabarcelona.egluu.com\/es\/alquiler-viviendas\/nova-esquerra-eixample\/\">Pisos en Nova Esquerra de l&#8217;Eixample<\/a><br \/><a href=\"https:\/\/locabarcelona.egluu.com\/es\/alquiler-viviendas\/fort-pienc\/\">Pisos en alquiler en Fort Pienc<\/a><br \/><a href=\"https:\/\/locabarcelona.egluu.com\/es\/alquiler-viviendas\/eixample\/sagrada-familia\/\">Pisos en alquiler en Sagrada Familia<\/a><br \/><a href=\"https:\/\/locabarcelona.egluu.com\/es\/alquiler-viviendas\/eixample\/sant-antoni\/\">Pisos en alquiler en Sant antoni<\/a><br \/><a href=\"https:\/\/locabarcelona.egluu.com\/es\/alquiler-viviendas\/ciutat-vella\/\">Pisos en alquiler en Ciutat Vella<\/a><br \/><a href=\"https:\/\/locabarcelona.egluu.com\/es\/alquiler-viviendas\/el-gotico\/\">Pisos en alquiler en el Gotico<\/a><br \/><a href=\"https:\/\/locabarcelona.egluu.com\/es\/alquiler-viviendas\/raval\/\">Pisos en alquiler en el Raval<\/a><br \/><a href=\"https:\/\/locabarcelona.egluu.com\/es\/alquiler-viviendas\/el-born\/\">Pisos en alquiler en el Born<\/a><br \/><a href=\"https:\/\/locabarcelona.egluu.com\/es\/alquiler-viviendas\/barceloneta\/\">Pisos en alquiler en Barceloneta<\/a><br \/><a href=\"https:\/\/locabarcelona.egluu.com\/es\/alquiler-viviendas\/sants-montjuic\/\">Pisos en alquiler en Sants-Montju\u00efc<\/a><br \/><a href=\"https:\/\/locabarcelona.egluu.com\/es\/alquiler-viviendas\/poble-sec\/\">Pisos en alquiler en Poble Sec<\/a><br \/><a href=\"https:\/\/locabarcelona.egluu.com\/es\/alquiler-viviendas\/sants\/\">Pisos en alquiler en Sants<\/a><br \/><a href=\"https:\/\/locabarcelona.egluu.com\/es\/alquiler-viviendas\/el-putxet-i-farro\/\">Pisos en alquiler en El Putxet i Farr\u00f3<\/a><br \/><a href=\"https:\/\/locabarcelona.egluu.com\/es\/alquiler-viviendas\/las-tres-torres\/\">Pisos en alquiler en Las Tres Torres<\/a><br \/><a href=\"https:\/\/locabarcelona.egluu.com\/es\/alquiler-viviendas\/montjuic\/\">Pisos en alquiler en Montjuic\u00a0<\/a><\/span><\/p>\t\t\t\t\t\t<\/div>\n\t\t\t\t<\/div>\n\t\t\t\t\t<\/div>\n\t\t<\/div>\n\t\t\t\t<div class=\"elementor-column elementor-col-50 elementor-top-column elementor-element elementor-element-a2dae51\" data-id=\"a2dae51\" data-element_type=\"column\">\n\t\t\t<div class=\"elementor-widget-wrap elementor-element-populated\">\n\t\t\t\t\t\t<div class=\"elementor-element elementor-element-c586114 elementor-widget elementor-widget-global elementor-global-446210 elementor-widget-text-editor\" data-id=\"c586114\" data-element_type=\"widget\" data-widget_type=\"text-editor.default\">\n\t\t\t\t<div class=\"elementor-widget-container\">\n\t\t\t\t\t\t\t<p><a href=\"https:\/\/locabarcelona.egluu.com\/es\/alquiler-viviendas\/les-corts\/\">Pisos en alquiler en les Corts<\/a><br \/><span data-sheets-value=\"{\"><a href=\"https:\/\/locabarcelona.egluu.com\/es\/alquiler-viviendas\/pedralbes\/\">Pisos en alquiler en Pedralbes<\/a><br \/><a href=\"https:\/\/locabarcelona.egluu.com\/es\/alquiler-viviendas\/sarria-sant-gervasi\/\">Pisos en alquiler en Sarria Sant Gervasi<\/a><br \/><a href=\"https:\/\/locabarcelona.egluu.com\/es\/alquiler-viviendas\/sarria\/\">Pisos en alquiler en Sarria<\/a><br \/><a href=\"https:\/\/locabarcelona.egluu.com\/es\/property-for-rent\/gracia\/\">Pisos en alquiler en Gracia<\/a><br \/><a href=\"https:\/\/locabarcelona.egluu.com\/es\/alquiler-viviendas\/vila-de-gracia\/\">Pisos en alquiler en Vila de Gr\u00e0cia<\/a><br \/><a href=\"https:\/\/locabarcelona.egluu.com\/es\/alquiler-viviendas\/horta-guinardo\/\">Pisos en alquiler en Horta-Guinardo<\/a><br \/><a href=\"https:\/\/locabarcelona.egluu.com\/es\/alquiler-viviendas\/nou-barris\/\">Pisos en alquiler en Nou Barris<\/a><br \/><a href=\"https:\/\/locabarcelona.egluu.com\/es\/alquiler-viviendas\/sant-andreu\/\">Pisos en alquiler en Sant Andreu<\/a><br \/><a href=\"https:\/\/locabarcelona.egluu.com\/es\/alquiler-viviendas\/sant-marti\/\">Pisos en alquiler en Sant Mart\u00ed<\/a><br \/><a href=\"https:\/\/locabarcelona.egluu.com\/es\/alquiler-viviendas\/el-clot\/\">Pisos en alquiler en el Clot<\/a><br \/><a href=\"https:\/\/locabarcelona.egluu.com\/es\/alquiler-viviendas\/vila-olimpica-del-poblenou\/\">Pisos en La vila olimpica del Poblenou<\/a><br \/><a href=\"https:\/\/locabarcelona.egluu.com\/es\/alquiler-viviendas\/poblenou\/\">Pisos en alquiler en Poblenou<\/a><br \/><a href=\"https:\/\/locabarcelona.egluu.com\/es\/alquiler-viviendas\/diagonal-mar\/\">Pisos en alquiler en Diagonal Mar<\/a><br \/><a href=\"https:\/\/locabarcelona.egluu.com\/es\/alquiler-viviendas\/sant-gervasi-la-bonanova\/\">Pisos en alquiler en Sant gervasi \u2013 la bonanova<\/a><br \/><a href=\"https:\/\/locabarcelona.egluu.com\/es\/alquiler-viviendas\/sant-gervasi-galvany\/\">Pisos en alquiler en Sant Gervasi Galvany<\/a><br \/><a href=\"https:\/\/locabarcelona.egluu.com\/es\/alquiler-viviendas\/zona-franca\/\">Pisos en alquiler en Zona Franca<\/a><br \/><a href=\"https:\/\/locabarcelona.egluu.com\/es\/alquiler-viviendas\/sants-badal\/\">Pisos en alquiler en Sants Badal<\/a><br \/><\/span><\/p>\t\t\t\t\t\t<\/div>\n\t\t\t\t<\/div>\n\t\t\t\t\t<\/div>\n\t\t<\/div>\n\t\t\t\t\t<\/div>\n\t\t<\/section>\n\t\t\t\t<\/div>\n\t\t","protected":false},"excerpt":{"rendered":"<p>\u00bfPor qu\u00e9 deber\u00edas alquilar un piso en Gr\u00e0cia? Loca Barcelona te ofrece una amplia variedad de apartamentos en alquiler en Gr\u00e0cia, luminosos apartamentos renovados, que se funden con el ambiente de la zona, al tiempo que ofrecen todo el lujo del confort moderno. Los pisos de Gr\u00e0cia son conocidos por su encanto y sus apartamentos&#8230;<\/p>\n","protected":false},"author":344,"featured_media":0,"parent":438299,"menu_order":0,"comment_status":"closed","ping_status":"closed","template":"templates\/list-layout.php","meta":{"inline_featured_image":false,"footnotes":""},"yoast_head":"<!-- This site is optimized with the Yoast SEO Premium plugin v22.6 (Yoast SEO v22.6) - https:\/\/yoast.com\/wordpress\/plugins\/seo\/ -->\n<title>Pisos En Alquiler En Gracia Barcelona | Loca Barcelona<\/title>\n<meta name=\"description\" content=\"Explora los pisos en alquiler en Gracia con Loca Barcelona. \u00a1Encuentra tu apartamento ideal en este acogedor barrio de Barcelona! Empieza tu b\u00fasqueda ahora.\" \/>\n<meta name=\"robots\" content=\"noindex, follow, max-snippet:-1, max-image-preview:large, max-video-preview:-1\" \/>\n<meta property=\"og:locale\" content=\"es_ES\" \/>\n<meta property=\"og:type\" content=\"article\" \/>\n<meta property=\"og:title\" content=\"Pisos En Alquiler En Gracia Barcelona | Loca Barcelona\" \/>\n<meta property=\"og:description\" content=\"Explora los pisos en alquiler en Gracia con Loca Barcelona. \u00a1Encuentra tu apartamento ideal en este acogedor barrio de Barcelona! Empieza tu b\u00fasqueda ahora.\" \/>\n<meta property=\"og:url\" content=\"https:\/\/locabarcelona.egluu.com\/es\/alquiler-viviendas\/gracia\/\" \/>\n<meta property=\"og:site_name\" content=\"Locabarcelona\" \/>\n<meta property=\"article:modified_time\" content=\"2024-01-25T09:30:03+00:00\" \/>\n<meta name=\"twitter:card\" content=\"summary_large_image\" \/>\n<meta name=\"twitter:label1\" content=\"Est. reading time\" \/>\n\t<meta name=\"twitter:data1\" content=\"4 minutos\" \/>\n<script type=\"application\/ld+json\" class=\"yoast-schema-graph\">{\"@context\":\"https:\/\/schema.org\",\"@graph\":[{\"@type\":\"WebPage\",\"@id\":\"https:\/\/locabarcelona.egluu.com\/es\/alquiler-viviendas\/gracia\/\",\"url\":\"https:\/\/locabarcelona.egluu.com\/es\/alquiler-viviendas\/gracia\/\",\"name\":\"Pisos En Alquiler En Gracia Barcelona | Loca Barcelona\",\"isPartOf\":{\"@id\":\"https:\/\/locabarcelona.egluu.com\/es\/#website\"},\"datePublished\":\"2023-11-23T15:37:33+00:00\",\"dateModified\":\"2024-01-25T09:30:03+00:00\",\"description\":\"Explora los pisos en alquiler en Gracia con Loca Barcelona. \u00a1Encuentra tu apartamento ideal en este acogedor barrio de Barcelona! Empieza tu b\u00fasqueda ahora.\",\"breadcrumb\":{\"@id\":\"https:\/\/locabarcelona.egluu.com\/es\/alquiler-viviendas\/gracia\/#breadcrumb\"},\"inLanguage\":\"es\",\"potentialAction\":[{\"@type\":\"ReadAction\",\"target\":[\"https:\/\/locabarcelona.egluu.com\/es\/alquiler-viviendas\/gracia\/\"]}]},{\"@type\":\"BreadcrumbList\",\"@id\":\"https:\/\/locabarcelona.egluu.com\/es\/alquiler-viviendas\/gracia\/#breadcrumb\",\"itemListElement\":[{\"@type\":\"ListItem\",\"position\":1,\"name\":\"Inicio\",\"item\":\"https:\/\/www.locabarcelona.com\/es\/home\/\"},{\"@type\":\"ListItem\",\"position\":2,\"name\":\"Agencia de alquiler Barcelona\",\"item\":\"https:\/\/www.locabarcelona.com\/es\/alquiler-viviendas\/\"},{\"@type\":\"ListItem\",\"position\":3,\"name\":\"Pisos En Alquiler En Gracia\"}]},{\"@type\":\"WebSite\",\"@id\":\"https:\/\/locabarcelona.egluu.com\/es\/#website\",\"url\":\"https:\/\/locabarcelona.egluu.com\/es\/\",\"name\":\"Loca Barcelona\",\"description\":\"Real Estate Services\",\"publisher\":{\"@id\":\"https:\/\/locabarcelona.egluu.com\/es\/#organization\"},\"potentialAction\":[{\"@type\":\"SearchAction\",\"target\":{\"@type\":\"EntryPoint\",\"urlTemplate\":\"https:\/\/locabarcelona.egluu.com\/es\/?s={search_term_string}\"},\"query-input\":\"required name=search_term_string\"}],\"inLanguage\":\"es\"},{\"@type\":\"Organization\",\"@id\":\"https:\/\/locabarcelona.egluu.com\/es\/#organization\",\"name\":\"Loca Barcelona\",\"url\":\"https:\/\/locabarcelona.egluu.com\/es\/\",\"logo\":{\"@type\":\"ImageObject\",\"inLanguage\":\"es\",\"@id\":\"https:\/\/locabarcelona.egluu.com\/es\/#\/schema\/logo\/image\/\",\"url\":\"https:\/\/locabarcelona.egluu.com\/wp-content\/uploads\/2021\/10\/logo_locabarcelona_small.png\",\"contentUrl\":\"https:\/\/locabarcelona.egluu.com\/wp-content\/uploads\/2021\/10\/logo_locabarcelona_small.png\",\"width\":250,\"height\":149,\"caption\":\"Loca Barcelona\"},\"image\":{\"@id\":\"https:\/\/locabarcelona.egluu.com\/es\/#\/schema\/logo\/image\/\"}}]}<\/script>\n<!-- \/ Yoast SEO Premium plugin. -->","yoast_head_json":{"title":"Pisos En Alquiler En Gracia Barcelona | Loca Barcelona","description":"Explora los pisos en alquiler en Gracia con Loca Barcelona. \u00a1Encuentra tu apartamento ideal en este acogedor barrio de Barcelona! Empieza tu b\u00fasqueda ahora.","robots":{"index":"noindex","follow":"follow","max-snippet":"max-snippet:-1","max-image-preview":"max-image-preview:large","max-video-preview":"max-video-preview:-1"},"og_locale":"es_ES","og_type":"article","og_title":"Pisos En Alquiler En Gracia Barcelona | Loca Barcelona","og_description":"Explora los pisos en alquiler en Gracia con Loca Barcelona. \u00a1Encuentra tu apartamento ideal en este acogedor barrio de Barcelona! Empieza tu b\u00fasqueda ahora.","og_url":"https:\/\/locabarcelona.egluu.com\/es\/alquiler-viviendas\/gracia\/","og_site_name":"Locabarcelona","article_modified_time":"2024-01-25T09:30:03+00:00","twitter_card":"summary_large_image","twitter_misc":{"Est. reading time":"4 minutos"},"schema":{"@context":"https:\/\/schema.org","@graph":[{"@type":"WebPage","@id":"https:\/\/locabarcelona.egluu.com\/es\/alquiler-viviendas\/gracia\/","url":"https:\/\/locabarcelona.egluu.com\/es\/alquiler-viviendas\/gracia\/","name":"Pisos En Alquiler En Gracia Barcelona | Loca Barcelona","isPartOf":{"@id":"https:\/\/locabarcelona.egluu.com\/es\/#website"},"datePublished":"2023-11-23T15:37:33+00:00","dateModified":"2024-01-25T09:30:03+00:00","description":"Explora los pisos en alquiler en Gracia con Loca Barcelona. \u00a1Encuentra tu apartamento ideal en este acogedor barrio de Barcelona! Empieza tu b\u00fasqueda ahora.","breadcrumb":{"@id":"https:\/\/locabarcelona.egluu.com\/es\/alquiler-viviendas\/gracia\/#breadcrumb"},"inLanguage":"es","potentialAction":[{"@type":"ReadAction","target":["https:\/\/locabarcelona.egluu.com\/es\/alquiler-viviendas\/gracia\/"]}]},{"@type":"BreadcrumbList","@id":"https:\/\/locabarcelona.egluu.com\/es\/alquiler-viviendas\/gracia\/#breadcrumb","itemListElement":[{"@type":"ListItem","position":1,"name":"Inicio","item":"https:\/\/www.locabarcelona.com\/es\/home\/"},{"@type":"ListItem","position":2,"name":"Agencia de alquiler Barcelona","item":"https:\/\/www.locabarcelona.com\/es\/alquiler-viviendas\/"},{"@type":"ListItem","position":3,"name":"Pisos En Alquiler En Gracia"}]},{"@type":"WebSite","@id":"https:\/\/locabarcelona.egluu.com\/es\/#website","url":"https:\/\/locabarcelona.egluu.com\/es\/","name":"Loca Barcelona","description":"Real Estate Services","publisher":{"@id":"https:\/\/locabarcelona.egluu.com\/es\/#organization"},"potentialAction":[{"@type":"SearchAction","target":{"@type":"EntryPoint","urlTemplate":"https:\/\/locabarcelona.egluu.com\/es\/?s={search_term_string}"},"query-input":"required name=search_term_string"}],"inLanguage":"es"},{"@type":"Organization","@id":"https:\/\/locabarcelona.egluu.com\/es\/#organization","name":"Loca Barcelona","url":"https:\/\/locabarcelona.egluu.com\/es\/","logo":{"@type":"ImageObject","inLanguage":"es","@id":"https:\/\/locabarcelona.egluu.com\/es\/#\/schema\/logo\/image\/","url":"https:\/\/locabarcelona.egluu.com\/wp-content\/uploads\/2021\/10\/logo_locabarcelona_small.png","contentUrl":"https:\/\/locabarcelona.egluu.com\/wp-content\/uploads\/2021\/10\/logo_locabarcelona_small.png","width":250,"height":149,"caption":"Loca Barcelona"},"image":{"@id":"https:\/\/locabarcelona.egluu.com\/es\/#\/schema\/logo\/image\/"}}]}},"_links":{"self":[{"href":"https:\/\/locabarcelona.egluu.com\/es\/wp-json\/wp\/v2\/pages\/503108"}],"collection":[{"href":"https:\/\/locabarcelona.egluu.com\/es\/wp-json\/wp\/v2\/pages"}],"about":[{"href":"https:\/\/locabarcelona.egluu.com\/es\/wp-json\/wp\/v2\/types\/page"}],"author":[{"embeddable":true,"href":"https:\/\/locabarcelona.egluu.com\/es\/wp-json\/wp\/v2\/users\/344"}],"replies":[{"embeddable":true,"href":"https:\/\/locabarcelona.egluu.com\/es\/wp-json\/wp\/v2\/comments?post=503108"}],"version-history":[{"count":0,"href":"https:\/\/locabarcelona.egluu.com\/es\/wp-json\/wp\/v2\/pages\/503108\/revisions"}],"up":[{"embeddable":true,"href":"https:\/\/locabarcelona.egluu.com\/es\/wp-json\/wp\/v2\/pages\/438299"}],"wp:attachment":[{"href":"https:\/\/locabarcelona.egluu.com\/es\/wp-json\/wp\/v2\/media?parent=503108"}],"curies":[{"name":"wp","href":"https:\/\/api.w.org\/{rel}","templated":true}]}}