{"id":521640,"date":"2024-04-03T12:32:45","date_gmt":"2024-04-03T10:32:45","guid":{"rendered":"https:\/\/locabarcelona.egluu.com\/?page_id=521640"},"modified":"2024-04-23T18:05:00","modified_gmt":"2024-04-23T16:05:00","slug":"horta-guinardo","status":"publish","type":"page","link":"https:\/\/locabarcelona.egluu.com\/es\/venta-de-pisos-barcelona\/horta-guinardo\/","title":{"rendered":"Pisos en venta en Horta-Guinard\u00f3"},"content":{"rendered":"\t\t<div data-elementor-type=\"wp-page\" data-elementor-id=\"521640\" class=\"elementor elementor-521640\" data-elementor-post-type=\"page\">\n\t\t\t\t\t\t<section class=\"elementor-section elementor-top-section elementor-element elementor-element-2fd2862a elementor-section-boxed elementor-section-height-default elementor-section-height-default\" data-id=\"2fd2862a\" data-element_type=\"section\">\n\t\t\t\t\t\t<div class=\"elementor-container elementor-column-gap-default\">\n\t\t\t\t\t<div class=\"elementor-column elementor-col-100 elementor-top-column elementor-element elementor-element-a3df5d7\" data-id=\"a3df5d7\" data-element_type=\"column\">\n\t\t\t<div class=\"elementor-widget-wrap elementor-element-populated\">\n\t\t\t\t\t\t<div class=\"elementor-element elementor-element-398c8d46 elementor-widget elementor-widget-text-editor\" data-id=\"398c8d46\" data-element_type=\"widget\" data-widget_type=\"text-editor.default\">\n\t\t\t\t<div class=\"elementor-widget-container\">\n\t\t\t\t\t\t\t<h2>\u00bfPor qu\u00e9 deber\u00edas comprar un piso en Horta-Guinard\u00f3?<\/h2><p>La compra de un piso en Horta-Guinard\u00f3 ofrece una experiencia de vida tranquila y familiar en Barcelona. Este distrito es conocido por su ambiente residencial, con amplias zonas verdes, parques y una variedad de servicios para familias.<\/p><p><br \/>Si est\u00e1s pensando en <a href=\"https:\/\/locabarcelona.egluu.com\/es\/vivir-barcelona\/horta-guinardo\/\">vivir en Horta-Guinard\u00f3<\/a> debes saber que es el sitio ideal para las familias que buscan establecerse en un entorno tranquilo y bien conectado. Con numerosas escuelas y \u00e1reas residenciales, este barrio es especialmente atractivo para aquellos que desean criar a sus hijos en un entorno seguro y con acceso a espacios al aire libre.<\/p><p><br \/>Adem\u00e1s de las familias, Horta-Guinard\u00f3 tambi\u00e9n atrae a expatriados y profesionales que valoran su ubicaci\u00f3n estrat\u00e9gica. Al estar m\u00e1s cerca del aeropuerto que otras zonas de la ciudad, este distrito es popular entre aquellos que necesitan viajar con frecuencia por trabajo o placer.<\/p><h2>Comprar un piso en Horta-Guinard\u00f3 es f\u00e1cil con Loca Barcelona<\/h2><p>\u00a0<\/p><p><a href=\"https:\/\/locabarcelona.egluu.com\/es\">En Loca Barcelona<\/a>, entendemos la importancia de encontrar la vivienda perfecta en Horta-Guinard\u00f3, y estamos aqu\u00ed para hacer que ese proceso sea lo m\u00e1s sencillo posible. Nuestro equipo de expertos en el mercado inmobiliario local se compromete a proporcionarte toda la asistencia que necesites, desde la exploraci\u00f3n de las opciones disponibles hasta la finalizaci\u00f3n de la transacci\u00f3n. Conocemos cada rinc\u00f3n de este vibrante distrito y podemos ofrecerte informaci\u00f3n detallada sobre las diferentes \u00e1reas, los servicios locales y las tendencias del mercado.<\/p><p>Adem\u00e1s de nuestro compromiso con la excelencia en el servicio al cliente, en Loca Barcelona tambi\u00e9n nos destacamos por nuestra capacidad para adaptarnos a tus necesidades individuales. Estos son los servicios que ponemos a tu disposici\u00f3n:<\/p><ul><li>Si buscas una experiencia m\u00e1s personalizada, nuestro <a href=\"https:\/\/locabarcelona.egluu.com\/es\/venta-de-pisos-barcelona\/personal-shopper-inmobiliario-en-barcelona\/\">servicio de personal shopper<\/a> est\u00e1 a tu disposici\u00f3n para ayudarte a encontrar la propiedad perfecta que se ajuste a tus preferencias y requisitos espec\u00edficos.<\/li><li>No importa si eres un comprador local o un inversor extranjero, nuestra agencia inmobiliaria pone a tu disposici\u00f3n diferente informaci\u00f3n sobre la utilidad de la <a href=\"https:\/\/locabarcelona.egluu.com\/es\/venta-de-pisos-barcelona\/golden-visa-espana\/\">Golden Visa en Espa\u00f1a<\/a> y te ayuda en la gesti\u00f3n para solicitarla.<\/li><\/ul><p>En Loca Barcelona te ofrecemos toda la orientaci\u00f3n y asistencia que necesitas para hacer de la <strong>compra de tu piso en Horta-Guinard\u00f3<\/strong> una experiencia sin complicaciones y gratificante. Conf\u00eda en nosotros para hacer realidad tus sue\u00f1os de vivir en este encantador distrito de Barcelona.<\/p><h2>\u00bfQuieres vender tu piso en Horta-Guinard\u00f3?<\/h2><p>Si est\u00e1s pensando en <strong>vender tu piso en Horta-Guinard\u00f3<\/strong>, est\u00e1s en el lugar adecuado. Nos comprometemos a simplificar todo el proceso de venta para que puedas obtener el mejor precio por tu propiedad. Para empezar con el proceso solo tienes que seguir los siguientes pasos:<\/p><p>1. <a href=\"https:\/\/locabarcelona.egluu.com\/es\/sobre-nosotros\/contactanos\/\">Comun\u00edcate con nosotros<\/a> a trav\u00e9s de nuestro formulario de contacto.<br \/>2. Organizaremos una visita a tu apartamento para realizar una valoraci\u00f3n por nuestros especialistas en bienes ra\u00edces.<br \/>3. Loca Barcelona se ocupar\u00e1 de promocionar tu propiedad y de mostr\u00e1rsela a posibles compradores.<br \/>4. Elaboraremos el contrato y te asistiremos con toda la documentaci\u00f3n necesaria con la supervisi\u00f3n de un abogado.<br \/>5.Completamos el procedimiento de venta ante un notario.<\/p><p>Adem\u00e1s realizaremos una valoraci\u00f3n detallada de tu <strong>casa en venta en Horta-Guinard\u00f3<\/strong>, teniendo en cuenta todas las caracter\u00edsticas y el mercado local, para asegurarnos de que obtengas una <a href=\"https:\/\/locabarcelona.egluu.com\/es\/venta-de-pisos-barcelona\/cuanto-vale-mi-casa\/\">valoraci\u00f3n de tu casa<\/a> aproximada mediante nuestra herramienta de tasaci\u00f3n.<\/p><p>Tambi\u00e9n te proporcionaremos informaci\u00f3n sobre el precio por metro cuadrado en esta zona para que puedas tomar decisiones informadas.<\/p><p>Nuestro equipo de agentes inmobiliarios est\u00e1 aqu\u00ed para ofrecerte asesoramiento profesional y guiarte en cada paso del proceso de venta. Nos aseguraremos de encontrar al comprador adecuado para tu propiedad en Horta-Guinard\u00f3 en el menor tiempo posible. Conf\u00eda en Loca Barcelona para hacer que la <strong>venta de tu piso en Horta-Guinard\u00f3<\/strong> sea una experiencia fluida y exitosa.<\/p><h2>Loca Barcelona: tu inmobiliaria de confianza en Horta-Guinard\u00f3<\/h2><p>En Loca Barcelona, nos enorgullece ser tu inmobiliaria de confianza en Horta-Guinard\u00f3. Con una distintiva variedad de propiedades que incluyen desde pisos de obra nueva hasta acogedores estudios, tenemos la vivienda perfecta para ti. Conf\u00eda en nosotros para hacer realidad tus sue\u00f1os de <a href=\"https:\/\/locabarcelona.egluu.com\/es\/venta-de-pisos-barcelona\/\">comprar o vender un piso en Barcelona<\/a>.<\/p><p>Explora nuestra selecci\u00f3n de pisos en venta por distrito y encuentra tu pr\u00f3ximo hogar en Barcelona. Conf\u00eda en Loca Barcelona para guiarte en el proceso de compra o venta de tu propiedad en esta codiciada ciudad condal.<\/p><h2>Pisos en venta en Barcelona por distrito<\/h2>\t\t\t\t\t\t<\/div>\n\t\t\t\t<\/div>\n\t\t\t\t\t<\/div>\n\t\t<\/div>\n\t\t\t\t\t<\/div>\n\t\t<\/section>\n\t\t<div class=\"elementor-element elementor-element-04d895d e-flex e-con-boxed e-con e-parent\" data-id=\"04d895d\" data-element_type=\"container\">\n\t\t\t\t\t<div class=\"e-con-inner\">\n\t\t\t\t<div class=\"elementor-element elementor-element-853ff62 elementor-widget elementor-widget-template\" data-id=\"853ff62\" data-element_type=\"widget\" data-widget_type=\"template.default\">\n\t\t\t\t<div class=\"elementor-widget-container\">\n\t\t\t\t\t<div class=\"elementor-template\">\n\t\t\t\t\t<div data-elementor-type=\"container\" data-elementor-id=\"521623\" class=\"elementor elementor-521623\" data-elementor-post-type=\"elementor_library\">\n\t\t\t\t<div class=\"elementor-element elementor-element-3f969113 e-flex e-con-boxed e-con e-parent\" data-id=\"3f969113\" data-element_type=\"container\">\n\t\t\t\t\t<div class=\"e-con-inner\">\n\t\t<div class=\"elementor-element elementor-element-65ff43a5 e-con-full e-flex e-con e-child\" data-id=\"65ff43a5\" data-element_type=\"container\">\n\t\t\t\t<div class=\"elementor-element elementor-element-778fdbed elementor-widget elementor-widget-text-editor\" data-id=\"778fdbed\" data-element_type=\"widget\" data-widget_type=\"text-editor.default\">\n\t\t\t\t<div class=\"elementor-widget-container\">\n\t\t\t\t\t\t\t<p><a href=\"https:\/\/locabarcelona.egluu.com\/es\/venta-de-pisos-barcelona\/eixample\/\">Pisos en venta en l&#8217;Eixample<\/a><br \/><a href=\"https:\/\/locabarcelona.egluu.com\/es\/venta-de-pisos-barcelona\/eixample-dreta\/\">Pisos en venta en Eixample Dreta<\/a><br \/><a href=\"https:\/\/locabarcelona.egluu.com\/es\/venta-de-pisos-barcelona\/antiga-esquerra-de-leixample\/\">Pisos en Antiga Esquerra de l&#8217;Eixample<\/a><br \/><a href=\"https:\/\/locabarcelona.egluu.com\/es\/venta-de-pisos-barcelona\/nova-esquerra-de-leixample\/\">Pisos en Nova Esquerra de l&#8217;Eixample<\/a><br \/><a href=\"https:\/\/locabarcelona.egluu.com\/es\/venta-de-pisos-barcelona\/fort-pienc\/\">Pisos en venta en Fort Pienc<\/a><br \/><a href=\"https:\/\/locabarcelona.egluu.com\/es\/venta-de-pisos-barcelona\/sagrada-familia\/\">Pisos en venta en Sagrada Familia<\/a><br \/><a href=\"https:\/\/locabarcelona.egluu.com\/es\/venta-de-pisos-barcelona\/sant-andreu\/\">Pisos en venta en Sant Antoni<\/a><br \/><a href=\"https:\/\/locabarcelona.egluu.com\/es\/venta-de-pisos-barcelona\/ciutat-vella\/\">Pisos en venta en Ciutat Vella<\/a><br \/><a href=\"https:\/\/locabarcelona.egluu.com\/es\/venta-de-pisos-barcelona\/gotico\/\">Pisos en venta en el Gotico<\/a><br \/><a href=\"https:\/\/locabarcelona.egluu.com\/es\/venta-de-pisos-barcelona\/el-raval\/\">Pisos en venta en el Raval<\/a><br \/><a href=\"https:\/\/locabarcelona.egluu.com\/es\/venta-de-pisos-barcelona\/el-born\/\">Pisos en venta en el Born<\/a><br \/><a href=\"https:\/\/locabarcelona.egluu.com\/es\/venta-de-pisos-barcelona\/el-carmelo\/\">Pisos en venta en el Carmelo<\/a><br \/><a href=\"https:\/\/locabarcelona.egluu.com\/es\/venta-de-pisos-barcelona\/sant-andreu\/\">Pisos en venta en Barceloneta<\/a><br \/><a href=\"https:\/\/locabarcelona.egluu.com\/es\/venta-de-pisos-barcelona\/sants-montjuic\/\">Pisos en venta en Sants-Montju\u00efc<\/a><br \/><a href=\"https:\/\/locabarcelona.egluu.com\/es\/venta-de-pisos-barcelona\/poble-sec\/\">Pisos en venta en Poble Sec<\/a><br \/><a href=\"https:\/\/locabarcelona.egluu.com\/es\/venta-de-pisos-barcelona\/sants\/\">Pisos en venta en Sants<\/a><br \/><a href=\"https:\/\/locabarcelona.egluu.com\/es\/venta-de-pisos-barcelona\/tres-torres\/\">Pisos en venta en Las Tres Torres<\/a><br \/><a href=\"https:\/\/locabarcelona.egluu.com\/es\/venta-de-pisos-barcelona\/la-sagrera\/\">Pisos en venta en La Sagrera<\/a><\/p>\t\t\t\t\t\t<\/div>\n\t\t\t\t<\/div>\n\t\t\t\t<\/div>\n\t\t<div class=\"elementor-element elementor-element-57de031d e-con-full e-flex e-con e-child\" data-id=\"57de031d\" data-element_type=\"container\">\n\t\t\t\t<div class=\"elementor-element elementor-element-12264ea9 elementor-widget elementor-widget-text-editor\" data-id=\"12264ea9\" data-element_type=\"widget\" data-widget_type=\"text-editor.default\">\n\t\t\t\t<div class=\"elementor-widget-container\">\n\t\t\t\t\t\t\t<p><a href=\"https:\/\/locabarcelona.egluu.com\/es\/venta-de-pisos-barcelona\/les-corts\/\">Pisos en venta en les Corts<\/a><br \/><a href=\"https:\/\/locabarcelona.egluu.com\/es\/venta-de-pisos-barcelona\/pedralbes\/\">Pisos en venta en Pedralbes<\/a><br \/><a href=\"https:\/\/locabarcelona.egluu.com\/es\/venta-de-pisos-barcelona\/sarria-sant-gervasi\/\">Pisos en venta en Sarria Sant Gervasi<\/a><br \/><a href=\"https:\/\/locabarcelona.egluu.com\/es\/venta-de-pisos-barcelona\/gracia\/\">Pisos en venta en Gracia<\/a><br \/><a href=\"https:\/\/locabarcelona.egluu.com\/es\/venta-de-pisos-barcelona\/gracia\/\">Pisos en venta en Vila de Gr\u00e0cia<\/a><br \/><a href=\"https:\/\/locabarcelona.egluu.com\/es\/venta-de-pisos-barcelona\/horta\/\">Pisos en venta en Horta<\/a><br \/><a href=\"https:\/\/locabarcelona.egluu.com\/es\/venta-de-pisos-barcelona\/horta-guinardo\/\">Pisos en venta en Horta-Guinardo<\/a><br \/><a href=\"https:\/\/locabarcelona.egluu.com\/es\/venta-de-pisos-barcelona\/nou-barris\/\">Pisos en venta en Nou Barris<\/a><br \/><a href=\"https:\/\/locabarcelona.egluu.com\/es\/venta-de-pisos-barcelona\/navas\/\">Pisos en venta en Navas<\/a><br \/><a href=\"https:\/\/locabarcelona.egluu.com\/es\/venta-de-pisos-barcelona\/sant-andreu\/\">Pisos en venta en Sant Andreu<\/a><br \/><a href=\"https:\/\/locabarcelona.egluu.com\/es\/venta-de-pisos-barcelona\/sant-antoni\/\">Pisos en venta en Sant Antoni<\/a><br \/><a href=\"https:\/\/locabarcelona.egluu.com\/es\/venta-de-pisos-barcelona\/sant-marti\/\">Pisos en venta en Sant Mart\u00ed<\/a><br \/><a href=\"https:\/\/locabarcelona.egluu.com\/es\/venta-de-pisos-barcelona\/sant-marti-de-provencals\/\">Pisos en venta en Sant Mart\u00ed de Proven\u00e7als<\/a><br \/><a href=\"https:\/\/locabarcelona.egluu.com\/es\/venta-de-pisos-barcelona\/el-clot\/\">Pisos en venta en el Clot<\/a><br \/><a href=\"https:\/\/locabarcelona.egluu.com\/es\/venta-de-pisos-barcelona\/poble-nou\/\">Pisos en venta en Poblenou<\/a><br \/><a href=\"https:\/\/locabarcelona.egluu.com\/es\/venta-de-pisos-barcelona\/diagonal-mar\/\">Pisos en venta en Diagonal Mar<\/a><br \/><a href=\"https:\/\/locabarcelona.egluu.com\/es\/venta-de-pisos-barcelona\/sarria-sant-gervasi\/\">Pisos en venta en Sant Gervasi Galvany<\/a><br \/><a href=\"https:\/\/locabarcelona.egluu.com\/es\/venta-de-pisos-barcelona\/zona-franca\/\">Pisos en venta en Zona Franca<\/a><\/p>\t\t\t\t\t\t<\/div>\n\t\t\t\t<\/div>\n\t\t\t\t<\/div>\n\t\t\t\t\t<\/div>\n\t\t\t\t<\/div>\n\t\t\t\t<\/div>\n\t\t\t\t<\/div>\n\t\t\t\t<\/div>\n\t\t\t\t<\/div>\n\t\t\t\t\t<\/div>\n\t\t\t\t<\/div>\n\t\t\t\t<\/div>\n\t\t","protected":false},"excerpt":{"rendered":"<p>\u00bfPor qu\u00e9 deber\u00edas comprar un piso en Horta-Guinard\u00f3? La compra de un piso en Horta-Guinard\u00f3 ofrece una experiencia de vida tranquila y familiar en Barcelona. Este distrito es conocido por su ambiente residencial, con amplias zonas verdes, parques y una variedad de servicios para familias. Si est\u00e1s pensando en vivir en Horta-Guinard\u00f3 debes saber que&#8230;<\/p>\n","protected":false},"author":344,"featured_media":0,"parent":496920,"menu_order":0,"comment_status":"closed","ping_status":"closed","template":"templates\/list-layout.php","meta":{"inline_featured_image":false,"footnotes":""},"yoast_head":"<!-- This site is optimized with the Yoast SEO Premium plugin v22.6 (Yoast SEO v22.6) - https:\/\/yoast.com\/wordpress\/plugins\/seo\/ -->\n<title>Pisos en venta en Horta-Guinard\u00f3 | Loca Barcelona<\/title>\n<meta name=\"description\" content=\"\u00bfBuscas un piso en venta en Horta-Guinard\u00f3? Descubre todo lo que necesitas saber sobre la venta de pisos con Loca Barcelona.\" \/>\n<meta name=\"robots\" content=\"noindex, follow, max-snippet:-1, max-image-preview:large, max-video-preview:-1\" \/>\n<meta property=\"og:locale\" content=\"es_ES\" \/>\n<meta property=\"og:type\" content=\"article\" \/>\n<meta property=\"og:title\" content=\"Pisos en venta en Horta-Guinard\u00f3 | Loca Barcelona\" \/>\n<meta property=\"og:description\" content=\"\u00bfBuscas un piso en venta en Horta-Guinard\u00f3? Descubre todo lo que necesitas saber sobre la venta de pisos con Loca Barcelona.\" \/>\n<meta property=\"og:url\" content=\"https:\/\/locabarcelona.egluu.com\/es\/venta-de-pisos-barcelona\/horta-guinardo\/\" \/>\n<meta property=\"og:site_name\" content=\"Locabarcelona\" \/>\n<meta property=\"article:modified_time\" content=\"2024-04-23T16:05:00+00:00\" \/>\n<meta name=\"twitter:card\" content=\"summary_large_image\" \/>\n<meta name=\"twitter:label1\" content=\"Est. reading time\" \/>\n\t<meta name=\"twitter:data1\" content=\"4 minutos\" \/>\n<script type=\"application\/ld+json\" class=\"yoast-schema-graph\">{\"@context\":\"https:\/\/schema.org\",\"@graph\":[{\"@type\":\"WebPage\",\"@id\":\"https:\/\/locabarcelona.egluu.com\/es\/venta-de-pisos-barcelona\/horta-guinardo\/\",\"url\":\"https:\/\/locabarcelona.egluu.com\/es\/venta-de-pisos-barcelona\/horta-guinardo\/\",\"name\":\"Pisos en venta en Horta-Guinard\u00f3 | Loca Barcelona\",\"isPartOf\":{\"@id\":\"https:\/\/locabarcelona.egluu.com\/es\/#website\"},\"datePublished\":\"2024-04-03T10:32:45+00:00\",\"dateModified\":\"2024-04-23T16:05:00+00:00\",\"description\":\"\u00bfBuscas un piso en venta en Horta-Guinard\u00f3? Descubre todo lo que necesitas saber sobre la venta de pisos con Loca Barcelona.\",\"breadcrumb\":{\"@id\":\"https:\/\/locabarcelona.egluu.com\/es\/venta-de-pisos-barcelona\/horta-guinardo\/#breadcrumb\"},\"inLanguage\":\"es\",\"potentialAction\":[{\"@type\":\"ReadAction\",\"target\":[\"https:\/\/locabarcelona.egluu.com\/es\/venta-de-pisos-barcelona\/horta-guinardo\/\"]}]},{\"@type\":\"BreadcrumbList\",\"@id\":\"https:\/\/locabarcelona.egluu.com\/es\/venta-de-pisos-barcelona\/horta-guinardo\/#breadcrumb\",\"itemListElement\":[{\"@type\":\"ListItem\",\"position\":1,\"name\":\"Inicio\",\"item\":\"https:\/\/www.locabarcelona.com\/es\/home\/\"},{\"@type\":\"ListItem\",\"position\":2,\"name\":\"Piso en venta en Barcelona\",\"item\":\"https:\/\/www.locabarcelona.com\/es\/venta-de-pisos-barcelona\/\"},{\"@type\":\"ListItem\",\"position\":3,\"name\":\"Pisos en venta en Horta-Guinard\u00f3\"}]},{\"@type\":\"WebSite\",\"@id\":\"https:\/\/locabarcelona.egluu.com\/es\/#website\",\"url\":\"https:\/\/locabarcelona.egluu.com\/es\/\",\"name\":\"Loca Barcelona\",\"description\":\"Real Estate Services\",\"publisher\":{\"@id\":\"https:\/\/locabarcelona.egluu.com\/es\/#organization\"},\"potentialAction\":[{\"@type\":\"SearchAction\",\"target\":{\"@type\":\"EntryPoint\",\"urlTemplate\":\"https:\/\/locabarcelona.egluu.com\/es\/?s={search_term_string}\"},\"query-input\":\"required name=search_term_string\"}],\"inLanguage\":\"es\"},{\"@type\":\"Organization\",\"@id\":\"https:\/\/locabarcelona.egluu.com\/es\/#organization\",\"name\":\"Loca Barcelona\",\"url\":\"https:\/\/locabarcelona.egluu.com\/es\/\",\"logo\":{\"@type\":\"ImageObject\",\"inLanguage\":\"es\",\"@id\":\"https:\/\/locabarcelona.egluu.com\/es\/#\/schema\/logo\/image\/\",\"url\":\"https:\/\/locabarcelona.egluu.com\/wp-content\/uploads\/2021\/10\/logo_locabarcelona_small.png\",\"contentUrl\":\"https:\/\/locabarcelona.egluu.com\/wp-content\/uploads\/2021\/10\/logo_locabarcelona_small.png\",\"width\":250,\"height\":149,\"caption\":\"Loca Barcelona\"},\"image\":{\"@id\":\"https:\/\/locabarcelona.egluu.com\/es\/#\/schema\/logo\/image\/\"}}]}<\/script>\n<!-- \/ Yoast SEO Premium plugin. -->","yoast_head_json":{"title":"Pisos en venta en Horta-Guinard\u00f3 | Loca Barcelona","description":"\u00bfBuscas un piso en venta en Horta-Guinard\u00f3? Descubre todo lo que necesitas saber sobre la venta de pisos con Loca Barcelona.","robots":{"index":"noindex","follow":"follow","max-snippet":"max-snippet:-1","max-image-preview":"max-image-preview:large","max-video-preview":"max-video-preview:-1"},"og_locale":"es_ES","og_type":"article","og_title":"Pisos en venta en Horta-Guinard\u00f3 | Loca Barcelona","og_description":"\u00bfBuscas un piso en venta en Horta-Guinard\u00f3? Descubre todo lo que necesitas saber sobre la venta de pisos con Loca Barcelona.","og_url":"https:\/\/locabarcelona.egluu.com\/es\/venta-de-pisos-barcelona\/horta-guinardo\/","og_site_name":"Locabarcelona","article_modified_time":"2024-04-23T16:05:00+00:00","twitter_card":"summary_large_image","twitter_misc":{"Est. reading time":"4 minutos"},"schema":{"@context":"https:\/\/schema.org","@graph":[{"@type":"WebPage","@id":"https:\/\/locabarcelona.egluu.com\/es\/venta-de-pisos-barcelona\/horta-guinardo\/","url":"https:\/\/locabarcelona.egluu.com\/es\/venta-de-pisos-barcelona\/horta-guinardo\/","name":"Pisos en venta en Horta-Guinard\u00f3 | Loca Barcelona","isPartOf":{"@id":"https:\/\/locabarcelona.egluu.com\/es\/#website"},"datePublished":"2024-04-03T10:32:45+00:00","dateModified":"2024-04-23T16:05:00+00:00","description":"\u00bfBuscas un piso en venta en Horta-Guinard\u00f3? Descubre todo lo que necesitas saber sobre la venta de pisos con Loca Barcelona.","breadcrumb":{"@id":"https:\/\/locabarcelona.egluu.com\/es\/venta-de-pisos-barcelona\/horta-guinardo\/#breadcrumb"},"inLanguage":"es","potentialAction":[{"@type":"ReadAction","target":["https:\/\/locabarcelona.egluu.com\/es\/venta-de-pisos-barcelona\/horta-guinardo\/"]}]},{"@type":"BreadcrumbList","@id":"https:\/\/locabarcelona.egluu.com\/es\/venta-de-pisos-barcelona\/horta-guinardo\/#breadcrumb","itemListElement":[{"@type":"ListItem","position":1,"name":"Inicio","item":"https:\/\/www.locabarcelona.com\/es\/home\/"},{"@type":"ListItem","position":2,"name":"Piso en venta en Barcelona","item":"https:\/\/www.locabarcelona.com\/es\/venta-de-pisos-barcelona\/"},{"@type":"ListItem","position":3,"name":"Pisos en venta en Horta-Guinard\u00f3"}]},{"@type":"WebSite","@id":"https:\/\/locabarcelona.egluu.com\/es\/#website","url":"https:\/\/locabarcelona.egluu.com\/es\/","name":"Loca Barcelona","description":"Real Estate Services","publisher":{"@id":"https:\/\/locabarcelona.egluu.com\/es\/#organization"},"potentialAction":[{"@type":"SearchAction","target":{"@type":"EntryPoint","urlTemplate":"https:\/\/locabarcelona.egluu.com\/es\/?s={search_term_string}"},"query-input":"required name=search_term_string"}],"inLanguage":"es"},{"@type":"Organization","@id":"https:\/\/locabarcelona.egluu.com\/es\/#organization","name":"Loca Barcelona","url":"https:\/\/locabarcelona.egluu.com\/es\/","logo":{"@type":"ImageObject","inLanguage":"es","@id":"https:\/\/locabarcelona.egluu.com\/es\/#\/schema\/logo\/image\/","url":"https:\/\/locabarcelona.egluu.com\/wp-content\/uploads\/2021\/10\/logo_locabarcelona_small.png","contentUrl":"https:\/\/locabarcelona.egluu.com\/wp-content\/uploads\/2021\/10\/logo_locabarcelona_small.png","width":250,"height":149,"caption":"Loca Barcelona"},"image":{"@id":"https:\/\/locabarcelona.egluu.com\/es\/#\/schema\/logo\/image\/"}}]}},"_links":{"self":[{"href":"https:\/\/locabarcelona.egluu.com\/es\/wp-json\/wp\/v2\/pages\/521640"}],"collection":[{"href":"https:\/\/locabarcelona.egluu.com\/es\/wp-json\/wp\/v2\/pages"}],"about":[{"href":"https:\/\/locabarcelona.egluu.com\/es\/wp-json\/wp\/v2\/types\/page"}],"author":[{"embeddable":true,"href":"https:\/\/locabarcelona.egluu.com\/es\/wp-json\/wp\/v2\/users\/344"}],"replies":[{"embeddable":true,"href":"https:\/\/locabarcelona.egluu.com\/es\/wp-json\/wp\/v2\/comments?post=521640"}],"version-history":[{"count":6,"href":"https:\/\/locabarcelona.egluu.com\/es\/wp-json\/wp\/v2\/pages\/521640\/revisions"}],"predecessor-version":[{"id":522778,"href":"https:\/\/locabarcelona.egluu.com\/es\/wp-json\/wp\/v2\/pages\/521640\/revisions\/522778"}],"up":[{"embeddable":true,"href":"https:\/\/locabarcelona.egluu.com\/es\/wp-json\/wp\/v2\/pages\/496920"}],"wp:attachment":[{"href":"https:\/\/locabarcelona.egluu.com\/es\/wp-json\/wp\/v2\/media?parent=521640"}],"curies":[{"name":"wp","href":"https:\/\/api.w.org\/{rel}","templated":true}]}}