{"id":521725,"date":"2024-04-03T12:36:06","date_gmt":"2024-04-03T10:36:06","guid":{"rendered":"https:\/\/locabarcelona.egluu.com\/?page_id=521725"},"modified":"2024-04-23T18:02:30","modified_gmt":"2024-04-23T16:02:30","slug":"poble-sec","status":"publish","type":"page","link":"https:\/\/locabarcelona.egluu.com\/es\/venta-de-pisos-barcelona\/poble-sec\/","title":{"rendered":"Pisos en venta en Poble Sec"},"content":{"rendered":"\t\t<div data-elementor-type=\"wp-page\" data-elementor-id=\"521725\" class=\"elementor elementor-521725\" data-elementor-post-type=\"page\">\n\t\t\t\t\t\t<section class=\"elementor-section elementor-top-section elementor-element elementor-element-2fd2862a elementor-section-boxed elementor-section-height-default elementor-section-height-default\" data-id=\"2fd2862a\" data-element_type=\"section\">\n\t\t\t\t\t\t<div class=\"elementor-container elementor-column-gap-default\">\n\t\t\t\t\t<div class=\"elementor-column elementor-col-100 elementor-top-column elementor-element elementor-element-a3df5d7\" data-id=\"a3df5d7\" data-element_type=\"column\">\n\t\t\t<div class=\"elementor-widget-wrap elementor-element-populated\">\n\t\t\t\t\t\t<div class=\"elementor-element elementor-element-398c8d46 elementor-widget elementor-widget-text-editor\" data-id=\"398c8d46\" data-element_type=\"widget\" data-widget_type=\"text-editor.default\">\n\t\t\t\t<div class=\"elementor-widget-container\">\n\t\t\t\t\t\t\t<h2>\u00bfPor qu\u00e9 deber\u00edas comprar un piso en Poble Sec?<\/h2><p>Comprar un piso en Poble Sec ofrece una experiencia de vida aut\u00e9ntica y vibrante en Barcelona. Este encantador barrio, situado en las faldas de Montju\u00efc, se caracteriza por su ambiente acogedor y su rica historia cultural.<\/p><p>Vivir en Poble Sec es especialmente atractivo para familias que buscan un entorno residencial tranquilo y seguro. Con una gran cantidad de escuelas y zonas residenciales, el barrio brinda un ambiente ideal para criar a los ni\u00f1os. Adem\u00e1s, <a href=\"https:\/\/locabarcelona.egluu.com\/es\/vivir-barcelona\/sants-montjuic\/\">su proximidad a Montju\u00efc<\/a> y al centro de la ciudad lo convierte en un lugar deseado por expatriados y profesionales que buscan vivir cerca de sus lugares de trabajo.<\/p><p>Los residentes tambi\u00e9n valoran la diversidad y autenticidad de Poble Sec. Sus calles llenas de vida, sus numerosos teatros y su variada oferta gastron\u00f3mica atraen a aquellos que buscan una experiencia urbana \u00fanica y genuina en Barcelona.<\/p><h2>Comprar un piso en Poble Sec es f\u00e1cil con Loca Barcelona<\/h2><p>Adquirir una vivienda en el encantador barrio de Poble Sec se convierte en una tarea accesible y enriquecedora con la ayuda especializada de <a href=\"https:\/\/locabarcelona.egluu.com\/es\">Loca Barcelona<\/a>. Nuestro equipo, experto en el din\u00e1mico mercado inmobiliario local, se compromete a acompa\u00f1arte en todas las etapas del proceso de <strong>compra de un piso en Poble Sec.<\/strong><\/p><p>Nos distinguimos por ofrecer servicios personalizados, como nuestro exclusivo <a href=\"https:\/\/locabarcelona.egluu.com\/es\/venta-de-pisos-barcelona\/personal-shopper-inmobiliario-en-barcelona\/\">personal shopper<\/a>, dise\u00f1ado para atender tus necesidades espec\u00edficas y hacer de tu experiencia de compra algo \u00fanico.<\/p><p>Adem\u00e1s, te ayudaremos en la obtenci\u00f3n de la <a href=\"https:\/\/locabarcelona.egluu.com\/es\/venta-de-pisos-barcelona\/golden-visa-espana\/\">Golden Visa<\/a>, especialmente dirigida a inversores extranjeros que deseen adquirir una propiedad en Barcelona, facilitando as\u00ed el acceso a informaci\u00f3n relevante para tus inversiones.<br \/>Con Loca Barcelona, encontrar el piso en Poble Sec ideal se convierte en una experiencia sin complicaciones y llena de oportunidades.<\/p><h2>\u00bfQuieres vender tu piso en Poble Sec?<\/h2><p>Si has tomado la decisi\u00f3n de <strong>vender tu piso en Poble Sec<\/strong>, conf\u00eda en el equipo de agentes inmobiliarios de Loca Barcelona. Nos comprometemos a gestionar todo el proceso para asegurarte el mejor precio por tu propiedad. Para empezar con el proceso debes seguir los siguientes pasos:<\/p><p>1. Utiliza el <a href=\"https:\/\/locabarcelona.egluu.com\/es\/sobre-nosotros\/contactanos\/\">formulario de contacto<\/a> que tenemos disponible para comunicarte con nosotros.<br \/>2. Organizaremos una evaluaci\u00f3n de tu apartamento a cargo de nuestros profesionales en bienes ra\u00edces.<br \/>3. Loca Barcelona se encargar\u00e1 de promocionar y mostrar tu propiedad a posibles compradores.<br \/>4. Elaboraremos el contrato y te proporcionaremos ayuda con toda la documentaci\u00f3n necesaria bajo la supervisi\u00f3n de un abogado.<br \/>5. Finalizamos el proceso de venta ante notario.<\/p><p>Adem\u00e1s realizaremos una <a href=\"https:\/\/locabarcelona.egluu.com\/es\/venta-de-pisos-barcelona\/cuanto-vale-mi-casa\/\">valoraci\u00f3n minuciosa de tu casa<\/a>, teniendo en cuenta todas sus caracter\u00edsticas y considerando el mercado local en Poble Sec, garantizando as\u00ed una valoraci\u00f3n aproximada que refleje el valor de tu propiedad.<\/p><p>Tambi\u00e9n te haremos saber el precio por metro cuadrado de Poble Sec y nuestro equipo te proporcionar\u00e1 seguridad en tus futuras decisiones. Utilizaremos nuestra experiencia y conocimiento del mercado para encontrar al comprador adecuado y cerrar la venta de manera eficiente y satisfactoria para todas las partes involucradas.<\/p><p>Conf\u00eda en Loca Barcelona para facilitar el proceso de <strong>venta de tu piso en Poble Sec<\/strong> y obtener los resultados que deseas de forma r\u00e1pida y eficaz.<\/p><h2>Loca Barcelona: tu inmobiliaria de confianza en Poble Sec<\/h2><p>En Loca Barcelona, nos enorgullece ser tu inmobiliaria de confianza en Poble Sec. Con una s\u00f3lida experiencia y un profundo conocimiento del mercado local, estamos preparados para ayudarte a comprar o vender tu propiedad en este encantador barrio de Barcelona.<\/p><p>Explora nuestra selecci\u00f3n de pisos en venta y encuentra tu pr\u00f3ximo hogar en Barcelona. Conf\u00eda en Loca Barcelona para guiarte en el proceso de compra o <a href=\"https:\/\/locabarcelona.egluu.com\/es\/venta-de-pisos-barcelona\/\">venta de tu propiedad<\/a> y hacer realidad tus sue\u00f1os inmobiliarios en esta \u00fanica comunidad.<\/p><h2>Pisos en venta en Barcelona por distrito<\/h2>\t\t\t\t\t\t<\/div>\n\t\t\t\t<\/div>\n\t\t\t\t\t<\/div>\n\t\t<\/div>\n\t\t\t\t\t<\/div>\n\t\t<\/section>\n\t\t<div class=\"elementor-element elementor-element-04d895d e-flex e-con-boxed e-con e-parent\" data-id=\"04d895d\" data-element_type=\"container\">\n\t\t\t\t\t<div class=\"e-con-inner\">\n\t\t\t\t<div class=\"elementor-element elementor-element-853ff62 elementor-widget elementor-widget-template\" data-id=\"853ff62\" data-element_type=\"widget\" data-widget_type=\"template.default\">\n\t\t\t\t<div class=\"elementor-widget-container\">\n\t\t\t\t\t<div class=\"elementor-template\">\n\t\t\t\t\t<div data-elementor-type=\"container\" data-elementor-id=\"521623\" class=\"elementor elementor-521623\" data-elementor-post-type=\"elementor_library\">\n\t\t\t\t<div class=\"elementor-element elementor-element-3f969113 e-flex e-con-boxed e-con e-parent\" data-id=\"3f969113\" data-element_type=\"container\">\n\t\t\t\t\t<div class=\"e-con-inner\">\n\t\t<div class=\"elementor-element elementor-element-65ff43a5 e-con-full e-flex e-con e-child\" data-id=\"65ff43a5\" data-element_type=\"container\">\n\t\t\t\t<div class=\"elementor-element elementor-element-778fdbed elementor-widget elementor-widget-text-editor\" data-id=\"778fdbed\" data-element_type=\"widget\" data-widget_type=\"text-editor.default\">\n\t\t\t\t<div class=\"elementor-widget-container\">\n\t\t\t\t\t\t\t<p><a href=\"https:\/\/locabarcelona.egluu.com\/es\/venta-de-pisos-barcelona\/eixample\/\">Pisos en venta en l&#8217;Eixample<\/a><br \/><a href=\"https:\/\/locabarcelona.egluu.com\/es\/venta-de-pisos-barcelona\/eixample-dreta\/\">Pisos en venta en Eixample Dreta<\/a><br \/><a href=\"https:\/\/locabarcelona.egluu.com\/es\/venta-de-pisos-barcelona\/antiga-esquerra-de-leixample\/\">Pisos en Antiga Esquerra de l&#8217;Eixample<\/a><br \/><a href=\"https:\/\/locabarcelona.egluu.com\/es\/venta-de-pisos-barcelona\/nova-esquerra-de-leixample\/\">Pisos en Nova Esquerra de l&#8217;Eixample<\/a><br \/><a href=\"https:\/\/locabarcelona.egluu.com\/es\/venta-de-pisos-barcelona\/fort-pienc\/\">Pisos en venta en Fort Pienc<\/a><br \/><a href=\"https:\/\/locabarcelona.egluu.com\/es\/venta-de-pisos-barcelona\/sagrada-familia\/\">Pisos en venta en Sagrada Familia<\/a><br \/><a href=\"https:\/\/locabarcelona.egluu.com\/es\/venta-de-pisos-barcelona\/sant-andreu\/\">Pisos en venta en Sant Antoni<\/a><br \/><a href=\"https:\/\/locabarcelona.egluu.com\/es\/venta-de-pisos-barcelona\/ciutat-vella\/\">Pisos en venta en Ciutat Vella<\/a><br \/><a href=\"https:\/\/locabarcelona.egluu.com\/es\/venta-de-pisos-barcelona\/gotico\/\">Pisos en venta en el Gotico<\/a><br \/><a href=\"https:\/\/locabarcelona.egluu.com\/es\/venta-de-pisos-barcelona\/el-raval\/\">Pisos en venta en el Raval<\/a><br \/><a href=\"https:\/\/locabarcelona.egluu.com\/es\/venta-de-pisos-barcelona\/el-born\/\">Pisos en venta en el Born<\/a><br \/><a href=\"https:\/\/locabarcelona.egluu.com\/es\/venta-de-pisos-barcelona\/el-carmelo\/\">Pisos en venta en el Carmelo<\/a><br \/><a href=\"https:\/\/locabarcelona.egluu.com\/es\/venta-de-pisos-barcelona\/sant-andreu\/\">Pisos en venta en Barceloneta<\/a><br \/><a href=\"https:\/\/locabarcelona.egluu.com\/es\/venta-de-pisos-barcelona\/sants-montjuic\/\">Pisos en venta en Sants-Montju\u00efc<\/a><br \/><a href=\"https:\/\/locabarcelona.egluu.com\/es\/venta-de-pisos-barcelona\/poble-sec\/\">Pisos en venta en Poble Sec<\/a><br \/><a href=\"https:\/\/locabarcelona.egluu.com\/es\/venta-de-pisos-barcelona\/sants\/\">Pisos en venta en Sants<\/a><br \/><a href=\"https:\/\/locabarcelona.egluu.com\/es\/venta-de-pisos-barcelona\/tres-torres\/\">Pisos en venta en Las Tres Torres<\/a><br \/><a href=\"https:\/\/locabarcelona.egluu.com\/es\/venta-de-pisos-barcelona\/la-sagrera\/\">Pisos en venta en La Sagrera<\/a><\/p>\t\t\t\t\t\t<\/div>\n\t\t\t\t<\/div>\n\t\t\t\t<\/div>\n\t\t<div class=\"elementor-element elementor-element-57de031d e-con-full e-flex e-con e-child\" data-id=\"57de031d\" data-element_type=\"container\">\n\t\t\t\t<div class=\"elementor-element elementor-element-12264ea9 elementor-widget elementor-widget-text-editor\" data-id=\"12264ea9\" data-element_type=\"widget\" data-widget_type=\"text-editor.default\">\n\t\t\t\t<div class=\"elementor-widget-container\">\n\t\t\t\t\t\t\t<p><a href=\"https:\/\/locabarcelona.egluu.com\/es\/venta-de-pisos-barcelona\/les-corts\/\">Pisos en venta en les Corts<\/a><br \/><a href=\"https:\/\/locabarcelona.egluu.com\/es\/venta-de-pisos-barcelona\/pedralbes\/\">Pisos en venta en Pedralbes<\/a><br \/><a href=\"https:\/\/locabarcelona.egluu.com\/es\/venta-de-pisos-barcelona\/sarria-sant-gervasi\/\">Pisos en venta en Sarria Sant Gervasi<\/a><br \/><a href=\"https:\/\/locabarcelona.egluu.com\/es\/venta-de-pisos-barcelona\/gracia\/\">Pisos en venta en Gracia<\/a><br \/><a href=\"https:\/\/locabarcelona.egluu.com\/es\/venta-de-pisos-barcelona\/gracia\/\">Pisos en venta en Vila de Gr\u00e0cia<\/a><br \/><a href=\"https:\/\/locabarcelona.egluu.com\/es\/venta-de-pisos-barcelona\/horta\/\">Pisos en venta en Horta<\/a><br \/><a href=\"https:\/\/locabarcelona.egluu.com\/es\/venta-de-pisos-barcelona\/horta-guinardo\/\">Pisos en venta en Horta-Guinardo<\/a><br \/><a href=\"https:\/\/locabarcelona.egluu.com\/es\/venta-de-pisos-barcelona\/nou-barris\/\">Pisos en venta en Nou Barris<\/a><br \/><a href=\"https:\/\/locabarcelona.egluu.com\/es\/venta-de-pisos-barcelona\/navas\/\">Pisos en venta en Navas<\/a><br \/><a href=\"https:\/\/locabarcelona.egluu.com\/es\/venta-de-pisos-barcelona\/sant-andreu\/\">Pisos en venta en Sant Andreu<\/a><br \/><a href=\"https:\/\/locabarcelona.egluu.com\/es\/venta-de-pisos-barcelona\/sant-antoni\/\">Pisos en venta en Sant Antoni<\/a><br \/><a href=\"https:\/\/locabarcelona.egluu.com\/es\/venta-de-pisos-barcelona\/sant-marti\/\">Pisos en venta en Sant Mart\u00ed<\/a><br \/><a href=\"https:\/\/locabarcelona.egluu.com\/es\/venta-de-pisos-barcelona\/sant-marti-de-provencals\/\">Pisos en venta en Sant Mart\u00ed de Proven\u00e7als<\/a><br \/><a href=\"https:\/\/locabarcelona.egluu.com\/es\/venta-de-pisos-barcelona\/el-clot\/\">Pisos en venta en el Clot<\/a><br \/><a href=\"https:\/\/locabarcelona.egluu.com\/es\/venta-de-pisos-barcelona\/poble-nou\/\">Pisos en venta en Poblenou<\/a><br \/><a href=\"https:\/\/locabarcelona.egluu.com\/es\/venta-de-pisos-barcelona\/diagonal-mar\/\">Pisos en venta en Diagonal Mar<\/a><br \/><a href=\"https:\/\/locabarcelona.egluu.com\/es\/venta-de-pisos-barcelona\/sarria-sant-gervasi\/\">Pisos en venta en Sant Gervasi Galvany<\/a><br \/><a href=\"https:\/\/locabarcelona.egluu.com\/es\/venta-de-pisos-barcelona\/zona-franca\/\">Pisos en venta en Zona Franca<\/a><\/p>\t\t\t\t\t\t<\/div>\n\t\t\t\t<\/div>\n\t\t\t\t<\/div>\n\t\t\t\t\t<\/div>\n\t\t\t\t<\/div>\n\t\t\t\t<\/div>\n\t\t\t\t<\/div>\n\t\t\t\t<\/div>\n\t\t\t\t<\/div>\n\t\t\t\t\t<\/div>\n\t\t\t\t<\/div>\n\t\t\t\t<\/div>\n\t\t","protected":false},"excerpt":{"rendered":"<p>\u00bfPor qu\u00e9 deber\u00edas comprar un piso en Poble Sec? Comprar un piso en Poble Sec ofrece una experiencia de vida aut\u00e9ntica y vibrante en Barcelona. Este encantador barrio, situado en las faldas de Montju\u00efc, se caracteriza por su ambiente acogedor y su rica historia cultural. Vivir en Poble Sec es especialmente atractivo para familias que&#8230;<\/p>\n","protected":false},"author":344,"featured_media":0,"parent":496920,"menu_order":0,"comment_status":"closed","ping_status":"closed","template":"templates\/list-layout.php","meta":{"inline_featured_image":false,"footnotes":""},"yoast_head":"<!-- This site is optimized with the Yoast SEO Premium plugin v22.6 (Yoast SEO v22.6) - https:\/\/yoast.com\/wordpress\/plugins\/seo\/ -->\n<title>Pisos en venta en Poble Sec | Loca Barcelona<\/title>\n<meta name=\"description\" content=\"\u00bfBuscas un piso en venta en Poble Sec? Descubre todo lo que necesitas saber sobre la venta de pisos con Loca Barcelona.\" \/>\n<meta name=\"robots\" content=\"noindex, follow, max-snippet:-1, max-image-preview:large, max-video-preview:-1\" \/>\n<meta property=\"og:locale\" content=\"es_ES\" \/>\n<meta property=\"og:type\" content=\"article\" \/>\n<meta property=\"og:title\" content=\"Pisos en venta en Poble Sec | Loca Barcelona\" \/>\n<meta property=\"og:description\" content=\"\u00bfBuscas un piso en venta en Poble Sec? Descubre todo lo que necesitas saber sobre la venta de pisos con Loca Barcelona.\" \/>\n<meta property=\"og:url\" content=\"https:\/\/locabarcelona.egluu.com\/es\/venta-de-pisos-barcelona\/poble-sec\/\" \/>\n<meta property=\"og:site_name\" content=\"Locabarcelona\" \/>\n<meta property=\"article:modified_time\" content=\"2024-04-23T16:02:30+00:00\" \/>\n<meta name=\"twitter:card\" content=\"summary_large_image\" \/>\n<meta name=\"twitter:label1\" content=\"Est. reading time\" \/>\n\t<meta name=\"twitter:data1\" content=\"3 minutos\" \/>\n<script type=\"application\/ld+json\" class=\"yoast-schema-graph\">{\"@context\":\"https:\/\/schema.org\",\"@graph\":[{\"@type\":\"WebPage\",\"@id\":\"https:\/\/locabarcelona.egluu.com\/es\/venta-de-pisos-barcelona\/poble-sec\/\",\"url\":\"https:\/\/locabarcelona.egluu.com\/es\/venta-de-pisos-barcelona\/poble-sec\/\",\"name\":\"Pisos en venta en Poble Sec | Loca Barcelona\",\"isPartOf\":{\"@id\":\"https:\/\/locabarcelona.egluu.com\/es\/#website\"},\"datePublished\":\"2024-04-03T10:36:06+00:00\",\"dateModified\":\"2024-04-23T16:02:30+00:00\",\"description\":\"\u00bfBuscas un piso en venta en Poble Sec? Descubre todo lo que necesitas saber sobre la venta de pisos con Loca Barcelona.\",\"breadcrumb\":{\"@id\":\"https:\/\/locabarcelona.egluu.com\/es\/venta-de-pisos-barcelona\/poble-sec\/#breadcrumb\"},\"inLanguage\":\"es\",\"potentialAction\":[{\"@type\":\"ReadAction\",\"target\":[\"https:\/\/locabarcelona.egluu.com\/es\/venta-de-pisos-barcelona\/poble-sec\/\"]}]},{\"@type\":\"BreadcrumbList\",\"@id\":\"https:\/\/locabarcelona.egluu.com\/es\/venta-de-pisos-barcelona\/poble-sec\/#breadcrumb\",\"itemListElement\":[{\"@type\":\"ListItem\",\"position\":1,\"name\":\"Inicio\",\"item\":\"https:\/\/www.locabarcelona.com\/es\/home\/\"},{\"@type\":\"ListItem\",\"position\":2,\"name\":\"Piso en venta en Barcelona\",\"item\":\"https:\/\/www.locabarcelona.com\/es\/venta-de-pisos-barcelona\/\"},{\"@type\":\"ListItem\",\"position\":3,\"name\":\"Pisos en venta en Poble Sec\"}]},{\"@type\":\"WebSite\",\"@id\":\"https:\/\/locabarcelona.egluu.com\/es\/#website\",\"url\":\"https:\/\/locabarcelona.egluu.com\/es\/\",\"name\":\"Loca Barcelona\",\"description\":\"Real Estate Services\",\"publisher\":{\"@id\":\"https:\/\/locabarcelona.egluu.com\/es\/#organization\"},\"potentialAction\":[{\"@type\":\"SearchAction\",\"target\":{\"@type\":\"EntryPoint\",\"urlTemplate\":\"https:\/\/locabarcelona.egluu.com\/es\/?s={search_term_string}\"},\"query-input\":\"required name=search_term_string\"}],\"inLanguage\":\"es\"},{\"@type\":\"Organization\",\"@id\":\"https:\/\/locabarcelona.egluu.com\/es\/#organization\",\"name\":\"Loca Barcelona\",\"url\":\"https:\/\/locabarcelona.egluu.com\/es\/\",\"logo\":{\"@type\":\"ImageObject\",\"inLanguage\":\"es\",\"@id\":\"https:\/\/locabarcelona.egluu.com\/es\/#\/schema\/logo\/image\/\",\"url\":\"https:\/\/locabarcelona.egluu.com\/wp-content\/uploads\/2021\/10\/logo_locabarcelona_small.png\",\"contentUrl\":\"https:\/\/locabarcelona.egluu.com\/wp-content\/uploads\/2021\/10\/logo_locabarcelona_small.png\",\"width\":250,\"height\":149,\"caption\":\"Loca Barcelona\"},\"image\":{\"@id\":\"https:\/\/locabarcelona.egluu.com\/es\/#\/schema\/logo\/image\/\"}}]}<\/script>\n<!-- \/ Yoast SEO Premium plugin. -->","yoast_head_json":{"title":"Pisos en venta en Poble Sec | Loca Barcelona","description":"\u00bfBuscas un piso en venta en Poble Sec? Descubre todo lo que necesitas saber sobre la venta de pisos con Loca Barcelona.","robots":{"index":"noindex","follow":"follow","max-snippet":"max-snippet:-1","max-image-preview":"max-image-preview:large","max-video-preview":"max-video-preview:-1"},"og_locale":"es_ES","og_type":"article","og_title":"Pisos en venta en Poble Sec | Loca Barcelona","og_description":"\u00bfBuscas un piso en venta en Poble Sec? Descubre todo lo que necesitas saber sobre la venta de pisos con Loca Barcelona.","og_url":"https:\/\/locabarcelona.egluu.com\/es\/venta-de-pisos-barcelona\/poble-sec\/","og_site_name":"Locabarcelona","article_modified_time":"2024-04-23T16:02:30+00:00","twitter_card":"summary_large_image","twitter_misc":{"Est. reading time":"3 minutos"},"schema":{"@context":"https:\/\/schema.org","@graph":[{"@type":"WebPage","@id":"https:\/\/locabarcelona.egluu.com\/es\/venta-de-pisos-barcelona\/poble-sec\/","url":"https:\/\/locabarcelona.egluu.com\/es\/venta-de-pisos-barcelona\/poble-sec\/","name":"Pisos en venta en Poble Sec | Loca Barcelona","isPartOf":{"@id":"https:\/\/locabarcelona.egluu.com\/es\/#website"},"datePublished":"2024-04-03T10:36:06+00:00","dateModified":"2024-04-23T16:02:30+00:00","description":"\u00bfBuscas un piso en venta en Poble Sec? Descubre todo lo que necesitas saber sobre la venta de pisos con Loca Barcelona.","breadcrumb":{"@id":"https:\/\/locabarcelona.egluu.com\/es\/venta-de-pisos-barcelona\/poble-sec\/#breadcrumb"},"inLanguage":"es","potentialAction":[{"@type":"ReadAction","target":["https:\/\/locabarcelona.egluu.com\/es\/venta-de-pisos-barcelona\/poble-sec\/"]}]},{"@type":"BreadcrumbList","@id":"https:\/\/locabarcelona.egluu.com\/es\/venta-de-pisos-barcelona\/poble-sec\/#breadcrumb","itemListElement":[{"@type":"ListItem","position":1,"name":"Inicio","item":"https:\/\/www.locabarcelona.com\/es\/home\/"},{"@type":"ListItem","position":2,"name":"Piso en venta en Barcelona","item":"https:\/\/www.locabarcelona.com\/es\/venta-de-pisos-barcelona\/"},{"@type":"ListItem","position":3,"name":"Pisos en venta en Poble Sec"}]},{"@type":"WebSite","@id":"https:\/\/locabarcelona.egluu.com\/es\/#website","url":"https:\/\/locabarcelona.egluu.com\/es\/","name":"Loca Barcelona","description":"Real Estate Services","publisher":{"@id":"https:\/\/locabarcelona.egluu.com\/es\/#organization"},"potentialAction":[{"@type":"SearchAction","target":{"@type":"EntryPoint","urlTemplate":"https:\/\/locabarcelona.egluu.com\/es\/?s={search_term_string}"},"query-input":"required name=search_term_string"}],"inLanguage":"es"},{"@type":"Organization","@id":"https:\/\/locabarcelona.egluu.com\/es\/#organization","name":"Loca Barcelona","url":"https:\/\/locabarcelona.egluu.com\/es\/","logo":{"@type":"ImageObject","inLanguage":"es","@id":"https:\/\/locabarcelona.egluu.com\/es\/#\/schema\/logo\/image\/","url":"https:\/\/locabarcelona.egluu.com\/wp-content\/uploads\/2021\/10\/logo_locabarcelona_small.png","contentUrl":"https:\/\/locabarcelona.egluu.com\/wp-content\/uploads\/2021\/10\/logo_locabarcelona_small.png","width":250,"height":149,"caption":"Loca Barcelona"},"image":{"@id":"https:\/\/locabarcelona.egluu.com\/es\/#\/schema\/logo\/image\/"}}]}},"_links":{"self":[{"href":"https:\/\/locabarcelona.egluu.com\/es\/wp-json\/wp\/v2\/pages\/521725"}],"collection":[{"href":"https:\/\/locabarcelona.egluu.com\/es\/wp-json\/wp\/v2\/pages"}],"about":[{"href":"https:\/\/locabarcelona.egluu.com\/es\/wp-json\/wp\/v2\/types\/page"}],"author":[{"embeddable":true,"href":"https:\/\/locabarcelona.egluu.com\/es\/wp-json\/wp\/v2\/users\/344"}],"replies":[{"embeddable":true,"href":"https:\/\/locabarcelona.egluu.com\/es\/wp-json\/wp\/v2\/comments?post=521725"}],"version-history":[{"count":6,"href":"https:\/\/locabarcelona.egluu.com\/es\/wp-json\/wp\/v2\/pages\/521725\/revisions"}],"predecessor-version":[{"id":522780,"href":"https:\/\/locabarcelona.egluu.com\/es\/wp-json\/wp\/v2\/pages\/521725\/revisions\/522780"}],"up":[{"embeddable":true,"href":"https:\/\/locabarcelona.egluu.com\/es\/wp-json\/wp\/v2\/pages\/496920"}],"wp:attachment":[{"href":"https:\/\/locabarcelona.egluu.com\/es\/wp-json\/wp\/v2\/media?parent=521725"}],"curies":[{"name":"wp","href":"https:\/\/api.w.org\/{rel}","templated":true}]}}