{"id":528292,"date":"2024-05-27T10:22:39","date_gmt":"2024-05-27T08:22:39","guid":{"rendered":"https:\/\/locabarcelona.egluu.com\/?page_id=528292"},"modified":"2024-05-27T10:22:39","modified_gmt":"2024-05-27T08:22:39","slug":"sarria-sant-gervasi","status":"publish","type":"page","link":"https:\/\/locabarcelona.egluu.com\/es\/venta-de-pisos-barcelona\/sarria-sant-gervasi\/","title":{"rendered":"Pisos en venta en Sarria Sant Gervasi"},"content":{"rendered":"\t\t<div data-elementor-type=\"wp-page\" data-elementor-id=\"528292\" class=\"elementor elementor-528292\" data-elementor-post-type=\"page\">\n\t\t\t\t\t\t<section class=\"elementor-section elementor-top-section elementor-element elementor-element-2fd2862a elementor-section-boxed elementor-section-height-default elementor-section-height-default\" data-id=\"2fd2862a\" data-element_type=\"section\">\n\t\t\t\t\t\t<div class=\"elementor-container elementor-column-gap-default\">\n\t\t\t\t\t<div class=\"elementor-column elementor-col-100 elementor-top-column elementor-element elementor-element-a3df5d7\" data-id=\"a3df5d7\" data-element_type=\"column\">\n\t\t\t<div class=\"elementor-widget-wrap elementor-element-populated\">\n\t\t\t\t\t\t<div class=\"elementor-element elementor-element-d447453 elementor-widget elementor-widget-heading\" data-id=\"d447453\" data-element_type=\"widget\" data-widget_type=\"heading.default\">\n\t\t\t\t<div class=\"elementor-widget-container\">\n\t\t\t<h2 class=\"elementor-heading-title elementor-size-default\">\u00bfPor qu\u00e9 comprar un piso en Sarri\u00e1 Sant Gervasi?<\/h2>\t\t<\/div>\n\t\t\t\t<\/div>\n\t\t\t\t<div class=\"elementor-element elementor-element-4b68348 elementor-widget elementor-widget-text-editor\" data-id=\"4b68348\" data-element_type=\"widget\" data-widget_type=\"text-editor.default\">\n\t\t\t\t<div class=\"elementor-widget-container\">\n\t\t\t\t\t\t\t<p>Si buscas una vida acomodada rodeada de los mayores lujos y comodidades para el d\u00eda a d\u00eda, este distrito es lo que necesitas. Son muchas las personas que buscan comprar un piso en Sarri\u00e1 Sant Gervasi, ya que es una de las zonas con m\u00e1s prestigio de toda Barcelona.<\/p><p>La arquitectura de los <strong>pisos en Sarri\u00e1 Sant Gervasi<\/strong> es una de las m\u00e1s caracter\u00edsticas de la ciudad, puesto que encontrar pisos grandes equipados con todas las comodidades actuales y un gran gusto decorativo es de lo m\u00e1s normal.<\/p><p>Adem\u00e1s, gracias a la ubicaci\u00f3n privilegiada de este distrito, podr\u00e1s disfrutar de la vida que ofrece la ciudad y de la calma de la monta\u00f1a en un mismo lugar. Transportarse entre estos dos ambientes es realmente f\u00e1cil gracias a los ferrocarriles y funiculares con los que cuenta Sarri\u00e1 Sant Gervasi.<\/p><p>En definitiva, comprar un piso en Sarri\u00e1 Sant Gervasi ofrece mucho m\u00e1s que una agradable estancia en una de las mejores zonas de Barcelona. En este distrito disfrutar\u00e1s de una vida tranquila y un sin fin de comodidades que har\u00e1n de tu d\u00eda a d\u00eda una gran experiencia.<\/p>\t\t\t\t\t\t<\/div>\n\t\t\t\t<\/div>\n\t\t\t\t<div class=\"elementor-element elementor-element-c1d95ea elementor-widget elementor-widget-heading\" data-id=\"c1d95ea\" data-element_type=\"widget\" data-widget_type=\"heading.default\">\n\t\t\t\t<div class=\"elementor-widget-container\">\n\t\t\t<h2 class=\"elementor-heading-title elementor-size-default\">Comprar un piso Sarri\u00e1 Sant Gervasi es f\u00e1cil con Loca Barcelona\n<\/h2>\t\t<\/div>\n\t\t\t\t<\/div>\n\t\t\t\t<div class=\"elementor-element elementor-element-33a3cbf elementor-widget elementor-widget-text-editor\" data-id=\"33a3cbf\" data-element_type=\"widget\" data-widget_type=\"text-editor.default\">\n\t\t\t\t<div class=\"elementor-widget-container\">\n\t\t\t\t\t\t\t<p>Como expertos inmobiliarios locales, nos enorgullece ofrecer un servicio total y personalizado para facilitarle al m\u00e1ximo la compra a nuestros clientes. Si quieres encontrar las mejores casas en venta en Sarri\u00e1 Sant Gervasi, en Loca Barcelona seremos tus mejores aliados.<\/p><p>Contamos con un servicio de <span style=\"text-decoration: underline;\"><a href=\"https:\/\/locabarcelona.egluu.com\/es\/venta-de-pisos-barcelona\/personal-shopper-inmobiliario-en-barcelona\/\">personal shopper inmobiliario<\/a><\/span> el cual atender\u00e1 a tus necesidades y encontrar\u00e1 la vivienda que mejor se adapte a ellas. Si quieres disfrutar de una experiencia totalmente personalizada, esto es lo que necesitas.<\/p><p>Adem\u00e1s, tambi\u00e9n ofrecemos ayuda para inversores extranjeros que est\u00e9n interesados en los pisos en venta de Sarri\u00e1 Sant Gervasi. Si es este tu caso, no dudes en contactar con nosotros y te ayudaremos con la tramitaci\u00f3n de la <span style=\"text-decoration: underline;\"><a href=\"https:\/\/locabarcelona.egluu.com\/es\/venta-de-pisos-barcelona\/golden-visa-espana\/\">Golden Visa<\/a><\/span>. Con ella podr\u00e1s invertir en inmuebles en Barcelona y adem\u00e1s obtendr\u00e1s un permiso de residencia de manera m\u00e1s sencilla.<\/p>\t\t\t\t\t\t<\/div>\n\t\t\t\t<\/div>\n\t\t\t\t<div class=\"elementor-element elementor-element-1544067 elementor-widget elementor-widget-heading\" data-id=\"1544067\" data-element_type=\"widget\" data-widget_type=\"heading.default\">\n\t\t\t\t<div class=\"elementor-widget-container\">\n\t\t\t<h2 class=\"elementor-heading-title elementor-size-default\">\u00bfTe gustar\u00eda vender tu piso en Sarri\u00e1 Sant Gervasi?\n<\/h2>\t\t<\/div>\n\t\t\t\t<\/div>\n\t\t\t\t<div class=\"elementor-element elementor-element-1a8a150 elementor-widget elementor-widget-text-editor\" data-id=\"1a8a150\" data-element_type=\"widget\" data-widget_type=\"text-editor.default\">\n\t\t\t\t<div class=\"elementor-widget-container\">\n\t\t\t\t\t\t\t<p>Si est\u00e1s interesado en vender tu piso en Sarri\u00e1 Sant Gervasi, desde Loca Barcelona te lo facilitamos. Nosotros nos comprometemos a con la gesti\u00f3n de todo el proceso de venta con tal de garantizarte el mejor precio posible por tu vivienda. Para poder beneficiarte de nuestros servicios \u00fanicamente debes de seguir estos sencillos pasos:<\/p><ol><li>Rellena nuestro <span style=\"text-decoration: underline;\"><a href=\"https:\/\/locabarcelona.egluu.com\/es\/sobre-nosotros\/contactanos\/\">formulario de contacto<\/a><\/span> y nos pondremos en contacto contigo.<\/li><li>Concretaremos una fecha para que nuestros expertos inmobiliarios puedan tasar tu vivienda.<\/li><li>Desde Loca Barcelona nos encargaremos de publicitar la oferta de tu piso y de presentarte potenciales compradores.<\/li><li>Redactaremos los contratos y te ayudaremos con la gesti\u00f3n del papeleo bajo la supervisi\u00f3n de un abogado.<\/li><li>Por \u00faltimo, finalizaremos el proceso de venta ante notario<\/li><\/ol><p>Adem\u00e1s, si quieres conocer el precio de venta de tu piso en Sarri\u00e1 Sant Gervasi, puedes utilizar nuestra <span style=\"text-decoration: underline;\"><a href=\"https:\/\/locabarcelona.egluu.com\/es\/venta-de-pisos-barcelona\/cuanto-vale-mi-casa\/\">herramienta online de tasaci\u00f3n inmobiliaria gratuita<\/a><\/span> y as\u00ed conocer cu\u00e1l es su valor.<\/p><p>No olvides que nuestro equipo de expertos inmobiliarios te ofrecer\u00e1n una valoraci\u00f3n m\u00e1s precisa de tu vivienda. Adem\u00e1s de tener en cuenta todos los factores relevantes del mercado inmobiliario local, tambi\u00e9n te proporcionaremos una orientaci\u00f3n del precio por m2 en Sarri\u00e1 Sant Gervasi.<\/p>\t\t\t\t\t\t<\/div>\n\t\t\t\t<\/div>\n\t\t\t\t<div class=\"elementor-element elementor-element-d4e0925 elementor-widget elementor-widget-heading\" data-id=\"d4e0925\" data-element_type=\"widget\" data-widget_type=\"heading.default\">\n\t\t\t\t<div class=\"elementor-widget-container\">\n\t\t\t<h2 class=\"elementor-heading-title elementor-size-default\">Loca Barcelona: tu inmobiliaria de confianza en Sarri\u00e1 Sant Gervasi<\/h2>\t\t<\/div>\n\t\t\t\t<\/div>\n\t\t\t\t<div class=\"elementor-element elementor-element-8ab9fc0 elementor-widget elementor-widget-text-editor\" data-id=\"8ab9fc0\" data-element_type=\"widget\" data-widget_type=\"text-editor.default\">\n\t\t\t\t<div class=\"elementor-widget-container\">\n\t\t\t\t\t\t\t<p>Como inmobiliaria local somos grandes conocedores de la popularidad de este distrito. <a href=\"https:\/\/locabarcelona.egluu.com\/es\/vivir-barcelona\/sarria-sant-gervasi\/\"><span style=\"text-decoration: underline;\">Vivir en Sarri\u00e1 Sant Gervasi<\/span><\/a> es la meta de muchos de los habitantes de Barcelona. El lujoso estilo de vida y su tranquilidad lo convierten en una zona muy codiciada por los barceloneses y extranjeros que buscan invertir en inmueble espa\u00f1ol.<\/p>\t\t\t\t\t\t<\/div>\n\t\t\t\t<\/div>\n\t\t\t\t<div class=\"elementor-element elementor-element-d516972 elementor-widget elementor-widget-heading\" data-id=\"d516972\" data-element_type=\"widget\" data-widget_type=\"heading.default\">\n\t\t\t\t<div class=\"elementor-widget-container\">\n\t\t\t<h2 class=\"elementor-heading-title elementor-size-default\">Pisos en venta en Barcelona por distrito<\/h2>\t\t<\/div>\n\t\t\t\t<\/div>\n\t\t\t\t\t<\/div>\n\t\t<\/div>\n\t\t\t\t\t<\/div>\n\t\t<\/section>\n\t\t<div class=\"elementor-element elementor-element-04d895d e-flex e-con-boxed e-con e-parent\" data-id=\"04d895d\" data-element_type=\"container\">\n\t\t\t\t\t<div class=\"e-con-inner\">\n\t\t\t\t<div class=\"elementor-element elementor-element-853ff62 elementor-widget elementor-widget-template\" data-id=\"853ff62\" data-element_type=\"widget\" data-widget_type=\"template.default\">\n\t\t\t\t<div class=\"elementor-widget-container\">\n\t\t\t\t\t<div class=\"elementor-template\">\n\t\t\t\t\t<div data-elementor-type=\"container\" data-elementor-id=\"521623\" class=\"elementor elementor-521623\" data-elementor-post-type=\"elementor_library\">\n\t\t\t\t<div class=\"elementor-element elementor-element-3f969113 e-flex e-con-boxed e-con e-parent\" data-id=\"3f969113\" data-element_type=\"container\">\n\t\t\t\t\t<div class=\"e-con-inner\">\n\t\t<div class=\"elementor-element elementor-element-65ff43a5 e-con-full e-flex e-con e-child\" data-id=\"65ff43a5\" data-element_type=\"container\">\n\t\t\t\t<div class=\"elementor-element elementor-element-778fdbed elementor-widget elementor-widget-text-editor\" data-id=\"778fdbed\" data-element_type=\"widget\" data-widget_type=\"text-editor.default\">\n\t\t\t\t<div class=\"elementor-widget-container\">\n\t\t\t\t\t\t\t<p><a href=\"https:\/\/locabarcelona.egluu.com\/es\/venta-de-pisos-barcelona\/eixample\/\">Pisos en venta en l&#8217;Eixample<\/a><br \/><a href=\"https:\/\/locabarcelona.egluu.com\/es\/venta-de-pisos-barcelona\/eixample-dreta\/\">Pisos en venta en Eixample Dreta<\/a><br \/><a href=\"https:\/\/locabarcelona.egluu.com\/es\/venta-de-pisos-barcelona\/antiga-esquerra-de-leixample\/\">Pisos en Antiga Esquerra de l&#8217;Eixample<\/a><br \/><a href=\"https:\/\/locabarcelona.egluu.com\/es\/venta-de-pisos-barcelona\/nova-esquerra-de-leixample\/\">Pisos en Nova Esquerra de l&#8217;Eixample<\/a><br \/><a href=\"https:\/\/locabarcelona.egluu.com\/es\/venta-de-pisos-barcelona\/fort-pienc\/\">Pisos en venta en Fort Pienc<\/a><br \/><a href=\"https:\/\/locabarcelona.egluu.com\/es\/venta-de-pisos-barcelona\/sagrada-familia\/\">Pisos en venta en Sagrada Familia<\/a><br \/><a href=\"https:\/\/locabarcelona.egluu.com\/es\/venta-de-pisos-barcelona\/sant-andreu\/\">Pisos en venta en Sant Antoni<\/a><br \/><a href=\"https:\/\/locabarcelona.egluu.com\/es\/venta-de-pisos-barcelona\/ciutat-vella\/\">Pisos en venta en Ciutat Vella<\/a><br \/><a href=\"https:\/\/locabarcelona.egluu.com\/es\/venta-de-pisos-barcelona\/gotico\/\">Pisos en venta en el Gotico<\/a><br \/><a href=\"https:\/\/locabarcelona.egluu.com\/es\/venta-de-pisos-barcelona\/el-raval\/\">Pisos en venta en el Raval<\/a><br \/><a href=\"https:\/\/locabarcelona.egluu.com\/es\/venta-de-pisos-barcelona\/el-born\/\">Pisos en venta en el Born<\/a><br \/><a href=\"https:\/\/locabarcelona.egluu.com\/es\/venta-de-pisos-barcelona\/el-carmelo\/\">Pisos en venta en el Carmelo<\/a><br \/><a href=\"https:\/\/locabarcelona.egluu.com\/es\/venta-de-pisos-barcelona\/sant-andreu\/\">Pisos en venta en Barceloneta<\/a><br \/><a href=\"https:\/\/locabarcelona.egluu.com\/es\/venta-de-pisos-barcelona\/sants-montjuic\/\">Pisos en venta en Sants-Montju\u00efc<\/a><br \/><a href=\"https:\/\/locabarcelona.egluu.com\/es\/venta-de-pisos-barcelona\/poble-sec\/\">Pisos en venta en Poble Sec<\/a><br \/><a href=\"https:\/\/locabarcelona.egluu.com\/es\/venta-de-pisos-barcelona\/sants\/\">Pisos en venta en Sants<\/a><br \/><a href=\"https:\/\/locabarcelona.egluu.com\/es\/venta-de-pisos-barcelona\/tres-torres\/\">Pisos en venta en Las Tres Torres<\/a><br \/><a href=\"https:\/\/locabarcelona.egluu.com\/es\/venta-de-pisos-barcelona\/la-sagrera\/\">Pisos en venta en La Sagrera<\/a><\/p>\t\t\t\t\t\t<\/div>\n\t\t\t\t<\/div>\n\t\t\t\t<\/div>\n\t\t<div class=\"elementor-element elementor-element-57de031d e-con-full e-flex e-con e-child\" data-id=\"57de031d\" data-element_type=\"container\">\n\t\t\t\t<div class=\"elementor-element elementor-element-12264ea9 elementor-widget elementor-widget-text-editor\" data-id=\"12264ea9\" data-element_type=\"widget\" data-widget_type=\"text-editor.default\">\n\t\t\t\t<div class=\"elementor-widget-container\">\n\t\t\t\t\t\t\t<p><a href=\"https:\/\/locabarcelona.egluu.com\/es\/venta-de-pisos-barcelona\/les-corts\/\">Pisos en venta en les Corts<\/a><br \/><a href=\"https:\/\/locabarcelona.egluu.com\/es\/venta-de-pisos-barcelona\/pedralbes\/\">Pisos en venta en Pedralbes<\/a><br \/><a href=\"https:\/\/locabarcelona.egluu.com\/es\/venta-de-pisos-barcelona\/sarria-sant-gervasi\/\">Pisos en venta en Sarria Sant Gervasi<\/a><br \/><a href=\"https:\/\/locabarcelona.egluu.com\/es\/venta-de-pisos-barcelona\/gracia\/\">Pisos en venta en Gracia<\/a><br \/><a href=\"https:\/\/locabarcelona.egluu.com\/es\/venta-de-pisos-barcelona\/gracia\/\">Pisos en venta en Vila de Gr\u00e0cia<\/a><br \/><a href=\"https:\/\/locabarcelona.egluu.com\/es\/venta-de-pisos-barcelona\/horta\/\">Pisos en venta en Horta<\/a><br \/><a href=\"https:\/\/locabarcelona.egluu.com\/es\/venta-de-pisos-barcelona\/horta-guinardo\/\">Pisos en venta en Horta-Guinardo<\/a><br \/><a href=\"https:\/\/locabarcelona.egluu.com\/es\/venta-de-pisos-barcelona\/nou-barris\/\">Pisos en venta en Nou Barris<\/a><br \/><a href=\"https:\/\/locabarcelona.egluu.com\/es\/venta-de-pisos-barcelona\/navas\/\">Pisos en venta en Navas<\/a><br \/><a href=\"https:\/\/locabarcelona.egluu.com\/es\/venta-de-pisos-barcelona\/sant-andreu\/\">Pisos en venta en Sant Andreu<\/a><br \/><a href=\"https:\/\/locabarcelona.egluu.com\/es\/venta-de-pisos-barcelona\/sant-antoni\/\">Pisos en venta en Sant Antoni<\/a><br \/><a href=\"https:\/\/locabarcelona.egluu.com\/es\/venta-de-pisos-barcelona\/sant-marti\/\">Pisos en venta en Sant Mart\u00ed<\/a><br \/><a href=\"https:\/\/locabarcelona.egluu.com\/es\/venta-de-pisos-barcelona\/sant-marti-de-provencals\/\">Pisos en venta en Sant Mart\u00ed de Proven\u00e7als<\/a><br \/><a href=\"https:\/\/locabarcelona.egluu.com\/es\/venta-de-pisos-barcelona\/el-clot\/\">Pisos en venta en el Clot<\/a><br \/><a href=\"https:\/\/locabarcelona.egluu.com\/es\/venta-de-pisos-barcelona\/poble-nou\/\">Pisos en venta en Poblenou<\/a><br \/><a href=\"https:\/\/locabarcelona.egluu.com\/es\/venta-de-pisos-barcelona\/diagonal-mar\/\">Pisos en venta en Diagonal Mar<\/a><br \/><a href=\"https:\/\/locabarcelona.egluu.com\/es\/venta-de-pisos-barcelona\/sarria-sant-gervasi\/\">Pisos en venta en Sant Gervasi Galvany<\/a><br \/><a href=\"https:\/\/locabarcelona.egluu.com\/es\/venta-de-pisos-barcelona\/zona-franca\/\">Pisos en venta en Zona Franca<\/a><\/p>\t\t\t\t\t\t<\/div>\n\t\t\t\t<\/div>\n\t\t\t\t<\/div>\n\t\t\t\t\t<\/div>\n\t\t\t\t<\/div>\n\t\t\t\t<\/div>\n\t\t\t\t<\/div>\n\t\t\t\t<\/div>\n\t\t\t\t<\/div>\n\t\t\t\t\t<\/div>\n\t\t\t\t<\/div>\n\t\t\t\t<\/div>\n\t\t","protected":false},"excerpt":{"rendered":"<p>\u00bfPor qu\u00e9 comprar un piso en Sarri\u00e1 Sant Gervasi? Si buscas una vida acomodada rodeada de los mayores lujos y comodidades para el d\u00eda a d\u00eda, este distrito es lo que necesitas. Son muchas las personas que buscan comprar un piso en Sarri\u00e1 Sant Gervasi, ya que es una de las zonas con m\u00e1s prestigio&#8230;<\/p>\n","protected":false},"author":344,"featured_media":0,"parent":496920,"menu_order":0,"comment_status":"closed","ping_status":"closed","template":"templates\/list-layout.php","meta":{"inline_featured_image":false,"footnotes":""},"yoast_head":"<!-- This site is optimized with the Yoast SEO Premium plugin v22.6 (Yoast SEO v22.6) - https:\/\/yoast.com\/wordpress\/plugins\/seo\/ -->\n<title>Pisos en venta en Sarri\u00e1 Sant Gervasi | Loca Barcelona<\/title>\n<meta name=\"description\" content=\"\u00bfBuscas un piso en venta en Sarri\u00e1 Sant Gervasi? Descubre todo lo que necesitas saber sobre la venta de pisos con Loca Barcelona.\" \/>\n<meta name=\"robots\" content=\"noindex, follow, max-snippet:-1, max-image-preview:large, max-video-preview:-1\" \/>\n<meta property=\"og:locale\" content=\"es_ES\" \/>\n<meta property=\"og:type\" content=\"article\" \/>\n<meta property=\"og:title\" content=\"Pisos en venta en Sarri\u00e1 Sant Gervasi | Loca Barcelona\" \/>\n<meta property=\"og:description\" content=\"\u00bfBuscas un piso en venta en Sarri\u00e1 Sant Gervasi? Descubre todo lo que necesitas saber sobre la venta de pisos con Loca Barcelona.\" \/>\n<meta property=\"og:url\" content=\"https:\/\/locabarcelona.egluu.com\/es\/venta-de-pisos-barcelona\/sarria-sant-gervasi\/\" \/>\n<meta property=\"og:site_name\" content=\"Locabarcelona\" \/>\n<meta name=\"twitter:card\" content=\"summary_large_image\" \/>\n<meta name=\"twitter:label1\" content=\"Est. reading time\" \/>\n\t<meta name=\"twitter:data1\" content=\"3 minutos\" \/>\n<script type=\"application\/ld+json\" class=\"yoast-schema-graph\">{\"@context\":\"https:\/\/schema.org\",\"@graph\":[{\"@type\":\"WebPage\",\"@id\":\"https:\/\/locabarcelona.egluu.com\/es\/venta-de-pisos-barcelona\/sarria-sant-gervasi\/\",\"url\":\"https:\/\/locabarcelona.egluu.com\/es\/venta-de-pisos-barcelona\/sarria-sant-gervasi\/\",\"name\":\"Pisos en venta en Sarri\u00e1 Sant Gervasi | Loca Barcelona\",\"isPartOf\":{\"@id\":\"https:\/\/locabarcelona.egluu.com\/es\/#website\"},\"datePublished\":\"2024-05-27T08:22:39+00:00\",\"dateModified\":\"2024-05-27T08:22:39+00:00\",\"description\":\"\u00bfBuscas un piso en venta en Sarri\u00e1 Sant Gervasi? Descubre todo lo que necesitas saber sobre la venta de pisos con Loca Barcelona.\",\"breadcrumb\":{\"@id\":\"https:\/\/locabarcelona.egluu.com\/es\/venta-de-pisos-barcelona\/sarria-sant-gervasi\/#breadcrumb\"},\"inLanguage\":\"es\",\"potentialAction\":[{\"@type\":\"ReadAction\",\"target\":[\"https:\/\/locabarcelona.egluu.com\/es\/venta-de-pisos-barcelona\/sarria-sant-gervasi\/\"]}]},{\"@type\":\"BreadcrumbList\",\"@id\":\"https:\/\/locabarcelona.egluu.com\/es\/venta-de-pisos-barcelona\/sarria-sant-gervasi\/#breadcrumb\",\"itemListElement\":[{\"@type\":\"ListItem\",\"position\":1,\"name\":\"Inicio\",\"item\":\"https:\/\/www.locabarcelona.com\/es\/home\/\"},{\"@type\":\"ListItem\",\"position\":2,\"name\":\"Piso en venta en Barcelona\",\"item\":\"https:\/\/www.locabarcelona.com\/es\/venta-de-pisos-barcelona\/\"},{\"@type\":\"ListItem\",\"position\":3,\"name\":\"Pisos en venta en Sarria Sant Gervasi\"}]},{\"@type\":\"WebSite\",\"@id\":\"https:\/\/locabarcelona.egluu.com\/es\/#website\",\"url\":\"https:\/\/locabarcelona.egluu.com\/es\/\",\"name\":\"Loca Barcelona\",\"description\":\"Real Estate Services\",\"publisher\":{\"@id\":\"https:\/\/locabarcelona.egluu.com\/es\/#organization\"},\"potentialAction\":[{\"@type\":\"SearchAction\",\"target\":{\"@type\":\"EntryPoint\",\"urlTemplate\":\"https:\/\/locabarcelona.egluu.com\/es\/?s={search_term_string}\"},\"query-input\":\"required name=search_term_string\"}],\"inLanguage\":\"es\"},{\"@type\":\"Organization\",\"@id\":\"https:\/\/locabarcelona.egluu.com\/es\/#organization\",\"name\":\"Loca Barcelona\",\"url\":\"https:\/\/locabarcelona.egluu.com\/es\/\",\"logo\":{\"@type\":\"ImageObject\",\"inLanguage\":\"es\",\"@id\":\"https:\/\/locabarcelona.egluu.com\/es\/#\/schema\/logo\/image\/\",\"url\":\"https:\/\/locabarcelona.egluu.com\/wp-content\/uploads\/2021\/10\/logo_locabarcelona_small.png\",\"contentUrl\":\"https:\/\/locabarcelona.egluu.com\/wp-content\/uploads\/2021\/10\/logo_locabarcelona_small.png\",\"width\":250,\"height\":149,\"caption\":\"Loca Barcelona\"},\"image\":{\"@id\":\"https:\/\/locabarcelona.egluu.com\/es\/#\/schema\/logo\/image\/\"}}]}<\/script>\n<!-- \/ Yoast SEO Premium plugin. -->","yoast_head_json":{"title":"Pisos en venta en Sarri\u00e1 Sant Gervasi | Loca Barcelona","description":"\u00bfBuscas un piso en venta en Sarri\u00e1 Sant Gervasi? Descubre todo lo que necesitas saber sobre la venta de pisos con Loca Barcelona.","robots":{"index":"noindex","follow":"follow","max-snippet":"max-snippet:-1","max-image-preview":"max-image-preview:large","max-video-preview":"max-video-preview:-1"},"og_locale":"es_ES","og_type":"article","og_title":"Pisos en venta en Sarri\u00e1 Sant Gervasi | Loca Barcelona","og_description":"\u00bfBuscas un piso en venta en Sarri\u00e1 Sant Gervasi? Descubre todo lo que necesitas saber sobre la venta de pisos con Loca Barcelona.","og_url":"https:\/\/locabarcelona.egluu.com\/es\/venta-de-pisos-barcelona\/sarria-sant-gervasi\/","og_site_name":"Locabarcelona","twitter_card":"summary_large_image","twitter_misc":{"Est. reading time":"3 minutos"},"schema":{"@context":"https:\/\/schema.org","@graph":[{"@type":"WebPage","@id":"https:\/\/locabarcelona.egluu.com\/es\/venta-de-pisos-barcelona\/sarria-sant-gervasi\/","url":"https:\/\/locabarcelona.egluu.com\/es\/venta-de-pisos-barcelona\/sarria-sant-gervasi\/","name":"Pisos en venta en Sarri\u00e1 Sant Gervasi | Loca Barcelona","isPartOf":{"@id":"https:\/\/locabarcelona.egluu.com\/es\/#website"},"datePublished":"2024-05-27T08:22:39+00:00","dateModified":"2024-05-27T08:22:39+00:00","description":"\u00bfBuscas un piso en venta en Sarri\u00e1 Sant Gervasi? Descubre todo lo que necesitas saber sobre la venta de pisos con Loca Barcelona.","breadcrumb":{"@id":"https:\/\/locabarcelona.egluu.com\/es\/venta-de-pisos-barcelona\/sarria-sant-gervasi\/#breadcrumb"},"inLanguage":"es","potentialAction":[{"@type":"ReadAction","target":["https:\/\/locabarcelona.egluu.com\/es\/venta-de-pisos-barcelona\/sarria-sant-gervasi\/"]}]},{"@type":"BreadcrumbList","@id":"https:\/\/locabarcelona.egluu.com\/es\/venta-de-pisos-barcelona\/sarria-sant-gervasi\/#breadcrumb","itemListElement":[{"@type":"ListItem","position":1,"name":"Inicio","item":"https:\/\/www.locabarcelona.com\/es\/home\/"},{"@type":"ListItem","position":2,"name":"Piso en venta en Barcelona","item":"https:\/\/www.locabarcelona.com\/es\/venta-de-pisos-barcelona\/"},{"@type":"ListItem","position":3,"name":"Pisos en venta en Sarria Sant Gervasi"}]},{"@type":"WebSite","@id":"https:\/\/locabarcelona.egluu.com\/es\/#website","url":"https:\/\/locabarcelona.egluu.com\/es\/","name":"Loca Barcelona","description":"Real Estate Services","publisher":{"@id":"https:\/\/locabarcelona.egluu.com\/es\/#organization"},"potentialAction":[{"@type":"SearchAction","target":{"@type":"EntryPoint","urlTemplate":"https:\/\/locabarcelona.egluu.com\/es\/?s={search_term_string}"},"query-input":"required name=search_term_string"}],"inLanguage":"es"},{"@type":"Organization","@id":"https:\/\/locabarcelona.egluu.com\/es\/#organization","name":"Loca Barcelona","url":"https:\/\/locabarcelona.egluu.com\/es\/","logo":{"@type":"ImageObject","inLanguage":"es","@id":"https:\/\/locabarcelona.egluu.com\/es\/#\/schema\/logo\/image\/","url":"https:\/\/locabarcelona.egluu.com\/wp-content\/uploads\/2021\/10\/logo_locabarcelona_small.png","contentUrl":"https:\/\/locabarcelona.egluu.com\/wp-content\/uploads\/2021\/10\/logo_locabarcelona_small.png","width":250,"height":149,"caption":"Loca Barcelona"},"image":{"@id":"https:\/\/locabarcelona.egluu.com\/es\/#\/schema\/logo\/image\/"}}]}},"_links":{"self":[{"href":"https:\/\/locabarcelona.egluu.com\/es\/wp-json\/wp\/v2\/pages\/528292"}],"collection":[{"href":"https:\/\/locabarcelona.egluu.com\/es\/wp-json\/wp\/v2\/pages"}],"about":[{"href":"https:\/\/locabarcelona.egluu.com\/es\/wp-json\/wp\/v2\/types\/page"}],"author":[{"embeddable":true,"href":"https:\/\/locabarcelona.egluu.com\/es\/wp-json\/wp\/v2\/users\/344"}],"replies":[{"embeddable":true,"href":"https:\/\/locabarcelona.egluu.com\/es\/wp-json\/wp\/v2\/comments?post=528292"}],"version-history":[{"count":16,"href":"https:\/\/locabarcelona.egluu.com\/es\/wp-json\/wp\/v2\/pages\/528292\/revisions"}],"predecessor-version":[{"id":528308,"href":"https:\/\/locabarcelona.egluu.com\/es\/wp-json\/wp\/v2\/pages\/528292\/revisions\/528308"}],"up":[{"embeddable":true,"href":"https:\/\/locabarcelona.egluu.com\/es\/wp-json\/wp\/v2\/pages\/496920"}],"wp:attachment":[{"href":"https:\/\/locabarcelona.egluu.com\/es\/wp-json\/wp\/v2\/media?parent=528292"}],"curies":[{"name":"wp","href":"https:\/\/api.w.org\/{rel}","templated":true}]}}