{"id":382605,"date":"2016-02-06T20:05:07","date_gmt":"2016-02-06T20:05:07","guid":{"rendered":"https:\/\/locabarcelona.egluu.com\/fr\/?page_id=382605"},"modified":"2016-02-06T21:10:43","modified_gmt":"2016-02-06T21:10:43","slug":"gestion-locative-barcelone","status":"publish","type":"page","link":"https:\/\/locabarcelona.egluu.com\/fr\/gestion-locative-barcelone\/","title":{"rendered":"Gestion locative de votre appartement \u00e0 Barcelone"},"content":{"rendered":"<p style=\"text-align: justify;\">\n<p style=\"text-align: justify;\"><strong>L&#8217;une des activit\u00e9s principales de Locabarcelona est la gestion locative. Nous sommes une agence leader \u00e0 Barcelone sur la gestion de votre appartement pour la location d&#8217;une dur\u00e9e minimum de 3 mois \u00e0 un maximum de 11 mois.<\/strong><\/p>\n<p style=\"text-align: justify;\">Locabarcelona offre\u00a0un service complet de gestion. Le propri\u00e9taire ne s&#8217;occupe de rien, pas de perte de temps et une rentabilit\u00e9 maximum.<\/p>\n<h2 style=\"text-align: justify;\"><span style=\"color: #39a5f2;\">Notre gestion locative en quelques mots:<\/span><\/h2>\n<ul style=\"text-align: justify;\">\n<li>plus de cent appartements en portefeuille,<\/li>\n<li>dur\u00e9e moyenne du contrat de location: 5 mois,<\/li>\n<li>moyenne occupation de nos appartements: 11,4 mois sur 12,<\/li>\n<li>20% de rentabilit\u00e9 nette en comparaison avec le march\u00e9 location longue dur\u00e9e,<\/li>\n<li>signature du contrat r\u00e9alis\u00e9 entre l&#8217;agence et le locataire,<\/li>\n<li>inventaire, \u00e9tat de lieux entrant et sortant r\u00e9alis\u00e9s par notre agent,<\/li>\n<li>encaissement et restitution de la caution,<\/li>\n<li>pr\u00e9l\u00e8vement\u00a0du loyer au locataire, suivi du paiement au propri\u00e9taire,<\/li>\n<li>calcul des consommations de charge,<\/li>\n<li>gestion des incidences: d\u00e9claration et suivi des sinistres assurance, maintenance, r\u00e9paration en cas de dommage&#8230;<\/li>\n<li>gestion du nettoyage de l&#8217;appartement entre deux locations,<\/li>\n<li>un unique agent en contact avec vous,<\/li>\n<li>possibilit\u00e9 aux propri\u00e9taires d&#8217;exclure une p\u00e9riode de l&#8217;ann\u00e9e pour faire usage de son appartement.<\/li>\n<\/ul>\n<p style=\"text-align: justify;\">Nous vous pr\u00e9sentons chronologiquement quelques d\u00e9tails sur notre service de gestion locatif:<\/p>\n<h2 style=\"text-align: justify;\"><span style=\"color: #39a5f2;\">Visite et estimation de votre bien:<\/span><\/h2>\n<ul style=\"text-align: justify;\">\n<li>visite de l&#8217;appartement par l&#8217;un de nos agents en pr\u00e9sence du propri\u00e9taire. Durant cette visite, prise <a href=\"https:\/\/locabarcelona.egluu.com\/wp-content\/uploads\/2015\/03\/LM29-0551.jpg\" rel=\"attachment wp-att-381632\"><img fetchpriority=\"high\" decoding=\"async\" class=\"alignright wp-image-381632\" src=\"https:\/\/locabarcelona.egluu.com\/wp-content\/uploads\/2015\/03\/LM29-0551.jpg\" alt=\"LM29-055\" width=\"372\" height=\"248\" \/><\/a>de connaissance des caract\u00e9ristiques du logement par l&#8217;agent: localisation, surface, typologie, \u00e9quipement.<\/li>\n<li>Recommandation au propri\u00e9taire sur d&#8217;\u00e9ventuelles am\u00e9liorations, r\u00e9paration ou \u00e9quipement \u00e0 ajouter afin d&#8217;am\u00e9liorer l&#8217;attrait de l&#8217;appartement face aux potentiels locataires et de maximiser le prix du loyer.<\/li>\n<li>Estimation locative de l&#8217;appartement\u00a0par m\u00e9thode comparative des biens lou\u00e9s par notre agence de m\u00eame surface, type et localisation.<\/li>\n<li>Appartement photographi\u00e9 par un professionnel.<\/li>\n<\/ul>\n<h2><span style=\"color: #39a5f2;\">Promotion de l&#8217;appartement, visite avec client<\/span><\/h2>\n<ul>\n<li>publication\u00a0de l&#8217;annonce de l&#8217;appartement sur tous les m\u00e9dias: site internet Locabarcelona, site gratuit et payant, nationaux et internationaux,<\/li>\n<li>gestion des demandes emails, t\u00e9l\u00e9phones,<\/li>\n<li>organisation des visites avec les clients,<\/li>\n<li>s\u00e9lection des potentiels clients suivant la documentation exig\u00e9e par l&#8217;agence,<\/li>\n<\/ul>\n<h2><span style=\"color: #39a5f2;\">Signature du contrat de location et gestion pendant le bail<\/span><\/h2>\n<p>&nbsp;<\/p>\n<ul>\n<li>signature du contrat de location entre l&#8217;agence et le locataire,<a href=\"https:\/\/locabarcelona.egluu.com\/wp-content\/uploads\/2016\/02\/Signature-contrat-location.jpg\" rel=\"attachment wp-att-382620\"><img decoding=\"async\" class=\"size-full wp-image-382620 alignright\" src=\"https:\/\/locabarcelona.egluu.com\/wp-content\/uploads\/2016\/02\/Signature-contrat-location.jpg\" alt=\"Signature contrat location\" width=\"204\" height=\"204\" srcset=\"https:\/\/locabarcelona.egluu.com\/wp-content\/uploads\/2016\/02\/Signature-contrat-location.jpg 204w, https:\/\/locabarcelona.egluu.com\/wp-content\/uploads\/2016\/02\/Signature-contrat-location-150x150.jpg 150w\" sizes=\"(max-width: 204px) 100vw, 204px\" \/><\/a><\/li>\n<li>encaissement 2 mois de caution, loyer entrant et avance sur charge de consommation,<\/li>\n<li>\u00e9tat des lieux entrant et inventaire,<\/li>\n<li>lecture des compteurs d&#8217;eau, \u00e9lectricit\u00e9 et gaz,<\/li>\n<li>gestion des incidences: r\u00e9parations, maintenance, sinistre assurance&#8230;<\/li>\n<li>\u00e9tat des lieux sortants,<\/li>\n<li>gestion du m\u00e9nage entre deux location,<\/li>\n<li>restitution de la caution au locataire.<\/li>\n<\/ul>\n","protected":false},"excerpt":{"rendered":"<p>L&#8217;une des activit\u00e9s principales de Locabarcelona est la gestion locative. Nous sommes une agence leader \u00e0 Barcelone sur la gestion de votre appartement pour la location d&#8217;une dur\u00e9e minimum de 3 mois \u00e0 un maximum de 11 mois. Locabarcelona offre\u00a0un service complet de gestion. Le propri\u00e9taire ne s&#8217;occupe de rien, pas de perte de temps&#8230;<\/p>\n","protected":false},"author":1,"featured_media":0,"parent":0,"menu_order":0,"comment_status":"closed","ping_status":"closed","template":"","meta":{"inline_featured_image":false,"footnotes":""},"yoast_head":"<!-- This site is optimized with the Yoast SEO Premium plugin v22.6 (Yoast SEO v22.6) - https:\/\/yoast.com\/wordpress\/plugins\/seo\/ -->\n<title>Gestion locative de votre appartement \u00e0 Barcelone | Locabarcelona<\/title>\n<meta name=\"robots\" content=\"noindex, follow, max-snippet:-1, max-image-preview:large, max-video-preview:-1\" \/>\n<meta property=\"og:locale\" content=\"fr_FR\" \/>\n<meta property=\"og:type\" content=\"article\" \/>\n<meta property=\"og:title\" content=\"Gestion locative de votre appartement \u00e0 Barcelone | Locabarcelona\" \/>\n<meta property=\"og:description\" content=\"L&#8217;une des activit\u00e9s principales de Locabarcelona est la gestion locative. Nous sommes une agence leader \u00e0 Barcelone sur la gestion de votre appartement pour la location d&#8217;une dur\u00e9e minimum de 3 mois \u00e0 un maximum de 11 mois. Locabarcelona offre\u00a0un service complet de gestion. Le propri\u00e9taire ne s&#8217;occupe de rien, pas de perte de temps...\" \/>\n<meta property=\"og:url\" content=\"https:\/\/locabarcelona.egluu.com\/fr\/gestion-locative-barcelone\/\" \/>\n<meta property=\"og:site_name\" content=\"Locabarcelona\" \/>\n<meta property=\"article:modified_time\" content=\"2016-02-06T21:10:43+00:00\" \/>\n<meta property=\"og:image\" content=\"https:\/\/www.locabarcelona.com\/wp-content\/uploads\/2015\/03\/Clef.jpg\" \/>\n\t<meta property=\"og:image:width\" content=\"2434\" \/>\n\t<meta property=\"og:image:height\" content=\"1520\" \/>\n\t<meta property=\"og:image:type\" content=\"image\/jpeg\" \/>\n<meta name=\"twitter:card\" content=\"summary_large_image\" \/>\n<meta name=\"twitter:label1\" content=\"Est. reading time\" \/>\n\t<meta name=\"twitter:data1\" content=\"2 minutes\" \/>\n<script type=\"application\/ld+json\" class=\"yoast-schema-graph\">{\"@context\":\"https:\/\/schema.org\",\"@graph\":[{\"@type\":\"WebPage\",\"@id\":\"https:\/\/locabarcelona.egluu.com\/fr\/gestion-locative-barcelone\/\",\"url\":\"https:\/\/locabarcelona.egluu.com\/fr\/gestion-locative-barcelone\/\",\"name\":\"Gestion locative de votre appartement \u00e0 Barcelone | Locabarcelona\",\"isPartOf\":{\"@id\":\"https:\/\/locabarcelona.egluu.com\/fr\/#website\"},\"primaryImageOfPage\":{\"@id\":\"https:\/\/locabarcelona.egluu.com\/fr\/gestion-locative-barcelone\/#primaryimage\"},\"image\":{\"@id\":\"https:\/\/locabarcelona.egluu.com\/fr\/gestion-locative-barcelone\/#primaryimage\"},\"thumbnailUrl\":\"https:\/\/locabarcelona.egluu.com\/wp-content\/uploads\/2015\/03\/LM29-0551.jpg\",\"datePublished\":\"2016-02-06T20:05:07+00:00\",\"dateModified\":\"2016-02-06T21:10:43+00:00\",\"breadcrumb\":{\"@id\":\"https:\/\/locabarcelona.egluu.com\/fr\/gestion-locative-barcelone\/#breadcrumb\"},\"inLanguage\":\"fr-FR\",\"potentialAction\":[{\"@type\":\"ReadAction\",\"target\":[\"https:\/\/locabarcelona.egluu.com\/fr\/gestion-locative-barcelone\/\"]}]},{\"@type\":\"ImageObject\",\"inLanguage\":\"fr-FR\",\"@id\":\"https:\/\/locabarcelona.egluu.com\/fr\/gestion-locative-barcelone\/#primaryimage\",\"url\":\"https:\/\/locabarcelona.egluu.com\/wp-content\/uploads\/2015\/03\/LM29-0551.jpg\",\"contentUrl\":\"https:\/\/locabarcelona.egluu.com\/wp-content\/uploads\/2015\/03\/LM29-0551.jpg\"},{\"@type\":\"BreadcrumbList\",\"@id\":\"https:\/\/locabarcelona.egluu.com\/fr\/gestion-locative-barcelone\/#breadcrumb\",\"itemListElement\":[{\"@type\":\"ListItem\",\"position\":1,\"name\":\"Inicio\",\"item\":\"https:\/\/www.locabarcelona.com\/fr\/home\/\"},{\"@type\":\"ListItem\",\"position\":2,\"name\":\"Gestion locative de votre appartement \u00e0 Barcelone\"}]},{\"@type\":\"WebSite\",\"@id\":\"https:\/\/locabarcelona.egluu.com\/fr\/#website\",\"url\":\"https:\/\/locabarcelona.egluu.com\/fr\/\",\"name\":\"Loca Barcelona\",\"description\":\"Real Estate Services\",\"publisher\":{\"@id\":\"https:\/\/locabarcelona.egluu.com\/fr\/#organization\"},\"potentialAction\":[{\"@type\":\"SearchAction\",\"target\":{\"@type\":\"EntryPoint\",\"urlTemplate\":\"https:\/\/locabarcelona.egluu.com\/fr\/?s={search_term_string}\"},\"query-input\":\"required name=search_term_string\"}],\"inLanguage\":\"fr-FR\"},{\"@type\":\"Organization\",\"@id\":\"https:\/\/locabarcelona.egluu.com\/fr\/#organization\",\"name\":\"Loca Barcelona\",\"url\":\"https:\/\/locabarcelona.egluu.com\/fr\/\",\"logo\":{\"@type\":\"ImageObject\",\"inLanguage\":\"fr-FR\",\"@id\":\"https:\/\/locabarcelona.egluu.com\/fr\/#\/schema\/logo\/image\/\",\"url\":\"https:\/\/locabarcelona.egluu.com\/wp-content\/uploads\/2021\/10\/logo_locabarcelona_small.png\",\"contentUrl\":\"https:\/\/locabarcelona.egluu.com\/wp-content\/uploads\/2021\/10\/logo_locabarcelona_small.png\",\"width\":250,\"height\":149,\"caption\":\"Loca Barcelona\"},\"image\":{\"@id\":\"https:\/\/locabarcelona.egluu.com\/fr\/#\/schema\/logo\/image\/\"}}]}<\/script>\n<!-- \/ Yoast SEO Premium plugin. -->","yoast_head_json":{"title":"Gestion locative de votre appartement \u00e0 Barcelone | Locabarcelona","robots":{"index":"noindex","follow":"follow","max-snippet":"max-snippet:-1","max-image-preview":"max-image-preview:large","max-video-preview":"max-video-preview:-1"},"og_locale":"fr_FR","og_type":"article","og_title":"Gestion locative de votre appartement \u00e0 Barcelone | Locabarcelona","og_description":"L&#8217;une des activit\u00e9s principales de Locabarcelona est la gestion locative. Nous sommes une agence leader \u00e0 Barcelone sur la gestion de votre appartement pour la location d&#8217;une dur\u00e9e minimum de 3 mois \u00e0 un maximum de 11 mois. Locabarcelona offre\u00a0un service complet de gestion. Le propri\u00e9taire ne s&#8217;occupe de rien, pas de perte de temps...","og_url":"https:\/\/locabarcelona.egluu.com\/fr\/gestion-locative-barcelone\/","og_site_name":"Locabarcelona","article_modified_time":"2016-02-06T21:10:43+00:00","og_image":[{"width":2434,"height":1520,"url":"https:\/\/www.locabarcelona.com\/wp-content\/uploads\/2015\/03\/Clef.jpg","type":"image\/jpeg"}],"twitter_card":"summary_large_image","twitter_misc":{"Est. reading time":"2 minutes"},"schema":{"@context":"https:\/\/schema.org","@graph":[{"@type":"WebPage","@id":"https:\/\/locabarcelona.egluu.com\/fr\/gestion-locative-barcelone\/","url":"https:\/\/locabarcelona.egluu.com\/fr\/gestion-locative-barcelone\/","name":"Gestion locative de votre appartement \u00e0 Barcelone | Locabarcelona","isPartOf":{"@id":"https:\/\/locabarcelona.egluu.com\/fr\/#website"},"primaryImageOfPage":{"@id":"https:\/\/locabarcelona.egluu.com\/fr\/gestion-locative-barcelone\/#primaryimage"},"image":{"@id":"https:\/\/locabarcelona.egluu.com\/fr\/gestion-locative-barcelone\/#primaryimage"},"thumbnailUrl":"https:\/\/locabarcelona.egluu.com\/wp-content\/uploads\/2015\/03\/LM29-0551.jpg","datePublished":"2016-02-06T20:05:07+00:00","dateModified":"2016-02-06T21:10:43+00:00","breadcrumb":{"@id":"https:\/\/locabarcelona.egluu.com\/fr\/gestion-locative-barcelone\/#breadcrumb"},"inLanguage":"fr-FR","potentialAction":[{"@type":"ReadAction","target":["https:\/\/locabarcelona.egluu.com\/fr\/gestion-locative-barcelone\/"]}]},{"@type":"ImageObject","inLanguage":"fr-FR","@id":"https:\/\/locabarcelona.egluu.com\/fr\/gestion-locative-barcelone\/#primaryimage","url":"https:\/\/locabarcelona.egluu.com\/wp-content\/uploads\/2015\/03\/LM29-0551.jpg","contentUrl":"https:\/\/locabarcelona.egluu.com\/wp-content\/uploads\/2015\/03\/LM29-0551.jpg"},{"@type":"BreadcrumbList","@id":"https:\/\/locabarcelona.egluu.com\/fr\/gestion-locative-barcelone\/#breadcrumb","itemListElement":[{"@type":"ListItem","position":1,"name":"Inicio","item":"https:\/\/www.locabarcelona.com\/fr\/home\/"},{"@type":"ListItem","position":2,"name":"Gestion locative de votre appartement \u00e0 Barcelone"}]},{"@type":"WebSite","@id":"https:\/\/locabarcelona.egluu.com\/fr\/#website","url":"https:\/\/locabarcelona.egluu.com\/fr\/","name":"Loca Barcelona","description":"Real Estate Services","publisher":{"@id":"https:\/\/locabarcelona.egluu.com\/fr\/#organization"},"potentialAction":[{"@type":"SearchAction","target":{"@type":"EntryPoint","urlTemplate":"https:\/\/locabarcelona.egluu.com\/fr\/?s={search_term_string}"},"query-input":"required name=search_term_string"}],"inLanguage":"fr-FR"},{"@type":"Organization","@id":"https:\/\/locabarcelona.egluu.com\/fr\/#organization","name":"Loca Barcelona","url":"https:\/\/locabarcelona.egluu.com\/fr\/","logo":{"@type":"ImageObject","inLanguage":"fr-FR","@id":"https:\/\/locabarcelona.egluu.com\/fr\/#\/schema\/logo\/image\/","url":"https:\/\/locabarcelona.egluu.com\/wp-content\/uploads\/2021\/10\/logo_locabarcelona_small.png","contentUrl":"https:\/\/locabarcelona.egluu.com\/wp-content\/uploads\/2021\/10\/logo_locabarcelona_small.png","width":250,"height":149,"caption":"Loca Barcelona"},"image":{"@id":"https:\/\/locabarcelona.egluu.com\/fr\/#\/schema\/logo\/image\/"}}]}},"_links":{"self":[{"href":"https:\/\/locabarcelona.egluu.com\/fr\/wp-json\/wp\/v2\/pages\/382605"}],"collection":[{"href":"https:\/\/locabarcelona.egluu.com\/fr\/wp-json\/wp\/v2\/pages"}],"about":[{"href":"https:\/\/locabarcelona.egluu.com\/fr\/wp-json\/wp\/v2\/types\/page"}],"author":[{"embeddable":true,"href":"https:\/\/locabarcelona.egluu.com\/fr\/wp-json\/wp\/v2\/users\/1"}],"replies":[{"embeddable":true,"href":"https:\/\/locabarcelona.egluu.com\/fr\/wp-json\/wp\/v2\/comments?post=382605"}],"version-history":[{"count":0,"href":"https:\/\/locabarcelona.egluu.com\/fr\/wp-json\/wp\/v2\/pages\/382605\/revisions"}],"wp:attachment":[{"href":"https:\/\/locabarcelona.egluu.com\/fr\/wp-json\/wp\/v2\/media?parent=382605"}],"curies":[{"name":"wp","href":"https:\/\/api.w.org\/{rel}","templated":true}]}}