{"id":405807,"date":"2021-07-14T17:26:08","date_gmt":"2021-07-14T15:26:08","guid":{"rendered":"https:\/\/locabarcelona.egluu.com\/recruitment\/"},"modified":"2023-02-04T14:18:30","modified_gmt":"2023-02-04T13:18:30","slug":"travailler-chez-nous","status":"publish","type":"page","link":"https:\/\/locabarcelona.egluu.com\/fr\/qui-sommes-nous\/travailler-chez-nous\/","title":{"rendered":"Travailler chez nous"},"content":{"rendered":"\t\t<div data-elementor-type=\"wp-page\" data-elementor-id=\"405807\" class=\"elementor elementor-405807 elementor-404896\" data-elementor-post-type=\"page\">\n\t\t\t\t\t\t<section class=\"elementor-section elementor-top-section elementor-element elementor-element-45237b8 elementor-section-boxed elementor-section-height-default elementor-section-height-default\" data-id=\"45237b8\" data-element_type=\"section\">\n\t\t\t\t\t\t<div class=\"elementor-container elementor-column-gap-default\">\n\t\t\t\t\t<div class=\"elementor-column elementor-col-100 elementor-top-column elementor-element elementor-element-13b836a\" data-id=\"13b836a\" data-element_type=\"column\">\n\t\t\t<div class=\"elementor-widget-wrap elementor-element-populated\">\n\t\t\t\t\t\t<div class=\"elementor-element elementor-element-6357146 elementor-widget elementor-widget-heading\" data-id=\"6357146\" data-element_type=\"widget\" data-widget_type=\"heading.default\">\n\t\t\t\t<div class=\"elementor-widget-container\">\n\t\t\t<h1 class=\"elementor-heading-title elementor-size-default\">Nos offres disponibles<\/h1>\t\t<\/div>\n\t\t\t\t<\/div>\n\t\t\t\t<div class=\"elementor-element elementor-element-292628b elementor-widget elementor-widget-heading\" data-id=\"292628b\" data-element_type=\"widget\" data-widget_type=\"heading.default\">\n\t\t\t\t<div class=\"elementor-widget-container\">\n\t\t\t<p class=\"elementor-heading-title elementor-size-small\">En plus d'un bel appartement on peut vous proposer un super job...<\/p>\t\t<\/div>\n\t\t\t\t<\/div>\n\t\t\t\t\t<\/div>\n\t\t<\/div>\n\t\t\t\t\t<\/div>\n\t\t<\/section>\n\t\t\t\t<section class=\"elementor-section elementor-top-section elementor-element elementor-element-54b3489 elementor-section-boxed elementor-section-height-default elementor-section-height-default\" data-id=\"54b3489\" data-element_type=\"section\">\n\t\t\t\t\t\t<div class=\"elementor-container elementor-column-gap-default\">\n\t\t\t\t\t<div class=\"elementor-column elementor-col-100 elementor-top-column elementor-element elementor-element-2566764\" data-id=\"2566764\" data-element_type=\"column\">\n\t\t\t<div class=\"elementor-widget-wrap elementor-element-populated\">\n\t\t\t\t\t\t<div class=\"elementor-element elementor-element-45bfc31 elementor-widget elementor-widget-wp-widget-loca_pages_widget\" data-id=\"45bfc31\" data-element_type=\"widget\" data-widget_type=\"wp-widget-loca_pages_widget.default\">\n\t\t\t\t<div class=\"elementor-widget-container\">\n\t\t\t\n\t\t\t<ul class=\"loca_pages\">\n\t\t\t\t<li class=\"page_item page-item-409727\"><a href=\"https:\/\/locabarcelona.egluu.com\/fr\/qui-sommes-nous\/travailler-chez-nous\/stagiaire-commercial\/\">Stage assistant commercial immobilier<\/a><\/li>\n<li class=\"page_item page-item-422099\"><a href=\"https:\/\/locabarcelona.egluu.com\/fr\/qui-sommes-nous\/travailler-chez-nous\/communication-officer-6-months-fixed-term-contract\/\">Stage assistante communication et marketing<\/a><\/li>\n\t\t\t<\/ul>\n\n\t\t\t\t\t<\/div>\n\t\t\t\t<\/div>\n\t\t\t\t\t<\/div>\n\t\t<\/div>\n\t\t\t\t\t<\/div>\n\t\t<\/section>\n\t\t\t\t<section class=\"elementor-section elementor-top-section elementor-element elementor-element-eb281d3 elementor-section-boxed elementor-section-height-default elementor-section-height-default\" data-id=\"eb281d3\" data-element_type=\"section\" data-settings=\"{&quot;background_background&quot;:&quot;classic&quot;}\">\n\t\t\t\t\t\t<div class=\"elementor-container elementor-column-gap-default\">\n\t\t\t\t\t<div class=\"elementor-column elementor-col-100 elementor-top-column elementor-element elementor-element-2b4a765\" data-id=\"2b4a765\" data-element_type=\"column\">\n\t\t\t<div class=\"elementor-widget-wrap elementor-element-populated\">\n\t\t\t\t\t\t<div class=\"elementor-element elementor-element-07ebd18 elementor-widget elementor-widget-heading\" data-id=\"07ebd18\" data-element_type=\"widget\" data-widget_type=\"heading.default\">\n\t\t\t\t<div class=\"elementor-widget-container\">\n\t\t\t<h2 class=\"elementor-heading-title elementor-size-default\">Envoyez-nous votre CV<\/h2>\t\t<\/div>\n\t\t\t\t<\/div>\n\t\t\t\t<div class=\"elementor-element elementor-element-3e4dc22 elementor-widget elementor-widget-heading\" data-id=\"3e4dc22\" data-element_type=\"widget\" data-widget_type=\"heading.default\">\n\t\t\t\t<div class=\"elementor-widget-container\">\n\t\t\t<p class=\"elementor-heading-title elementor-size-small\">Il n'y a pas d'offres qui correspondent \u00e0 votre profil ?<\/p>\t\t<\/div>\n\t\t\t\t<\/div>\n\t\t\t\t<div class=\"elementor-element elementor-element-d311c3d elementor-widget elementor-widget-void-section-cf7\" data-id=\"d311c3d\" data-element_type=\"widget\" data-widget_type=\"void-section-cf7.default\">\n\t\t\t\t<div class=\"elementor-widget-container\">\n\t\t\t<div class=\"void-cf7-form-widget-wrapper elementor-shortcode void-cf7-0\" data-void-cf7-contact-form-id=\"404895\">\n<div class=\"wpcf7 no-js\" id=\"wpcf7-f405448-o1\" lang=\"fr-FR\" dir=\"ltr\">\n<div class=\"screen-reader-response\"><p role=\"status\" aria-live=\"polite\" aria-atomic=\"true\"><\/p> <ul><\/ul><\/div>\n<form action=\"\/fr\/wp-json\/wp\/v2\/pages\/405807#wpcf7-f405448-o1\" method=\"post\" class=\"wpcf7-form init\" aria-label=\"Contact form\" enctype=\"multipart\/form-data\" novalidate=\"novalidate\" data-status=\"init\">\n<div style=\"display: none;\">\n<input type=\"hidden\" name=\"_wpcf7\" value=\"405448\" \/>\n<input type=\"hidden\" name=\"_wpcf7_version\" value=\"5.9.4\" \/>\n<input type=\"hidden\" name=\"_wpcf7_locale\" value=\"fr_FR\" \/>\n<input type=\"hidden\" name=\"_wpcf7_unit_tag\" value=\"wpcf7-f405448-o1\" \/>\n<input type=\"hidden\" name=\"_wpcf7_container_post\" value=\"0\" \/>\n<input type=\"hidden\" name=\"_wpcf7_posted_data_hash\" value=\"\" \/>\n<input type=\"hidden\" name=\"_wpcf7_recaptcha_response\" value=\"\" \/>\n<\/div>\n<div class=\"columns-2\">\n\t<div class=\"column\">\n\t\t<p><span class=\"wpcf7-form-control-wrap\" data-name=\"your-surname\"><input size=\"40\" class=\"wpcf7-form-control wpcf7-text wpcf7-validates-as-required\" aria-required=\"true\" aria-invalid=\"false\" placeholder=\"Pr\u00e9nom\" value=\"\" type=\"text\" name=\"your-surname\" \/><\/span><br \/>\n<span class=\"wpcf7-form-control-wrap\" data-name=\"your-name\"><input size=\"40\" class=\"wpcf7-form-control wpcf7-text wpcf7-validates-as-required\" aria-required=\"true\" aria-invalid=\"false\" placeholder=\"Nom\" value=\"\" type=\"text\" name=\"your-name\" \/><\/span><br \/>\n<span class=\"wpcf7-form-control-wrap\" data-name=\"your-email\"><input size=\"40\" class=\"wpcf7-form-control wpcf7-email wpcf7-validates-as-required wpcf7-text wpcf7-validates-as-email\" aria-required=\"true\" aria-invalid=\"false\" placeholder=\"Email\" value=\"\" type=\"email\" name=\"your-email\" \/><\/span><br \/>\n<span class=\"wpcf7-form-control-wrap\" data-name=\"your-phone\"><input size=\"40\" class=\"wpcf7-form-control wpcf7-text wpcf7-validates-as-required\" aria-required=\"true\" aria-invalid=\"false\" placeholder=\"T\u00e9l\u00e9phone\" value=\"\" type=\"text\" name=\"your-phone\" \/><\/span>\n\t\t<\/p>\n\t<\/div>\n\t<div class=\"column\">\n\t\t<p><label class=\"file-cv\">joindre votre CV<\/label><br \/>\n<span class=\"wpcf7-form-control-wrap\" data-name=\"file-cv\"><input size=\"40\" class=\"wpcf7-form-control wpcf7-file wpcf7-validates-as-required\" id=\"file-cv\" accept=\".pdf,.doc,.docx,.txt,.jpg,.png\" aria-required=\"true\" aria-invalid=\"false\" type=\"file\" name=\"file-cv\" \/><\/span><br \/>\n<span class=\"wpcf7-form-control-wrap\" data-name=\"your-message\"><textarea cols=\"40\" rows=\"10\" class=\"wpcf7-form-control wpcf7-textarea\" aria-invalid=\"false\" placeholder=\"Message\" name=\"your-message\"><\/textarea><\/span><br \/>\n\t\t<span class=\"wpcf7-form-control-wrap offer\" data-name=\"offer\"><input type=\"hidden\" name=\"offer\" id=\"\" class=\"wpcf7-form-control wpcf7-hidden wpcf7dtx wpcf7dtx-hidden\" aria-invalid=\"false\" value=\"Travailler chez nous\" \/><\/span><br \/>\n<input class=\"wpcf7-form-control wpcf7-submit has-spinner\" type=\"submit\" value=\"Envoyer &gt;\" \/>\n\t\t<\/p>\n\t<\/div>\n<\/div>\n<div>\n\t<p><span class=\"wpcf7-form-control-wrap\" data-name=\"checkbox-248\"><span class=\"wpcf7-form-control wpcf7-checkbox wpcf7-validates-as-required contactform-checkbox-container\"><span class=\"wpcf7-list-item first last\"><input type=\"checkbox\" name=\"checkbox-248[]\" value=\"J\u2019accepte que mes donn\u00e9es soient trait\u00e9es pour faire partie de la base de donn\u00e9es des candidats.\" \/><span class=\"wpcf7-list-item-label\">J\u2019accepte que mes donn\u00e9es soient trait\u00e9es pour faire partie de la base de donn\u00e9es des candidats.<\/span><\/span><\/span><\/span>\n\t<\/p>\n\t<div>\n\t\t<p>Conform\u00e9ment aux dispositions du R\u00e8glement (UE) 2016\/679 du 27 avril 2016 (RGPD), \u00e0 la loi organique 3\/2018 du 5 d\u00e9cembre (LOPDGDD) et aux autres r\u00e9glementations en vigueur en mati\u00e8re de protection des donn\u00e9es \u00e0 caract\u00e8re personnel, nous vous informons que les donn\u00e9es \u00e0 caract\u00e8re personnel fournies seront trait\u00e9es par LOCA BCN SERVICES SL, domicili\u00e9e Calle Aragon 259 Pral 2B 08007, Barcelona (le responsable du traitement).<br \/>\nLes donn\u00e9es fournies seront trait\u00e9es \u00e0 l\u2019unique fin de permettre \u00e0 la personne concern\u00e9e de participer aux proc\u00e9dures de s\u00e9lection du personnel en cours ou \u00e0 de futures proc\u00e9dures auxquelles le\/la candidat(e) pourra s\u2019inscrire. Elles ne pourront pas \u00eatre utilis\u00e9es \u00e0 d\u2019autres fins. Nous vous prions de bien vouloir nous communiquer par \u00e9crit d\u00e8s que possible toute modification apport\u00e9e \u00e0 vos donn\u00e9es, afin de garder celles-ci \u00e0 jour. Vos donn\u00e9es ne seront pas communiqu\u00e9es \u00e0 des tiers, sauf obligation l\u00e9gale.<br \/>\nLes donn\u00e9es seront conserv\u00e9es pendant une dur\u00e9e maximale de trois mois, \u00e0 l\u2019issue de laquelle elles seront supprim\u00e9es. Nous vous garantissons le strict respect de la confidentialit\u00e9, tant durant le traitement que durant leur destruction ult\u00e9rieure.<br \/>\nNous vous informons par cons\u00e9quent que vous \u00eates en droit de d\u00e9poser une demande d\u2019acc\u00e8s, de rectification, de portabilit\u00e9 et de suppression de vos donn\u00e9es, ainsi que de limitation et d\u2019opposition \u00e0 leur traitement, en l\u2019adressant \u00e0 Calle Aragon 259 Pral 2B 08007, Barcelona ou par email \u00e0 lopd@locabarcelona.com, en indiquant le type de droit que vous souhaitez exercer. Vous devrez joindre \u00e0 votre requ\u00eate une copie de votre carte d\u2019identit\u00e9 ou d\u2019un document analogue en droit. Si vous estimez que le traitement des donn\u00e9es \u00e0 caract\u00e8re personnel n\u2019est pas conforme \u00e0 la r\u00e9glementation en vigueur, vous \u00eates \u00e9galement en droit de d\u00e9poser une r\u00e9clamation aupr\u00e8s de l\u2019autorit\u00e9 de contr\u00f4le (www.aepd.es).\n\t\t<\/p>\n\t<\/div>\n<\/div><div class=\"wpcf7-response-output\" aria-hidden=\"true\"><\/div>\n<\/form>\n<\/div>\n<\/div>\t\t<\/div>\n\t\t\t\t<\/div>\n\t\t\t\t\t<\/div>\n\t\t<\/div>\n\t\t\t\t\t<\/div>\n\t\t<\/section>\n\t\t\t\t<\/div>\n\t\t","protected":false},"excerpt":{"rendered":"<p>Nos offres disponibles En plus d&#8217;un bel appartement on peut vous proposer un super job&#8230; Envoyez-nous votre CV Il n&#8217;y a pas d&#8217;offres qui correspondent \u00e0 votre profil ? attach your resume<\/p>\n","protected":false},"author":2,"featured_media":0,"parent":409761,"menu_order":0,"comment_status":"closed","ping_status":"closed","template":"page-elementor-clean.php","meta":{"inline_featured_image":false,"footnotes":""},"yoast_head":"<!-- This site is optimized with the Yoast SEO Premium plugin v22.6 (Yoast SEO v22.6) - https:\/\/yoast.com\/wordpress\/plugins\/seo\/ -->\n<title>Travailler chez nous | Locabarcelona<\/title>\n<meta name=\"robots\" content=\"noindex, follow, max-snippet:-1, max-image-preview:large, max-video-preview:-1\" \/>\n<meta property=\"og:locale\" content=\"fr_FR\" \/>\n<meta property=\"og:type\" content=\"article\" \/>\n<meta property=\"og:title\" content=\"Travailler chez nous | Locabarcelona\" \/>\n<meta property=\"og:description\" content=\"Nos offres disponibles En plus d&#8217;un bel appartement on peut vous proposer un super job&#8230; Envoyez-nous votre CV Il n&#8217;y a pas d&#8217;offres qui correspondent \u00e0 votre profil ? attach your resume\" \/>\n<meta property=\"og:url\" content=\"https:\/\/locabarcelona.egluu.com\/fr\/qui-sommes-nous\/travailler-chez-nous\/\" \/>\n<meta property=\"og:site_name\" content=\"Locabarcelona\" \/>\n<meta property=\"article:modified_time\" content=\"2023-02-04T13:18:30+00:00\" \/>\n<meta name=\"twitter:card\" content=\"summary_large_image\" \/>\n<meta name=\"twitter:label1\" content=\"Est. reading time\" \/>\n\t<meta name=\"twitter:data1\" content=\"1 minute\" \/>\n<script type=\"application\/ld+json\" class=\"yoast-schema-graph\">{\"@context\":\"https:\/\/schema.org\",\"@graph\":[{\"@type\":\"WebPage\",\"@id\":\"https:\/\/locabarcelona.egluu.com\/fr\/qui-sommes-nous\/travailler-chez-nous\/\",\"url\":\"https:\/\/locabarcelona.egluu.com\/fr\/qui-sommes-nous\/travailler-chez-nous\/\",\"name\":\"Travailler chez nous | Locabarcelona\",\"isPartOf\":{\"@id\":\"https:\/\/locabarcelona.egluu.com\/fr\/#website\"},\"datePublished\":\"2021-07-14T15:26:08+00:00\",\"dateModified\":\"2023-02-04T13:18:30+00:00\",\"breadcrumb\":{\"@id\":\"https:\/\/locabarcelona.egluu.com\/fr\/qui-sommes-nous\/travailler-chez-nous\/#breadcrumb\"},\"inLanguage\":\"fr-FR\",\"potentialAction\":[{\"@type\":\"ReadAction\",\"target\":[\"https:\/\/locabarcelona.egluu.com\/fr\/qui-sommes-nous\/travailler-chez-nous\/\"]}]},{\"@type\":\"BreadcrumbList\",\"@id\":\"https:\/\/locabarcelona.egluu.com\/fr\/qui-sommes-nous\/travailler-chez-nous\/#breadcrumb\",\"itemListElement\":[{\"@type\":\"ListItem\",\"position\":1,\"name\":\"Inicio\",\"item\":\"https:\/\/www.locabarcelona.com\/fr\/home\/\"},{\"@type\":\"ListItem\",\"position\":2,\"name\":\"Qui sommes-nous?\",\"item\":\"https:\/\/www.locabarcelona.com\/fr\/qui-sommes-nous\/\"},{\"@type\":\"ListItem\",\"position\":3,\"name\":\"Travailler chez nous\"}]},{\"@type\":\"WebSite\",\"@id\":\"https:\/\/locabarcelona.egluu.com\/fr\/#website\",\"url\":\"https:\/\/locabarcelona.egluu.com\/fr\/\",\"name\":\"Loca Barcelona\",\"description\":\"Real Estate Services\",\"publisher\":{\"@id\":\"https:\/\/locabarcelona.egluu.com\/fr\/#organization\"},\"potentialAction\":[{\"@type\":\"SearchAction\",\"target\":{\"@type\":\"EntryPoint\",\"urlTemplate\":\"https:\/\/locabarcelona.egluu.com\/fr\/?s={search_term_string}\"},\"query-input\":\"required name=search_term_string\"}],\"inLanguage\":\"fr-FR\"},{\"@type\":\"Organization\",\"@id\":\"https:\/\/locabarcelona.egluu.com\/fr\/#organization\",\"name\":\"Loca Barcelona\",\"url\":\"https:\/\/locabarcelona.egluu.com\/fr\/\",\"logo\":{\"@type\":\"ImageObject\",\"inLanguage\":\"fr-FR\",\"@id\":\"https:\/\/locabarcelona.egluu.com\/fr\/#\/schema\/logo\/image\/\",\"url\":\"https:\/\/locabarcelona.egluu.com\/wp-content\/uploads\/2021\/10\/logo_locabarcelona_small.png\",\"contentUrl\":\"https:\/\/locabarcelona.egluu.com\/wp-content\/uploads\/2021\/10\/logo_locabarcelona_small.png\",\"width\":250,\"height\":149,\"caption\":\"Loca Barcelona\"},\"image\":{\"@id\":\"https:\/\/locabarcelona.egluu.com\/fr\/#\/schema\/logo\/image\/\"}}]}<\/script>\n<!-- \/ Yoast SEO Premium plugin. -->","yoast_head_json":{"title":"Travailler chez nous | Locabarcelona","robots":{"index":"noindex","follow":"follow","max-snippet":"max-snippet:-1","max-image-preview":"max-image-preview:large","max-video-preview":"max-video-preview:-1"},"og_locale":"fr_FR","og_type":"article","og_title":"Travailler chez nous | Locabarcelona","og_description":"Nos offres disponibles En plus d&#8217;un bel appartement on peut vous proposer un super job&#8230; Envoyez-nous votre CV Il n&#8217;y a pas d&#8217;offres qui correspondent \u00e0 votre profil ? attach your resume","og_url":"https:\/\/locabarcelona.egluu.com\/fr\/qui-sommes-nous\/travailler-chez-nous\/","og_site_name":"Locabarcelona","article_modified_time":"2023-02-04T13:18:30+00:00","twitter_card":"summary_large_image","twitter_misc":{"Est. reading time":"1 minute"},"schema":{"@context":"https:\/\/schema.org","@graph":[{"@type":"WebPage","@id":"https:\/\/locabarcelona.egluu.com\/fr\/qui-sommes-nous\/travailler-chez-nous\/","url":"https:\/\/locabarcelona.egluu.com\/fr\/qui-sommes-nous\/travailler-chez-nous\/","name":"Travailler chez nous | Locabarcelona","isPartOf":{"@id":"https:\/\/locabarcelona.egluu.com\/fr\/#website"},"datePublished":"2021-07-14T15:26:08+00:00","dateModified":"2023-02-04T13:18:30+00:00","breadcrumb":{"@id":"https:\/\/locabarcelona.egluu.com\/fr\/qui-sommes-nous\/travailler-chez-nous\/#breadcrumb"},"inLanguage":"fr-FR","potentialAction":[{"@type":"ReadAction","target":["https:\/\/locabarcelona.egluu.com\/fr\/qui-sommes-nous\/travailler-chez-nous\/"]}]},{"@type":"BreadcrumbList","@id":"https:\/\/locabarcelona.egluu.com\/fr\/qui-sommes-nous\/travailler-chez-nous\/#breadcrumb","itemListElement":[{"@type":"ListItem","position":1,"name":"Inicio","item":"https:\/\/www.locabarcelona.com\/fr\/home\/"},{"@type":"ListItem","position":2,"name":"Qui sommes-nous?","item":"https:\/\/www.locabarcelona.com\/fr\/qui-sommes-nous\/"},{"@type":"ListItem","position":3,"name":"Travailler chez nous"}]},{"@type":"WebSite","@id":"https:\/\/locabarcelona.egluu.com\/fr\/#website","url":"https:\/\/locabarcelona.egluu.com\/fr\/","name":"Loca Barcelona","description":"Real Estate Services","publisher":{"@id":"https:\/\/locabarcelona.egluu.com\/fr\/#organization"},"potentialAction":[{"@type":"SearchAction","target":{"@type":"EntryPoint","urlTemplate":"https:\/\/locabarcelona.egluu.com\/fr\/?s={search_term_string}"},"query-input":"required name=search_term_string"}],"inLanguage":"fr-FR"},{"@type":"Organization","@id":"https:\/\/locabarcelona.egluu.com\/fr\/#organization","name":"Loca Barcelona","url":"https:\/\/locabarcelona.egluu.com\/fr\/","logo":{"@type":"ImageObject","inLanguage":"fr-FR","@id":"https:\/\/locabarcelona.egluu.com\/fr\/#\/schema\/logo\/image\/","url":"https:\/\/locabarcelona.egluu.com\/wp-content\/uploads\/2021\/10\/logo_locabarcelona_small.png","contentUrl":"https:\/\/locabarcelona.egluu.com\/wp-content\/uploads\/2021\/10\/logo_locabarcelona_small.png","width":250,"height":149,"caption":"Loca Barcelona"},"image":{"@id":"https:\/\/locabarcelona.egluu.com\/fr\/#\/schema\/logo\/image\/"}}]}},"_links":{"self":[{"href":"https:\/\/locabarcelona.egluu.com\/fr\/wp-json\/wp\/v2\/pages\/405807"}],"collection":[{"href":"https:\/\/locabarcelona.egluu.com\/fr\/wp-json\/wp\/v2\/pages"}],"about":[{"href":"https:\/\/locabarcelona.egluu.com\/fr\/wp-json\/wp\/v2\/types\/page"}],"author":[{"embeddable":true,"href":"https:\/\/locabarcelona.egluu.com\/fr\/wp-json\/wp\/v2\/users\/2"}],"replies":[{"embeddable":true,"href":"https:\/\/locabarcelona.egluu.com\/fr\/wp-json\/wp\/v2\/comments?post=405807"}],"version-history":[{"count":0,"href":"https:\/\/locabarcelona.egluu.com\/fr\/wp-json\/wp\/v2\/pages\/405807\/revisions"}],"up":[{"embeddable":true,"href":"https:\/\/locabarcelona.egluu.com\/fr\/wp-json\/wp\/v2\/pages\/409761"}],"wp:attachment":[{"href":"https:\/\/locabarcelona.egluu.com\/fr\/wp-json\/wp\/v2\/media?parent=405807"}],"curies":[{"name":"wp","href":"https:\/\/api.w.org\/{rel}","templated":true}]}}