{"id":409727,"date":"2021-07-14T18:03:50","date_gmt":"2021-07-14T16:03:50","guid":{"rendered":"https:\/\/locabarcelona.egluu.com\/recruitment\/sales-assistant\/"},"modified":"2021-11-15T11:55:00","modified_gmt":"2021-11-15T10:55:00","slug":"stagiaire-commercial","status":"publish","type":"page","link":"https:\/\/locabarcelona.egluu.com\/fr\/qui-sommes-nous\/travailler-chez-nous\/stagiaire-commercial\/","title":{"rendered":"Stage assistant commercial immobilier"},"content":{"rendered":"\t\t<div data-elementor-type=\"wp-page\" data-elementor-id=\"409727\" class=\"elementor elementor-409727 elementor-404903\" data-elementor-post-type=\"page\">\n\t\t\t\t\t\t<section class=\"elementor-section elementor-top-section elementor-element elementor-element-120489e9 elementor-section-boxed elementor-section-height-default elementor-section-height-default\" data-id=\"120489e9\" data-element_type=\"section\">\n\t\t\t\t\t\t<div class=\"elementor-container elementor-column-gap-default\">\n\t\t\t\t\t<div class=\"elementor-column elementor-col-100 elementor-top-column elementor-element elementor-element-34c7d878\" data-id=\"34c7d878\" data-element_type=\"column\">\n\t\t\t<div class=\"elementor-widget-wrap elementor-element-populated\">\n\t\t\t\t\t\t<div class=\"elementor-element elementor-element-f3930ed elementor-widget elementor-widget-text-editor\" data-id=\"f3930ed\" data-element_type=\"widget\" data-widget_type=\"text-editor.default\">\n\t\t\t\t<div class=\"elementor-widget-container\">\n\t\t\t\t\t\t\t<p>Nous recherchons un stagiaire commercial motiv\u00e9 pour rejoindre notre \u00e9quipe!<\/p><p><strong>Responsabilit\u00e9s:<\/strong><\/p><ul id=\"block-555c488a-1aa2-4f11-90a9-967f39a5e438\"><li>Gestion des demandes entrantes des clients par e-mail, t\u00e9l\u00e9phone ou en pr\u00e9sentiel<\/li><li>Appui administratif<\/li><li>Visites d&#8217;appartements et gestion des r\u00e9servations\u00a0<\/li><li>D\u00e9veloppement du portefeuille de clients et des gestion des nouvelles incorporations<\/li><li>Maintenir un suivi des tendances du march\u00e9 immobilier<\/li><li>Assister l&#8217;\u00e9quipe commerciale dans les t\u00e2ches quotidiennes<\/li><\/ul><p><strong>Pr\u00e9 requis:<\/strong><\/p><ul id=\"block-555c488a-1aa2-4f11-90a9-967f39a5e438\"><li>Int\u00e9r\u00eat pour le march\u00e9 immobilier<\/li><li>Ma\u00eetrise de l&#8217;anglais et de l&#8217;espagnol<\/li><li>Catalan ou fran\u00e7ais appr\u00e9ci\u00e9s mais non obligatoire<\/li><li>Personne enthousiaste, cr\u00e9ative, autonome et tr\u00e8s organis\u00e9e<\/li><li>Bon communicant<\/li><li>Motiv\u00e9 pour apprendre<\/li><li>Capacit\u00e9 \u00e0 travailler seul et en \u00e9quipe<\/li><li>Excellente connaissance du pack Office<\/li><li>Convention de stage<\/li><li>Stage minimum de 4 mois<\/li><li>Nous recherchons des stagiaires toute l&#8217;ann\u00e9e<\/li><\/ul><p><strong>Salaire<\/strong>:<br \/>500 euros net mensuel<br \/>+ commission 30 euros par appartement lou\u00e9<br \/>+ incentive<br \/>+ Carte de m\u00e9tro et bus pour voyages illimit\u00e9s<\/p><p><strong><span class=\"translation-word translation-chunk\" data-align=\"0:4\">Envoyez-nous<\/span> <span class=\"translation-word \">votre<\/span> <span class=\"translation-word \">CV<\/span> <span class=\"translation-word \">et<\/span> <span class=\"translation-word \">lettre<\/span> <span class=\"translation-word \">de<\/span> <span class=\"translation-word \">motivation<\/span> <span class=\"translation-word \">d\u00e8s<\/span> <span class=\"translation-word \">aujourd&#8217;hui !<\/span><\/strong><\/p>\t\t\t\t\t\t<\/div>\n\t\t\t\t<\/div>\n\t\t\t\t\t<\/div>\n\t\t<\/div>\n\t\t\t\t\t<\/div>\n\t\t<\/section>\n\t\t\t\t<\/div>\n\t\t","protected":false},"excerpt":{"rendered":"<p>Nous recherchons un stagiaire commercial motiv\u00e9 pour rejoindre notre \u00e9quipe! Responsabilit\u00e9s: Gestion des demandes entrantes des clients par e-mail, t\u00e9l\u00e9phone ou en pr\u00e9sentiel Appui administratif Visites d&#8217;appartements et gestion des r\u00e9servations&nbsp; D\u00e9veloppement du portefeuille de clients et des gestion des nouvelles incorporations Maintenir un suivi des tendances du march\u00e9 immobilier Assister l&#8217;\u00e9quipe commerciale dans les&#8230;<\/p>\n","protected":false},"author":2,"featured_media":0,"parent":405807,"menu_order":0,"comment_status":"closed","ping_status":"closed","template":"page-recruitment.php","meta":{"inline_featured_image":false,"footnotes":""},"yoast_head":"<!-- This site is optimized with the Yoast SEO Premium plugin v22.6 (Yoast SEO v22.6) - https:\/\/yoast.com\/wordpress\/plugins\/seo\/ -->\n<title>Stage assistant commercial immobilier | Locabarcelona<\/title>\n<meta name=\"robots\" content=\"noindex, follow, max-snippet:-1, max-image-preview:large, max-video-preview:-1\" \/>\n<meta property=\"og:locale\" content=\"fr_FR\" \/>\n<meta property=\"og:type\" content=\"article\" \/>\n<meta property=\"og:title\" content=\"Stage assistant commercial immobilier | Locabarcelona\" \/>\n<meta property=\"og:description\" content=\"Nous recherchons un stagiaire commercial motiv\u00e9 pour rejoindre notre \u00e9quipe! Responsabilit\u00e9s: Gestion des demandes entrantes des clients par e-mail, t\u00e9l\u00e9phone ou en pr\u00e9sentiel Appui administratif Visites d&#8217;appartements et gestion des r\u00e9servations&nbsp; D\u00e9veloppement du portefeuille de clients et des gestion des nouvelles incorporations Maintenir un suivi des tendances du march\u00e9 immobilier Assister l&#8217;\u00e9quipe commerciale dans les...\" \/>\n<meta property=\"og:url\" content=\"https:\/\/locabarcelona.egluu.com\/fr\/qui-sommes-nous\/travailler-chez-nous\/stagiaire-commercial\/\" \/>\n<meta property=\"og:site_name\" content=\"Locabarcelona\" \/>\n<meta property=\"article:modified_time\" content=\"2021-11-15T10:55:00+00:00\" \/>\n<meta name=\"twitter:card\" content=\"summary_large_image\" \/>\n<meta name=\"twitter:label1\" content=\"Est. reading time\" \/>\n\t<meta name=\"twitter:data1\" content=\"1 minute\" \/>\n<script type=\"application\/ld+json\" class=\"yoast-schema-graph\">{\"@context\":\"https:\/\/schema.org\",\"@graph\":[{\"@type\":\"WebPage\",\"@id\":\"https:\/\/locabarcelona.egluu.com\/fr\/qui-sommes-nous\/travailler-chez-nous\/stagiaire-commercial\/\",\"url\":\"https:\/\/locabarcelona.egluu.com\/fr\/qui-sommes-nous\/travailler-chez-nous\/stagiaire-commercial\/\",\"name\":\"Stage assistant commercial immobilier | Locabarcelona\",\"isPartOf\":{\"@id\":\"https:\/\/locabarcelona.egluu.com\/fr\/#website\"},\"datePublished\":\"2021-07-14T16:03:50+00:00\",\"dateModified\":\"2021-11-15T10:55:00+00:00\",\"breadcrumb\":{\"@id\":\"https:\/\/locabarcelona.egluu.com\/fr\/qui-sommes-nous\/travailler-chez-nous\/stagiaire-commercial\/#breadcrumb\"},\"inLanguage\":\"fr-FR\",\"potentialAction\":[{\"@type\":\"ReadAction\",\"target\":[\"https:\/\/locabarcelona.egluu.com\/fr\/qui-sommes-nous\/travailler-chez-nous\/stagiaire-commercial\/\"]}]},{\"@type\":\"BreadcrumbList\",\"@id\":\"https:\/\/locabarcelona.egluu.com\/fr\/qui-sommes-nous\/travailler-chez-nous\/stagiaire-commercial\/#breadcrumb\",\"itemListElement\":[{\"@type\":\"ListItem\",\"position\":1,\"name\":\"Inicio\",\"item\":\"https:\/\/www.locabarcelona.com\/fr\/home\/\"},{\"@type\":\"ListItem\",\"position\":2,\"name\":\"Qui sommes-nous?\",\"item\":\"https:\/\/www.locabarcelona.com\/fr\/qui-sommes-nous\/\"},{\"@type\":\"ListItem\",\"position\":3,\"name\":\"Travailler chez nous\",\"item\":\"https:\/\/www.locabarcelona.com\/fr\/qui-sommes-nous\/travailler-chez-nous\/\"},{\"@type\":\"ListItem\",\"position\":4,\"name\":\"Stage assistant commercial immobilier\"}]},{\"@type\":\"WebSite\",\"@id\":\"https:\/\/locabarcelona.egluu.com\/fr\/#website\",\"url\":\"https:\/\/locabarcelona.egluu.com\/fr\/\",\"name\":\"Loca Barcelona\",\"description\":\"Real Estate Services\",\"publisher\":{\"@id\":\"https:\/\/locabarcelona.egluu.com\/fr\/#organization\"},\"potentialAction\":[{\"@type\":\"SearchAction\",\"target\":{\"@type\":\"EntryPoint\",\"urlTemplate\":\"https:\/\/locabarcelona.egluu.com\/fr\/?s={search_term_string}\"},\"query-input\":\"required name=search_term_string\"}],\"inLanguage\":\"fr-FR\"},{\"@type\":\"Organization\",\"@id\":\"https:\/\/locabarcelona.egluu.com\/fr\/#organization\",\"name\":\"Loca Barcelona\",\"url\":\"https:\/\/locabarcelona.egluu.com\/fr\/\",\"logo\":{\"@type\":\"ImageObject\",\"inLanguage\":\"fr-FR\",\"@id\":\"https:\/\/locabarcelona.egluu.com\/fr\/#\/schema\/logo\/image\/\",\"url\":\"https:\/\/locabarcelona.egluu.com\/wp-content\/uploads\/2021\/10\/logo_locabarcelona_small.png\",\"contentUrl\":\"https:\/\/locabarcelona.egluu.com\/wp-content\/uploads\/2021\/10\/logo_locabarcelona_small.png\",\"width\":250,\"height\":149,\"caption\":\"Loca Barcelona\"},\"image\":{\"@id\":\"https:\/\/locabarcelona.egluu.com\/fr\/#\/schema\/logo\/image\/\"}}]}<\/script>\n<!-- \/ Yoast SEO Premium plugin. -->","yoast_head_json":{"title":"Stage assistant commercial immobilier | Locabarcelona","robots":{"index":"noindex","follow":"follow","max-snippet":"max-snippet:-1","max-image-preview":"max-image-preview:large","max-video-preview":"max-video-preview:-1"},"og_locale":"fr_FR","og_type":"article","og_title":"Stage assistant commercial immobilier | Locabarcelona","og_description":"Nous recherchons un stagiaire commercial motiv\u00e9 pour rejoindre notre \u00e9quipe! Responsabilit\u00e9s: Gestion des demandes entrantes des clients par e-mail, t\u00e9l\u00e9phone ou en pr\u00e9sentiel Appui administratif Visites d&#8217;appartements et gestion des r\u00e9servations&nbsp; D\u00e9veloppement du portefeuille de clients et des gestion des nouvelles incorporations Maintenir un suivi des tendances du march\u00e9 immobilier Assister l&#8217;\u00e9quipe commerciale dans les...","og_url":"https:\/\/locabarcelona.egluu.com\/fr\/qui-sommes-nous\/travailler-chez-nous\/stagiaire-commercial\/","og_site_name":"Locabarcelona","article_modified_time":"2021-11-15T10:55:00+00:00","twitter_card":"summary_large_image","twitter_misc":{"Est. reading time":"1 minute"},"schema":{"@context":"https:\/\/schema.org","@graph":[{"@type":"WebPage","@id":"https:\/\/locabarcelona.egluu.com\/fr\/qui-sommes-nous\/travailler-chez-nous\/stagiaire-commercial\/","url":"https:\/\/locabarcelona.egluu.com\/fr\/qui-sommes-nous\/travailler-chez-nous\/stagiaire-commercial\/","name":"Stage assistant commercial immobilier | Locabarcelona","isPartOf":{"@id":"https:\/\/locabarcelona.egluu.com\/fr\/#website"},"datePublished":"2021-07-14T16:03:50+00:00","dateModified":"2021-11-15T10:55:00+00:00","breadcrumb":{"@id":"https:\/\/locabarcelona.egluu.com\/fr\/qui-sommes-nous\/travailler-chez-nous\/stagiaire-commercial\/#breadcrumb"},"inLanguage":"fr-FR","potentialAction":[{"@type":"ReadAction","target":["https:\/\/locabarcelona.egluu.com\/fr\/qui-sommes-nous\/travailler-chez-nous\/stagiaire-commercial\/"]}]},{"@type":"BreadcrumbList","@id":"https:\/\/locabarcelona.egluu.com\/fr\/qui-sommes-nous\/travailler-chez-nous\/stagiaire-commercial\/#breadcrumb","itemListElement":[{"@type":"ListItem","position":1,"name":"Inicio","item":"https:\/\/www.locabarcelona.com\/fr\/home\/"},{"@type":"ListItem","position":2,"name":"Qui sommes-nous?","item":"https:\/\/www.locabarcelona.com\/fr\/qui-sommes-nous\/"},{"@type":"ListItem","position":3,"name":"Travailler chez nous","item":"https:\/\/www.locabarcelona.com\/fr\/qui-sommes-nous\/travailler-chez-nous\/"},{"@type":"ListItem","position":4,"name":"Stage assistant commercial immobilier"}]},{"@type":"WebSite","@id":"https:\/\/locabarcelona.egluu.com\/fr\/#website","url":"https:\/\/locabarcelona.egluu.com\/fr\/","name":"Loca Barcelona","description":"Real Estate Services","publisher":{"@id":"https:\/\/locabarcelona.egluu.com\/fr\/#organization"},"potentialAction":[{"@type":"SearchAction","target":{"@type":"EntryPoint","urlTemplate":"https:\/\/locabarcelona.egluu.com\/fr\/?s={search_term_string}"},"query-input":"required name=search_term_string"}],"inLanguage":"fr-FR"},{"@type":"Organization","@id":"https:\/\/locabarcelona.egluu.com\/fr\/#organization","name":"Loca Barcelona","url":"https:\/\/locabarcelona.egluu.com\/fr\/","logo":{"@type":"ImageObject","inLanguage":"fr-FR","@id":"https:\/\/locabarcelona.egluu.com\/fr\/#\/schema\/logo\/image\/","url":"https:\/\/locabarcelona.egluu.com\/wp-content\/uploads\/2021\/10\/logo_locabarcelona_small.png","contentUrl":"https:\/\/locabarcelona.egluu.com\/wp-content\/uploads\/2021\/10\/logo_locabarcelona_small.png","width":250,"height":149,"caption":"Loca Barcelona"},"image":{"@id":"https:\/\/locabarcelona.egluu.com\/fr\/#\/schema\/logo\/image\/"}}]}},"_links":{"self":[{"href":"https:\/\/locabarcelona.egluu.com\/fr\/wp-json\/wp\/v2\/pages\/409727"}],"collection":[{"href":"https:\/\/locabarcelona.egluu.com\/fr\/wp-json\/wp\/v2\/pages"}],"about":[{"href":"https:\/\/locabarcelona.egluu.com\/fr\/wp-json\/wp\/v2\/types\/page"}],"author":[{"embeddable":true,"href":"https:\/\/locabarcelona.egluu.com\/fr\/wp-json\/wp\/v2\/users\/2"}],"replies":[{"embeddable":true,"href":"https:\/\/locabarcelona.egluu.com\/fr\/wp-json\/wp\/v2\/comments?post=409727"}],"version-history":[{"count":0,"href":"https:\/\/locabarcelona.egluu.com\/fr\/wp-json\/wp\/v2\/pages\/409727\/revisions"}],"up":[{"embeddable":true,"href":"https:\/\/locabarcelona.egluu.com\/fr\/wp-json\/wp\/v2\/pages\/405807"}],"wp:attachment":[{"href":"https:\/\/locabarcelona.egluu.com\/fr\/wp-json\/wp\/v2\/media?parent=409727"}],"curies":[{"name":"wp","href":"https:\/\/api.w.org\/{rel}","templated":true}]}}