{"id":438275,"date":"2022-02-11T10:04:10","date_gmt":"2022-02-11T09:04:10","guid":{"rendered":"https:\/\/locabarcelona.egluu.com\/?page_id=438275"},"modified":"2022-05-03T10:03:27","modified_gmt":"2022-05-03T08:03:27","slug":"appartements-a-louer-a-diagonal-mar","status":"publish","type":"page","link":"https:\/\/locabarcelona.egluu.com\/fr\/louer-propriete\/diagonal-mar\/","title":{"rendered":"Appartements \u00e0 louer \u00e0 Diagonal Mar"},"content":{"rendered":"\t\t<div data-elementor-type=\"wp-page\" data-elementor-id=\"438275\" class=\"elementor elementor-438275\" data-elementor-post-type=\"page\">\n\t\t\t\t\t\t<section class=\"elementor-section elementor-top-section elementor-element elementor-element-577ecb5 elementor-section-boxed elementor-section-height-default elementor-section-height-default\" data-id=\"577ecb5\" data-element_type=\"section\">\n\t\t\t\t\t\t<div class=\"elementor-container elementor-column-gap-default\">\n\t\t\t\t\t<div class=\"elementor-column elementor-col-100 elementor-top-column elementor-element elementor-element-321cd34\" data-id=\"321cd34\" data-element_type=\"column\">\n\t\t\t<div class=\"elementor-widget-wrap elementor-element-populated\">\n\t\t\t\t\t\t<div class=\"elementor-element elementor-element-6301ec elementor-widget elementor-widget-text-editor\" data-id=\"6301ec\" data-element_type=\"widget\" data-widget_type=\"text-editor.default\">\n\t\t\t\t<div class=\"elementor-widget-container\">\n\t\t\t\t\t\t\t<h2>Pourquoi Diagonal Mar est-il un endroit id\u00e9al pour louer un appartement \u00e0 Barcelone ?\u00a0<\/h2><p>LOCA BARCELONA propose une s\u00e9lection unique d\u2019<strong>appartements \u00e0 louer \u00e0 Diagonal Mar<\/strong>, tels que de vastes appartements de luxe modernes et lumineux comportant de nombreuses facilit\u00e9s \u00e0 deux pas des plages de Barcelone. Des propri\u00e9t\u00e9s tr\u00e8s pris\u00e9es, telles que des appartements avec terrasse ou des appartements avec vue sur la mer, sont situ\u00e9es au sein de ce district.\u00a0<\/p><h3>Un quartier moderne\u00a0<\/h3><p>Les Jeux Olympiques de Barcelone ont modifi\u00e9 la structure profonde de la ville, en particulier au sein du <strong>district de Sant Marti<\/strong>, o\u00f9 est situ\u00e9 le quartier de Diagonal Mar. De nombreux sites industriels ont \u00e9t\u00e9 remplac\u00e9s par des b\u00e2timents modernes, des espaces verts et des centres d\u2019affaires. Bien que de nombreuses traces de son pass\u00e9 industriel persistent, le d\u00e9veloppement du quartier souligne son atmosph\u00e8re m\u00e9diterran\u00e9enne.\u00a0<\/p><p>Gr\u00e2ce \u00e0 sa proximit\u00e9 avec <strong>le quartier voisin de Poblenou<\/strong>, o\u00f9 se trouvent de nombreux campus, il s\u2019agit d\u2019une zone adapt\u00e9e aux \u00e9tudiants qui souhaitent <strong>louer un appartement pr\u00e8s de la mer<\/strong>. Nous vous proposons de nombreux studios et appartements de plusieurs chambres, ce qui est id\u00e9al pour une colocation \u00e0 Diagonal Mar.<\/p><h3>Louer un appartement proche de la mer<\/h3><p>Des \u00e9coles sont \u00e9galement pr\u00e9sentes dans cette zone, ce qui en fait un endroit qui convient particuli\u00e8rement bien aux familles qui cherchent \u00e0 s\u2019installer \u00e0 Barcelone. Situ\u00e9e \u00e0 quelques arr\u00eats de m\u00e9tro seulement du Tech city District de la ville, il s\u2019agit d\u2019un endroit parfait o\u00f9 habiter.\u00a0<\/p><p>Diagonal Mar est \u00e9galement un endroit id\u00e9al pour les touristes qui souhaitent r\u00e9sider \u00e0 l\u2019\u00e9cart du centre historique, et plus pr\u00e8s de la plage. LOCA BARCELONA propose un vaste choix de <strong>locations touristique \u00e0 Diagonal Mar<\/strong>, enti\u00e8rement meubl\u00e9es, qu\u2019il s\u2019agisse d\u2019appartements poss\u00e9dant l\u2019air conditionn\u00e9, ou d\u2019appartements sous les mansardes. Toutes les locations touristiques que nous proposons sont enti\u00e8rement meubl\u00e9es, avec WIFI inclus. De m\u00eame, si vous cherchez \u00e0 rester \u00e0 Diagonal Mar pour quelques mois, ou quelques ann\u00e9es, nous vous offrons des<strong> locations mensuelles enti\u00e8rement meubl\u00e9es<\/strong> avec WIFI inclus, et des locations longue dur\u00e9e en partie meubl\u00e9es ou vides.\u00a0<\/p><h2>Quels sont les b\u00e9n\u00e9fices de la location d\u2019un appartement \u00e0 Diagonal Mar ?\u00a0<\/h2><p>Vous pourrez non seulement vivre au bord de la mer, mais aussi profiter de l\u2019offre culturelle de la zone. En effet, vous pourrez d\u00e9couvrir le Forum, le nouvel emplacement du Mus\u00e9e d&#8217;Histoire Naturelle de Barcelone. Le mus\u00e9e propose diverses expositions toute l\u2019ann\u00e9e, ainsi que des festivals de musique comme le festival de la Primavera Sound Cruilla et celui de La Merc\u00e9 (un festival barcelonais majeur). Diagonal Mar est un endroit parfait pour louer un appartement si vous aimez la modernit\u00e9, la culture et la plage!<\/p><p>Vous pourrez \u00e9galement vous d\u00e9tendre au Diagonal Park, ou prendre un verre dans un bar local avec des amis si vous vivez dans cette zone. Celle-ci est particuli\u00e8rement connue pour ses restaurants \u00e0 la gastronomie internationale et europ\u00e9enne. De plus, vous n\u2019\u00eates qu\u2019\u00e0 quelques pas de quartiers o\u00f9 les restaurants seront plus traditionnels et catalan, comme le Born ou la Barceloneta. Diagonal Mar abrite \u00e9galement le centre commercial Diagonal, un des plus grands centres commerciaux d\u2019Espagne, o\u00f9 vous pouvez trouver tout ce que vous cherchez, des supermarch\u00e9s aux magasins de grandes marques.\u00a0<\/p><p>Cette zone est connect\u00e9e aux autres parties de la ville, se situant \u00e0 20 minutes de m\u00e9tro uniquement du centre-ville de Barcelone. Vous n&#8217;\u00eates qu&#8217;\u00e0 quelques arr\u00eats de nombreux campus, tels que le campus de Pompeu Fabra Poblenou. <a href=\"https:\/\/locabarcelona.egluu.com\/fr\/qui-sommes-nous\/contactez-nous\/\"><strong>D\u00e9couvrez notre s\u00e9lection d\u2019appartements \u00e0 louer \u00e0 Diagonal Mar<\/strong> <\/a>d\u00e8s maintenant !<\/p>\t\t\t\t\t\t<\/div>\n\t\t\t\t<\/div>\n\t\t\t\t<div class=\"elementor-element elementor-element-9bd9457 elementor-widget elementor-widget-spacer\" data-id=\"9bd9457\" data-element_type=\"widget\" data-widget_type=\"spacer.default\">\n\t\t\t\t<div class=\"elementor-widget-container\">\n\t\t\t\t\t<div class=\"elementor-spacer\">\n\t\t\t<div class=\"elementor-spacer-inner\"><\/div>\n\t\t<\/div>\n\t\t\t\t<\/div>\n\t\t\t\t<\/div>\n\t\t\t\t<div class=\"elementor-element elementor-element-899e566 elementor-widget elementor-widget-heading\" data-id=\"899e566\" data-element_type=\"widget\" data-widget_type=\"heading.default\">\n\t\t\t\t<div class=\"elementor-widget-container\">\n\t\t\t<h2 class=\"elementor-heading-title elementor-size-default\">Appartements \u00e0 louer par quartier\n<\/h2>\t\t<\/div>\n\t\t\t\t<\/div>\n\t\t\t\t\t<\/div>\n\t\t<\/div>\n\t\t\t\t\t<\/div>\n\t\t<\/section>\n\t\t\t\t<section class=\"elementor-section elementor-top-section elementor-element elementor-element-7ec1909 elementor-section-boxed elementor-section-height-default elementor-section-height-default\" data-id=\"7ec1909\" data-element_type=\"section\">\n\t\t\t\t\t\t<div class=\"elementor-container elementor-column-gap-default\">\n\t\t\t\t\t<div class=\"elementor-column elementor-col-50 elementor-top-column elementor-element elementor-element-31ebaa72\" data-id=\"31ebaa72\" data-element_type=\"column\">\n\t\t\t<div class=\"elementor-widget-wrap elementor-element-populated\">\n\t\t\t\t\t\t<div class=\"elementor-element elementor-element-5fc615f4 elementor-widget elementor-widget-global elementor-global-444630 elementor-widget-text-editor\" data-id=\"5fc615f4\" data-element_type=\"widget\" data-widget_type=\"text-editor.default\">\n\t\t\t\t<div class=\"elementor-widget-container\">\n\t\t\t\t\t\t\t<p><a href=\"https:\/\/locabarcelona.egluu.com\/fr\/louer-propriete\/el-eixample\/\">Appartements \u00e0 louer Eixample<\/a><br \/><a href=\"https:\/\/locabarcelona.egluu.com\/fr\/louer-propriete\/eixample-dreta\/\">Appartements \u00e0 louer Eixample Dreta<\/a><br \/><span data-sheets-value=\"{\"><a href=\"https:\/\/locabarcelona.egluu.com\/fr\/louer-propriete\/antiga-esquerra-eixample\/\">Appartements \u00e0 louer Antiga Esquerra de l&#8217;Eixample<\/a><br \/><a href=\"https:\/\/locabarcelona.egluu.com\/fr\/louer-propriete\/nova-esquerra-eixample\/\">Appartements \u00e0 louer Nova Esquerra de l&#8217;Eixample<\/a><br \/><a href=\"https:\/\/locabarcelona.egluu.com\/fr\/louer-propriete\/fort-pienc\/\">Appartements \u00e0 louer Fort Pienc<\/a><br \/><a href=\"https:\/\/locabarcelona.egluu.com\/fr\/louer-propriete\/eixample\/sagrada-familia\/\">Appartements \u00e0 louer Sagrada Familia<\/a><br \/><a href=\"https:\/\/locabarcelona.egluu.com\/fr\/louer-propriete\/eixample\/sant-antoni\/\">Appartements \u00e0 louer Sant antoni<\/a><br \/><a href=\"https:\/\/locabarcelona.egluu.com\/fr\/louer-propriete\/ciutat-vella\/\">Appartements \u00e0 louer Ciutat Vella<\/a><br \/><a href=\"https:\/\/locabarcelona.egluu.com\/fr\/louer-propriete\/gothique\/\">Appartements \u00e0 louer el Gotico<\/a><br \/><a href=\"https:\/\/locabarcelona.egluu.com\/fr\/louer-propriete\/raval\/\">Appartements \u00e0 louer el Raval<\/a><br \/><a href=\"https:\/\/locabarcelona.egluu.com\/fr\/louer-propriete\/born\/\">Appartements \u00e0 louer el Born<\/a><br \/><a href=\"https:\/\/locabarcelona.egluu.com\/fr\/louer-propriete\/barceloneta\/\">Appartements \u00e0 louer Barceloneta<\/a><br \/><a href=\"https:\/\/locabarcelona.egluu.com\/fr\/louer-propriete\/sants-montjuic\/\">Appartements \u00e0 louer Sants-Montju\u00efc<\/a><br \/><a href=\"https:\/\/locabarcelona.egluu.com\/fr\/louer-propriete\/poble-sec\/\">Appartements \u00e0 louer Poble Sec<\/a><br \/><a href=\"https:\/\/locabarcelona.egluu.com\/fr\/louer-propriete\/sants\/\">Appartements \u00e0 louer Sants<\/a><br \/><a href=\"https:\/\/locabarcelona.egluu.com\/fr\/louer-propriete\/el-putxet-i-farro\/\">Appartements \u00e0 louer el Putxet i Farr\u00f3<\/a><br \/><a href=\"https:\/\/locabarcelona.egluu.com\/fr\/louer-propriete\/las-tres-torres\/\">Appartements \u00e0 louer Las Tres Torres<\/a><br \/><a href=\"https:\/\/locabarcelona.egluu.com\/fr\/louer-propriete\/hostafrancs\/\">Appartements \u00e0 louer Hostafrancs<\/a><br \/><a href=\"https:\/\/locabarcelona.egluu.com\/fr\/louer-propriete\/la-marina-del-prat-vermell\/\">Appartements \u00e0 louer La marina del prat Vermell<\/a><br \/><a href=\"https:\/\/locabarcelona.egluu.com\/fr\/louer-propriete\/la-marina-de-port\/\">Appartements \u00e0 louer La marina de Port<\/a><br \/><a href=\"https:\/\/locabarcelona.egluu.com\/fr\/louer-propriete\/lafont-de-la-guatlla\/\">Appartements \u00e0 louer Lafont de la Guatlla<\/a><\/span><\/p>\t\t\t\t\t\t<\/div>\n\t\t\t\t<\/div>\n\t\t\t\t\t<\/div>\n\t\t<\/div>\n\t\t\t\t<div class=\"elementor-column elementor-col-50 elementor-top-column elementor-element elementor-element-5d962491\" data-id=\"5d962491\" data-element_type=\"column\">\n\t\t\t<div class=\"elementor-widget-wrap elementor-element-populated\">\n\t\t\t\t\t\t<div class=\"elementor-element elementor-element-6b0a0e3b elementor-widget elementor-widget-global elementor-global-444621 elementor-widget-text-editor\" data-id=\"6b0a0e3b\" data-element_type=\"widget\" data-widget_type=\"text-editor.default\">\n\t\t\t\t<div class=\"elementor-widget-container\">\n\t\t\t\t\t\t\t<p><a href=\"https:\/\/locabarcelona.egluu.com\/fr\/louer-propriete\/les-corts\" data-wplink-edit=\"true\">Appartements \u00e0 louer les Corts<\/a><a href=\"https:\/\/locabarcelona.egluu.com\/fr\/louer-propriete\/sarria-sant-gervasi\/\"><br \/><\/a><a href=\"https:\/\/locabarcelona.egluu.com\/fr\/louer-propriete\/pedralbes\/\">Appartements \u00e0 louer Pedralbes<br \/><\/a><a href=\"https:\/\/locabarcelona.egluu.com\/fr\/louer-propriete\/sarria-sant-gervasi\/\">Appartements \u00e0 louer Sarria Sant Gervasi<\/a><a href=\"https:\/\/locabarcelona.egluu.com\/fr\/louer-propriete\/pedralbes\/\"><br \/><\/a><a href=\"https:\/\/locabarcelona.egluu.com\/fr\/louer-propriete\/sarria\/\">Appartements \u00e0 louer Sarria<\/a><a href=\"https:\/\/locabarcelona.egluu.com\/fr\/louer-propriete\/pedralbes\/\"><br \/><\/a><a href=\"https:\/\/locabarcelona.egluu.com\/fr\/louer-propriete\/gracia\/\">Appartements \u00e0 louer Gracia<\/a><a href=\"https:\/\/locabarcelona.egluu.com\/fr\/louer-propriete\/pedralbes\/\"><br \/><\/a><a href=\"https:\/\/locabarcelona.egluu.com\/fr\/louer-propriete\/vila-de-gracia\/\">Appartements \u00e0 louer Vila de Gr\u00e0cia<\/a><a href=\"https:\/\/locabarcelona.egluu.com\/fr\/louer-propriete\/pedralbes\/\"><br \/><\/a><a href=\"https:\/\/locabarcelona.egluu.com\/fr\/louer-propriete\/horta-guinardo\/\">Appartements \u00e0 louer Horta Guinardo<\/a><a href=\"https:\/\/locabarcelona.egluu.com\/fr\/louer-propriete\/pedralbes\/\"><br \/><\/a><a href=\"https:\/\/locabarcelona.egluu.com\/fr\/louer-propriete\/nou-barris\/\">Appartements \u00e0 louer Nou Barris<\/a><a href=\"https:\/\/locabarcelona.egluu.com\/fr\/louer-propriete\/pedralbes\/\"><br \/><\/a><a href=\"https:\/\/locabarcelona.egluu.com\/fr\/louer-propriete\/sant-andreu\/\">Appartements \u00e0 louer Sant Andreu<\/a><a href=\"https:\/\/locabarcelona.egluu.com\/fr\/louer-propriete\/pedralbes\/\"><br \/><\/a><a href=\"https:\/\/locabarcelona.egluu.com\/fr\/louer-propriete\/sant-marti\/\">Appartements \u00e0 louer Sant Marti<\/a><a href=\"https:\/\/locabarcelona.egluu.com\/fr\/louer-propriete\/pedralbes\/\"><br \/><\/a><a href=\"https:\/\/locabarcelona.egluu.com\/fr\/louer-propriete\/el-clot\/\">Appartements \u00e0 louer el Clot<\/a><a href=\"https:\/\/locabarcelona.egluu.com\/fr\/louer-propriete\/pedralbes\/\"><br \/><\/a><a href=\"https:\/\/locabarcelona.egluu.com\/fr\/louer-propriete\/vila-olimpica-del-poblenou\/\">Appartements \u00e0 louer vila olimpica del Poblenou<\/a><a href=\"https:\/\/locabarcelona.egluu.com\/fr\/louer-propriete\/pedralbes\/\"><br \/><\/a><a href=\"https:\/\/locabarcelona.egluu.com\/fr\/louer-propriete\/poblenou\/\">Appartements \u00e0 louer Poblenou<\/a><a href=\"https:\/\/locabarcelona.egluu.com\/fr\/louer-propriete\/pedralbes\/\"><br \/><\/a><a href=\"https:\/\/locabarcelona.egluu.com\/fr\/louer-propriete\/sant-gervasi-la-bonanova\/\">Appartements \u00e0 louer Sant gervasi &#8211; la bonanova<\/a><a href=\"https:\/\/locabarcelona.egluu.com\/fr\/louer-propriete\/pedralbes\/\"><br \/><\/a><a href=\"https:\/\/locabarcelona.egluu.com\/fr\/louer-propriete\/sant-gervasi-galvany\/\">Appartements \u00e0 louer Sant Gervasi Galvany<\/a><a href=\"https:\/\/locabarcelona.egluu.com\/fr\/louer-propriete\/pedralbes\/\"><br \/><\/a><a href=\"https:\/\/locabarcelona.egluu.com\/fr\/louer-propriete\/provencals-del-poblenou\/\">Appartements \u00e0 louer Proven\u00e7als del Poblenou<\/a><a href=\"https:\/\/locabarcelona.egluu.com\/fr\/louer-propriete\/pedralbes\/\"><br \/><\/a><a href=\"https:\/\/locabarcelona.egluu.com\/fr\/louer-propriete\/camp-d-en-grassot-gracia-nova\/\">Appartements \u00e0 louer Camp d&#8217;en Grassot i Gr\u00e0cia\u00a0<\/a><a href=\"https:\/\/locabarcelona.egluu.com\/fr\/louer-propriete\/pedralbes\/\"><br \/><\/a><a href=\"https:\/\/locabarcelona.egluu.com\/fr\/louer-propriete\/sants-badal\/\">Appartements \u00e0 louer Sants-Badal<\/a><a href=\"https:\/\/locabarcelona.egluu.com\/fr\/louer-propriete\/pedralbes\/\"><br \/><\/a><a href=\"https:\/\/locabarcelona.egluu.com\/fr\/louer-propriete\/el-parc-i-la-llacuna-del-poblenou\/\">Appartements \u00e0 louer el Parc i la Llacuna del Poblenou<\/a><a href=\"https:\/\/locabarcelona.egluu.com\/fr\/louer-propriete\/pedralbes\/\"><br \/><\/a><a href=\"https:\/\/locabarcelona.egluu.com\/fr\/louer-propriete\/zona-franca\/\">Appartements \u00e0 louer Zona Franca<\/a><br \/><a href=\"https:\/\/locabarcelona.egluu.com\/fr\/louer-propriete\/la-bordeta\/\">Appartements \u00e0 louer La Bordeta<\/a><\/p>\t\t\t\t\t\t<\/div>\n\t\t\t\t<\/div>\n\t\t\t\t\t<\/div>\n\t\t<\/div>\n\t\t\t\t\t<\/div>\n\t\t<\/section>\n\t\t\t\t<\/div>\n\t\t","protected":false},"excerpt":{"rendered":"<p>Pourquoi Diagonal Mar est-il un endroit id\u00e9al pour louer un appartement \u00e0 Barcelone ?&nbsp; LOCA BARCELONA propose une s\u00e9lection unique d\u2019appartements \u00e0 louer \u00e0 Diagonal Mar, tels que de vastes appartements de luxe modernes et lumineux comportant de nombreuses facilit\u00e9s \u00e0 deux pas des plages de Barcelone. Des propri\u00e9t\u00e9s tr\u00e8s pris\u00e9es, telles que des appartements&#8230;<\/p>\n","protected":false},"author":344,"featured_media":0,"parent":438279,"menu_order":0,"comment_status":"closed","ping_status":"closed","template":"templates\/list-layout.php","meta":{"inline_featured_image":false,"footnotes":""},"yoast_head":"<!-- This site is optimized with the Yoast SEO Premium plugin v22.6 (Yoast SEO v22.6) - https:\/\/yoast.com\/wordpress\/plugins\/seo\/ -->\n<title>Appartements \u00e0 louer \u00e0 Diagonal Mar | Locabarcelona<\/title>\n<meta name=\"description\" content=\"D\u00e9couvrez nos locations longue et courte dur\u00e9e au meilleur prix \u00e0 Barcelone! Trouvez votre appartement \u00e0 Diagonal Mar d\u00e8s aujourd\u2019hui avec LOCA BARCELONA!\" \/>\n<meta name=\"robots\" content=\"noindex, follow, max-snippet:-1, max-image-preview:large, max-video-preview:-1\" \/>\n<meta property=\"og:locale\" content=\"fr_FR\" \/>\n<meta property=\"og:type\" content=\"article\" \/>\n<meta property=\"og:title\" content=\"Appartements \u00e0 louer \u00e0 Diagonal Mar | Locabarcelona\" \/>\n<meta property=\"og:description\" content=\"D\u00e9couvrez nos locations longue et courte dur\u00e9e au meilleur prix \u00e0 Barcelone! Trouvez votre appartement \u00e0 Diagonal Mar d\u00e8s aujourd\u2019hui avec LOCA BARCELONA!\" \/>\n<meta property=\"og:url\" content=\"https:\/\/locabarcelona.egluu.com\/fr\/louer-propriete\/diagonal-mar\/\" \/>\n<meta property=\"og:site_name\" content=\"Locabarcelona\" \/>\n<meta property=\"article:modified_time\" content=\"2022-05-03T08:03:27+00:00\" \/>\n<meta name=\"twitter:card\" content=\"summary_large_image\" \/>\n<meta name=\"twitter:label1\" content=\"Est. reading time\" \/>\n\t<meta name=\"twitter:data1\" content=\"4 minutes\" \/>\n<script type=\"application\/ld+json\" class=\"yoast-schema-graph\">{\"@context\":\"https:\/\/schema.org\",\"@graph\":[{\"@type\":\"WebPage\",\"@id\":\"https:\/\/locabarcelona.egluu.com\/fr\/louer-propriete\/diagonal-mar\/\",\"url\":\"https:\/\/locabarcelona.egluu.com\/fr\/louer-propriete\/diagonal-mar\/\",\"name\":\"Appartements \u00e0 louer \u00e0 Diagonal Mar | Locabarcelona\",\"isPartOf\":{\"@id\":\"https:\/\/locabarcelona.egluu.com\/fr\/#website\"},\"datePublished\":\"2022-02-11T09:04:10+00:00\",\"dateModified\":\"2022-05-03T08:03:27+00:00\",\"description\":\"D\u00e9couvrez nos locations longue et courte dur\u00e9e au meilleur prix \u00e0 Barcelone! Trouvez votre appartement \u00e0 Diagonal Mar d\u00e8s aujourd\u2019hui avec LOCA BARCELONA!\",\"breadcrumb\":{\"@id\":\"https:\/\/locabarcelona.egluu.com\/fr\/louer-propriete\/diagonal-mar\/#breadcrumb\"},\"inLanguage\":\"fr-FR\",\"potentialAction\":[{\"@type\":\"ReadAction\",\"target\":[\"https:\/\/locabarcelona.egluu.com\/fr\/louer-propriete\/diagonal-mar\/\"]}]},{\"@type\":\"BreadcrumbList\",\"@id\":\"https:\/\/locabarcelona.egluu.com\/fr\/louer-propriete\/diagonal-mar\/#breadcrumb\",\"itemListElement\":[{\"@type\":\"ListItem\",\"position\":1,\"name\":\"Inicio\",\"item\":\"https:\/\/www.locabarcelona.com\/fr\/home\/\"},{\"@type\":\"ListItem\",\"position\":2,\"name\":\"Agence de location \u00e0 Barcelone\",\"item\":\"https:\/\/www.locabarcelona.com\/fr\/louer-propriete\/\"},{\"@type\":\"ListItem\",\"position\":3,\"name\":\"Appartements \u00e0 louer \u00e0 Diagonal Mar\"}]},{\"@type\":\"WebSite\",\"@id\":\"https:\/\/locabarcelona.egluu.com\/fr\/#website\",\"url\":\"https:\/\/locabarcelona.egluu.com\/fr\/\",\"name\":\"Loca Barcelona\",\"description\":\"Real Estate Services\",\"publisher\":{\"@id\":\"https:\/\/locabarcelona.egluu.com\/fr\/#organization\"},\"potentialAction\":[{\"@type\":\"SearchAction\",\"target\":{\"@type\":\"EntryPoint\",\"urlTemplate\":\"https:\/\/locabarcelona.egluu.com\/fr\/?s={search_term_string}\"},\"query-input\":\"required name=search_term_string\"}],\"inLanguage\":\"fr-FR\"},{\"@type\":\"Organization\",\"@id\":\"https:\/\/locabarcelona.egluu.com\/fr\/#organization\",\"name\":\"Loca Barcelona\",\"url\":\"https:\/\/locabarcelona.egluu.com\/fr\/\",\"logo\":{\"@type\":\"ImageObject\",\"inLanguage\":\"fr-FR\",\"@id\":\"https:\/\/locabarcelona.egluu.com\/fr\/#\/schema\/logo\/image\/\",\"url\":\"https:\/\/locabarcelona.egluu.com\/wp-content\/uploads\/2021\/10\/logo_locabarcelona_small.png\",\"contentUrl\":\"https:\/\/locabarcelona.egluu.com\/wp-content\/uploads\/2021\/10\/logo_locabarcelona_small.png\",\"width\":250,\"height\":149,\"caption\":\"Loca Barcelona\"},\"image\":{\"@id\":\"https:\/\/locabarcelona.egluu.com\/fr\/#\/schema\/logo\/image\/\"}}]}<\/script>\n<!-- \/ Yoast SEO Premium plugin. -->","yoast_head_json":{"title":"Appartements \u00e0 louer \u00e0 Diagonal Mar | Locabarcelona","description":"D\u00e9couvrez nos locations longue et courte dur\u00e9e au meilleur prix \u00e0 Barcelone! Trouvez votre appartement \u00e0 Diagonal Mar d\u00e8s aujourd\u2019hui avec LOCA BARCELONA!","robots":{"index":"noindex","follow":"follow","max-snippet":"max-snippet:-1","max-image-preview":"max-image-preview:large","max-video-preview":"max-video-preview:-1"},"og_locale":"fr_FR","og_type":"article","og_title":"Appartements \u00e0 louer \u00e0 Diagonal Mar | Locabarcelona","og_description":"D\u00e9couvrez nos locations longue et courte dur\u00e9e au meilleur prix \u00e0 Barcelone! Trouvez votre appartement \u00e0 Diagonal Mar d\u00e8s aujourd\u2019hui avec LOCA BARCELONA!","og_url":"https:\/\/locabarcelona.egluu.com\/fr\/louer-propriete\/diagonal-mar\/","og_site_name":"Locabarcelona","article_modified_time":"2022-05-03T08:03:27+00:00","twitter_card":"summary_large_image","twitter_misc":{"Est. reading time":"4 minutes"},"schema":{"@context":"https:\/\/schema.org","@graph":[{"@type":"WebPage","@id":"https:\/\/locabarcelona.egluu.com\/fr\/louer-propriete\/diagonal-mar\/","url":"https:\/\/locabarcelona.egluu.com\/fr\/louer-propriete\/diagonal-mar\/","name":"Appartements \u00e0 louer \u00e0 Diagonal Mar | Locabarcelona","isPartOf":{"@id":"https:\/\/locabarcelona.egluu.com\/fr\/#website"},"datePublished":"2022-02-11T09:04:10+00:00","dateModified":"2022-05-03T08:03:27+00:00","description":"D\u00e9couvrez nos locations longue et courte dur\u00e9e au meilleur prix \u00e0 Barcelone! Trouvez votre appartement \u00e0 Diagonal Mar d\u00e8s aujourd\u2019hui avec LOCA BARCELONA!","breadcrumb":{"@id":"https:\/\/locabarcelona.egluu.com\/fr\/louer-propriete\/diagonal-mar\/#breadcrumb"},"inLanguage":"fr-FR","potentialAction":[{"@type":"ReadAction","target":["https:\/\/locabarcelona.egluu.com\/fr\/louer-propriete\/diagonal-mar\/"]}]},{"@type":"BreadcrumbList","@id":"https:\/\/locabarcelona.egluu.com\/fr\/louer-propriete\/diagonal-mar\/#breadcrumb","itemListElement":[{"@type":"ListItem","position":1,"name":"Inicio","item":"https:\/\/www.locabarcelona.com\/fr\/home\/"},{"@type":"ListItem","position":2,"name":"Agence de location \u00e0 Barcelone","item":"https:\/\/www.locabarcelona.com\/fr\/louer-propriete\/"},{"@type":"ListItem","position":3,"name":"Appartements \u00e0 louer \u00e0 Diagonal Mar"}]},{"@type":"WebSite","@id":"https:\/\/locabarcelona.egluu.com\/fr\/#website","url":"https:\/\/locabarcelona.egluu.com\/fr\/","name":"Loca Barcelona","description":"Real Estate Services","publisher":{"@id":"https:\/\/locabarcelona.egluu.com\/fr\/#organization"},"potentialAction":[{"@type":"SearchAction","target":{"@type":"EntryPoint","urlTemplate":"https:\/\/locabarcelona.egluu.com\/fr\/?s={search_term_string}"},"query-input":"required name=search_term_string"}],"inLanguage":"fr-FR"},{"@type":"Organization","@id":"https:\/\/locabarcelona.egluu.com\/fr\/#organization","name":"Loca Barcelona","url":"https:\/\/locabarcelona.egluu.com\/fr\/","logo":{"@type":"ImageObject","inLanguage":"fr-FR","@id":"https:\/\/locabarcelona.egluu.com\/fr\/#\/schema\/logo\/image\/","url":"https:\/\/locabarcelona.egluu.com\/wp-content\/uploads\/2021\/10\/logo_locabarcelona_small.png","contentUrl":"https:\/\/locabarcelona.egluu.com\/wp-content\/uploads\/2021\/10\/logo_locabarcelona_small.png","width":250,"height":149,"caption":"Loca Barcelona"},"image":{"@id":"https:\/\/locabarcelona.egluu.com\/fr\/#\/schema\/logo\/image\/"}}]}},"_links":{"self":[{"href":"https:\/\/locabarcelona.egluu.com\/fr\/wp-json\/wp\/v2\/pages\/438275"}],"collection":[{"href":"https:\/\/locabarcelona.egluu.com\/fr\/wp-json\/wp\/v2\/pages"}],"about":[{"href":"https:\/\/locabarcelona.egluu.com\/fr\/wp-json\/wp\/v2\/types\/page"}],"author":[{"embeddable":true,"href":"https:\/\/locabarcelona.egluu.com\/fr\/wp-json\/wp\/v2\/users\/344"}],"replies":[{"embeddable":true,"href":"https:\/\/locabarcelona.egluu.com\/fr\/wp-json\/wp\/v2\/comments?post=438275"}],"version-history":[{"count":0,"href":"https:\/\/locabarcelona.egluu.com\/fr\/wp-json\/wp\/v2\/pages\/438275\/revisions"}],"up":[{"embeddable":true,"href":"https:\/\/locabarcelona.egluu.com\/fr\/wp-json\/wp\/v2\/pages\/438279"}],"wp:attachment":[{"href":"https:\/\/locabarcelona.egluu.com\/fr\/wp-json\/wp\/v2\/media?parent=438275"}],"curies":[{"name":"wp","href":"https:\/\/api.w.org\/{rel}","templated":true}]}}