{"id":438279,"date":"2022-02-11T09:49:51","date_gmt":"2022-02-11T08:49:51","guid":{"rendered":"https:\/\/locabarcelona.egluu.com\/?page_id=438279"},"modified":"2022-04-13T13:28:38","modified_gmt":"2022-04-13T11:28:38","slug":"louer-propriete","status":"publish","type":"page","link":"https:\/\/locabarcelona.egluu.com\/fr\/louer-propriete\/","title":{"rendered":"Agence de location \u00e0 Barcelone"},"content":{"rendered":"\t\t<div data-elementor-type=\"wp-page\" data-elementor-id=\"438279\" class=\"elementor elementor-438279\" data-elementor-post-type=\"page\">\n\t\t\t\t\t\t<section class=\"elementor-section elementor-top-section elementor-element elementor-element-4ed269c5 elementor-section-boxed elementor-section-height-default elementor-section-height-default\" data-id=\"4ed269c5\" data-element_type=\"section\">\n\t\t\t\t\t\t<div class=\"elementor-container elementor-column-gap-default\">\n\t\t\t\t\t<div class=\"elementor-column elementor-col-100 elementor-top-column elementor-element elementor-element-4401a24f\" data-id=\"4401a24f\" data-element_type=\"column\">\n\t\t\t<div class=\"elementor-widget-wrap elementor-element-populated\">\n\t\t\t\t\t\t<div class=\"elementor-element elementor-element-36fe1d18 elementor-widget elementor-widget-text-editor\" data-id=\"36fe1d18\" data-element_type=\"widget\" data-widget_type=\"text-editor.default\">\n\t\t\t\t<div class=\"elementor-widget-container\">\n\t\t\t\t\t\t\t\n<p>LOCA BARCELONA est une<strong> agence de location \u00e0 Barcelone<\/strong> r\u00e9put\u00e9e pour ses services de location \u00e0 court et long terme dans la capitale barcelonaise mais aussi d\u2019achat ainsi que de gestion locative.<\/p>\n\n\n\n<h2>Agence de location d\u2019appartements \u00e0 Barcelone<\/h2>\n\n\n\n<p>En tant qu\u2019agence immobili\u00e8re de location \u00e0 Barcelone, <strong>LOCA BARCELONA propose de nombreux types d\u2019appartements \u00e0 louer. <\/strong>Studios, lofts, appartements avec terrasse et bien d\u2019autres encore, il y en a pour tous les go\u00fbts ! Pr\u00e9alablement s\u00e9lectionn\u00e9s avec soin et attention, les appartements qui vous sont propos\u00e9s sont disponibles meubl\u00e9s ou non et ce, pour des dur\u00e9es variables. Nous proposons en effet des locations pour quelques jours seulement, des mois, voire plusieurs ann\u00e9es. De fait, que vous soyez <strong>\u00e9tudiant, expatri\u00e9 ou encore touriste dans la ville de Gaud\u00ed<\/strong>, vous trouverez sans aucun doute un bien correspondant \u00e0 vos attentes et exigences. <\/p>\n\n\n\n<p>N\u2019h\u00e9sitez donc pas \u00e0 consulter notre large s\u00e9lection d\u2019appartements barcelonais \u00e0 louer ! De plus, vous pourrez filtrer les offres de location gr\u00e2ce \u00e0 nos nombreux crit\u00e8res. Par exemple, vous pourrez rechercher des appartements selon le nombre de chambres disponibles, la pr\u00e9sence ou non d\u2019une terrasse, l\u2019am\u00e9nagement de la cuisine, le prix mais aussi par quartier.&nbsp;<\/p>\n\n\n\n<h2>Faites appel \u00e0 une agence immobili\u00e8re de location \u00e0 Barcelone<\/h2>\n\n\n\n<p>Il peut se r\u00e9v\u00e9ler difficile de trouver un logement dans une ville dense comme celle de la c\u00e9l\u00e8bre cit\u00e9 comtale. C\u2019est pourquoi, faire appel \u00e0 une agence de location \u00e0 Barcelone comme LOCA BARCELONA se r\u00e9v\u00e8le ann\u00e9es apr\u00e8s ann\u00e9es indispensable. En plus de vous <strong>garantir une s\u00e9curit\u00e9 lors de la signature de votre contrat de location<\/strong>, c\u2019est un service sur-mesure qui vous est propos\u00e9. En effet, vous n\u2019avez qu\u2019\u00e0 nous communiquer vos souhaits et d\u00e9sirs quant \u00e0 votre future location. Gr\u00e2ce \u00e0 notre exp\u00e9rience sur le march\u00e9 de location \u00e0 Barcelone, ainsi qu\u2019\u00e0 l\u2019expertise de nos agents immobiliers, nous pouvons vous orienter au mieux pour que vous trouviez facilement et rapidement votre logement. <\/p>\n\n\n\n<p>Notre v\u00e9cu \u00e0 Barcelone nous permet de vous conseiller au mieux le logement le plus adapt\u00e9 en termes de localisation, tout en pr\u00eatant attention au prix, au confort et \u00e0 la proximit\u00e9 de services des appartements que nous vous proposons.<\/p>\n\t\t\t\t\t\t<\/div>\n\t\t\t\t<\/div>\n\t\t\t\t<div class=\"elementor-element elementor-element-ae5122d elementor-widget elementor-widget-spacer\" data-id=\"ae5122d\" data-element_type=\"widget\" data-widget_type=\"spacer.default\">\n\t\t\t\t<div class=\"elementor-widget-container\">\n\t\t\t\t\t<div class=\"elementor-spacer\">\n\t\t\t<div class=\"elementor-spacer-inner\"><\/div>\n\t\t<\/div>\n\t\t\t\t<\/div>\n\t\t\t\t<\/div>\n\t\t\t\t<div class=\"elementor-element elementor-element-c25e1a3 elementor-widget elementor-widget-heading\" data-id=\"c25e1a3\" data-element_type=\"widget\" data-widget_type=\"heading.default\">\n\t\t\t\t<div class=\"elementor-widget-container\">\n\t\t\t<h2 class=\"elementor-heading-title elementor-size-default\">Appartements \u00e0 louer par quartier\n<\/h2>\t\t<\/div>\n\t\t\t\t<\/div>\n\t\t\t\t\t<\/div>\n\t\t<\/div>\n\t\t\t\t\t<\/div>\n\t\t<\/section>\n\t\t\t\t<section class=\"elementor-section elementor-top-section elementor-element elementor-element-6983654f elementor-section-boxed elementor-section-height-default elementor-section-height-default\" data-id=\"6983654f\" data-element_type=\"section\">\n\t\t\t\t\t\t<div class=\"elementor-container elementor-column-gap-default\">\n\t\t\t\t\t<div class=\"elementor-column elementor-col-50 elementor-top-column elementor-element elementor-element-660ea001\" data-id=\"660ea001\" data-element_type=\"column\">\n\t\t\t<div class=\"elementor-widget-wrap elementor-element-populated\">\n\t\t\t\t\t\t<div class=\"elementor-element elementor-element-3119732 elementor-widget elementor-widget-global elementor-global-444621 elementor-widget-text-editor\" data-id=\"3119732\" data-element_type=\"widget\" data-widget_type=\"text-editor.default\">\n\t\t\t\t<div class=\"elementor-widget-container\">\n\t\t\t\t\t\t\t<p><a href=\"https:\/\/locabarcelona.egluu.com\/fr\/louer-propriete\/les-corts\" data-wplink-edit=\"true\">Appartements \u00e0 louer les Corts<\/a><a href=\"https:\/\/locabarcelona.egluu.com\/fr\/louer-propriete\/sarria-sant-gervasi\/\"><br \/><\/a><a href=\"https:\/\/locabarcelona.egluu.com\/fr\/louer-propriete\/pedralbes\/\">Appartements \u00e0 louer Pedralbes<br \/><\/a><a href=\"https:\/\/locabarcelona.egluu.com\/fr\/louer-propriete\/sarria-sant-gervasi\/\">Appartements \u00e0 louer Sarria Sant Gervasi<\/a><a href=\"https:\/\/locabarcelona.egluu.com\/fr\/louer-propriete\/pedralbes\/\"><br \/><\/a><a href=\"https:\/\/locabarcelona.egluu.com\/fr\/louer-propriete\/sarria\/\">Appartements \u00e0 louer Sarria<\/a><a href=\"https:\/\/locabarcelona.egluu.com\/fr\/louer-propriete\/pedralbes\/\"><br \/><\/a><a href=\"https:\/\/locabarcelona.egluu.com\/fr\/louer-propriete\/gracia\/\">Appartements \u00e0 louer Gracia<\/a><a href=\"https:\/\/locabarcelona.egluu.com\/fr\/louer-propriete\/pedralbes\/\"><br \/><\/a><a href=\"https:\/\/locabarcelona.egluu.com\/fr\/louer-propriete\/vila-de-gracia\/\">Appartements \u00e0 louer Vila de Gr\u00e0cia<\/a><a href=\"https:\/\/locabarcelona.egluu.com\/fr\/louer-propriete\/pedralbes\/\"><br \/><\/a><a href=\"https:\/\/locabarcelona.egluu.com\/fr\/louer-propriete\/horta-guinardo\/\">Appartements \u00e0 louer Horta Guinardo<\/a><a href=\"https:\/\/locabarcelona.egluu.com\/fr\/louer-propriete\/pedralbes\/\"><br \/><\/a><a href=\"https:\/\/locabarcelona.egluu.com\/fr\/louer-propriete\/nou-barris\/\">Appartements \u00e0 louer Nou Barris<\/a><a href=\"https:\/\/locabarcelona.egluu.com\/fr\/louer-propriete\/pedralbes\/\"><br \/><\/a><a href=\"https:\/\/locabarcelona.egluu.com\/fr\/louer-propriete\/sant-andreu\/\">Appartements \u00e0 louer Sant Andreu<\/a><a href=\"https:\/\/locabarcelona.egluu.com\/fr\/louer-propriete\/pedralbes\/\"><br \/><\/a><a href=\"https:\/\/locabarcelona.egluu.com\/fr\/louer-propriete\/sant-marti\/\">Appartements \u00e0 louer Sant Marti<\/a><a href=\"https:\/\/locabarcelona.egluu.com\/fr\/louer-propriete\/pedralbes\/\"><br \/><\/a><a href=\"https:\/\/locabarcelona.egluu.com\/fr\/louer-propriete\/el-clot\/\">Appartements \u00e0 louer el Clot<\/a><a href=\"https:\/\/locabarcelona.egluu.com\/fr\/louer-propriete\/pedralbes\/\"><br \/><\/a><a href=\"https:\/\/locabarcelona.egluu.com\/fr\/louer-propriete\/vila-olimpica-del-poblenou\/\">Appartements \u00e0 louer vila olimpica del Poblenou<\/a><a href=\"https:\/\/locabarcelona.egluu.com\/fr\/louer-propriete\/pedralbes\/\"><br \/><\/a><a href=\"https:\/\/locabarcelona.egluu.com\/fr\/louer-propriete\/poblenou\/\">Appartements \u00e0 louer Poblenou<\/a><a href=\"https:\/\/locabarcelona.egluu.com\/fr\/louer-propriete\/pedralbes\/\"><br \/><\/a><a href=\"https:\/\/locabarcelona.egluu.com\/fr\/louer-propriete\/sant-gervasi-la-bonanova\/\">Appartements \u00e0 louer Sant gervasi &#8211; la bonanova<\/a><a href=\"https:\/\/locabarcelona.egluu.com\/fr\/louer-propriete\/pedralbes\/\"><br \/><\/a><a href=\"https:\/\/locabarcelona.egluu.com\/fr\/louer-propriete\/sant-gervasi-galvany\/\">Appartements \u00e0 louer Sant Gervasi Galvany<\/a><a href=\"https:\/\/locabarcelona.egluu.com\/fr\/louer-propriete\/pedralbes\/\"><br \/><\/a><a href=\"https:\/\/locabarcelona.egluu.com\/fr\/louer-propriete\/provencals-del-poblenou\/\">Appartements \u00e0 louer Proven\u00e7als del Poblenou<\/a><a href=\"https:\/\/locabarcelona.egluu.com\/fr\/louer-propriete\/pedralbes\/\"><br \/><\/a><a href=\"https:\/\/locabarcelona.egluu.com\/fr\/louer-propriete\/camp-d-en-grassot-gracia-nova\/\">Appartements \u00e0 louer Camp d&#8217;en Grassot i Gr\u00e0cia\u00a0<\/a><a href=\"https:\/\/locabarcelona.egluu.com\/fr\/louer-propriete\/pedralbes\/\"><br \/><\/a><a href=\"https:\/\/locabarcelona.egluu.com\/fr\/louer-propriete\/sants-badal\/\">Appartements \u00e0 louer Sants-Badal<\/a><a href=\"https:\/\/locabarcelona.egluu.com\/fr\/louer-propriete\/pedralbes\/\"><br \/><\/a><a href=\"https:\/\/locabarcelona.egluu.com\/fr\/louer-propriete\/el-parc-i-la-llacuna-del-poblenou\/\">Appartements \u00e0 louer el Parc i la Llacuna del Poblenou<\/a><a href=\"https:\/\/locabarcelona.egluu.com\/fr\/louer-propriete\/pedralbes\/\"><br \/><\/a><a href=\"https:\/\/locabarcelona.egluu.com\/fr\/louer-propriete\/zona-franca\/\">Appartements \u00e0 louer Zona Franca<\/a><br \/><a href=\"https:\/\/locabarcelona.egluu.com\/fr\/louer-propriete\/la-bordeta\/\">Appartements \u00e0 louer La Bordeta<\/a><\/p>\t\t\t\t\t\t<\/div>\n\t\t\t\t<\/div>\n\t\t\t\t\t<\/div>\n\t\t<\/div>\n\t\t\t\t<div class=\"elementor-column elementor-col-50 elementor-top-column elementor-element elementor-element-2fca2322\" data-id=\"2fca2322\" data-element_type=\"column\">\n\t\t\t<div class=\"elementor-widget-wrap elementor-element-populated\">\n\t\t\t\t\t\t<div class=\"elementor-element elementor-element-2eed79c4 elementor-widget elementor-widget-global elementor-global-444630 elementor-widget-text-editor\" data-id=\"2eed79c4\" data-element_type=\"widget\" data-widget_type=\"text-editor.default\">\n\t\t\t\t<div class=\"elementor-widget-container\">\n\t\t\t\t\t\t\t<p><a href=\"https:\/\/locabarcelona.egluu.com\/fr\/louer-propriete\/el-eixample\/\">Appartements \u00e0 louer Eixample<\/a><br \/><a href=\"https:\/\/locabarcelona.egluu.com\/fr\/louer-propriete\/eixample-dreta\/\">Appartements \u00e0 louer Eixample Dreta<\/a><br \/><span data-sheets-value=\"{\"><a href=\"https:\/\/locabarcelona.egluu.com\/fr\/louer-propriete\/antiga-esquerra-eixample\/\">Appartements \u00e0 louer Antiga Esquerra de l&#8217;Eixample<\/a><br \/><a href=\"https:\/\/locabarcelona.egluu.com\/fr\/louer-propriete\/nova-esquerra-eixample\/\">Appartements \u00e0 louer Nova Esquerra de l&#8217;Eixample<\/a><br \/><a href=\"https:\/\/locabarcelona.egluu.com\/fr\/louer-propriete\/fort-pienc\/\">Appartements \u00e0 louer Fort Pienc<\/a><br \/><a href=\"https:\/\/locabarcelona.egluu.com\/fr\/louer-propriete\/eixample\/sagrada-familia\/\">Appartements \u00e0 louer Sagrada Familia<\/a><br \/><a href=\"https:\/\/locabarcelona.egluu.com\/fr\/louer-propriete\/eixample\/sant-antoni\/\">Appartements \u00e0 louer Sant antoni<\/a><br \/><a href=\"https:\/\/locabarcelona.egluu.com\/fr\/louer-propriete\/ciutat-vella\/\">Appartements \u00e0 louer Ciutat Vella<\/a><br \/><a href=\"https:\/\/locabarcelona.egluu.com\/fr\/louer-propriete\/gothique\/\">Appartements \u00e0 louer el Gotico<\/a><br \/><a href=\"https:\/\/locabarcelona.egluu.com\/fr\/louer-propriete\/raval\/\">Appartements \u00e0 louer el Raval<\/a><br \/><a href=\"https:\/\/locabarcelona.egluu.com\/fr\/louer-propriete\/born\/\">Appartements \u00e0 louer el Born<\/a><br \/><a href=\"https:\/\/locabarcelona.egluu.com\/fr\/louer-propriete\/barceloneta\/\">Appartements \u00e0 louer Barceloneta<\/a><br \/><a href=\"https:\/\/locabarcelona.egluu.com\/fr\/louer-propriete\/sants-montjuic\/\">Appartements \u00e0 louer Sants-Montju\u00efc<\/a><br \/><a href=\"https:\/\/locabarcelona.egluu.com\/fr\/louer-propriete\/poble-sec\/\">Appartements \u00e0 louer Poble Sec<\/a><br \/><a href=\"https:\/\/locabarcelona.egluu.com\/fr\/louer-propriete\/sants\/\">Appartements \u00e0 louer Sants<\/a><br \/><a href=\"https:\/\/locabarcelona.egluu.com\/fr\/louer-propriete\/el-putxet-i-farro\/\">Appartements \u00e0 louer el Putxet i Farr\u00f3<\/a><br \/><a href=\"https:\/\/locabarcelona.egluu.com\/fr\/louer-propriete\/las-tres-torres\/\">Appartements \u00e0 louer Las Tres Torres<\/a><br \/><a href=\"https:\/\/locabarcelona.egluu.com\/fr\/louer-propriete\/hostafrancs\/\">Appartements \u00e0 louer Hostafrancs<\/a><br \/><a href=\"https:\/\/locabarcelona.egluu.com\/fr\/louer-propriete\/la-marina-del-prat-vermell\/\">Appartements \u00e0 louer La marina del prat Vermell<\/a><br \/><a href=\"https:\/\/locabarcelona.egluu.com\/fr\/louer-propriete\/la-marina-de-port\/\">Appartements \u00e0 louer La marina de Port<\/a><br \/><a href=\"https:\/\/locabarcelona.egluu.com\/fr\/louer-propriete\/lafont-de-la-guatlla\/\">Appartements \u00e0 louer Lafont de la Guatlla<\/a><\/span><\/p>\t\t\t\t\t\t<\/div>\n\t\t\t\t<\/div>\n\t\t\t\t\t<\/div>\n\t\t<\/div>\n\t\t\t\t\t<\/div>\n\t\t<\/section>\n\t\t\t\t<\/div>\n\t\t","protected":false},"excerpt":{"rendered":"<p>LOCA BARCELONA est une agence de location \u00e0 Barcelone r\u00e9put\u00e9e pour ses services de location \u00e0 court et long terme dans la capitale barcelonaise mais aussi d\u2019achat ainsi que de gestion locative. Agence de location d\u2019appartements \u00e0 Barcelone En tant qu\u2019agence immobili\u00e8re de location \u00e0 Barcelone, LOCA BARCELONA propose de nombreux types d\u2019appartements \u00e0 louer&#8230;.<\/p>\n","protected":false},"author":344,"featured_media":0,"parent":0,"menu_order":0,"comment_status":"closed","ping_status":"closed","template":"templates\/list-layout.php","meta":{"inline_featured_image":false,"footnotes":""},"yoast_head":"<!-- This site is optimized with the Yoast SEO Premium plugin v22.6 (Yoast SEO v22.6) - https:\/\/yoast.com\/wordpress\/plugins\/seo\/ -->\n<title>Agence de location \u00e0 Barcelone | Locabarcelona<\/title>\n<meta name=\"description\" content=\"LOCA BARCELONA est une agence de location \u00e0 Barcelone r\u00e9put\u00e9e pour ses services de location \u00e0 court et long terme.\" \/>\n<meta name=\"robots\" content=\"noindex, follow, max-snippet:-1, max-image-preview:large, max-video-preview:-1\" \/>\n<meta property=\"og:locale\" content=\"fr_FR\" \/>\n<meta property=\"og:type\" content=\"article\" \/>\n<meta property=\"og:title\" content=\"Agence de location \u00e0 Barcelone | Locabarcelona\" \/>\n<meta property=\"og:description\" content=\"LOCA BARCELONA est une agence de location \u00e0 Barcelone r\u00e9put\u00e9e pour ses services de location \u00e0 court et long terme.\" \/>\n<meta property=\"og:url\" content=\"https:\/\/locabarcelona.egluu.com\/fr\/louer-propriete\/\" \/>\n<meta property=\"og:site_name\" content=\"Locabarcelona\" \/>\n<meta property=\"article:modified_time\" content=\"2022-04-13T11:28:38+00:00\" \/>\n<meta name=\"twitter:card\" content=\"summary_large_image\" \/>\n<meta name=\"twitter:label1\" content=\"Est. reading time\" \/>\n\t<meta name=\"twitter:data1\" content=\"2 minutes\" \/>\n<script type=\"application\/ld+json\" class=\"yoast-schema-graph\">{\"@context\":\"https:\/\/schema.org\",\"@graph\":[{\"@type\":\"WebPage\",\"@id\":\"https:\/\/locabarcelona.egluu.com\/fr\/louer-propriete\/\",\"url\":\"https:\/\/locabarcelona.egluu.com\/fr\/louer-propriete\/\",\"name\":\"Agence de location \u00e0 Barcelone | Locabarcelona\",\"isPartOf\":{\"@id\":\"https:\/\/locabarcelona.egluu.com\/fr\/#website\"},\"datePublished\":\"2022-02-11T08:49:51+00:00\",\"dateModified\":\"2022-04-13T11:28:38+00:00\",\"description\":\"LOCA BARCELONA est une agence de location \u00e0 Barcelone r\u00e9put\u00e9e pour ses services de location \u00e0 court et long terme.\",\"breadcrumb\":{\"@id\":\"https:\/\/locabarcelona.egluu.com\/fr\/louer-propriete\/#breadcrumb\"},\"inLanguage\":\"fr-FR\",\"potentialAction\":[{\"@type\":\"ReadAction\",\"target\":[\"https:\/\/locabarcelona.egluu.com\/fr\/louer-propriete\/\"]}]},{\"@type\":\"BreadcrumbList\",\"@id\":\"https:\/\/locabarcelona.egluu.com\/fr\/louer-propriete\/#breadcrumb\",\"itemListElement\":[{\"@type\":\"ListItem\",\"position\":1,\"name\":\"Inicio\",\"item\":\"https:\/\/www.locabarcelona.com\/fr\/home\/\"},{\"@type\":\"ListItem\",\"position\":2,\"name\":\"Agence de location \u00e0 Barcelone\"}]},{\"@type\":\"WebSite\",\"@id\":\"https:\/\/locabarcelona.egluu.com\/fr\/#website\",\"url\":\"https:\/\/locabarcelona.egluu.com\/fr\/\",\"name\":\"Loca Barcelona\",\"description\":\"Real Estate Services\",\"publisher\":{\"@id\":\"https:\/\/locabarcelona.egluu.com\/fr\/#organization\"},\"potentialAction\":[{\"@type\":\"SearchAction\",\"target\":{\"@type\":\"EntryPoint\",\"urlTemplate\":\"https:\/\/locabarcelona.egluu.com\/fr\/?s={search_term_string}\"},\"query-input\":\"required name=search_term_string\"}],\"inLanguage\":\"fr-FR\"},{\"@type\":\"Organization\",\"@id\":\"https:\/\/locabarcelona.egluu.com\/fr\/#organization\",\"name\":\"Loca Barcelona\",\"url\":\"https:\/\/locabarcelona.egluu.com\/fr\/\",\"logo\":{\"@type\":\"ImageObject\",\"inLanguage\":\"fr-FR\",\"@id\":\"https:\/\/locabarcelona.egluu.com\/fr\/#\/schema\/logo\/image\/\",\"url\":\"https:\/\/locabarcelona.egluu.com\/wp-content\/uploads\/2021\/10\/logo_locabarcelona_small.png\",\"contentUrl\":\"https:\/\/locabarcelona.egluu.com\/wp-content\/uploads\/2021\/10\/logo_locabarcelona_small.png\",\"width\":250,\"height\":149,\"caption\":\"Loca Barcelona\"},\"image\":{\"@id\":\"https:\/\/locabarcelona.egluu.com\/fr\/#\/schema\/logo\/image\/\"}}]}<\/script>\n<!-- \/ Yoast SEO Premium plugin. -->","yoast_head_json":{"title":"Agence de location \u00e0 Barcelone | Locabarcelona","description":"LOCA BARCELONA est une agence de location \u00e0 Barcelone r\u00e9put\u00e9e pour ses services de location \u00e0 court et long terme.","robots":{"index":"noindex","follow":"follow","max-snippet":"max-snippet:-1","max-image-preview":"max-image-preview:large","max-video-preview":"max-video-preview:-1"},"og_locale":"fr_FR","og_type":"article","og_title":"Agence de location \u00e0 Barcelone | Locabarcelona","og_description":"LOCA BARCELONA est une agence de location \u00e0 Barcelone r\u00e9put\u00e9e pour ses services de location \u00e0 court et long terme.","og_url":"https:\/\/locabarcelona.egluu.com\/fr\/louer-propriete\/","og_site_name":"Locabarcelona","article_modified_time":"2022-04-13T11:28:38+00:00","twitter_card":"summary_large_image","twitter_misc":{"Est. reading time":"2 minutes"},"schema":{"@context":"https:\/\/schema.org","@graph":[{"@type":"WebPage","@id":"https:\/\/locabarcelona.egluu.com\/fr\/louer-propriete\/","url":"https:\/\/locabarcelona.egluu.com\/fr\/louer-propriete\/","name":"Agence de location \u00e0 Barcelone | Locabarcelona","isPartOf":{"@id":"https:\/\/locabarcelona.egluu.com\/fr\/#website"},"datePublished":"2022-02-11T08:49:51+00:00","dateModified":"2022-04-13T11:28:38+00:00","description":"LOCA BARCELONA est une agence de location \u00e0 Barcelone r\u00e9put\u00e9e pour ses services de location \u00e0 court et long terme.","breadcrumb":{"@id":"https:\/\/locabarcelona.egluu.com\/fr\/louer-propriete\/#breadcrumb"},"inLanguage":"fr-FR","potentialAction":[{"@type":"ReadAction","target":["https:\/\/locabarcelona.egluu.com\/fr\/louer-propriete\/"]}]},{"@type":"BreadcrumbList","@id":"https:\/\/locabarcelona.egluu.com\/fr\/louer-propriete\/#breadcrumb","itemListElement":[{"@type":"ListItem","position":1,"name":"Inicio","item":"https:\/\/www.locabarcelona.com\/fr\/home\/"},{"@type":"ListItem","position":2,"name":"Agence de location \u00e0 Barcelone"}]},{"@type":"WebSite","@id":"https:\/\/locabarcelona.egluu.com\/fr\/#website","url":"https:\/\/locabarcelona.egluu.com\/fr\/","name":"Loca Barcelona","description":"Real Estate Services","publisher":{"@id":"https:\/\/locabarcelona.egluu.com\/fr\/#organization"},"potentialAction":[{"@type":"SearchAction","target":{"@type":"EntryPoint","urlTemplate":"https:\/\/locabarcelona.egluu.com\/fr\/?s={search_term_string}"},"query-input":"required name=search_term_string"}],"inLanguage":"fr-FR"},{"@type":"Organization","@id":"https:\/\/locabarcelona.egluu.com\/fr\/#organization","name":"Loca Barcelona","url":"https:\/\/locabarcelona.egluu.com\/fr\/","logo":{"@type":"ImageObject","inLanguage":"fr-FR","@id":"https:\/\/locabarcelona.egluu.com\/fr\/#\/schema\/logo\/image\/","url":"https:\/\/locabarcelona.egluu.com\/wp-content\/uploads\/2021\/10\/logo_locabarcelona_small.png","contentUrl":"https:\/\/locabarcelona.egluu.com\/wp-content\/uploads\/2021\/10\/logo_locabarcelona_small.png","width":250,"height":149,"caption":"Loca Barcelona"},"image":{"@id":"https:\/\/locabarcelona.egluu.com\/fr\/#\/schema\/logo\/image\/"}}]}},"_links":{"self":[{"href":"https:\/\/locabarcelona.egluu.com\/fr\/wp-json\/wp\/v2\/pages\/438279"}],"collection":[{"href":"https:\/\/locabarcelona.egluu.com\/fr\/wp-json\/wp\/v2\/pages"}],"about":[{"href":"https:\/\/locabarcelona.egluu.com\/fr\/wp-json\/wp\/v2\/types\/page"}],"author":[{"embeddable":true,"href":"https:\/\/locabarcelona.egluu.com\/fr\/wp-json\/wp\/v2\/users\/344"}],"replies":[{"embeddable":true,"href":"https:\/\/locabarcelona.egluu.com\/fr\/wp-json\/wp\/v2\/comments?post=438279"}],"version-history":[{"count":0,"href":"https:\/\/locabarcelona.egluu.com\/fr\/wp-json\/wp\/v2\/pages\/438279\/revisions"}],"wp:attachment":[{"href":"https:\/\/locabarcelona.egluu.com\/fr\/wp-json\/wp\/v2\/media?parent=438279"}],"curies":[{"name":"wp","href":"https:\/\/api.w.org\/{rel}","templated":true}]}}