{"id":439151,"date":"2022-02-21T17:29:22","date_gmt":"2022-02-21T16:29:22","guid":{"rendered":"https:\/\/locabarcelona.egluu.com\/?page_id=439151"},"modified":"2023-10-09T17:56:33","modified_gmt":"2023-10-09T15:56:33","slug":"appartements-a-louer-par-quartier","status":"publish","type":"page","link":"https:\/\/locabarcelona.egluu.com\/fr\/appartements-a-louer-par-quartier\/","title":{"rendered":"Appartements \u00e0 louer \u00e0 Barcelone par quartier"},"content":{"rendered":"\t\t<div data-elementor-type=\"wp-page\" data-elementor-id=\"439151\" class=\"elementor elementor-439151\" data-elementor-post-type=\"page\">\n\t\t\t\t\t\t<section class=\"elementor-section elementor-top-section elementor-element elementor-element-0be711a elementor-section-boxed elementor-section-height-default elementor-section-height-default\" data-id=\"0be711a\" data-element_type=\"section\">\n\t\t\t\t\t\t<div class=\"elementor-container elementor-column-gap-default\">\n\t\t\t\t\t<div class=\"elementor-column elementor-col-100 elementor-top-column elementor-element elementor-element-f0dae47\" data-id=\"f0dae47\" data-element_type=\"column\">\n\t\t\t<div class=\"elementor-widget-wrap elementor-element-populated\">\n\t\t\t\t\t\t<div class=\"elementor-element elementor-element-e8232fc elementor-widget__width-initial elementor-widget elementor-widget-heading\" data-id=\"e8232fc\" data-element_type=\"widget\" data-settings=\"{&quot;_animation&quot;:&quot;none&quot;}\" data-widget_type=\"heading.default\">\n\t\t\t\t<div class=\"elementor-widget-container\">\n\t\t\t<h1 class=\"elementor-heading-title elementor-size-default\"><br><br>Appartements \u00e0 louer \u00e0 Barcelone par quartier<br><br><\/h1>\t\t<\/div>\n\t\t\t\t<\/div>\n\t\t\t\t<div class=\"elementor-element elementor-element-b44f958 elementor-widget elementor-widget-spacer\" data-id=\"b44f958\" data-element_type=\"widget\" data-widget_type=\"spacer.default\">\n\t\t\t\t<div class=\"elementor-widget-container\">\n\t\t\t\t\t<div class=\"elementor-spacer\">\n\t\t\t<div class=\"elementor-spacer-inner\"><\/div>\n\t\t<\/div>\n\t\t\t\t<\/div>\n\t\t\t\t<\/div>\n\t\t\t\t\t<\/div>\n\t\t<\/div>\n\t\t\t\t\t<\/div>\n\t\t<\/section>\n\t\t\t\t<section class=\"elementor-section elementor-top-section elementor-element elementor-element-74a7f134 elementor-section-boxed elementor-section-height-default elementor-section-height-default\" data-id=\"74a7f134\" data-element_type=\"section\">\n\t\t\t\t\t\t<div class=\"elementor-container elementor-column-gap-default\">\n\t\t\t\t\t<div class=\"elementor-column elementor-col-50 elementor-top-column elementor-element elementor-element-5e3a301c\" data-id=\"5e3a301c\" data-element_type=\"column\">\n\t\t\t<div class=\"elementor-widget-wrap elementor-element-populated\">\n\t\t\t\t\t\t<div class=\"elementor-element elementor-element-18f0be29 elementor-widget elementor-widget-global elementor-global-444621 elementor-widget-text-editor\" data-id=\"18f0be29\" data-element_type=\"widget\" data-widget_type=\"text-editor.default\">\n\t\t\t\t<div class=\"elementor-widget-container\">\n\t\t\t\t\t\t\t<p><a href=\"https:\/\/locabarcelona.egluu.com\/fr\/louer-propriete\/les-corts\" data-wplink-edit=\"true\">Appartements \u00e0 louer les Corts<\/a><a href=\"https:\/\/locabarcelona.egluu.com\/fr\/louer-propriete\/sarria-sant-gervasi\/\"><br \/><\/a><a href=\"https:\/\/locabarcelona.egluu.com\/fr\/louer-propriete\/pedralbes\/\">Appartements \u00e0 louer Pedralbes<br \/><\/a><a href=\"https:\/\/locabarcelona.egluu.com\/fr\/louer-propriete\/sarria-sant-gervasi\/\">Appartements \u00e0 louer Sarria Sant Gervasi<\/a><a href=\"https:\/\/locabarcelona.egluu.com\/fr\/louer-propriete\/pedralbes\/\"><br \/><\/a><a href=\"https:\/\/locabarcelona.egluu.com\/fr\/louer-propriete\/sarria\/\">Appartements \u00e0 louer Sarria<\/a><a href=\"https:\/\/locabarcelona.egluu.com\/fr\/louer-propriete\/pedralbes\/\"><br \/><\/a><a href=\"https:\/\/locabarcelona.egluu.com\/fr\/louer-propriete\/gracia\/\">Appartements \u00e0 louer Gracia<\/a><a href=\"https:\/\/locabarcelona.egluu.com\/fr\/louer-propriete\/pedralbes\/\"><br \/><\/a><a href=\"https:\/\/locabarcelona.egluu.com\/fr\/louer-propriete\/vila-de-gracia\/\">Appartements \u00e0 louer Vila de Gr\u00e0cia<\/a><a href=\"https:\/\/locabarcelona.egluu.com\/fr\/louer-propriete\/pedralbes\/\"><br \/><\/a><a href=\"https:\/\/locabarcelona.egluu.com\/fr\/louer-propriete\/horta-guinardo\/\">Appartements \u00e0 louer Horta Guinardo<\/a><a href=\"https:\/\/locabarcelona.egluu.com\/fr\/louer-propriete\/pedralbes\/\"><br \/><\/a><a href=\"https:\/\/locabarcelona.egluu.com\/fr\/louer-propriete\/nou-barris\/\">Appartements \u00e0 louer Nou Barris<\/a><a href=\"https:\/\/locabarcelona.egluu.com\/fr\/louer-propriete\/pedralbes\/\"><br \/><\/a><a href=\"https:\/\/locabarcelona.egluu.com\/fr\/louer-propriete\/sant-andreu\/\">Appartements \u00e0 louer Sant Andreu<\/a><a href=\"https:\/\/locabarcelona.egluu.com\/fr\/louer-propriete\/pedralbes\/\"><br \/><\/a><a href=\"https:\/\/locabarcelona.egluu.com\/fr\/louer-propriete\/sant-marti\/\">Appartements \u00e0 louer Sant Marti<\/a><a href=\"https:\/\/locabarcelona.egluu.com\/fr\/louer-propriete\/pedralbes\/\"><br \/><\/a><a href=\"https:\/\/locabarcelona.egluu.com\/fr\/louer-propriete\/el-clot\/\">Appartements \u00e0 louer el Clot<\/a><a href=\"https:\/\/locabarcelona.egluu.com\/fr\/louer-propriete\/pedralbes\/\"><br \/><\/a><a href=\"https:\/\/locabarcelona.egluu.com\/fr\/louer-propriete\/vila-olimpica-del-poblenou\/\">Appartements \u00e0 louer vila olimpica del Poblenou<\/a><a href=\"https:\/\/locabarcelona.egluu.com\/fr\/louer-propriete\/pedralbes\/\"><br \/><\/a><a href=\"https:\/\/locabarcelona.egluu.com\/fr\/louer-propriete\/poblenou\/\">Appartements \u00e0 louer Poblenou<\/a><a href=\"https:\/\/locabarcelona.egluu.com\/fr\/louer-propriete\/pedralbes\/\"><br \/><\/a><a href=\"https:\/\/locabarcelona.egluu.com\/fr\/louer-propriete\/sant-gervasi-la-bonanova\/\">Appartements \u00e0 louer Sant gervasi &#8211; la bonanova<\/a><a href=\"https:\/\/locabarcelona.egluu.com\/fr\/louer-propriete\/pedralbes\/\"><br \/><\/a><a href=\"https:\/\/locabarcelona.egluu.com\/fr\/louer-propriete\/sant-gervasi-galvany\/\">Appartements \u00e0 louer Sant Gervasi Galvany<\/a><a href=\"https:\/\/locabarcelona.egluu.com\/fr\/louer-propriete\/pedralbes\/\"><br \/><\/a><a href=\"https:\/\/locabarcelona.egluu.com\/fr\/louer-propriete\/provencals-del-poblenou\/\">Appartements \u00e0 louer Proven\u00e7als del Poblenou<\/a><a href=\"https:\/\/locabarcelona.egluu.com\/fr\/louer-propriete\/pedralbes\/\"><br \/><\/a><a href=\"https:\/\/locabarcelona.egluu.com\/fr\/louer-propriete\/camp-d-en-grassot-gracia-nova\/\">Appartements \u00e0 louer Camp d&#8217;en Grassot i Gr\u00e0cia\u00a0<\/a><a href=\"https:\/\/locabarcelona.egluu.com\/fr\/louer-propriete\/pedralbes\/\"><br \/><\/a><a href=\"https:\/\/locabarcelona.egluu.com\/fr\/louer-propriete\/sants-badal\/\">Appartements \u00e0 louer Sants-Badal<\/a><a href=\"https:\/\/locabarcelona.egluu.com\/fr\/louer-propriete\/pedralbes\/\"><br \/><\/a><a href=\"https:\/\/locabarcelona.egluu.com\/fr\/louer-propriete\/el-parc-i-la-llacuna-del-poblenou\/\">Appartements \u00e0 louer el Parc i la Llacuna del Poblenou<\/a><a href=\"https:\/\/locabarcelona.egluu.com\/fr\/louer-propriete\/pedralbes\/\"><br \/><\/a><a href=\"https:\/\/locabarcelona.egluu.com\/fr\/louer-propriete\/zona-franca\/\">Appartements \u00e0 louer Zona Franca<\/a><br \/><a href=\"https:\/\/locabarcelona.egluu.com\/fr\/louer-propriete\/la-bordeta\/\">Appartements \u00e0 louer La Bordeta<\/a><\/p>\t\t\t\t\t\t<\/div>\n\t\t\t\t<\/div>\n\t\t\t\t\t<\/div>\n\t\t<\/div>\n\t\t\t\t<div class=\"elementor-column elementor-col-50 elementor-top-column elementor-element elementor-element-281105a\" data-id=\"281105a\" data-element_type=\"column\">\n\t\t\t<div class=\"elementor-widget-wrap elementor-element-populated\">\n\t\t\t\t\t\t<div class=\"elementor-element elementor-element-45e9317a elementor-widget elementor-widget-global elementor-global-444630 elementor-widget-text-editor\" data-id=\"45e9317a\" data-element_type=\"widget\" data-widget_type=\"text-editor.default\">\n\t\t\t\t<div class=\"elementor-widget-container\">\n\t\t\t\t\t\t\t<p><a href=\"https:\/\/locabarcelona.egluu.com\/fr\/louer-propriete\/el-eixample\/\">Appartements \u00e0 louer Eixample<\/a><br \/><a href=\"https:\/\/locabarcelona.egluu.com\/fr\/louer-propriete\/eixample-dreta\/\">Appartements \u00e0 louer Eixample Dreta<\/a><br \/><span data-sheets-value=\"{\"><a href=\"https:\/\/locabarcelona.egluu.com\/fr\/louer-propriete\/antiga-esquerra-eixample\/\">Appartements \u00e0 louer Antiga Esquerra de l&#8217;Eixample<\/a><br \/><a href=\"https:\/\/locabarcelona.egluu.com\/fr\/louer-propriete\/nova-esquerra-eixample\/\">Appartements \u00e0 louer Nova Esquerra de l&#8217;Eixample<\/a><br \/><a href=\"https:\/\/locabarcelona.egluu.com\/fr\/louer-propriete\/fort-pienc\/\">Appartements \u00e0 louer Fort Pienc<\/a><br \/><a href=\"https:\/\/locabarcelona.egluu.com\/fr\/louer-propriete\/eixample\/sagrada-familia\/\">Appartements \u00e0 louer Sagrada Familia<\/a><br \/><a href=\"https:\/\/locabarcelona.egluu.com\/fr\/louer-propriete\/eixample\/sant-antoni\/\">Appartements \u00e0 louer Sant antoni<\/a><br \/><a href=\"https:\/\/locabarcelona.egluu.com\/fr\/louer-propriete\/ciutat-vella\/\">Appartements \u00e0 louer Ciutat Vella<\/a><br \/><a href=\"https:\/\/locabarcelona.egluu.com\/fr\/louer-propriete\/gothique\/\">Appartements \u00e0 louer el Gotico<\/a><br \/><a href=\"https:\/\/locabarcelona.egluu.com\/fr\/louer-propriete\/raval\/\">Appartements \u00e0 louer el Raval<\/a><br \/><a href=\"https:\/\/locabarcelona.egluu.com\/fr\/louer-propriete\/born\/\">Appartements \u00e0 louer el Born<\/a><br \/><a href=\"https:\/\/locabarcelona.egluu.com\/fr\/louer-propriete\/barceloneta\/\">Appartements \u00e0 louer Barceloneta<\/a><br \/><a href=\"https:\/\/locabarcelona.egluu.com\/fr\/louer-propriete\/sants-montjuic\/\">Appartements \u00e0 louer Sants-Montju\u00efc<\/a><br \/><a href=\"https:\/\/locabarcelona.egluu.com\/fr\/louer-propriete\/poble-sec\/\">Appartements \u00e0 louer Poble Sec<\/a><br \/><a href=\"https:\/\/locabarcelona.egluu.com\/fr\/louer-propriete\/sants\/\">Appartements \u00e0 louer Sants<\/a><br \/><a href=\"https:\/\/locabarcelona.egluu.com\/fr\/louer-propriete\/el-putxet-i-farro\/\">Appartements \u00e0 louer el Putxet i Farr\u00f3<\/a><br \/><a href=\"https:\/\/locabarcelona.egluu.com\/fr\/louer-propriete\/las-tres-torres\/\">Appartements \u00e0 louer Las Tres Torres<\/a><br \/><a href=\"https:\/\/locabarcelona.egluu.com\/fr\/louer-propriete\/hostafrancs\/\">Appartements \u00e0 louer Hostafrancs<\/a><br \/><a href=\"https:\/\/locabarcelona.egluu.com\/fr\/louer-propriete\/la-marina-del-prat-vermell\/\">Appartements \u00e0 louer La marina del prat Vermell<\/a><br \/><a href=\"https:\/\/locabarcelona.egluu.com\/fr\/louer-propriete\/la-marina-de-port\/\">Appartements \u00e0 louer La marina de Port<\/a><br \/><a href=\"https:\/\/locabarcelona.egluu.com\/fr\/louer-propriete\/lafont-de-la-guatlla\/\">Appartements \u00e0 louer Lafont de la Guatlla<\/a><\/span><\/p>\t\t\t\t\t\t<\/div>\n\t\t\t\t<\/div>\n\t\t\t\t\t<\/div>\n\t\t<\/div>\n\t\t\t\t\t<\/div>\n\t\t<\/section>\n\t\t\t\t<section class=\"elementor-section elementor-top-section elementor-element elementor-element-1f5beef elementor-section-boxed elementor-section-height-default elementor-section-height-default\" data-id=\"1f5beef\" data-element_type=\"section\">\n\t\t\t\t\t\t<div class=\"elementor-container elementor-column-gap-default\">\n\t\t\t\t\t<div class=\"elementor-column elementor-col-100 elementor-top-column elementor-element elementor-element-1bb7060\" data-id=\"1bb7060\" data-element_type=\"column\">\n\t\t\t<div class=\"elementor-widget-wrap elementor-element-populated\">\n\t\t\t\t\t\t<div class=\"elementor-element elementor-element-0d57387 elementor-widget elementor-widget-spacer\" data-id=\"0d57387\" data-element_type=\"widget\" data-widget_type=\"spacer.default\">\n\t\t\t\t<div class=\"elementor-widget-container\">\n\t\t\t\t\t<div class=\"elementor-spacer\">\n\t\t\t<div class=\"elementor-spacer-inner\"><\/div>\n\t\t<\/div>\n\t\t\t\t<\/div>\n\t\t\t\t<\/div>\n\t\t\t\t\t<\/div>\n\t\t<\/div>\n\t\t\t\t\t<\/div>\n\t\t<\/section>\n\t\t\t\t<\/div>\n\t\t","protected":false},"excerpt":{"rendered":"<p>Appartements \u00e0 louer \u00e0 Barcelone par quartier Appartements \u00e0 louer les Corts Appartements \u00e0 louer Pedralbes Appartements \u00e0 louer Sarria Sant Gervasi Appartements \u00e0 louer Sarria Appartements \u00e0 louer Gracia Appartements \u00e0 louer Vila de Gr\u00e0cia Appartements \u00e0 louer Horta Guinardo Appartements \u00e0 louer Nou Barris Appartements \u00e0 louer Sant Andreu Appartements \u00e0 louer Sant&#8230;<\/p>\n","protected":false},"author":344,"featured_media":0,"parent":0,"menu_order":0,"comment_status":"closed","ping_status":"closed","template":"page-elementor-clean.php","meta":{"inline_featured_image":false,"footnotes":""},"yoast_head":"<!-- This site is optimized with the Yoast SEO Premium plugin v22.6 (Yoast SEO v22.6) - https:\/\/yoast.com\/wordpress\/plugins\/seo\/ -->\n<title>Appartements \u00e0 louer \u00e0 Barcelone par quartier | Locabarcelona<\/title>\n<meta name=\"description\" content=\"Trouvez votre nouvel appartement \u00e0 louer \u00e0 Barcelone par quartier avec Loca Barcelona. Agence immobili\u00e8re \u00e0 Barcelone avec des locations \u00e0 court et long terme. Contactez nous.\" \/>\n<meta name=\"robots\" content=\"noindex, follow, max-snippet:-1, max-image-preview:large, max-video-preview:-1\" \/>\n<meta property=\"og:locale\" content=\"fr_FR\" \/>\n<meta property=\"og:type\" content=\"article\" \/>\n<meta property=\"og:title\" content=\"Appartements \u00e0 louer \u00e0 Barcelone par quartier | Locabarcelona\" \/>\n<meta property=\"og:description\" content=\"Trouvez votre nouvel appartement \u00e0 louer \u00e0 Barcelone par quartier avec Loca Barcelona. Agence immobili\u00e8re \u00e0 Barcelone avec des locations \u00e0 court et long terme. Contactez nous.\" \/>\n<meta property=\"og:url\" content=\"https:\/\/locabarcelona.egluu.com\/fr\/appartements-a-louer-par-quartier\/\" \/>\n<meta property=\"og:site_name\" content=\"Locabarcelona\" \/>\n<meta property=\"article:modified_time\" content=\"2023-10-09T15:56:33+00:00\" \/>\n<meta name=\"twitter:card\" content=\"summary_large_image\" \/>\n<meta name=\"twitter:label1\" content=\"Est. reading time\" \/>\n\t<meta name=\"twitter:data1\" content=\"2 minutes\" \/>\n<script type=\"application\/ld+json\" class=\"yoast-schema-graph\">{\"@context\":\"https:\/\/schema.org\",\"@graph\":[{\"@type\":\"WebPage\",\"@id\":\"https:\/\/locabarcelona.egluu.com\/fr\/appartements-a-louer-par-quartier\/\",\"url\":\"https:\/\/locabarcelona.egluu.com\/fr\/appartements-a-louer-par-quartier\/\",\"name\":\"Appartements \u00e0 louer \u00e0 Barcelone par quartier | Locabarcelona\",\"isPartOf\":{\"@id\":\"https:\/\/locabarcelona.egluu.com\/fr\/#website\"},\"datePublished\":\"2022-02-21T16:29:22+00:00\",\"dateModified\":\"2023-10-09T15:56:33+00:00\",\"description\":\"Trouvez votre nouvel appartement \u00e0 louer \u00e0 Barcelone par quartier avec Loca Barcelona. Agence immobili\u00e8re \u00e0 Barcelone avec des locations \u00e0 court et long terme. Contactez nous.\",\"breadcrumb\":{\"@id\":\"https:\/\/locabarcelona.egluu.com\/fr\/appartements-a-louer-par-quartier\/#breadcrumb\"},\"inLanguage\":\"fr-FR\",\"potentialAction\":[{\"@type\":\"ReadAction\",\"target\":[\"https:\/\/locabarcelona.egluu.com\/fr\/appartements-a-louer-par-quartier\/\"]}]},{\"@type\":\"BreadcrumbList\",\"@id\":\"https:\/\/locabarcelona.egluu.com\/fr\/appartements-a-louer-par-quartier\/#breadcrumb\",\"itemListElement\":[{\"@type\":\"ListItem\",\"position\":1,\"name\":\"Inicio\",\"item\":\"https:\/\/www.locabarcelona.com\/fr\/home\/\"},{\"@type\":\"ListItem\",\"position\":2,\"name\":\"Appartements \u00e0 louer \u00e0 Barcelone par quartier\"}]},{\"@type\":\"WebSite\",\"@id\":\"https:\/\/locabarcelona.egluu.com\/fr\/#website\",\"url\":\"https:\/\/locabarcelona.egluu.com\/fr\/\",\"name\":\"Loca Barcelona\",\"description\":\"Real Estate Services\",\"publisher\":{\"@id\":\"https:\/\/locabarcelona.egluu.com\/fr\/#organization\"},\"potentialAction\":[{\"@type\":\"SearchAction\",\"target\":{\"@type\":\"EntryPoint\",\"urlTemplate\":\"https:\/\/locabarcelona.egluu.com\/fr\/?s={search_term_string}\"},\"query-input\":\"required name=search_term_string\"}],\"inLanguage\":\"fr-FR\"},{\"@type\":\"Organization\",\"@id\":\"https:\/\/locabarcelona.egluu.com\/fr\/#organization\",\"name\":\"Loca Barcelona\",\"url\":\"https:\/\/locabarcelona.egluu.com\/fr\/\",\"logo\":{\"@type\":\"ImageObject\",\"inLanguage\":\"fr-FR\",\"@id\":\"https:\/\/locabarcelona.egluu.com\/fr\/#\/schema\/logo\/image\/\",\"url\":\"https:\/\/locabarcelona.egluu.com\/wp-content\/uploads\/2021\/10\/logo_locabarcelona_small.png\",\"contentUrl\":\"https:\/\/locabarcelona.egluu.com\/wp-content\/uploads\/2021\/10\/logo_locabarcelona_small.png\",\"width\":250,\"height\":149,\"caption\":\"Loca Barcelona\"},\"image\":{\"@id\":\"https:\/\/locabarcelona.egluu.com\/fr\/#\/schema\/logo\/image\/\"}}]}<\/script>\n<!-- \/ Yoast SEO Premium plugin. -->","yoast_head_json":{"title":"Appartements \u00e0 louer \u00e0 Barcelone par quartier | Locabarcelona","description":"Trouvez votre nouvel appartement \u00e0 louer \u00e0 Barcelone par quartier avec Loca Barcelona. Agence immobili\u00e8re \u00e0 Barcelone avec des locations \u00e0 court et long terme. Contactez nous.","robots":{"index":"noindex","follow":"follow","max-snippet":"max-snippet:-1","max-image-preview":"max-image-preview:large","max-video-preview":"max-video-preview:-1"},"og_locale":"fr_FR","og_type":"article","og_title":"Appartements \u00e0 louer \u00e0 Barcelone par quartier | Locabarcelona","og_description":"Trouvez votre nouvel appartement \u00e0 louer \u00e0 Barcelone par quartier avec Loca Barcelona. Agence immobili\u00e8re \u00e0 Barcelone avec des locations \u00e0 court et long terme. Contactez nous.","og_url":"https:\/\/locabarcelona.egluu.com\/fr\/appartements-a-louer-par-quartier\/","og_site_name":"Locabarcelona","article_modified_time":"2023-10-09T15:56:33+00:00","twitter_card":"summary_large_image","twitter_misc":{"Est. reading time":"2 minutes"},"schema":{"@context":"https:\/\/schema.org","@graph":[{"@type":"WebPage","@id":"https:\/\/locabarcelona.egluu.com\/fr\/appartements-a-louer-par-quartier\/","url":"https:\/\/locabarcelona.egluu.com\/fr\/appartements-a-louer-par-quartier\/","name":"Appartements \u00e0 louer \u00e0 Barcelone par quartier | Locabarcelona","isPartOf":{"@id":"https:\/\/locabarcelona.egluu.com\/fr\/#website"},"datePublished":"2022-02-21T16:29:22+00:00","dateModified":"2023-10-09T15:56:33+00:00","description":"Trouvez votre nouvel appartement \u00e0 louer \u00e0 Barcelone par quartier avec Loca Barcelona. Agence immobili\u00e8re \u00e0 Barcelone avec des locations \u00e0 court et long terme. Contactez nous.","breadcrumb":{"@id":"https:\/\/locabarcelona.egluu.com\/fr\/appartements-a-louer-par-quartier\/#breadcrumb"},"inLanguage":"fr-FR","potentialAction":[{"@type":"ReadAction","target":["https:\/\/locabarcelona.egluu.com\/fr\/appartements-a-louer-par-quartier\/"]}]},{"@type":"BreadcrumbList","@id":"https:\/\/locabarcelona.egluu.com\/fr\/appartements-a-louer-par-quartier\/#breadcrumb","itemListElement":[{"@type":"ListItem","position":1,"name":"Inicio","item":"https:\/\/www.locabarcelona.com\/fr\/home\/"},{"@type":"ListItem","position":2,"name":"Appartements \u00e0 louer \u00e0 Barcelone par quartier"}]},{"@type":"WebSite","@id":"https:\/\/locabarcelona.egluu.com\/fr\/#website","url":"https:\/\/locabarcelona.egluu.com\/fr\/","name":"Loca Barcelona","description":"Real Estate Services","publisher":{"@id":"https:\/\/locabarcelona.egluu.com\/fr\/#organization"},"potentialAction":[{"@type":"SearchAction","target":{"@type":"EntryPoint","urlTemplate":"https:\/\/locabarcelona.egluu.com\/fr\/?s={search_term_string}"},"query-input":"required name=search_term_string"}],"inLanguage":"fr-FR"},{"@type":"Organization","@id":"https:\/\/locabarcelona.egluu.com\/fr\/#organization","name":"Loca Barcelona","url":"https:\/\/locabarcelona.egluu.com\/fr\/","logo":{"@type":"ImageObject","inLanguage":"fr-FR","@id":"https:\/\/locabarcelona.egluu.com\/fr\/#\/schema\/logo\/image\/","url":"https:\/\/locabarcelona.egluu.com\/wp-content\/uploads\/2021\/10\/logo_locabarcelona_small.png","contentUrl":"https:\/\/locabarcelona.egluu.com\/wp-content\/uploads\/2021\/10\/logo_locabarcelona_small.png","width":250,"height":149,"caption":"Loca Barcelona"},"image":{"@id":"https:\/\/locabarcelona.egluu.com\/fr\/#\/schema\/logo\/image\/"}}]}},"_links":{"self":[{"href":"https:\/\/locabarcelona.egluu.com\/fr\/wp-json\/wp\/v2\/pages\/439151"}],"collection":[{"href":"https:\/\/locabarcelona.egluu.com\/fr\/wp-json\/wp\/v2\/pages"}],"about":[{"href":"https:\/\/locabarcelona.egluu.com\/fr\/wp-json\/wp\/v2\/types\/page"}],"author":[{"embeddable":true,"href":"https:\/\/locabarcelona.egluu.com\/fr\/wp-json\/wp\/v2\/users\/344"}],"replies":[{"embeddable":true,"href":"https:\/\/locabarcelona.egluu.com\/fr\/wp-json\/wp\/v2\/comments?post=439151"}],"version-history":[{"count":0,"href":"https:\/\/locabarcelona.egluu.com\/fr\/wp-json\/wp\/v2\/pages\/439151\/revisions"}],"wp:attachment":[{"href":"https:\/\/locabarcelona.egluu.com\/fr\/wp-json\/wp\/v2\/media?parent=439151"}],"curies":[{"name":"wp","href":"https:\/\/api.w.org\/{rel}","templated":true}]}}