{"id":453061,"date":"2022-06-17T16:14:06","date_gmt":"2022-06-17T14:14:06","guid":{"rendered":"https:\/\/locabarcelona.egluu.com\/?page_id=453061"},"modified":"2023-02-06T16:33:35","modified_gmt":"2023-02-06T15:33:35","slug":"eixample","status":"publish","type":"page","link":"https:\/\/locabarcelona.egluu.com\/fr\/agence-immobiliere-barcelone\/location-touristique\/eixample\/","title":{"rendered":"Location touristique \u00e0 l&#8217;Eixample"},"content":{"rendered":"\t\t<div data-elementor-type=\"wp-page\" data-elementor-id=\"453061\" class=\"elementor elementor-453061\" data-elementor-post-type=\"page\">\n\t\t\t\t\t\t<section class=\"elementor-section elementor-top-section elementor-element elementor-element-19cb802 elementor-section-boxed elementor-section-height-default elementor-section-height-default\" data-id=\"19cb802\" data-element_type=\"section\">\n\t\t\t\t\t\t<div class=\"elementor-container elementor-column-gap-default\">\n\t\t\t\t\t<div class=\"elementor-column elementor-col-100 elementor-top-column elementor-element elementor-element-69fe7a7\" data-id=\"69fe7a7\" data-element_type=\"column\">\n\t\t\t<div class=\"elementor-widget-wrap elementor-element-populated\">\n\t\t\t\t\t\t<div class=\"elementor-element elementor-element-3913aa7 elementor-widget elementor-widget-heading\" data-id=\"3913aa7\" data-element_type=\"widget\" data-widget_type=\"heading.default\">\n\t\t\t\t<div class=\"elementor-widget-container\">\n\t\t\t<h2 class=\"elementor-heading-title elementor-size-default\">Pourquoi visiter le quartier de l'Eixample ?<\/h2>\t\t<\/div>\n\t\t\t\t<\/div>\n\t\t\t\t<div class=\"elementor-element elementor-element-5ff6266 elementor-widget elementor-widget-text-editor\" data-id=\"5ff6266\" data-element_type=\"widget\" data-widget_type=\"text-editor.default\">\n\t\t\t\t<div class=\"elementor-widget-container\">\n\t\t\t\t\t\t\t<p>Le quartier Eixample est un quartier riche en monuments du <strong>Modernisme<\/strong> (XIX\u00e8me si\u00e8cle), \u00e0 tel point qu\u2019en s\u2019y promenant peut na\u00eetre le sentiment de se trouver dans un mus\u00e9e \u00e0 ciel ouvert. Les fa\u00e7ades rivalisent les unes avec les autres en originalit\u00e9, et ce joyeux m\u00e9lange cr\u00e9e un univers propre \u00e0 Eixample que vous ne retrouverez nulle part ailleurs !<\/p><p>Pour vous aider dans votre d\u00e9couverte de ce joli quartier, voici une liste non exhaustive des incontournables de l\u2019Eixample :<\/p><ul><li><strong>Le Passeig de Gracia<\/strong> : C\u2019est dans cette grande avenue que vous retrouverez certaines des maisons du c\u00e9l\u00e8bre architecte Antoni Gaudi, qui s\u2019y m\u00ealent \u00e0 de grandes enseignes comme Zara ou H&amp;M, ainsi qu\u2019\u00e0 des h\u00f4tels de luxe.<\/li><li><strong>La casa Batllo<\/strong> : Cette maison, construite par Antoni Gaudi, est un incontournable du Passeig de Gracia, et m\u00eame de Barcelone ! Elle se distingue par sa fa\u00e7ade color\u00e9e, ses formes \u00e9tonnantes, et sa valeur artistique. Cette maison est ouverte au public pour les visites culturelles.<\/li><li><strong>La Fondation Tapies<\/strong> : Cette fondation a \u00e9t\u00e9 cr\u00e9\u00e9e par le peintre Antoni Tapies dans l\u2019objectif de favoriser l\u2019\u00e9tude et la compr\u00e9hension de l\u2019art contemporain. Vous y retrouverez la collection permanente consacr\u00e9e au peintre barcelonais, ainsi que des collections temporaires qui couvrent tous les genres artistiques.<\/li><li><strong>La casa Mil\u00e0<\/strong> ou <strong>la Pedrera<\/strong> : Cette maison d\u2019Antoni Gaudi est l\u2019un des 10 sites les plus visit\u00e9s \u00e0 Barcelone, et est inscrite dans la liste du patrimoine mondial de l&#8217;Unesco. Sa particularit\u00e9 ? Ses murs tordus. Une grande question demeure toujours sans r\u00e9ponse : o\u00f9 les locataires trouvent-ils leurs meubles ?<\/li><li><strong>Pla\u00e7a Catalunya<\/strong> : Plus grande place centrale \u00e0 Barcelone, la pla\u00e7a de Catalunya relie la vieille ville (Ciutat Vella) au quartier de l\u2019Eixample. Autour de cette place se trouvent six groupes statuaires qui repr\u00e9sentent les six capitales catalanes.<\/li><li><strong>Museu del Modernisme<\/strong> : Ce mus\u00e9e a \u00e9t\u00e9 cr\u00e9\u00e9 dans l\u2019objectif de pouvoir exposer la collection priv\u00e9e des antiquaires Fernando Pinos et Maira Guirao, qui compte plus de 350 \u0153uvres des artistes les plus influents de cette \u00e9poque du Modernisme.<\/li><\/ul>\t\t\t\t\t\t<\/div>\n\t\t\t\t<\/div>\n\t\t\t\t<div class=\"elementor-element elementor-element-e4645c1 elementor-widget elementor-widget-heading\" data-id=\"e4645c1\" data-element_type=\"widget\" data-widget_type=\"heading.default\">\n\t\t\t\t<div class=\"elementor-widget-container\">\n\t\t\t<h2 class=\"elementor-heading-title elementor-size-default\">Les avantages de choisir une location touristique dans l'Eixample<\/h2>\t\t<\/div>\n\t\t\t\t<\/div>\n\t\t\t\t<div class=\"elementor-element elementor-element-40fc990 elementor-widget elementor-widget-text-editor\" data-id=\"40fc990\" data-element_type=\"widget\" data-widget_type=\"text-editor.default\">\n\t\t\t\t<div class=\"elementor-widget-container\">\n\t\t\t\t\t\t\t<p>Comme vous avez bien pu le comprendre, ce quartier est riche en monuments \u00e0 visiter. Vous pouvez \u00eatre s\u00fbr que vous trouverez toujours de quoi faire dans ce quartier !<\/p><p>Sans oublier son emplacement id\u00e9al en plein c\u0153ur de Barcelone. Tr\u00e8s bien desservi par les transports (stations de m\u00e9tro <strong>Passeig de Gracia<\/strong>, <strong>Diagonal<\/strong>, <strong>Sagrada Familia<\/strong>, <strong>Girona<\/strong>, <strong>Urquinaona<\/strong>), il n\u2019est pas difficile de se rendre dans les quartiers avoisinants, comme Gracia, Sant Antoni, ou encore el Gotic.<\/p>\t\t\t\t\t\t<\/div>\n\t\t\t\t<\/div>\n\t\t\t\t<div class=\"elementor-element elementor-element-aaa67f7 elementor-widget elementor-widget-heading\" data-id=\"aaa67f7\" data-element_type=\"widget\" data-widget_type=\"heading.default\">\n\t\t\t\t<div class=\"elementor-widget-container\">\n\t\t\t<h2 class=\"elementor-heading-title elementor-size-default\">Quelques bonnes adresses \u00e0 Eixample<\/h2>\t\t<\/div>\n\t\t\t\t<\/div>\n\t\t\t\t<div class=\"elementor-element elementor-element-247da6a elementor-widget elementor-widget-text-editor\" data-id=\"247da6a\" data-element_type=\"widget\" data-widget_type=\"text-editor.default\">\n\t\t\t\t<div class=\"elementor-widget-container\">\n\t\t\t\t\t\t\t<h3>Pour manger<\/h3><p>Voici quelques restaurants qui sauront ravir vos papilles :<\/p><ul><li><strong>La Cerveceria Catalana<\/strong> : Id\u00e9al si vous voulez go\u00fbter \u00e0 de d\u00e9licieux tapas. Petit b\u00e9mol : le restaurant est souvent plein, il est donc conseill\u00e9 d\u2019arriver t\u00f4t.<\/li><li><strong>ArtTe<\/strong> : \u00c0 la fois restaurant, bar \u00e0 cocktails, bar \u00e0 th\u00e9, galerie d\u2019Art et espace de concerts, cet endroit saura vous charmer par son originalit\u00e9.<\/li><li><strong>Bar Alegria<\/strong> : Vous pourrez y manger des tapas dans l\u2019un des bars les plus anciens de la ville.<\/li><li><strong>Billy Brunch &amp; Garden<\/strong> : Si vous \u00eates un adepte des brunch, alors ce restaurant est fait pour vous ! Les prix sont raisonnables, et vous pouvez \u00eatre s\u00fbr qu\u2019une fois votre plat fini, vous serez rassasi\u00e9 !<\/li><\/ul><h3>Pour sortir<\/h3><p>Apr\u00e8s avoir bien d\u00een\u00e9, pourquoi ne pas sortir ? Voici quelques bars ou boites o\u00f9 finir votre soir\u00e9e entre amis :<\/p><ul><li><strong>Le bar Dow Jones<\/strong> : Comme la bourse, les prix des boissons fluctuent en fonction de la demande. Alors restez aux aguets, et soyez pr\u00eats \u00e0 vous jeter sur le bar en cas de crack!<\/li><li><strong>City Hall<\/strong> : Si vous aimez la musique \u00e9lectro, alors vous devez faire un d\u00e9tour par ce club. L\u2019ambiance y est tr\u00e8s internationale, et il y a m\u00eame quelques fois des concerts.<\/li><\/ul>\t\t\t\t\t\t<\/div>\n\t\t\t\t<\/div>\n\t\t\t\t\t<\/div>\n\t\t<\/div>\n\t\t\t\t\t<\/div>\n\t\t<\/section>\n\t\t\t\t<section class=\"elementor-section elementor-top-section elementor-element elementor-element-759221c elementor-section-boxed elementor-section-height-default elementor-section-height-default\" data-id=\"759221c\" data-element_type=\"section\">\n\t\t\t\t\t\t<div class=\"elementor-container elementor-column-gap-default\">\n\t\t\t\t\t<div class=\"elementor-column elementor-col-100 elementor-top-column elementor-element elementor-element-dff73e7\" data-id=\"dff73e7\" data-element_type=\"column\">\n\t\t\t<div class=\"elementor-widget-wrap elementor-element-populated\">\n\t\t\t\t\t\t<div class=\"elementor-element elementor-element-a250232 elementor-widget elementor-widget-heading\" data-id=\"a250232\" data-element_type=\"widget\" data-widget_type=\"heading.default\">\n\t\t\t\t<div class=\"elementor-widget-container\">\n\t\t\t<h2 class=\"elementor-heading-title elementor-size-default\">Locations touristiques par quartier<\/h2>\t\t<\/div>\n\t\t\t\t<\/div>\n\t\t\t\t\t<\/div>\n\t\t<\/div>\n\t\t\t\t\t<\/div>\n\t\t<\/section>\n\t\t\t\t<section class=\"elementor-section elementor-top-section elementor-element elementor-element-3e45b97 elementor-section-boxed elementor-section-height-default elementor-section-height-default\" data-id=\"3e45b97\" data-element_type=\"section\">\n\t\t\t\t\t\t<div class=\"elementor-container elementor-column-gap-default\">\n\t\t\t\t\t<div class=\"elementor-column elementor-col-50 elementor-top-column elementor-element elementor-element-1eabfc5\" data-id=\"1eabfc5\" data-element_type=\"column\">\n\t\t\t<div class=\"elementor-widget-wrap elementor-element-populated\">\n\t\t\t\t\t\t<div class=\"elementor-element elementor-element-ba916a7 elementor-widget elementor-widget-global elementor-global-458038 elementor-widget-text-editor\" data-id=\"ba916a7\" data-element_type=\"widget\" data-widget_type=\"text-editor.default\">\n\t\t\t\t<div class=\"elementor-widget-container\">\n\t\t\t\t\t\t\t<p><a href=\"https:\/\/locabarcelona.egluu.com\/fr\/agence-immobiliere-barcelone\/location-touristique\/eixample\/\">Location touristique Eixample<\/a><br \/><a href=\"https:\/\/locabarcelona.egluu.com\/fr\/agence-immobiliere-barcelone\/location-touristique\/el-raval\/\">Location touristique El Raval<\/a><br \/><a href=\"https:\/\/locabarcelona.egluu.com\/fr\/agence-immobiliere-barcelone\/location-touristique\/sagrada-familia\/\">Location touristique Sagrada Familia<\/a><br \/><a href=\"https:\/\/locabarcelona.egluu.com\/fr\/agence-immobiliere-barcelone\/location-touristique\/sant-antoni\/\">Location touristique Sant Antoni<\/a><br \/><a href=\"https:\/\/locabarcelona.egluu.com\/fr\/agence-immobiliere-barcelone\/location-touristique\/les-corts\/\">Location touristique Les Corts<\/a><br \/><a href=\"https:\/\/locabarcelona.egluu.com\/fr\/agence-immobiliere-barcelone\/location-touristique\/sants-montjuic\/\">Location touristique Sants-Montjuic<\/a><br \/><a href=\"https:\/\/locabarcelona.egluu.com\/fr\/agence-immobiliere-barcelone\/location-touristique\/nou-barris\/\">Location touristique Nou Barris<\/a><\/p>\t\t\t\t\t\t<\/div>\n\t\t\t\t<\/div>\n\t\t\t\t\t<\/div>\n\t\t<\/div>\n\t\t\t\t<div class=\"elementor-column elementor-col-50 elementor-top-column elementor-element elementor-element-1c67423\" data-id=\"1c67423\" data-element_type=\"column\">\n\t\t\t<div class=\"elementor-widget-wrap elementor-element-populated\">\n\t\t\t\t\t\t<div class=\"elementor-element elementor-element-4a5b9fa elementor-widget elementor-widget-global elementor-global-458041 elementor-widget-text-editor\" data-id=\"4a5b9fa\" data-element_type=\"widget\" data-widget_type=\"text-editor.default\">\n\t\t\t\t<div class=\"elementor-widget-container\">\n\t\t\t\t\t\t\t<p><a href=\"https:\/\/locabarcelona.egluu.com\/fr\/agence-immobiliere-barcelone\/location-touristique\/gracia\/\">Location touristique Gracia<\/a><br \/><a href=\"https:\/\/locabarcelona.egluu.com\/fr\/agence-immobiliere-barcelone\/location-touristique\/el-born\/\">Location touristique El Born<\/a><br \/><a href=\"https:\/\/locabarcelona.egluu.com\/fr\/agence-immobiliere-barcelone\/location-touristique\/barceloneta\/\">Location touristique Barceloneta<\/a><br \/><a href=\"https:\/\/locabarcelona.egluu.com\/fr\/agence-immobiliere-barcelone\/location-touristique\/le-gotic\/\">Location touristique Le Gothique<\/a><br \/><a href=\"https:\/\/locabarcelona.egluu.com\/fr\/agence-immobiliere-barcelone\/location-touristique\/ciutat-vella\/\">Location touristique Ciutat Vella<\/a><br \/><a href=\"https:\/\/locabarcelona.egluu.com\/fr\/agence-immobiliere-barcelone\/location-touristique\/sarria-sant-gervasi\/\">Location touristique Sarri\u00e1 Sant Gervasi<\/a><\/p>\t\t\t\t\t\t<\/div>\n\t\t\t\t<\/div>\n\t\t\t\t\t<\/div>\n\t\t<\/div>\n\t\t\t\t\t<\/div>\n\t\t<\/section>\n\t\t\t\t<\/div>\n\t\t","protected":false},"excerpt":{"rendered":"<p>Pourquoi visiter le quartier de l&#8217;Eixample ? Le quartier Eixample est un quartier riche en monuments du Modernisme (XIX\u00e8me si\u00e8cle), \u00e0 tel point qu\u2019en s\u2019y promenant peut na\u00eetre le sentiment de se trouver dans un mus\u00e9e \u00e0 ciel ouvert. Les fa\u00e7ades rivalisent les unes avec les autres en originalit\u00e9, et ce joyeux m\u00e9lange cr\u00e9e un&#8230;<\/p>\n","protected":false},"author":344,"featured_media":0,"parent":405129,"menu_order":0,"comment_status":"closed","ping_status":"closed","template":"templates\/list-layout.php","meta":{"inline_featured_image":false,"footnotes":""},"yoast_head":"<!-- This site is optimized with the Yoast SEO Premium plugin v22.6 (Yoast SEO v22.6) - https:\/\/yoast.com\/wordpress\/plugins\/seo\/ -->\n<title>Location touristique \u00e0 l&#039;Eixample | Locabarcelona<\/title>\n<meta name=\"description\" content=\"A la recherche d&#039;un appartement \u00e0 louer pour vos vacances dans l&#039;Eixample ? D\u00e9couvrez tout ce qu&#039;il faut savoir sur le quartier avec LOCA BARCELONA !\" \/>\n<meta name=\"robots\" content=\"noindex, follow, max-snippet:-1, max-image-preview:large, max-video-preview:-1\" \/>\n<meta property=\"og:locale\" content=\"fr_FR\" \/>\n<meta property=\"og:type\" content=\"article\" \/>\n<meta property=\"og:title\" content=\"Location touristique \u00e0 l&#039;Eixample | Locabarcelona\" \/>\n<meta property=\"og:description\" content=\"A la recherche d&#039;un appartement \u00e0 louer pour vos vacances dans l&#039;Eixample ? D\u00e9couvrez tout ce qu&#039;il faut savoir sur le quartier avec LOCA BARCELONA !\" \/>\n<meta property=\"og:url\" content=\"https:\/\/locabarcelona.egluu.com\/fr\/agence-immobiliere-barcelone\/location-touristique\/eixample\/\" \/>\n<meta property=\"og:site_name\" content=\"Locabarcelona\" \/>\n<meta property=\"article:modified_time\" content=\"2023-02-06T15:33:35+00:00\" \/>\n<meta name=\"twitter:card\" content=\"summary_large_image\" \/>\n<meta name=\"twitter:label1\" content=\"Est. reading time\" \/>\n\t<meta name=\"twitter:data1\" content=\"4 minutes\" \/>\n<script type=\"application\/ld+json\" class=\"yoast-schema-graph\">{\"@context\":\"https:\/\/schema.org\",\"@graph\":[{\"@type\":\"WebPage\",\"@id\":\"https:\/\/locabarcelona.egluu.com\/fr\/agence-immobiliere-barcelone\/location-touristique\/eixample\/\",\"url\":\"https:\/\/locabarcelona.egluu.com\/fr\/agence-immobiliere-barcelone\/location-touristique\/eixample\/\",\"name\":\"Location touristique \u00e0 l'Eixample | Locabarcelona\",\"isPartOf\":{\"@id\":\"https:\/\/locabarcelona.egluu.com\/fr\/#website\"},\"datePublished\":\"2022-06-17T14:14:06+00:00\",\"dateModified\":\"2023-02-06T15:33:35+00:00\",\"description\":\"A la recherche d'un appartement \u00e0 louer pour vos vacances dans l'Eixample ? D\u00e9couvrez tout ce qu'il faut savoir sur le quartier avec LOCA BARCELONA !\",\"breadcrumb\":{\"@id\":\"https:\/\/locabarcelona.egluu.com\/fr\/agence-immobiliere-barcelone\/location-touristique\/eixample\/#breadcrumb\"},\"inLanguage\":\"fr-FR\",\"potentialAction\":[{\"@type\":\"ReadAction\",\"target\":[\"https:\/\/locabarcelona.egluu.com\/fr\/agence-immobiliere-barcelone\/location-touristique\/eixample\/\"]}]},{\"@type\":\"BreadcrumbList\",\"@id\":\"https:\/\/locabarcelona.egluu.com\/fr\/agence-immobiliere-barcelone\/location-touristique\/eixample\/#breadcrumb\",\"itemListElement\":[{\"@type\":\"ListItem\",\"position\":1,\"name\":\"Inicio\",\"item\":\"https:\/\/www.locabarcelona.com\/fr\/home\/\"},{\"@type\":\"ListItem\",\"position\":2,\"name\":\"Agence Immobili\u00e8re \u00e0 Barcelone\",\"item\":\"https:\/\/www.locabarcelona.com\/fr\/agence-immobiliere-barcelone\/\"},{\"@type\":\"ListItem\",\"position\":3,\"name\":\"Location touristique\",\"item\":\"https:\/\/www.locabarcelona.com\/fr\/agence-immobiliere-barcelone\/location-touristique\/\"},{\"@type\":\"ListItem\",\"position\":4,\"name\":\"Location touristique \u00e0 l&#8217;Eixample\"}]},{\"@type\":\"WebSite\",\"@id\":\"https:\/\/locabarcelona.egluu.com\/fr\/#website\",\"url\":\"https:\/\/locabarcelona.egluu.com\/fr\/\",\"name\":\"Loca Barcelona\",\"description\":\"Real Estate Services\",\"publisher\":{\"@id\":\"https:\/\/locabarcelona.egluu.com\/fr\/#organization\"},\"potentialAction\":[{\"@type\":\"SearchAction\",\"target\":{\"@type\":\"EntryPoint\",\"urlTemplate\":\"https:\/\/locabarcelona.egluu.com\/fr\/?s={search_term_string}\"},\"query-input\":\"required name=search_term_string\"}],\"inLanguage\":\"fr-FR\"},{\"@type\":\"Organization\",\"@id\":\"https:\/\/locabarcelona.egluu.com\/fr\/#organization\",\"name\":\"Loca Barcelona\",\"url\":\"https:\/\/locabarcelona.egluu.com\/fr\/\",\"logo\":{\"@type\":\"ImageObject\",\"inLanguage\":\"fr-FR\",\"@id\":\"https:\/\/locabarcelona.egluu.com\/fr\/#\/schema\/logo\/image\/\",\"url\":\"https:\/\/locabarcelona.egluu.com\/wp-content\/uploads\/2021\/10\/logo_locabarcelona_small.png\",\"contentUrl\":\"https:\/\/locabarcelona.egluu.com\/wp-content\/uploads\/2021\/10\/logo_locabarcelona_small.png\",\"width\":250,\"height\":149,\"caption\":\"Loca Barcelona\"},\"image\":{\"@id\":\"https:\/\/locabarcelona.egluu.com\/fr\/#\/schema\/logo\/image\/\"}}]}<\/script>\n<!-- \/ Yoast SEO Premium plugin. -->","yoast_head_json":{"title":"Location touristique \u00e0 l'Eixample | Locabarcelona","description":"A la recherche d'un appartement \u00e0 louer pour vos vacances dans l'Eixample ? D\u00e9couvrez tout ce qu'il faut savoir sur le quartier avec LOCA BARCELONA !","robots":{"index":"noindex","follow":"follow","max-snippet":"max-snippet:-1","max-image-preview":"max-image-preview:large","max-video-preview":"max-video-preview:-1"},"og_locale":"fr_FR","og_type":"article","og_title":"Location touristique \u00e0 l'Eixample | Locabarcelona","og_description":"A la recherche d'un appartement \u00e0 louer pour vos vacances dans l'Eixample ? D\u00e9couvrez tout ce qu'il faut savoir sur le quartier avec LOCA BARCELONA !","og_url":"https:\/\/locabarcelona.egluu.com\/fr\/agence-immobiliere-barcelone\/location-touristique\/eixample\/","og_site_name":"Locabarcelona","article_modified_time":"2023-02-06T15:33:35+00:00","twitter_card":"summary_large_image","twitter_misc":{"Est. reading time":"4 minutes"},"schema":{"@context":"https:\/\/schema.org","@graph":[{"@type":"WebPage","@id":"https:\/\/locabarcelona.egluu.com\/fr\/agence-immobiliere-barcelone\/location-touristique\/eixample\/","url":"https:\/\/locabarcelona.egluu.com\/fr\/agence-immobiliere-barcelone\/location-touristique\/eixample\/","name":"Location touristique \u00e0 l'Eixample | Locabarcelona","isPartOf":{"@id":"https:\/\/locabarcelona.egluu.com\/fr\/#website"},"datePublished":"2022-06-17T14:14:06+00:00","dateModified":"2023-02-06T15:33:35+00:00","description":"A la recherche d'un appartement \u00e0 louer pour vos vacances dans l'Eixample ? D\u00e9couvrez tout ce qu'il faut savoir sur le quartier avec LOCA BARCELONA !","breadcrumb":{"@id":"https:\/\/locabarcelona.egluu.com\/fr\/agence-immobiliere-barcelone\/location-touristique\/eixample\/#breadcrumb"},"inLanguage":"fr-FR","potentialAction":[{"@type":"ReadAction","target":["https:\/\/locabarcelona.egluu.com\/fr\/agence-immobiliere-barcelone\/location-touristique\/eixample\/"]}]},{"@type":"BreadcrumbList","@id":"https:\/\/locabarcelona.egluu.com\/fr\/agence-immobiliere-barcelone\/location-touristique\/eixample\/#breadcrumb","itemListElement":[{"@type":"ListItem","position":1,"name":"Inicio","item":"https:\/\/www.locabarcelona.com\/fr\/home\/"},{"@type":"ListItem","position":2,"name":"Agence Immobili\u00e8re \u00e0 Barcelone","item":"https:\/\/www.locabarcelona.com\/fr\/agence-immobiliere-barcelone\/"},{"@type":"ListItem","position":3,"name":"Location touristique","item":"https:\/\/www.locabarcelona.com\/fr\/agence-immobiliere-barcelone\/location-touristique\/"},{"@type":"ListItem","position":4,"name":"Location touristique \u00e0 l&#8217;Eixample"}]},{"@type":"WebSite","@id":"https:\/\/locabarcelona.egluu.com\/fr\/#website","url":"https:\/\/locabarcelona.egluu.com\/fr\/","name":"Loca Barcelona","description":"Real Estate Services","publisher":{"@id":"https:\/\/locabarcelona.egluu.com\/fr\/#organization"},"potentialAction":[{"@type":"SearchAction","target":{"@type":"EntryPoint","urlTemplate":"https:\/\/locabarcelona.egluu.com\/fr\/?s={search_term_string}"},"query-input":"required name=search_term_string"}],"inLanguage":"fr-FR"},{"@type":"Organization","@id":"https:\/\/locabarcelona.egluu.com\/fr\/#organization","name":"Loca Barcelona","url":"https:\/\/locabarcelona.egluu.com\/fr\/","logo":{"@type":"ImageObject","inLanguage":"fr-FR","@id":"https:\/\/locabarcelona.egluu.com\/fr\/#\/schema\/logo\/image\/","url":"https:\/\/locabarcelona.egluu.com\/wp-content\/uploads\/2021\/10\/logo_locabarcelona_small.png","contentUrl":"https:\/\/locabarcelona.egluu.com\/wp-content\/uploads\/2021\/10\/logo_locabarcelona_small.png","width":250,"height":149,"caption":"Loca Barcelona"},"image":{"@id":"https:\/\/locabarcelona.egluu.com\/fr\/#\/schema\/logo\/image\/"}}]}},"_links":{"self":[{"href":"https:\/\/locabarcelona.egluu.com\/fr\/wp-json\/wp\/v2\/pages\/453061"}],"collection":[{"href":"https:\/\/locabarcelona.egluu.com\/fr\/wp-json\/wp\/v2\/pages"}],"about":[{"href":"https:\/\/locabarcelona.egluu.com\/fr\/wp-json\/wp\/v2\/types\/page"}],"author":[{"embeddable":true,"href":"https:\/\/locabarcelona.egluu.com\/fr\/wp-json\/wp\/v2\/users\/344"}],"replies":[{"embeddable":true,"href":"https:\/\/locabarcelona.egluu.com\/fr\/wp-json\/wp\/v2\/comments?post=453061"}],"version-history":[{"count":0,"href":"https:\/\/locabarcelona.egluu.com\/fr\/wp-json\/wp\/v2\/pages\/453061\/revisions"}],"up":[{"embeddable":true,"href":"https:\/\/locabarcelona.egluu.com\/fr\/wp-json\/wp\/v2\/pages\/405129"}],"wp:attachment":[{"href":"https:\/\/locabarcelona.egluu.com\/fr\/wp-json\/wp\/v2\/media?parent=453061"}],"curies":[{"name":"wp","href":"https:\/\/api.w.org\/{rel}","templated":true}]}}