{"id":453154,"date":"2022-06-17T17:10:46","date_gmt":"2022-06-17T15:10:46","guid":{"rendered":"https:\/\/locabarcelona.egluu.com\/?page_id=453154"},"modified":"2022-07-26T12:15:16","modified_gmt":"2022-07-26T10:15:16","slug":"sagrada-familia","status":"publish","type":"page","link":"https:\/\/locabarcelona.egluu.com\/fr\/agence-immobiliere-barcelone\/location-touristique\/sagrada-familia\/","title":{"rendered":"Location touristique vers la Sagrada Familia"},"content":{"rendered":"\t\t<div data-elementor-type=\"wp-page\" data-elementor-id=\"453154\" class=\"elementor elementor-453154\" data-elementor-post-type=\"page\">\n\t\t\t\t\t\t<section class=\"elementor-section elementor-top-section elementor-element elementor-element-19cb802 elementor-section-boxed elementor-section-height-default elementor-section-height-default\" data-id=\"19cb802\" data-element_type=\"section\">\n\t\t\t\t\t\t<div class=\"elementor-container elementor-column-gap-default\">\n\t\t\t\t\t<div class=\"elementor-column elementor-col-100 elementor-top-column elementor-element elementor-element-69fe7a7\" data-id=\"69fe7a7\" data-element_type=\"column\">\n\t\t\t<div class=\"elementor-widget-wrap elementor-element-populated\">\n\t\t\t\t\t\t<div class=\"elementor-element elementor-element-3913aa7 elementor-widget elementor-widget-heading\" data-id=\"3913aa7\" data-element_type=\"widget\" data-widget_type=\"heading.default\">\n\t\t\t\t<div class=\"elementor-widget-container\">\n\t\t\t<h2 class=\"elementor-heading-title elementor-size-default\">Pourquoi visiter le quartier de la Sagrada Familia ?<\/h2>\t\t<\/div>\n\t\t\t\t<\/div>\n\t\t\t\t<div class=\"elementor-element elementor-element-5ff6266 elementor-widget elementor-widget-text-editor\" data-id=\"5ff6266\" data-element_type=\"widget\" data-widget_type=\"text-editor.default\">\n\t\t\t\t<div class=\"elementor-widget-container\">\n\t\t\t\t\t\t\t<p>La tr\u00e8s connue <strong>Sagrada Familia<\/strong> fait tout le charme de ce quartier, et le rend particuli\u00e8rement attractif pour un s\u00e9jour touristique. En effet, quoi de mieux que de se r\u00e9veiller tous les matins avec une vue sur ce tr\u00e9sor d\u2019architecture ? L\u2019incontournable de ce quartier est, bien s\u00fbr, d\u2019aller visiter cette basilique inachev\u00e9e. Mais il y a d\u2019autres petites merveilles \u00e0 visiter dans ce quartier, qui sont les suivantes :<\/p><ul><li><strong>La crypte sous la Sagrada Familia<\/strong> : Gaudi, dans ses plans, n\u2019a omis aucun d\u00e9tail, y compris les souterrains de la basilique. Cette crypte est surmont\u00e9e d\u2019une grande vo\u00fbte sur laquelle on peut observer une repr\u00e9sentation sculpt\u00e9e et color\u00e9e de l\u2019Annonciation de Marie. Class\u00e9e au patrimoine mondial de l\u2019UNESCO, on y trouve la s\u00e9pulture du c\u00e9l\u00e8bre architecte, d\u00e9c\u00e9d\u00e9 avant la fin des travaux de son \u0153uvre.<\/li><li><strong>La pla\u00e7a de la Sagrada Familia<\/strong> : Cette place, comme son nom l\u2019indique, se situe proche de la Sagrada Familia, et plus pr\u00e9cis\u00e9ment sur son c\u00f4t\u00e9 droit. Elle a \u00e9t\u00e9 am\u00e9nag\u00e9e par Gaudi afin de rendre l\u2019\u00e9glise plus visible, et offre ainsi une magnifique vue sur la basilique.<\/li><li><strong>Mercat de la Sagrada Familia<\/strong> : Situ\u00e9 juste \u00e0 c\u00f4t\u00e9 de la basilique, ce march\u00e9 se trouve dans les anciens locaux de la soci\u00e9t\u00e9 General Motors. On y retrouve un large panel de produits frais, et de sp\u00e9cialit\u00e9s locales. Vous pouvez vous y acheter de quoi grignoter avant d\u2019aller vous installer sur la terrasse adjacente !<\/li><li><strong>L\u2019avinguda Gaudi <\/strong>: Si vous souhaitez faire une balade paisible et aimez l\u2019architecture, vous pouvez marcher le long de l\u2019avinguda Familia. Cette large et agr\u00e9able promenade pi\u00e9tonne part de la Sagrada et va jusqu\u2019\u00e0 Sant Pau Recinte Modernista, l\u2019\u00e9difice le plus repr\u00e9sentatif du modernisme catalan.<\/li><\/ul>\t\t\t\t\t\t<\/div>\n\t\t\t\t<\/div>\n\t\t\t\t<div class=\"elementor-element elementor-element-e4645c1 elementor-widget elementor-widget-heading\" data-id=\"e4645c1\" data-element_type=\"widget\" data-widget_type=\"heading.default\">\n\t\t\t\t<div class=\"elementor-widget-container\">\n\t\t\t<h2 class=\"elementor-heading-title elementor-size-default\">Les avantages de choisir une location touristique vers la Sagrada Familia<\/h2>\t\t<\/div>\n\t\t\t\t<\/div>\n\t\t\t\t<div class=\"elementor-element elementor-element-40fc990 elementor-widget elementor-widget-text-editor\" data-id=\"40fc990\" data-element_type=\"widget\" data-widget_type=\"text-editor.default\">\n\t\t\t\t<div class=\"elementor-widget-container\">\n\t\t\t\t\t\t\t<p>Si vous aimez la tranquillit\u00e9, ce quartier est fait pour vous ! Loin des rues anim\u00e9es du Barri Gotic, du Raval ou du Born, ce quartier est compos\u00e9 essentiellement de rues r\u00e9sidentielles entourant la bien connue Sagrada Familia. Ce sont g\u00e9n\u00e9ralement des catalans qui y habitent, ce qui est parfait si vous voulez fuir les quartiers tr\u00e8s touristiques et rencontrer des locaux.<\/p><p>De plus, le quartier est tr\u00e8s bien desservi par les transports publics (<strong>L5<\/strong> &#8211; <strong>Sagrada Familia<\/strong>, juste \u00e0 c\u00f4t\u00e9 de la basilique). Le Passeig de Gr\u00e0cia et ses monuments s\u2019y trouvent \u00e0 seulement 15 minutes \u00e0 pied, et la Pla\u00e7a Universitat et las Ramblas sont accessibles en seulement 10 et 20 minutes en m\u00e9tro.<\/p>\t\t\t\t\t\t<\/div>\n\t\t\t\t<\/div>\n\t\t\t\t<div class=\"elementor-element elementor-element-aaa67f7 elementor-widget elementor-widget-heading\" data-id=\"aaa67f7\" data-element_type=\"widget\" data-widget_type=\"heading.default\">\n\t\t\t\t<div class=\"elementor-widget-container\">\n\t\t\t<h2 class=\"elementor-heading-title elementor-size-default\">Quelques bonnes adresses vers la Sagrada Familia<\/h2>\t\t<\/div>\n\t\t\t\t<\/div>\n\t\t\t\t<div class=\"elementor-element elementor-element-247da6a elementor-widget elementor-widget-text-editor\" data-id=\"247da6a\" data-element_type=\"widget\" data-widget_type=\"text-editor.default\">\n\t\t\t\t<div class=\"elementor-widget-container\">\n\t\t\t\t\t\t\t<h3>Pour manger<\/h3><p>L\u2019avinguda de Gaudi est un endroit tr\u00e8s agr\u00e9able o\u00f9 aller manger. Si vous avez envie de go\u00fbter aux tapas, vous pourrez aller manger dans l\u2019un des nombreux bars \u00e0 tapas de la rue, comme le <strong>Tapas Gaudi<\/strong>, ou encore <strong>La Llesca<\/strong>. Pas tr\u00e8s espagnol, mais tout aussi bon, il y a aussi le restaurant libanais <strong>Aladdin<\/strong> qui propose de bons petits plats \u00e0 des prix tr\u00e8s abordables. Pour les v\u00e9g\u00e9tariens, <strong>l\u2019arc-iris<\/strong> saura combler vos envies avec ses bons petits plats \u00e0 des prix tr\u00e8s raisonnables. L\u2019ambiance y est conviviale, et le patron chaleureux !<\/p><h3>Pour boire<\/h3><p>La particularit\u00e9 de ce quartier, qui peut \u00eatre vue comme un d\u00e9faut par les plus f\u00eatards d\u2019entre vous, est qu\u2019il n\u2019y a pas d\u2019endroit o\u00f9 sortir proche de la Sagrada Familia. En revanche, vous pouvez facilement vous rendre au centre gr\u00e2ce \u00e0 la ligne 5 si vous vous sentez d\u2019humeur festive, d\u2019autant plus que le m\u00e9tro est ouvert 24 heures sur 24 le samedi.<\/p>\t\t\t\t\t\t<\/div>\n\t\t\t\t<\/div>\n\t\t\t\t\t<\/div>\n\t\t<\/div>\n\t\t\t\t\t<\/div>\n\t\t<\/section>\n\t\t\t\t<section class=\"elementor-section elementor-top-section elementor-element elementor-element-17253d4 elementor-section-boxed elementor-section-height-default elementor-section-height-default\" data-id=\"17253d4\" data-element_type=\"section\">\n\t\t\t\t\t\t<div class=\"elementor-container elementor-column-gap-default\">\n\t\t\t\t\t<div class=\"elementor-column elementor-col-100 elementor-top-column elementor-element elementor-element-ce985b0\" data-id=\"ce985b0\" data-element_type=\"column\">\n\t\t\t<div class=\"elementor-widget-wrap elementor-element-populated\">\n\t\t\t\t\t\t<div class=\"elementor-element elementor-element-4a37e31 elementor-widget elementor-widget-heading\" data-id=\"4a37e31\" data-element_type=\"widget\" data-widget_type=\"heading.default\">\n\t\t\t\t<div class=\"elementor-widget-container\">\n\t\t\t<h2 class=\"elementor-heading-title elementor-size-default\">Locations touristiques par quartier<\/h2>\t\t<\/div>\n\t\t\t\t<\/div>\n\t\t\t\t\t<\/div>\n\t\t<\/div>\n\t\t\t\t\t<\/div>\n\t\t<\/section>\n\t\t\t\t<section class=\"elementor-section elementor-top-section elementor-element elementor-element-d7e9a35 elementor-section-boxed elementor-section-height-default elementor-section-height-default\" data-id=\"d7e9a35\" data-element_type=\"section\">\n\t\t\t\t\t\t<div class=\"elementor-container elementor-column-gap-default\">\n\t\t\t\t\t<div class=\"elementor-column elementor-col-50 elementor-top-column elementor-element elementor-element-5523b2a\" data-id=\"5523b2a\" data-element_type=\"column\">\n\t\t\t<div class=\"elementor-widget-wrap elementor-element-populated\">\n\t\t\t\t\t\t<div class=\"elementor-element elementor-element-ac02017 elementor-widget elementor-widget-global elementor-global-458038 elementor-widget-text-editor\" data-id=\"ac02017\" data-element_type=\"widget\" data-widget_type=\"text-editor.default\">\n\t\t\t\t<div class=\"elementor-widget-container\">\n\t\t\t\t\t\t\t<p><a href=\"https:\/\/locabarcelona.egluu.com\/fr\/agence-immobiliere-barcelone\/location-touristique\/eixample\/\">Location touristique Eixample<\/a><br \/><a href=\"https:\/\/locabarcelona.egluu.com\/fr\/agence-immobiliere-barcelone\/location-touristique\/el-raval\/\">Location touristique El Raval<\/a><br \/><a href=\"https:\/\/locabarcelona.egluu.com\/fr\/agence-immobiliere-barcelone\/location-touristique\/sagrada-familia\/\">Location touristique Sagrada Familia<\/a><br \/><a href=\"https:\/\/locabarcelona.egluu.com\/fr\/agence-immobiliere-barcelone\/location-touristique\/sant-antoni\/\">Location touristique Sant Antoni<\/a><br \/><a href=\"https:\/\/locabarcelona.egluu.com\/fr\/agence-immobiliere-barcelone\/location-touristique\/les-corts\/\">Location touristique Les Corts<\/a><br \/><a href=\"https:\/\/locabarcelona.egluu.com\/fr\/agence-immobiliere-barcelone\/location-touristique\/sants-montjuic\/\">Location touristique Sants-Montjuic<\/a><br \/><a href=\"https:\/\/locabarcelona.egluu.com\/fr\/agence-immobiliere-barcelone\/location-touristique\/nou-barris\/\">Location touristique Nou Barris<\/a><\/p>\t\t\t\t\t\t<\/div>\n\t\t\t\t<\/div>\n\t\t\t\t\t<\/div>\n\t\t<\/div>\n\t\t\t\t<div class=\"elementor-column elementor-col-50 elementor-top-column elementor-element elementor-element-bd82c68\" data-id=\"bd82c68\" data-element_type=\"column\">\n\t\t\t<div class=\"elementor-widget-wrap elementor-element-populated\">\n\t\t\t\t\t\t<div class=\"elementor-element elementor-element-ae7b5b6 elementor-widget elementor-widget-global elementor-global-458041 elementor-widget-text-editor\" data-id=\"ae7b5b6\" data-element_type=\"widget\" data-widget_type=\"text-editor.default\">\n\t\t\t\t<div class=\"elementor-widget-container\">\n\t\t\t\t\t\t\t<p><a href=\"https:\/\/locabarcelona.egluu.com\/fr\/agence-immobiliere-barcelone\/location-touristique\/gracia\/\">Location touristique Gracia<\/a><br \/><a href=\"https:\/\/locabarcelona.egluu.com\/fr\/agence-immobiliere-barcelone\/location-touristique\/el-born\/\">Location touristique El Born<\/a><br \/><a href=\"https:\/\/locabarcelona.egluu.com\/fr\/agence-immobiliere-barcelone\/location-touristique\/barceloneta\/\">Location touristique Barceloneta<\/a><br \/><a href=\"https:\/\/locabarcelona.egluu.com\/fr\/agence-immobiliere-barcelone\/location-touristique\/le-gotic\/\">Location touristique Le Gothique<\/a><br \/><a href=\"https:\/\/locabarcelona.egluu.com\/fr\/agence-immobiliere-barcelone\/location-touristique\/ciutat-vella\/\">Location touristique Ciutat Vella<\/a><br \/><a href=\"https:\/\/locabarcelona.egluu.com\/fr\/agence-immobiliere-barcelone\/location-touristique\/sarria-sant-gervasi\/\">Location touristique Sarri\u00e1 Sant Gervasi<\/a><\/p>\t\t\t\t\t\t<\/div>\n\t\t\t\t<\/div>\n\t\t\t\t\t<\/div>\n\t\t<\/div>\n\t\t\t\t\t<\/div>\n\t\t<\/section>\n\t\t\t\t<\/div>\n\t\t","protected":false},"excerpt":{"rendered":"<p>Pourquoi visiter le quartier de la Sagrada Familia ? La tr\u00e8s connue Sagrada Familia fait tout le charme de ce quartier, et le rend particuli\u00e8rement attractif pour un s\u00e9jour touristique. En effet, quoi de mieux que de se r\u00e9veiller tous les matins avec une vue sur ce tr\u00e9sor d\u2019architecture ? L\u2019incontournable de ce quartier est,&#8230;<\/p>\n","protected":false},"author":344,"featured_media":0,"parent":405129,"menu_order":0,"comment_status":"closed","ping_status":"closed","template":"templates\/list-layout.php","meta":{"inline_featured_image":false,"footnotes":""},"yoast_head":"<!-- This site is optimized with the Yoast SEO Premium plugin v22.6 (Yoast SEO v22.6) - https:\/\/yoast.com\/wordpress\/plugins\/seo\/ -->\n<title>Location touristique vers la Sagrada Familia | Locabarcelona<\/title>\n<meta name=\"description\" content=\"A la recherche d&#039;un appartement \u00e0 louer pour vos vacances vers la Sagrada Familia ? D\u00e9couvrez tout ce qu&#039;il faut savoir sur le quartier avec LOCA BARCELONA !\" \/>\n<meta name=\"robots\" content=\"noindex, follow, max-snippet:-1, max-image-preview:large, max-video-preview:-1\" \/>\n<meta property=\"og:locale\" content=\"fr_FR\" \/>\n<meta property=\"og:type\" content=\"article\" \/>\n<meta property=\"og:title\" content=\"Location touristique vers la Sagrada Familia | Locabarcelona\" \/>\n<meta property=\"og:description\" content=\"A la recherche d&#039;un appartement \u00e0 louer pour vos vacances vers la Sagrada Familia ? D\u00e9couvrez tout ce qu&#039;il faut savoir sur le quartier avec LOCA BARCELONA !\" \/>\n<meta property=\"og:url\" content=\"https:\/\/locabarcelona.egluu.com\/fr\/agence-immobiliere-barcelone\/location-touristique\/sagrada-familia\/\" \/>\n<meta property=\"og:site_name\" content=\"Locabarcelona\" \/>\n<meta property=\"article:modified_time\" content=\"2022-07-26T10:15:16+00:00\" \/>\n<meta name=\"twitter:card\" content=\"summary_large_image\" \/>\n<meta name=\"twitter:label1\" content=\"Est. reading time\" \/>\n\t<meta name=\"twitter:data1\" content=\"4 minutes\" \/>\n<script type=\"application\/ld+json\" class=\"yoast-schema-graph\">{\"@context\":\"https:\/\/schema.org\",\"@graph\":[{\"@type\":\"WebPage\",\"@id\":\"https:\/\/locabarcelona.egluu.com\/fr\/agence-immobiliere-barcelone\/location-touristique\/sagrada-familia\/\",\"url\":\"https:\/\/locabarcelona.egluu.com\/fr\/agence-immobiliere-barcelone\/location-touristique\/sagrada-familia\/\",\"name\":\"Location touristique vers la Sagrada Familia | Locabarcelona\",\"isPartOf\":{\"@id\":\"https:\/\/locabarcelona.egluu.com\/fr\/#website\"},\"datePublished\":\"2022-06-17T15:10:46+00:00\",\"dateModified\":\"2022-07-26T10:15:16+00:00\",\"description\":\"A la recherche d'un appartement \u00e0 louer pour vos vacances vers la Sagrada Familia ? D\u00e9couvrez tout ce qu'il faut savoir sur le quartier avec LOCA BARCELONA !\",\"breadcrumb\":{\"@id\":\"https:\/\/locabarcelona.egluu.com\/fr\/agence-immobiliere-barcelone\/location-touristique\/sagrada-familia\/#breadcrumb\"},\"inLanguage\":\"fr-FR\",\"potentialAction\":[{\"@type\":\"ReadAction\",\"target\":[\"https:\/\/locabarcelona.egluu.com\/fr\/agence-immobiliere-barcelone\/location-touristique\/sagrada-familia\/\"]}]},{\"@type\":\"BreadcrumbList\",\"@id\":\"https:\/\/locabarcelona.egluu.com\/fr\/agence-immobiliere-barcelone\/location-touristique\/sagrada-familia\/#breadcrumb\",\"itemListElement\":[{\"@type\":\"ListItem\",\"position\":1,\"name\":\"Inicio\",\"item\":\"https:\/\/www.locabarcelona.com\/fr\/home\/\"},{\"@type\":\"ListItem\",\"position\":2,\"name\":\"Agence Immobili\u00e8re \u00e0 Barcelone\",\"item\":\"https:\/\/www.locabarcelona.com\/fr\/agence-immobiliere-barcelone\/\"},{\"@type\":\"ListItem\",\"position\":3,\"name\":\"Location touristique\",\"item\":\"https:\/\/www.locabarcelona.com\/fr\/agence-immobiliere-barcelone\/location-touristique\/\"},{\"@type\":\"ListItem\",\"position\":4,\"name\":\"Location touristique vers la Sagrada Familia\"}]},{\"@type\":\"WebSite\",\"@id\":\"https:\/\/locabarcelona.egluu.com\/fr\/#website\",\"url\":\"https:\/\/locabarcelona.egluu.com\/fr\/\",\"name\":\"Loca Barcelona\",\"description\":\"Real Estate Services\",\"publisher\":{\"@id\":\"https:\/\/locabarcelona.egluu.com\/fr\/#organization\"},\"potentialAction\":[{\"@type\":\"SearchAction\",\"target\":{\"@type\":\"EntryPoint\",\"urlTemplate\":\"https:\/\/locabarcelona.egluu.com\/fr\/?s={search_term_string}\"},\"query-input\":\"required name=search_term_string\"}],\"inLanguage\":\"fr-FR\"},{\"@type\":\"Organization\",\"@id\":\"https:\/\/locabarcelona.egluu.com\/fr\/#organization\",\"name\":\"Loca Barcelona\",\"url\":\"https:\/\/locabarcelona.egluu.com\/fr\/\",\"logo\":{\"@type\":\"ImageObject\",\"inLanguage\":\"fr-FR\",\"@id\":\"https:\/\/locabarcelona.egluu.com\/fr\/#\/schema\/logo\/image\/\",\"url\":\"https:\/\/locabarcelona.egluu.com\/wp-content\/uploads\/2021\/10\/logo_locabarcelona_small.png\",\"contentUrl\":\"https:\/\/locabarcelona.egluu.com\/wp-content\/uploads\/2021\/10\/logo_locabarcelona_small.png\",\"width\":250,\"height\":149,\"caption\":\"Loca Barcelona\"},\"image\":{\"@id\":\"https:\/\/locabarcelona.egluu.com\/fr\/#\/schema\/logo\/image\/\"}}]}<\/script>\n<!-- \/ Yoast SEO Premium plugin. -->","yoast_head_json":{"title":"Location touristique vers la Sagrada Familia | Locabarcelona","description":"A la recherche d'un appartement \u00e0 louer pour vos vacances vers la Sagrada Familia ? D\u00e9couvrez tout ce qu'il faut savoir sur le quartier avec LOCA BARCELONA !","robots":{"index":"noindex","follow":"follow","max-snippet":"max-snippet:-1","max-image-preview":"max-image-preview:large","max-video-preview":"max-video-preview:-1"},"og_locale":"fr_FR","og_type":"article","og_title":"Location touristique vers la Sagrada Familia | Locabarcelona","og_description":"A la recherche d'un appartement \u00e0 louer pour vos vacances vers la Sagrada Familia ? D\u00e9couvrez tout ce qu'il faut savoir sur le quartier avec LOCA BARCELONA !","og_url":"https:\/\/locabarcelona.egluu.com\/fr\/agence-immobiliere-barcelone\/location-touristique\/sagrada-familia\/","og_site_name":"Locabarcelona","article_modified_time":"2022-07-26T10:15:16+00:00","twitter_card":"summary_large_image","twitter_misc":{"Est. reading time":"4 minutes"},"schema":{"@context":"https:\/\/schema.org","@graph":[{"@type":"WebPage","@id":"https:\/\/locabarcelona.egluu.com\/fr\/agence-immobiliere-barcelone\/location-touristique\/sagrada-familia\/","url":"https:\/\/locabarcelona.egluu.com\/fr\/agence-immobiliere-barcelone\/location-touristique\/sagrada-familia\/","name":"Location touristique vers la Sagrada Familia | Locabarcelona","isPartOf":{"@id":"https:\/\/locabarcelona.egluu.com\/fr\/#website"},"datePublished":"2022-06-17T15:10:46+00:00","dateModified":"2022-07-26T10:15:16+00:00","description":"A la recherche d'un appartement \u00e0 louer pour vos vacances vers la Sagrada Familia ? D\u00e9couvrez tout ce qu'il faut savoir sur le quartier avec LOCA BARCELONA !","breadcrumb":{"@id":"https:\/\/locabarcelona.egluu.com\/fr\/agence-immobiliere-barcelone\/location-touristique\/sagrada-familia\/#breadcrumb"},"inLanguage":"fr-FR","potentialAction":[{"@type":"ReadAction","target":["https:\/\/locabarcelona.egluu.com\/fr\/agence-immobiliere-barcelone\/location-touristique\/sagrada-familia\/"]}]},{"@type":"BreadcrumbList","@id":"https:\/\/locabarcelona.egluu.com\/fr\/agence-immobiliere-barcelone\/location-touristique\/sagrada-familia\/#breadcrumb","itemListElement":[{"@type":"ListItem","position":1,"name":"Inicio","item":"https:\/\/www.locabarcelona.com\/fr\/home\/"},{"@type":"ListItem","position":2,"name":"Agence Immobili\u00e8re \u00e0 Barcelone","item":"https:\/\/www.locabarcelona.com\/fr\/agence-immobiliere-barcelone\/"},{"@type":"ListItem","position":3,"name":"Location touristique","item":"https:\/\/www.locabarcelona.com\/fr\/agence-immobiliere-barcelone\/location-touristique\/"},{"@type":"ListItem","position":4,"name":"Location touristique vers la Sagrada Familia"}]},{"@type":"WebSite","@id":"https:\/\/locabarcelona.egluu.com\/fr\/#website","url":"https:\/\/locabarcelona.egluu.com\/fr\/","name":"Loca Barcelona","description":"Real Estate Services","publisher":{"@id":"https:\/\/locabarcelona.egluu.com\/fr\/#organization"},"potentialAction":[{"@type":"SearchAction","target":{"@type":"EntryPoint","urlTemplate":"https:\/\/locabarcelona.egluu.com\/fr\/?s={search_term_string}"},"query-input":"required name=search_term_string"}],"inLanguage":"fr-FR"},{"@type":"Organization","@id":"https:\/\/locabarcelona.egluu.com\/fr\/#organization","name":"Loca Barcelona","url":"https:\/\/locabarcelona.egluu.com\/fr\/","logo":{"@type":"ImageObject","inLanguage":"fr-FR","@id":"https:\/\/locabarcelona.egluu.com\/fr\/#\/schema\/logo\/image\/","url":"https:\/\/locabarcelona.egluu.com\/wp-content\/uploads\/2021\/10\/logo_locabarcelona_small.png","contentUrl":"https:\/\/locabarcelona.egluu.com\/wp-content\/uploads\/2021\/10\/logo_locabarcelona_small.png","width":250,"height":149,"caption":"Loca Barcelona"},"image":{"@id":"https:\/\/locabarcelona.egluu.com\/fr\/#\/schema\/logo\/image\/"}}]}},"_links":{"self":[{"href":"https:\/\/locabarcelona.egluu.com\/fr\/wp-json\/wp\/v2\/pages\/453154"}],"collection":[{"href":"https:\/\/locabarcelona.egluu.com\/fr\/wp-json\/wp\/v2\/pages"}],"about":[{"href":"https:\/\/locabarcelona.egluu.com\/fr\/wp-json\/wp\/v2\/types\/page"}],"author":[{"embeddable":true,"href":"https:\/\/locabarcelona.egluu.com\/fr\/wp-json\/wp\/v2\/users\/344"}],"replies":[{"embeddable":true,"href":"https:\/\/locabarcelona.egluu.com\/fr\/wp-json\/wp\/v2\/comments?post=453154"}],"version-history":[{"count":0,"href":"https:\/\/locabarcelona.egluu.com\/fr\/wp-json\/wp\/v2\/pages\/453154\/revisions"}],"up":[{"embeddable":true,"href":"https:\/\/locabarcelona.egluu.com\/fr\/wp-json\/wp\/v2\/pages\/405129"}],"wp:attachment":[{"href":"https:\/\/locabarcelona.egluu.com\/fr\/wp-json\/wp\/v2\/media?parent=453154"}],"curies":[{"name":"wp","href":"https:\/\/api.w.org\/{rel}","templated":true}]}}