{"id":460949,"date":"2022-08-30T11:15:47","date_gmt":"2022-08-30T09:15:47","guid":{"rendered":"https:\/\/locabarcelona.egluu.com\/?page_id=460949"},"modified":"2022-08-30T11:15:47","modified_gmt":"2022-08-30T09:15:47","slug":"sants-montjuic","status":"publish","type":"page","link":"https:\/\/locabarcelona.egluu.com\/fr\/agence-immobiliere-barcelone\/location-touristique\/sants-montjuic\/","title":{"rendered":"Location touristique \u00e0 Sants-Montjuic"},"content":{"rendered":"\t\t<div data-elementor-type=\"wp-page\" data-elementor-id=\"460949\" class=\"elementor elementor-460949\" data-elementor-post-type=\"page\">\n\t\t\t\t\t\t<section class=\"elementor-section elementor-top-section elementor-element elementor-element-ff68331 elementor-section-boxed elementor-section-height-default elementor-section-height-default\" data-id=\"ff68331\" data-element_type=\"section\">\n\t\t\t\t\t\t<div class=\"elementor-container elementor-column-gap-default\">\n\t\t\t\t\t<div class=\"elementor-column elementor-col-100 elementor-top-column elementor-element elementor-element-cb9c64e\" data-id=\"cb9c64e\" data-element_type=\"column\">\n\t\t\t<div class=\"elementor-widget-wrap elementor-element-populated\">\n\t\t\t\t\t\t<div class=\"elementor-element elementor-element-052d172 elementor-widget elementor-widget-text-editor\" data-id=\"052d172\" data-element_type=\"widget\" data-widget_type=\"text-editor.default\">\n\t\t\t\t<div class=\"elementor-widget-container\">\n\t\t\t\t\t\t\t<h2>Pourquoi s\u00e9journer dans le district de Sants-Montjuic ?<\/h2><p>Le <strong>quartier de Sants-Montjuic<\/strong> rassemble plusieurs quartiers situ\u00e9s au pied de la <strong>colline de Montjuic<\/strong>. L&#8217;environnement est agr\u00e9able avec un c\u00f4t\u00e9 nature qui d\u00e9payse. Du haut de la colline, au niveau du <strong>ch\u00e2teau de Montjuic<\/strong>, une vue panoramique sur la mer \u00e9merveille. En allant vers le stade olympique, un joli aper\u00e7u de la ville de Barcelone s&#8217;offre au visiteur\u2026<\/p><h3>Bienvenue dans le plus grand quartier de Barcelone<\/h3><p>Le <strong>quartier de Sants-Montjuic<\/strong> s&#8217;\u00e9tend sur une superficie de pr\u00e8s de 2100 hectares et se d\u00e9marque par sa grande diversit\u00e9. De la fontaine magique de Montjuics au c\u0153ur historique de Sants pr\u00e8s de Gran Via, les traditions restent bien ancr\u00e9es. Si vous voulez <strong>d\u00e9couvrir la culture barcelonaise<\/strong>, c&#8217;est dans ce district qu&#8217;il faut aller. Sants-Montjuic a \u00e9t\u00e9 annex\u00e9 \u00e0 Barcelone en 1897 apr\u00e8s s&#8217;\u00eatre industrialis\u00e9. De nombreux commerces ont alors vu le jour.<\/p><h3>Quelques attractions de Sants-Montjuic<\/h3><p>Sur les pentes de la montagne de Montjuic, <strong>le Poble-sec<\/strong> propose des <strong>animations culturelles<\/strong> de choix avec du th\u00e9\u00e2tre et des concerts. Montjuic est aussi connu pour ses nombreux miradors :<\/p><ul><li>du Migdia ;<\/li><li>de l&#8217;Alcade ;<\/li><li>du t\u00e9l\u00e9ph\u00e9rique du port ;<\/li><li>du ch\u00e2teau de Montjuic, etc.<\/li><\/ul><p>Des randonn\u00e9es et balades nature sont possibles en toutes saisons dans les parcs et jardins alentours comme le <strong>parc de Montjuic<\/strong>, Mossen Costa i Llobera Gardens, les Jardins de Laribal ou encore el Jardin Botanico de Barcelona. D&#8217;une architecture unique, el Parque de la Espa\u00f1a Industrial pr\u00e9sente des sculptures et des bassins am\u00e9nag\u00e9s de grande qualit\u00e9.<\/p><h2>Quels sont les nombreux avantages \u00e0 louer un appartement de vacances \u00e0 Sants-Montjuic ?<\/h2><p>Les 8 quartiers de <strong>Sants-Montjuic<\/strong> : Poble-sec, la Marina del Prat Vermell, la Marina de Port, la Font de la Guatlla, Hostafrancs, Sants, Sants-Badal et la Bordeta sont proches de la mer et de la montagne. Leur richesse architecturale attire chaque ann\u00e9e des centaines de touristes.<\/p><h3>Quelques lieux \u00e0 visiter absolument<\/h3><p>Largement am\u00e9nag\u00e9 pour l&#8217;exposition internationale de 1929, le district dispose \u00e0 pr\u00e9sent de sites de choix comme :<\/p><ul><li>la <strong>Pla\u00e7a d&#8217;Espanya<\/strong> ;<\/li><li>le <strong>Palau Nacional<\/strong> o\u00f9 se trouve le mus\u00e9e National d&#8217;Art de Catalogne ;<\/li><li>la <strong>fontaine magique<\/strong> avec spectacle de sons et lumi\u00e8re d\u00e8s que la nuit tombe ;<\/li><li>le <strong>Pavillon allemand<\/strong> ;<\/li><li>le <strong>Poble Espanyol<\/strong> marqu\u00e9 par ses reproductions grandeur nature de b\u00e2timents c\u00e9l\u00e8bres ;<\/li><li>le <strong>Palau Sant-Jordi<\/strong> ;<\/li><li>le <strong>stade olympique<\/strong> ;<\/li><li>la <strong>Tour des Communications<\/strong>, etc.<\/li><\/ul><h3>Des lieux de loisirs et de sorties incontournables<\/h3><p>Montjuic dispose d&#8217;un grand nombre de discoth\u00e8ques, bars, restaurants, caf\u00e9s, etc. Pr\u00e8s des <strong>locations de vacances de Sants-Monjuics<\/strong> se trouvent \u00e9galement des arr\u00eats de m\u00e9tro et de bus pour rejoindre facilement le centre de Barcelone et les autres quartiers pittoresques de la ville.<\/p><p><a href=\"https:\/\/locabarcelona.egluu.com\/fr\/\">Loca Barcelona<\/a> propose des biens s\u00e9lectionn\u00e9s, visit\u00e9s en amont, bien \u00e9quip\u00e9s et d\u00e9cor\u00e9s avec go\u00fbt. Profitez d&#8217;un jardin arbor\u00e9 ou d&#8217;une terrasse avec vue lors de votre s\u00e9jour d\u00e9couvertes !<\/p><p>En ao\u00fbt, se d\u00e9roule <strong>la Fiesta de Sants<\/strong> durant toute une semaine : les spectacles de rue ravissent petits et grands et les traditions catalanes sont parfaitement repr\u00e9sent\u00e9es. Ces moments d&#8217;exception haut en couleurs permettent de ramener chez soi de nombreux souvenirs.<\/p>\t\t\t\t\t\t<\/div>\n\t\t\t\t<\/div>\n\t\t\t\t\t<\/div>\n\t\t<\/div>\n\t\t\t\t\t<\/div>\n\t\t<\/section>\n\t\t\t\t<section class=\"elementor-section elementor-top-section elementor-element elementor-element-469b7d6 elementor-section-boxed elementor-section-height-default elementor-section-height-default\" data-id=\"469b7d6\" data-element_type=\"section\">\n\t\t\t\t\t\t<div class=\"elementor-container elementor-column-gap-default\">\n\t\t\t\t\t<div class=\"elementor-column elementor-col-100 elementor-top-column elementor-element elementor-element-5fe4705\" data-id=\"5fe4705\" data-element_type=\"column\">\n\t\t\t<div class=\"elementor-widget-wrap elementor-element-populated\">\n\t\t\t\t\t\t<div class=\"elementor-element elementor-element-5780fd8 elementor-widget elementor-widget-heading\" data-id=\"5780fd8\" data-element_type=\"widget\" data-widget_type=\"heading.default\">\n\t\t\t\t<div class=\"elementor-widget-container\">\n\t\t\t<h2 class=\"elementor-heading-title elementor-size-default\">Locations touristiques par quartier<\/h2>\t\t<\/div>\n\t\t\t\t<\/div>\n\t\t\t\t\t<\/div>\n\t\t<\/div>\n\t\t\t\t\t<\/div>\n\t\t<\/section>\n\t\t\t\t<section class=\"elementor-section elementor-top-section elementor-element elementor-element-8f6aa7d elementor-section-boxed elementor-section-height-default elementor-section-height-default\" data-id=\"8f6aa7d\" data-element_type=\"section\">\n\t\t\t\t\t\t<div class=\"elementor-container elementor-column-gap-default\">\n\t\t\t\t\t<div class=\"elementor-column elementor-col-50 elementor-top-column elementor-element elementor-element-e4d8716\" data-id=\"e4d8716\" data-element_type=\"column\">\n\t\t\t<div class=\"elementor-widget-wrap elementor-element-populated\">\n\t\t\t\t\t\t<div class=\"elementor-element elementor-element-9835451 elementor-widget elementor-widget-global elementor-global-458038 elementor-widget-text-editor\" data-id=\"9835451\" data-element_type=\"widget\" data-widget_type=\"text-editor.default\">\n\t\t\t\t<div class=\"elementor-widget-container\">\n\t\t\t\t\t\t\t<p><a href=\"https:\/\/locabarcelona.egluu.com\/fr\/agence-immobiliere-barcelone\/location-touristique\/eixample\/\">Location touristique Eixample<\/a><br \/><a href=\"https:\/\/locabarcelona.egluu.com\/fr\/agence-immobiliere-barcelone\/location-touristique\/location-touristique-dans-le-raval\/\">Location touristique El Raval<\/a><br \/><a href=\"https:\/\/locabarcelona.egluu.com\/fr\/agence-immobiliere-barcelone\/location-touristique\/sagrada-familia\/\">Location touristique Sagrada Familia<\/a><br \/><a href=\"https:\/\/locabarcelona.egluu.com\/fr\/agence-immobiliere-barcelone\/location-touristique\/sant-antoni\/\">Location touristique Sant Antoni<\/a><\/p>\t\t\t\t\t\t<\/div>\n\t\t\t\t<\/div>\n\t\t\t\t\t<\/div>\n\t\t<\/div>\n\t\t\t\t<div class=\"elementor-column elementor-col-50 elementor-top-column elementor-element elementor-element-8072ab2\" data-id=\"8072ab2\" data-element_type=\"column\">\n\t\t\t<div class=\"elementor-widget-wrap elementor-element-populated\">\n\t\t\t\t\t\t<div class=\"elementor-element elementor-element-d0f274d elementor-widget elementor-widget-global elementor-global-458041 elementor-widget-text-editor\" data-id=\"d0f274d\" data-element_type=\"widget\" data-widget_type=\"text-editor.default\">\n\t\t\t\t<div class=\"elementor-widget-container\">\n\t\t\t\t\t\t\t<p><a href=\"https:\/\/locabarcelona.egluu.com\/fr\/agence-immobiliere-barcelone\/location-touristique\/gracia\/\">Location touristique Gracia<\/a><br \/><a href=\"https:\/\/locabarcelona.egluu.com\/fr\/agence-immobiliere-barcelone\/location-touristique\/el-born\/\">Location touristique El Born<\/a><br \/><a href=\"https:\/\/locabarcelona.egluu.com\/fr\/agence-immobiliere-barcelone\/location-touristique\/a-la-barceloneta\/\">Location touristique Barceloneta<\/a><br \/><a href=\"https:\/\/locabarcelona.egluu.com\/fr\/agence-immobiliere-barcelone\/location-touristique\/le-gotic\/\">Location touristique Le Gothique<\/a><\/p>\t\t\t\t\t\t<\/div>\n\t\t\t\t<\/div>\n\t\t\t\t\t<\/div>\n\t\t<\/div>\n\t\t\t\t\t<\/div>\n\t\t<\/section>\n\t\t\t\t<\/div>\n\t\t","protected":false},"excerpt":{"rendered":"<p>Pourquoi s\u00e9journer dans le district de Sants-Montjuic ? Le quartier de Sants-Montjuic rassemble plusieurs quartiers situ\u00e9s au pied de la colline de Montjuic. L&#8217;environnement est agr\u00e9able avec un c\u00f4t\u00e9 nature qui d\u00e9payse. Du haut de la colline, au niveau du ch\u00e2teau de Montjuic, une vue panoramique sur la mer \u00e9merveille. En allant vers le stade&#8230;<\/p>\n","protected":false},"author":344,"featured_media":0,"parent":405129,"menu_order":0,"comment_status":"closed","ping_status":"closed","template":"templates\/list-layout.php","meta":{"inline_featured_image":false,"footnotes":""},"yoast_head":"<!-- This site is optimized with the Yoast SEO Premium plugin v22.6 (Yoast SEO v22.6) - https:\/\/yoast.com\/wordpress\/plugins\/seo\/ -->\n<title>Location touristique \u00e0 Sants-Montjuic | Locabarcelona<\/title>\n<meta name=\"description\" content=\"LOCA BARCELONA sp\u00e9cialis\u00e9e dans l&#039;immobilier \u00e0 Barcelone vous aide \u00e0 trouver une location touristique dans le quartier de Sants-Montjuic.\" \/>\n<meta name=\"robots\" content=\"noindex, follow, max-snippet:-1, max-image-preview:large, max-video-preview:-1\" \/>\n<meta property=\"og:locale\" content=\"fr_FR\" \/>\n<meta property=\"og:type\" content=\"article\" \/>\n<meta property=\"og:title\" content=\"Location touristique \u00e0 Sants-Montjuic | Locabarcelona\" \/>\n<meta property=\"og:description\" content=\"LOCA BARCELONA sp\u00e9cialis\u00e9e dans l&#039;immobilier \u00e0 Barcelone vous aide \u00e0 trouver une location touristique dans le quartier de Sants-Montjuic.\" \/>\n<meta property=\"og:url\" content=\"https:\/\/locabarcelona.egluu.com\/fr\/agence-immobiliere-barcelone\/location-touristique\/sants-montjuic\/\" \/>\n<meta property=\"og:site_name\" content=\"Locabarcelona\" \/>\n<meta name=\"twitter:card\" content=\"summary_large_image\" \/>\n<meta name=\"twitter:label1\" content=\"Est. reading time\" \/>\n\t<meta name=\"twitter:data1\" content=\"3 minutes\" \/>\n<script type=\"application\/ld+json\" class=\"yoast-schema-graph\">{\"@context\":\"https:\/\/schema.org\",\"@graph\":[{\"@type\":\"WebPage\",\"@id\":\"https:\/\/locabarcelona.egluu.com\/fr\/agence-immobiliere-barcelone\/location-touristique\/sants-montjuic\/\",\"url\":\"https:\/\/locabarcelona.egluu.com\/fr\/agence-immobiliere-barcelone\/location-touristique\/sants-montjuic\/\",\"name\":\"Location touristique \u00e0 Sants-Montjuic | Locabarcelona\",\"isPartOf\":{\"@id\":\"https:\/\/locabarcelona.egluu.com\/fr\/#website\"},\"datePublished\":\"2022-08-30T09:15:47+00:00\",\"dateModified\":\"2022-08-30T09:15:47+00:00\",\"description\":\"LOCA BARCELONA sp\u00e9cialis\u00e9e dans l'immobilier \u00e0 Barcelone vous aide \u00e0 trouver une location touristique dans le quartier de Sants-Montjuic.\",\"breadcrumb\":{\"@id\":\"https:\/\/locabarcelona.egluu.com\/fr\/agence-immobiliere-barcelone\/location-touristique\/sants-montjuic\/#breadcrumb\"},\"inLanguage\":\"fr-FR\",\"potentialAction\":[{\"@type\":\"ReadAction\",\"target\":[\"https:\/\/locabarcelona.egluu.com\/fr\/agence-immobiliere-barcelone\/location-touristique\/sants-montjuic\/\"]}]},{\"@type\":\"BreadcrumbList\",\"@id\":\"https:\/\/locabarcelona.egluu.com\/fr\/agence-immobiliere-barcelone\/location-touristique\/sants-montjuic\/#breadcrumb\",\"itemListElement\":[{\"@type\":\"ListItem\",\"position\":1,\"name\":\"Inicio\",\"item\":\"https:\/\/www.locabarcelona.com\/fr\/home\/\"},{\"@type\":\"ListItem\",\"position\":2,\"name\":\"Agence Immobili\u00e8re \u00e0 Barcelone\",\"item\":\"https:\/\/www.locabarcelona.com\/fr\/agence-immobiliere-barcelone\/\"},{\"@type\":\"ListItem\",\"position\":3,\"name\":\"Location touristique\",\"item\":\"https:\/\/www.locabarcelona.com\/fr\/agence-immobiliere-barcelone\/location-touristique\/\"},{\"@type\":\"ListItem\",\"position\":4,\"name\":\"Location touristique \u00e0 Sants-Montjuic\"}]},{\"@type\":\"WebSite\",\"@id\":\"https:\/\/locabarcelona.egluu.com\/fr\/#website\",\"url\":\"https:\/\/locabarcelona.egluu.com\/fr\/\",\"name\":\"Loca Barcelona\",\"description\":\"Real Estate Services\",\"publisher\":{\"@id\":\"https:\/\/locabarcelona.egluu.com\/fr\/#organization\"},\"potentialAction\":[{\"@type\":\"SearchAction\",\"target\":{\"@type\":\"EntryPoint\",\"urlTemplate\":\"https:\/\/locabarcelona.egluu.com\/fr\/?s={search_term_string}\"},\"query-input\":\"required name=search_term_string\"}],\"inLanguage\":\"fr-FR\"},{\"@type\":\"Organization\",\"@id\":\"https:\/\/locabarcelona.egluu.com\/fr\/#organization\",\"name\":\"Loca Barcelona\",\"url\":\"https:\/\/locabarcelona.egluu.com\/fr\/\",\"logo\":{\"@type\":\"ImageObject\",\"inLanguage\":\"fr-FR\",\"@id\":\"https:\/\/locabarcelona.egluu.com\/fr\/#\/schema\/logo\/image\/\",\"url\":\"https:\/\/locabarcelona.egluu.com\/wp-content\/uploads\/2021\/10\/logo_locabarcelona_small.png\",\"contentUrl\":\"https:\/\/locabarcelona.egluu.com\/wp-content\/uploads\/2021\/10\/logo_locabarcelona_small.png\",\"width\":250,\"height\":149,\"caption\":\"Loca Barcelona\"},\"image\":{\"@id\":\"https:\/\/locabarcelona.egluu.com\/fr\/#\/schema\/logo\/image\/\"}}]}<\/script>\n<!-- \/ Yoast SEO Premium plugin. -->","yoast_head_json":{"title":"Location touristique \u00e0 Sants-Montjuic | Locabarcelona","description":"LOCA BARCELONA sp\u00e9cialis\u00e9e dans l'immobilier \u00e0 Barcelone vous aide \u00e0 trouver une location touristique dans le quartier de Sants-Montjuic.","robots":{"index":"noindex","follow":"follow","max-snippet":"max-snippet:-1","max-image-preview":"max-image-preview:large","max-video-preview":"max-video-preview:-1"},"og_locale":"fr_FR","og_type":"article","og_title":"Location touristique \u00e0 Sants-Montjuic | Locabarcelona","og_description":"LOCA BARCELONA sp\u00e9cialis\u00e9e dans l'immobilier \u00e0 Barcelone vous aide \u00e0 trouver une location touristique dans le quartier de Sants-Montjuic.","og_url":"https:\/\/locabarcelona.egluu.com\/fr\/agence-immobiliere-barcelone\/location-touristique\/sants-montjuic\/","og_site_name":"Locabarcelona","twitter_card":"summary_large_image","twitter_misc":{"Est. reading time":"3 minutes"},"schema":{"@context":"https:\/\/schema.org","@graph":[{"@type":"WebPage","@id":"https:\/\/locabarcelona.egluu.com\/fr\/agence-immobiliere-barcelone\/location-touristique\/sants-montjuic\/","url":"https:\/\/locabarcelona.egluu.com\/fr\/agence-immobiliere-barcelone\/location-touristique\/sants-montjuic\/","name":"Location touristique \u00e0 Sants-Montjuic | Locabarcelona","isPartOf":{"@id":"https:\/\/locabarcelona.egluu.com\/fr\/#website"},"datePublished":"2022-08-30T09:15:47+00:00","dateModified":"2022-08-30T09:15:47+00:00","description":"LOCA BARCELONA sp\u00e9cialis\u00e9e dans l'immobilier \u00e0 Barcelone vous aide \u00e0 trouver une location touristique dans le quartier de Sants-Montjuic.","breadcrumb":{"@id":"https:\/\/locabarcelona.egluu.com\/fr\/agence-immobiliere-barcelone\/location-touristique\/sants-montjuic\/#breadcrumb"},"inLanguage":"fr-FR","potentialAction":[{"@type":"ReadAction","target":["https:\/\/locabarcelona.egluu.com\/fr\/agence-immobiliere-barcelone\/location-touristique\/sants-montjuic\/"]}]},{"@type":"BreadcrumbList","@id":"https:\/\/locabarcelona.egluu.com\/fr\/agence-immobiliere-barcelone\/location-touristique\/sants-montjuic\/#breadcrumb","itemListElement":[{"@type":"ListItem","position":1,"name":"Inicio","item":"https:\/\/www.locabarcelona.com\/fr\/home\/"},{"@type":"ListItem","position":2,"name":"Agence Immobili\u00e8re \u00e0 Barcelone","item":"https:\/\/www.locabarcelona.com\/fr\/agence-immobiliere-barcelone\/"},{"@type":"ListItem","position":3,"name":"Location touristique","item":"https:\/\/www.locabarcelona.com\/fr\/agence-immobiliere-barcelone\/location-touristique\/"},{"@type":"ListItem","position":4,"name":"Location touristique \u00e0 Sants-Montjuic"}]},{"@type":"WebSite","@id":"https:\/\/locabarcelona.egluu.com\/fr\/#website","url":"https:\/\/locabarcelona.egluu.com\/fr\/","name":"Loca Barcelona","description":"Real Estate Services","publisher":{"@id":"https:\/\/locabarcelona.egluu.com\/fr\/#organization"},"potentialAction":[{"@type":"SearchAction","target":{"@type":"EntryPoint","urlTemplate":"https:\/\/locabarcelona.egluu.com\/fr\/?s={search_term_string}"},"query-input":"required name=search_term_string"}],"inLanguage":"fr-FR"},{"@type":"Organization","@id":"https:\/\/locabarcelona.egluu.com\/fr\/#organization","name":"Loca Barcelona","url":"https:\/\/locabarcelona.egluu.com\/fr\/","logo":{"@type":"ImageObject","inLanguage":"fr-FR","@id":"https:\/\/locabarcelona.egluu.com\/fr\/#\/schema\/logo\/image\/","url":"https:\/\/locabarcelona.egluu.com\/wp-content\/uploads\/2021\/10\/logo_locabarcelona_small.png","contentUrl":"https:\/\/locabarcelona.egluu.com\/wp-content\/uploads\/2021\/10\/logo_locabarcelona_small.png","width":250,"height":149,"caption":"Loca Barcelona"},"image":{"@id":"https:\/\/locabarcelona.egluu.com\/fr\/#\/schema\/logo\/image\/"}}]}},"_links":{"self":[{"href":"https:\/\/locabarcelona.egluu.com\/fr\/wp-json\/wp\/v2\/pages\/460949"}],"collection":[{"href":"https:\/\/locabarcelona.egluu.com\/fr\/wp-json\/wp\/v2\/pages"}],"about":[{"href":"https:\/\/locabarcelona.egluu.com\/fr\/wp-json\/wp\/v2\/types\/page"}],"author":[{"embeddable":true,"href":"https:\/\/locabarcelona.egluu.com\/fr\/wp-json\/wp\/v2\/users\/344"}],"replies":[{"embeddable":true,"href":"https:\/\/locabarcelona.egluu.com\/fr\/wp-json\/wp\/v2\/comments?post=460949"}],"version-history":[{"count":0,"href":"https:\/\/locabarcelona.egluu.com\/fr\/wp-json\/wp\/v2\/pages\/460949\/revisions"}],"up":[{"embeddable":true,"href":"https:\/\/locabarcelona.egluu.com\/fr\/wp-json\/wp\/v2\/pages\/405129"}],"wp:attachment":[{"href":"https:\/\/locabarcelona.egluu.com\/fr\/wp-json\/wp\/v2\/media?parent=460949"}],"curies":[{"name":"wp","href":"https:\/\/api.w.org\/{rel}","templated":true}]}}