{"id":461110,"date":"2022-09-01T10:40:02","date_gmt":"2022-09-01T08:40:02","guid":{"rendered":"https:\/\/locabarcelona.egluu.com\/?page_id=461110"},"modified":"2022-09-02T17:10:16","modified_gmt":"2022-09-02T15:10:16","slug":"sarria-sant-gervasi","status":"publish","type":"page","link":"https:\/\/locabarcelona.egluu.com\/fr\/agence-immobiliere-barcelone\/location-touristique\/sarria-sant-gervasi\/","title":{"rendered":"Location touristique \u00e0 Sarri\u00e0 Sant Gervasi"},"content":{"rendered":"\t\t<div data-elementor-type=\"wp-page\" data-elementor-id=\"461110\" class=\"elementor elementor-461110\" data-elementor-post-type=\"page\">\n\t\t\t\t\t\t<section class=\"elementor-section elementor-top-section elementor-element elementor-element-898bec6 elementor-section-boxed elementor-section-height-default elementor-section-height-default\" data-id=\"898bec6\" data-element_type=\"section\">\n\t\t\t\t\t\t<div class=\"elementor-container elementor-column-gap-default\">\n\t\t\t\t\t<div class=\"elementor-column elementor-col-100 elementor-top-column elementor-element elementor-element-2d7ba4e\" data-id=\"2d7ba4e\" data-element_type=\"column\">\n\t\t\t<div class=\"elementor-widget-wrap elementor-element-populated\">\n\t\t\t\t\t\t<div class=\"elementor-element elementor-element-5b34e15 elementor-widget elementor-widget-heading\" data-id=\"5b34e15\" data-element_type=\"widget\" data-widget_type=\"heading.default\">\n\t\t\t\t<div class=\"elementor-widget-container\">\n\t\t\t<h2 class=\"elementor-heading-title elementor-size-default\">Quelles sont les raisons de visiter le quartier Sarri\u00e1 Sant Gervasi ?<\/h2>\t\t<\/div>\n\t\t\t\t<\/div>\n\t\t\t\t<div class=\"elementor-element elementor-element-d8cf529 elementor-widget elementor-widget-text-editor\" data-id=\"d8cf529\" data-element_type=\"widget\" data-widget_type=\"text-editor.default\">\n\t\t\t\t<div class=\"elementor-widget-container\">\n\t\t\t\t\t\t\t<p><strong>Sarri\u00e1 Sant Gervasi<\/strong> se situe au nord de la ville, au-dessus de <strong>la Diagonal<\/strong> et aux abords du <strong>parc de la Collserola<\/strong>, l&#8217;espace vert le plus important de Barcelone. Ce district calme est \u00e9loign\u00e9 du centre-ville mais b\u00e9n\u00e9ficie de l&#8217;ensemble des commodit\u00e9s. Il n&#8217;\u00e9tait autrefois habit\u00e9 que par les classes les plus ais\u00e9es.<\/p><h3>Des maisons de vacances modernistes<\/h3><p>Sarri\u00e1 Sant Gervasi se distingue par ses r\u00e9sidences d&#8217;exception, notamment sur l&#8217;<strong>Avenue du Tibidabo<\/strong> parcourue par le fameux Tramway Bleu ou encore du c\u00f4t\u00e9 de la <strong>Casa Bellesguard<\/strong> \u00e9difi\u00e9e par Gaudi. Des appartements lumineux de 2 chambres et plus agr\u00e9ment\u00e9s d&#8217;une grande terrasse ou d&#8217;un balcon \u00e9l\u00e9gant sont propos\u00e9s aux vacanciers.<\/p><p>Dans ce quartier pittoresque aux nombreux attraits, se trouvent aussi des h\u00f4tels particuliers et des demeures de charme bien situ\u00e9s pr\u00e8s des lignes de m\u00e9tro et de bus.<\/p><h3>Un quartier bucolique parsem\u00e9 d&#8217;espaces verts et zones vertes<\/h3><p>Sarria Sant Gervasi est appr\u00e9ci\u00e9 pour sa douceur de vivre. Le <strong>parc de l&#8217;Oreneta<\/strong> repr\u00e9sente l&#8217;un des lieux les plus prestigieux avec ses centres \u00e9ducatifs et culturels, tandis que le sommet du <strong>Tibidabo<\/strong> accueille un grand parc d&#8217;attraction avec des carrousels anciens et des man\u00e8ges modernes. Le parc le plus pr\u00e8s des habitations est celui des<strong> Jardins del Turo del Putxet<\/strong> qui dispose d&#8217;aires de jeux et propose plusieurs panoramas sur Barcelone.<\/p><p>Les vacanciers aiment aussi se balader du c\u00f4t\u00e9 du <strong>march\u00e9 de Sarria<\/strong>, le premier march\u00e9 couvert de Barcelone cr\u00e9\u00e9 en 1910. Sa fa\u00e7ade pyramidale aux d\u00e9cors originaux lui offre un cachet unique.<\/p>\t\t\t\t\t\t<\/div>\n\t\t\t\t<\/div>\n\t\t\t\t<div class=\"elementor-element elementor-element-13eaadc elementor-widget elementor-widget-heading\" data-id=\"13eaadc\" data-element_type=\"widget\" data-widget_type=\"heading.default\">\n\t\t\t\t<div class=\"elementor-widget-container\">\n\t\t\t<h2 class=\"elementor-heading-title elementor-size-default\">Les avantages \u00e0 choisir une location touristique dans le quartier Sarri\u00e1 Sant Gervasi<\/h2>\t\t<\/div>\n\t\t\t\t<\/div>\n\t\t\t\t<div class=\"elementor-element elementor-element-cc3c052 elementor-widget elementor-widget-text-editor\" data-id=\"cc3c052\" data-element_type=\"widget\" data-widget_type=\"text-editor.default\">\n\t\t\t\t<div class=\"elementor-widget-container\">\n\t\t\t\t\t\t\t<p>Les <strong>appartements de vacances \u00e0 Sarria Sant Gervasi<\/strong> disposent de prestations haut de gamme, sont r\u00e9nov\u00e9s et cossus. Si vous souhaitez b\u00e9n\u00e9ficier de tout le confort en restant proche de bons petits restaurants et des animations de la <strong>Pla\u00e7a de Vicen\u00e7<\/strong> ou de la <strong>Pla\u00e7a de Sarria<\/strong>, exposez vos crit\u00e8res \u00e0 Loca Barcelona.<\/p><h3>Sarria Sant Gervasi : l&#8217;un des c\u0153urs historiques de Barcelone<\/h3><p>En choisissant une location touristique \u00e0 Sarria Sant Gervasi, vous disposez d&#8217;un pied-\u00e0-terre proche de grands monuments et \u00e9difices comme :<\/p><ul><li><strong>La tour Collserola<\/strong> construite en 1992 par l&#8217;architecte Normman Foster et d\u00e9di\u00e9e aux communications ;<\/li><li><strong>La Torre Bellesguard<\/strong> inspir\u00e9e du ch\u00e2teau m\u00e9di\u00e9val de Martin l&#8217;Humain pr\u00e9sentant des formes droites entre gothique et modernisme ;<\/li><li><strong>Le Mus\u00e9e des Sciences Cosmo Caxa<\/strong> : des expositions sont propos\u00e9es sur 9 \u00e9tages ;<\/li><li><strong>Le Mirador de Vallvidrera<\/strong> ;<\/li><li><strong>L&#8217;Eglise del Sagrat Cor<\/strong>.<\/li><\/ul><h3>\u00c0 faire dans Sarria Sant Gervasi<\/h3><p>Ceux qui souhaitent profiter de leur <strong>s\u00e9jour \u00e0 Sarria Sant Gervasi<\/strong> pour apprendre la langue espagnole ont la possibilit\u00e9 de se rendre dans une \u00e9cole sp\u00e9cialis\u00e9e du quartier, dont l&#8217;<strong>Institut Fran\u00e7ais de Barcelone<\/strong>. Ils peuvent aussi b\u00e9n\u00e9ficier des services des biblioth\u00e8ques publiques comme celles de Sant Gervasi &#8211; Joan Maragall et de la Collserola &#8211; Josep Miracle.<\/p><p><strong>Sarria Sant Gervasi<\/strong> met \u00e0 disposition de nombreux terrains de sport en plein air et des centres sportifs couverts pour les jours de mauvais temps. Le lieu est s\u00e9duisant et incite chaque ann\u00e9e des vacanciers venus simplement pour quelques jours \u00e0 s&#8217;installer d\u00e9finitivement dans le quartier.<\/p><p><a href=\"https:\/\/locabarcelona.egluu.com\/fr\/\">Loca Barcelona<\/a> r\u00e9pond \u00e0 tous les besoins de location d&#8217;appartements ou maisons en analysant pr\u00e9cis\u00e9ment chaque demande !<\/p>\t\t\t\t\t\t<\/div>\n\t\t\t\t<\/div>\n\t\t\t\t\t<\/div>\n\t\t<\/div>\n\t\t\t\t\t<\/div>\n\t\t<\/section>\n\t\t\t\t<section class=\"elementor-section elementor-top-section elementor-element elementor-element-ed17876 elementor-section-boxed elementor-section-height-default elementor-section-height-default\" data-id=\"ed17876\" data-element_type=\"section\">\n\t\t\t\t\t\t<div class=\"elementor-container elementor-column-gap-default\">\n\t\t\t\t\t<div class=\"elementor-column elementor-col-100 elementor-top-column elementor-element elementor-element-0b3b831\" data-id=\"0b3b831\" data-element_type=\"column\">\n\t\t\t<div class=\"elementor-widget-wrap elementor-element-populated\">\n\t\t\t\t\t\t<div class=\"elementor-element elementor-element-f5a7edf elementor-widget elementor-widget-heading\" data-id=\"f5a7edf\" data-element_type=\"widget\" data-widget_type=\"heading.default\">\n\t\t\t\t<div class=\"elementor-widget-container\">\n\t\t\t<h2 class=\"elementor-heading-title elementor-size-default\">Locations touristiques par quartier<\/h2>\t\t<\/div>\n\t\t\t\t<\/div>\n\t\t\t\t\t<\/div>\n\t\t<\/div>\n\t\t\t\t\t<\/div>\n\t\t<\/section>\n\t\t\t\t<section class=\"elementor-section elementor-top-section elementor-element elementor-element-dc4be76 elementor-section-boxed elementor-section-height-default elementor-section-height-default\" data-id=\"dc4be76\" data-element_type=\"section\">\n\t\t\t\t\t\t<div class=\"elementor-container elementor-column-gap-default\">\n\t\t\t\t\t<div class=\"elementor-column elementor-col-50 elementor-top-column elementor-element elementor-element-c5fac09\" data-id=\"c5fac09\" data-element_type=\"column\">\n\t\t\t<div class=\"elementor-widget-wrap elementor-element-populated\">\n\t\t\t\t\t\t<div class=\"elementor-element elementor-element-b454965 elementor-widget elementor-widget-global elementor-global-458038 elementor-widget-text-editor\" data-id=\"b454965\" data-element_type=\"widget\" data-widget_type=\"text-editor.default\">\n\t\t\t\t<div class=\"elementor-widget-container\">\n\t\t\t\t\t\t\t<p><a href=\"https:\/\/locabarcelona.egluu.com\/fr\/agence-immobiliere-barcelone\/location-touristique\/eixample\/\">Location touristique Eixample<\/a><br \/><a href=\"https:\/\/locabarcelona.egluu.com\/fr\/agence-immobiliere-barcelone\/location-touristique\/el-raval\/\">Location touristique El Raval<\/a><br \/><a href=\"https:\/\/locabarcelona.egluu.com\/fr\/agence-immobiliere-barcelone\/location-touristique\/sagrada-familia\/\">Location touristique Sagrada Familia<\/a><br \/><a href=\"https:\/\/locabarcelona.egluu.com\/fr\/agence-immobiliere-barcelone\/location-touristique\/sant-antoni\/\">Location touristique Sant Antoni<\/a><br \/><a href=\"https:\/\/locabarcelona.egluu.com\/fr\/agence-immobiliere-barcelone\/location-touristique\/les-corts\/\">Location touristique Les Corts<\/a><br \/><a href=\"https:\/\/locabarcelona.egluu.com\/fr\/agence-immobiliere-barcelone\/location-touristique\/sants-montjuic\/\">Location touristique Sants-Montjuic<\/a><br \/><a href=\"https:\/\/locabarcelona.egluu.com\/fr\/agence-immobiliere-barcelone\/location-touristique\/nou-barris\/\">Location touristique Nou Barris<\/a><\/p>\t\t\t\t\t\t<\/div>\n\t\t\t\t<\/div>\n\t\t\t\t\t<\/div>\n\t\t<\/div>\n\t\t\t\t<div class=\"elementor-column elementor-col-50 elementor-top-column elementor-element elementor-element-760c666\" data-id=\"760c666\" data-element_type=\"column\">\n\t\t\t<div class=\"elementor-widget-wrap elementor-element-populated\">\n\t\t\t\t\t\t<div class=\"elementor-element elementor-element-cbbfdf1 elementor-widget elementor-widget-global elementor-global-458041 elementor-widget-text-editor\" data-id=\"cbbfdf1\" data-element_type=\"widget\" data-widget_type=\"text-editor.default\">\n\t\t\t\t<div class=\"elementor-widget-container\">\n\t\t\t\t\t\t\t<p><a href=\"https:\/\/locabarcelona.egluu.com\/fr\/agence-immobiliere-barcelone\/location-touristique\/gracia\/\">Location touristique Gracia<\/a><br \/><a href=\"https:\/\/locabarcelona.egluu.com\/fr\/agence-immobiliere-barcelone\/location-touristique\/el-born\/\">Location touristique El Born<\/a><br \/><a href=\"https:\/\/locabarcelona.egluu.com\/fr\/agence-immobiliere-barcelone\/location-touristique\/barceloneta\/\">Location touristique Barceloneta<\/a><br \/><a href=\"https:\/\/locabarcelona.egluu.com\/fr\/agence-immobiliere-barcelone\/location-touristique\/le-gotic\/\">Location touristique Le Gothique<\/a><br \/><a href=\"https:\/\/locabarcelona.egluu.com\/fr\/agence-immobiliere-barcelone\/location-touristique\/ciutat-vella\/\">Location touristique Ciutat Vella<\/a><br \/><a href=\"https:\/\/locabarcelona.egluu.com\/fr\/agence-immobiliere-barcelone\/location-touristique\/sarria-sant-gervasi\/\">Location touristique Sarri\u00e1 Sant Gervasi<\/a><\/p>\t\t\t\t\t\t<\/div>\n\t\t\t\t<\/div>\n\t\t\t\t\t<\/div>\n\t\t<\/div>\n\t\t\t\t\t<\/div>\n\t\t<\/section>\n\t\t\t\t<\/div>\n\t\t","protected":false},"excerpt":{"rendered":"<p>Quelles sont les raisons de visiter le quartier Sarri\u00e1 Sant Gervasi ? Sarri\u00e1 Sant Gervasi se situe au nord de la ville, au-dessus de la Diagonal et aux abords du parc de la Collserola, l&#8217;espace vert le plus important de Barcelone. Ce district calme est \u00e9loign\u00e9 du centre-ville mais b\u00e9n\u00e9ficie de l&#8217;ensemble des commodit\u00e9s. Il&#8230;<\/p>\n","protected":false},"author":344,"featured_media":0,"parent":405129,"menu_order":0,"comment_status":"closed","ping_status":"closed","template":"templates\/list-layout.php","meta":{"inline_featured_image":false,"footnotes":""},"yoast_head":"<!-- This site is optimized with the Yoast SEO Premium plugin v22.6 (Yoast SEO v22.6) - https:\/\/yoast.com\/wordpress\/plugins\/seo\/ -->\n<title>Location touristique \u00e0 Sarri\u00e0 Sant Gervasi | Locabarcelona<\/title>\n<meta name=\"description\" content=\"A la recherche d&#039;un appartement \u00e0 louer pour vos vacances dans Sarri\u00e0 Sant Gervasi? D\u00e9couvrez tout ce qu&#039;il faut savoir sur le quartier avec LOCA BARCELONA !\" \/>\n<meta name=\"robots\" content=\"noindex, follow, max-snippet:-1, max-image-preview:large, max-video-preview:-1\" \/>\n<meta property=\"og:locale\" content=\"fr_FR\" \/>\n<meta property=\"og:type\" content=\"article\" \/>\n<meta property=\"og:title\" content=\"Location touristique \u00e0 Sarri\u00e0 Sant Gervasi | Locabarcelona\" \/>\n<meta property=\"og:description\" content=\"A la recherche d&#039;un appartement \u00e0 louer pour vos vacances dans Sarri\u00e0 Sant Gervasi? D\u00e9couvrez tout ce qu&#039;il faut savoir sur le quartier avec LOCA BARCELONA !\" \/>\n<meta property=\"og:url\" content=\"https:\/\/locabarcelona.egluu.com\/fr\/agence-immobiliere-barcelone\/location-touristique\/sarria-sant-gervasi\/\" \/>\n<meta property=\"og:site_name\" content=\"Locabarcelona\" \/>\n<meta property=\"article:modified_time\" content=\"2022-09-02T15:10:16+00:00\" \/>\n<meta name=\"twitter:card\" content=\"summary_large_image\" \/>\n<meta name=\"twitter:label1\" content=\"Est. reading time\" \/>\n\t<meta name=\"twitter:data1\" content=\"4 minutes\" \/>\n<script type=\"application\/ld+json\" class=\"yoast-schema-graph\">{\"@context\":\"https:\/\/schema.org\",\"@graph\":[{\"@type\":\"WebPage\",\"@id\":\"https:\/\/locabarcelona.egluu.com\/fr\/agence-immobiliere-barcelone\/location-touristique\/sarria-sant-gervasi\/\",\"url\":\"https:\/\/locabarcelona.egluu.com\/fr\/agence-immobiliere-barcelone\/location-touristique\/sarria-sant-gervasi\/\",\"name\":\"Location touristique \u00e0 Sarri\u00e0 Sant Gervasi | Locabarcelona\",\"isPartOf\":{\"@id\":\"https:\/\/locabarcelona.egluu.com\/fr\/#website\"},\"datePublished\":\"2022-09-01T08:40:02+00:00\",\"dateModified\":\"2022-09-02T15:10:16+00:00\",\"description\":\"A la recherche d'un appartement \u00e0 louer pour vos vacances dans Sarri\u00e0 Sant Gervasi? D\u00e9couvrez tout ce qu'il faut savoir sur le quartier avec LOCA BARCELONA !\",\"breadcrumb\":{\"@id\":\"https:\/\/locabarcelona.egluu.com\/fr\/agence-immobiliere-barcelone\/location-touristique\/sarria-sant-gervasi\/#breadcrumb\"},\"inLanguage\":\"fr-FR\",\"potentialAction\":[{\"@type\":\"ReadAction\",\"target\":[\"https:\/\/locabarcelona.egluu.com\/fr\/agence-immobiliere-barcelone\/location-touristique\/sarria-sant-gervasi\/\"]}]},{\"@type\":\"BreadcrumbList\",\"@id\":\"https:\/\/locabarcelona.egluu.com\/fr\/agence-immobiliere-barcelone\/location-touristique\/sarria-sant-gervasi\/#breadcrumb\",\"itemListElement\":[{\"@type\":\"ListItem\",\"position\":1,\"name\":\"Inicio\",\"item\":\"https:\/\/www.locabarcelona.com\/fr\/home\/\"},{\"@type\":\"ListItem\",\"position\":2,\"name\":\"Agence Immobili\u00e8re \u00e0 Barcelone\",\"item\":\"https:\/\/www.locabarcelona.com\/fr\/agence-immobiliere-barcelone\/\"},{\"@type\":\"ListItem\",\"position\":3,\"name\":\"Location touristique\",\"item\":\"https:\/\/www.locabarcelona.com\/fr\/agence-immobiliere-barcelone\/location-touristique\/\"},{\"@type\":\"ListItem\",\"position\":4,\"name\":\"Location touristique \u00e0 Sarri\u00e0 Sant Gervasi\"}]},{\"@type\":\"WebSite\",\"@id\":\"https:\/\/locabarcelona.egluu.com\/fr\/#website\",\"url\":\"https:\/\/locabarcelona.egluu.com\/fr\/\",\"name\":\"Loca Barcelona\",\"description\":\"Real Estate Services\",\"publisher\":{\"@id\":\"https:\/\/locabarcelona.egluu.com\/fr\/#organization\"},\"potentialAction\":[{\"@type\":\"SearchAction\",\"target\":{\"@type\":\"EntryPoint\",\"urlTemplate\":\"https:\/\/locabarcelona.egluu.com\/fr\/?s={search_term_string}\"},\"query-input\":\"required name=search_term_string\"}],\"inLanguage\":\"fr-FR\"},{\"@type\":\"Organization\",\"@id\":\"https:\/\/locabarcelona.egluu.com\/fr\/#organization\",\"name\":\"Loca Barcelona\",\"url\":\"https:\/\/locabarcelona.egluu.com\/fr\/\",\"logo\":{\"@type\":\"ImageObject\",\"inLanguage\":\"fr-FR\",\"@id\":\"https:\/\/locabarcelona.egluu.com\/fr\/#\/schema\/logo\/image\/\",\"url\":\"https:\/\/locabarcelona.egluu.com\/wp-content\/uploads\/2021\/10\/logo_locabarcelona_small.png\",\"contentUrl\":\"https:\/\/locabarcelona.egluu.com\/wp-content\/uploads\/2021\/10\/logo_locabarcelona_small.png\",\"width\":250,\"height\":149,\"caption\":\"Loca Barcelona\"},\"image\":{\"@id\":\"https:\/\/locabarcelona.egluu.com\/fr\/#\/schema\/logo\/image\/\"}}]}<\/script>\n<!-- \/ Yoast SEO Premium plugin. -->","yoast_head_json":{"title":"Location touristique \u00e0 Sarri\u00e0 Sant Gervasi | Locabarcelona","description":"A la recherche d'un appartement \u00e0 louer pour vos vacances dans Sarri\u00e0 Sant Gervasi? D\u00e9couvrez tout ce qu'il faut savoir sur le quartier avec LOCA BARCELONA !","robots":{"index":"noindex","follow":"follow","max-snippet":"max-snippet:-1","max-image-preview":"max-image-preview:large","max-video-preview":"max-video-preview:-1"},"og_locale":"fr_FR","og_type":"article","og_title":"Location touristique \u00e0 Sarri\u00e0 Sant Gervasi | Locabarcelona","og_description":"A la recherche d'un appartement \u00e0 louer pour vos vacances dans Sarri\u00e0 Sant Gervasi? D\u00e9couvrez tout ce qu'il faut savoir sur le quartier avec LOCA BARCELONA !","og_url":"https:\/\/locabarcelona.egluu.com\/fr\/agence-immobiliere-barcelone\/location-touristique\/sarria-sant-gervasi\/","og_site_name":"Locabarcelona","article_modified_time":"2022-09-02T15:10:16+00:00","twitter_card":"summary_large_image","twitter_misc":{"Est. reading time":"4 minutes"},"schema":{"@context":"https:\/\/schema.org","@graph":[{"@type":"WebPage","@id":"https:\/\/locabarcelona.egluu.com\/fr\/agence-immobiliere-barcelone\/location-touristique\/sarria-sant-gervasi\/","url":"https:\/\/locabarcelona.egluu.com\/fr\/agence-immobiliere-barcelone\/location-touristique\/sarria-sant-gervasi\/","name":"Location touristique \u00e0 Sarri\u00e0 Sant Gervasi | Locabarcelona","isPartOf":{"@id":"https:\/\/locabarcelona.egluu.com\/fr\/#website"},"datePublished":"2022-09-01T08:40:02+00:00","dateModified":"2022-09-02T15:10:16+00:00","description":"A la recherche d'un appartement \u00e0 louer pour vos vacances dans Sarri\u00e0 Sant Gervasi? D\u00e9couvrez tout ce qu'il faut savoir sur le quartier avec LOCA BARCELONA !","breadcrumb":{"@id":"https:\/\/locabarcelona.egluu.com\/fr\/agence-immobiliere-barcelone\/location-touristique\/sarria-sant-gervasi\/#breadcrumb"},"inLanguage":"fr-FR","potentialAction":[{"@type":"ReadAction","target":["https:\/\/locabarcelona.egluu.com\/fr\/agence-immobiliere-barcelone\/location-touristique\/sarria-sant-gervasi\/"]}]},{"@type":"BreadcrumbList","@id":"https:\/\/locabarcelona.egluu.com\/fr\/agence-immobiliere-barcelone\/location-touristique\/sarria-sant-gervasi\/#breadcrumb","itemListElement":[{"@type":"ListItem","position":1,"name":"Inicio","item":"https:\/\/www.locabarcelona.com\/fr\/home\/"},{"@type":"ListItem","position":2,"name":"Agence Immobili\u00e8re \u00e0 Barcelone","item":"https:\/\/www.locabarcelona.com\/fr\/agence-immobiliere-barcelone\/"},{"@type":"ListItem","position":3,"name":"Location touristique","item":"https:\/\/www.locabarcelona.com\/fr\/agence-immobiliere-barcelone\/location-touristique\/"},{"@type":"ListItem","position":4,"name":"Location touristique \u00e0 Sarri\u00e0 Sant Gervasi"}]},{"@type":"WebSite","@id":"https:\/\/locabarcelona.egluu.com\/fr\/#website","url":"https:\/\/locabarcelona.egluu.com\/fr\/","name":"Loca Barcelona","description":"Real Estate Services","publisher":{"@id":"https:\/\/locabarcelona.egluu.com\/fr\/#organization"},"potentialAction":[{"@type":"SearchAction","target":{"@type":"EntryPoint","urlTemplate":"https:\/\/locabarcelona.egluu.com\/fr\/?s={search_term_string}"},"query-input":"required name=search_term_string"}],"inLanguage":"fr-FR"},{"@type":"Organization","@id":"https:\/\/locabarcelona.egluu.com\/fr\/#organization","name":"Loca Barcelona","url":"https:\/\/locabarcelona.egluu.com\/fr\/","logo":{"@type":"ImageObject","inLanguage":"fr-FR","@id":"https:\/\/locabarcelona.egluu.com\/fr\/#\/schema\/logo\/image\/","url":"https:\/\/locabarcelona.egluu.com\/wp-content\/uploads\/2021\/10\/logo_locabarcelona_small.png","contentUrl":"https:\/\/locabarcelona.egluu.com\/wp-content\/uploads\/2021\/10\/logo_locabarcelona_small.png","width":250,"height":149,"caption":"Loca Barcelona"},"image":{"@id":"https:\/\/locabarcelona.egluu.com\/fr\/#\/schema\/logo\/image\/"}}]}},"_links":{"self":[{"href":"https:\/\/locabarcelona.egluu.com\/fr\/wp-json\/wp\/v2\/pages\/461110"}],"collection":[{"href":"https:\/\/locabarcelona.egluu.com\/fr\/wp-json\/wp\/v2\/pages"}],"about":[{"href":"https:\/\/locabarcelona.egluu.com\/fr\/wp-json\/wp\/v2\/types\/page"}],"author":[{"embeddable":true,"href":"https:\/\/locabarcelona.egluu.com\/fr\/wp-json\/wp\/v2\/users\/344"}],"replies":[{"embeddable":true,"href":"https:\/\/locabarcelona.egluu.com\/fr\/wp-json\/wp\/v2\/comments?post=461110"}],"version-history":[{"count":0,"href":"https:\/\/locabarcelona.egluu.com\/fr\/wp-json\/wp\/v2\/pages\/461110\/revisions"}],"up":[{"embeddable":true,"href":"https:\/\/locabarcelona.egluu.com\/fr\/wp-json\/wp\/v2\/pages\/405129"}],"wp:attachment":[{"href":"https:\/\/locabarcelona.egluu.com\/fr\/wp-json\/wp\/v2\/media?parent=461110"}],"curies":[{"name":"wp","href":"https:\/\/api.w.org\/{rel}","templated":true}]}}