{"id":461278,"date":"2022-09-02T17:04:04","date_gmt":"2022-09-02T15:04:04","guid":{"rendered":"https:\/\/locabarcelona.egluu.com\/?page_id=461278"},"modified":"2022-09-02T17:09:16","modified_gmt":"2022-09-02T15:09:16","slug":"nou-barris","status":"publish","type":"page","link":"https:\/\/locabarcelona.egluu.com\/fr\/agence-immobiliere-barcelone\/location-touristique\/nou-barris\/","title":{"rendered":"Location touristique \u00e0 Nou Barris"},"content":{"rendered":"\t\t<div data-elementor-type=\"wp-page\" data-elementor-id=\"461278\" class=\"elementor elementor-461278\" data-elementor-post-type=\"page\">\n\t\t\t\t\t\t<section class=\"elementor-section elementor-top-section elementor-element elementor-element-898bec6 elementor-section-boxed elementor-section-height-default elementor-section-height-default\" data-id=\"898bec6\" data-element_type=\"section\">\n\t\t\t\t\t\t<div class=\"elementor-container elementor-column-gap-default\">\n\t\t\t\t\t<div class=\"elementor-column elementor-col-100 elementor-top-column elementor-element elementor-element-2d7ba4e\" data-id=\"2d7ba4e\" data-element_type=\"column\">\n\t\t\t<div class=\"elementor-widget-wrap elementor-element-populated\">\n\t\t\t\t\t\t<div class=\"elementor-element elementor-element-5b34e15 elementor-widget elementor-widget-heading\" data-id=\"5b34e15\" data-element_type=\"widget\" data-widget_type=\"heading.default\">\n\t\t\t\t<div class=\"elementor-widget-container\">\n\t\t\t<h2 class=\"elementor-heading-title elementor-size-default\">Pourquoi s\u00e9journer \u00e0 Nou Barris ? \n<\/h2>\t\t<\/div>\n\t\t\t\t<\/div>\n\t\t\t\t<div class=\"elementor-element elementor-element-d8cf529 elementor-widget elementor-widget-text-editor\" data-id=\"d8cf529\" data-element_type=\"widget\" data-widget_type=\"text-editor.default\">\n\t\t\t\t<div class=\"elementor-widget-container\">\n\t\t\t\t\t\t\t<p>Si vous pr\u00e9voyez de <strong>visiter Barcelone durant vos prochaines vacances<\/strong>, pensez \u00e0 choisir votre <strong>location touristique<\/strong> en avance. R\u00e9server une location touristique dans le quartier de <strong>Nou Barris<\/strong> vous permet de profiter de la ville de Barcelone tout en s\u00e9journant dans un quartier calme et agr\u00e9able. Effectivement, ce quartier est situ\u00e9 dans <strong>le nord de Barcelone<\/strong>, il permet donc de s\u2019\u00e9loigner du centre-ville qui peut s\u2019av\u00e9rer trop bruyant pour profiter de vacances reposant \u00e0 Barcelone.<\/p><h3>Un quartier calme et agr\u00e9able<\/h3><p><strong>Vivre dans le quartier de Nou Barris<\/strong> pendant ses vacances \u00e0 Barcelone vous laisse la possibilit\u00e9 de profiter des espaces verts du quartier. Parmi les nombreux parcs de ce quartier, vous trouverez notamment le Parc del Tur\u00f3 de la Peira ou le grand Parc Central. Ces zones vertes sont \u00e0 la fois agr\u00e9ables pour se reposer et se balader en famille, mais aussi pour b\u00e9n\u00e9ficier d\u2019une vue panoramique sur la ville de Barcelone.<\/p><p>Il s\u2019agit d\u2019ailleurs du quartier id\u00e9al pour s\u00e9journer \u00e0 Barcelone si vous avez des enfants. Sachez en plus que les logements touristiques sont moins chers que dans le centre de la ville. Cependant, le quartier est bien desservi par les transports en commun si vous souhaitez <strong>visiter les autres quartiers de Barcelone<\/strong>.<\/p><h3>Les incontournables du quartier de Nou Barris<\/h3><p>Lors de votre s\u00e9jour \u00e0 Barcelone, certains lieux et activit\u00e9s accessibles \u00e0 Nou Barris et dans les alentours sont incontournables. Voici ce que vous devez absolument faire si vous visitez le quartier de Nou Barris \u00e0 Barcelone :<\/p><ul><li>Les <strong>sentiers de randonn\u00e9es<\/strong> dans la pin\u00e8de des montagnes de la Collserola<\/li><li>Le ch\u00e2teau de <strong>Torre Baro<\/strong><\/li><li>Le mus\u00e9e sur l\u2019approvisionnement en eau de la ville dans la <strong>Casa de l\u2019Aigua<\/strong><\/li><\/ul><p>Aussi, en habitant dans le quartier de Nou Barris, vous pouvez facilement rejoindre le fameux parc G\u00fcell cr\u00e9\u00e9 par l\u2019artiste espagnol Gaudi. Pour cela, vous pourrez notamment emprunter la ligne 3 ou la ligne 4 de m\u00e9tro.<\/p>\t\t\t\t\t\t<\/div>\n\t\t\t\t<\/div>\n\t\t\t\t<div class=\"elementor-element elementor-element-13eaadc elementor-widget elementor-widget-heading\" data-id=\"13eaadc\" data-element_type=\"widget\" data-widget_type=\"heading.default\">\n\t\t\t\t<div class=\"elementor-widget-container\">\n\t\t\t<h2 class=\"elementor-heading-title elementor-size-default\">Les avantages de choisir une location touristique \u00e0 Nou Barris\n<\/h2>\t\t<\/div>\n\t\t\t\t<\/div>\n\t\t\t\t<div class=\"elementor-element elementor-element-cc3c052 elementor-widget elementor-widget-text-editor\" data-id=\"cc3c052\" data-element_type=\"widget\" data-widget_type=\"text-editor.default\">\n\t\t\t\t<div class=\"elementor-widget-container\">\n\t\t\t\t\t\t\t<p>Loca Barcelona est \u00e0 votre disposition pour vous aider \u00e0 trouver un appartement en location pour une courte dur\u00e9e en fonction de vos besoins. Vous pouvez d\u2019ailleurs commencer \u00e0 regarder les appartements que nous avons soigneusement s\u00e9lectionn\u00e9s sur notre site. Pour \u00e9changer avec l\u2019un de nos agents, <a href=\"https:\/\/locabarcelona.egluu.com\/fr\/qui-sommes-nous\/contactez-nous\/\">n\u2019h\u00e9sitez pas \u00e0 nous contacter<\/a>.<\/p><p><strong>Louer un appartement sur une courte p\u00e9riode<\/strong> dans le quartier de Nou Barris, c\u2019est aussi un bon moyen de d\u00e9guster les excellentes sp\u00e9cialit\u00e9s culinaires catalanes. Vous trouverez au c\u0153ur de ce district un large choix de restaurants et de bars. Pour sortir et manger, retenez le nom de la Esquinica. Ce restaurant vous propose de succulentes<strong> tapas \u00e0 prix abordables<\/strong>. Un bon moyen pour se plonger dans la culture espagnole tout en se r\u00e9galant.<\/p><p>En louant un appartement \u00e0 Nou Barris, profitez-en pour visiter les villes voisines au nord de Barcelone comme Montcada i Reixac ou Cerdanyola del Vall\u00e8s. Pour les amateurs de la randonn\u00e9e, vous ne serez pas d\u00e9\u00e7us par les nombreux sentiers au d\u00e9part de Nou Barris.<\/p><p>Si vous appr\u00e9ciez vous balader et tester les sp\u00e9cialit\u00e9s locales, il est conseill\u00e9 de se rendre au march\u00e9 de la Merc\u00e8 en Pg. Fabra i Puig. Vous y trouverez de bons produits frais. En choisissant une <strong>location touristique \u00e0 Nou Barris<\/strong> vous vous assurez un excellent s\u00e9jour dans la ville de Barcelone.<\/p><p>Pour faire du shopping et ramener des souvenirs de Barcelone, vous pouvez vous rendre au niveau de la via Julia aussi nomm\u00e9e Rambla de Nou Barris o\u00f9 vous trouverez des commerces et des petites boutiques ind\u00e9pendantes.<\/p>\t\t\t\t\t\t<\/div>\n\t\t\t\t<\/div>\n\t\t\t\t\t<\/div>\n\t\t<\/div>\n\t\t\t\t\t<\/div>\n\t\t<\/section>\n\t\t\t\t<section class=\"elementor-section elementor-top-section elementor-element elementor-element-ed17876 elementor-section-boxed elementor-section-height-default elementor-section-height-default\" data-id=\"ed17876\" data-element_type=\"section\">\n\t\t\t\t\t\t<div class=\"elementor-container elementor-column-gap-default\">\n\t\t\t\t\t<div class=\"elementor-column elementor-col-100 elementor-top-column elementor-element elementor-element-0b3b831\" data-id=\"0b3b831\" data-element_type=\"column\">\n\t\t\t<div class=\"elementor-widget-wrap elementor-element-populated\">\n\t\t\t\t\t\t<div class=\"elementor-element elementor-element-f5a7edf elementor-widget elementor-widget-heading\" data-id=\"f5a7edf\" data-element_type=\"widget\" data-widget_type=\"heading.default\">\n\t\t\t\t<div class=\"elementor-widget-container\">\n\t\t\t<h2 class=\"elementor-heading-title elementor-size-default\">Locations touristiques par quartier<\/h2>\t\t<\/div>\n\t\t\t\t<\/div>\n\t\t\t\t\t<\/div>\n\t\t<\/div>\n\t\t\t\t\t<\/div>\n\t\t<\/section>\n\t\t\t\t<section class=\"elementor-section elementor-top-section elementor-element elementor-element-dc4be76 elementor-section-boxed elementor-section-height-default elementor-section-height-default\" data-id=\"dc4be76\" data-element_type=\"section\">\n\t\t\t\t\t\t<div class=\"elementor-container elementor-column-gap-default\">\n\t\t\t\t\t<div class=\"elementor-column elementor-col-50 elementor-top-column elementor-element elementor-element-c5fac09\" data-id=\"c5fac09\" data-element_type=\"column\">\n\t\t\t<div class=\"elementor-widget-wrap elementor-element-populated\">\n\t\t\t\t\t\t<div class=\"elementor-element elementor-element-b454965 elementor-widget elementor-widget-global elementor-global-458038 elementor-widget-text-editor\" data-id=\"b454965\" data-element_type=\"widget\" data-widget_type=\"text-editor.default\">\n\t\t\t\t<div class=\"elementor-widget-container\">\n\t\t\t\t\t\t\t<p><a href=\"https:\/\/locabarcelona.egluu.com\/fr\/agence-immobiliere-barcelone\/location-touristique\/eixample\/\">Location touristique Eixample<\/a><br \/><a href=\"https:\/\/locabarcelona.egluu.com\/fr\/agence-immobiliere-barcelone\/location-touristique\/el-raval\/\">Location touristique El Raval<\/a><br \/><a href=\"https:\/\/locabarcelona.egluu.com\/fr\/agence-immobiliere-barcelone\/location-touristique\/sagrada-familia\/\">Location touristique Sagrada Familia<\/a><br \/><a href=\"https:\/\/locabarcelona.egluu.com\/fr\/agence-immobiliere-barcelone\/location-touristique\/sant-antoni\/\">Location touristique Sant Antoni<\/a><br \/><a href=\"https:\/\/locabarcelona.egluu.com\/fr\/agence-immobiliere-barcelone\/location-touristique\/les-corts\/\">Location touristique Les Corts<\/a><br \/><a href=\"https:\/\/locabarcelona.egluu.com\/fr\/agence-immobiliere-barcelone\/location-touristique\/sants-montjuic\/\">Location touristique Sants-Montjuic<\/a><br \/><a href=\"https:\/\/locabarcelona.egluu.com\/fr\/agence-immobiliere-barcelone\/location-touristique\/nou-barris\/\">Location touristique Nou Barris<\/a><\/p>\t\t\t\t\t\t<\/div>\n\t\t\t\t<\/div>\n\t\t\t\t\t<\/div>\n\t\t<\/div>\n\t\t\t\t<div class=\"elementor-column elementor-col-50 elementor-top-column elementor-element elementor-element-760c666\" data-id=\"760c666\" data-element_type=\"column\">\n\t\t\t<div class=\"elementor-widget-wrap elementor-element-populated\">\n\t\t\t\t\t\t<div class=\"elementor-element elementor-element-cbbfdf1 elementor-widget elementor-widget-global elementor-global-458041 elementor-widget-text-editor\" data-id=\"cbbfdf1\" data-element_type=\"widget\" data-widget_type=\"text-editor.default\">\n\t\t\t\t<div class=\"elementor-widget-container\">\n\t\t\t\t\t\t\t<p><a href=\"https:\/\/locabarcelona.egluu.com\/fr\/agence-immobiliere-barcelone\/location-touristique\/gracia\/\">Location touristique Gracia<\/a><br \/><a href=\"https:\/\/locabarcelona.egluu.com\/fr\/agence-immobiliere-barcelone\/location-touristique\/el-born\/\">Location touristique El Born<\/a><br \/><a href=\"https:\/\/locabarcelona.egluu.com\/fr\/agence-immobiliere-barcelone\/location-touristique\/barceloneta\/\">Location touristique Barceloneta<\/a><br \/><a href=\"https:\/\/locabarcelona.egluu.com\/fr\/agence-immobiliere-barcelone\/location-touristique\/le-gotic\/\">Location touristique Le Gothique<\/a><br \/><a href=\"https:\/\/locabarcelona.egluu.com\/fr\/agence-immobiliere-barcelone\/location-touristique\/ciutat-vella\/\">Location touristique Ciutat Vella<\/a><br \/><a href=\"https:\/\/locabarcelona.egluu.com\/fr\/agence-immobiliere-barcelone\/location-touristique\/sarria-sant-gervasi\/\">Location touristique Sarri\u00e1 Sant Gervasi<\/a><\/p>\t\t\t\t\t\t<\/div>\n\t\t\t\t<\/div>\n\t\t\t\t\t<\/div>\n\t\t<\/div>\n\t\t\t\t\t<\/div>\n\t\t<\/section>\n\t\t\t\t<\/div>\n\t\t","protected":false},"excerpt":{"rendered":"<p>Pourquoi s\u00e9journer \u00e0 Nou Barris ? Si vous pr\u00e9voyez de visiter Barcelone durant vos prochaines vacances, pensez \u00e0 choisir votre location touristique en avance. R\u00e9server une location touristique dans le quartier de Nou Barris vous permet de profiter de la ville de Barcelone tout en s\u00e9journant dans un quartier calme et agr\u00e9able. Effectivement, ce quartier&#8230;<\/p>\n","protected":false},"author":344,"featured_media":0,"parent":405129,"menu_order":0,"comment_status":"closed","ping_status":"closed","template":"templates\/list-layout.php","meta":{"inline_featured_image":false,"footnotes":""},"yoast_head":"<!-- This site is optimized with the Yoast SEO Premium plugin v22.6 (Yoast SEO v22.6) - https:\/\/yoast.com\/wordpress\/plugins\/seo\/ -->\n<title>Location touristique \u00e0 Nou Barris | Locabarcelona<\/title>\n<meta name=\"description\" content=\"Vous souhaitez s\u00e9jouner dans le quartier de Nou Barris durant vos vacances \u00e0 Barcelone ? Jetez un oeil \u00e0 notre large s\u00e9lection d&#039;appartements.\" \/>\n<meta name=\"robots\" content=\"noindex, follow, max-snippet:-1, max-image-preview:large, max-video-preview:-1\" \/>\n<meta property=\"og:locale\" content=\"fr_FR\" \/>\n<meta property=\"og:type\" content=\"article\" \/>\n<meta property=\"og:title\" content=\"Location touristique \u00e0 Nou Barris | Locabarcelona\" \/>\n<meta property=\"og:description\" content=\"Vous souhaitez s\u00e9jouner dans le quartier de Nou Barris durant vos vacances \u00e0 Barcelone ? Jetez un oeil \u00e0 notre large s\u00e9lection d&#039;appartements.\" \/>\n<meta property=\"og:url\" content=\"https:\/\/locabarcelona.egluu.com\/fr\/agence-immobiliere-barcelone\/location-touristique\/nou-barris\/\" \/>\n<meta property=\"og:site_name\" content=\"Locabarcelona\" \/>\n<meta property=\"article:modified_time\" content=\"2022-09-02T15:09:16+00:00\" \/>\n<meta name=\"twitter:card\" content=\"summary_large_image\" \/>\n<meta name=\"twitter:label1\" content=\"Est. reading time\" \/>\n\t<meta name=\"twitter:data1\" content=\"4 minutes\" \/>\n<script type=\"application\/ld+json\" class=\"yoast-schema-graph\">{\"@context\":\"https:\/\/schema.org\",\"@graph\":[{\"@type\":\"WebPage\",\"@id\":\"https:\/\/locabarcelona.egluu.com\/fr\/agence-immobiliere-barcelone\/location-touristique\/nou-barris\/\",\"url\":\"https:\/\/locabarcelona.egluu.com\/fr\/agence-immobiliere-barcelone\/location-touristique\/nou-barris\/\",\"name\":\"Location touristique \u00e0 Nou Barris | Locabarcelona\",\"isPartOf\":{\"@id\":\"https:\/\/locabarcelona.egluu.com\/fr\/#website\"},\"datePublished\":\"2022-09-02T15:04:04+00:00\",\"dateModified\":\"2022-09-02T15:09:16+00:00\",\"description\":\"Vous souhaitez s\u00e9jouner dans le quartier de Nou Barris durant vos vacances \u00e0 Barcelone ? Jetez un oeil \u00e0 notre large s\u00e9lection d'appartements.\",\"breadcrumb\":{\"@id\":\"https:\/\/locabarcelona.egluu.com\/fr\/agence-immobiliere-barcelone\/location-touristique\/nou-barris\/#breadcrumb\"},\"inLanguage\":\"fr-FR\",\"potentialAction\":[{\"@type\":\"ReadAction\",\"target\":[\"https:\/\/locabarcelona.egluu.com\/fr\/agence-immobiliere-barcelone\/location-touristique\/nou-barris\/\"]}]},{\"@type\":\"BreadcrumbList\",\"@id\":\"https:\/\/locabarcelona.egluu.com\/fr\/agence-immobiliere-barcelone\/location-touristique\/nou-barris\/#breadcrumb\",\"itemListElement\":[{\"@type\":\"ListItem\",\"position\":1,\"name\":\"Inicio\",\"item\":\"https:\/\/www.locabarcelona.com\/fr\/home\/\"},{\"@type\":\"ListItem\",\"position\":2,\"name\":\"Agence Immobili\u00e8re \u00e0 Barcelone\",\"item\":\"https:\/\/www.locabarcelona.com\/fr\/agence-immobiliere-barcelone\/\"},{\"@type\":\"ListItem\",\"position\":3,\"name\":\"Location touristique\",\"item\":\"https:\/\/www.locabarcelona.com\/fr\/agence-immobiliere-barcelone\/location-touristique\/\"},{\"@type\":\"ListItem\",\"position\":4,\"name\":\"Location touristique \u00e0 Nou Barris\"}]},{\"@type\":\"WebSite\",\"@id\":\"https:\/\/locabarcelona.egluu.com\/fr\/#website\",\"url\":\"https:\/\/locabarcelona.egluu.com\/fr\/\",\"name\":\"Loca Barcelona\",\"description\":\"Real Estate Services\",\"publisher\":{\"@id\":\"https:\/\/locabarcelona.egluu.com\/fr\/#organization\"},\"potentialAction\":[{\"@type\":\"SearchAction\",\"target\":{\"@type\":\"EntryPoint\",\"urlTemplate\":\"https:\/\/locabarcelona.egluu.com\/fr\/?s={search_term_string}\"},\"query-input\":\"required name=search_term_string\"}],\"inLanguage\":\"fr-FR\"},{\"@type\":\"Organization\",\"@id\":\"https:\/\/locabarcelona.egluu.com\/fr\/#organization\",\"name\":\"Loca Barcelona\",\"url\":\"https:\/\/locabarcelona.egluu.com\/fr\/\",\"logo\":{\"@type\":\"ImageObject\",\"inLanguage\":\"fr-FR\",\"@id\":\"https:\/\/locabarcelona.egluu.com\/fr\/#\/schema\/logo\/image\/\",\"url\":\"https:\/\/locabarcelona.egluu.com\/wp-content\/uploads\/2021\/10\/logo_locabarcelona_small.png\",\"contentUrl\":\"https:\/\/locabarcelona.egluu.com\/wp-content\/uploads\/2021\/10\/logo_locabarcelona_small.png\",\"width\":250,\"height\":149,\"caption\":\"Loca Barcelona\"},\"image\":{\"@id\":\"https:\/\/locabarcelona.egluu.com\/fr\/#\/schema\/logo\/image\/\"}}]}<\/script>\n<!-- \/ Yoast SEO Premium plugin. -->","yoast_head_json":{"title":"Location touristique \u00e0 Nou Barris | Locabarcelona","description":"Vous souhaitez s\u00e9jouner dans le quartier de Nou Barris durant vos vacances \u00e0 Barcelone ? Jetez un oeil \u00e0 notre large s\u00e9lection d'appartements.","robots":{"index":"noindex","follow":"follow","max-snippet":"max-snippet:-1","max-image-preview":"max-image-preview:large","max-video-preview":"max-video-preview:-1"},"og_locale":"fr_FR","og_type":"article","og_title":"Location touristique \u00e0 Nou Barris | Locabarcelona","og_description":"Vous souhaitez s\u00e9jouner dans le quartier de Nou Barris durant vos vacances \u00e0 Barcelone ? Jetez un oeil \u00e0 notre large s\u00e9lection d'appartements.","og_url":"https:\/\/locabarcelona.egluu.com\/fr\/agence-immobiliere-barcelone\/location-touristique\/nou-barris\/","og_site_name":"Locabarcelona","article_modified_time":"2022-09-02T15:09:16+00:00","twitter_card":"summary_large_image","twitter_misc":{"Est. reading time":"4 minutes"},"schema":{"@context":"https:\/\/schema.org","@graph":[{"@type":"WebPage","@id":"https:\/\/locabarcelona.egluu.com\/fr\/agence-immobiliere-barcelone\/location-touristique\/nou-barris\/","url":"https:\/\/locabarcelona.egluu.com\/fr\/agence-immobiliere-barcelone\/location-touristique\/nou-barris\/","name":"Location touristique \u00e0 Nou Barris | Locabarcelona","isPartOf":{"@id":"https:\/\/locabarcelona.egluu.com\/fr\/#website"},"datePublished":"2022-09-02T15:04:04+00:00","dateModified":"2022-09-02T15:09:16+00:00","description":"Vous souhaitez s\u00e9jouner dans le quartier de Nou Barris durant vos vacances \u00e0 Barcelone ? Jetez un oeil \u00e0 notre large s\u00e9lection d'appartements.","breadcrumb":{"@id":"https:\/\/locabarcelona.egluu.com\/fr\/agence-immobiliere-barcelone\/location-touristique\/nou-barris\/#breadcrumb"},"inLanguage":"fr-FR","potentialAction":[{"@type":"ReadAction","target":["https:\/\/locabarcelona.egluu.com\/fr\/agence-immobiliere-barcelone\/location-touristique\/nou-barris\/"]}]},{"@type":"BreadcrumbList","@id":"https:\/\/locabarcelona.egluu.com\/fr\/agence-immobiliere-barcelone\/location-touristique\/nou-barris\/#breadcrumb","itemListElement":[{"@type":"ListItem","position":1,"name":"Inicio","item":"https:\/\/www.locabarcelona.com\/fr\/home\/"},{"@type":"ListItem","position":2,"name":"Agence Immobili\u00e8re \u00e0 Barcelone","item":"https:\/\/www.locabarcelona.com\/fr\/agence-immobiliere-barcelone\/"},{"@type":"ListItem","position":3,"name":"Location touristique","item":"https:\/\/www.locabarcelona.com\/fr\/agence-immobiliere-barcelone\/location-touristique\/"},{"@type":"ListItem","position":4,"name":"Location touristique \u00e0 Nou Barris"}]},{"@type":"WebSite","@id":"https:\/\/locabarcelona.egluu.com\/fr\/#website","url":"https:\/\/locabarcelona.egluu.com\/fr\/","name":"Loca Barcelona","description":"Real Estate Services","publisher":{"@id":"https:\/\/locabarcelona.egluu.com\/fr\/#organization"},"potentialAction":[{"@type":"SearchAction","target":{"@type":"EntryPoint","urlTemplate":"https:\/\/locabarcelona.egluu.com\/fr\/?s={search_term_string}"},"query-input":"required name=search_term_string"}],"inLanguage":"fr-FR"},{"@type":"Organization","@id":"https:\/\/locabarcelona.egluu.com\/fr\/#organization","name":"Loca Barcelona","url":"https:\/\/locabarcelona.egluu.com\/fr\/","logo":{"@type":"ImageObject","inLanguage":"fr-FR","@id":"https:\/\/locabarcelona.egluu.com\/fr\/#\/schema\/logo\/image\/","url":"https:\/\/locabarcelona.egluu.com\/wp-content\/uploads\/2021\/10\/logo_locabarcelona_small.png","contentUrl":"https:\/\/locabarcelona.egluu.com\/wp-content\/uploads\/2021\/10\/logo_locabarcelona_small.png","width":250,"height":149,"caption":"Loca Barcelona"},"image":{"@id":"https:\/\/locabarcelona.egluu.com\/fr\/#\/schema\/logo\/image\/"}}]}},"_links":{"self":[{"href":"https:\/\/locabarcelona.egluu.com\/fr\/wp-json\/wp\/v2\/pages\/461278"}],"collection":[{"href":"https:\/\/locabarcelona.egluu.com\/fr\/wp-json\/wp\/v2\/pages"}],"about":[{"href":"https:\/\/locabarcelona.egluu.com\/fr\/wp-json\/wp\/v2\/types\/page"}],"author":[{"embeddable":true,"href":"https:\/\/locabarcelona.egluu.com\/fr\/wp-json\/wp\/v2\/users\/344"}],"replies":[{"embeddable":true,"href":"https:\/\/locabarcelona.egluu.com\/fr\/wp-json\/wp\/v2\/comments?post=461278"}],"version-history":[{"count":0,"href":"https:\/\/locabarcelona.egluu.com\/fr\/wp-json\/wp\/v2\/pages\/461278\/revisions"}],"up":[{"embeddable":true,"href":"https:\/\/locabarcelona.egluu.com\/fr\/wp-json\/wp\/v2\/pages\/405129"}],"wp:attachment":[{"href":"https:\/\/locabarcelona.egluu.com\/fr\/wp-json\/wp\/v2\/media?parent=461278"}],"curies":[{"name":"wp","href":"https:\/\/api.w.org\/{rel}","templated":true}]}}