{"id":464795,"date":"2022-10-19T17:43:02","date_gmt":"2022-10-19T15:43:02","guid":{"rendered":"https:\/\/locabarcelona.egluu.com\/?page_id=464795"},"modified":"2024-06-10T18:19:13","modified_gmt":"2024-06-10T16:19:13","slug":"appartement-a-louer-a-pedralbes-duplicate-438264","status":"publish","type":"page","link":"https:\/\/locabarcelona.egluu.com\/fr\/louer-propriete\/colocation-barcelone\/","title":{"rendered":"Colocation Barcelone"},"content":{"rendered":"\t\t<div data-elementor-type=\"wp-page\" data-elementor-id=\"464795\" class=\"elementor elementor-464795\" data-elementor-post-type=\"page\">\n\t\t\t\t\t\t<section class=\"elementor-section elementor-top-section elementor-element elementor-element-5eb09a9d elementor-section-boxed elementor-section-height-default elementor-section-height-default\" data-id=\"5eb09a9d\" data-element_type=\"section\">\n\t\t\t\t\t\t<div class=\"elementor-container elementor-column-gap-default\">\n\t\t\t\t\t<div class=\"elementor-column elementor-col-100 elementor-top-column elementor-element elementor-element-52585c4c\" data-id=\"52585c4c\" data-element_type=\"column\">\n\t\t\t<div class=\"elementor-widget-wrap elementor-element-populated\">\n\t\t\t\t\t\t<div class=\"elementor-element elementor-element-530427d4 elementor-widget elementor-widget-text-editor\" data-id=\"530427d4\" data-element_type=\"widget\" data-widget_type=\"text-editor.default\">\n\t\t\t\t<div class=\"elementor-widget-container\">\n\t\t\t\t\t\t\t<p>Vous \u00eates \u00e0 la recherche d&#8217;un logement sur Barcelone ? <a href=\"https:\/\/locabarcelona.egluu.com\/fr\/\">LOCA BARCELONA<\/a> est la r\u00e9f\u00e9rence en mati\u00e8re de colocation.<\/p><p>Pour pouvoir r\u00e9pondre au mieux \u00e0 vos attentes, nous disposons d&#8217;une <strong>large s\u00e9lection de biens<\/strong>. Gr\u00e2ce \u00e0 nos diff\u00e9rentes formules, vous avez la possibilit\u00e9 de louer votre <a href=\"https:\/\/locabarcelona.egluu.com\/fr\/property-status\/location-temporaire\/\">logement pour une courte dur\u00e9e<\/a> ou pour une <a href=\"https:\/\/locabarcelona.egluu.com\/fr\/property-status\/location-longue-duree\/\">location longue dur\u00e9e<\/a>. En tant que sp\u00e9cialistes de Barcelone, nous sommes l\u00e0 pour vous aider \u00e0 faire votre choix en fonction de vos diff\u00e9rents crit\u00e8res de s\u00e9lection. Profitez de notre exp\u00e9rience et d&#8217;un <strong>march\u00e9 immobilier barcelonais<\/strong> en pleine expansion, afin de <strong>trouver la colocation<\/strong> qui satisfera pleinement vos exigences.<\/p><h2>Quels sont les avantages de la location d\u2019une colocation \u00e0 Barcelone\u202f?<\/h2><p>La colocation Barcelone est une solution avantageuse que ce soit en termes de budget, de localisation ou d&#8217;\u00e9quipements :<br \/>Tout d&#8217;abord, opter pour cette formule vous permet de r\u00e9aliser de v\u00e9ritables \u00e9conomies.<br \/>Ensuite, la colocation permet de <strong>louer un appartement<\/strong> dans certains secteurs tr\u00e8s demand\u00e9s, comme l&#8217;hyper centre et le <a href=\"https:\/\/locabarcelona.egluu.com\/fr\/louer-propriete\/gothique\/\">quartier Gothique<\/a>, ce qui n&#8217;est pas toujours simple lorsque l&#8217;on se cantonne \u00e0 la location traditionnelle\u202f;<br \/>Enfin, la colocation permet d&#8217;acc\u00e9der \u00e0 des prestations d&#8217;un niveau sup\u00e9rieur, que ce soit au niveau du standing ou de la surface habitable du logement\u2026<\/p><p>Si vous souhaitez partager un appartement, vous pouvez opter pour une <a href=\"https:\/\/locabarcelona.egluu.com\/fr\/louer-propriete\/logement-etudiant-barcelone\/\">colocation \u00e9tudiante<\/a> \u00e0 Barcelone ou bien, il est possible de choisir une colocation \u00e0 Barcelone pour deux personnes ou plus. Ainsi, que vous veniez dans le cadre d\u2019un Eramus ou que vous soyez un jeune actif, vous trouverez toujours un appartement en colocation \u00e0 Barcelone.<\/p><p>Le partage d&#8217;appartement \u00e0 Barcelone repr\u00e9sente une solution particuli\u00e8rement int\u00e9ressante <a href=\"https:\/\/locabarcelona.egluu.com\/fr\/louer-propriete\/logement-etudiant-barcelone\/\">pour les \u00e9tudiants<\/a> ou les touristes, elle permet de s&#8217;implanter \u00e0 proximit\u00e9 imm\u00e9diate d&#8217;infrastructures, commodit\u00e9s et\/ou \u00e9quipements mis en place par la ville : vous avez ainsi la possibilit\u00e9 d&#8217;acc\u00e9der facilement aux universit\u00e9s\u202f; transports; lieux touristiques\u202f; restaurants\u202f; loisirs\u202f; services divers\u2026<\/p><h2>Comment trouver une colocation \u00e0 louer \u00e0 Barcelone ?<\/h2><p>Pour <strong>louer un appartement en colocation \u00e0 Barcelone<\/strong>, il est important de se poser les bonnes questions : avant m\u00eame d&#8217;entamer vos recherches, il va vous falloir d\u00e9terminer votre budget de mani\u00e8re assez pr\u00e9cise. Quelles que soient les raisons de votre <strong>s\u00e9jour \u00e0 Barcelone<\/strong>, que vous soyez en qu\u00eate d&#8217;un pied \u00e0 terre pour quelques jours ou que vous recherchiez \u00e0 vous loger sur une plus longue p\u00e9riode, savoir budg\u00e9tiser est indispensable.<\/p><p>Faites appel \u00e0 nos services pour trouver une location colocation Barcelone au mois, ou pour profiter simplement d&#8217;une petite escapade le temps d&#8217;un week-end. Barcelone fait partie des villes m\u00e9diterran\u00e9ennes o\u00f9 le soleil est au rendez-vous une grande partie de l&#8217;ann\u00e9e.<\/p><p>La douceur de son climat et les nombreuses possibilit\u00e9s de sorties sont particuli\u00e8rement appr\u00e9ci\u00e9es des visiteurs. En outre, ses tarifs sont nettement plus attractifs que ceux pratiqu\u00e9s dans la plupart des autres grandes m\u00e9tropoles europ\u00e9ennes.<\/p><p>Afin de pr\u00e9parer au mieux votre colocation \u00e0 Barcelone, il est \u00e9galement important de d\u00e9finir le ou les secteur(s) de la ville qui vous int\u00e9resse(nt) le plus. Avec LOCA BARCELONA, vous avez acc\u00e8s \u00e0 une large offre de biens r\u00e9guli\u00e8rement actualis\u00e9e. Nous mettons \u00e0 votre disposition des colocations situ\u00e9es dans <strong>les meilleurs quartiers de Barcelone<\/strong>.<\/p><p>Location <a href=\"https:\/\/locabarcelona.egluu.com\/fr\/caracteristiques\/caracteristiques-fr\/meuble\/\">colocation meubl\u00e9<\/a> Barcelone : les biens propos\u00e9s \u00e0 la locations sont meubl\u00e9s et tout \u00e9quip\u00e9s. Vous b\u00e9n\u00e9ficiez d&#8217;installations vous garantissant un maximum de confort. La connexion Wi-Fi fait partie des prestations qui vous sont fournies sur place. Enfin, pour ceux qui le d\u00e9sirent, il existe diverses options premium \u00e0 la demande (terrasses\u2026), n&#8217;h\u00e9sitez pas \u00e0 en profiter pour b\u00e9n\u00e9ficier d&#8217;une installation vraiment adapt\u00e9e \u00e0 vos besoins.<\/p><h2>Vous voulez louer votre propri\u00e9t\u00e9 ?<\/h2><p>En tant que propri\u00e9taire d&#8217;un bien situ\u00e9 sur Barcelone, vous souhaitez mettre ce dernier en location, mais les d\u00e9marches vous semblent trop compliqu\u00e9es ? Sachez que LOCA BARCELONA est le partenaire id\u00e9al pour vous. Afin de vous faciliter la vie, nous mettons \u00e0 votre disposition nos comp\u00e9tences et notre savoir-faire en mati\u00e8re de <strong>gestion locative<\/strong>.<\/p>\t\t\t\t\t\t<\/div>\n\t\t\t\t<\/div>\n\t\t\t\t<div class=\"elementor-element elementor-element-71ac28d elementor-widget elementor-widget-spacer\" data-id=\"71ac28d\" data-element_type=\"widget\" data-widget_type=\"spacer.default\">\n\t\t\t\t<div class=\"elementor-widget-container\">\n\t\t\t\t\t<div class=\"elementor-spacer\">\n\t\t\t<div class=\"elementor-spacer-inner\"><\/div>\n\t\t<\/div>\n\t\t\t\t<\/div>\n\t\t\t\t<\/div>\n\t\t\t\t<div class=\"elementor-element elementor-element-5383681 elementor-widget elementor-widget-heading\" data-id=\"5383681\" data-element_type=\"widget\" data-widget_type=\"heading.default\">\n\t\t\t\t<div class=\"elementor-widget-container\">\n\t\t\t<h2 class=\"elementor-heading-title elementor-size-default\">Appartements \u00e0 louer par quartier<\/h2>\t\t<\/div>\n\t\t\t\t<\/div>\n\t\t\t\t\t<\/div>\n\t\t<\/div>\n\t\t\t\t\t<\/div>\n\t\t<\/section>\n\t\t\t\t<section class=\"elementor-section elementor-top-section elementor-element elementor-element-44a0af66 elementor-section-boxed elementor-section-height-default elementor-section-height-default\" data-id=\"44a0af66\" data-element_type=\"section\">\n\t\t\t\t\t\t<div class=\"elementor-container elementor-column-gap-default\">\n\t\t\t\t\t<div class=\"elementor-column elementor-col-50 elementor-top-column elementor-element elementor-element-679b172\" data-id=\"679b172\" data-element_type=\"column\">\n\t\t\t<div class=\"elementor-widget-wrap elementor-element-populated\">\n\t\t\t\t\t\t<div class=\"elementor-element elementor-element-139d0df1 elementor-widget elementor-widget-global elementor-global-444630 elementor-widget-text-editor\" data-id=\"139d0df1\" data-element_type=\"widget\" data-widget_type=\"text-editor.default\">\n\t\t\t\t<div class=\"elementor-widget-container\">\n\t\t\t\t\t\t\t<p><a href=\"https:\/\/locabarcelona.egluu.com\/fr\/louer-propriete\/el-eixample\/\">Appartements \u00e0 louer Eixample<\/a><br \/><a href=\"https:\/\/locabarcelona.egluu.com\/fr\/louer-propriete\/eixample-dreta\/\">Appartements \u00e0 louer Eixample Dreta<\/a><br \/><span data-sheets-value=\"{\"><a href=\"https:\/\/locabarcelona.egluu.com\/fr\/louer-propriete\/antiga-esquerra-eixample\/\">Appartements \u00e0 louer Antiga Esquerra de l&#8217;Eixample<\/a><br \/><a href=\"https:\/\/locabarcelona.egluu.com\/fr\/louer-propriete\/nova-esquerra-eixample\/\">Appartements \u00e0 louer Nova Esquerra de l&#8217;Eixample<\/a><br \/><a href=\"https:\/\/locabarcelona.egluu.com\/fr\/louer-propriete\/fort-pienc\/\">Appartements \u00e0 louer Fort Pienc<\/a><br \/><a href=\"https:\/\/locabarcelona.egluu.com\/fr\/louer-propriete\/eixample\/sagrada-familia\/\">Appartements \u00e0 louer Sagrada Familia<\/a><br \/><a href=\"https:\/\/locabarcelona.egluu.com\/fr\/louer-propriete\/eixample\/sant-antoni\/\">Appartements \u00e0 louer Sant antoni<\/a><br \/><a href=\"https:\/\/locabarcelona.egluu.com\/fr\/louer-propriete\/ciutat-vella\/\">Appartements \u00e0 louer Ciutat Vella<\/a><br \/><a href=\"https:\/\/locabarcelona.egluu.com\/fr\/louer-propriete\/gothique\/\">Appartements \u00e0 louer el Gotico<\/a><br \/><a href=\"https:\/\/locabarcelona.egluu.com\/fr\/louer-propriete\/raval\/\">Appartements \u00e0 louer el Raval<\/a><br \/><a href=\"https:\/\/locabarcelona.egluu.com\/fr\/louer-propriete\/born\/\">Appartements \u00e0 louer el Born<\/a><br \/><a href=\"https:\/\/locabarcelona.egluu.com\/fr\/louer-propriete\/barceloneta\/\">Appartements \u00e0 louer Barceloneta<\/a><br \/><a href=\"https:\/\/locabarcelona.egluu.com\/fr\/louer-propriete\/sants-montjuic\/\">Appartements \u00e0 louer Sants-Montju\u00efc<\/a><br \/><a href=\"https:\/\/locabarcelona.egluu.com\/fr\/louer-propriete\/poble-sec\/\">Appartements \u00e0 louer Poble Sec<\/a><br \/><a href=\"https:\/\/locabarcelona.egluu.com\/fr\/louer-propriete\/sants\/\">Appartements \u00e0 louer Sants<\/a><br \/><a href=\"https:\/\/locabarcelona.egluu.com\/fr\/louer-propriete\/el-putxet-i-farro\/\">Appartements \u00e0 louer el Putxet i Farr\u00f3<\/a><br \/><a href=\"https:\/\/locabarcelona.egluu.com\/fr\/louer-propriete\/las-tres-torres\/\">Appartements \u00e0 louer Las Tres Torres<\/a><br \/><a href=\"https:\/\/locabarcelona.egluu.com\/fr\/louer-propriete\/hostafrancs\/\">Appartements \u00e0 louer Hostafrancs<\/a><br \/><a href=\"https:\/\/locabarcelona.egluu.com\/fr\/louer-propriete\/la-marina-del-prat-vermell\/\">Appartements \u00e0 louer La marina del prat Vermell<\/a><br \/><a href=\"https:\/\/locabarcelona.egluu.com\/fr\/louer-propriete\/la-marina-de-port\/\">Appartements \u00e0 louer La marina de Port<\/a><br \/><a href=\"https:\/\/locabarcelona.egluu.com\/fr\/louer-propriete\/lafont-de-la-guatlla\/\">Appartements \u00e0 louer Lafont de la Guatlla<\/a><\/span><\/p>\t\t\t\t\t\t<\/div>\n\t\t\t\t<\/div>\n\t\t\t\t\t<\/div>\n\t\t<\/div>\n\t\t\t\t<div class=\"elementor-column elementor-col-50 elementor-top-column elementor-element elementor-element-349e65a6\" data-id=\"349e65a6\" data-element_type=\"column\">\n\t\t\t<div class=\"elementor-widget-wrap elementor-element-populated\">\n\t\t\t\t\t\t<div class=\"elementor-element elementor-element-64837239 elementor-widget elementor-widget-global elementor-global-444621 elementor-widget-text-editor\" data-id=\"64837239\" data-element_type=\"widget\" data-widget_type=\"text-editor.default\">\n\t\t\t\t<div class=\"elementor-widget-container\">\n\t\t\t\t\t\t\t<p><a href=\"https:\/\/locabarcelona.egluu.com\/fr\/louer-propriete\/les-corts\" data-wplink-edit=\"true\">Appartements \u00e0 louer les Corts<\/a><a href=\"https:\/\/locabarcelona.egluu.com\/fr\/louer-propriete\/sarria-sant-gervasi\/\"><br \/><\/a><a href=\"https:\/\/locabarcelona.egluu.com\/fr\/louer-propriete\/pedralbes\/\">Appartements \u00e0 louer Pedralbes<br \/><\/a><a href=\"https:\/\/locabarcelona.egluu.com\/fr\/louer-propriete\/sarria-sant-gervasi\/\">Appartements \u00e0 louer Sarria Sant Gervasi<\/a><a href=\"https:\/\/locabarcelona.egluu.com\/fr\/louer-propriete\/pedralbes\/\"><br \/><\/a><a href=\"https:\/\/locabarcelona.egluu.com\/fr\/louer-propriete\/sarria\/\">Appartements \u00e0 louer Sarria<\/a><a href=\"https:\/\/locabarcelona.egluu.com\/fr\/louer-propriete\/pedralbes\/\"><br \/><\/a><a href=\"https:\/\/locabarcelona.egluu.com\/fr\/louer-propriete\/gracia\/\">Appartements \u00e0 louer Gracia<\/a><a href=\"https:\/\/locabarcelona.egluu.com\/fr\/louer-propriete\/pedralbes\/\"><br \/><\/a><a href=\"https:\/\/locabarcelona.egluu.com\/fr\/louer-propriete\/vila-de-gracia\/\">Appartements \u00e0 louer Vila de Gr\u00e0cia<\/a><a href=\"https:\/\/locabarcelona.egluu.com\/fr\/louer-propriete\/pedralbes\/\"><br \/><\/a><a href=\"https:\/\/locabarcelona.egluu.com\/fr\/louer-propriete\/horta-guinardo\/\">Appartements \u00e0 louer Horta Guinardo<\/a><a href=\"https:\/\/locabarcelona.egluu.com\/fr\/louer-propriete\/pedralbes\/\"><br \/><\/a><a href=\"https:\/\/locabarcelona.egluu.com\/fr\/louer-propriete\/nou-barris\/\">Appartements \u00e0 louer Nou Barris<\/a><a href=\"https:\/\/locabarcelona.egluu.com\/fr\/louer-propriete\/pedralbes\/\"><br \/><\/a><a href=\"https:\/\/locabarcelona.egluu.com\/fr\/louer-propriete\/sant-andreu\/\">Appartements \u00e0 louer Sant Andreu<\/a><a href=\"https:\/\/locabarcelona.egluu.com\/fr\/louer-propriete\/pedralbes\/\"><br \/><\/a><a href=\"https:\/\/locabarcelona.egluu.com\/fr\/louer-propriete\/sant-marti\/\">Appartements \u00e0 louer Sant Marti<\/a><a href=\"https:\/\/locabarcelona.egluu.com\/fr\/louer-propriete\/pedralbes\/\"><br \/><\/a><a href=\"https:\/\/locabarcelona.egluu.com\/fr\/louer-propriete\/el-clot\/\">Appartements \u00e0 louer el Clot<\/a><a href=\"https:\/\/locabarcelona.egluu.com\/fr\/louer-propriete\/pedralbes\/\"><br \/><\/a><a href=\"https:\/\/locabarcelona.egluu.com\/fr\/louer-propriete\/vila-olimpica-del-poblenou\/\">Appartements \u00e0 louer vila olimpica del Poblenou<\/a><a href=\"https:\/\/locabarcelona.egluu.com\/fr\/louer-propriete\/pedralbes\/\"><br \/><\/a><a href=\"https:\/\/locabarcelona.egluu.com\/fr\/louer-propriete\/poblenou\/\">Appartements \u00e0 louer Poblenou<\/a><a href=\"https:\/\/locabarcelona.egluu.com\/fr\/louer-propriete\/pedralbes\/\"><br \/><\/a><a href=\"https:\/\/locabarcelona.egluu.com\/fr\/louer-propriete\/sant-gervasi-la-bonanova\/\">Appartements \u00e0 louer Sant gervasi &#8211; la bonanova<\/a><a href=\"https:\/\/locabarcelona.egluu.com\/fr\/louer-propriete\/pedralbes\/\"><br \/><\/a><a href=\"https:\/\/locabarcelona.egluu.com\/fr\/louer-propriete\/sant-gervasi-galvany\/\">Appartements \u00e0 louer Sant Gervasi Galvany<\/a><a href=\"https:\/\/locabarcelona.egluu.com\/fr\/louer-propriete\/pedralbes\/\"><br \/><\/a><a href=\"https:\/\/locabarcelona.egluu.com\/fr\/louer-propriete\/provencals-del-poblenou\/\">Appartements \u00e0 louer Proven\u00e7als del Poblenou<\/a><a href=\"https:\/\/locabarcelona.egluu.com\/fr\/louer-propriete\/pedralbes\/\"><br \/><\/a><a href=\"https:\/\/locabarcelona.egluu.com\/fr\/louer-propriete\/camp-d-en-grassot-gracia-nova\/\">Appartements \u00e0 louer Camp d&#8217;en Grassot i Gr\u00e0cia\u00a0<\/a><a href=\"https:\/\/locabarcelona.egluu.com\/fr\/louer-propriete\/pedralbes\/\"><br \/><\/a><a href=\"https:\/\/locabarcelona.egluu.com\/fr\/louer-propriete\/sants-badal\/\">Appartements \u00e0 louer Sants-Badal<\/a><a href=\"https:\/\/locabarcelona.egluu.com\/fr\/louer-propriete\/pedralbes\/\"><br \/><\/a><a href=\"https:\/\/locabarcelona.egluu.com\/fr\/louer-propriete\/el-parc-i-la-llacuna-del-poblenou\/\">Appartements \u00e0 louer el Parc i la Llacuna del Poblenou<\/a><a href=\"https:\/\/locabarcelona.egluu.com\/fr\/louer-propriete\/pedralbes\/\"><br \/><\/a><a href=\"https:\/\/locabarcelona.egluu.com\/fr\/louer-propriete\/zona-franca\/\">Appartements \u00e0 louer Zona Franca<\/a><br \/><a href=\"https:\/\/locabarcelona.egluu.com\/fr\/louer-propriete\/la-bordeta\/\">Appartements \u00e0 louer La Bordeta<\/a><\/p>\t\t\t\t\t\t<\/div>\n\t\t\t\t<\/div>\n\t\t\t\t\t<\/div>\n\t\t<\/div>\n\t\t\t\t\t<\/div>\n\t\t<\/section>\n\t\t\t\t<\/div>\n\t\t","protected":false},"excerpt":{"rendered":"<p>Vous \u00eates \u00e0 la recherche d&#8217;un logement sur Barcelone ? LOCA BARCELONA est la r\u00e9f\u00e9rence en mati\u00e8re de colocation. Pour pouvoir r\u00e9pondre au mieux \u00e0 vos attentes, nous disposons d&#8217;une large s\u00e9lection de biens. Gr\u00e2ce \u00e0 nos diff\u00e9rentes formules, vous avez la possibilit\u00e9 de louer votre logement pour une courte dur\u00e9e ou pour une location&#8230;<\/p>\n","protected":false},"author":344,"featured_media":0,"parent":438279,"menu_order":0,"comment_status":"closed","ping_status":"closed","template":"templates\/list-layout.php","meta":{"inline_featured_image":false,"footnotes":""},"yoast_head":"<!-- This site is optimized with the Yoast SEO Premium plugin v22.6 (Yoast SEO v22.6) - https:\/\/yoast.com\/wordpress\/plugins\/seo\/ -->\n<title>Colocation Barcelone &amp; Colocation Barcelone \u00e9tudiante | Locabarcelona<\/title>\n<meta name=\"description\" content=\"Trouvez d\u00e8s maintenant votre appartement en colocation \u00e0 Barcelone\u2705Etudiants ou jeunes actifs trouvez un appartement \u00e0 partager \u00e0 Barcelone !\" \/>\n<meta name=\"robots\" content=\"noindex, follow, max-snippet:-1, max-image-preview:large, max-video-preview:-1\" \/>\n<meta property=\"og:locale\" content=\"fr_FR\" \/>\n<meta property=\"og:type\" content=\"article\" \/>\n<meta property=\"og:title\" content=\"Colocation Barcelone &amp; Colocation Barcelone \u00e9tudiante | Locabarcelona\" \/>\n<meta property=\"og:description\" content=\"Trouvez d\u00e8s maintenant votre appartement en colocation \u00e0 Barcelone\u2705Etudiants ou jeunes actifs trouvez un appartement \u00e0 partager \u00e0 Barcelone !\" \/>\n<meta property=\"og:url\" content=\"https:\/\/locabarcelona.egluu.com\/fr\/louer-propriete\/colocation-barcelone\/\" \/>\n<meta property=\"og:site_name\" content=\"Locabarcelona\" \/>\n<meta property=\"article:modified_time\" content=\"2024-06-10T16:19:13+00:00\" \/>\n<meta name=\"twitter:card\" content=\"summary_large_image\" \/>\n<meta name=\"twitter:label1\" content=\"Est. reading time\" \/>\n\t<meta name=\"twitter:data1\" content=\"5 minutes\" \/>\n<script type=\"application\/ld+json\" class=\"yoast-schema-graph\">{\"@context\":\"https:\/\/schema.org\",\"@graph\":[{\"@type\":\"WebPage\",\"@id\":\"https:\/\/locabarcelona.egluu.com\/fr\/louer-propriete\/colocation-barcelone\/\",\"url\":\"https:\/\/locabarcelona.egluu.com\/fr\/louer-propriete\/colocation-barcelone\/\",\"name\":\"Colocation Barcelone & Colocation Barcelone \u00e9tudiante | Locabarcelona\",\"isPartOf\":{\"@id\":\"https:\/\/locabarcelona.egluu.com\/fr\/#website\"},\"datePublished\":\"2022-10-19T15:43:02+00:00\",\"dateModified\":\"2024-06-10T16:19:13+00:00\",\"description\":\"Trouvez d\u00e8s maintenant votre appartement en colocation \u00e0 Barcelone\u2705Etudiants ou jeunes actifs trouvez un appartement \u00e0 partager \u00e0 Barcelone !\",\"breadcrumb\":{\"@id\":\"https:\/\/locabarcelona.egluu.com\/fr\/louer-propriete\/colocation-barcelone\/#breadcrumb\"},\"inLanguage\":\"fr-FR\",\"potentialAction\":[{\"@type\":\"ReadAction\",\"target\":[\"https:\/\/locabarcelona.egluu.com\/fr\/louer-propriete\/colocation-barcelone\/\"]}]},{\"@type\":\"BreadcrumbList\",\"@id\":\"https:\/\/locabarcelona.egluu.com\/fr\/louer-propriete\/colocation-barcelone\/#breadcrumb\",\"itemListElement\":[{\"@type\":\"ListItem\",\"position\":1,\"name\":\"Inicio\",\"item\":\"https:\/\/www.locabarcelona.com\/fr\/home\/\"},{\"@type\":\"ListItem\",\"position\":2,\"name\":\"Agence de location \u00e0 Barcelone\",\"item\":\"https:\/\/www.locabarcelona.com\/fr\/louer-propriete\/\"},{\"@type\":\"ListItem\",\"position\":3,\"name\":\"Colocation Barcelone\"}]},{\"@type\":\"WebSite\",\"@id\":\"https:\/\/locabarcelona.egluu.com\/fr\/#website\",\"url\":\"https:\/\/locabarcelona.egluu.com\/fr\/\",\"name\":\"Loca Barcelona\",\"description\":\"Real Estate Services\",\"publisher\":{\"@id\":\"https:\/\/locabarcelona.egluu.com\/fr\/#organization\"},\"potentialAction\":[{\"@type\":\"SearchAction\",\"target\":{\"@type\":\"EntryPoint\",\"urlTemplate\":\"https:\/\/locabarcelona.egluu.com\/fr\/?s={search_term_string}\"},\"query-input\":\"required name=search_term_string\"}],\"inLanguage\":\"fr-FR\"},{\"@type\":\"Organization\",\"@id\":\"https:\/\/locabarcelona.egluu.com\/fr\/#organization\",\"name\":\"Loca Barcelona\",\"url\":\"https:\/\/locabarcelona.egluu.com\/fr\/\",\"logo\":{\"@type\":\"ImageObject\",\"inLanguage\":\"fr-FR\",\"@id\":\"https:\/\/locabarcelona.egluu.com\/fr\/#\/schema\/logo\/image\/\",\"url\":\"https:\/\/locabarcelona.egluu.com\/wp-content\/uploads\/2021\/10\/logo_locabarcelona_small.png\",\"contentUrl\":\"https:\/\/locabarcelona.egluu.com\/wp-content\/uploads\/2021\/10\/logo_locabarcelona_small.png\",\"width\":250,\"height\":149,\"caption\":\"Loca Barcelona\"},\"image\":{\"@id\":\"https:\/\/locabarcelona.egluu.com\/fr\/#\/schema\/logo\/image\/\"}}]}<\/script>\n<!-- \/ Yoast SEO Premium plugin. -->","yoast_head_json":{"title":"Colocation Barcelone & Colocation Barcelone \u00e9tudiante | Locabarcelona","description":"Trouvez d\u00e8s maintenant votre appartement en colocation \u00e0 Barcelone\u2705Etudiants ou jeunes actifs trouvez un appartement \u00e0 partager \u00e0 Barcelone !","robots":{"index":"noindex","follow":"follow","max-snippet":"max-snippet:-1","max-image-preview":"max-image-preview:large","max-video-preview":"max-video-preview:-1"},"og_locale":"fr_FR","og_type":"article","og_title":"Colocation Barcelone & Colocation Barcelone \u00e9tudiante | Locabarcelona","og_description":"Trouvez d\u00e8s maintenant votre appartement en colocation \u00e0 Barcelone\u2705Etudiants ou jeunes actifs trouvez un appartement \u00e0 partager \u00e0 Barcelone !","og_url":"https:\/\/locabarcelona.egluu.com\/fr\/louer-propriete\/colocation-barcelone\/","og_site_name":"Locabarcelona","article_modified_time":"2024-06-10T16:19:13+00:00","twitter_card":"summary_large_image","twitter_misc":{"Est. reading time":"5 minutes"},"schema":{"@context":"https:\/\/schema.org","@graph":[{"@type":"WebPage","@id":"https:\/\/locabarcelona.egluu.com\/fr\/louer-propriete\/colocation-barcelone\/","url":"https:\/\/locabarcelona.egluu.com\/fr\/louer-propriete\/colocation-barcelone\/","name":"Colocation Barcelone & Colocation Barcelone \u00e9tudiante | Locabarcelona","isPartOf":{"@id":"https:\/\/locabarcelona.egluu.com\/fr\/#website"},"datePublished":"2022-10-19T15:43:02+00:00","dateModified":"2024-06-10T16:19:13+00:00","description":"Trouvez d\u00e8s maintenant votre appartement en colocation \u00e0 Barcelone\u2705Etudiants ou jeunes actifs trouvez un appartement \u00e0 partager \u00e0 Barcelone !","breadcrumb":{"@id":"https:\/\/locabarcelona.egluu.com\/fr\/louer-propriete\/colocation-barcelone\/#breadcrumb"},"inLanguage":"fr-FR","potentialAction":[{"@type":"ReadAction","target":["https:\/\/locabarcelona.egluu.com\/fr\/louer-propriete\/colocation-barcelone\/"]}]},{"@type":"BreadcrumbList","@id":"https:\/\/locabarcelona.egluu.com\/fr\/louer-propriete\/colocation-barcelone\/#breadcrumb","itemListElement":[{"@type":"ListItem","position":1,"name":"Inicio","item":"https:\/\/www.locabarcelona.com\/fr\/home\/"},{"@type":"ListItem","position":2,"name":"Agence de location \u00e0 Barcelone","item":"https:\/\/www.locabarcelona.com\/fr\/louer-propriete\/"},{"@type":"ListItem","position":3,"name":"Colocation Barcelone"}]},{"@type":"WebSite","@id":"https:\/\/locabarcelona.egluu.com\/fr\/#website","url":"https:\/\/locabarcelona.egluu.com\/fr\/","name":"Loca Barcelona","description":"Real Estate Services","publisher":{"@id":"https:\/\/locabarcelona.egluu.com\/fr\/#organization"},"potentialAction":[{"@type":"SearchAction","target":{"@type":"EntryPoint","urlTemplate":"https:\/\/locabarcelona.egluu.com\/fr\/?s={search_term_string}"},"query-input":"required name=search_term_string"}],"inLanguage":"fr-FR"},{"@type":"Organization","@id":"https:\/\/locabarcelona.egluu.com\/fr\/#organization","name":"Loca Barcelona","url":"https:\/\/locabarcelona.egluu.com\/fr\/","logo":{"@type":"ImageObject","inLanguage":"fr-FR","@id":"https:\/\/locabarcelona.egluu.com\/fr\/#\/schema\/logo\/image\/","url":"https:\/\/locabarcelona.egluu.com\/wp-content\/uploads\/2021\/10\/logo_locabarcelona_small.png","contentUrl":"https:\/\/locabarcelona.egluu.com\/wp-content\/uploads\/2021\/10\/logo_locabarcelona_small.png","width":250,"height":149,"caption":"Loca Barcelona"},"image":{"@id":"https:\/\/locabarcelona.egluu.com\/fr\/#\/schema\/logo\/image\/"}}]}},"_links":{"self":[{"href":"https:\/\/locabarcelona.egluu.com\/fr\/wp-json\/wp\/v2\/pages\/464795"}],"collection":[{"href":"https:\/\/locabarcelona.egluu.com\/fr\/wp-json\/wp\/v2\/pages"}],"about":[{"href":"https:\/\/locabarcelona.egluu.com\/fr\/wp-json\/wp\/v2\/types\/page"}],"author":[{"embeddable":true,"href":"https:\/\/locabarcelona.egluu.com\/fr\/wp-json\/wp\/v2\/users\/344"}],"replies":[{"embeddable":true,"href":"https:\/\/locabarcelona.egluu.com\/fr\/wp-json\/wp\/v2\/comments?post=464795"}],"version-history":[{"count":3,"href":"https:\/\/locabarcelona.egluu.com\/fr\/wp-json\/wp\/v2\/pages\/464795\/revisions"}],"predecessor-version":[{"id":530588,"href":"https:\/\/locabarcelona.egluu.com\/fr\/wp-json\/wp\/v2\/pages\/464795\/revisions\/530588"}],"up":[{"embeddable":true,"href":"https:\/\/locabarcelona.egluu.com\/fr\/wp-json\/wp\/v2\/pages\/438279"}],"wp:attachment":[{"href":"https:\/\/locabarcelona.egluu.com\/fr\/wp-json\/wp\/v2\/media?parent=464795"}],"curies":[{"name":"wp","href":"https:\/\/api.w.org\/{rel}","templated":true}]}}