{"id":464853,"date":"2022-10-20T09:59:02","date_gmt":"2022-10-20T07:59:02","guid":{"rendered":"https:\/\/locabarcelona.egluu.com\/?page_id=464853"},"modified":"2022-10-20T10:25:43","modified_gmt":"2022-10-20T08:25:43","slug":"studio-barcelone","status":"publish","type":"page","link":"https:\/\/locabarcelona.egluu.com\/fr\/louer-propriete\/studio-barcelone\/","title":{"rendered":"Studio Barcelone"},"content":{"rendered":"\t\t<div data-elementor-type=\"wp-page\" data-elementor-id=\"464853\" class=\"elementor elementor-464853\" data-elementor-post-type=\"page\">\n\t\t\t\t\t\t<section class=\"elementor-section elementor-top-section elementor-element elementor-element-5eb09a9d elementor-section-boxed elementor-section-height-default elementor-section-height-default\" data-id=\"5eb09a9d\" data-element_type=\"section\">\n\t\t\t\t\t\t<div class=\"elementor-container elementor-column-gap-default\">\n\t\t\t\t\t<div class=\"elementor-column elementor-col-100 elementor-top-column elementor-element elementor-element-52585c4c\" data-id=\"52585c4c\" data-element_type=\"column\">\n\t\t\t<div class=\"elementor-widget-wrap elementor-element-populated\">\n\t\t\t\t\t\t<div class=\"elementor-element elementor-element-530427d4 elementor-widget elementor-widget-text-editor\" data-id=\"530427d4\" data-element_type=\"widget\" data-widget_type=\"text-editor.default\">\n\t\t\t\t<div class=\"elementor-widget-container\">\n\t\t\t\t\t\t\t<p><span style=\"font-weight: 400;\">LOCA BARCELONA est la r\u00e9f\u00e9rence pour la <\/span><b>location de studio \u00e0 Barcelone<\/b><span style=\"font-weight: 400;\">. Nous vous pr\u00e9sentons des studios adapt\u00e9s aux couples, aux travailleurs en d\u00e9placement ou aux \u00e9tudiants (en stage ou voyageant dans le cadre des \u00e9changes Erasmus). Ces h\u00e9bergements de qualit\u00e9, v\u00e9rifi\u00e9s par nos agents, sont \u00e0 louer au mois ou pour une dur\u00e9e de 3 \u00e0 11 mois. Vous profitez de nos contrats flexibles, 100 % ajustables \u00e0 vos besoins.<\/span><\/p><p><span style=\"font-weight: 400;\">D\u00e9couvrez un large \u00e9ventail d&#8217;offres au c\u0153ur de Barcelone, pr\u00e8s de la Sagrada Familia et dans les diff\u00e9rents quartiers : le <a href=\"https:\/\/locabarcelona.egluu.com\/fr\/louer-propriete\/gothique\/\">quartier gothique<\/a>, <a href=\"https:\/\/locabarcelona.egluu.com\/fr\/louer-propriete\/sants\/\">Sants<\/a>, la <a href=\"https:\/\/locabarcelona.egluu.com\/fr\/louer-propriete\/barceloneta\/\">Barceloneta<\/a>, <a href=\"https:\/\/locabarcelona.egluu.com\/fr\/louer-propriete\/born\/\">El Born<\/a>, etc.\u00a0<\/span><\/p><p>\u00a0<\/p><h2><b>Quels sont les avantages de la location d\u2019un studio \u00e0 Barcelone ?<\/b><\/h2><p>\u00a0<\/p><p><span style=\"font-weight: 400;\">Barcelone est une m\u00e9tropole cosmopolite r\u00e9put\u00e9e pour son patrimoine architectural et sa culture artistique. S&#8217;y d\u00e9veloppent de nombreuses entreprises et centres d&#8217;affaires accueillant des travailleurs expatri\u00e9s et des universit\u00e9s internationales renomm\u00e9es dans le monde entier. L&#8217;affluence touristique est constante tout au long de l&#8217;ann\u00e9e puisque le climat de type m\u00e9diterran\u00e9en reste agr\u00e9able quelle que soit la saison.<\/span><\/p><p><span style=\"font-weight: 400;\">Les avantages de la <\/span><b>location d&#8217;un studio \u00e0 Barcelone<\/b><span style=\"font-weight: 400;\"> sont donc \u00e9vidents :\u00a0<\/span><\/p><ul><li style=\"font-weight: 400;\" aria-level=\"1\"><span style=\"font-weight: 400;\">nombreux sont ceux bien situ\u00e9s en centre-ville qui permettent de se loger \u00e0 moindres co\u00fbts, si l&#8217;on compare \u00e0 d\u2019autres villes d\u2019Europe telles que Paris ou Londres ;<\/span><\/li><li style=\"font-weight: 400;\" aria-level=\"1\"><span style=\"font-weight: 400;\">les <\/span><b>studios \u00e0 Barcelone<\/b><span style=\"font-weight: 400;\"> sont des logements id\u00e9aux pour les \u00e9tudiants ou les actifs, comme pour les touristes de passage : chacun y trouve son compte avec des locations \u00e0 long-terme ou \u00e0 court-terme : il est par exemple possible de souscrire une <\/span><b>location de studio \u00e0 Barcelone au mois<\/b><span style=\"font-weight: 400;\"> ;<\/span><\/li><li style=\"font-weight: 400;\" aria-level=\"1\"><span style=\"font-weight: 400;\">les <a href=\"https:\/\/locabarcelona.egluu.com\/fr\/caracteristiques\/caracteristiques-fr\/meuble\/\">studios sont meubl\u00e9s<\/a> et parfaitement \u00e9quip\u00e9s pour y vivre confortablement.<\/span><\/li><\/ul><p><br \/><br \/><\/p><h2><b>Comment trouver un studio \u00e0 louer \u00e0 Barcelone ?<\/b><\/h2><p>\u00a0<\/p><p><span style=\"font-weight: 400;\">La d\u00e9marche \u00e0 adopter pour trouver un <\/span><b>studio \u00e0 Barcelone en location<\/b><span style=\"font-weight: 400;\"> est relativement simple.<\/span><\/p><p><span style=\"font-weight: 400;\">Votre recherche commence en ciblant 2 crit\u00e8res principaux : le budget et le type de <\/span><b>location de studio \u00e0 Barcelone<\/b><span style=\"font-weight: 400;\">. Vous pouvez en outre opter pour un style loft, une d\u00e9coration classique, typique ou contemporaine et lister les prestations que vous souhaitez.\u00a0<\/span><\/p><p><span style=\"font-weight: 400;\">En vous rapprochant d&#8217;une agence immobili\u00e8re bien implant\u00e9e dans cette r\u00e9gion comme LOCA BARCELONA pour d\u00e9nicher le <\/span><b>studio en location \u00e0 Barcelone<\/b><span style=\"font-weight: 400;\"> le mieux adapt\u00e9 \u00e0 vos besoins, vous obtenez une vue d&#8217;ensemble du march\u00e9 \u00e0 l&#8217;instant T. L&#8217;agent prend en compte chacune de vos attentes et de vos exigences pour vous proposer le bien parfait. Sa mission est de regrouper les studios qui pourraient vous convenir dans la zone ou le secteur d\u00e9sir\u00e9 avant de vous les faire visiter.<\/span><\/p><p><span style=\"font-weight: 400;\">Une fois votre <\/span><b>location de studio meubl\u00e9 \u00e0 Barcelone<\/b><span style=\"font-weight: 400;\"> valid\u00e9e, notre agent reste \u00e0 vos c\u00f4t\u00e9s pour vous guider \u00e0 chaque \u00e9tape : il vous aide \u00e0 remplir les formalit\u00e9s et vous conseille en se basant sur son exp\u00e9rience.\u00a0<\/span><\/p><p><span style=\"font-weight: 400;\">Si LOCA BARCELONA est la r\u00e9f\u00e9rence pour la <\/span><a href=\"https:\/\/locabarcelona.egluu.com\/fr\/louer-propriete\/logement-etudiant-barcelone\/\"><b>location de studio \u00e0 Barcelone pour \u00e9tudiant<\/b><\/a><span style=\"font-weight: 400;\">, travailleurs et touristes, c&#8217;est d&#8217;abord parce que notre agence dispose d&#8217;une large offre actualis\u00e9e de studios situ\u00e9s dans les meilleurs quartiers de Barcelone. Ces studios proches des transports en commun et commodit\u00e9s sont tous \u00e9quip\u00e9s, avec wifi. Selon votre demande, des options premium peuvent vous \u00eatre propos\u00e9es. Certains biens immobiliers donnent m\u00eame acc\u00e8s \u00e0 une terrasse ou un balcon.<\/span><\/p><p><span style=\"font-weight: 400;\">Vous recherchez une <\/span><b>location de studio \u00e0 Barcelone pour 2 personnes<\/b><span style=\"font-weight: 400;\"> ? LOCA BARCELONA d\u00e9finit avec vous la superficie adapt\u00e9e.<\/span><\/p><p>\u00a0<\/p><p><span style=\"font-weight: 400;\">S\u00e9curisez votre location de studio \u00e0 Barcelone en passant par une agence immobili\u00e8re implant\u00e9e depuis de nombreuses ann\u00e9es en Espagne !<\/span><\/p><p>\u00a0<\/p>\t\t\t\t\t\t<\/div>\n\t\t\t\t<\/div>\n\t\t\t\t<div class=\"elementor-element elementor-element-71ac28d elementor-widget elementor-widget-spacer\" data-id=\"71ac28d\" data-element_type=\"widget\" data-widget_type=\"spacer.default\">\n\t\t\t\t<div class=\"elementor-widget-container\">\n\t\t\t\t\t<div class=\"elementor-spacer\">\n\t\t\t<div class=\"elementor-spacer-inner\"><\/div>\n\t\t<\/div>\n\t\t\t\t<\/div>\n\t\t\t\t<\/div>\n\t\t\t\t<div class=\"elementor-element elementor-element-5383681 elementor-widget elementor-widget-heading\" data-id=\"5383681\" data-element_type=\"widget\" data-widget_type=\"heading.default\">\n\t\t\t\t<div class=\"elementor-widget-container\">\n\t\t\t<h2 class=\"elementor-heading-title elementor-size-default\">Appartements \u00e0 louer par quartier<\/h2>\t\t<\/div>\n\t\t\t\t<\/div>\n\t\t\t\t\t<\/div>\n\t\t<\/div>\n\t\t\t\t\t<\/div>\n\t\t<\/section>\n\t\t\t\t<section class=\"elementor-section elementor-top-section elementor-element elementor-element-44a0af66 elementor-section-boxed elementor-section-height-default elementor-section-height-default\" data-id=\"44a0af66\" data-element_type=\"section\">\n\t\t\t\t\t\t<div class=\"elementor-container elementor-column-gap-default\">\n\t\t\t\t\t<div class=\"elementor-column elementor-col-50 elementor-top-column elementor-element elementor-element-679b172\" data-id=\"679b172\" data-element_type=\"column\">\n\t\t\t<div class=\"elementor-widget-wrap elementor-element-populated\">\n\t\t\t\t\t\t<div class=\"elementor-element elementor-element-139d0df1 elementor-widget elementor-widget-global elementor-global-444630 elementor-widget-text-editor\" data-id=\"139d0df1\" data-element_type=\"widget\" data-widget_type=\"text-editor.default\">\n\t\t\t\t<div class=\"elementor-widget-container\">\n\t\t\t\t\t\t\t<p><a href=\"https:\/\/locabarcelona.egluu.com\/fr\/louer-propriete\/el-eixample\/\">Appartements \u00e0 louer Eixample<\/a><br \/><a href=\"https:\/\/locabarcelona.egluu.com\/fr\/louer-propriete\/eixample-dreta\/\">Appartements \u00e0 louer Eixample Dreta<\/a><br \/><span data-sheets-value=\"{\"><a href=\"https:\/\/locabarcelona.egluu.com\/fr\/louer-propriete\/antiga-esquerra-eixample\/\">Appartements \u00e0 louer Antiga Esquerra de l&#8217;Eixample<\/a><br \/><a href=\"https:\/\/locabarcelona.egluu.com\/fr\/louer-propriete\/nova-esquerra-eixample\/\">Appartements \u00e0 louer Nova Esquerra de l&#8217;Eixample<\/a><br \/><a href=\"https:\/\/locabarcelona.egluu.com\/fr\/louer-propriete\/fort-pienc\/\">Appartements \u00e0 louer Fort Pienc<\/a><br \/><a href=\"https:\/\/locabarcelona.egluu.com\/fr\/louer-propriete\/eixample\/sagrada-familia\/\">Appartements \u00e0 louer Sagrada Familia<\/a><br \/><a href=\"https:\/\/locabarcelona.egluu.com\/fr\/louer-propriete\/eixample\/sant-antoni\/\">Appartements \u00e0 louer Sant antoni<\/a><br \/><a href=\"https:\/\/locabarcelona.egluu.com\/fr\/louer-propriete\/ciutat-vella\/\">Appartements \u00e0 louer Ciutat Vella<\/a><br \/><a href=\"https:\/\/locabarcelona.egluu.com\/fr\/louer-propriete\/gothique\/\">Appartements \u00e0 louer el Gotico<\/a><br \/><a href=\"https:\/\/locabarcelona.egluu.com\/fr\/louer-propriete\/raval\/\">Appartements \u00e0 louer el Raval<\/a><br \/><a href=\"https:\/\/locabarcelona.egluu.com\/fr\/louer-propriete\/born\/\">Appartements \u00e0 louer el Born<\/a><br \/><a href=\"https:\/\/locabarcelona.egluu.com\/fr\/louer-propriete\/barceloneta\/\">Appartements \u00e0 louer Barceloneta<\/a><br \/><a href=\"https:\/\/locabarcelona.egluu.com\/fr\/louer-propriete\/sants-montjuic\/\">Appartements \u00e0 louer Sants-Montju\u00efc<\/a><br \/><a href=\"https:\/\/locabarcelona.egluu.com\/fr\/louer-propriete\/poble-sec\/\">Appartements \u00e0 louer Poble Sec<\/a><br \/><a href=\"https:\/\/locabarcelona.egluu.com\/fr\/louer-propriete\/sants\/\">Appartements \u00e0 louer Sants<\/a><br \/><a href=\"https:\/\/locabarcelona.egluu.com\/fr\/louer-propriete\/el-putxet-i-farro\/\">Appartements \u00e0 louer el Putxet i Farr\u00f3<\/a><br \/><a href=\"https:\/\/locabarcelona.egluu.com\/fr\/louer-propriete\/las-tres-torres\/\">Appartements \u00e0 louer Las Tres Torres<\/a><br \/><a href=\"https:\/\/locabarcelona.egluu.com\/fr\/louer-propriete\/hostafrancs\/\">Appartements \u00e0 louer Hostafrancs<\/a><br \/><a href=\"https:\/\/locabarcelona.egluu.com\/fr\/louer-propriete\/la-marina-del-prat-vermell\/\">Appartements \u00e0 louer La marina del prat Vermell<\/a><br \/><a href=\"https:\/\/locabarcelona.egluu.com\/fr\/louer-propriete\/la-marina-de-port\/\">Appartements \u00e0 louer La marina de Port<\/a><br \/><a href=\"https:\/\/locabarcelona.egluu.com\/fr\/louer-propriete\/lafont-de-la-guatlla\/\">Appartements \u00e0 louer Lafont de la Guatlla<\/a><\/span><\/p>\t\t\t\t\t\t<\/div>\n\t\t\t\t<\/div>\n\t\t\t\t\t<\/div>\n\t\t<\/div>\n\t\t\t\t<div class=\"elementor-column elementor-col-50 elementor-top-column elementor-element elementor-element-349e65a6\" data-id=\"349e65a6\" data-element_type=\"column\">\n\t\t\t<div class=\"elementor-widget-wrap elementor-element-populated\">\n\t\t\t\t\t\t<div class=\"elementor-element elementor-element-64837239 elementor-widget elementor-widget-global elementor-global-444621 elementor-widget-text-editor\" data-id=\"64837239\" data-element_type=\"widget\" data-widget_type=\"text-editor.default\">\n\t\t\t\t<div class=\"elementor-widget-container\">\n\t\t\t\t\t\t\t<p><a href=\"https:\/\/locabarcelona.egluu.com\/fr\/louer-propriete\/les-corts\" data-wplink-edit=\"true\">Appartements \u00e0 louer les Corts<\/a><a href=\"https:\/\/locabarcelona.egluu.com\/fr\/louer-propriete\/sarria-sant-gervasi\/\"><br \/><\/a><a href=\"https:\/\/locabarcelona.egluu.com\/fr\/louer-propriete\/pedralbes\/\">Appartements \u00e0 louer Pedralbes<br \/><\/a><a href=\"https:\/\/locabarcelona.egluu.com\/fr\/louer-propriete\/sarria-sant-gervasi\/\">Appartements \u00e0 louer Sarria Sant Gervasi<\/a><a href=\"https:\/\/locabarcelona.egluu.com\/fr\/louer-propriete\/pedralbes\/\"><br \/><\/a><a href=\"https:\/\/locabarcelona.egluu.com\/fr\/louer-propriete\/sarria\/\">Appartements \u00e0 louer Sarria<\/a><a href=\"https:\/\/locabarcelona.egluu.com\/fr\/louer-propriete\/pedralbes\/\"><br \/><\/a><a href=\"https:\/\/locabarcelona.egluu.com\/fr\/louer-propriete\/gracia\/\">Appartements \u00e0 louer Gracia<\/a><a href=\"https:\/\/locabarcelona.egluu.com\/fr\/louer-propriete\/pedralbes\/\"><br \/><\/a><a href=\"https:\/\/locabarcelona.egluu.com\/fr\/louer-propriete\/vila-de-gracia\/\">Appartements \u00e0 louer Vila de Gr\u00e0cia<\/a><a href=\"https:\/\/locabarcelona.egluu.com\/fr\/louer-propriete\/pedralbes\/\"><br \/><\/a><a href=\"https:\/\/locabarcelona.egluu.com\/fr\/louer-propriete\/horta-guinardo\/\">Appartements \u00e0 louer Horta Guinardo<\/a><a href=\"https:\/\/locabarcelona.egluu.com\/fr\/louer-propriete\/pedralbes\/\"><br \/><\/a><a href=\"https:\/\/locabarcelona.egluu.com\/fr\/louer-propriete\/nou-barris\/\">Appartements \u00e0 louer Nou Barris<\/a><a href=\"https:\/\/locabarcelona.egluu.com\/fr\/louer-propriete\/pedralbes\/\"><br \/><\/a><a href=\"https:\/\/locabarcelona.egluu.com\/fr\/louer-propriete\/sant-andreu\/\">Appartements \u00e0 louer Sant Andreu<\/a><a href=\"https:\/\/locabarcelona.egluu.com\/fr\/louer-propriete\/pedralbes\/\"><br \/><\/a><a href=\"https:\/\/locabarcelona.egluu.com\/fr\/louer-propriete\/sant-marti\/\">Appartements \u00e0 louer Sant Marti<\/a><a href=\"https:\/\/locabarcelona.egluu.com\/fr\/louer-propriete\/pedralbes\/\"><br \/><\/a><a href=\"https:\/\/locabarcelona.egluu.com\/fr\/louer-propriete\/el-clot\/\">Appartements \u00e0 louer el Clot<\/a><a href=\"https:\/\/locabarcelona.egluu.com\/fr\/louer-propriete\/pedralbes\/\"><br \/><\/a><a href=\"https:\/\/locabarcelona.egluu.com\/fr\/louer-propriete\/vila-olimpica-del-poblenou\/\">Appartements \u00e0 louer vila olimpica del Poblenou<\/a><a href=\"https:\/\/locabarcelona.egluu.com\/fr\/louer-propriete\/pedralbes\/\"><br \/><\/a><a href=\"https:\/\/locabarcelona.egluu.com\/fr\/louer-propriete\/poblenou\/\">Appartements \u00e0 louer Poblenou<\/a><a href=\"https:\/\/locabarcelona.egluu.com\/fr\/louer-propriete\/pedralbes\/\"><br \/><\/a><a href=\"https:\/\/locabarcelona.egluu.com\/fr\/louer-propriete\/sant-gervasi-la-bonanova\/\">Appartements \u00e0 louer Sant gervasi &#8211; la bonanova<\/a><a href=\"https:\/\/locabarcelona.egluu.com\/fr\/louer-propriete\/pedralbes\/\"><br \/><\/a><a href=\"https:\/\/locabarcelona.egluu.com\/fr\/louer-propriete\/sant-gervasi-galvany\/\">Appartements \u00e0 louer Sant Gervasi Galvany<\/a><a href=\"https:\/\/locabarcelona.egluu.com\/fr\/louer-propriete\/pedralbes\/\"><br \/><\/a><a href=\"https:\/\/locabarcelona.egluu.com\/fr\/louer-propriete\/provencals-del-poblenou\/\">Appartements \u00e0 louer Proven\u00e7als del Poblenou<\/a><a href=\"https:\/\/locabarcelona.egluu.com\/fr\/louer-propriete\/pedralbes\/\"><br \/><\/a><a href=\"https:\/\/locabarcelona.egluu.com\/fr\/louer-propriete\/camp-d-en-grassot-gracia-nova\/\">Appartements \u00e0 louer Camp d&#8217;en Grassot i Gr\u00e0cia\u00a0<\/a><a href=\"https:\/\/locabarcelona.egluu.com\/fr\/louer-propriete\/pedralbes\/\"><br \/><\/a><a href=\"https:\/\/locabarcelona.egluu.com\/fr\/louer-propriete\/sants-badal\/\">Appartements \u00e0 louer Sants-Badal<\/a><a href=\"https:\/\/locabarcelona.egluu.com\/fr\/louer-propriete\/pedralbes\/\"><br \/><\/a><a href=\"https:\/\/locabarcelona.egluu.com\/fr\/louer-propriete\/el-parc-i-la-llacuna-del-poblenou\/\">Appartements \u00e0 louer el Parc i la Llacuna del Poblenou<\/a><a href=\"https:\/\/locabarcelona.egluu.com\/fr\/louer-propriete\/pedralbes\/\"><br \/><\/a><a href=\"https:\/\/locabarcelona.egluu.com\/fr\/louer-propriete\/zona-franca\/\">Appartements \u00e0 louer Zona Franca<\/a><br \/><a href=\"https:\/\/locabarcelona.egluu.com\/fr\/louer-propriete\/la-bordeta\/\">Appartements \u00e0 louer La Bordeta<\/a><\/p>\t\t\t\t\t\t<\/div>\n\t\t\t\t<\/div>\n\t\t\t\t\t<\/div>\n\t\t<\/div>\n\t\t\t\t\t<\/div>\n\t\t<\/section>\n\t\t\t\t<\/div>\n\t\t","protected":false},"excerpt":{"rendered":"<p>LOCA BARCELONA est la r\u00e9f\u00e9rence pour la location de studio \u00e0 Barcelone. Nous vous pr\u00e9sentons des studios adapt\u00e9s aux couples, aux travailleurs en d\u00e9placement ou aux \u00e9tudiants (en stage ou voyageant dans le cadre des \u00e9changes Erasmus). Ces h\u00e9bergements de qualit\u00e9, v\u00e9rifi\u00e9s par nos agents, sont \u00e0 louer au mois ou pour une dur\u00e9e de&#8230;<\/p>\n","protected":false},"author":344,"featured_media":0,"parent":438279,"menu_order":0,"comment_status":"closed","ping_status":"closed","template":"templates\/list-layout.php","meta":{"inline_featured_image":false,"footnotes":""},"yoast_head":"<!-- This site is optimized with the Yoast SEO Premium plugin v22.6 (Yoast SEO v22.6) - https:\/\/yoast.com\/wordpress\/plugins\/seo\/ -->\n<title>Location de Studio \u00e0 Barcelone | Locabarcelona<\/title>\n<meta name=\"description\" content=\"Trouvez d\u00e8s maintenant votre appartement studio \u00e0 Barcelone\u2705Etudiants ou jeunes actifs trouvez votre studio dans le quartier de votre choix !\" \/>\n<meta name=\"robots\" content=\"noindex, follow, max-snippet:-1, max-image-preview:large, max-video-preview:-1\" \/>\n<meta property=\"og:locale\" content=\"fr_FR\" \/>\n<meta property=\"og:type\" content=\"article\" \/>\n<meta property=\"og:title\" content=\"Location de Studio \u00e0 Barcelone | Locabarcelona\" \/>\n<meta property=\"og:description\" content=\"Trouvez d\u00e8s maintenant votre appartement studio \u00e0 Barcelone\u2705Etudiants ou jeunes actifs trouvez votre studio dans le quartier de votre choix !\" \/>\n<meta property=\"og:url\" content=\"https:\/\/locabarcelona.egluu.com\/fr\/louer-propriete\/studio-barcelone\/\" \/>\n<meta property=\"og:site_name\" content=\"Locabarcelona\" \/>\n<meta property=\"article:modified_time\" content=\"2022-10-20T08:25:43+00:00\" \/>\n<meta name=\"twitter:card\" content=\"summary_large_image\" \/>\n<meta name=\"twitter:label1\" content=\"Est. reading time\" \/>\n\t<meta name=\"twitter:data1\" content=\"5 minutes\" \/>\n<script type=\"application\/ld+json\" class=\"yoast-schema-graph\">{\"@context\":\"https:\/\/schema.org\",\"@graph\":[{\"@type\":\"WebPage\",\"@id\":\"https:\/\/locabarcelona.egluu.com\/fr\/louer-propriete\/studio-barcelone\/\",\"url\":\"https:\/\/locabarcelona.egluu.com\/fr\/louer-propriete\/studio-barcelone\/\",\"name\":\"Location de Studio \u00e0 Barcelone | Locabarcelona\",\"isPartOf\":{\"@id\":\"https:\/\/locabarcelona.egluu.com\/fr\/#website\"},\"datePublished\":\"2022-10-20T07:59:02+00:00\",\"dateModified\":\"2022-10-20T08:25:43+00:00\",\"description\":\"Trouvez d\u00e8s maintenant votre appartement studio \u00e0 Barcelone\u2705Etudiants ou jeunes actifs trouvez votre studio dans le quartier de votre choix !\",\"breadcrumb\":{\"@id\":\"https:\/\/locabarcelona.egluu.com\/fr\/louer-propriete\/studio-barcelone\/#breadcrumb\"},\"inLanguage\":\"fr-FR\",\"potentialAction\":[{\"@type\":\"ReadAction\",\"target\":[\"https:\/\/locabarcelona.egluu.com\/fr\/louer-propriete\/studio-barcelone\/\"]}]},{\"@type\":\"BreadcrumbList\",\"@id\":\"https:\/\/locabarcelona.egluu.com\/fr\/louer-propriete\/studio-barcelone\/#breadcrumb\",\"itemListElement\":[{\"@type\":\"ListItem\",\"position\":1,\"name\":\"Inicio\",\"item\":\"https:\/\/www.locabarcelona.com\/fr\/home\/\"},{\"@type\":\"ListItem\",\"position\":2,\"name\":\"Agence de location \u00e0 Barcelone\",\"item\":\"https:\/\/www.locabarcelona.com\/fr\/louer-propriete\/\"},{\"@type\":\"ListItem\",\"position\":3,\"name\":\"Studio Barcelone\"}]},{\"@type\":\"WebSite\",\"@id\":\"https:\/\/locabarcelona.egluu.com\/fr\/#website\",\"url\":\"https:\/\/locabarcelona.egluu.com\/fr\/\",\"name\":\"Loca Barcelona\",\"description\":\"Real Estate Services\",\"publisher\":{\"@id\":\"https:\/\/locabarcelona.egluu.com\/fr\/#organization\"},\"potentialAction\":[{\"@type\":\"SearchAction\",\"target\":{\"@type\":\"EntryPoint\",\"urlTemplate\":\"https:\/\/locabarcelona.egluu.com\/fr\/?s={search_term_string}\"},\"query-input\":\"required name=search_term_string\"}],\"inLanguage\":\"fr-FR\"},{\"@type\":\"Organization\",\"@id\":\"https:\/\/locabarcelona.egluu.com\/fr\/#organization\",\"name\":\"Loca Barcelona\",\"url\":\"https:\/\/locabarcelona.egluu.com\/fr\/\",\"logo\":{\"@type\":\"ImageObject\",\"inLanguage\":\"fr-FR\",\"@id\":\"https:\/\/locabarcelona.egluu.com\/fr\/#\/schema\/logo\/image\/\",\"url\":\"https:\/\/locabarcelona.egluu.com\/wp-content\/uploads\/2021\/10\/logo_locabarcelona_small.png\",\"contentUrl\":\"https:\/\/locabarcelona.egluu.com\/wp-content\/uploads\/2021\/10\/logo_locabarcelona_small.png\",\"width\":250,\"height\":149,\"caption\":\"Loca Barcelona\"},\"image\":{\"@id\":\"https:\/\/locabarcelona.egluu.com\/fr\/#\/schema\/logo\/image\/\"}}]}<\/script>\n<!-- \/ Yoast SEO Premium plugin. -->","yoast_head_json":{"title":"Location de Studio \u00e0 Barcelone | Locabarcelona","description":"Trouvez d\u00e8s maintenant votre appartement studio \u00e0 Barcelone\u2705Etudiants ou jeunes actifs trouvez votre studio dans le quartier de votre choix !","robots":{"index":"noindex","follow":"follow","max-snippet":"max-snippet:-1","max-image-preview":"max-image-preview:large","max-video-preview":"max-video-preview:-1"},"og_locale":"fr_FR","og_type":"article","og_title":"Location de Studio \u00e0 Barcelone | Locabarcelona","og_description":"Trouvez d\u00e8s maintenant votre appartement studio \u00e0 Barcelone\u2705Etudiants ou jeunes actifs trouvez votre studio dans le quartier de votre choix !","og_url":"https:\/\/locabarcelona.egluu.com\/fr\/louer-propriete\/studio-barcelone\/","og_site_name":"Locabarcelona","article_modified_time":"2022-10-20T08:25:43+00:00","twitter_card":"summary_large_image","twitter_misc":{"Est. reading time":"5 minutes"},"schema":{"@context":"https:\/\/schema.org","@graph":[{"@type":"WebPage","@id":"https:\/\/locabarcelona.egluu.com\/fr\/louer-propriete\/studio-barcelone\/","url":"https:\/\/locabarcelona.egluu.com\/fr\/louer-propriete\/studio-barcelone\/","name":"Location de Studio \u00e0 Barcelone | Locabarcelona","isPartOf":{"@id":"https:\/\/locabarcelona.egluu.com\/fr\/#website"},"datePublished":"2022-10-20T07:59:02+00:00","dateModified":"2022-10-20T08:25:43+00:00","description":"Trouvez d\u00e8s maintenant votre appartement studio \u00e0 Barcelone\u2705Etudiants ou jeunes actifs trouvez votre studio dans le quartier de votre choix !","breadcrumb":{"@id":"https:\/\/locabarcelona.egluu.com\/fr\/louer-propriete\/studio-barcelone\/#breadcrumb"},"inLanguage":"fr-FR","potentialAction":[{"@type":"ReadAction","target":["https:\/\/locabarcelona.egluu.com\/fr\/louer-propriete\/studio-barcelone\/"]}]},{"@type":"BreadcrumbList","@id":"https:\/\/locabarcelona.egluu.com\/fr\/louer-propriete\/studio-barcelone\/#breadcrumb","itemListElement":[{"@type":"ListItem","position":1,"name":"Inicio","item":"https:\/\/www.locabarcelona.com\/fr\/home\/"},{"@type":"ListItem","position":2,"name":"Agence de location \u00e0 Barcelone","item":"https:\/\/www.locabarcelona.com\/fr\/louer-propriete\/"},{"@type":"ListItem","position":3,"name":"Studio Barcelone"}]},{"@type":"WebSite","@id":"https:\/\/locabarcelona.egluu.com\/fr\/#website","url":"https:\/\/locabarcelona.egluu.com\/fr\/","name":"Loca Barcelona","description":"Real Estate Services","publisher":{"@id":"https:\/\/locabarcelona.egluu.com\/fr\/#organization"},"potentialAction":[{"@type":"SearchAction","target":{"@type":"EntryPoint","urlTemplate":"https:\/\/locabarcelona.egluu.com\/fr\/?s={search_term_string}"},"query-input":"required name=search_term_string"}],"inLanguage":"fr-FR"},{"@type":"Organization","@id":"https:\/\/locabarcelona.egluu.com\/fr\/#organization","name":"Loca Barcelona","url":"https:\/\/locabarcelona.egluu.com\/fr\/","logo":{"@type":"ImageObject","inLanguage":"fr-FR","@id":"https:\/\/locabarcelona.egluu.com\/fr\/#\/schema\/logo\/image\/","url":"https:\/\/locabarcelona.egluu.com\/wp-content\/uploads\/2021\/10\/logo_locabarcelona_small.png","contentUrl":"https:\/\/locabarcelona.egluu.com\/wp-content\/uploads\/2021\/10\/logo_locabarcelona_small.png","width":250,"height":149,"caption":"Loca Barcelona"},"image":{"@id":"https:\/\/locabarcelona.egluu.com\/fr\/#\/schema\/logo\/image\/"}}]}},"_links":{"self":[{"href":"https:\/\/locabarcelona.egluu.com\/fr\/wp-json\/wp\/v2\/pages\/464853"}],"collection":[{"href":"https:\/\/locabarcelona.egluu.com\/fr\/wp-json\/wp\/v2\/pages"}],"about":[{"href":"https:\/\/locabarcelona.egluu.com\/fr\/wp-json\/wp\/v2\/types\/page"}],"author":[{"embeddable":true,"href":"https:\/\/locabarcelona.egluu.com\/fr\/wp-json\/wp\/v2\/users\/344"}],"replies":[{"embeddable":true,"href":"https:\/\/locabarcelona.egluu.com\/fr\/wp-json\/wp\/v2\/comments?post=464853"}],"version-history":[{"count":0,"href":"https:\/\/locabarcelona.egluu.com\/fr\/wp-json\/wp\/v2\/pages\/464853\/revisions"}],"up":[{"embeddable":true,"href":"https:\/\/locabarcelona.egluu.com\/fr\/wp-json\/wp\/v2\/pages\/438279"}],"wp:attachment":[{"href":"https:\/\/locabarcelona.egluu.com\/fr\/wp-json\/wp\/v2\/media?parent=464853"}],"curies":[{"name":"wp","href":"https:\/\/api.w.org\/{rel}","templated":true}]}}