{"id":470679,"date":"2023-01-04T16:32:01","date_gmt":"2023-01-04T15:32:01","guid":{"rendered":"https:\/\/locabarcelona.egluu.com\/?page_id=470679"},"modified":"2023-02-22T13:07:45","modified_gmt":"2023-02-22T12:07:45","slug":"appartement-avec-terrasse-barcelone","status":"publish","type":"page","link":"https:\/\/locabarcelona.egluu.com\/fr\/louer-propriete\/appartement-avec-terrasse-barcelone\/","title":{"rendered":"Appartement avec Terrasse \u00e0 Barcelone"},"content":{"rendered":"\t\t<div data-elementor-type=\"wp-page\" data-elementor-id=\"470679\" class=\"elementor elementor-470679 elementor-470674\" data-elementor-post-type=\"page\">\n\t\t\t\t\t\t<section class=\"elementor-section elementor-top-section elementor-element elementor-element-6e46e1ad elementor-section-boxed elementor-section-height-default elementor-section-height-default\" data-id=\"6e46e1ad\" data-element_type=\"section\">\n\t\t\t\t\t\t<div class=\"elementor-container elementor-column-gap-default\">\n\t\t\t\t\t<div class=\"elementor-column elementor-col-100 elementor-top-column elementor-element elementor-element-59c1b642\" data-id=\"59c1b642\" data-element_type=\"column\">\n\t\t\t<div class=\"elementor-widget-wrap elementor-element-populated\">\n\t\t\t\t\t\t<div class=\"elementor-element elementor-element-21344363 elementor-widget elementor-widget-text-editor\" data-id=\"21344363\" data-element_type=\"widget\" data-widget_type=\"text-editor.default\">\n\t\t\t\t<div class=\"elementor-widget-container\">\n\t\t\t\t\t\t\t<h2>Comment trouver un appartement avec terrasse \u00e0 Barcelone ?<\/h2><p>Barcelone est ensoleill\u00e9e avec des temp\u00e9ratures agr\u00e9ables, m\u00eame en hiver. Bien situ\u00e9e sur la Costa Brava, en bord de mer m\u00e9diterran\u00e9e, la ville de Gaudi s\u00e9duit par la diversit\u00e9 de ses quartiers et ses nombreux espaces verts. Il serait dommage de se priver de grands bols d&#8217;air iod\u00e9s lors de son court ou long s\u00e9jour \u00e0 Barna. C&#8217;est pourquoi Loca Barcelona propose un grand nombre de locations d&#8217;appartement avec terrasse, patio ou balcon !<\/p><h2>Quels quartiers disposent d&#8217;appartements avec terrasse \u00e0 Barcelone ?<\/h2><p>La terrasse est bien souvent le prolongement de la pi\u00e8ce \u00e0 vivre. Cet espace en plein air peut aussi \u00eatre situ\u00e9 sur le toit de l&#8217;immeuble pour offrir une vue panoramique sur la ville ou sur le large, selon l&#8217;emplacement. V\u00e9ritable pi\u00e8ce suppl\u00e9mentaire, elles sont un vrai atout lorsque vous louez un <a href=\"https:\/\/locabarcelona.egluu.com\/fr\/louer-propriete\/studio-barcelone\/\">studio<\/a> ou en <a href=\"https:\/\/locabarcelona.egluu.com\/fr\/louer-propriete\/colocation-barcelone\/\">collocation<\/a>.<br \/>Vous d\u00e9sirez louer un appartement avec terrasse ou patio ? Des biens pr\u00e9sentant ces caract\u00e9ristiques sont disponibles dans tous les quartiers de Barcelone :<\/p><ul><li>dans le centre-ville pr\u00e8s de la Sagrada Familia ou de la Pla\u00e7a Catalunya ;<\/li><li>pr\u00e8s de l&#8217;avenue de La Rambla au c\u0153ur de la vieille ville ;<\/li><li>dans El Born juste \u00e0 c\u00f4t\u00e9 du Mus\u00e9e Picasso ;<\/li><li>\u00e0 Esquerra Alta, dans le quartier de l&#8217;Eixample ;<\/li><li>sur Gran Via \u00e0 Les Corts ;<\/li><li>au pied du Tibidabo, dans le quartier de Sant Gervasi &#8211; Bonanova ;<\/li><li>dans le quartier G\u00f2tic, \u00e0 deux pas des universit\u00e9s et de Plaza Real ;<\/li><li>\u00e0 Barceloneta, face \u00e0 la mer, \u00e0 proximit\u00e9 du port, de la marina et de la plage, etc.<\/li><\/ul><p>Les terrasses des appartements meubl\u00e9s, lou\u00e9s en court ou long s\u00e9jour, sont g\u00e9n\u00e9ralement bien \u00e9quip\u00e9es. Un salon de jardin \u00e9l\u00e9gant permet de prendre ses repas \u00e0 l&#8217;ext\u00e9rieur, tandis que des transats coordonn\u00e9s invitent \u00e0 se d\u00e9tendre au soleil\u2026 Parasols et stores aident \u00e0 se prot\u00e9ger des UV aux heures les plus chaudes. L&#8217;am\u00e9nagement est bien pens\u00e9 pour que chacun des occupants du logement trouve facilement sa place selon ses habitudes et envies.<\/p><h2>Quelles sont les d\u00e9marches pour louer un appartement avec terrasse \u00e0 Barcelone ?<\/h2><p>Les appartements propos\u00e9s par Loca Barcelona ont \u00e9t\u00e9 s\u00e9lectionn\u00e9s par l&#8217;\u00e9quipe pour leurs belles prestations, leur d\u00e9coration et leur fonctionnalit\u00e9. Ceux disposant d&#8217;une terrasse viennent juste d&#8217;\u00eatre r\u00e9nov\u00e9s ou sont enti\u00e8rement neufs. Les agents immobiliers privil\u00e9gient les beaux espaces qui permettent aux vacanciers, <a href=\"https:\/\/locabarcelona.egluu.com\/fr\/louer-propriete\/logement-etudiant-barcelone\/\">\u00e9tudiants<\/a> ou expatri\u00e9s de profiter pleinement de la ville et de ses atouts durant leur s\u00e9jour. C&#8217;est pourquoi chaque d\u00e9tail est examin\u00e9 : inconv\u00e9nient d&#8217;un vis-\u00e0-vis en hauteur, dimensions au sol, cadre g\u00e9n\u00e9ral, etc.<\/p><h3>Comment louer un appartement avec terrasse \u00e0 Barcelone ?<\/h3><p>Loca Barcelona guide \u00e0 chaque \u00e9tape :<\/p><ol><li>recherche de l&#8217;appartement id\u00e9al : prise en compte de vos crit\u00e8res et notamment de vos souhaits concernant la terrasse ou le balcon : dimensions, orientation, vue, \u00e9quipement<\/li><li>s\u00e9lection d&#8217;un ou de plusieurs appartements propos\u00e9s par Loca Barcelona<br \/>;<\/li><li>dans le cas d&#8217;un s\u00e9jour longue dur\u00e9e, visite des diff\u00e9rents biens retenus ;<\/li><li>choix d&#8217;un appartement, pr\u00e9sentation du dossier au propri\u00e9taire et signature du contrat de location. R\u00e9alisation de l&#8217;\u00e9tat des lieux.<\/li><\/ol><h3>Les documents demand\u00e9s pour une location \u00e0 Barcelone<\/h3><p>Les Fran\u00e7ais souhaitant s&#8217;installer plusieurs mois \u00e0 Barcelone doivent effectuer plusieurs d\u00e9marches :<\/p><ul><li>demander un num\u00e9ro NIE (num\u00e9ro d&#8217;identit\u00e9 des \u00e9trangers) ;<\/li><li>cr\u00e9er un compte bancaire en Espagne ;<\/li><li>faire \u00e9tablir un certificat de r\u00e9sidence ;<\/li><li>fournir une copie de sa carte d&#8217;identit\u00e9 ou de son passeport ;<\/li><li>prouver sa solvabilit\u00e9 avec un contrat de travail ou ses derni\u00e8res fiches de paie.<\/li><\/ul><p>Profiter pleinement de la richesse culturelle et historique de Barcelone, c&#8217;est aussi se loger dans des immeubles inclus au patrimoine de la ville, enti\u00e8rement r\u00e9nov\u00e9s mais conservant une d\u00e9coration typique. Poutres en bois, mosa\u00efque, \u00e9maux\u2026 rendent hommage au savoir-faire des artisans d&#8217;antan. Loca Barcelona vous accompagne pour trouver l&#8217;appartement de vos r\u00eaves !<\/p>\t\t\t\t\t\t<\/div>\n\t\t\t\t<\/div>\n\t\t\t\t\t<\/div>\n\t\t<\/div>\n\t\t\t\t\t<\/div>\n\t\t<\/section>\n\t\t\t\t<section class=\"elementor-section elementor-top-section elementor-element elementor-element-52748c68 elementor-section-boxed elementor-section-height-default elementor-section-height-default\" data-id=\"52748c68\" data-element_type=\"section\">\n\t\t\t\t\t\t<div class=\"elementor-container elementor-column-gap-default\">\n\t\t\t\t\t<div class=\"elementor-column elementor-col-100 elementor-top-column elementor-element elementor-element-231e1936\" data-id=\"231e1936\" data-element_type=\"column\">\n\t\t\t<div class=\"elementor-widget-wrap elementor-element-populated\">\n\t\t\t\t\t\t<div class=\"elementor-element elementor-element-7b290d2 elementor-widget elementor-widget-heading\" data-id=\"7b290d2\" data-element_type=\"widget\" data-widget_type=\"heading.default\">\n\t\t\t\t<div class=\"elementor-widget-container\">\n\t\t\t<h2 class=\"elementor-heading-title elementor-size-default\">Appartements \u00e0 louer par quartier<\/h2>\t\t<\/div>\n\t\t\t\t<\/div>\n\t\t\t\t\t<\/div>\n\t\t<\/div>\n\t\t\t\t\t<\/div>\n\t\t<\/section>\n\t\t\t\t<section class=\"elementor-section elementor-top-section elementor-element elementor-element-7c81a9f7 elementor-section-boxed elementor-section-height-default elementor-section-height-default\" data-id=\"7c81a9f7\" data-element_type=\"section\">\n\t\t\t\t\t\t<div class=\"elementor-container elementor-column-gap-default\">\n\t\t\t\t\t<div class=\"elementor-column elementor-col-50 elementor-top-column elementor-element elementor-element-4577dda2\" data-id=\"4577dda2\" data-element_type=\"column\">\n\t\t\t<div class=\"elementor-widget-wrap elementor-element-populated\">\n\t\t\t\t\t\t<div class=\"elementor-element elementor-element-2993b3 elementor-widget elementor-widget-global elementor-global-444630 elementor-widget-text-editor\" data-id=\"2993b3\" data-element_type=\"widget\" data-widget_type=\"text-editor.default\">\n\t\t\t\t<div class=\"elementor-widget-container\">\n\t\t\t\t\t\t\t<p><a href=\"https:\/\/locabarcelona.egluu.com\/fr\/louer-propriete\/el-eixample\/\">Appartements \u00e0 louer Eixample<\/a><br \/><a href=\"https:\/\/locabarcelona.egluu.com\/fr\/louer-propriete\/eixample-dreta\/\">Appartements \u00e0 louer Eixample Dreta<\/a><br \/><span data-sheets-value=\"{\"><a href=\"https:\/\/locabarcelona.egluu.com\/fr\/louer-propriete\/antiga-esquerra-eixample\/\">Appartements \u00e0 louer Antiga Esquerra de l&#8217;Eixample<\/a><br \/><a href=\"https:\/\/locabarcelona.egluu.com\/fr\/louer-propriete\/nova-esquerra-eixample\/\">Appartements \u00e0 louer Nova Esquerra de l&#8217;Eixample<\/a><br \/><a href=\"https:\/\/locabarcelona.egluu.com\/fr\/louer-propriete\/fort-pienc\/\">Appartements \u00e0 louer Fort Pienc<\/a><br \/><a href=\"https:\/\/locabarcelona.egluu.com\/fr\/louer-propriete\/eixample\/sagrada-familia\/\">Appartements \u00e0 louer Sagrada Familia<\/a><br \/><a href=\"https:\/\/locabarcelona.egluu.com\/fr\/louer-propriete\/eixample\/sant-antoni\/\">Appartements \u00e0 louer Sant antoni<\/a><br \/><a href=\"https:\/\/locabarcelona.egluu.com\/fr\/louer-propriete\/ciutat-vella\/\">Appartements \u00e0 louer Ciutat Vella<\/a><br \/><a href=\"https:\/\/locabarcelona.egluu.com\/fr\/louer-propriete\/gothique\/\">Appartements \u00e0 louer el Gotico<\/a><br \/><a href=\"https:\/\/locabarcelona.egluu.com\/fr\/louer-propriete\/raval\/\">Appartements \u00e0 louer el Raval<\/a><br \/><a href=\"https:\/\/locabarcelona.egluu.com\/fr\/louer-propriete\/born\/\">Appartements \u00e0 louer el Born<\/a><br \/><a href=\"https:\/\/locabarcelona.egluu.com\/fr\/louer-propriete\/barceloneta\/\">Appartements \u00e0 louer Barceloneta<\/a><br \/><a href=\"https:\/\/locabarcelona.egluu.com\/fr\/louer-propriete\/sants-montjuic\/\">Appartements \u00e0 louer Sants-Montju\u00efc<\/a><br \/><a href=\"https:\/\/locabarcelona.egluu.com\/fr\/louer-propriete\/poble-sec\/\">Appartements \u00e0 louer Poble Sec<\/a><br \/><a href=\"https:\/\/locabarcelona.egluu.com\/fr\/louer-propriete\/sants\/\">Appartements \u00e0 louer Sants<\/a><br \/><a href=\"https:\/\/locabarcelona.egluu.com\/fr\/louer-propriete\/el-putxet-i-farro\/\">Appartements \u00e0 louer el Putxet i Farr\u00f3<\/a><br \/><a href=\"https:\/\/locabarcelona.egluu.com\/fr\/louer-propriete\/las-tres-torres\/\">Appartements \u00e0 louer Las Tres Torres<\/a><br \/><a href=\"https:\/\/locabarcelona.egluu.com\/fr\/louer-propriete\/hostafrancs\/\">Appartements \u00e0 louer Hostafrancs<\/a><br \/><a href=\"https:\/\/locabarcelona.egluu.com\/fr\/louer-propriete\/la-marina-del-prat-vermell\/\">Appartements \u00e0 louer La marina del prat Vermell<\/a><br \/><a href=\"https:\/\/locabarcelona.egluu.com\/fr\/louer-propriete\/la-marina-de-port\/\">Appartements \u00e0 louer La marina de Port<\/a><br \/><a href=\"https:\/\/locabarcelona.egluu.com\/fr\/louer-propriete\/lafont-de-la-guatlla\/\">Appartements \u00e0 louer Lafont de la Guatlla<\/a><\/span><\/p>\t\t\t\t\t\t<\/div>\n\t\t\t\t<\/div>\n\t\t\t\t\t<\/div>\n\t\t<\/div>\n\t\t\t\t<div class=\"elementor-column elementor-col-50 elementor-top-column elementor-element elementor-element-777be4f5\" data-id=\"777be4f5\" data-element_type=\"column\">\n\t\t\t<div class=\"elementor-widget-wrap elementor-element-populated\">\n\t\t\t\t\t\t<div class=\"elementor-element elementor-element-3267d1a6 elementor-widget elementor-widget-global elementor-global-444621 elementor-widget-text-editor\" data-id=\"3267d1a6\" data-element_type=\"widget\" data-widget_type=\"text-editor.default\">\n\t\t\t\t<div class=\"elementor-widget-container\">\n\t\t\t\t\t\t\t<p><a href=\"https:\/\/locabarcelona.egluu.com\/fr\/louer-propriete\/les-corts\" data-wplink-edit=\"true\">Appartements \u00e0 louer les Corts<\/a><a href=\"https:\/\/locabarcelona.egluu.com\/fr\/louer-propriete\/sarria-sant-gervasi\/\"><br \/><\/a><a href=\"https:\/\/locabarcelona.egluu.com\/fr\/louer-propriete\/pedralbes\/\">Appartements \u00e0 louer Pedralbes<br \/><\/a><a href=\"https:\/\/locabarcelona.egluu.com\/fr\/louer-propriete\/sarria-sant-gervasi\/\">Appartements \u00e0 louer Sarria Sant Gervasi<\/a><a href=\"https:\/\/locabarcelona.egluu.com\/fr\/louer-propriete\/pedralbes\/\"><br \/><\/a><a href=\"https:\/\/locabarcelona.egluu.com\/fr\/louer-propriete\/sarria\/\">Appartements \u00e0 louer Sarria<\/a><a href=\"https:\/\/locabarcelona.egluu.com\/fr\/louer-propriete\/pedralbes\/\"><br \/><\/a><a href=\"https:\/\/locabarcelona.egluu.com\/fr\/louer-propriete\/gracia\/\">Appartements \u00e0 louer Gracia<\/a><a href=\"https:\/\/locabarcelona.egluu.com\/fr\/louer-propriete\/pedralbes\/\"><br \/><\/a><a href=\"https:\/\/locabarcelona.egluu.com\/fr\/louer-propriete\/vila-de-gracia\/\">Appartements \u00e0 louer Vila de Gr\u00e0cia<\/a><a href=\"https:\/\/locabarcelona.egluu.com\/fr\/louer-propriete\/pedralbes\/\"><br \/><\/a><a href=\"https:\/\/locabarcelona.egluu.com\/fr\/louer-propriete\/horta-guinardo\/\">Appartements \u00e0 louer Horta Guinardo<\/a><a href=\"https:\/\/locabarcelona.egluu.com\/fr\/louer-propriete\/pedralbes\/\"><br \/><\/a><a href=\"https:\/\/locabarcelona.egluu.com\/fr\/louer-propriete\/nou-barris\/\">Appartements \u00e0 louer Nou Barris<\/a><a href=\"https:\/\/locabarcelona.egluu.com\/fr\/louer-propriete\/pedralbes\/\"><br \/><\/a><a href=\"https:\/\/locabarcelona.egluu.com\/fr\/louer-propriete\/sant-andreu\/\">Appartements \u00e0 louer Sant Andreu<\/a><a href=\"https:\/\/locabarcelona.egluu.com\/fr\/louer-propriete\/pedralbes\/\"><br \/><\/a><a href=\"https:\/\/locabarcelona.egluu.com\/fr\/louer-propriete\/sant-marti\/\">Appartements \u00e0 louer Sant Marti<\/a><a href=\"https:\/\/locabarcelona.egluu.com\/fr\/louer-propriete\/pedralbes\/\"><br \/><\/a><a href=\"https:\/\/locabarcelona.egluu.com\/fr\/louer-propriete\/el-clot\/\">Appartements \u00e0 louer el Clot<\/a><a href=\"https:\/\/locabarcelona.egluu.com\/fr\/louer-propriete\/pedralbes\/\"><br \/><\/a><a href=\"https:\/\/locabarcelona.egluu.com\/fr\/louer-propriete\/vila-olimpica-del-poblenou\/\">Appartements \u00e0 louer vila olimpica del Poblenou<\/a><a href=\"https:\/\/locabarcelona.egluu.com\/fr\/louer-propriete\/pedralbes\/\"><br \/><\/a><a href=\"https:\/\/locabarcelona.egluu.com\/fr\/louer-propriete\/poblenou\/\">Appartements \u00e0 louer Poblenou<\/a><a href=\"https:\/\/locabarcelona.egluu.com\/fr\/louer-propriete\/pedralbes\/\"><br \/><\/a><a href=\"https:\/\/locabarcelona.egluu.com\/fr\/louer-propriete\/sant-gervasi-la-bonanova\/\">Appartements \u00e0 louer Sant gervasi &#8211; la bonanova<\/a><a href=\"https:\/\/locabarcelona.egluu.com\/fr\/louer-propriete\/pedralbes\/\"><br \/><\/a><a href=\"https:\/\/locabarcelona.egluu.com\/fr\/louer-propriete\/sant-gervasi-galvany\/\">Appartements \u00e0 louer Sant Gervasi Galvany<\/a><a href=\"https:\/\/locabarcelona.egluu.com\/fr\/louer-propriete\/pedralbes\/\"><br \/><\/a><a href=\"https:\/\/locabarcelona.egluu.com\/fr\/louer-propriete\/provencals-del-poblenou\/\">Appartements \u00e0 louer Proven\u00e7als del Poblenou<\/a><a href=\"https:\/\/locabarcelona.egluu.com\/fr\/louer-propriete\/pedralbes\/\"><br \/><\/a><a href=\"https:\/\/locabarcelona.egluu.com\/fr\/louer-propriete\/camp-d-en-grassot-gracia-nova\/\">Appartements \u00e0 louer Camp d&#8217;en Grassot i Gr\u00e0cia\u00a0<\/a><a href=\"https:\/\/locabarcelona.egluu.com\/fr\/louer-propriete\/pedralbes\/\"><br \/><\/a><a href=\"https:\/\/locabarcelona.egluu.com\/fr\/louer-propriete\/sants-badal\/\">Appartements \u00e0 louer Sants-Badal<\/a><a href=\"https:\/\/locabarcelona.egluu.com\/fr\/louer-propriete\/pedralbes\/\"><br \/><\/a><a href=\"https:\/\/locabarcelona.egluu.com\/fr\/louer-propriete\/el-parc-i-la-llacuna-del-poblenou\/\">Appartements \u00e0 louer el Parc i la Llacuna del Poblenou<\/a><a href=\"https:\/\/locabarcelona.egluu.com\/fr\/louer-propriete\/pedralbes\/\"><br \/><\/a><a href=\"https:\/\/locabarcelona.egluu.com\/fr\/louer-propriete\/zona-franca\/\">Appartements \u00e0 louer Zona Franca<\/a><br \/><a href=\"https:\/\/locabarcelona.egluu.com\/fr\/louer-propriete\/la-bordeta\/\">Appartements \u00e0 louer La Bordeta<\/a><\/p>\t\t\t\t\t\t<\/div>\n\t\t\t\t<\/div>\n\t\t\t\t\t<\/div>\n\t\t<\/div>\n\t\t\t\t\t<\/div>\n\t\t<\/section>\n\t\t\t\t<\/div>\n\t\t","protected":false},"excerpt":{"rendered":"<p>Comment trouver un appartement avec terrasse \u00e0 Barcelone ? Barcelone est ensoleill\u00e9e avec des temp\u00e9ratures agr\u00e9ables, m\u00eame en hiver. Bien situ\u00e9e sur la Costa Brava, en bord de mer m\u00e9diterran\u00e9e, la ville de Gaudi s\u00e9duit par la diversit\u00e9 de ses quartiers et ses nombreux espaces verts. Il serait dommage de se priver de grands bols&#8230;<\/p>\n","protected":false},"author":344,"featured_media":0,"parent":438279,"menu_order":0,"comment_status":"closed","ping_status":"closed","template":"templates\/list-layout.php","meta":{"inline_featured_image":false,"footnotes":""},"yoast_head":"<!-- This site is optimized with the Yoast SEO Premium plugin v22.6 (Yoast SEO v22.6) - https:\/\/yoast.com\/wordpress\/plugins\/seo\/ -->\n<title>Appartement avec Terrasse \u00e0 Barcelone | Locabarcelona<\/title>\n<meta name=\"description\" content=\"Trouvez l&#039;appartement avec terrasse \u00e0 Barcelone de vos r\u00eaves !\u2600\ufe0f\u2600\ufe0f\u2600\ufe0f D\u00e9couvrez notre s\u00e9lection et r\u00e9servez d\u00e8s maintenant une visite !\" \/>\n<meta name=\"robots\" content=\"noindex, follow, max-snippet:-1, max-image-preview:large, max-video-preview:-1\" \/>\n<meta property=\"og:locale\" content=\"fr_FR\" \/>\n<meta property=\"og:type\" content=\"article\" \/>\n<meta property=\"og:title\" content=\"Appartement avec Terrasse \u00e0 Barcelone | Locabarcelona\" \/>\n<meta property=\"og:description\" content=\"Trouvez l&#039;appartement avec terrasse \u00e0 Barcelone de vos r\u00eaves !\u2600\ufe0f\u2600\ufe0f\u2600\ufe0f D\u00e9couvrez notre s\u00e9lection et r\u00e9servez d\u00e8s maintenant une visite !\" \/>\n<meta property=\"og:url\" content=\"https:\/\/locabarcelona.egluu.com\/fr\/louer-propriete\/appartement-avec-terrasse-barcelone\/\" \/>\n<meta property=\"og:site_name\" content=\"Locabarcelona\" \/>\n<meta property=\"article:modified_time\" content=\"2023-02-22T12:07:45+00:00\" \/>\n<meta name=\"twitter:card\" content=\"summary_large_image\" \/>\n<meta name=\"twitter:label1\" content=\"Est. reading time\" \/>\n\t<meta name=\"twitter:data1\" content=\"5 minutes\" \/>\n<script type=\"application\/ld+json\" class=\"yoast-schema-graph\">{\"@context\":\"https:\/\/schema.org\",\"@graph\":[{\"@type\":\"WebPage\",\"@id\":\"https:\/\/locabarcelona.egluu.com\/fr\/louer-propriete\/appartement-avec-terrasse-barcelone\/\",\"url\":\"https:\/\/locabarcelona.egluu.com\/fr\/louer-propriete\/appartement-avec-terrasse-barcelone\/\",\"name\":\"Appartement avec Terrasse \u00e0 Barcelone | Locabarcelona\",\"isPartOf\":{\"@id\":\"https:\/\/locabarcelona.egluu.com\/fr\/#website\"},\"datePublished\":\"2023-01-04T15:32:01+00:00\",\"dateModified\":\"2023-02-22T12:07:45+00:00\",\"description\":\"Trouvez l'appartement avec terrasse \u00e0 Barcelone de vos r\u00eaves !\u2600\ufe0f\u2600\ufe0f\u2600\ufe0f D\u00e9couvrez notre s\u00e9lection et r\u00e9servez d\u00e8s maintenant une visite !\",\"breadcrumb\":{\"@id\":\"https:\/\/locabarcelona.egluu.com\/fr\/louer-propriete\/appartement-avec-terrasse-barcelone\/#breadcrumb\"},\"inLanguage\":\"fr-FR\",\"potentialAction\":[{\"@type\":\"ReadAction\",\"target\":[\"https:\/\/locabarcelona.egluu.com\/fr\/louer-propriete\/appartement-avec-terrasse-barcelone\/\"]}]},{\"@type\":\"BreadcrumbList\",\"@id\":\"https:\/\/locabarcelona.egluu.com\/fr\/louer-propriete\/appartement-avec-terrasse-barcelone\/#breadcrumb\",\"itemListElement\":[{\"@type\":\"ListItem\",\"position\":1,\"name\":\"Inicio\",\"item\":\"https:\/\/www.locabarcelona.com\/fr\/home\/\"},{\"@type\":\"ListItem\",\"position\":2,\"name\":\"Agence de location \u00e0 Barcelone\",\"item\":\"https:\/\/www.locabarcelona.com\/fr\/louer-propriete\/\"},{\"@type\":\"ListItem\",\"position\":3,\"name\":\"Appartement avec Terrasse \u00e0 Barcelone\"}]},{\"@type\":\"WebSite\",\"@id\":\"https:\/\/locabarcelona.egluu.com\/fr\/#website\",\"url\":\"https:\/\/locabarcelona.egluu.com\/fr\/\",\"name\":\"Loca Barcelona\",\"description\":\"Real Estate Services\",\"publisher\":{\"@id\":\"https:\/\/locabarcelona.egluu.com\/fr\/#organization\"},\"potentialAction\":[{\"@type\":\"SearchAction\",\"target\":{\"@type\":\"EntryPoint\",\"urlTemplate\":\"https:\/\/locabarcelona.egluu.com\/fr\/?s={search_term_string}\"},\"query-input\":\"required name=search_term_string\"}],\"inLanguage\":\"fr-FR\"},{\"@type\":\"Organization\",\"@id\":\"https:\/\/locabarcelona.egluu.com\/fr\/#organization\",\"name\":\"Loca Barcelona\",\"url\":\"https:\/\/locabarcelona.egluu.com\/fr\/\",\"logo\":{\"@type\":\"ImageObject\",\"inLanguage\":\"fr-FR\",\"@id\":\"https:\/\/locabarcelona.egluu.com\/fr\/#\/schema\/logo\/image\/\",\"url\":\"https:\/\/locabarcelona.egluu.com\/wp-content\/uploads\/2021\/10\/logo_locabarcelona_small.png\",\"contentUrl\":\"https:\/\/locabarcelona.egluu.com\/wp-content\/uploads\/2021\/10\/logo_locabarcelona_small.png\",\"width\":250,\"height\":149,\"caption\":\"Loca Barcelona\"},\"image\":{\"@id\":\"https:\/\/locabarcelona.egluu.com\/fr\/#\/schema\/logo\/image\/\"}}]}<\/script>\n<!-- \/ Yoast SEO Premium plugin. -->","yoast_head_json":{"title":"Appartement avec Terrasse \u00e0 Barcelone | Locabarcelona","description":"Trouvez l'appartement avec terrasse \u00e0 Barcelone de vos r\u00eaves !\u2600\ufe0f\u2600\ufe0f\u2600\ufe0f D\u00e9couvrez notre s\u00e9lection et r\u00e9servez d\u00e8s maintenant une visite !","robots":{"index":"noindex","follow":"follow","max-snippet":"max-snippet:-1","max-image-preview":"max-image-preview:large","max-video-preview":"max-video-preview:-1"},"og_locale":"fr_FR","og_type":"article","og_title":"Appartement avec Terrasse \u00e0 Barcelone | Locabarcelona","og_description":"Trouvez l'appartement avec terrasse \u00e0 Barcelone de vos r\u00eaves !\u2600\ufe0f\u2600\ufe0f\u2600\ufe0f D\u00e9couvrez notre s\u00e9lection et r\u00e9servez d\u00e8s maintenant une visite !","og_url":"https:\/\/locabarcelona.egluu.com\/fr\/louer-propriete\/appartement-avec-terrasse-barcelone\/","og_site_name":"Locabarcelona","article_modified_time":"2023-02-22T12:07:45+00:00","twitter_card":"summary_large_image","twitter_misc":{"Est. reading time":"5 minutes"},"schema":{"@context":"https:\/\/schema.org","@graph":[{"@type":"WebPage","@id":"https:\/\/locabarcelona.egluu.com\/fr\/louer-propriete\/appartement-avec-terrasse-barcelone\/","url":"https:\/\/locabarcelona.egluu.com\/fr\/louer-propriete\/appartement-avec-terrasse-barcelone\/","name":"Appartement avec Terrasse \u00e0 Barcelone | Locabarcelona","isPartOf":{"@id":"https:\/\/locabarcelona.egluu.com\/fr\/#website"},"datePublished":"2023-01-04T15:32:01+00:00","dateModified":"2023-02-22T12:07:45+00:00","description":"Trouvez l'appartement avec terrasse \u00e0 Barcelone de vos r\u00eaves !\u2600\ufe0f\u2600\ufe0f\u2600\ufe0f D\u00e9couvrez notre s\u00e9lection et r\u00e9servez d\u00e8s maintenant une visite !","breadcrumb":{"@id":"https:\/\/locabarcelona.egluu.com\/fr\/louer-propriete\/appartement-avec-terrasse-barcelone\/#breadcrumb"},"inLanguage":"fr-FR","potentialAction":[{"@type":"ReadAction","target":["https:\/\/locabarcelona.egluu.com\/fr\/louer-propriete\/appartement-avec-terrasse-barcelone\/"]}]},{"@type":"BreadcrumbList","@id":"https:\/\/locabarcelona.egluu.com\/fr\/louer-propriete\/appartement-avec-terrasse-barcelone\/#breadcrumb","itemListElement":[{"@type":"ListItem","position":1,"name":"Inicio","item":"https:\/\/www.locabarcelona.com\/fr\/home\/"},{"@type":"ListItem","position":2,"name":"Agence de location \u00e0 Barcelone","item":"https:\/\/www.locabarcelona.com\/fr\/louer-propriete\/"},{"@type":"ListItem","position":3,"name":"Appartement avec Terrasse \u00e0 Barcelone"}]},{"@type":"WebSite","@id":"https:\/\/locabarcelona.egluu.com\/fr\/#website","url":"https:\/\/locabarcelona.egluu.com\/fr\/","name":"Loca Barcelona","description":"Real Estate Services","publisher":{"@id":"https:\/\/locabarcelona.egluu.com\/fr\/#organization"},"potentialAction":[{"@type":"SearchAction","target":{"@type":"EntryPoint","urlTemplate":"https:\/\/locabarcelona.egluu.com\/fr\/?s={search_term_string}"},"query-input":"required name=search_term_string"}],"inLanguage":"fr-FR"},{"@type":"Organization","@id":"https:\/\/locabarcelona.egluu.com\/fr\/#organization","name":"Loca Barcelona","url":"https:\/\/locabarcelona.egluu.com\/fr\/","logo":{"@type":"ImageObject","inLanguage":"fr-FR","@id":"https:\/\/locabarcelona.egluu.com\/fr\/#\/schema\/logo\/image\/","url":"https:\/\/locabarcelona.egluu.com\/wp-content\/uploads\/2021\/10\/logo_locabarcelona_small.png","contentUrl":"https:\/\/locabarcelona.egluu.com\/wp-content\/uploads\/2021\/10\/logo_locabarcelona_small.png","width":250,"height":149,"caption":"Loca Barcelona"},"image":{"@id":"https:\/\/locabarcelona.egluu.com\/fr\/#\/schema\/logo\/image\/"}}]}},"_links":{"self":[{"href":"https:\/\/locabarcelona.egluu.com\/fr\/wp-json\/wp\/v2\/pages\/470679"}],"collection":[{"href":"https:\/\/locabarcelona.egluu.com\/fr\/wp-json\/wp\/v2\/pages"}],"about":[{"href":"https:\/\/locabarcelona.egluu.com\/fr\/wp-json\/wp\/v2\/types\/page"}],"author":[{"embeddable":true,"href":"https:\/\/locabarcelona.egluu.com\/fr\/wp-json\/wp\/v2\/users\/344"}],"replies":[{"embeddable":true,"href":"https:\/\/locabarcelona.egluu.com\/fr\/wp-json\/wp\/v2\/comments?post=470679"}],"version-history":[{"count":0,"href":"https:\/\/locabarcelona.egluu.com\/fr\/wp-json\/wp\/v2\/pages\/470679\/revisions"}],"up":[{"embeddable":true,"href":"https:\/\/locabarcelona.egluu.com\/fr\/wp-json\/wp\/v2\/pages\/438279"}],"wp:attachment":[{"href":"https:\/\/locabarcelona.egluu.com\/fr\/wp-json\/wp\/v2\/media?parent=470679"}],"curies":[{"name":"wp","href":"https:\/\/api.w.org\/{rel}","templated":true}]}}