{"id":471086,"date":"2023-01-17T18:01:31","date_gmt":"2023-01-17T17:01:31","guid":{"rendered":"https:\/\/locabarcelona.egluu.com\/?page_id=471086"},"modified":"2023-01-17T18:05:11","modified_gmt":"2023-01-17T17:05:11","slug":"appartement-dernier-etage-avec-terrasse-a-barcelone","status":"publish","type":"page","link":"https:\/\/locabarcelona.egluu.com\/fr\/louer-propriete\/appartement-dernier-etage-avec-terrasse-a-barcelone\/","title":{"rendered":"Appartement Dernier \u00e9tage avec Terrasse \u00e0 Barcelone"},"content":{"rendered":"\t\t<div data-elementor-type=\"wp-page\" data-elementor-id=\"471086\" class=\"elementor elementor-471086\" data-elementor-post-type=\"page\">\n\t\t\t\t\t\t<section class=\"elementor-section elementor-top-section elementor-element elementor-element-6e46e1ad elementor-section-boxed elementor-section-height-default elementor-section-height-default\" data-id=\"6e46e1ad\" data-element_type=\"section\">\n\t\t\t\t\t\t<div class=\"elementor-container elementor-column-gap-default\">\n\t\t\t\t\t<div class=\"elementor-column elementor-col-100 elementor-top-column elementor-element elementor-element-59c1b642\" data-id=\"59c1b642\" data-element_type=\"column\">\n\t\t\t<div class=\"elementor-widget-wrap elementor-element-populated\">\n\t\t\t\t\t\t<div class=\"elementor-element elementor-element-21344363 elementor-widget elementor-widget-text-editor\" data-id=\"21344363\" data-element_type=\"widget\" data-widget_type=\"text-editor.default\">\n\t\t\t\t<div class=\"elementor-widget-container\">\n\t\t\t\t\t\t\t<div class=\"order-details-big__content\"><div class=\"tab-content\"><div id=\"tab_original_text\" class=\"tab-pane active\"><div class=\"tab-pane-content\"><div class=\"slim-scroll-tab tab-content\"><div id=\"preview_originaltext\" class=\"tab-pane html-preview-tab-content active\"><div class=\"no-scroll\"><div class=\"text-content\"><h2>Louer un appartement au dernier \u00e9tage avec terrasse \u00e0 Barcelone<\/h2><br \/>La <strong>location longue dur\u00e9e d&#8217;un appartement<\/strong> au dernier \u00e9tage avec terrasse procure de nombreux avantages. Ce bien propos\u00e9 en exclusivit\u00e9 par certaines agences immobili\u00e8res de Barcelone est consid\u00e9r\u00e9 comme une opportunit\u00e9 puisque son implantation id\u00e9ale permet une vue extraordinaire et une luminosit\u00e9 extr\u00eame. <br \/>Vous avez sans doute remarqu\u00e9 que ces biens sont plut\u00f4t rares dans la ville de Gaudi, leur situation unique \u00e9tant recherch\u00e9e. C&#8217;est pourquoi faire appel \u00e0 une agence disposant d&#8217;un r\u00e9seau \u00e9tendu comme Loca Barcelona est une bonne id\u00e9e !<br \/><br \/><h2>Les avantages \u00e0 louer un appartement atico \u00e0 Barcelone<\/h2><br \/>L&#8217;<strong>appartement au dernier \u00e9tage<\/strong>, atico ou penthouse, dispose d&#8217;une architecture bien particuli\u00e8re. Situ\u00e9 sous les toits, ce bien d&#8217;exception dispose parfois de plafonds vo\u00fbt\u00e9s, de poutres traversantes et de grandes fen\u00eatres ou portes-fen\u00eatres amenant sur des espaces ext\u00e9rieurs.<br \/>L&#8217;<strong>appartement atico<\/strong> avec terrasse ou balcon est un bien de luxe, g\u00e9n\u00e9ralement r\u00e9nov\u00e9 depuis peu. Pr\u00e9sent\u00e9 meubl\u00e9 ou non, le lieu se singularise par ses prestations de qualit\u00e9 sup\u00e9rieure, et notamment sa d\u00e9coration authentique et pittoresque ou \u00e9pur\u00e9e et design, fa\u00e7on loft.<br \/>Niveau praticit\u00e9 et fonctionnalit\u00e9, tout est pr\u00e9vu ! Un ascenseur am\u00e8ne directement \u00e0 l&#8217;<strong>appartement en rooftop<\/strong>. Le plus souvent, le logement prend tout un \u00e9tage et offre donc une large surface habitable, avec une grande pi\u00e8ce de vie et plusieurs chambres.<br \/><br \/><h2>Pourquoi louer un appartement en rooftop ?<\/h2><br \/>La location d&#8217;un <strong>appartement au dernier \u00e9tage<\/strong> avec Loca Barcelona est bien organis\u00e9e, d&#8217;abord en fonction de vos crit\u00e8res, puis en explorant toutes les opportunit\u00e9s du march\u00e9. Si le bien recherch\u00e9 est un <strong>appartement en rooftop<\/strong>, Loca Barcelona met son r\u00e9seau sp\u00e9cialis\u00e9 en alerte pour trouver le bien id\u00e9al pour vous. Quelles sont les raisons qui poussent \u00e0 pr\u00e9f\u00e9rer la location d&#8217;un <strong>appartement au dernier \u00e9tage<\/strong> :<ul><li>si vous comptez passer quelques mois \u00e0 Barcelone, la location est pr\u00e9f\u00e9rable \u00e0 l&#8217;achat. Les biens meubl\u00e9s sont en plus pr\u00eats \u00e0 vous recevoir. Vous n&#8217;avez pas \u00e0 d\u00e9m\u00e9nager votre ancien appartement ;<\/li><li>la vue depuis les fen\u00eatres et balcons est panoramique : vous pouvez admirer les joyaux de Barcelone, sans vous priver ;<\/li><li>le calme est garanti puisque vous n&#8217;avez pas de voisins au-dessus de vous ;<\/li><li>l&#8217;intimit\u00e9 est assur\u00e9e puisqu&#8217;aucun vis-\u00e0-vis n&#8217;existe et la s\u00e9curit\u00e9 est renforc\u00e9e : difficile pour les cambrioleurs d&#8217;agir \u00e0 ce niveau ;<\/li><li>la luminosit\u00e9 est plus importante dans les \u00e9tages les plus \u00e9lev\u00e9s.<\/li><\/ul><h2>Dans quel quartier de Barcelone louer un attique ?<\/h2><br \/>Loca Barcelona propose la location d&#8217;<strong>appartements au dernier \u00e9tage<\/strong> sur le moyen et le long terme aux Barcelonais mais aussi aux expatri\u00e9s et aux personnes souhaitant s\u00e9journer plusieurs mois \u00e0 Barna. Les biens s\u00e9lectionn\u00e9s par les agents immobiliers se trouvent dans tous les quartiers. Nous vous invitons \u00e0 nous indiquer vos pr\u00e9f\u00e9rences entre le quartier de la Sagrada Familia, Sants, le quartier gothique, Barceloneta, El Raval, Montjuic, etc. <br \/>Apr\u00e8s avoir trouv\u00e9 l&#8217;<strong>atico<\/strong> correspondant le plus \u00e0 vos exigences, notre \u00e9quipe se rend disponible pour vous le faire visiter, puis vous accompagne pour la r\u00e9alisation de votre dossier \u00e0 remettre au propri\u00e9taire. Vous avez \u00e9galement acc\u00e8s \u00e0 notre site internet qui vous permet de filtrer la recherche en indiquant les qualit\u00e9s et prestations recherch\u00e9es : nombre de pi\u00e8ces (notamment salles de bain et chambres), type de cuisine (ouverte, semi-ouverte, etc.), \u00e9quipements, etc.<br \/>Loca Barcelona suit chaque phase de votre projet. Vous recherchez un <strong>appartement au dernier \u00e9tage avec terrasse \u00e0 Barcelone<\/strong> ? Contactez un agent immobilier implant\u00e9 \u00e0 Barna depuis de nombreuses ann\u00e9es !<\/div><\/div><\/div><\/div><\/div><\/div><\/div><\/div>\t\t\t\t\t\t<\/div>\n\t\t\t\t<\/div>\n\t\t\t\t\t<\/div>\n\t\t<\/div>\n\t\t\t\t\t<\/div>\n\t\t<\/section>\n\t\t\t\t<section class=\"elementor-section elementor-top-section elementor-element elementor-element-52748c68 elementor-section-boxed elementor-section-height-default elementor-section-height-default\" data-id=\"52748c68\" data-element_type=\"section\">\n\t\t\t\t\t\t<div class=\"elementor-container elementor-column-gap-default\">\n\t\t\t\t\t<div class=\"elementor-column elementor-col-100 elementor-top-column elementor-element elementor-element-231e1936\" data-id=\"231e1936\" data-element_type=\"column\">\n\t\t\t<div class=\"elementor-widget-wrap elementor-element-populated\">\n\t\t\t\t\t\t<div class=\"elementor-element elementor-element-7b290d2 elementor-widget elementor-widget-heading\" data-id=\"7b290d2\" data-element_type=\"widget\" data-widget_type=\"heading.default\">\n\t\t\t\t<div class=\"elementor-widget-container\">\n\t\t\t<h2 class=\"elementor-heading-title elementor-size-default\">Appartements \u00e0 louer par quartier<\/h2>\t\t<\/div>\n\t\t\t\t<\/div>\n\t\t\t\t\t<\/div>\n\t\t<\/div>\n\t\t\t\t\t<\/div>\n\t\t<\/section>\n\t\t\t\t<section class=\"elementor-section elementor-top-section elementor-element elementor-element-7c81a9f7 elementor-section-boxed elementor-section-height-default elementor-section-height-default\" data-id=\"7c81a9f7\" data-element_type=\"section\">\n\t\t\t\t\t\t<div class=\"elementor-container elementor-column-gap-default\">\n\t\t\t\t\t<div class=\"elementor-column elementor-col-50 elementor-top-column elementor-element elementor-element-4577dda2\" data-id=\"4577dda2\" data-element_type=\"column\">\n\t\t\t<div class=\"elementor-widget-wrap elementor-element-populated\">\n\t\t\t\t\t\t<div class=\"elementor-element elementor-element-2993b3 elementor-widget elementor-widget-global elementor-global-444630 elementor-widget-text-editor\" data-id=\"2993b3\" data-element_type=\"widget\" data-widget_type=\"text-editor.default\">\n\t\t\t\t<div class=\"elementor-widget-container\">\n\t\t\t\t\t\t\t<p><a href=\"https:\/\/locabarcelona.egluu.com\/fr\/louer-propriete\/el-eixample\/\">Appartements \u00e0 louer Eixample<\/a><br \/><a href=\"https:\/\/locabarcelona.egluu.com\/fr\/louer-propriete\/eixample-dreta\/\">Appartements \u00e0 louer Eixample Dreta<\/a><br \/><span data-sheets-value=\"{\"><a href=\"https:\/\/locabarcelona.egluu.com\/fr\/louer-propriete\/antiga-esquerra-eixample\/\">Appartements \u00e0 louer Antiga Esquerra de l&#8217;Eixample<\/a><br \/><a href=\"https:\/\/locabarcelona.egluu.com\/fr\/louer-propriete\/nova-esquerra-eixample\/\">Appartements \u00e0 louer Nova Esquerra de l&#8217;Eixample<\/a><br \/><a href=\"https:\/\/locabarcelona.egluu.com\/fr\/louer-propriete\/fort-pienc\/\">Appartements \u00e0 louer Fort Pienc<\/a><br \/><a href=\"https:\/\/locabarcelona.egluu.com\/fr\/louer-propriete\/eixample\/sagrada-familia\/\">Appartements \u00e0 louer Sagrada Familia<\/a><br \/><a href=\"https:\/\/locabarcelona.egluu.com\/fr\/louer-propriete\/eixample\/sant-antoni\/\">Appartements \u00e0 louer Sant antoni<\/a><br \/><a href=\"https:\/\/locabarcelona.egluu.com\/fr\/louer-propriete\/ciutat-vella\/\">Appartements \u00e0 louer Ciutat Vella<\/a><br \/><a href=\"https:\/\/locabarcelona.egluu.com\/fr\/louer-propriete\/gothique\/\">Appartements \u00e0 louer el Gotico<\/a><br \/><a href=\"https:\/\/locabarcelona.egluu.com\/fr\/louer-propriete\/raval\/\">Appartements \u00e0 louer el Raval<\/a><br \/><a href=\"https:\/\/locabarcelona.egluu.com\/fr\/louer-propriete\/born\/\">Appartements \u00e0 louer el Born<\/a><br \/><a href=\"https:\/\/locabarcelona.egluu.com\/fr\/louer-propriete\/barceloneta\/\">Appartements \u00e0 louer Barceloneta<\/a><br \/><a href=\"https:\/\/locabarcelona.egluu.com\/fr\/louer-propriete\/sants-montjuic\/\">Appartements \u00e0 louer Sants-Montju\u00efc<\/a><br \/><a href=\"https:\/\/locabarcelona.egluu.com\/fr\/louer-propriete\/poble-sec\/\">Appartements \u00e0 louer Poble Sec<\/a><br \/><a href=\"https:\/\/locabarcelona.egluu.com\/fr\/louer-propriete\/sants\/\">Appartements \u00e0 louer Sants<\/a><br \/><a href=\"https:\/\/locabarcelona.egluu.com\/fr\/louer-propriete\/el-putxet-i-farro\/\">Appartements \u00e0 louer el Putxet i Farr\u00f3<\/a><br \/><a href=\"https:\/\/locabarcelona.egluu.com\/fr\/louer-propriete\/las-tres-torres\/\">Appartements \u00e0 louer Las Tres Torres<\/a><br \/><a href=\"https:\/\/locabarcelona.egluu.com\/fr\/louer-propriete\/hostafrancs\/\">Appartements \u00e0 louer Hostafrancs<\/a><br \/><a href=\"https:\/\/locabarcelona.egluu.com\/fr\/louer-propriete\/la-marina-del-prat-vermell\/\">Appartements \u00e0 louer La marina del prat Vermell<\/a><br \/><a href=\"https:\/\/locabarcelona.egluu.com\/fr\/louer-propriete\/la-marina-de-port\/\">Appartements \u00e0 louer La marina de Port<\/a><br \/><a href=\"https:\/\/locabarcelona.egluu.com\/fr\/louer-propriete\/lafont-de-la-guatlla\/\">Appartements \u00e0 louer Lafont de la Guatlla<\/a><\/span><\/p>\t\t\t\t\t\t<\/div>\n\t\t\t\t<\/div>\n\t\t\t\t\t<\/div>\n\t\t<\/div>\n\t\t\t\t<div class=\"elementor-column elementor-col-50 elementor-top-column elementor-element elementor-element-777be4f5\" data-id=\"777be4f5\" data-element_type=\"column\">\n\t\t\t<div class=\"elementor-widget-wrap elementor-element-populated\">\n\t\t\t\t\t\t<div class=\"elementor-element elementor-element-3267d1a6 elementor-widget elementor-widget-global elementor-global-444621 elementor-widget-text-editor\" data-id=\"3267d1a6\" data-element_type=\"widget\" data-widget_type=\"text-editor.default\">\n\t\t\t\t<div class=\"elementor-widget-container\">\n\t\t\t\t\t\t\t<p><a href=\"https:\/\/locabarcelona.egluu.com\/fr\/louer-propriete\/les-corts\" data-wplink-edit=\"true\">Appartements \u00e0 louer les Corts<\/a><a href=\"https:\/\/locabarcelona.egluu.com\/fr\/louer-propriete\/sarria-sant-gervasi\/\"><br \/><\/a><a href=\"https:\/\/locabarcelona.egluu.com\/fr\/louer-propriete\/pedralbes\/\">Appartements \u00e0 louer Pedralbes<br \/><\/a><a href=\"https:\/\/locabarcelona.egluu.com\/fr\/louer-propriete\/sarria-sant-gervasi\/\">Appartements \u00e0 louer Sarria Sant Gervasi<\/a><a href=\"https:\/\/locabarcelona.egluu.com\/fr\/louer-propriete\/pedralbes\/\"><br \/><\/a><a href=\"https:\/\/locabarcelona.egluu.com\/fr\/louer-propriete\/sarria\/\">Appartements \u00e0 louer Sarria<\/a><a href=\"https:\/\/locabarcelona.egluu.com\/fr\/louer-propriete\/pedralbes\/\"><br \/><\/a><a href=\"https:\/\/locabarcelona.egluu.com\/fr\/louer-propriete\/gracia\/\">Appartements \u00e0 louer Gracia<\/a><a href=\"https:\/\/locabarcelona.egluu.com\/fr\/louer-propriete\/pedralbes\/\"><br \/><\/a><a href=\"https:\/\/locabarcelona.egluu.com\/fr\/louer-propriete\/vila-de-gracia\/\">Appartements \u00e0 louer Vila de Gr\u00e0cia<\/a><a href=\"https:\/\/locabarcelona.egluu.com\/fr\/louer-propriete\/pedralbes\/\"><br \/><\/a><a href=\"https:\/\/locabarcelona.egluu.com\/fr\/louer-propriete\/horta-guinardo\/\">Appartements \u00e0 louer Horta Guinardo<\/a><a href=\"https:\/\/locabarcelona.egluu.com\/fr\/louer-propriete\/pedralbes\/\"><br \/><\/a><a href=\"https:\/\/locabarcelona.egluu.com\/fr\/louer-propriete\/nou-barris\/\">Appartements \u00e0 louer Nou Barris<\/a><a href=\"https:\/\/locabarcelona.egluu.com\/fr\/louer-propriete\/pedralbes\/\"><br \/><\/a><a href=\"https:\/\/locabarcelona.egluu.com\/fr\/louer-propriete\/sant-andreu\/\">Appartements \u00e0 louer Sant Andreu<\/a><a href=\"https:\/\/locabarcelona.egluu.com\/fr\/louer-propriete\/pedralbes\/\"><br \/><\/a><a href=\"https:\/\/locabarcelona.egluu.com\/fr\/louer-propriete\/sant-marti\/\">Appartements \u00e0 louer Sant Marti<\/a><a href=\"https:\/\/locabarcelona.egluu.com\/fr\/louer-propriete\/pedralbes\/\"><br \/><\/a><a href=\"https:\/\/locabarcelona.egluu.com\/fr\/louer-propriete\/el-clot\/\">Appartements \u00e0 louer el Clot<\/a><a href=\"https:\/\/locabarcelona.egluu.com\/fr\/louer-propriete\/pedralbes\/\"><br \/><\/a><a href=\"https:\/\/locabarcelona.egluu.com\/fr\/louer-propriete\/vila-olimpica-del-poblenou\/\">Appartements \u00e0 louer vila olimpica del Poblenou<\/a><a href=\"https:\/\/locabarcelona.egluu.com\/fr\/louer-propriete\/pedralbes\/\"><br \/><\/a><a href=\"https:\/\/locabarcelona.egluu.com\/fr\/louer-propriete\/poblenou\/\">Appartements \u00e0 louer Poblenou<\/a><a href=\"https:\/\/locabarcelona.egluu.com\/fr\/louer-propriete\/pedralbes\/\"><br \/><\/a><a href=\"https:\/\/locabarcelona.egluu.com\/fr\/louer-propriete\/sant-gervasi-la-bonanova\/\">Appartements \u00e0 louer Sant gervasi &#8211; la bonanova<\/a><a href=\"https:\/\/locabarcelona.egluu.com\/fr\/louer-propriete\/pedralbes\/\"><br \/><\/a><a href=\"https:\/\/locabarcelona.egluu.com\/fr\/louer-propriete\/sant-gervasi-galvany\/\">Appartements \u00e0 louer Sant Gervasi Galvany<\/a><a href=\"https:\/\/locabarcelona.egluu.com\/fr\/louer-propriete\/pedralbes\/\"><br \/><\/a><a href=\"https:\/\/locabarcelona.egluu.com\/fr\/louer-propriete\/provencals-del-poblenou\/\">Appartements \u00e0 louer Proven\u00e7als del Poblenou<\/a><a href=\"https:\/\/locabarcelona.egluu.com\/fr\/louer-propriete\/pedralbes\/\"><br \/><\/a><a href=\"https:\/\/locabarcelona.egluu.com\/fr\/louer-propriete\/camp-d-en-grassot-gracia-nova\/\">Appartements \u00e0 louer Camp d&#8217;en Grassot i Gr\u00e0cia\u00a0<\/a><a href=\"https:\/\/locabarcelona.egluu.com\/fr\/louer-propriete\/pedralbes\/\"><br \/><\/a><a href=\"https:\/\/locabarcelona.egluu.com\/fr\/louer-propriete\/sants-badal\/\">Appartements \u00e0 louer Sants-Badal<\/a><a href=\"https:\/\/locabarcelona.egluu.com\/fr\/louer-propriete\/pedralbes\/\"><br \/><\/a><a href=\"https:\/\/locabarcelona.egluu.com\/fr\/louer-propriete\/el-parc-i-la-llacuna-del-poblenou\/\">Appartements \u00e0 louer el Parc i la Llacuna del Poblenou<\/a><a href=\"https:\/\/locabarcelona.egluu.com\/fr\/louer-propriete\/pedralbes\/\"><br \/><\/a><a href=\"https:\/\/locabarcelona.egluu.com\/fr\/louer-propriete\/zona-franca\/\">Appartements \u00e0 louer Zona Franca<\/a><br \/><a href=\"https:\/\/locabarcelona.egluu.com\/fr\/louer-propriete\/la-bordeta\/\">Appartements \u00e0 louer La Bordeta<\/a><\/p>\t\t\t\t\t\t<\/div>\n\t\t\t\t<\/div>\n\t\t\t\t\t<\/div>\n\t\t<\/div>\n\t\t\t\t\t<\/div>\n\t\t<\/section>\n\t\t\t\t<\/div>\n\t\t","protected":false},"excerpt":{"rendered":"<p>Louer un appartement au dernier \u00e9tage avec terrasse \u00e0 Barcelone La location longue dur\u00e9e d&#8217;un appartement au dernier \u00e9tage avec terrasse procure de nombreux avantages. Ce bien propos\u00e9 en exclusivit\u00e9 par certaines agences immobili\u00e8res de Barcelone est consid\u00e9r\u00e9 comme une opportunit\u00e9 puisque son implantation id\u00e9ale permet une vue extraordinaire et une luminosit\u00e9 extr\u00eame. Vous avez&#8230;<\/p>\n","protected":false},"author":344,"featured_media":0,"parent":438279,"menu_order":0,"comment_status":"closed","ping_status":"closed","template":"templates\/list-layout.php","meta":{"inline_featured_image":false,"footnotes":""},"yoast_head":"<!-- This site is optimized with the Yoast SEO Premium plugin v22.6 (Yoast SEO v22.6) - https:\/\/yoast.com\/wordpress\/plugins\/seo\/ -->\n<title>Appartement Dernier \u00e9tage avec Terrasse \u00e0 Barcelone | Locabarcelona<\/title>\n<meta name=\"description\" content=\"Trouvez l&#039;appartement au dernier \u00e9tage avec terrasse \u00e0 Barcelone de vos r\u00eaves !\u2600\ufe0f\u2600\ufe0f\u2600\ufe0f D\u00e9couvrez notre s\u00e9lection d&#039;Atico et r\u00e9servez une visite !\" \/>\n<meta name=\"robots\" content=\"noindex, follow, max-snippet:-1, max-image-preview:large, max-video-preview:-1\" \/>\n<meta property=\"og:locale\" content=\"fr_FR\" \/>\n<meta property=\"og:type\" content=\"article\" \/>\n<meta property=\"og:title\" content=\"Appartement Dernier \u00e9tage avec Terrasse \u00e0 Barcelone | Locabarcelona\" \/>\n<meta property=\"og:description\" content=\"Trouvez l&#039;appartement au dernier \u00e9tage avec terrasse \u00e0 Barcelone de vos r\u00eaves !\u2600\ufe0f\u2600\ufe0f\u2600\ufe0f D\u00e9couvrez notre s\u00e9lection d&#039;Atico et r\u00e9servez une visite !\" \/>\n<meta property=\"og:url\" content=\"https:\/\/locabarcelona.egluu.com\/fr\/louer-propriete\/appartement-dernier-etage-avec-terrasse-a-barcelone\/\" \/>\n<meta property=\"og:site_name\" content=\"Locabarcelona\" \/>\n<meta property=\"article:modified_time\" content=\"2023-01-17T17:05:11+00:00\" \/>\n<meta name=\"twitter:card\" content=\"summary_large_image\" \/>\n<meta name=\"twitter:label1\" content=\"Est. reading time\" \/>\n\t<meta name=\"twitter:data1\" content=\"5 minutes\" \/>\n<script type=\"application\/ld+json\" class=\"yoast-schema-graph\">{\"@context\":\"https:\/\/schema.org\",\"@graph\":[{\"@type\":\"WebPage\",\"@id\":\"https:\/\/locabarcelona.egluu.com\/fr\/louer-propriete\/appartement-dernier-etage-avec-terrasse-a-barcelone\/\",\"url\":\"https:\/\/locabarcelona.egluu.com\/fr\/louer-propriete\/appartement-dernier-etage-avec-terrasse-a-barcelone\/\",\"name\":\"Appartement Dernier \u00e9tage avec Terrasse \u00e0 Barcelone | Locabarcelona\",\"isPartOf\":{\"@id\":\"https:\/\/locabarcelona.egluu.com\/fr\/#website\"},\"datePublished\":\"2023-01-17T17:01:31+00:00\",\"dateModified\":\"2023-01-17T17:05:11+00:00\",\"description\":\"Trouvez l'appartement au dernier \u00e9tage avec terrasse \u00e0 Barcelone de vos r\u00eaves !\u2600\ufe0f\u2600\ufe0f\u2600\ufe0f D\u00e9couvrez notre s\u00e9lection d'Atico et r\u00e9servez une visite !\",\"breadcrumb\":{\"@id\":\"https:\/\/locabarcelona.egluu.com\/fr\/louer-propriete\/appartement-dernier-etage-avec-terrasse-a-barcelone\/#breadcrumb\"},\"inLanguage\":\"fr-FR\",\"potentialAction\":[{\"@type\":\"ReadAction\",\"target\":[\"https:\/\/locabarcelona.egluu.com\/fr\/louer-propriete\/appartement-dernier-etage-avec-terrasse-a-barcelone\/\"]}]},{\"@type\":\"BreadcrumbList\",\"@id\":\"https:\/\/locabarcelona.egluu.com\/fr\/louer-propriete\/appartement-dernier-etage-avec-terrasse-a-barcelone\/#breadcrumb\",\"itemListElement\":[{\"@type\":\"ListItem\",\"position\":1,\"name\":\"Inicio\",\"item\":\"https:\/\/www.locabarcelona.com\/fr\/home\/\"},{\"@type\":\"ListItem\",\"position\":2,\"name\":\"Agence de location \u00e0 Barcelone\",\"item\":\"https:\/\/www.locabarcelona.com\/fr\/louer-propriete\/\"},{\"@type\":\"ListItem\",\"position\":3,\"name\":\"Appartement Dernier \u00e9tage avec Terrasse \u00e0 Barcelone\"}]},{\"@type\":\"WebSite\",\"@id\":\"https:\/\/locabarcelona.egluu.com\/fr\/#website\",\"url\":\"https:\/\/locabarcelona.egluu.com\/fr\/\",\"name\":\"Loca Barcelona\",\"description\":\"Real Estate Services\",\"publisher\":{\"@id\":\"https:\/\/locabarcelona.egluu.com\/fr\/#organization\"},\"potentialAction\":[{\"@type\":\"SearchAction\",\"target\":{\"@type\":\"EntryPoint\",\"urlTemplate\":\"https:\/\/locabarcelona.egluu.com\/fr\/?s={search_term_string}\"},\"query-input\":\"required name=search_term_string\"}],\"inLanguage\":\"fr-FR\"},{\"@type\":\"Organization\",\"@id\":\"https:\/\/locabarcelona.egluu.com\/fr\/#organization\",\"name\":\"Loca Barcelona\",\"url\":\"https:\/\/locabarcelona.egluu.com\/fr\/\",\"logo\":{\"@type\":\"ImageObject\",\"inLanguage\":\"fr-FR\",\"@id\":\"https:\/\/locabarcelona.egluu.com\/fr\/#\/schema\/logo\/image\/\",\"url\":\"https:\/\/locabarcelona.egluu.com\/wp-content\/uploads\/2021\/10\/logo_locabarcelona_small.png\",\"contentUrl\":\"https:\/\/locabarcelona.egluu.com\/wp-content\/uploads\/2021\/10\/logo_locabarcelona_small.png\",\"width\":250,\"height\":149,\"caption\":\"Loca Barcelona\"},\"image\":{\"@id\":\"https:\/\/locabarcelona.egluu.com\/fr\/#\/schema\/logo\/image\/\"}}]}<\/script>\n<!-- \/ Yoast SEO Premium plugin. -->","yoast_head_json":{"title":"Appartement Dernier \u00e9tage avec Terrasse \u00e0 Barcelone | Locabarcelona","description":"Trouvez l'appartement au dernier \u00e9tage avec terrasse \u00e0 Barcelone de vos r\u00eaves !\u2600\ufe0f\u2600\ufe0f\u2600\ufe0f D\u00e9couvrez notre s\u00e9lection d'Atico et r\u00e9servez une visite !","robots":{"index":"noindex","follow":"follow","max-snippet":"max-snippet:-1","max-image-preview":"max-image-preview:large","max-video-preview":"max-video-preview:-1"},"og_locale":"fr_FR","og_type":"article","og_title":"Appartement Dernier \u00e9tage avec Terrasse \u00e0 Barcelone | Locabarcelona","og_description":"Trouvez l'appartement au dernier \u00e9tage avec terrasse \u00e0 Barcelone de vos r\u00eaves !\u2600\ufe0f\u2600\ufe0f\u2600\ufe0f D\u00e9couvrez notre s\u00e9lection d'Atico et r\u00e9servez une visite !","og_url":"https:\/\/locabarcelona.egluu.com\/fr\/louer-propriete\/appartement-dernier-etage-avec-terrasse-a-barcelone\/","og_site_name":"Locabarcelona","article_modified_time":"2023-01-17T17:05:11+00:00","twitter_card":"summary_large_image","twitter_misc":{"Est. reading time":"5 minutes"},"schema":{"@context":"https:\/\/schema.org","@graph":[{"@type":"WebPage","@id":"https:\/\/locabarcelona.egluu.com\/fr\/louer-propriete\/appartement-dernier-etage-avec-terrasse-a-barcelone\/","url":"https:\/\/locabarcelona.egluu.com\/fr\/louer-propriete\/appartement-dernier-etage-avec-terrasse-a-barcelone\/","name":"Appartement Dernier \u00e9tage avec Terrasse \u00e0 Barcelone | Locabarcelona","isPartOf":{"@id":"https:\/\/locabarcelona.egluu.com\/fr\/#website"},"datePublished":"2023-01-17T17:01:31+00:00","dateModified":"2023-01-17T17:05:11+00:00","description":"Trouvez l'appartement au dernier \u00e9tage avec terrasse \u00e0 Barcelone de vos r\u00eaves !\u2600\ufe0f\u2600\ufe0f\u2600\ufe0f D\u00e9couvrez notre s\u00e9lection d'Atico et r\u00e9servez une visite !","breadcrumb":{"@id":"https:\/\/locabarcelona.egluu.com\/fr\/louer-propriete\/appartement-dernier-etage-avec-terrasse-a-barcelone\/#breadcrumb"},"inLanguage":"fr-FR","potentialAction":[{"@type":"ReadAction","target":["https:\/\/locabarcelona.egluu.com\/fr\/louer-propriete\/appartement-dernier-etage-avec-terrasse-a-barcelone\/"]}]},{"@type":"BreadcrumbList","@id":"https:\/\/locabarcelona.egluu.com\/fr\/louer-propriete\/appartement-dernier-etage-avec-terrasse-a-barcelone\/#breadcrumb","itemListElement":[{"@type":"ListItem","position":1,"name":"Inicio","item":"https:\/\/www.locabarcelona.com\/fr\/home\/"},{"@type":"ListItem","position":2,"name":"Agence de location \u00e0 Barcelone","item":"https:\/\/www.locabarcelona.com\/fr\/louer-propriete\/"},{"@type":"ListItem","position":3,"name":"Appartement Dernier \u00e9tage avec Terrasse \u00e0 Barcelone"}]},{"@type":"WebSite","@id":"https:\/\/locabarcelona.egluu.com\/fr\/#website","url":"https:\/\/locabarcelona.egluu.com\/fr\/","name":"Loca Barcelona","description":"Real Estate Services","publisher":{"@id":"https:\/\/locabarcelona.egluu.com\/fr\/#organization"},"potentialAction":[{"@type":"SearchAction","target":{"@type":"EntryPoint","urlTemplate":"https:\/\/locabarcelona.egluu.com\/fr\/?s={search_term_string}"},"query-input":"required name=search_term_string"}],"inLanguage":"fr-FR"},{"@type":"Organization","@id":"https:\/\/locabarcelona.egluu.com\/fr\/#organization","name":"Loca Barcelona","url":"https:\/\/locabarcelona.egluu.com\/fr\/","logo":{"@type":"ImageObject","inLanguage":"fr-FR","@id":"https:\/\/locabarcelona.egluu.com\/fr\/#\/schema\/logo\/image\/","url":"https:\/\/locabarcelona.egluu.com\/wp-content\/uploads\/2021\/10\/logo_locabarcelona_small.png","contentUrl":"https:\/\/locabarcelona.egluu.com\/wp-content\/uploads\/2021\/10\/logo_locabarcelona_small.png","width":250,"height":149,"caption":"Loca Barcelona"},"image":{"@id":"https:\/\/locabarcelona.egluu.com\/fr\/#\/schema\/logo\/image\/"}}]}},"_links":{"self":[{"href":"https:\/\/locabarcelona.egluu.com\/fr\/wp-json\/wp\/v2\/pages\/471086"}],"collection":[{"href":"https:\/\/locabarcelona.egluu.com\/fr\/wp-json\/wp\/v2\/pages"}],"about":[{"href":"https:\/\/locabarcelona.egluu.com\/fr\/wp-json\/wp\/v2\/types\/page"}],"author":[{"embeddable":true,"href":"https:\/\/locabarcelona.egluu.com\/fr\/wp-json\/wp\/v2\/users\/344"}],"replies":[{"embeddable":true,"href":"https:\/\/locabarcelona.egluu.com\/fr\/wp-json\/wp\/v2\/comments?post=471086"}],"version-history":[{"count":0,"href":"https:\/\/locabarcelona.egluu.com\/fr\/wp-json\/wp\/v2\/pages\/471086\/revisions"}],"up":[{"embeddable":true,"href":"https:\/\/locabarcelona.egluu.com\/fr\/wp-json\/wp\/v2\/pages\/438279"}],"wp:attachment":[{"href":"https:\/\/locabarcelona.egluu.com\/fr\/wp-json\/wp\/v2\/media?parent=471086"}],"curies":[{"name":"wp","href":"https:\/\/api.w.org\/{rel}","templated":true}]}}