{"id":522766,"date":"2024-04-03T16:06:48","date_gmt":"2024-04-03T14:06:48","guid":{"rendered":"https:\/\/locabarcelona.egluu.com\/?page_id=522766"},"modified":"2024-08-19T12:10:54","modified_gmt":"2024-08-19T10:10:54","slug":"sants-montjuic","status":"publish","type":"page","link":"https:\/\/locabarcelona.egluu.com\/fr\/vente-appartements-barcelone\/sants-montjuic\/","title":{"rendered":"Appartements \u00e0 vendre \u00e0 Sants-Montjuic"},"content":{"rendered":"\t\t<div data-elementor-type=\"wp-page\" data-elementor-id=\"522766\" class=\"elementor elementor-522766 elementor-521613\" data-elementor-post-type=\"page\">\n\t\t\t\t\t\t<section class=\"elementor-section elementor-top-section elementor-element elementor-element-2fd2862a elementor-section-boxed elementor-section-height-default elementor-section-height-default\" data-id=\"2fd2862a\" data-element_type=\"section\">\n\t\t\t\t\t\t<div class=\"elementor-container elementor-column-gap-default\">\n\t\t\t\t\t<div class=\"elementor-column elementor-col-100 elementor-top-column elementor-element elementor-element-a3df5d7\" data-id=\"a3df5d7\" data-element_type=\"column\">\n\t\t\t<div class=\"elementor-widget-wrap elementor-element-populated\">\n\t\t\t\t\t\t<div class=\"elementor-element elementor-element-398c8d46 elementor-widget elementor-widget-text-editor\" data-id=\"398c8d46\" data-element_type=\"widget\" data-widget_type=\"text-editor.default\">\n\t\t\t\t<div class=\"elementor-widget-container\">\n\t\t\t\t\t\t\t<h2>Pourquoi acheter un appartement \u00e0 Sants-Montjuic ?<\/h2><p>Acheter un appartement \u00e0 Sants-Montju\u00efc offre une exp\u00e9rience de vie unique \u00e0 Barcelone. Ce quartier singulier combine l&#8217;authenticit\u00e9 d&#8217;un quartier historique avec les commodit\u00e9s d&#8217;une zone moderne et dynamique. C&#8217;est un endroit o\u00f9 la diversit\u00e9 culturelle se m\u00eale \u00e0 l&#8217;histoire riche du quartier.<\/p><p>Le quartier de Sants-Montju\u00efc est particuli\u00e8rement attrayant pour les familles, gr\u00e2ce \u00e0 son large \u00e9ventail d&#8217;\u00e9coles et de quartiers r\u00e9sidentiels bien \u00e9tablis. De plus, sa proximit\u00e9 avec l&#8217;a\u00e9roport en fait une option id\u00e9ale pour les expatri\u00e9s et les professionnels voyageant fr\u00e9quemment.<\/p><p>Le quartier compte \u00e9galement une vari\u00e9t\u00e9 de lieux embl\u00e9matiques tels que le parc de Montju\u00efc et la vie nocturne anim\u00e9e de Poble-sec, ce qui le rend attrayant pour ceux qui souhaitent <strong>acheter un appartement \u00e0 Sants-Montju\u00efc<\/strong>.<\/p><p>En fin de compte, <span style=\"text-decoration: underline;\"><a href=\"https:\/\/locabarcelona.egluu.com\/fr\/vivre-barcelone\/sants-montjuic\/\">vivre \u00e0 Sants-Montjuic<\/a><\/span> est une opportunit\u00e9 de profiter d&#8217;une vie \u00e9quilibr\u00e9e entre la tranquillit\u00e9 r\u00e9sidentielle et l&#8217;\u00e9nergie urbaine, faisant de ce quartier une option attrayante pour un large \u00e9ventail d&#8217;acheteurs.<\/p><h2>Acheter un appartement \u00e0 Sants-Montjuic est facile avec Loca Barcelona<\/h2><p><span style=\"text-decoration: underline;\"><a href=\"https:\/\/locabarcelona.egluu.com\/fr\/\">Chez Loca Barcelona<\/a><\/span>, nous sommes fiers de vous offrir un service complet et personnalis\u00e9 pour faciliter l&#8217;achat de votre appartement \u00e0 Sants-Montju\u00efc. Notre \u00e9quipe d&#8217;experts non seulement vous aidera \u00e0 trouver la propri\u00e9t\u00e9 parfaite pour vous, mais vous guidera \u00e9galement \u00e0 chaque \u00e9tape du processus d&#8217;achat. De la recherche initiale \u00e0 la signature du contrat, nous sommes l\u00e0 pour vous offrir un soutien et des conseils \u00e0 tout moment.<br \/>De plus, si vous souhaitez une exp\u00e9rience plus personnalis\u00e9e, notre service de <span style=\"text-decoration: underline;\"><a href=\"https:\/\/locabarcelona.egluu.com\/fr\/vente-appartements-barcelone\/personal-shopper-immobilier-a-barcelone\/\">chasseur immobilier<\/a><\/span> est disponible pour r\u00e9pondre \u00e0 vos besoins sp\u00e9cifiques et trouver la propri\u00e9t\u00e9 qui correspond parfaitement \u00e0 vos go\u00fbts et pr\u00e9f\u00e9rences.<br \/>Pour les investisseurs \u00e9trangers int\u00e9ress\u00e9s par le march\u00e9 immobilier espagnol, nous offrons de l&#8217;aide pour obtenir le <span style=\"text-decoration: underline;\"><a href=\"https:\/\/locabarcelona.egluu.com\/fr\/vente-appartements-barcelone\/golden-visa-espagne\/\">Golden Visa<\/a><\/span> et vous informons de ses avantages, ce qui vous permettra de prendre des d\u00e9cisions \u00e9clair\u00e9es et de maximiser vos opportunit\u00e9s d&#8217;investissement \u00e0 Sants-Montju\u00efc et dans tout Barcelone.<br \/>Faites confiance \u00e0 Loca Barcelona pour r\u00e9aliser votre r\u00eave de vivre dans ce charmant quartier de la ville.<\/p><h2>Voulez-vous vendre votre appartement \u00e0 Sants-Montjuic ?<\/h2><p>Si vous envisagez de vendre votre appartement \u00e0 Sants-Montju\u00efc, Loca Barcelona est votre alli\u00e9 id\u00e9al. Nous nous engageons \u00e0 g\u00e9rer tout le processus de vente pour garantir que vous obteniez le meilleur prix possible pour votre propri\u00e9t\u00e9. Pour commencer le processus, suivez les \u00e9tapes suivantes :<\/p><ol><li><span style=\"text-decoration: underline;\"><a href=\"https:\/\/locabarcelona.egluu.com\/fr\/qui-sommes-nous\/contactez-nous\/\">Contactez-nous<\/a><\/span> via notre formulaire.<\/li><li>Nous organisons une visite de votre appartement pour une \u00e9valuation par nos experts immobiliers.<\/li><li>Loca Barcelona se chargera de promouvoir votre appartement et de vous pr\u00e9senter des acheteurs potentiels.<\/li><li>Nous r\u00e9digerons les contrats et vous aiderons \u00e0 g\u00e9rer toute la paperasse avec l&#8217;assistance d&#8217;un avocat.<\/li><li>Nous finaliserons le processus de vente devant notaire.<\/li><\/ol><p>De plus, nous proposons un service d&#8217;\u00e9valuation gratuite o\u00f9 vous pouvez <span style=\"text-decoration: underline;\"><a href=\"https:\/\/locabarcelona.egluu.com\/fr\/vente-appartements-barcelone\/estimation-bien-immobilier\/\">estimer la valeur de votre maison<\/a><\/span>, et nous r\u00e9aliserons \u00e9galement une \u00e9valuation pr\u00e9cise de votre maison \u00e0 vendre \u00e0 Sants-Montju\u00efc, en tenant compte de tous les facteurs pertinents du march\u00e9 local, et vous fournirons des orientations sur le prix par m\u00e8tre carr\u00e9 dans cette zone.<\/p><p>Notre \u00e9quipe d&#8217;agents immobiliers d\u00e9vou\u00e9s travaillera sans rel\u00e2che pour trouver l&#8217;acheteur id\u00e9al pour votre propri\u00e9t\u00e9 dans les plus brefs d\u00e9lais. Faites confiance \u00e0 Loca Barcelona pour vendre votre appartement \u00e0 Sants-Montju\u00efc rapidement, efficacement et au meilleur prix possible. Nous sommes l\u00e0 pour rendre le processus de vente de votre propri\u00e9t\u00e9 aussi fluide et r\u00e9ussi que possible.<\/p><h2>Loca Barcelona : votre agence immobili\u00e8re de confiance \u00e0 Sants-Montjuic<\/h2><p>Chez Loca Barcelona, notre mission est d&#8217;\u00eatre votre agence immobili\u00e8re de confiance \u00e0 Sants-Montju\u00efc, Barcelone. Nous nous engageons \u00e0 vous offrir un service personnalis\u00e9 et de haute qualit\u00e9 qui r\u00e9pond \u00e0 vos besoins sp\u00e9cifiques. Avec des ann\u00e9es d&#8217;exp\u00e9rience sur le march\u00e9 immobilier local, nous connaissons chaque coin de Sants-Montju\u00efc et comprenons les tendances et les opportunit\u00e9s du march\u00e9.<\/p><p>Chez Loca Barcelona, nous nous engageons non seulement \u00e0 trouver le logement parfait pour vous, mais nous nous effor\u00e7ons \u00e9galement de d\u00e9passer vos attentes et de rendre le processus d&#8217;<span style=\"text-decoration: underline;\"><a href=\"https:\/\/locabarcelona.egluu.com\/fr\/vente-appartements-barcelone\/\">achat ou de vente d&#8217;appartements \u00e0 Barcelone<\/a><\/span> aussi fluide et satisfaisant que possible. Faites-nous confiance pour r\u00e9aliser vos r\u00eaves de vivre \u00e0 Sants-Montju\u00efc, Barcelone, et d\u00e9couvrez la diff\u00e9rence qu&#8217;une agence immobili\u00e8re de confiance peut faire dans votre vie.<\/p><h2>Appartements \u00e0 vendre \u00e0 Barcelone par quartier<\/h2>\t\t\t\t\t\t<\/div>\n\t\t\t\t<\/div>\n\t\t\t\t\t<\/div>\n\t\t<\/div>\n\t\t\t\t\t<\/div>\n\t\t<\/section>\n\t\t<div class=\"elementor-element elementor-element-04d895d e-flex e-con-boxed e-con e-parent\" data-id=\"04d895d\" data-element_type=\"container\">\n\t\t\t\t\t<div class=\"e-con-inner\">\n\t\t\t\t<div class=\"elementor-element elementor-element-853ff62 elementor-widget elementor-widget-template\" data-id=\"853ff62\" data-element_type=\"widget\" data-widget_type=\"template.default\">\n\t\t\t\t<div class=\"elementor-widget-container\">\n\t\t\t\t\t<div class=\"elementor-template\">\n\t\t\t\t\t<div data-elementor-type=\"container\" data-elementor-id=\"522718\" class=\"elementor elementor-522718 elementor-521623\" data-elementor-post-type=\"elementor_library\">\n\t\t\t\t<div class=\"elementor-element elementor-element-3f969113 e-flex e-con-boxed e-con e-parent\" data-id=\"3f969113\" data-element_type=\"container\">\n\t\t\t\t\t<div class=\"e-con-inner\">\n\t\t<div class=\"elementor-element elementor-element-65ff43a5 e-con-full e-flex e-con e-child\" data-id=\"65ff43a5\" data-element_type=\"container\">\n\t\t\t\t<div class=\"elementor-element elementor-element-778fdbed elementor-widget elementor-widget-text-editor\" data-id=\"778fdbed\" data-element_type=\"widget\" data-widget_type=\"text-editor.default\">\n\t\t\t\t<div class=\"elementor-widget-container\">\n\t\t\t\t\t\t\t<p><a href=\"https:\/\/locabarcelona.egluu.com\/fr\/vente-appartements-barcelone\/eixample\/\">Appartements \u00e0 vendre \u00e0 l&#8217;Eixample<\/a><br \/>Appartements \u00e0 vendre \u00e0 Eixample Dreta<br \/>Appartements \u00e0 Antiga Esquerra de l&#8217;Eixample<br \/>Appartements \u00e0 Nova Esquerra de l&#8217;Eixample<br \/>Appartements \u00e0 vendre \u00e0 Fort Pienc<br \/><a href=\"https:\/\/locabarcelona.egluu.com\/fr\/vente-appartements-barcelone\/sagrada-familia\/\">Appartements \u00e0 vendre \u00e0 Sagrada Familia<\/a><br \/><a href=\"https:\/\/locabarcelona.egluu.com\/fr\/vente-appartements-barcelone\/nou-barris\/\">Appartements \u00e0 vendre \u00e0 Sant Antoni<\/a><br \/><a href=\"https:\/\/locabarcelona.egluu.com\/fr\/vente-appartements-barcelone\/ciutat-vella\/\">Appartements \u00e0 vendre \u00e0 Ciutat Vella<\/a><br \/>Appartements \u00e0 vendre \u00e0 El Gotico<br \/><a href=\"https:\/\/locabarcelona.egluu.com\/fr\/vente-appartements-barcelone\/el-raval\/\">Appartements \u00e0 vendre dans le Raval<\/a><br \/><a href=\"https:\/\/locabarcelona.egluu.com\/fr\/vente-appartements-barcelone\/el-born\/\">Appartements \u00e0 vendre \u00e0 El Born<\/a><br \/><a href=\"https:\/\/locabarcelona.egluu.com\/fr\/vente-appartements-barcelone\/barceloneta\/\">Appartements \u00e0 vendre \u00e0 Barceloneta<\/a><br \/><a href=\"https:\/\/locabarcelona.egluu.com\/fr\/vente-appartements-barcelone\/sants-montjuic\/\">Appartements \u00e0 vendre \u00e0 Sants-Montju\u00efc<\/a><br \/><a href=\"https:\/\/locabarcelona.egluu.com\/fr\/vente-appartements-barcelone\/poble-sec\/\">Appartements \u00e0 vendre \u00e0 Poble Sec<\/a><br \/><a href=\"https:\/\/locabarcelona.egluu.com\/fr\/vente-appartements-barcelone\/sants\/\">Appartements \u00e0 vendre \u00e0 Sants<\/a><br \/>Appartements \u00e0 vendre \u00e0 El Putxet i Farr\u00f3<br \/>Appartements \u00e0 vendre \u00e0 Las Tres Torres<br \/>Appartements \u00e0 vendre \u00e0 Montju\u00efc<\/p>\t\t\t\t\t\t<\/div>\n\t\t\t\t<\/div>\n\t\t\t\t<\/div>\n\t\t<div class=\"elementor-element elementor-element-57de031d e-con-full e-flex e-con e-child\" data-id=\"57de031d\" data-element_type=\"container\">\n\t\t\t\t<div class=\"elementor-element elementor-element-12264ea9 elementor-widget elementor-widget-text-editor\" data-id=\"12264ea9\" data-element_type=\"widget\" data-widget_type=\"text-editor.default\">\n\t\t\t\t<div class=\"elementor-widget-container\">\n\t\t\t\t\t\t\t<p><a href=\"https:\/\/locabarcelona.egluu.com\/fr\/vente-appartements-barcelone\/les-corts\/\">Appartements \u00e0 vendre \u00e0 les Corts<\/a><br \/>Appartements \u00e0 vendre \u00e0 Pedralbes<br \/><a href=\"https:\/\/locabarcelona.egluu.com\/fr\/vente-appartements-barcelone\/sarria-sant-gervasi\/\">Appartements \u00e0 vendre \u00e0 Sarria Sant Gervasi<\/a><br \/>Appartements \u00e0 vendre \u00e0 Gr\u00e0cia<br \/>Appartements \u00e0 vendre \u00e0 Vila de Gr\u00e0cia<br \/><a href=\"https:\/\/locabarcelona.egluu.com\/fr\/vente-appartements-barcelone\/horta-guinardo\/\">Appartements \u00e0 vendre \u00e0 Horta-Guinardo<\/a><br \/><a href=\"https:\/\/locabarcelona.egluu.com\/fr\/vente-appartements-barcelone\/nou-barris\/\">Appartements \u00e0 vendre \u00e0 Nou Barris<\/a><br \/><a href=\"https:\/\/locabarcelona.egluu.com\/fr\/vente-appartements-barcelone\/nou-barris\/\">Appartements \u00e0 vendre \u00e0 Sant Andreu<\/a><br \/><a href=\"https:\/\/locabarcelona.egluu.com\/fr\/vente-appartements-barcelone\/sant-antoni\/\">Appartements \u00e0 vendre \u00e0 Sant Antoni<\/a><br \/><a href=\"https:\/\/locabarcelona.egluu.com\/fr\/vente-appartements-barcelone\/sant-marti\/\">Appartements \u00e0 vendre \u00e0 Sant Mart\u00ed<\/a><br \/><a href=\"https:\/\/locabarcelona.egluu.com\/fr\/vente-appartements-barcelone\/el-clot\/\">Appartements \u00e0 vendre \u00e0 El Clot<\/a><br \/>Appartements \u00e0 La Vila Ol\u00edmpica del Poblenou<br \/><a href=\"https:\/\/locabarcelona.egluu.com\/fr\/vente-appartements-barcelone\/poble-nou\/\">Appartements \u00e0 vendre \u00e0 Poblenou<\/a><br \/>Appartements \u00e0 vendre \u00e0 Diagonal Mar<br \/>Appartements \u00e0 vendre \u00e0 Sant Gervasi \u2013 la bonanova<br \/>Appartements \u00e0 vendre \u00e0 Sant Gervasi Galvany<br \/>Appartements \u00e0 vendre dans la Zone Franche<br \/>Appartements \u00e0 vendre \u00e0 Sants Badal<\/p>\t\t\t\t\t\t<\/div>\n\t\t\t\t<\/div>\n\t\t\t\t<\/div>\n\t\t\t\t\t<\/div>\n\t\t\t\t<\/div>\n\t\t\t\t<\/div>\n\t\t\t\t<\/div>\n\t\t\t\t<\/div>\n\t\t\t\t<\/div>\n\t\t\t\t\t<\/div>\n\t\t\t\t<\/div>\n\t\t\t\t<\/div>\n\t\t","protected":false},"excerpt":{"rendered":"<p>Pourquoi acheter un appartement \u00e0 Sants-Montjuic ? Acheter un appartement \u00e0 Sants-Montju\u00efc offre une exp\u00e9rience de vie unique \u00e0 Barcelone. Ce quartier singulier combine l&#8217;authenticit\u00e9 d&#8217;un quartier historique avec les commodit\u00e9s d&#8217;une zone moderne et dynamique. C&#8217;est un endroit o\u00f9 la diversit\u00e9 culturelle se m\u00eale \u00e0 l&#8217;histoire riche du quartier. Le quartier de Sants-Montju\u00efc est&#8230;<\/p>\n","protected":false},"author":344,"featured_media":0,"parent":506318,"menu_order":0,"comment_status":"closed","ping_status":"closed","template":"templates\/list-layout.php","meta":{"inline_featured_image":false,"footnotes":""},"yoast_head":"<!-- This site is optimized with the Yoast SEO Premium plugin v22.6 (Yoast SEO v22.6) - https:\/\/yoast.com\/wordpress\/plugins\/seo\/ -->\n<title>Appartements \u00e0 vendre \u00e0 Sants-Montjuic | Loca Barcelona<\/title>\n<meta name=\"description\" content=\"\u00c0 la recherche d&#039;un appartement \u00e0 vendre \u00e0 Sants-Montju\u00efc ? Notre \u00e9quipe d\u00e9vou\u00e9e est l\u00e0 pour vous guider \u00e0 chaque \u00e9tape.\" \/>\n<meta name=\"robots\" content=\"noindex, follow, max-snippet:-1, max-image-preview:large, max-video-preview:-1\" \/>\n<meta property=\"og:locale\" content=\"fr_FR\" \/>\n<meta property=\"og:type\" content=\"article\" \/>\n<meta property=\"og:title\" content=\"Appartements \u00e0 vendre \u00e0 Sants-Montjuic | Loca Barcelona\" \/>\n<meta property=\"og:description\" content=\"\u00c0 la recherche d&#039;un appartement \u00e0 vendre \u00e0 Sants-Montju\u00efc ? Notre \u00e9quipe d\u00e9vou\u00e9e est l\u00e0 pour vous guider \u00e0 chaque \u00e9tape.\" \/>\n<meta property=\"og:url\" content=\"https:\/\/locabarcelona.egluu.com\/fr\/vente-appartements-barcelone\/sants-montjuic\/\" \/>\n<meta property=\"og:site_name\" content=\"Locabarcelona\" \/>\n<meta property=\"article:modified_time\" content=\"2024-08-19T10:10:54+00:00\" \/>\n<meta name=\"twitter:card\" content=\"summary_large_image\" \/>\n<meta name=\"twitter:label1\" content=\"Est. reading time\" \/>\n\t<meta name=\"twitter:data1\" content=\"6 minutes\" \/>\n<script type=\"application\/ld+json\" class=\"yoast-schema-graph\">{\"@context\":\"https:\/\/schema.org\",\"@graph\":[{\"@type\":\"WebPage\",\"@id\":\"https:\/\/locabarcelona.egluu.com\/fr\/vente-appartements-barcelone\/sants-montjuic\/\",\"url\":\"https:\/\/locabarcelona.egluu.com\/fr\/vente-appartements-barcelone\/sants-montjuic\/\",\"name\":\"Appartements \u00e0 vendre \u00e0 Sants-Montjuic | Loca Barcelona\",\"isPartOf\":{\"@id\":\"https:\/\/locabarcelona.egluu.com\/fr\/#website\"},\"datePublished\":\"2024-04-03T14:06:48+00:00\",\"dateModified\":\"2024-08-19T10:10:54+00:00\",\"description\":\"\u00c0 la recherche d'un appartement \u00e0 vendre \u00e0 Sants-Montju\u00efc ? Notre \u00e9quipe d\u00e9vou\u00e9e est l\u00e0 pour vous guider \u00e0 chaque \u00e9tape.\",\"breadcrumb\":{\"@id\":\"https:\/\/locabarcelona.egluu.com\/fr\/vente-appartements-barcelone\/sants-montjuic\/#breadcrumb\"},\"inLanguage\":\"fr-FR\",\"potentialAction\":[{\"@type\":\"ReadAction\",\"target\":[\"https:\/\/locabarcelona.egluu.com\/fr\/vente-appartements-barcelone\/sants-montjuic\/\"]}]},{\"@type\":\"BreadcrumbList\",\"@id\":\"https:\/\/locabarcelona.egluu.com\/fr\/vente-appartements-barcelone\/sants-montjuic\/#breadcrumb\",\"itemListElement\":[{\"@type\":\"ListItem\",\"position\":1,\"name\":\"Inicio\",\"item\":\"https:\/\/www.locabarcelona.com\/fr\/home\/\"},{\"@type\":\"ListItem\",\"position\":2,\"name\":\"Vente d\u2019appartements \u00e0 Barcelone\",\"item\":\"https:\/\/www.locabarcelona.com\/fr\/vente-appartements-barcelone\/\"},{\"@type\":\"ListItem\",\"position\":3,\"name\":\"Appartements \u00e0 vendre \u00e0 Sants-Montjuic\"}]},{\"@type\":\"WebSite\",\"@id\":\"https:\/\/locabarcelona.egluu.com\/fr\/#website\",\"url\":\"https:\/\/locabarcelona.egluu.com\/fr\/\",\"name\":\"Loca Barcelona\",\"description\":\"Real Estate Services\",\"publisher\":{\"@id\":\"https:\/\/locabarcelona.egluu.com\/fr\/#organization\"},\"potentialAction\":[{\"@type\":\"SearchAction\",\"target\":{\"@type\":\"EntryPoint\",\"urlTemplate\":\"https:\/\/locabarcelona.egluu.com\/fr\/?s={search_term_string}\"},\"query-input\":\"required name=search_term_string\"}],\"inLanguage\":\"fr-FR\"},{\"@type\":\"Organization\",\"@id\":\"https:\/\/locabarcelona.egluu.com\/fr\/#organization\",\"name\":\"Loca Barcelona\",\"url\":\"https:\/\/locabarcelona.egluu.com\/fr\/\",\"logo\":{\"@type\":\"ImageObject\",\"inLanguage\":\"fr-FR\",\"@id\":\"https:\/\/locabarcelona.egluu.com\/fr\/#\/schema\/logo\/image\/\",\"url\":\"https:\/\/locabarcelona.egluu.com\/wp-content\/uploads\/2021\/10\/logo_locabarcelona_small.png\",\"contentUrl\":\"https:\/\/locabarcelona.egluu.com\/wp-content\/uploads\/2021\/10\/logo_locabarcelona_small.png\",\"width\":250,\"height\":149,\"caption\":\"Loca Barcelona\"},\"image\":{\"@id\":\"https:\/\/locabarcelona.egluu.com\/fr\/#\/schema\/logo\/image\/\"}}]}<\/script>\n<!-- \/ Yoast SEO Premium plugin. -->","yoast_head_json":{"title":"Appartements \u00e0 vendre \u00e0 Sants-Montjuic | Loca Barcelona","description":"\u00c0 la recherche d'un appartement \u00e0 vendre \u00e0 Sants-Montju\u00efc ? Notre \u00e9quipe d\u00e9vou\u00e9e est l\u00e0 pour vous guider \u00e0 chaque \u00e9tape.","robots":{"index":"noindex","follow":"follow","max-snippet":"max-snippet:-1","max-image-preview":"max-image-preview:large","max-video-preview":"max-video-preview:-1"},"og_locale":"fr_FR","og_type":"article","og_title":"Appartements \u00e0 vendre \u00e0 Sants-Montjuic | Loca Barcelona","og_description":"\u00c0 la recherche d'un appartement \u00e0 vendre \u00e0 Sants-Montju\u00efc ? Notre \u00e9quipe d\u00e9vou\u00e9e est l\u00e0 pour vous guider \u00e0 chaque \u00e9tape.","og_url":"https:\/\/locabarcelona.egluu.com\/fr\/vente-appartements-barcelone\/sants-montjuic\/","og_site_name":"Locabarcelona","article_modified_time":"2024-08-19T10:10:54+00:00","twitter_card":"summary_large_image","twitter_misc":{"Est. reading time":"6 minutes"},"schema":{"@context":"https:\/\/schema.org","@graph":[{"@type":"WebPage","@id":"https:\/\/locabarcelona.egluu.com\/fr\/vente-appartements-barcelone\/sants-montjuic\/","url":"https:\/\/locabarcelona.egluu.com\/fr\/vente-appartements-barcelone\/sants-montjuic\/","name":"Appartements \u00e0 vendre \u00e0 Sants-Montjuic | Loca Barcelona","isPartOf":{"@id":"https:\/\/locabarcelona.egluu.com\/fr\/#website"},"datePublished":"2024-04-03T14:06:48+00:00","dateModified":"2024-08-19T10:10:54+00:00","description":"\u00c0 la recherche d'un appartement \u00e0 vendre \u00e0 Sants-Montju\u00efc ? Notre \u00e9quipe d\u00e9vou\u00e9e est l\u00e0 pour vous guider \u00e0 chaque \u00e9tape.","breadcrumb":{"@id":"https:\/\/locabarcelona.egluu.com\/fr\/vente-appartements-barcelone\/sants-montjuic\/#breadcrumb"},"inLanguage":"fr-FR","potentialAction":[{"@type":"ReadAction","target":["https:\/\/locabarcelona.egluu.com\/fr\/vente-appartements-barcelone\/sants-montjuic\/"]}]},{"@type":"BreadcrumbList","@id":"https:\/\/locabarcelona.egluu.com\/fr\/vente-appartements-barcelone\/sants-montjuic\/#breadcrumb","itemListElement":[{"@type":"ListItem","position":1,"name":"Inicio","item":"https:\/\/www.locabarcelona.com\/fr\/home\/"},{"@type":"ListItem","position":2,"name":"Vente d\u2019appartements \u00e0 Barcelone","item":"https:\/\/www.locabarcelona.com\/fr\/vente-appartements-barcelone\/"},{"@type":"ListItem","position":3,"name":"Appartements \u00e0 vendre \u00e0 Sants-Montjuic"}]},{"@type":"WebSite","@id":"https:\/\/locabarcelona.egluu.com\/fr\/#website","url":"https:\/\/locabarcelona.egluu.com\/fr\/","name":"Loca Barcelona","description":"Real Estate Services","publisher":{"@id":"https:\/\/locabarcelona.egluu.com\/fr\/#organization"},"potentialAction":[{"@type":"SearchAction","target":{"@type":"EntryPoint","urlTemplate":"https:\/\/locabarcelona.egluu.com\/fr\/?s={search_term_string}"},"query-input":"required name=search_term_string"}],"inLanguage":"fr-FR"},{"@type":"Organization","@id":"https:\/\/locabarcelona.egluu.com\/fr\/#organization","name":"Loca Barcelona","url":"https:\/\/locabarcelona.egluu.com\/fr\/","logo":{"@type":"ImageObject","inLanguage":"fr-FR","@id":"https:\/\/locabarcelona.egluu.com\/fr\/#\/schema\/logo\/image\/","url":"https:\/\/locabarcelona.egluu.com\/wp-content\/uploads\/2021\/10\/logo_locabarcelona_small.png","contentUrl":"https:\/\/locabarcelona.egluu.com\/wp-content\/uploads\/2021\/10\/logo_locabarcelona_small.png","width":250,"height":149,"caption":"Loca Barcelona"},"image":{"@id":"https:\/\/locabarcelona.egluu.com\/fr\/#\/schema\/logo\/image\/"}}]}},"_links":{"self":[{"href":"https:\/\/locabarcelona.egluu.com\/fr\/wp-json\/wp\/v2\/pages\/522766"}],"collection":[{"href":"https:\/\/locabarcelona.egluu.com\/fr\/wp-json\/wp\/v2\/pages"}],"about":[{"href":"https:\/\/locabarcelona.egluu.com\/fr\/wp-json\/wp\/v2\/types\/page"}],"author":[{"embeddable":true,"href":"https:\/\/locabarcelona.egluu.com\/fr\/wp-json\/wp\/v2\/users\/344"}],"replies":[{"embeddable":true,"href":"https:\/\/locabarcelona.egluu.com\/fr\/wp-json\/wp\/v2\/comments?post=522766"}],"version-history":[{"count":8,"href":"https:\/\/locabarcelona.egluu.com\/fr\/wp-json\/wp\/v2\/pages\/522766\/revisions"}],"predecessor-version":[{"id":537623,"href":"https:\/\/locabarcelona.egluu.com\/fr\/wp-json\/wp\/v2\/pages\/522766\/revisions\/537623"}],"up":[{"embeddable":true,"href":"https:\/\/locabarcelona.egluu.com\/fr\/wp-json\/wp\/v2\/pages\/506318"}],"wp:attachment":[{"href":"https:\/\/locabarcelona.egluu.com\/fr\/wp-json\/wp\/v2\/media?parent=522766"}],"curies":[{"name":"wp","href":"https:\/\/api.w.org\/{rel}","templated":true}]}}