{"id":522802,"date":"2024-04-04T09:13:49","date_gmt":"2024-04-04T07:13:49","guid":{"rendered":"https:\/\/locabarcelona.egluu.com\/?page_id=522802"},"modified":"2024-04-16T16:35:26","modified_gmt":"2024-04-16T14:35:26","slug":"el-raval","status":"publish","type":"page","link":"https:\/\/locabarcelona.egluu.com\/fr\/vente-appartements-barcelone\/el-raval\/","title":{"rendered":"Appartements \u00e0 vendre \u00e0 El Raval"},"content":{"rendered":"\t\t<div data-elementor-type=\"wp-page\" data-elementor-id=\"522802\" class=\"elementor elementor-522802 elementor-521715\" data-elementor-post-type=\"page\">\n\t\t\t\t\t\t<section class=\"elementor-section elementor-top-section elementor-element elementor-element-2fd2862a elementor-section-boxed elementor-section-height-default elementor-section-height-default\" data-id=\"2fd2862a\" data-element_type=\"section\">\n\t\t\t\t\t\t<div class=\"elementor-container elementor-column-gap-default\">\n\t\t\t\t\t<div class=\"elementor-column elementor-col-100 elementor-top-column elementor-element elementor-element-a3df5d7\" data-id=\"a3df5d7\" data-element_type=\"column\">\n\t\t\t<div class=\"elementor-widget-wrap elementor-element-populated\">\n\t\t\t\t\t\t<div class=\"elementor-element elementor-element-398c8d46 elementor-widget elementor-widget-text-editor\" data-id=\"398c8d46\" data-element_type=\"widget\" data-widget_type=\"text-editor.default\">\n\t\t\t\t<div class=\"elementor-widget-container\">\n\t\t\t\t\t\t\t<h2>Pourquoi devriez-vous acheter un appartement dans El Raval ?<\/h2><p>L&#8217;achat d&#8217;un appartement dans El Raval offre une exp\u00e9rience de vie unique et diversifi\u00e9e au c\u0153ur de Barcelone. Si vous envisagez de vivre dans El Raval, sachez que ce quartier historique se distingue par ses rues \u00e9troites, ses places anim\u00e9es et son m\u00e9lange unique de cultures et de modes de vie.<\/p><p>El Raval est connu pour son ambiance boh\u00e8me et multiculturelle, attirant une grande vari\u00e9t\u00e9 de r\u00e9sidents et de visiteurs. Bien qu&#8217;il ait \u00e9t\u00e9 autrefois consid\u00e9r\u00e9 comme un quartier marginal, il a connu ces derni\u00e8res ann\u00e9es une renaissance, devenant une destination pris\u00e9e des artistes, des \u00e9tudiants et des familles.<\/p><p>Le profil de locataire le plus courant \u00e0 El Raval comprend des jeunes professionnels, des artistes et des personnes \u00e0 la recherche d&#8217;une exp\u00e9rience urbaine authentique. De plus, en raison de sa situation centrale et de sa proximit\u00e9 avec des lieux d&#8217;int\u00e9r\u00eat tels que Las Ramblas et le march\u00e9 de la Boquer\u00eda, El Raval attire \u00e9galement les touristes et ceux qui cherchent une r\u00e9sidence secondaire dans la ville.<\/p><h2>Acheter un appartement dans El Raval est facile avec Loca Barcelona<\/h2><p><span style=\"text-decoration: underline;\"><a href=\"https:\/\/locabarcelona.egluu.com\/fr\/\">Chez Loca Barcelona<\/a><\/span>, nous nous effor\u00e7ons de vous offrir une <strong>exp\u00e9rience d&#8217;achat fluide et satisfaisante dans El Raval<\/strong>. Notre \u00e9quipe d&#8217;experts du march\u00e9 immobilier local s&#8217;engage \u00e0 vous guider \u00e0 chaque \u00e9tape du processus, de la recherche initiale \u00e0 la signature du contrat. Nous connaissons la diversit\u00e9 et le charme d&#8217;El Raval, et nous sommes l\u00e0 pour vous aider \u00e0 trouver le logement parfait qui r\u00e9pond \u00e0 vos besoins et pr\u00e9f\u00e9rences. Voici les services que nous vous proposons :<\/p><ul><li>Nous vous offrons un service personnalis\u00e9 gr\u00e2ce \u00e0 notre \u00e9quipe de <span style=\"text-decoration: underline;\"><a href=\"https:\/\/locabarcelona.egluu.com\/fr\/vente-appartements-barcelone\/personal-shopper-immobilier-a-barcelone\/\">chasseurs immobiliers personnels<\/a><\/span>, disponibles pour r\u00e9pondre \u00e0 vos besoins sp\u00e9cifiques et garantir une exp\u00e9rience d&#8217;achat unique.<\/li><li>Si vous \u00eates un investisseur \u00e9tranger, nous vous fournissons \u00e9galement des informations d\u00e9taill\u00e9es sur les avantages du <span style=\"text-decoration: underline;\"><a href=\"https:\/\/locabarcelona.egluu.com\/fr\/vente-appartements-barcelone\/golden-visa-espagne\/\">golden visa<\/a><\/span> \u00e0 Barcelone, et nous vous aiderons \u00e0 g\u00e9rer toutes les formalit\u00e9s n\u00e9cessaires pour en faire la demande avec succ\u00e8s.<\/li><\/ul><p>Faites confiance \u00e0 Loca Barcelona pour r\u00e9aliser votre r\u00eave de vivre dans ce quartier vibrant et authentique de Barcelone.<\/p><h2>Vous voulez vendre votre appartement dans El Raval ?<\/h2><p>Lorsque vous envisagez de <strong>vendre votre appartement dans El Raval<\/strong>, faites-nous confiance pour simplifier le processus et vous assurer le meilleur prix. Pour commencer votre processus de vente, il vous suffit de suivre les \u00e9tapes suivantes :<\/p><ol><li>Contactez-nous en utilisant le formulaire de contact disponible.<\/li><li>Nous organiserons une inspection de votre appartement effectu\u00e9e par nos experts en immobilier.<\/li><li>Loca Barcelona se chargera de promouvoir et de pr\u00e9senter votre propri\u00e9t\u00e9 \u00e0 des acheteurs potentiels.<\/li><li>Nous r\u00e9digerons le contrat et vous fournirons un soutien avec tous les documents requis.<\/li><li>Nous finalisons le processus de vente.<\/li><\/ol><p>De plus, ces services que nous vous proposons peuvent \u00e9galement vous \u00eatre utiles :<\/p><ul><li>Nous <span style=\"text-decoration: underline;\"><a href=\"https:\/\/locabarcelona.egluu.com\/fr\/vente-appartements-barcelone\/estimation-bien-immobilier\/\">\u00e9valuerons votre maison<\/a><\/span> en tenant compte de toutes ses caract\u00e9ristiques et du march\u00e9 local pour garantir une \u00e9valuation approximative.<\/li><li>Nous vous informerons du prix au m\u00e8tre carr\u00e9 des appartements de El Raval afin que vous puissiez \u00eatre mieux inform\u00e9 et prendre de meilleures d\u00e9cisions lors de la vente de votre appartement.<\/li><\/ul><p>Notre \u00e9quipe d&#8217;agents immobiliers experts est \u00e0 votre disposition pour vous fournir un conseil professionnel \u00e0 chaque \u00e9tape de la vente. Faites confiance \u00e0 Loca Barcelona pour faire de la <strong>vente de votre appartement dans El Raval<\/strong> un processus fluide et r\u00e9ussi. Nous nous engageons \u00e0 obtenir le meilleur r\u00e9sultat pour vous et \u00e0 garantir une exp\u00e9rience sans tracas tout au long du processus de vente.<\/p><h2>Loca Barcelona : votre agence immobili\u00e8re de confiance \u00e0 El Raval<\/h2><p>Chez Loca Barcelona, nous sommes fiers d&#8217;\u00eatre votre partenaire de confiance \u00e0 El Raval. Avec un large choix de propri\u00e9t\u00e9s allant des appartements neufs aux studios charmants, nous sommes s\u00fbrs d&#8217;avoir le logement parfait pour vous. Faites confiance \u00e0 notre \u00e9quipe pour r\u00e9aliser votre r\u00eave d&#8217;<span style=\"text-decoration: underline;\"><a href=\"https:\/\/locabarcelona.egluu.com\/fr\/vente-appartements-barcelone\/\">acheter ou de vendre un appartement \u00e0 Barcelone<\/a><\/span>.<\/p><p>Notre exp\u00e9rience et notre engagement envers l&#8217;excellence du service nous distinguent comme votre agence immobili\u00e8re de confiance \u00e0 El Raval. Nous nous engageons \u00e0 comprendre vos besoins et vos pr\u00e9f\u00e9rences, en vous offrant une attention personnalis\u00e9e et des conseils professionnels \u00e0 chaque \u00e9tape du processus d&#8217;achat ou de vente.<\/p><h2>Appartements \u00e0 vendre \u00e0 Barcelone par quartier<\/h2>\t\t\t\t\t\t<\/div>\n\t\t\t\t<\/div>\n\t\t\t\t\t<\/div>\n\t\t<\/div>\n\t\t\t\t\t<\/div>\n\t\t<\/section>\n\t\t<div class=\"elementor-element elementor-element-04d895d e-flex e-con-boxed e-con e-parent\" data-id=\"04d895d\" data-element_type=\"container\">\n\t\t\t\t\t<div class=\"e-con-inner\">\n\t\t\t\t<div class=\"elementor-element elementor-element-853ff62 elementor-widget elementor-widget-template\" data-id=\"853ff62\" data-element_type=\"widget\" data-widget_type=\"template.default\">\n\t\t\t\t<div class=\"elementor-widget-container\">\n\t\t\t\t\t<div class=\"elementor-template\">\n\t\t\t\t\t<div data-elementor-type=\"container\" data-elementor-id=\"522718\" class=\"elementor elementor-522718 elementor-521623\" data-elementor-post-type=\"elementor_library\">\n\t\t\t\t<div class=\"elementor-element elementor-element-3f969113 e-flex e-con-boxed e-con e-parent\" data-id=\"3f969113\" data-element_type=\"container\">\n\t\t\t\t\t<div class=\"e-con-inner\">\n\t\t<div class=\"elementor-element elementor-element-65ff43a5 e-con-full e-flex e-con e-child\" data-id=\"65ff43a5\" data-element_type=\"container\">\n\t\t\t\t<div class=\"elementor-element elementor-element-778fdbed elementor-widget elementor-widget-text-editor\" data-id=\"778fdbed\" data-element_type=\"widget\" data-widget_type=\"text-editor.default\">\n\t\t\t\t<div class=\"elementor-widget-container\">\n\t\t\t\t\t\t\t<p><a href=\"https:\/\/locabarcelona.egluu.com\/fr\/vente-appartements-barcelone\/eixample\/\">Appartements \u00e0 vendre \u00e0 l&#8217;Eixample<\/a><br \/>Appartements \u00e0 vendre \u00e0 Eixample Dreta<br \/>Appartements \u00e0 Antiga Esquerra de l&#8217;Eixample<br \/>Appartements \u00e0 Nova Esquerra de l&#8217;Eixample<br \/>Appartements \u00e0 vendre \u00e0 Fort Pienc<br \/><a href=\"https:\/\/locabarcelona.egluu.com\/fr\/vente-appartements-barcelone\/sagrada-familia\/\">Appartements \u00e0 vendre \u00e0 Sagrada Familia<\/a><br \/><a href=\"https:\/\/locabarcelona.egluu.com\/fr\/vente-appartements-barcelone\/nou-barris\/\">Appartements \u00e0 vendre \u00e0 Sant Antoni<\/a><br \/><a href=\"https:\/\/locabarcelona.egluu.com\/fr\/vente-appartements-barcelone\/ciutat-vella\/\">Appartements \u00e0 vendre \u00e0 Ciutat Vella<\/a><br \/>Appartements \u00e0 vendre \u00e0 El Gotico<br \/><a href=\"https:\/\/locabarcelona.egluu.com\/fr\/vente-appartements-barcelone\/el-raval\/\">Appartements \u00e0 vendre dans le Raval<\/a><br \/><a href=\"https:\/\/locabarcelona.egluu.com\/fr\/vente-appartements-barcelone\/el-born\/\">Appartements \u00e0 vendre \u00e0 El Born<\/a><br \/><a href=\"https:\/\/locabarcelona.egluu.com\/fr\/vente-appartements-barcelone\/barceloneta\/\">Appartements \u00e0 vendre \u00e0 Barceloneta<\/a><br \/><a href=\"https:\/\/locabarcelona.egluu.com\/fr\/vente-appartements-barcelone\/sants-montjuic\/\">Appartements \u00e0 vendre \u00e0 Sants-Montju\u00efc<\/a><br \/><a href=\"https:\/\/locabarcelona.egluu.com\/fr\/vente-appartements-barcelone\/poble-sec\/\">Appartements \u00e0 vendre \u00e0 Poble Sec<\/a><br \/><a href=\"https:\/\/locabarcelona.egluu.com\/fr\/vente-appartements-barcelone\/sants\/\">Appartements \u00e0 vendre \u00e0 Sants<\/a><br \/>Appartements \u00e0 vendre \u00e0 El Putxet i Farr\u00f3<br \/>Appartements \u00e0 vendre \u00e0 Las Tres Torres<br \/>Appartements \u00e0 vendre \u00e0 Montju\u00efc<\/p>\t\t\t\t\t\t<\/div>\n\t\t\t\t<\/div>\n\t\t\t\t<\/div>\n\t\t<div class=\"elementor-element elementor-element-57de031d e-con-full e-flex e-con e-child\" data-id=\"57de031d\" data-element_type=\"container\">\n\t\t\t\t<div class=\"elementor-element elementor-element-12264ea9 elementor-widget elementor-widget-text-editor\" data-id=\"12264ea9\" data-element_type=\"widget\" data-widget_type=\"text-editor.default\">\n\t\t\t\t<div class=\"elementor-widget-container\">\n\t\t\t\t\t\t\t<p><a href=\"https:\/\/locabarcelona.egluu.com\/fr\/vente-appartements-barcelone\/les-corts\/\">Appartements \u00e0 vendre \u00e0 les Corts<\/a><br \/>Appartements \u00e0 vendre \u00e0 Pedralbes<br \/><a href=\"https:\/\/locabarcelona.egluu.com\/fr\/vente-appartements-barcelone\/sarria-sant-gervasi\/\">Appartements \u00e0 vendre \u00e0 Sarria Sant Gervasi<\/a><br \/>Appartements \u00e0 vendre \u00e0 Gr\u00e0cia<br \/>Appartements \u00e0 vendre \u00e0 Vila de Gr\u00e0cia<br \/><a href=\"https:\/\/locabarcelona.egluu.com\/fr\/vente-appartements-barcelone\/horta-guinardo\/\">Appartements \u00e0 vendre \u00e0 Horta-Guinardo<\/a><br \/><a href=\"https:\/\/locabarcelona.egluu.com\/fr\/vente-appartements-barcelone\/nou-barris\/\">Appartements \u00e0 vendre \u00e0 Nou Barris<\/a><br \/><a href=\"https:\/\/locabarcelona.egluu.com\/fr\/vente-appartements-barcelone\/nou-barris\/\">Appartements \u00e0 vendre \u00e0 Sant Andreu<\/a><br \/><a href=\"https:\/\/locabarcelona.egluu.com\/fr\/vente-appartements-barcelone\/sant-antoni\/\">Appartements \u00e0 vendre \u00e0 Sant Antoni<\/a><br \/><a href=\"https:\/\/locabarcelona.egluu.com\/fr\/vente-appartements-barcelone\/sant-marti\/\">Appartements \u00e0 vendre \u00e0 Sant Mart\u00ed<\/a><br \/><a href=\"https:\/\/locabarcelona.egluu.com\/fr\/vente-appartements-barcelone\/el-clot\/\">Appartements \u00e0 vendre \u00e0 El Clot<\/a><br \/>Appartements \u00e0 La Vila Ol\u00edmpica del Poblenou<br \/><a href=\"https:\/\/locabarcelona.egluu.com\/fr\/vente-appartements-barcelone\/poble-nou\/\">Appartements \u00e0 vendre \u00e0 Poblenou<\/a><br \/>Appartements \u00e0 vendre \u00e0 Diagonal Mar<br \/>Appartements \u00e0 vendre \u00e0 Sant Gervasi \u2013 la bonanova<br \/>Appartements \u00e0 vendre \u00e0 Sant Gervasi Galvany<br \/>Appartements \u00e0 vendre dans la Zone Franche<br \/>Appartements \u00e0 vendre \u00e0 Sants Badal<\/p>\t\t\t\t\t\t<\/div>\n\t\t\t\t<\/div>\n\t\t\t\t<\/div>\n\t\t\t\t\t<\/div>\n\t\t\t\t<\/div>\n\t\t\t\t<\/div>\n\t\t\t\t<\/div>\n\t\t\t\t<\/div>\n\t\t\t\t<\/div>\n\t\t\t\t\t<\/div>\n\t\t\t\t<\/div>\n\t\t\t\t<\/div>\n\t\t","protected":false},"excerpt":{"rendered":"<p>Pourquoi devriez-vous acheter un appartement dans El Raval ? L&#8217;achat d&#8217;un appartement dans El Raval offre une exp\u00e9rience de vie unique et diversifi\u00e9e au c\u0153ur de Barcelone. Si vous envisagez de vivre dans El Raval, sachez que ce quartier historique se distingue par ses rues \u00e9troites, ses places anim\u00e9es et son m\u00e9lange unique de cultures&#8230;<\/p>\n","protected":false},"author":344,"featured_media":0,"parent":506318,"menu_order":0,"comment_status":"closed","ping_status":"closed","template":"templates\/list-layout.php","meta":{"inline_featured_image":false,"footnotes":""},"yoast_head":"<!-- This site is optimized with the Yoast SEO Premium plugin v22.6 (Yoast SEO v22.6) - https:\/\/yoast.com\/wordpress\/plugins\/seo\/ -->\n<title>Appartements \u00e0 vendre \u00e0 El Raval | Loca Barcelona<\/title>\n<meta name=\"description\" content=\"D\u00e9couvrez le charme unique de ce quartier historique de Barcelone et confiez-vous \u00e0 Loca Barcelona pour concr\u00e9tiser vos projets immobiliers.\" \/>\n<meta name=\"robots\" content=\"noindex, follow, max-snippet:-1, max-image-preview:large, max-video-preview:-1\" \/>\n<meta property=\"og:locale\" content=\"fr_FR\" \/>\n<meta property=\"og:type\" content=\"article\" \/>\n<meta property=\"og:title\" content=\"Appartements \u00e0 vendre \u00e0 El Raval | Loca Barcelona\" \/>\n<meta property=\"og:description\" content=\"D\u00e9couvrez le charme unique de ce quartier historique de Barcelone et confiez-vous \u00e0 Loca Barcelona pour concr\u00e9tiser vos projets immobiliers.\" \/>\n<meta property=\"og:url\" content=\"https:\/\/locabarcelona.egluu.com\/fr\/vente-appartements-barcelone\/el-raval\/\" \/>\n<meta property=\"og:site_name\" content=\"Locabarcelona\" \/>\n<meta property=\"article:modified_time\" content=\"2024-04-16T14:35:26+00:00\" \/>\n<meta name=\"twitter:card\" content=\"summary_large_image\" \/>\n<meta name=\"twitter:label1\" content=\"Est. reading time\" \/>\n\t<meta name=\"twitter:data1\" content=\"4 minutes\" \/>\n<script type=\"application\/ld+json\" class=\"yoast-schema-graph\">{\"@context\":\"https:\/\/schema.org\",\"@graph\":[{\"@type\":\"WebPage\",\"@id\":\"https:\/\/locabarcelona.egluu.com\/fr\/vente-appartements-barcelone\/el-raval\/\",\"url\":\"https:\/\/locabarcelona.egluu.com\/fr\/vente-appartements-barcelone\/el-raval\/\",\"name\":\"Appartements \u00e0 vendre \u00e0 El Raval | Loca Barcelona\",\"isPartOf\":{\"@id\":\"https:\/\/locabarcelona.egluu.com\/fr\/#website\"},\"datePublished\":\"2024-04-04T07:13:49+00:00\",\"dateModified\":\"2024-04-16T14:35:26+00:00\",\"description\":\"D\u00e9couvrez le charme unique de ce quartier historique de Barcelone et confiez-vous \u00e0 Loca Barcelona pour concr\u00e9tiser vos projets immobiliers.\",\"breadcrumb\":{\"@id\":\"https:\/\/locabarcelona.egluu.com\/fr\/vente-appartements-barcelone\/el-raval\/#breadcrumb\"},\"inLanguage\":\"fr-FR\",\"potentialAction\":[{\"@type\":\"ReadAction\",\"target\":[\"https:\/\/locabarcelona.egluu.com\/fr\/vente-appartements-barcelone\/el-raval\/\"]}]},{\"@type\":\"BreadcrumbList\",\"@id\":\"https:\/\/locabarcelona.egluu.com\/fr\/vente-appartements-barcelone\/el-raval\/#breadcrumb\",\"itemListElement\":[{\"@type\":\"ListItem\",\"position\":1,\"name\":\"Inicio\",\"item\":\"https:\/\/www.locabarcelona.com\/fr\/home\/\"},{\"@type\":\"ListItem\",\"position\":2,\"name\":\"Vente d\u2019appartements \u00e0 Barcelone\",\"item\":\"https:\/\/www.locabarcelona.com\/fr\/vente-appartements-barcelone\/\"},{\"@type\":\"ListItem\",\"position\":3,\"name\":\"Appartements \u00e0 vendre \u00e0 El Raval\"}]},{\"@type\":\"WebSite\",\"@id\":\"https:\/\/locabarcelona.egluu.com\/fr\/#website\",\"url\":\"https:\/\/locabarcelona.egluu.com\/fr\/\",\"name\":\"Loca Barcelona\",\"description\":\"Real Estate Services\",\"publisher\":{\"@id\":\"https:\/\/locabarcelona.egluu.com\/fr\/#organization\"},\"potentialAction\":[{\"@type\":\"SearchAction\",\"target\":{\"@type\":\"EntryPoint\",\"urlTemplate\":\"https:\/\/locabarcelona.egluu.com\/fr\/?s={search_term_string}\"},\"query-input\":\"required name=search_term_string\"}],\"inLanguage\":\"fr-FR\"},{\"@type\":\"Organization\",\"@id\":\"https:\/\/locabarcelona.egluu.com\/fr\/#organization\",\"name\":\"Loca Barcelona\",\"url\":\"https:\/\/locabarcelona.egluu.com\/fr\/\",\"logo\":{\"@type\":\"ImageObject\",\"inLanguage\":\"fr-FR\",\"@id\":\"https:\/\/locabarcelona.egluu.com\/fr\/#\/schema\/logo\/image\/\",\"url\":\"https:\/\/locabarcelona.egluu.com\/wp-content\/uploads\/2021\/10\/logo_locabarcelona_small.png\",\"contentUrl\":\"https:\/\/locabarcelona.egluu.com\/wp-content\/uploads\/2021\/10\/logo_locabarcelona_small.png\",\"width\":250,\"height\":149,\"caption\":\"Loca Barcelona\"},\"image\":{\"@id\":\"https:\/\/locabarcelona.egluu.com\/fr\/#\/schema\/logo\/image\/\"}}]}<\/script>\n<!-- \/ Yoast SEO Premium plugin. -->","yoast_head_json":{"title":"Appartements \u00e0 vendre \u00e0 El Raval | Loca Barcelona","description":"D\u00e9couvrez le charme unique de ce quartier historique de Barcelone et confiez-vous \u00e0 Loca Barcelona pour concr\u00e9tiser vos projets immobiliers.","robots":{"index":"noindex","follow":"follow","max-snippet":"max-snippet:-1","max-image-preview":"max-image-preview:large","max-video-preview":"max-video-preview:-1"},"og_locale":"fr_FR","og_type":"article","og_title":"Appartements \u00e0 vendre \u00e0 El Raval | Loca Barcelona","og_description":"D\u00e9couvrez le charme unique de ce quartier historique de Barcelone et confiez-vous \u00e0 Loca Barcelona pour concr\u00e9tiser vos projets immobiliers.","og_url":"https:\/\/locabarcelona.egluu.com\/fr\/vente-appartements-barcelone\/el-raval\/","og_site_name":"Locabarcelona","article_modified_time":"2024-04-16T14:35:26+00:00","twitter_card":"summary_large_image","twitter_misc":{"Est. reading time":"4 minutes"},"schema":{"@context":"https:\/\/schema.org","@graph":[{"@type":"WebPage","@id":"https:\/\/locabarcelona.egluu.com\/fr\/vente-appartements-barcelone\/el-raval\/","url":"https:\/\/locabarcelona.egluu.com\/fr\/vente-appartements-barcelone\/el-raval\/","name":"Appartements \u00e0 vendre \u00e0 El Raval | Loca Barcelona","isPartOf":{"@id":"https:\/\/locabarcelona.egluu.com\/fr\/#website"},"datePublished":"2024-04-04T07:13:49+00:00","dateModified":"2024-04-16T14:35:26+00:00","description":"D\u00e9couvrez le charme unique de ce quartier historique de Barcelone et confiez-vous \u00e0 Loca Barcelona pour concr\u00e9tiser vos projets immobiliers.","breadcrumb":{"@id":"https:\/\/locabarcelona.egluu.com\/fr\/vente-appartements-barcelone\/el-raval\/#breadcrumb"},"inLanguage":"fr-FR","potentialAction":[{"@type":"ReadAction","target":["https:\/\/locabarcelona.egluu.com\/fr\/vente-appartements-barcelone\/el-raval\/"]}]},{"@type":"BreadcrumbList","@id":"https:\/\/locabarcelona.egluu.com\/fr\/vente-appartements-barcelone\/el-raval\/#breadcrumb","itemListElement":[{"@type":"ListItem","position":1,"name":"Inicio","item":"https:\/\/www.locabarcelona.com\/fr\/home\/"},{"@type":"ListItem","position":2,"name":"Vente d\u2019appartements \u00e0 Barcelone","item":"https:\/\/www.locabarcelona.com\/fr\/vente-appartements-barcelone\/"},{"@type":"ListItem","position":3,"name":"Appartements \u00e0 vendre \u00e0 El Raval"}]},{"@type":"WebSite","@id":"https:\/\/locabarcelona.egluu.com\/fr\/#website","url":"https:\/\/locabarcelona.egluu.com\/fr\/","name":"Loca Barcelona","description":"Real Estate Services","publisher":{"@id":"https:\/\/locabarcelona.egluu.com\/fr\/#organization"},"potentialAction":[{"@type":"SearchAction","target":{"@type":"EntryPoint","urlTemplate":"https:\/\/locabarcelona.egluu.com\/fr\/?s={search_term_string}"},"query-input":"required name=search_term_string"}],"inLanguage":"fr-FR"},{"@type":"Organization","@id":"https:\/\/locabarcelona.egluu.com\/fr\/#organization","name":"Loca Barcelona","url":"https:\/\/locabarcelona.egluu.com\/fr\/","logo":{"@type":"ImageObject","inLanguage":"fr-FR","@id":"https:\/\/locabarcelona.egluu.com\/fr\/#\/schema\/logo\/image\/","url":"https:\/\/locabarcelona.egluu.com\/wp-content\/uploads\/2021\/10\/logo_locabarcelona_small.png","contentUrl":"https:\/\/locabarcelona.egluu.com\/wp-content\/uploads\/2021\/10\/logo_locabarcelona_small.png","width":250,"height":149,"caption":"Loca Barcelona"},"image":{"@id":"https:\/\/locabarcelona.egluu.com\/fr\/#\/schema\/logo\/image\/"}}]}},"_links":{"self":[{"href":"https:\/\/locabarcelona.egluu.com\/fr\/wp-json\/wp\/v2\/pages\/522802"}],"collection":[{"href":"https:\/\/locabarcelona.egluu.com\/fr\/wp-json\/wp\/v2\/pages"}],"about":[{"href":"https:\/\/locabarcelona.egluu.com\/fr\/wp-json\/wp\/v2\/types\/page"}],"author":[{"embeddable":true,"href":"https:\/\/locabarcelona.egluu.com\/fr\/wp-json\/wp\/v2\/users\/344"}],"replies":[{"embeddable":true,"href":"https:\/\/locabarcelona.egluu.com\/fr\/wp-json\/wp\/v2\/comments?post=522802"}],"version-history":[{"count":5,"href":"https:\/\/locabarcelona.egluu.com\/fr\/wp-json\/wp\/v2\/pages\/522802\/revisions"}],"predecessor-version":[{"id":524897,"href":"https:\/\/locabarcelona.egluu.com\/fr\/wp-json\/wp\/v2\/pages\/522802\/revisions\/524897"}],"up":[{"embeddable":true,"href":"https:\/\/locabarcelona.egluu.com\/fr\/wp-json\/wp\/v2\/pages\/506318"}],"wp:attachment":[{"href":"https:\/\/locabarcelona.egluu.com\/fr\/wp-json\/wp\/v2\/media?parent=522802"}],"curies":[{"name":"wp","href":"https:\/\/api.w.org\/{rel}","templated":true}]}}