{"id":525996,"date":"2024-04-30T12:25:13","date_gmt":"2024-04-30T10:25:13","guid":{"rendered":"https:\/\/locabarcelona.egluu.com\/?page_id=525996"},"modified":"2024-05-16T11:50:20","modified_gmt":"2024-05-16T09:50:20","slug":"el-born","status":"publish","type":"page","link":"https:\/\/locabarcelona.egluu.com\/fr\/vente-appartements-barcelone\/el-born\/","title":{"rendered":"Appartements \u00e0 vendre dans El Born"},"content":{"rendered":"\t\t<div data-elementor-type=\"wp-page\" data-elementor-id=\"525996\" class=\"elementor elementor-525996 elementor-525704\" data-elementor-post-type=\"page\">\n\t\t\t\t\t\t<section class=\"elementor-section elementor-top-section elementor-element elementor-element-2fd2862a elementor-section-boxed elementor-section-height-default elementor-section-height-default\" data-id=\"2fd2862a\" data-element_type=\"section\">\n\t\t\t\t\t\t<div class=\"elementor-container elementor-column-gap-default\">\n\t\t\t\t\t<div class=\"elementor-column elementor-col-100 elementor-top-column elementor-element elementor-element-a3df5d7\" data-id=\"a3df5d7\" data-element_type=\"column\">\n\t\t\t<div class=\"elementor-widget-wrap elementor-element-populated\">\n\t\t\t\t\t\t<div class=\"elementor-element elementor-element-d447453 elementor-widget elementor-widget-heading\" data-id=\"d447453\" data-element_type=\"widget\" data-widget_type=\"heading.default\">\n\t\t\t\t<div class=\"elementor-widget-container\">\n\t\t\t<h2 class=\"elementor-heading-title elementor-size-default\">Pourquoi acheter un appartement dans El Born ?\n\n<\/h2>\t\t<\/div>\n\t\t\t\t<\/div>\n\t\t\t\t<div class=\"elementor-element elementor-element-4b68348 elementor-widget elementor-widget-text-editor\" data-id=\"4b68348\" data-element_type=\"widget\" data-widget_type=\"text-editor.default\">\n\t\t\t\t<div class=\"elementor-widget-container\">\n\t\t\t\t\t\t\t<p>El Born est l&#8217;un des endroits pr\u00e9f\u00e9r\u00e9s des visiteurs de Barcelone ; sa vie nocturne et son style architectural attirent l&#8217;attention de tous ceux qui visitent cette grande ville. Le quartier poss\u00e8de \u00e9galement une atmosph\u00e8re boh\u00e8me et multiculturelle qui rend la vie ici unique.<\/p><p>Vivre dans El Born est id\u00e9al pour ceux qui cherchent \u00e0 profiter de centaines d&#8217;activit\u00e9s diff\u00e9rentes. Des mus\u00e9es d&#8217;art moderne aux plus classiques comme le Mus\u00e9e Picasso, en passant par certains des meilleurs bars \u00e0 cocktails du monde, cet endroit regorge des meilleurs endroits pour passer votre temps libre.<\/p><p>Acheter un appartement dans El Born est un excellent investissement en raison de la forte demande de logements dans cette r\u00e9gion. La vari\u00e9t\u00e9 de locataires int\u00e9ress\u00e9s par la location dans El Born est vraiment grande, bien que les jeunes et les visiteurs de Barcelone se distinguent.<\/p>\t\t\t\t\t\t<\/div>\n\t\t\t\t<\/div>\n\t\t\t\t<div class=\"elementor-element elementor-element-c1d95ea elementor-widget elementor-widget-heading\" data-id=\"c1d95ea\" data-element_type=\"widget\" data-widget_type=\"heading.default\">\n\t\t\t\t<div class=\"elementor-widget-container\">\n\t\t\t<h2 class=\"elementor-heading-title elementor-size-default\">Acheter un appartement dans El Born est tr\u00e8s facile avec Loca Barcelona<\/h2>\t\t<\/div>\n\t\t\t\t<\/div>\n\t\t\t\t<div class=\"elementor-element elementor-element-33a3cbf elementor-widget elementor-widget-text-editor\" data-id=\"33a3cbf\" data-element_type=\"widget\" data-widget_type=\"text-editor.default\">\n\t\t\t\t<div class=\"elementor-widget-container\">\n\t\t\t\t\t\t\t<p>Chez Loca Barcelona, nous nous effor\u00e7ons de vous fournir une exp\u00e9rience confortable et satisfaisante tout au long du processus d&#8217;achat. En tant qu&#8217;agence immobili\u00e8re locale, nous sommes experts dans le march\u00e9 de la vente d&#8217;appartements dans El Born, donc vous pouvez \u00eatre s\u00fbr qu&#8217;avec nous, vous ferez le meilleur investissement possible en fonction de vos besoins.<\/p><p>En plus d&#8217;offrir des conseils et une assistance totale pour l&#8217;achat de propri\u00e9t\u00e9s dans El Born, nous proposons divers services qui peuvent vous aider :<\/p><ul><li><strong>Personal Shopper :<\/strong> Nous vous proposons un service d&#8217;assistance enti\u00e8rement personnalis\u00e9 gr\u00e2ce \u00e0 notre \u00e9quipe de <a href=\"https:\/\/locabarcelona.egluu.com\/fr\/vente-appartements-barcelone\/personal-shopper-immobilier-a-barcelone\/\">personal shoppers immobiliers<\/a>. Nous r\u00e9pondrons \u00e0 vos besoins sp\u00e9cifiques pour vous garantir une exp\u00e9rience d&#8217;achat unique.<\/li><li><strong>Assistance pour l&#8217;obtention de la Golden Visa :<\/strong> Si vous \u00eates un investisseur \u00e9tranger, ce service vous int\u00e9ressera beaucoup. En plus de vous fournir toutes les informations et les avantages de la <a href=\"https:\/\/locabarcelona.egluu.com\/fr\/vente-appartements-barcelone\/golden-visa-espagne\/\">Golden Visa<\/a>, nous vous aiderons \u00e9galement avec toute la paperasserie n\u00e9cessaire pour l&#8217;obtenir aussi confortablement que possible.<\/li><\/ul><p>Vous le savez d\u00e9j\u00e0 ! Trouver des appartements \u00e0 vendre dans El Born est plus facile et plus confortable gr\u00e2ce \u00e0 Loca Barcelona. Faire confiance \u00e0 nos services immobiliers garantit que vous ferez le meilleur investissement.<\/p>\t\t\t\t\t\t<\/div>\n\t\t\t\t<\/div>\n\t\t\t\t<div class=\"elementor-element elementor-element-1544067 elementor-widget elementor-widget-heading\" data-id=\"1544067\" data-element_type=\"widget\" data-widget_type=\"heading.default\">\n\t\t\t\t<div class=\"elementor-widget-container\">\n\t\t\t<h2 class=\"elementor-heading-title elementor-size-default\">Voulez-vous vendre votre appartement dans El Born ?\n\n<\/h2>\t\t<\/div>\n\t\t\t\t<\/div>\n\t\t\t\t<div class=\"elementor-element elementor-element-1a8a150 elementor-widget elementor-widget-text-editor\" data-id=\"1a8a150\" data-element_type=\"widget\" data-widget_type=\"text-editor.default\">\n\t\t\t\t<div class=\"elementor-widget-container\">\n\t\t\t\t\t\t\t<p>Si vous \u00eates int\u00e9ress\u00e9 par la vente, faites-nous confiance pour simplifier le processus et obtenir le meilleur prix pour votre appartement dans El Born. Pour cela, il vous suffit de suivre ces \u00e9tapes :<\/p><p>1. Contactez-nous en utilisant notre <a href=\"https:\/\/locabarcelona.egluu.com\/fr\/qui-sommes-nous\/contactez-nous\/\">formulaire de contact<\/a>.<br \/>2. Nous organiserons une inspection de votre maison pour que nos experts l&#8217;\u00e9valuent.<br \/>3. Nous nous chargerons de la publicit\u00e9 et de la pr\u00e9sentation de votre propri\u00e9t\u00e9 aux acheteurs potentiels.<br \/>4. Nous r\u00e9digerons le contrat et vous fournirons une assistance avec les documents requis sous la supervision d&#8217;un avocat.<br \/>5. Le processus de vente sera finalis\u00e9 devant un notaire.<\/p><p>Pour garantir l&#8217;\u00e9valuation correcte de la propri\u00e9t\u00e9, nous offrons des informations sur la valeur approximative par m\u00e8tre carr\u00e9 dans El Born. N&#8217;oubliez pas que vous pouvez \u00e9galement utiliser notre <a href=\"https:\/\/locabarcelona.egluu.com\/fr\/vente-appartements-barcelone\/estimation-bien-immobilier\/\">outil gratuit de valorisation immobili\u00e8re en ligne<\/a> pour conna\u00eetre la valeur approximative de votre propri\u00e9t\u00e9 en moins de 2 minutes.<\/p>\t\t\t\t\t\t<\/div>\n\t\t\t\t<\/div>\n\t\t\t\t<div class=\"elementor-element elementor-element-d4e0925 elementor-widget elementor-widget-heading\" data-id=\"d4e0925\" data-element_type=\"widget\" data-widget_type=\"heading.default\">\n\t\t\t\t<div class=\"elementor-widget-container\">\n\t\t\t<h2 class=\"elementor-heading-title elementor-size-default\">Loca Barcelona : Votre agence immobili\u00e8re dans El Born<\/h2>\t\t<\/div>\n\t\t\t\t<\/div>\n\t\t\t\t<div class=\"elementor-element elementor-element-8ab9fc0 elementor-widget elementor-widget-text-editor\" data-id=\"8ab9fc0\" data-element_type=\"widget\" data-widget_type=\"text-editor.default\">\n\t\t\t\t<div class=\"elementor-widget-container\">\n\t\t\t\t\t\t\t<p>Chez Loca Barcelona, nous sommes fiers d&#8217;\u00eatre des connaisseurs experts du march\u00e9 immobilier dans El Born. Notre s\u00e9lection de maisons dans El Born va des logements r\u00e9cemment construits aux charmants studios. Que vous vendiez votre appartement dans El Born ou que vous en achetiez un, Loca Barcelona est ce que vous recherchez.<\/p><p>Notre \u00e9quipe d&#8217;experts immobiliers est r\u00e9put\u00e9e pour son excellente attention personnalis\u00e9e et son engagement envers chacun de nos clients. N&#8217;h\u00e9sitez pas \u00e0 nous communiquer tous vos besoins en mati\u00e8re d&#8217;achat et de vente de maisons afin que nous puissions vous aider.<\/p>\t\t\t\t\t\t<\/div>\n\t\t\t\t<\/div>\n\t\t\t\t<div class=\"elementor-element elementor-element-d516972 elementor-widget elementor-widget-heading\" data-id=\"d516972\" data-element_type=\"widget\" data-widget_type=\"heading.default\">\n\t\t\t\t<div class=\"elementor-widget-container\">\n\t\t\t<h2 class=\"elementor-heading-title elementor-size-default\">Appartements \u00e0 vendre \u00e0 Barcelone par quartier<\/h2>\t\t<\/div>\n\t\t\t\t<\/div>\n\t\t\t\t\t<\/div>\n\t\t<\/div>\n\t\t\t\t\t<\/div>\n\t\t<\/section>\n\t\t<div class=\"elementor-element elementor-element-04d895d e-flex e-con-boxed e-con e-parent\" data-id=\"04d895d\" data-element_type=\"container\">\n\t\t\t\t\t<div class=\"e-con-inner\">\n\t\t\t\t<div class=\"elementor-element elementor-element-853ff62 elementor-widget elementor-widget-template\" data-id=\"853ff62\" data-element_type=\"widget\" data-widget_type=\"template.default\">\n\t\t\t\t<div class=\"elementor-widget-container\">\n\t\t\t\t\t<div class=\"elementor-template\">\n\t\t\t\t\t<div data-elementor-type=\"container\" data-elementor-id=\"522718\" class=\"elementor elementor-522718 elementor-521623\" data-elementor-post-type=\"elementor_library\">\n\t\t\t\t<div class=\"elementor-element elementor-element-3f969113 e-flex e-con-boxed e-con e-parent\" data-id=\"3f969113\" data-element_type=\"container\">\n\t\t\t\t\t<div class=\"e-con-inner\">\n\t\t<div class=\"elementor-element elementor-element-65ff43a5 e-con-full e-flex e-con e-child\" data-id=\"65ff43a5\" data-element_type=\"container\">\n\t\t\t\t<div class=\"elementor-element elementor-element-778fdbed elementor-widget elementor-widget-text-editor\" data-id=\"778fdbed\" data-element_type=\"widget\" data-widget_type=\"text-editor.default\">\n\t\t\t\t<div class=\"elementor-widget-container\">\n\t\t\t\t\t\t\t<p><a href=\"https:\/\/locabarcelona.egluu.com\/fr\/vente-appartements-barcelone\/eixample\/\">Appartements \u00e0 vendre \u00e0 l&#8217;Eixample<\/a><br \/>Appartements \u00e0 vendre \u00e0 Eixample Dreta<br \/>Appartements \u00e0 Antiga Esquerra de l&#8217;Eixample<br \/>Appartements \u00e0 Nova Esquerra de l&#8217;Eixample<br \/>Appartements \u00e0 vendre \u00e0 Fort Pienc<br \/><a href=\"https:\/\/locabarcelona.egluu.com\/fr\/vente-appartements-barcelone\/sagrada-familia\/\">Appartements \u00e0 vendre \u00e0 Sagrada Familia<\/a><br \/><a href=\"https:\/\/locabarcelona.egluu.com\/fr\/vente-appartements-barcelone\/nou-barris\/\">Appartements \u00e0 vendre \u00e0 Sant Antoni<\/a><br \/><a href=\"https:\/\/locabarcelona.egluu.com\/fr\/vente-appartements-barcelone\/ciutat-vella\/\">Appartements \u00e0 vendre \u00e0 Ciutat Vella<\/a><br \/>Appartements \u00e0 vendre \u00e0 El Gotico<br \/><a href=\"https:\/\/locabarcelona.egluu.com\/fr\/vente-appartements-barcelone\/el-raval\/\">Appartements \u00e0 vendre dans le Raval<\/a><br \/><a href=\"https:\/\/locabarcelona.egluu.com\/fr\/vente-appartements-barcelone\/el-born\/\">Appartements \u00e0 vendre \u00e0 El Born<\/a><br \/><a href=\"https:\/\/locabarcelona.egluu.com\/fr\/vente-appartements-barcelone\/barceloneta\/\">Appartements \u00e0 vendre \u00e0 Barceloneta<\/a><br \/><a href=\"https:\/\/locabarcelona.egluu.com\/fr\/vente-appartements-barcelone\/sants-montjuic\/\">Appartements \u00e0 vendre \u00e0 Sants-Montju\u00efc<\/a><br \/><a href=\"https:\/\/locabarcelona.egluu.com\/fr\/vente-appartements-barcelone\/poble-sec\/\">Appartements \u00e0 vendre \u00e0 Poble Sec<\/a><br \/><a href=\"https:\/\/locabarcelona.egluu.com\/fr\/vente-appartements-barcelone\/sants\/\">Appartements \u00e0 vendre \u00e0 Sants<\/a><br \/>Appartements \u00e0 vendre \u00e0 El Putxet i Farr\u00f3<br \/>Appartements \u00e0 vendre \u00e0 Las Tres Torres<br \/>Appartements \u00e0 vendre \u00e0 Montju\u00efc<\/p>\t\t\t\t\t\t<\/div>\n\t\t\t\t<\/div>\n\t\t\t\t<\/div>\n\t\t<div class=\"elementor-element elementor-element-57de031d e-con-full e-flex e-con e-child\" data-id=\"57de031d\" data-element_type=\"container\">\n\t\t\t\t<div class=\"elementor-element elementor-element-12264ea9 elementor-widget elementor-widget-text-editor\" data-id=\"12264ea9\" data-element_type=\"widget\" data-widget_type=\"text-editor.default\">\n\t\t\t\t<div class=\"elementor-widget-container\">\n\t\t\t\t\t\t\t<p><a href=\"https:\/\/locabarcelona.egluu.com\/fr\/vente-appartements-barcelone\/les-corts\/\">Appartements \u00e0 vendre \u00e0 les Corts<\/a><br \/>Appartements \u00e0 vendre \u00e0 Pedralbes<br \/><a href=\"https:\/\/locabarcelona.egluu.com\/fr\/vente-appartements-barcelone\/sarria-sant-gervasi\/\">Appartements \u00e0 vendre \u00e0 Sarria Sant Gervasi<\/a><br \/>Appartements \u00e0 vendre \u00e0 Gr\u00e0cia<br \/>Appartements \u00e0 vendre \u00e0 Vila de Gr\u00e0cia<br \/><a href=\"https:\/\/locabarcelona.egluu.com\/fr\/vente-appartements-barcelone\/horta-guinardo\/\">Appartements \u00e0 vendre \u00e0 Horta-Guinardo<\/a><br \/><a href=\"https:\/\/locabarcelona.egluu.com\/fr\/vente-appartements-barcelone\/nou-barris\/\">Appartements \u00e0 vendre \u00e0 Nou Barris<\/a><br \/><a href=\"https:\/\/locabarcelona.egluu.com\/fr\/vente-appartements-barcelone\/nou-barris\/\">Appartements \u00e0 vendre \u00e0 Sant Andreu<\/a><br \/><a href=\"https:\/\/locabarcelona.egluu.com\/fr\/vente-appartements-barcelone\/sant-antoni\/\">Appartements \u00e0 vendre \u00e0 Sant Antoni<\/a><br \/><a href=\"https:\/\/locabarcelona.egluu.com\/fr\/vente-appartements-barcelone\/sant-marti\/\">Appartements \u00e0 vendre \u00e0 Sant Mart\u00ed<\/a><br \/><a href=\"https:\/\/locabarcelona.egluu.com\/fr\/vente-appartements-barcelone\/el-clot\/\">Appartements \u00e0 vendre \u00e0 El Clot<\/a><br \/>Appartements \u00e0 La Vila Ol\u00edmpica del Poblenou<br \/><a href=\"https:\/\/locabarcelona.egluu.com\/fr\/vente-appartements-barcelone\/poble-nou\/\">Appartements \u00e0 vendre \u00e0 Poblenou<\/a><br \/>Appartements \u00e0 vendre \u00e0 Diagonal Mar<br \/>Appartements \u00e0 vendre \u00e0 Sant Gervasi \u2013 la bonanova<br \/>Appartements \u00e0 vendre \u00e0 Sant Gervasi Galvany<br \/>Appartements \u00e0 vendre dans la Zone Franche<br \/>Appartements \u00e0 vendre \u00e0 Sants Badal<\/p>\t\t\t\t\t\t<\/div>\n\t\t\t\t<\/div>\n\t\t\t\t<\/div>\n\t\t\t\t\t<\/div>\n\t\t\t\t<\/div>\n\t\t\t\t<\/div>\n\t\t\t\t<\/div>\n\t\t\t\t<\/div>\n\t\t\t\t<\/div>\n\t\t\t\t\t<\/div>\n\t\t\t\t<\/div>\n\t\t\t\t<\/div>\n\t\t","protected":false},"excerpt":{"rendered":"<p>Pourquoi acheter un appartement dans El Born ? El Born est l&#8217;un des endroits pr\u00e9f\u00e9r\u00e9s des visiteurs de Barcelone ; sa vie nocturne et son style architectural attirent l&#8217;attention de tous ceux qui visitent cette grande ville. Le quartier poss\u00e8de \u00e9galement une atmosph\u00e8re boh\u00e8me et multiculturelle qui rend la vie ici unique. Vivre dans El&#8230;<\/p>\n","protected":false},"author":344,"featured_media":0,"parent":506318,"menu_order":0,"comment_status":"closed","ping_status":"closed","template":"templates\/list-layout.php","meta":{"inline_featured_image":false,"footnotes":""},"yoast_head":"<!-- This site is optimized with the Yoast SEO Premium plugin v22.6 (Yoast SEO v22.6) - https:\/\/yoast.com\/wordpress\/plugins\/seo\/ -->\n<title>Appartements \u00e0 vendre dans El Born | Locabarcelona<\/title>\n<meta name=\"description\" content=\"D\u00e9couvrez les appartements \u00e0 vendre \u00e0 El Born avec Loca Barcelona et obtenez le meilleur prix pour votre propri\u00e9t\u00e9 gr\u00e2ce \u00e0 notre expertise locale.\" \/>\n<meta name=\"robots\" content=\"noindex, follow, max-snippet:-1, max-image-preview:large, max-video-preview:-1\" \/>\n<meta property=\"og:locale\" content=\"fr_FR\" \/>\n<meta property=\"og:type\" content=\"article\" \/>\n<meta property=\"og:title\" content=\"Appartements \u00e0 vendre dans El Born | Locabarcelona\" \/>\n<meta property=\"og:description\" content=\"D\u00e9couvrez les appartements \u00e0 vendre \u00e0 El Born avec Loca Barcelona et obtenez le meilleur prix pour votre propri\u00e9t\u00e9 gr\u00e2ce \u00e0 notre expertise locale.\" \/>\n<meta property=\"og:url\" content=\"https:\/\/locabarcelona.egluu.com\/fr\/vente-appartements-barcelone\/el-born\/\" \/>\n<meta property=\"og:site_name\" content=\"Locabarcelona\" \/>\n<meta property=\"article:modified_time\" content=\"2024-05-16T09:50:20+00:00\" \/>\n<meta name=\"twitter:card\" content=\"summary_large_image\" \/>\n<meta name=\"twitter:label1\" content=\"Est. reading time\" \/>\n\t<meta name=\"twitter:data1\" content=\"3 minutes\" \/>\n<script type=\"application\/ld+json\" class=\"yoast-schema-graph\">{\"@context\":\"https:\/\/schema.org\",\"@graph\":[{\"@type\":\"WebPage\",\"@id\":\"https:\/\/locabarcelona.egluu.com\/fr\/vente-appartements-barcelone\/el-born\/\",\"url\":\"https:\/\/locabarcelona.egluu.com\/fr\/vente-appartements-barcelone\/el-born\/\",\"name\":\"Appartements \u00e0 vendre dans El Born | Locabarcelona\",\"isPartOf\":{\"@id\":\"https:\/\/locabarcelona.egluu.com\/fr\/#website\"},\"datePublished\":\"2024-04-30T10:25:13+00:00\",\"dateModified\":\"2024-05-16T09:50:20+00:00\",\"description\":\"D\u00e9couvrez les appartements \u00e0 vendre \u00e0 El Born avec Loca Barcelona et obtenez le meilleur prix pour votre propri\u00e9t\u00e9 gr\u00e2ce \u00e0 notre expertise locale.\",\"breadcrumb\":{\"@id\":\"https:\/\/locabarcelona.egluu.com\/fr\/vente-appartements-barcelone\/el-born\/#breadcrumb\"},\"inLanguage\":\"fr-FR\",\"potentialAction\":[{\"@type\":\"ReadAction\",\"target\":[\"https:\/\/locabarcelona.egluu.com\/fr\/vente-appartements-barcelone\/el-born\/\"]}]},{\"@type\":\"BreadcrumbList\",\"@id\":\"https:\/\/locabarcelona.egluu.com\/fr\/vente-appartements-barcelone\/el-born\/#breadcrumb\",\"itemListElement\":[{\"@type\":\"ListItem\",\"position\":1,\"name\":\"Inicio\",\"item\":\"https:\/\/www.locabarcelona.com\/fr\/home\/\"},{\"@type\":\"ListItem\",\"position\":2,\"name\":\"Vente d\u2019appartements \u00e0 Barcelone\",\"item\":\"https:\/\/www.locabarcelona.com\/fr\/vente-appartements-barcelone\/\"},{\"@type\":\"ListItem\",\"position\":3,\"name\":\"Appartements \u00e0 vendre dans El Born\"}]},{\"@type\":\"WebSite\",\"@id\":\"https:\/\/locabarcelona.egluu.com\/fr\/#website\",\"url\":\"https:\/\/locabarcelona.egluu.com\/fr\/\",\"name\":\"Loca Barcelona\",\"description\":\"Real Estate Services\",\"publisher\":{\"@id\":\"https:\/\/locabarcelona.egluu.com\/fr\/#organization\"},\"potentialAction\":[{\"@type\":\"SearchAction\",\"target\":{\"@type\":\"EntryPoint\",\"urlTemplate\":\"https:\/\/locabarcelona.egluu.com\/fr\/?s={search_term_string}\"},\"query-input\":\"required name=search_term_string\"}],\"inLanguage\":\"fr-FR\"},{\"@type\":\"Organization\",\"@id\":\"https:\/\/locabarcelona.egluu.com\/fr\/#organization\",\"name\":\"Loca Barcelona\",\"url\":\"https:\/\/locabarcelona.egluu.com\/fr\/\",\"logo\":{\"@type\":\"ImageObject\",\"inLanguage\":\"fr-FR\",\"@id\":\"https:\/\/locabarcelona.egluu.com\/fr\/#\/schema\/logo\/image\/\",\"url\":\"https:\/\/locabarcelona.egluu.com\/wp-content\/uploads\/2021\/10\/logo_locabarcelona_small.png\",\"contentUrl\":\"https:\/\/locabarcelona.egluu.com\/wp-content\/uploads\/2021\/10\/logo_locabarcelona_small.png\",\"width\":250,\"height\":149,\"caption\":\"Loca Barcelona\"},\"image\":{\"@id\":\"https:\/\/locabarcelona.egluu.com\/fr\/#\/schema\/logo\/image\/\"}}]}<\/script>\n<!-- \/ Yoast SEO Premium plugin. -->","yoast_head_json":{"title":"Appartements \u00e0 vendre dans El Born | Locabarcelona","description":"D\u00e9couvrez les appartements \u00e0 vendre \u00e0 El Born avec Loca Barcelona et obtenez le meilleur prix pour votre propri\u00e9t\u00e9 gr\u00e2ce \u00e0 notre expertise locale.","robots":{"index":"noindex","follow":"follow","max-snippet":"max-snippet:-1","max-image-preview":"max-image-preview:large","max-video-preview":"max-video-preview:-1"},"og_locale":"fr_FR","og_type":"article","og_title":"Appartements \u00e0 vendre dans El Born | Locabarcelona","og_description":"D\u00e9couvrez les appartements \u00e0 vendre \u00e0 El Born avec Loca Barcelona et obtenez le meilleur prix pour votre propri\u00e9t\u00e9 gr\u00e2ce \u00e0 notre expertise locale.","og_url":"https:\/\/locabarcelona.egluu.com\/fr\/vente-appartements-barcelone\/el-born\/","og_site_name":"Locabarcelona","article_modified_time":"2024-05-16T09:50:20+00:00","twitter_card":"summary_large_image","twitter_misc":{"Est. reading time":"3 minutes"},"schema":{"@context":"https:\/\/schema.org","@graph":[{"@type":"WebPage","@id":"https:\/\/locabarcelona.egluu.com\/fr\/vente-appartements-barcelone\/el-born\/","url":"https:\/\/locabarcelona.egluu.com\/fr\/vente-appartements-barcelone\/el-born\/","name":"Appartements \u00e0 vendre dans El Born | Locabarcelona","isPartOf":{"@id":"https:\/\/locabarcelona.egluu.com\/fr\/#website"},"datePublished":"2024-04-30T10:25:13+00:00","dateModified":"2024-05-16T09:50:20+00:00","description":"D\u00e9couvrez les appartements \u00e0 vendre \u00e0 El Born avec Loca Barcelona et obtenez le meilleur prix pour votre propri\u00e9t\u00e9 gr\u00e2ce \u00e0 notre expertise locale.","breadcrumb":{"@id":"https:\/\/locabarcelona.egluu.com\/fr\/vente-appartements-barcelone\/el-born\/#breadcrumb"},"inLanguage":"fr-FR","potentialAction":[{"@type":"ReadAction","target":["https:\/\/locabarcelona.egluu.com\/fr\/vente-appartements-barcelone\/el-born\/"]}]},{"@type":"BreadcrumbList","@id":"https:\/\/locabarcelona.egluu.com\/fr\/vente-appartements-barcelone\/el-born\/#breadcrumb","itemListElement":[{"@type":"ListItem","position":1,"name":"Inicio","item":"https:\/\/www.locabarcelona.com\/fr\/home\/"},{"@type":"ListItem","position":2,"name":"Vente d\u2019appartements \u00e0 Barcelone","item":"https:\/\/www.locabarcelona.com\/fr\/vente-appartements-barcelone\/"},{"@type":"ListItem","position":3,"name":"Appartements \u00e0 vendre dans El Born"}]},{"@type":"WebSite","@id":"https:\/\/locabarcelona.egluu.com\/fr\/#website","url":"https:\/\/locabarcelona.egluu.com\/fr\/","name":"Loca Barcelona","description":"Real Estate Services","publisher":{"@id":"https:\/\/locabarcelona.egluu.com\/fr\/#organization"},"potentialAction":[{"@type":"SearchAction","target":{"@type":"EntryPoint","urlTemplate":"https:\/\/locabarcelona.egluu.com\/fr\/?s={search_term_string}"},"query-input":"required name=search_term_string"}],"inLanguage":"fr-FR"},{"@type":"Organization","@id":"https:\/\/locabarcelona.egluu.com\/fr\/#organization","name":"Loca Barcelona","url":"https:\/\/locabarcelona.egluu.com\/fr\/","logo":{"@type":"ImageObject","inLanguage":"fr-FR","@id":"https:\/\/locabarcelona.egluu.com\/fr\/#\/schema\/logo\/image\/","url":"https:\/\/locabarcelona.egluu.com\/wp-content\/uploads\/2021\/10\/logo_locabarcelona_small.png","contentUrl":"https:\/\/locabarcelona.egluu.com\/wp-content\/uploads\/2021\/10\/logo_locabarcelona_small.png","width":250,"height":149,"caption":"Loca Barcelona"},"image":{"@id":"https:\/\/locabarcelona.egluu.com\/fr\/#\/schema\/logo\/image\/"}}]}},"_links":{"self":[{"href":"https:\/\/locabarcelona.egluu.com\/fr\/wp-json\/wp\/v2\/pages\/525996"}],"collection":[{"href":"https:\/\/locabarcelona.egluu.com\/fr\/wp-json\/wp\/v2\/pages"}],"about":[{"href":"https:\/\/locabarcelona.egluu.com\/fr\/wp-json\/wp\/v2\/types\/page"}],"author":[{"embeddable":true,"href":"https:\/\/locabarcelona.egluu.com\/fr\/wp-json\/wp\/v2\/users\/344"}],"replies":[{"embeddable":true,"href":"https:\/\/locabarcelona.egluu.com\/fr\/wp-json\/wp\/v2\/comments?post=525996"}],"version-history":[{"count":5,"href":"https:\/\/locabarcelona.egluu.com\/fr\/wp-json\/wp\/v2\/pages\/525996\/revisions"}],"predecessor-version":[{"id":526001,"href":"https:\/\/locabarcelona.egluu.com\/fr\/wp-json\/wp\/v2\/pages\/525996\/revisions\/526001"}],"up":[{"embeddable":true,"href":"https:\/\/locabarcelona.egluu.com\/fr\/wp-json\/wp\/v2\/pages\/506318"}],"wp:attachment":[{"href":"https:\/\/locabarcelona.egluu.com\/fr\/wp-json\/wp\/v2\/media?parent=525996"}],"curies":[{"name":"wp","href":"https:\/\/api.w.org\/{rel}","templated":true}]}}