{"id":528384,"date":"2024-05-27T12:14:04","date_gmt":"2024-05-27T10:14:04","guid":{"rendered":"https:\/\/locabarcelona.egluu.com\/?page_id=528384"},"modified":"2024-06-17T10:51:24","modified_gmt":"2024-06-17T08:51:24","slug":"sant-andreu","status":"publish","type":"page","link":"https:\/\/locabarcelona.egluu.com\/fr\/vente-appartements-barcelone\/sant-andreu\/","title":{"rendered":"Apartements en Vente Sant Andreu"},"content":{"rendered":"\t\t<div data-elementor-type=\"wp-page\" data-elementor-id=\"528384\" class=\"elementor elementor-528384 elementor-528316\" data-elementor-post-type=\"page\">\n\t\t\t\t\t\t<section class=\"elementor-section elementor-top-section elementor-element elementor-element-2fd2862a elementor-section-boxed elementor-section-height-default elementor-section-height-default\" data-id=\"2fd2862a\" data-element_type=\"section\">\n\t\t\t\t\t\t<div class=\"elementor-container elementor-column-gap-default\">\n\t\t\t\t\t<div class=\"elementor-column elementor-col-100 elementor-top-column elementor-element elementor-element-a3df5d7\" data-id=\"a3df5d7\" data-element_type=\"column\">\n\t\t\t<div class=\"elementor-widget-wrap elementor-element-populated\">\n\t\t\t\t\t\t<div class=\"elementor-element elementor-element-d447453 elementor-widget elementor-widget-heading\" data-id=\"d447453\" data-element_type=\"widget\" data-widget_type=\"heading.default\">\n\t\t\t\t<div class=\"elementor-widget-container\">\n\t\t\t<h2 class=\"elementor-heading-title elementor-size-default\">Pourquoi acheter un appartement \u00e0 Sant Andreu ?<\/h2>\t\t<\/div>\n\t\t\t\t<\/div>\n\t\t\t\t<div class=\"elementor-element elementor-element-4b68348 elementor-widget elementor-widget-text-editor\" data-id=\"4b68348\" data-element_type=\"widget\" data-widget_type=\"text-editor.default\">\n\t\t\t\t<div class=\"elementor-widget-container\">\n\t\t\t\t\t\t\t<p>Le district de Sant Andreu est consid\u00e9r\u00e9 comme l&#8217;un des meilleurs endroits pour vivre \u00e0 Barcelone gr\u00e2ce \u00e0 son rapport qualit\u00e9-prix et \u00e0 de nombreux autres facteurs. C&#8217;est pourquoi de plus en plus de personnes cherchent \u00e0 acheter un appartement \u00e0 Sant Andreu et \u00e0 profiter de leur nouvelle vie l\u00e0-bas.<\/p><p>L&#8217;une des grandes avantages de <span style=\"text-decoration: underline;\"><a href=\"https:\/\/locabarcelona.egluu.com\/fr\/vivre-barcelone\/sant-andreu\/\">vivre \u00e0 Sant Andreu<\/a><\/span> est sa excellente communication avec le reste de la ville et les localit\u00e9s voisines. Ce district compte pratiquement toutes les lignes de train, ainsi que 4 lignes de m\u00e9tro et une grande quantit\u00e9 de bus et autocars.<\/p><p>Un autre des grands attraits de Sant Andreu est sa grande vari\u00e9t\u00e9 de restaurants et de lieux de loisirs, qui vous offriront une multitude d&#8217;activit\u00e9s \u00e0 faire pendant votre temps libre.<\/p><p>En d\u00e9finitive, les maisons \u00e0 vendre \u00e0 Sant Andreu repr\u00e9sentent bien plus qu&#8217;un simple endroit agr\u00e9able o\u00f9 vivre. Elles offrent l&#8217;un des meilleurs styles de vie de Barcelone, accompagn\u00e9es d&#8217;un nombre infini de commodit\u00e9s pour le quotidien.<\/p>\t\t\t\t\t\t<\/div>\n\t\t\t\t<\/div>\n\t\t\t\t<div class=\"elementor-element elementor-element-c1d95ea elementor-widget elementor-widget-heading\" data-id=\"c1d95ea\" data-element_type=\"widget\" data-widget_type=\"heading.default\">\n\t\t\t\t<div class=\"elementor-widget-container\">\n\t\t\t<h2 class=\"elementor-heading-title elementor-size-default\">Acheter un appartement \u00e0 Sant Andreu est facile avec Loca Barcelona\n<\/h2>\t\t<\/div>\n\t\t\t\t<\/div>\n\t\t\t\t<div class=\"elementor-element elementor-element-33a3cbf elementor-widget elementor-widget-text-editor\" data-id=\"33a3cbf\" data-element_type=\"widget\" data-widget_type=\"text-editor.default\">\n\t\t\t\t<div class=\"elementor-widget-container\">\n\t\t\t\t\t\t\t<p>Chez Loca Barcelona, nous sommes fiers de pouvoir dire que nous offrons un service complet et personnalis\u00e9 pour vous faciliter au maximum la recherche d&#8217;appartements \u00e0 vendre \u00e0 Sant Andreu. Notre \u00e9quipe est compos\u00e9e de grands experts immobiliers locaux qui vous aideront \u00e0 trouver la maison id\u00e9ale pour vous et tout au long du processus d&#8217;achat.<\/p><p>Si vous cherchez une exp\u00e9rience totalement personnalis\u00e9e pour vous aider \u00e0 trouver les meilleures offres d&#8217;appartements \u00e0 Sant Andreu, notre <span style=\"text-decoration: underline;\"><a href=\"https:\/\/locabarcelona.egluu.com\/fr\/vente-appartements-barcelone\/personal-shopper-immobilier-a-barcelone\/\">service de personal shopper immobilier<\/a><\/span> est la solution. Gr\u00e2ce \u00e0 lui, vous pourrez profiter d&#8217;un expert immobilier d\u00e9di\u00e9 \u00e0 vos besoins et questions concernant la recherche de l&#8217;appartement et le processus d&#8217;achat.<\/p><p>De plus, si vous \u00eates un investisseur \u00e9tranger et que vous \u00eates int\u00e9ress\u00e9 par le march\u00e9 immobilier espagnol, nous offrons \u00e9galement une aide pour l&#8217;obtention de la <span style=\"text-decoration: underline;\"><a href=\"https:\/\/locabarcelona.egluu.com\/fr\/vente-appartements-barcelone\/golden-visa-espagne\/\">Golden Visa<\/a><\/span>. Avec elle, vous pourrez profiter de divers avantages, tels qu&#8217;un permis de r\u00e9sidence en Espagne et la possibilit\u00e9 d&#8217;investir dans des propri\u00e9t\u00e9s \u00e0 Barcelone.<\/p>\t\t\t\t\t\t<\/div>\n\t\t\t\t<\/div>\n\t\t\t\t<div class=\"elementor-element elementor-element-1544067 elementor-widget elementor-widget-heading\" data-id=\"1544067\" data-element_type=\"widget\" data-widget_type=\"heading.default\">\n\t\t\t\t<div class=\"elementor-widget-container\">\n\t\t\t<h2 class=\"elementor-heading-title elementor-size-default\">Vous souhaitez vendre votre appartement \u00e0 Sant Andreu ?<\/h2>\t\t<\/div>\n\t\t\t\t<\/div>\n\t\t\t\t<div class=\"elementor-element elementor-element-1a8a150 elementor-widget elementor-widget-text-editor\" data-id=\"1a8a150\" data-element_type=\"widget\" data-widget_type=\"text-editor.default\">\n\t\t\t\t<div class=\"elementor-widget-container\">\n\t\t\t\t\t\t\t<p>Si vous \u00eates int\u00e9ress\u00e9 par la vente de votre appartement \u00e0 Sant Andreu, chez Loca Barcelona, nous vous facilitons la t\u00e2che. Nous nous engageons \u00e0 g\u00e9rer tout le processus de vente pour vous garantir le meilleur prix possible pour votre logement \u00e0 Sant Andreu. Pour b\u00e9n\u00e9ficier de nos services, vous devez simplement suivre ces \u00e9tapes simples :<\/p><p>1. Contactez-nous via notre <span style=\"text-decoration: underline;\"><a href=\"https:\/\/locabarcelona.egluu.com\/fr\/qui-sommes-nous\/contactez-nous\/\">formulaire de contact<\/a><\/span>.<br \/>2. Fixez une date pour que nos experts immobiliers puissent \u00e9valuer avec pr\u00e9cision votre logement.<br \/>3. Chez Loca Barcelona, nous nous chargerons de promouvoir l&#8217;offre de votre appartement et de vous pr\u00e9senter des acheteurs potentiels.<br \/>4. Nous r\u00e9digerons les contrats et vous aiderons avec la gestion des documents sous la supervision d&#8217;un avocat.<br \/>5. Enfin, nous finaliserons le processus de vente devant un notaire.<\/p><p>De plus, si vous souhaitez conna\u00eetre le prix de vente de votre appartement \u00e0 Sant Andreu, rappelez-vous que vous pouvez utiliser notre <span style=\"text-decoration: underline;\"><a href=\"https:\/\/locabarcelona.egluu.com\/fr\/vente-appartements-barcelone\/estimation-bien-immobilier\/\">outil en ligne d&#8217;estimation immobili\u00e8re gratuite<\/a><\/span> pour conna\u00eetre sa valeur approximative.<\/p><p>N&#8217;oubliez pas que notre \u00e9quipe d&#8217;experts vous offrira une \u00e9valuation pr\u00e9cise de l&#8217;appartement que vous souhaitez vendre \u00e0 Sant Andreu. Ils vous conseilleront \u00e9galement sur les tendances qui affectent le march\u00e9 immobilier local et vous donneront une orientation sur le prix au m\u00e8tre carr\u00e9 \u00e0 Sant Andreu.<\/p>\t\t\t\t\t\t<\/div>\n\t\t\t\t<\/div>\n\t\t\t\t<div class=\"elementor-element elementor-element-d4e0925 elementor-widget elementor-widget-heading\" data-id=\"d4e0925\" data-element_type=\"widget\" data-widget_type=\"heading.default\">\n\t\t\t\t<div class=\"elementor-widget-container\">\n\t\t\t<h2 class=\"elementor-heading-title elementor-size-default\">Loca Barcelona : votre agence immobili\u00e8re de confiance \u00e0 Sant Andreu<\/h2>\t\t<\/div>\n\t\t\t\t<\/div>\n\t\t\t\t<div class=\"elementor-element elementor-element-8ab9fc0 elementor-widget elementor-widget-text-editor\" data-id=\"8ab9fc0\" data-element_type=\"widget\" data-widget_type=\"text-editor.default\">\n\t\t\t\t<div class=\"elementor-widget-container\">\n\t\t\t\t\t\t\t<p>En tant qu&#8217;agence immobili\u00e8re locale, nous connaissons mieux que quiconque le potentiel qu&#8217;offrent les appartements \u00e0 Sant Andreu. C&#8217;est pourquoi nous obtenons les meilleurs prix pour l&#8217;achat et la vente d&#8217;appartements dans ce district. Ainsi, si vous \u00eates int\u00e9ress\u00e9 par l&#8217;une des deux options, Loca Barcelona est l&#8217;agence immobili\u00e8re dont vous avez besoin.<\/p>\t\t\t\t\t\t<\/div>\n\t\t\t\t<\/div>\n\t\t\t\t<div class=\"elementor-element elementor-element-d516972 elementor-widget elementor-widget-heading\" data-id=\"d516972\" data-element_type=\"widget\" data-widget_type=\"heading.default\">\n\t\t\t\t<div class=\"elementor-widget-container\">\n\t\t\t<h2 class=\"elementor-heading-title elementor-size-default\">Appartements \u00e0 vendre \u00e0 Barcelone par quartier<\/h2>\t\t<\/div>\n\t\t\t\t<\/div>\n\t\t\t\t\t<\/div>\n\t\t<\/div>\n\t\t\t\t\t<\/div>\n\t\t<\/section>\n\t\t<div class=\"elementor-element elementor-element-04d895d e-flex e-con-boxed e-con e-parent\" data-id=\"04d895d\" data-element_type=\"container\">\n\t\t\t\t\t<div class=\"e-con-inner\">\n\t\t\t\t<div class=\"elementor-element elementor-element-853ff62 elementor-widget elementor-widget-template\" data-id=\"853ff62\" data-element_type=\"widget\" data-widget_type=\"template.default\">\n\t\t\t\t<div class=\"elementor-widget-container\">\n\t\t\t\t\t<div class=\"elementor-template\">\n\t\t\t\t\t<div data-elementor-type=\"container\" data-elementor-id=\"522718\" class=\"elementor elementor-522718 elementor-521623\" data-elementor-post-type=\"elementor_library\">\n\t\t\t\t<div class=\"elementor-element elementor-element-3f969113 e-flex e-con-boxed e-con e-parent\" data-id=\"3f969113\" data-element_type=\"container\">\n\t\t\t\t\t<div class=\"e-con-inner\">\n\t\t<div class=\"elementor-element elementor-element-65ff43a5 e-con-full e-flex e-con e-child\" data-id=\"65ff43a5\" data-element_type=\"container\">\n\t\t\t\t<div class=\"elementor-element elementor-element-778fdbed elementor-widget elementor-widget-text-editor\" data-id=\"778fdbed\" data-element_type=\"widget\" data-widget_type=\"text-editor.default\">\n\t\t\t\t<div class=\"elementor-widget-container\">\n\t\t\t\t\t\t\t<p><a href=\"https:\/\/locabarcelona.egluu.com\/fr\/vente-appartements-barcelone\/eixample\/\">Appartements \u00e0 vendre \u00e0 l&#8217;Eixample<\/a><br \/>Appartements \u00e0 vendre \u00e0 Eixample Dreta<br \/>Appartements \u00e0 Antiga Esquerra de l&#8217;Eixample<br \/>Appartements \u00e0 Nova Esquerra de l&#8217;Eixample<br \/>Appartements \u00e0 vendre \u00e0 Fort Pienc<br \/><a href=\"https:\/\/locabarcelona.egluu.com\/fr\/vente-appartements-barcelone\/sagrada-familia\/\">Appartements \u00e0 vendre \u00e0 Sagrada Familia<\/a><br \/><a href=\"https:\/\/locabarcelona.egluu.com\/fr\/vente-appartements-barcelone\/nou-barris\/\">Appartements \u00e0 vendre \u00e0 Sant Antoni<\/a><br \/><a href=\"https:\/\/locabarcelona.egluu.com\/fr\/vente-appartements-barcelone\/ciutat-vella\/\">Appartements \u00e0 vendre \u00e0 Ciutat Vella<\/a><br \/>Appartements \u00e0 vendre \u00e0 El Gotico<br \/><a href=\"https:\/\/locabarcelona.egluu.com\/fr\/vente-appartements-barcelone\/el-raval\/\">Appartements \u00e0 vendre dans le Raval<\/a><br \/><a href=\"https:\/\/locabarcelona.egluu.com\/fr\/vente-appartements-barcelone\/el-born\/\">Appartements \u00e0 vendre \u00e0 El Born<\/a><br \/><a href=\"https:\/\/locabarcelona.egluu.com\/fr\/vente-appartements-barcelone\/barceloneta\/\">Appartements \u00e0 vendre \u00e0 Barceloneta<\/a><br \/><a href=\"https:\/\/locabarcelona.egluu.com\/fr\/vente-appartements-barcelone\/sants-montjuic\/\">Appartements \u00e0 vendre \u00e0 Sants-Montju\u00efc<\/a><br \/><a href=\"https:\/\/locabarcelona.egluu.com\/fr\/vente-appartements-barcelone\/poble-sec\/\">Appartements \u00e0 vendre \u00e0 Poble Sec<\/a><br \/><a href=\"https:\/\/locabarcelona.egluu.com\/fr\/vente-appartements-barcelone\/sants\/\">Appartements \u00e0 vendre \u00e0 Sants<\/a><br \/>Appartements \u00e0 vendre \u00e0 El Putxet i Farr\u00f3<br \/>Appartements \u00e0 vendre \u00e0 Las Tres Torres<br \/>Appartements \u00e0 vendre \u00e0 Montju\u00efc<\/p>\t\t\t\t\t\t<\/div>\n\t\t\t\t<\/div>\n\t\t\t\t<\/div>\n\t\t<div class=\"elementor-element elementor-element-57de031d e-con-full e-flex e-con e-child\" data-id=\"57de031d\" data-element_type=\"container\">\n\t\t\t\t<div class=\"elementor-element elementor-element-12264ea9 elementor-widget elementor-widget-text-editor\" data-id=\"12264ea9\" data-element_type=\"widget\" data-widget_type=\"text-editor.default\">\n\t\t\t\t<div class=\"elementor-widget-container\">\n\t\t\t\t\t\t\t<p><a href=\"https:\/\/locabarcelona.egluu.com\/fr\/vente-appartements-barcelone\/les-corts\/\">Appartements \u00e0 vendre \u00e0 les Corts<\/a><br \/>Appartements \u00e0 vendre \u00e0 Pedralbes<br \/><a href=\"https:\/\/locabarcelona.egluu.com\/fr\/vente-appartements-barcelone\/sarria-sant-gervasi\/\">Appartements \u00e0 vendre \u00e0 Sarria Sant Gervasi<\/a><br \/>Appartements \u00e0 vendre \u00e0 Gr\u00e0cia<br \/>Appartements \u00e0 vendre \u00e0 Vila de Gr\u00e0cia<br \/><a href=\"https:\/\/locabarcelona.egluu.com\/fr\/vente-appartements-barcelone\/horta-guinardo\/\">Appartements \u00e0 vendre \u00e0 Horta-Guinardo<\/a><br \/><a href=\"https:\/\/locabarcelona.egluu.com\/fr\/vente-appartements-barcelone\/nou-barris\/\">Appartements \u00e0 vendre \u00e0 Nou Barris<\/a><br \/><a href=\"https:\/\/locabarcelona.egluu.com\/fr\/vente-appartements-barcelone\/nou-barris\/\">Appartements \u00e0 vendre \u00e0 Sant Andreu<\/a><br \/><a href=\"https:\/\/locabarcelona.egluu.com\/fr\/vente-appartements-barcelone\/sant-antoni\/\">Appartements \u00e0 vendre \u00e0 Sant Antoni<\/a><br \/><a href=\"https:\/\/locabarcelona.egluu.com\/fr\/vente-appartements-barcelone\/sant-marti\/\">Appartements \u00e0 vendre \u00e0 Sant Mart\u00ed<\/a><br \/><a href=\"https:\/\/locabarcelona.egluu.com\/fr\/vente-appartements-barcelone\/el-clot\/\">Appartements \u00e0 vendre \u00e0 El Clot<\/a><br \/>Appartements \u00e0 La Vila Ol\u00edmpica del Poblenou<br \/><a href=\"https:\/\/locabarcelona.egluu.com\/fr\/vente-appartements-barcelone\/poble-nou\/\">Appartements \u00e0 vendre \u00e0 Poblenou<\/a><br \/>Appartements \u00e0 vendre \u00e0 Diagonal Mar<br \/>Appartements \u00e0 vendre \u00e0 Sant Gervasi \u2013 la bonanova<br \/>Appartements \u00e0 vendre \u00e0 Sant Gervasi Galvany<br \/>Appartements \u00e0 vendre dans la Zone Franche<br \/>Appartements \u00e0 vendre \u00e0 Sants Badal<\/p>\t\t\t\t\t\t<\/div>\n\t\t\t\t<\/div>\n\t\t\t\t<\/div>\n\t\t\t\t\t<\/div>\n\t\t\t\t<\/div>\n\t\t\t\t<\/div>\n\t\t\t\t<\/div>\n\t\t\t\t<\/div>\n\t\t\t\t<\/div>\n\t\t\t\t\t<\/div>\n\t\t\t\t<\/div>\n\t\t\t\t<\/div>\n\t\t","protected":false},"excerpt":{"rendered":"<p>Pourquoi acheter un appartement \u00e0 Sant Andreu ? Le district de Sant Andreu est consid\u00e9r\u00e9 comme l&#8217;un des meilleurs endroits pour vivre \u00e0 Barcelone gr\u00e2ce \u00e0 son rapport qualit\u00e9-prix et \u00e0 de nombreux autres facteurs. C&#8217;est pourquoi de plus en plus de personnes cherchent \u00e0 acheter un appartement \u00e0 Sant Andreu et \u00e0 profiter de&#8230;<\/p>\n","protected":false},"author":344,"featured_media":0,"parent":506318,"menu_order":0,"comment_status":"closed","ping_status":"closed","template":"templates\/list-layout.php","meta":{"inline_featured_image":false,"footnotes":""},"yoast_head":"<!-- This site is optimized with the Yoast SEO Premium plugin v22.6 (Yoast SEO v22.6) - https:\/\/yoast.com\/wordpress\/plugins\/seo\/ -->\n<title>Apartements en vente \u00e0 Sant Andreu | Locabarcelona<\/title>\n<meta name=\"description\" content=\"Vous recherchez un appartement \u00e0 vendre \u00e0 Sant Andreu ? D\u00e9couvrez tout ce que vous devez savoir sur la vente d&#039;appartements avec Loca Barcelona.\" \/>\n<meta name=\"robots\" content=\"noindex, follow, max-snippet:-1, max-image-preview:large, max-video-preview:-1\" \/>\n<meta property=\"og:locale\" content=\"fr_FR\" \/>\n<meta property=\"og:type\" content=\"article\" \/>\n<meta property=\"og:title\" content=\"Apartements en vente \u00e0 Sant Andreu | Locabarcelona\" \/>\n<meta property=\"og:description\" content=\"Vous recherchez un appartement \u00e0 vendre \u00e0 Sant Andreu ? D\u00e9couvrez tout ce que vous devez savoir sur la vente d&#039;appartements avec Loca Barcelona.\" \/>\n<meta property=\"og:url\" content=\"https:\/\/locabarcelona.egluu.com\/fr\/vente-appartements-barcelone\/sant-andreu\/\" \/>\n<meta property=\"og:site_name\" content=\"Locabarcelona\" \/>\n<meta property=\"article:modified_time\" content=\"2024-06-17T08:51:24+00:00\" \/>\n<meta name=\"twitter:card\" content=\"summary_large_image\" \/>\n<meta name=\"twitter:label1\" content=\"Est. reading time\" \/>\n\t<meta name=\"twitter:data1\" content=\"3 minutes\" \/>\n<script type=\"application\/ld+json\" class=\"yoast-schema-graph\">{\"@context\":\"https:\/\/schema.org\",\"@graph\":[{\"@type\":\"WebPage\",\"@id\":\"https:\/\/locabarcelona.egluu.com\/fr\/vente-appartements-barcelone\/sant-andreu\/\",\"url\":\"https:\/\/locabarcelona.egluu.com\/fr\/vente-appartements-barcelone\/sant-andreu\/\",\"name\":\"Apartements en vente \u00e0 Sant Andreu | Locabarcelona\",\"isPartOf\":{\"@id\":\"https:\/\/locabarcelona.egluu.com\/fr\/#website\"},\"datePublished\":\"2024-05-27T10:14:04+00:00\",\"dateModified\":\"2024-06-17T08:51:24+00:00\",\"description\":\"Vous recherchez un appartement \u00e0 vendre \u00e0 Sant Andreu ? D\u00e9couvrez tout ce que vous devez savoir sur la vente d'appartements avec Loca Barcelona.\",\"breadcrumb\":{\"@id\":\"https:\/\/locabarcelona.egluu.com\/fr\/vente-appartements-barcelone\/sant-andreu\/#breadcrumb\"},\"inLanguage\":\"fr-FR\",\"potentialAction\":[{\"@type\":\"ReadAction\",\"target\":[\"https:\/\/locabarcelona.egluu.com\/fr\/vente-appartements-barcelone\/sant-andreu\/\"]}]},{\"@type\":\"BreadcrumbList\",\"@id\":\"https:\/\/locabarcelona.egluu.com\/fr\/vente-appartements-barcelone\/sant-andreu\/#breadcrumb\",\"itemListElement\":[{\"@type\":\"ListItem\",\"position\":1,\"name\":\"Inicio\",\"item\":\"https:\/\/www.locabarcelona.com\/fr\/home\/\"},{\"@type\":\"ListItem\",\"position\":2,\"name\":\"Vente d\u2019appartements \u00e0 Barcelone\",\"item\":\"https:\/\/www.locabarcelona.com\/fr\/vente-appartements-barcelone\/\"},{\"@type\":\"ListItem\",\"position\":3,\"name\":\"Apartements en Vente Sant Andreu\"}]},{\"@type\":\"WebSite\",\"@id\":\"https:\/\/locabarcelona.egluu.com\/fr\/#website\",\"url\":\"https:\/\/locabarcelona.egluu.com\/fr\/\",\"name\":\"Loca Barcelona\",\"description\":\"Real Estate Services\",\"publisher\":{\"@id\":\"https:\/\/locabarcelona.egluu.com\/fr\/#organization\"},\"potentialAction\":[{\"@type\":\"SearchAction\",\"target\":{\"@type\":\"EntryPoint\",\"urlTemplate\":\"https:\/\/locabarcelona.egluu.com\/fr\/?s={search_term_string}\"},\"query-input\":\"required name=search_term_string\"}],\"inLanguage\":\"fr-FR\"},{\"@type\":\"Organization\",\"@id\":\"https:\/\/locabarcelona.egluu.com\/fr\/#organization\",\"name\":\"Loca Barcelona\",\"url\":\"https:\/\/locabarcelona.egluu.com\/fr\/\",\"logo\":{\"@type\":\"ImageObject\",\"inLanguage\":\"fr-FR\",\"@id\":\"https:\/\/locabarcelona.egluu.com\/fr\/#\/schema\/logo\/image\/\",\"url\":\"https:\/\/locabarcelona.egluu.com\/wp-content\/uploads\/2021\/10\/logo_locabarcelona_small.png\",\"contentUrl\":\"https:\/\/locabarcelona.egluu.com\/wp-content\/uploads\/2021\/10\/logo_locabarcelona_small.png\",\"width\":250,\"height\":149,\"caption\":\"Loca Barcelona\"},\"image\":{\"@id\":\"https:\/\/locabarcelona.egluu.com\/fr\/#\/schema\/logo\/image\/\"}}]}<\/script>\n<!-- \/ Yoast SEO Premium plugin. -->","yoast_head_json":{"title":"Apartements en vente \u00e0 Sant Andreu | Locabarcelona","description":"Vous recherchez un appartement \u00e0 vendre \u00e0 Sant Andreu ? D\u00e9couvrez tout ce que vous devez savoir sur la vente d'appartements avec Loca Barcelona.","robots":{"index":"noindex","follow":"follow","max-snippet":"max-snippet:-1","max-image-preview":"max-image-preview:large","max-video-preview":"max-video-preview:-1"},"og_locale":"fr_FR","og_type":"article","og_title":"Apartements en vente \u00e0 Sant Andreu | Locabarcelona","og_description":"Vous recherchez un appartement \u00e0 vendre \u00e0 Sant Andreu ? D\u00e9couvrez tout ce que vous devez savoir sur la vente d'appartements avec Loca Barcelona.","og_url":"https:\/\/locabarcelona.egluu.com\/fr\/vente-appartements-barcelone\/sant-andreu\/","og_site_name":"Locabarcelona","article_modified_time":"2024-06-17T08:51:24+00:00","twitter_card":"summary_large_image","twitter_misc":{"Est. reading time":"3 minutes"},"schema":{"@context":"https:\/\/schema.org","@graph":[{"@type":"WebPage","@id":"https:\/\/locabarcelona.egluu.com\/fr\/vente-appartements-barcelone\/sant-andreu\/","url":"https:\/\/locabarcelona.egluu.com\/fr\/vente-appartements-barcelone\/sant-andreu\/","name":"Apartements en vente \u00e0 Sant Andreu | Locabarcelona","isPartOf":{"@id":"https:\/\/locabarcelona.egluu.com\/fr\/#website"},"datePublished":"2024-05-27T10:14:04+00:00","dateModified":"2024-06-17T08:51:24+00:00","description":"Vous recherchez un appartement \u00e0 vendre \u00e0 Sant Andreu ? D\u00e9couvrez tout ce que vous devez savoir sur la vente d'appartements avec Loca Barcelona.","breadcrumb":{"@id":"https:\/\/locabarcelona.egluu.com\/fr\/vente-appartements-barcelone\/sant-andreu\/#breadcrumb"},"inLanguage":"fr-FR","potentialAction":[{"@type":"ReadAction","target":["https:\/\/locabarcelona.egluu.com\/fr\/vente-appartements-barcelone\/sant-andreu\/"]}]},{"@type":"BreadcrumbList","@id":"https:\/\/locabarcelona.egluu.com\/fr\/vente-appartements-barcelone\/sant-andreu\/#breadcrumb","itemListElement":[{"@type":"ListItem","position":1,"name":"Inicio","item":"https:\/\/www.locabarcelona.com\/fr\/home\/"},{"@type":"ListItem","position":2,"name":"Vente d\u2019appartements \u00e0 Barcelone","item":"https:\/\/www.locabarcelona.com\/fr\/vente-appartements-barcelone\/"},{"@type":"ListItem","position":3,"name":"Apartements en Vente Sant Andreu"}]},{"@type":"WebSite","@id":"https:\/\/locabarcelona.egluu.com\/fr\/#website","url":"https:\/\/locabarcelona.egluu.com\/fr\/","name":"Loca Barcelona","description":"Real Estate Services","publisher":{"@id":"https:\/\/locabarcelona.egluu.com\/fr\/#organization"},"potentialAction":[{"@type":"SearchAction","target":{"@type":"EntryPoint","urlTemplate":"https:\/\/locabarcelona.egluu.com\/fr\/?s={search_term_string}"},"query-input":"required name=search_term_string"}],"inLanguage":"fr-FR"},{"@type":"Organization","@id":"https:\/\/locabarcelona.egluu.com\/fr\/#organization","name":"Loca Barcelona","url":"https:\/\/locabarcelona.egluu.com\/fr\/","logo":{"@type":"ImageObject","inLanguage":"fr-FR","@id":"https:\/\/locabarcelona.egluu.com\/fr\/#\/schema\/logo\/image\/","url":"https:\/\/locabarcelona.egluu.com\/wp-content\/uploads\/2021\/10\/logo_locabarcelona_small.png","contentUrl":"https:\/\/locabarcelona.egluu.com\/wp-content\/uploads\/2021\/10\/logo_locabarcelona_small.png","width":250,"height":149,"caption":"Loca Barcelona"},"image":{"@id":"https:\/\/locabarcelona.egluu.com\/fr\/#\/schema\/logo\/image\/"}}]}},"_links":{"self":[{"href":"https:\/\/locabarcelona.egluu.com\/fr\/wp-json\/wp\/v2\/pages\/528384"}],"collection":[{"href":"https:\/\/locabarcelona.egluu.com\/fr\/wp-json\/wp\/v2\/pages"}],"about":[{"href":"https:\/\/locabarcelona.egluu.com\/fr\/wp-json\/wp\/v2\/types\/page"}],"author":[{"embeddable":true,"href":"https:\/\/locabarcelona.egluu.com\/fr\/wp-json\/wp\/v2\/users\/344"}],"replies":[{"embeddable":true,"href":"https:\/\/locabarcelona.egluu.com\/fr\/wp-json\/wp\/v2\/comments?post=528384"}],"version-history":[{"count":6,"href":"https:\/\/locabarcelona.egluu.com\/fr\/wp-json\/wp\/v2\/pages\/528384\/revisions"}],"predecessor-version":[{"id":528391,"href":"https:\/\/locabarcelona.egluu.com\/fr\/wp-json\/wp\/v2\/pages\/528384\/revisions\/528391"}],"up":[{"embeddable":true,"href":"https:\/\/locabarcelona.egluu.com\/fr\/wp-json\/wp\/v2\/pages\/506318"}],"wp:attachment":[{"href":"https:\/\/locabarcelona.egluu.com\/fr\/wp-json\/wp\/v2\/media?parent=528384"}],"curies":[{"name":"wp","href":"https:\/\/api.w.org\/{rel}","templated":true}]}}